{"id":229827,"date":"2026-04-07T00:26:00","date_gmt":"2026-04-07T06:26:00","guid":{"rendered":"https:\/\/compuviper.mx\/tienda\/producto\/tripp-lite-smart1500rmxl2u-nobreak-tripp-lite-series-smartpro-1440va-1440w-120v-de-onda-sinusoidal-interactivo-8-tomacorrientes-autonomia-extendida-tarjeta-de-red-opcional-lcd-usb-db9-2u-en\/"},"modified":"2026-04-07T00:26:00","modified_gmt":"2026-04-07T06:26:00","slug":"tripp-lite-smart1500rmxl2u037332120403-nobreak-tripp-lite-smart1500rmxl2u-series-smartpro-1440va-1440w-120v-de-onda-sinusoidal-interactivo-8-tomacorrientes-autonomia-extendida-tarjeta-de-red-opc","status":"publish","type":"product","link":"https:\/\/compuviper.mx\/tienda\/producto\/tripp-lite-smart1500rmxl2u037332120403-nobreak-tripp-lite-smart1500rmxl2u-series-smartpro-1440va-1440w-120v-de-onda-sinusoidal-interactivo-8-tomacorrientes-autonomia-extendida-tarjeta-de-red-opc\/","title":{"rendered":"Tripp-lite Smart1500rmxl2u,037332120403 Nobreak Tripp Lite Smart1500rmxl2u Series Smartpro 1440va 1440w 120v De Onda Sinusoidal, Interactivo &#8211; 8 Tomacorrientes, Autonomia Extendida, Tarjeta De Red Opcional, Lcd, Usb, Db9, 2u En Rack\/torre"},"content":{"rendered":"<table class=\"descripcion\">\n<tr>\n<td>Proporciona respaldo completo por bater\u00eda y salida de energ\u00eda de onda sinusoidal pura para servidores, switches y otros equipos de ti distribuidos de alta gama.<\/td>\n<\/tr>\n<tr>\n<td>Tarjetas de administraci\u00f3n de red  webcardlxe<\/td>\n<\/tr>\n<tr>\n<td>Compatibilidad con m\u00f3dulo de bater\u00edas externas    bp48vrm2u  (limite 4)<\/td>\n<\/tr>\n<tr>\n<td>Cartucho de bater\u00edas internas de reemplazo para ups  744-a4801<\/td>\n<\/tr>\n<tr>\n<td>Protege los equipos contra apagones, ca\u00eddas de voltaje, sobretensiones transitorias y ruido en la l\u00ednea<\/td>\n<\/tr>\n<tr>\n<td>Mantiene el equipo funcionando durante apagones para permitir tiempo para el guardado de archivos y apagado seguro<\/td>\n<\/tr>\n<tr>\n<td>El factor de potencia de uno garantiza la potencia m\u00e1xima posible a cada especificaci\u00f3n de potencia<\/td>\n<\/tr>\n<tr>\n<td>Certificado por energy star 2.0 para ayudarle a ahorrar electricidad, reducir costos y proteger el medio ambiente<\/td>\n<\/tr>\n<tr>\n<td>El lcd de 2 l\u00edneas en el panel frontal con 10 pantallas seleccionables muestra informaci\u00f3n detallada de la energ\u00eda del ups y del sitio<\/td>\n<\/tr>\n<tr>\n<td>Garant\u00eda de 2 a\u00f1os, 3 a\u00f1os con registro. nota: es necesario el registro para la garant\u00eda de 3 a\u00f1os.<\/td>\n<\/tr>\n<\/table>\n","protected":false},"excerpt":{"rendered":"<p>Respaldo por bater\u00eda de 1.44kva \/ 1.44kw \/ 120v para ti distribuidas, telecomunicaciones o empresas. Este sistema ups interactivo para instalaci\u00f3n en rack proporciona confiable respaldo por bater\u00eda y protecci\u00f3n de energ\u00eda de ca contra apagones, ca\u00eddas de voltaje, sobretensiones y ruido en la l\u00ednea que pueden da\u00f1ar su valioso equipo de ti o destruir la informaci\u00f3n. El smart1500rmxl2u es el administrador de energ\u00eda ideal para equipo de red de alta gama en rack, incluyendo servidores, tel\u00e9fonos voip, almacenamiento de datos y switches poe. El factor de potencia de uno garantiza la mayor cantidad de watts posible a cada especificaci\u00f3n de potencia, de modo que pueda conectar m\u00e1s equipo. Este confiable respaldo por bater\u00eda ampliable lo mantiene operativo durante apagones. Los m\u00f3dulos de bater\u00edas vrla hot-swap, reemplazables en campo le permiten trabajar durante fallas breves de energ\u00eda y le dan tiempo suficiente para guardar archivos y apagar con seguridad su sistema en caso de un apag\u00f3n prolongado. El cambio de alimentaci\u00f3n de l\u00ednea a bater\u00eda ocurre en milisegundos para mantener la operaci\u00f3n continua del equipo conectado sin interrupci\u00f3n o reinicio. Se dispone de autonom\u00eda adicional conectando hasta cuatro m\u00f3dulos opcionales de bater\u00edas extendidas (bp48vrm2u, vendidos por separado). La tarjeta de administraci\u00f3n de red de plataforma lx opcional permite el acceso remoto 24\/7. La tarjeta interfaz de red webcardlxe (vendida por separado) permite una configuraci\u00f3n y administraci\u00f3n remotas completas, incluida la desconexi\u00f3n de carga, el reinicio de los equipos conectados y el apagado seguro. La funci\u00f3n de sondeo autom\u00e1tico basada en ip garantiza un tiempo de actividad continuo de la red comunic\u00e1ndose con otros dispositivos de red, detectando la p\u00e9rdida de conectividad y reiniciando autom\u00e1ticamente los equipos de ti. Los m\u00f3dulos opcionales envirosense2 (e2mt, e2mtdo y e2mthdi, se venden por separado) ofrecen diversas opciones de monitoreo y control ambiental. Los tomacorrientes nema 5-15r protegen sus componentes conectados. Ocho tomacorrientes 5-15r administrados alimentan al equipo conectado con una salida de ca de onda sinusoidal pura y le permiten monitorear el consumo de energ\u00eda hasta el nivel del grupo de tomacorrientes. La energ\u00eda provista por estos tomacorrientes est\u00e1 filtrada para proteger a los equipos conectados contra las da\u00f1inas sobretensiones y ruidos en la l\u00ednea cuatro tomacorrientes est\u00e1n agrupados en dos bancos de carga programables que le permiten eliminar las cargas no cr\u00edticas para extender la autonom\u00eda para cargas cr\u00edticas. Los ventiladores de enfriamiento delanteros y traseros ayudan a proteger el equipo contra sobrecalentamiento. La regulaci\u00f3n autom\u00e1tica de voltaje [avr] corrige condiciones de bajo y alto voltaje. La avr protege su equipo contra da\u00f1os incrementales al hardware, p\u00e9rdida de informaci\u00f3n y problemas de desempe\u00f1o causados por condiciones de bajo voltaje y sobrevoltajes. El smart1500rmxl2u mantiene la salida nominal regulada de 120v durante ca\u00eddas de voltaje y sobrevoltajes de 80v a 151v, mientras mantiene la bater\u00eda totalmente cargada y lista para hacerse cargo en el caso de una falla de energ\u00eda.<\/p>\n","protected":false},"featured_media":242552,"comment_status":"open","ping_status":"open","template":"","meta":[],"product_cat":[1508,1691],"product_tag":[1510],"acf":[],"yoast_head":"<!-- This site is optimized with the Yoast SEO plugin v21.7 - https:\/\/yoast.com\/wordpress\/plugins\/seo\/ -->\n<title>[ Tripp-lite ] &#129351; Smart1500rmxl2u,037332120403 Nobreak Tripp Lite Smart1500rmxl2u Series Smartpro 1440va 1440w 120v De Onda Sinusoidal, Interactivo - 8 Tomacorrientes, Autonomia Extendida, Tarjeta De Red Opcional, Lcd, Usb, Db9, 2u En Rack\/torre<\/title>\n<meta name=\"description\" content=\"Compra Smart1500rmxl2u,037332120403 Nobreak Tripp Lite Smart1500rmxl2u Series Smartpro 1440va 1440w 120v De Onda Sinusoidal, Interactivo - 8 Tomacorrientes, Autonomia Extendida, Tarjeta De Red Opcional, Lcd, Usb, Db9, 2u En Rack\/torre + Env\u00edo a domicilio + Pago seguro + Garant\u00eda\" \/>\n<meta name=\"robots\" content=\"index, follow, max-snippet:-1, max-image-preview:large, max-video-preview:-1\" \/>\n<link rel=\"canonical\" href=\"https:\/\/compuviper.mx\/tienda\/producto\/tripp-lite-smart1500rmxl2u037332120403-nobreak-tripp-lite-smart1500rmxl2u-series-smartpro-1440va-1440w-120v-de-onda-sinusoidal-interactivo-8-tomacorrientes-autonomia-extendida-tarjeta-de-red-opc\/\" \/>\n<meta property=\"og:locale\" content=\"es_MX\" \/>\n<meta property=\"og:type\" content=\"article\" \/>\n<meta property=\"og:title\" content=\"[ Tripp-lite ] &#129351; Smart1500rmxl2u,037332120403 Nobreak Tripp Lite Smart1500rmxl2u Series Smartpro 1440va 1440w 120v De Onda Sinusoidal, Interactivo - 8 Tomacorrientes, Autonomia Extendida, Tarjeta De Red Opcional, Lcd, Usb, Db9, 2u En Rack\/torre\" \/>\n<meta property=\"og:description\" content=\"Compra Smart1500rmxl2u,037332120403 Nobreak Tripp Lite Smart1500rmxl2u Series Smartpro 1440va 1440w 120v De Onda Sinusoidal, Interactivo - 8 Tomacorrientes, Autonomia Extendida, Tarjeta De Red Opcional, Lcd, Usb, Db9, 2u En Rack\/torre + Env\u00edo a domicilio + Pago seguro + Garant\u00eda\" \/>\n<meta property=\"og:url\" content=\"https:\/\/compuviper.mx\/tienda\/producto\/tripp-lite-smart1500rmxl2u037332120403-nobreak-tripp-lite-smart1500rmxl2u-series-smartpro-1440va-1440w-120v-de-onda-sinusoidal-interactivo-8-tomacorrientes-autonomia-extendida-tarjeta-de-red-opc\/\" \/>\n<meta property=\"og:site_name\" content=\"Compuviper\" \/>\n<meta property=\"article:publisher\" content=\"https:\/\/www.facebook.com\/compuviper\" \/>\n<meta property=\"og:image\" content=\"https:\/\/compuviper.mx\/tienda\/wp-content\/uploads\/2024\/09\/Nobreak-tripp-lite-smart1500rmxl2u-series-smartpro-1440va-1440w-120v-de-onda-sinusoidal-interactivo-8-tomacorrientes-autonomia-extendida-tarjeta-de-red-opcional-lcd-usb-db9-2u-en-racktorre.jpg\" \/>\n\t<meta property=\"og:image:width\" content=\"200\" \/>\n\t<meta property=\"og:image:height\" content=\"200\" \/>\n\t<meta property=\"og:image:type\" content=\"image\/jpeg\" \/>\n<meta name=\"twitter:card\" content=\"summary_large_image\" \/>\n<meta name=\"twitter:label1\" content=\"Precio\" \/>\n\t<meta name=\"twitter:data1\" content=\"&#36;16,582 con IVA\" \/>\n\t<meta name=\"twitter:label2\" content=\"Availability\" \/>\n\t<meta name=\"twitter:data2\" content=\"In stock\" \/>\n<script type=\"application\/ld+json\" class=\"yoast-schema-graph\">{\"@context\":\"https:\/\/schema.org\",\"@graph\":[{\"@type\":\"WebPage\",\"@id\":\"https:\/\/compuviper.mx\/tienda\/producto\/tripp-lite-smart1500rmxl2u037332120403-nobreak-tripp-lite-smart1500rmxl2u-series-smartpro-1440va-1440w-120v-de-onda-sinusoidal-interactivo-8-tomacorrientes-autonomia-extendida-tarjeta-de-red-opc\/\",\"url\":\"https:\/\/compuviper.mx\/tienda\/producto\/tripp-lite-smart1500rmxl2u037332120403-nobreak-tripp-lite-smart1500rmxl2u-series-smartpro-1440va-1440w-120v-de-onda-sinusoidal-interactivo-8-tomacorrientes-autonomia-extendida-tarjeta-de-red-opc\/\",\"name\":\"[ Tripp-lite ] &#129351; Smart1500rmxl2u,037332120403 Nobreak Tripp Lite Smart1500rmxl2u Series Smartpro 1440va 1440w 120v De Onda Sinusoidal, Interactivo - 8 Tomacorrientes, Autonomia Extendida, Tarjeta De Red Opcional, Lcd, Usb, Db9, 2u En Rack\/torre\",\"isPartOf\":{\"@id\":\"https:\/\/compuviper.mx\/tienda\/#website\"},\"datePublished\":\"2026-04-07T06:26:00+00:00\",\"dateModified\":\"2026-04-07T06:26:00+00:00\",\"description\":\"Compra Smart1500rmxl2u,037332120403 Nobreak Tripp Lite Smart1500rmxl2u Series Smartpro 1440va 1440w 120v De Onda Sinusoidal, Interactivo - 8 Tomacorrientes, Autonomia Extendida, Tarjeta De Red Opcional, Lcd, Usb, Db9, 2u En Rack\/torre + Env\u00edo a domicilio + Pago seguro + Garant\u00eda\",\"breadcrumb\":{\"@id\":\"https:\/\/compuviper.mx\/tienda\/producto\/tripp-lite-smart1500rmxl2u037332120403-nobreak-tripp-lite-smart1500rmxl2u-series-smartpro-1440va-1440w-120v-de-onda-sinusoidal-interactivo-8-tomacorrientes-autonomia-extendida-tarjeta-de-red-opc\/#breadcrumb\"},\"inLanguage\":\"es-MX\",\"potentialAction\":[{\"@type\":\"ReadAction\",\"target\":[\"https:\/\/compuviper.mx\/tienda\/producto\/tripp-lite-smart1500rmxl2u037332120403-nobreak-tripp-lite-smart1500rmxl2u-series-smartpro-1440va-1440w-120v-de-onda-sinusoidal-interactivo-8-tomacorrientes-autonomia-extendida-tarjeta-de-red-opc\/\"]}]},{\"@type\":\"BreadcrumbList\",\"@id\":\"https:\/\/compuviper.mx\/tienda\/producto\/tripp-lite-smart1500rmxl2u037332120403-nobreak-tripp-lite-smart1500rmxl2u-series-smartpro-1440va-1440w-120v-de-onda-sinusoidal-interactivo-8-tomacorrientes-autonomia-extendida-tarjeta-de-red-opc\/#breadcrumb\",\"itemListElement\":[{\"@type\":\"ListItem\",\"position\":1,\"name\":\"Inicio\",\"item\":\"https:\/\/compuviper.mx\/tienda\/\"},{\"@type\":\"ListItem\",\"position\":2,\"name\":\"Productos\",\"item\":\"https:\/\/compuviper.mx\/tienda\/productos\/\"},{\"@type\":\"ListItem\",\"position\":3,\"name\":\"Energia\",\"item\":\"https:\/\/compuviper.mx\/tienda\/categoria-producto\/energia\/\"},{\"@type\":\"ListItem\",\"position\":4,\"name\":\"No Break\",\"item\":\"https:\/\/compuviper.mx\/tienda\/categoria-producto\/energia\/no-break\/\"},{\"@type\":\"ListItem\",\"position\":5,\"name\":\"Tripp-lite Smart1500rmxl2u,037332120403 Nobreak Tripp Lite Smart1500rmxl2u Series Smartpro 1440va 1440w 120v De Onda Sinusoidal, Interactivo &#8211; 8 Tomacorrientes, Autonomia Extendida, Tarjeta De Red Opcional, Lcd, Usb, Db9, 2u En Rack\/torre\"}]},{\"@type\":\"WebSite\",\"@id\":\"https:\/\/compuviper.mx\/tienda\/#website\",\"url\":\"https:\/\/compuviper.mx\/tienda\/\",\"name\":\"Compuviper\",\"description\":\"Proveedor de Computadoras, Laptops, Servidores, Monitores, Puntos de Venta, Teclados,   Impresoras, T\u00f3ner, C\u00e1maras de Seguridad y m\u00e1s en tu tienda en l\u00ednea\",\"publisher\":{\"@id\":\"https:\/\/compuviper.mx\/tienda\/#organization\"},\"potentialAction\":[{\"@type\":\"SearchAction\",\"target\":{\"@type\":\"EntryPoint\",\"urlTemplate\":\"https:\/\/compuviper.mx\/tienda\/?s={search_term_string}\"},\"query-input\":\"required name=search_term_string\"}],\"inLanguage\":\"es-MX\"},{\"@type\":\"Organization\",\"@id\":\"https:\/\/compuviper.mx\/tienda\/#organization\",\"name\":\"Compuviper\",\"url\":\"https:\/\/compuviper.mx\/tienda\/\",\"logo\":{\"@type\":\"ImageObject\",\"inLanguage\":\"es-MX\",\"@id\":\"https:\/\/compuviper.mx\/tienda\/#\/schema\/logo\/image\/\",\"url\":\"https:\/\/compuviper.mx\/tienda\/wp-content\/uploads\/2021\/08\/Logo-Compuviper-10.png\",\"contentUrl\":\"https:\/\/compuviper.mx\/tienda\/wp-content\/uploads\/2021\/08\/Logo-Compuviper-10.png\",\"width\":1000,\"height\":500,\"caption\":\"Compuviper\"},\"image\":{\"@id\":\"https:\/\/compuviper.mx\/tienda\/#\/schema\/logo\/image\/\"},\"sameAs\":[\"https:\/\/www.facebook.com\/compuviper\",\"https:\/\/www.youtube.com\/channel\/UCf73dERp9Y3cfOq7q8BhLjA?view_as=subscriber\"]}]}<\/script>\n<meta property=\"product:brand\" content=\"TRIPP-LITE\" \/>\n<meta property=\"product:price:amount\" content=\"16582\" \/>\n<meta property=\"product:price:currency\" content=\"MXN\" \/>\n<meta property=\"og:availability\" content=\"instock\" \/>\n<meta property=\"product:availability\" content=\"instock\" \/>\n<meta property=\"product:retailer_item_id\" content=\"SMART1500RMXL2U,037332120403\" \/>\n<meta property=\"product:condition\" content=\"new\" \/>\n<!-- \/ Yoast SEO plugin. -->","yoast_head_json":{"title":"[ Tripp-lite ] &#129351; Smart1500rmxl2u,037332120403 Nobreak Tripp Lite Smart1500rmxl2u Series Smartpro 1440va 1440w 120v De Onda Sinusoidal, Interactivo - 8 Tomacorrientes, Autonomia Extendida, Tarjeta De Red Opcional, Lcd, Usb, Db9, 2u En Rack\/torre","description":"Compra Smart1500rmxl2u,037332120403 Nobreak Tripp Lite Smart1500rmxl2u Series Smartpro 1440va 1440w 120v De Onda Sinusoidal, Interactivo - 8 Tomacorrientes, Autonomia Extendida, Tarjeta De Red Opcional, Lcd, Usb, Db9, 2u En Rack\/torre + Env\u00edo a domicilio + Pago seguro + Garant\u00eda","robots":{"index":"index","follow":"follow","max-snippet":"max-snippet:-1","max-image-preview":"max-image-preview:large","max-video-preview":"max-video-preview:-1"},"canonical":"https:\/\/compuviper.mx\/tienda\/producto\/tripp-lite-smart1500rmxl2u037332120403-nobreak-tripp-lite-smart1500rmxl2u-series-smartpro-1440va-1440w-120v-de-onda-sinusoidal-interactivo-8-tomacorrientes-autonomia-extendida-tarjeta-de-red-opc\/","og_locale":"es_MX","og_type":"article","og_title":"[ Tripp-lite ] &#129351; Smart1500rmxl2u,037332120403 Nobreak Tripp Lite Smart1500rmxl2u Series Smartpro 1440va 1440w 120v De Onda Sinusoidal, Interactivo - 8 Tomacorrientes, Autonomia Extendida, Tarjeta De Red Opcional, Lcd, Usb, Db9, 2u En Rack\/torre","og_description":"Compra Smart1500rmxl2u,037332120403 Nobreak Tripp Lite Smart1500rmxl2u Series Smartpro 1440va 1440w 120v De Onda Sinusoidal, Interactivo - 8 Tomacorrientes, Autonomia Extendida, Tarjeta De Red Opcional, Lcd, Usb, Db9, 2u En Rack\/torre + Env\u00edo a domicilio + Pago seguro + Garant\u00eda","og_url":"https:\/\/compuviper.mx\/tienda\/producto\/tripp-lite-smart1500rmxl2u037332120403-nobreak-tripp-lite-smart1500rmxl2u-series-smartpro-1440va-1440w-120v-de-onda-sinusoidal-interactivo-8-tomacorrientes-autonomia-extendida-tarjeta-de-red-opc\/","og_site_name":"Compuviper","article_publisher":"https:\/\/www.facebook.com\/compuviper","og_image":[{"width":200,"height":200,"url":"https:\/\/compuviper.mx\/tienda\/wp-content\/uploads\/2024\/09\/Nobreak-tripp-lite-smart1500rmxl2u-series-smartpro-1440va-1440w-120v-de-onda-sinusoidal-interactivo-8-tomacorrientes-autonomia-extendida-tarjeta-de-red-opcional-lcd-usb-db9-2u-en-racktorre.jpg","type":"image\/jpeg"}],"twitter_card":"summary_large_image","twitter_misc":{"Precio":"&#36;16,582 con IVA","Availability":"In stock"},"schema":{"@context":"https:\/\/schema.org","@graph":[{"@type":"WebPage","@id":"https:\/\/compuviper.mx\/tienda\/producto\/tripp-lite-smart1500rmxl2u037332120403-nobreak-tripp-lite-smart1500rmxl2u-series-smartpro-1440va-1440w-120v-de-onda-sinusoidal-interactivo-8-tomacorrientes-autonomia-extendida-tarjeta-de-red-opc\/","url":"https:\/\/compuviper.mx\/tienda\/producto\/tripp-lite-smart1500rmxl2u037332120403-nobreak-tripp-lite-smart1500rmxl2u-series-smartpro-1440va-1440w-120v-de-onda-sinusoidal-interactivo-8-tomacorrientes-autonomia-extendida-tarjeta-de-red-opc\/","name":"[ Tripp-lite ] &#129351; Smart1500rmxl2u,037332120403 Nobreak Tripp Lite Smart1500rmxl2u Series Smartpro 1440va 1440w 120v De Onda Sinusoidal, Interactivo - 8 Tomacorrientes, Autonomia Extendida, Tarjeta De Red Opcional, Lcd, Usb, Db9, 2u En Rack\/torre","isPartOf":{"@id":"https:\/\/compuviper.mx\/tienda\/#website"},"datePublished":"2026-04-07T06:26:00+00:00","dateModified":"2026-04-07T06:26:00+00:00","description":"Compra Smart1500rmxl2u,037332120403 Nobreak Tripp Lite Smart1500rmxl2u Series Smartpro 1440va 1440w 120v De Onda Sinusoidal, Interactivo - 8 Tomacorrientes, Autonomia Extendida, Tarjeta De Red Opcional, Lcd, Usb, Db9, 2u En Rack\/torre + Env\u00edo a domicilio + Pago seguro + Garant\u00eda","breadcrumb":{"@id":"https:\/\/compuviper.mx\/tienda\/producto\/tripp-lite-smart1500rmxl2u037332120403-nobreak-tripp-lite-smart1500rmxl2u-series-smartpro-1440va-1440w-120v-de-onda-sinusoidal-interactivo-8-tomacorrientes-autonomia-extendida-tarjeta-de-red-opc\/#breadcrumb"},"inLanguage":"es-MX","potentialAction":[{"@type":"ReadAction","target":["https:\/\/compuviper.mx\/tienda\/producto\/tripp-lite-smart1500rmxl2u037332120403-nobreak-tripp-lite-smart1500rmxl2u-series-smartpro-1440va-1440w-120v-de-onda-sinusoidal-interactivo-8-tomacorrientes-autonomia-extendida-tarjeta-de-red-opc\/"]}]},{"@type":"BreadcrumbList","@id":"https:\/\/compuviper.mx\/tienda\/producto\/tripp-lite-smart1500rmxl2u037332120403-nobreak-tripp-lite-smart1500rmxl2u-series-smartpro-1440va-1440w-120v-de-onda-sinusoidal-interactivo-8-tomacorrientes-autonomia-extendida-tarjeta-de-red-opc\/#breadcrumb","itemListElement":[{"@type":"ListItem","position":1,"name":"Inicio","item":"https:\/\/compuviper.mx\/tienda\/"},{"@type":"ListItem","position":2,"name":"Productos","item":"https:\/\/compuviper.mx\/tienda\/productos\/"},{"@type":"ListItem","position":3,"name":"Energia","item":"https:\/\/compuviper.mx\/tienda\/categoria-producto\/energia\/"},{"@type":"ListItem","position":4,"name":"No Break","item":"https:\/\/compuviper.mx\/tienda\/categoria-producto\/energia\/no-break\/"},{"@type":"ListItem","position":5,"name":"Tripp-lite Smart1500rmxl2u,037332120403 Nobreak Tripp Lite Smart1500rmxl2u Series Smartpro 1440va 1440w 120v De Onda Sinusoidal, Interactivo &#8211; 8 Tomacorrientes, Autonomia Extendida, Tarjeta De Red Opcional, Lcd, Usb, Db9, 2u En Rack\/torre"}]},{"@type":"WebSite","@id":"https:\/\/compuviper.mx\/tienda\/#website","url":"https:\/\/compuviper.mx\/tienda\/","name":"Compuviper","description":"Proveedor de Computadoras, Laptops, Servidores, Monitores, Puntos de Venta, Teclados,   Impresoras, T\u00f3ner, C\u00e1maras de Seguridad y m\u00e1s en tu tienda en l\u00ednea","publisher":{"@id":"https:\/\/compuviper.mx\/tienda\/#organization"},"potentialAction":[{"@type":"SearchAction","target":{"@type":"EntryPoint","urlTemplate":"https:\/\/compuviper.mx\/tienda\/?s={search_term_string}"},"query-input":"required name=search_term_string"}],"inLanguage":"es-MX"},{"@type":"Organization","@id":"https:\/\/compuviper.mx\/tienda\/#organization","name":"Compuviper","url":"https:\/\/compuviper.mx\/tienda\/","logo":{"@type":"ImageObject","inLanguage":"es-MX","@id":"https:\/\/compuviper.mx\/tienda\/#\/schema\/logo\/image\/","url":"https:\/\/compuviper.mx\/tienda\/wp-content\/uploads\/2021\/08\/Logo-Compuviper-10.png","contentUrl":"https:\/\/compuviper.mx\/tienda\/wp-content\/uploads\/2021\/08\/Logo-Compuviper-10.png","width":1000,"height":500,"caption":"Compuviper"},"image":{"@id":"https:\/\/compuviper.mx\/tienda\/#\/schema\/logo\/image\/"},"sameAs":["https:\/\/www.facebook.com\/compuviper","https:\/\/www.youtube.com\/channel\/UCf73dERp9Y3cfOq7q8BhLjA?view_as=subscriber"]}]},"product_brand":"TRIPP-LITE","product_price_amount":"16582","product_price_currency":"MXN","og_availability":"instock","product_availability":"instock","product_retailer_item_id":"SMART1500RMXL2U,037332120403","product_condition":"new"},"_links":{"self":[{"href":"https:\/\/compuviper.mx\/tienda\/wp-json\/wp\/v2\/product\/229827"}],"collection":[{"href":"https:\/\/compuviper.mx\/tienda\/wp-json\/wp\/v2\/product"}],"about":[{"href":"https:\/\/compuviper.mx\/tienda\/wp-json\/wp\/v2\/types\/product"}],"replies":[{"embeddable":true,"href":"https:\/\/compuviper.mx\/tienda\/wp-json\/wp\/v2\/comments?post=229827"}],"wp:featuredmedia":[{"embeddable":true,"href":"https:\/\/compuviper.mx\/tienda\/wp-json\/wp\/v2\/media\/242552"}],"wp:attachment":[{"href":"https:\/\/compuviper.mx\/tienda\/wp-json\/wp\/v2\/media?parent=229827"}],"wp:term":[{"taxonomy":"product_cat","embeddable":true,"href":"https:\/\/compuviper.mx\/tienda\/wp-json\/wp\/v2\/product_cat?post=229827"},{"taxonomy":"product_tag","embeddable":true,"href":"https:\/\/compuviper.mx\/tienda\/wp-json\/wp\/v2\/product_tag?post=229827"}],"curies":[{"name":"wp","href":"https:\/\/api.w.org\/{rel}","templated":true}]}}