{"id":229686,"date":"2026-04-07T00:28:09","date_gmt":"2026-04-07T06:28:09","guid":{"rendered":"https:\/\/compuviper.mx\/tienda\/producto\/tripp-lite-su1500rtxlcdn-nobreak-tripp-lite-series-smartonline-1500va-1350w-120v-ups-de-doble-conversin-8-tomacorrientes-autonoma-extendida-tarjeta-de-red-incluida-lcd-usb-db9-montaje-en-ra\/"},"modified":"2026-04-07T00:28:09","modified_gmt":"2026-04-07T06:28:09","slug":"tripp-lite-su1500rtxlcdn-nobreak-tripp-lite-series-smartonline-1500va-1350w-120v-ups-de-doble-conversin-8-tomacorrientes-autonoma-extendida-tarjeta-de-red-incluida-lcd-usb-db9-montaje-en-ra","status":"publish","type":"product","link":"https:\/\/compuviper.mx\/tienda\/producto\/tripp-lite-su1500rtxlcdn-nobreak-tripp-lite-series-smartonline-1500va-1350w-120v-ups-de-doble-conversin-8-tomacorrientes-autonoma-extendida-tarjeta-de-red-incluida-lcd-usb-db9-montaje-en-ra\/","title":{"rendered":"Tripp-lite Su1500rtxlcdn Nobreak Tripp Lite  Series Smartonline 1500va 1350w 120v Ups De Doble Conversi?n &#8211; 8 Tomacorrientes, Autonom?a Extendida, Tarjeta De Red Incluida, Lcd, Usb, Db9, Montaje En Rack\/torre2u."},"content":{"rendered":"<table class=\"descripcion\">\n<tr>\n<td>Tarjetas de administraci\u00f3n de red (1)  webcardlxe<\/td>\n<\/tr>\n<tr>\n<td>Compatibilidad con m\u00f3dulo de bater\u00edas externas    bp48rt<\/td>\n<\/tr>\n<tr>\n<td>Proporciona una salida de onda sinusoidal pura en aplicaciones de educaci\u00f3n, salud, militares, gubernamentales y otras redes de tecnolog\u00eda de la informaci\u00f3n peque\u00f1as o de tama\u00f1o mediano.<\/td>\n<\/tr>\n<tr>\n<td>Dise\u00f1o actualizado para 2023<\/td>\n<\/tr>\n<tr>\n<td>Protege el equipo contra cortes de energ\u00eda, fluctuaciones de voltaje, sobretensiones transitorias y ruido en la l\u00ednea<\/td>\n<\/tr>\n<tr>\n<td>Mantiene el equipo funcionando durante los cortes de energ\u00eda para permitir tiempo para guardar archivos y apagarlo de manera segura.<\/td>\n<\/tr>\n<tr>\n<td>Tiempo de transferencia cero entre los modos en l\u00ednea y de bater\u00eda para una operaci\u00f3n ininterrumpida.<\/td>\n<\/tr>\n<tr>\n<td>La tarjeta de red webcardlxe incluida permite acceso y control remoto total 24\/7<\/td>\n<\/tr>\n<tr>\n<td>La pantalla lcd con men\u00fa te mantiene actualizado con informaci\u00f3n de estado y otros an\u00e1lisis vitales.<\/td>\n<\/tr>\n<tr>\n<td>Garant\u00eda limitada por 2 a\u00f1os<\/td>\n<\/tr>\n<\/table>\n","protected":false},"excerpt":{"rendered":"<p>El ups de conversi\u00f3n doble protege el equipo contra da\u00f1os, tiempo de inactividad y p\u00e9rdida de datos. Este sistema ups de conversi\u00f3n doble en l\u00ednea mantiene una salida perfecta mediante la conversi\u00f3n de la entrada de corriente alterna en corriente continua y luego la reconversi\u00f3n de la salida del ups en corriente alterna de onda sinusoidal completamente regulada la operaci\u00f3n constante en l\u00ednea a\u00edsla por completo el equipo sensible de cualquier problema de energ\u00eda en la l\u00ednea de corriente alterna. El smartonline\u00ae su1500rtxlcdn proporciona el m\u00e1ximo nivel de protecci\u00f3n de energ\u00eda y respaldo por bater\u00eda para aplicaciones de educaci\u00f3n, de salud, militares, gubernamentales y otras aplicaciones inform\u00e1ticas de misi\u00f3n cr\u00edtica en las que el espacio es limitado, pero la fiabilidad premium de la alimentaci\u00f3n es esencial.<\/p>\n","protected":false},"featured_media":242568,"comment_status":"open","ping_status":"open","template":"","meta":[],"product_cat":[1508,1691],"product_tag":[1510],"acf":[],"yoast_head":"<!-- This site is optimized with the Yoast SEO plugin v21.7 - https:\/\/yoast.com\/wordpress\/plugins\/seo\/ -->\n<title>[ Tripp-lite ] &#129351; Su1500rtxlcdn Nobreak Tripp Lite Series Smartonline 1500va 1350w 120v Ups De Doble Conversi\u00f3n - 8 Tomacorrientes, Autonom\u00eda Extendida, Tarjeta De Red Incluida, Lcd, Usb, Db9, Montaje En Rack\/torre2u.<\/title>\n<meta name=\"description\" content=\"Compra Su1500rtxlcdn Nobreak Tripp Lite Series Smartonline 1500va 1350w 120v Ups De Doble Conversi\u00f3n - 8 Tomacorrientes, Autonom\u00eda Extendida, Tarjeta De Red Incluida, Lcd, Usb, Db9, Montaje En Rack\/torre2u. + Env\u00edo a domicilio + Pago seguro + Garant\u00eda\" \/>\n<meta name=\"robots\" content=\"index, follow, max-snippet:-1, max-image-preview:large, max-video-preview:-1\" \/>\n<link rel=\"canonical\" href=\"https:\/\/compuviper.mx\/tienda\/producto\/tripp-lite-su1500rtxlcdn-nobreak-tripp-lite-series-smartonline-1500va-1350w-120v-ups-de-doble-conversin-8-tomacorrientes-autonoma-extendida-tarjeta-de-red-incluida-lcd-usb-db9-montaje-en-ra\/\" \/>\n<meta property=\"og:locale\" content=\"es_MX\" \/>\n<meta property=\"og:type\" content=\"article\" \/>\n<meta property=\"og:title\" content=\"[ Tripp-lite ] &#129351; Su1500rtxlcdn Nobreak Tripp Lite Series Smartonline 1500va 1350w 120v Ups De Doble Conversi\u00f3n - 8 Tomacorrientes, Autonom\u00eda Extendida, Tarjeta De Red Incluida, Lcd, Usb, Db9, Montaje En Rack\/torre2u.\" \/>\n<meta property=\"og:description\" content=\"Compra Su1500rtxlcdn Nobreak Tripp Lite Series Smartonline 1500va 1350w 120v Ups De Doble Conversi\u00f3n - 8 Tomacorrientes, Autonom\u00eda Extendida, Tarjeta De Red Incluida, Lcd, Usb, Db9, Montaje En Rack\/torre2u. + Env\u00edo a domicilio + Pago seguro + Garant\u00eda\" \/>\n<meta property=\"og:url\" content=\"https:\/\/compuviper.mx\/tienda\/producto\/tripp-lite-su1500rtxlcdn-nobreak-tripp-lite-series-smartonline-1500va-1350w-120v-ups-de-doble-conversin-8-tomacorrientes-autonoma-extendida-tarjeta-de-red-incluida-lcd-usb-db9-montaje-en-ra\/\" \/>\n<meta property=\"og:site_name\" content=\"Compuviper\" \/>\n<meta property=\"article:publisher\" content=\"https:\/\/www.facebook.com\/compuviper\" \/>\n<meta property=\"og:image\" content=\"https:\/\/compuviper.mx\/tienda\/wp-content\/uploads\/2024\/09\/Nobreak-tripp-lite-su1500rtxlcdn-series-smartonline-1500va-1350w-120v-ups-de-doble-conversion-8-tomacorrientes-autonomia-extendida-tarjeta-de-red-incluida-lcd-usb-db9-montaje-en-racktorre2u.jpg\" \/>\n\t<meta property=\"og:image:width\" content=\"200\" \/>\n\t<meta property=\"og:image:height\" content=\"200\" \/>\n\t<meta property=\"og:image:type\" content=\"image\/jpeg\" \/>\n<meta name=\"twitter:card\" content=\"summary_large_image\" \/>\n<meta name=\"twitter:label1\" content=\"Precio\" \/>\n\t<meta name=\"twitter:data1\" content=\"&#36;20,799 con IVA\" \/>\n\t<meta name=\"twitter:label2\" content=\"Availability\" \/>\n\t<meta name=\"twitter:data2\" content=\"Out of stock\" \/>\n<script type=\"application\/ld+json\" class=\"yoast-schema-graph\">{\"@context\":\"https:\/\/schema.org\",\"@graph\":[{\"@type\":\"WebPage\",\"@id\":\"https:\/\/compuviper.mx\/tienda\/producto\/tripp-lite-su1500rtxlcdn-nobreak-tripp-lite-series-smartonline-1500va-1350w-120v-ups-de-doble-conversin-8-tomacorrientes-autonoma-extendida-tarjeta-de-red-incluida-lcd-usb-db9-montaje-en-ra\/\",\"url\":\"https:\/\/compuviper.mx\/tienda\/producto\/tripp-lite-su1500rtxlcdn-nobreak-tripp-lite-series-smartonline-1500va-1350w-120v-ups-de-doble-conversin-8-tomacorrientes-autonoma-extendida-tarjeta-de-red-incluida-lcd-usb-db9-montaje-en-ra\/\",\"name\":\"[ Tripp-lite ] &#129351; Su1500rtxlcdn Nobreak Tripp Lite Series Smartonline 1500va 1350w 120v Ups De Doble Conversi\u00f3n - 8 Tomacorrientes, Autonom\u00eda Extendida, Tarjeta De Red Incluida, Lcd, Usb, Db9, Montaje En Rack\/torre2u.\",\"isPartOf\":{\"@id\":\"https:\/\/compuviper.mx\/tienda\/#website\"},\"datePublished\":\"2026-04-07T06:28:09+00:00\",\"dateModified\":\"2026-04-07T06:28:09+00:00\",\"description\":\"Compra Su1500rtxlcdn Nobreak Tripp Lite Series Smartonline 1500va 1350w 120v Ups De Doble Conversi\u00f3n - 8 Tomacorrientes, Autonom\u00eda Extendida, Tarjeta De Red Incluida, Lcd, Usb, Db9, Montaje En Rack\/torre2u. + Env\u00edo a domicilio + Pago seguro + Garant\u00eda\",\"breadcrumb\":{\"@id\":\"https:\/\/compuviper.mx\/tienda\/producto\/tripp-lite-su1500rtxlcdn-nobreak-tripp-lite-series-smartonline-1500va-1350w-120v-ups-de-doble-conversin-8-tomacorrientes-autonoma-extendida-tarjeta-de-red-incluida-lcd-usb-db9-montaje-en-ra\/#breadcrumb\"},\"inLanguage\":\"es-MX\",\"potentialAction\":[{\"@type\":\"ReadAction\",\"target\":[\"https:\/\/compuviper.mx\/tienda\/producto\/tripp-lite-su1500rtxlcdn-nobreak-tripp-lite-series-smartonline-1500va-1350w-120v-ups-de-doble-conversin-8-tomacorrientes-autonoma-extendida-tarjeta-de-red-incluida-lcd-usb-db9-montaje-en-ra\/\"]}]},{\"@type\":\"BreadcrumbList\",\"@id\":\"https:\/\/compuviper.mx\/tienda\/producto\/tripp-lite-su1500rtxlcdn-nobreak-tripp-lite-series-smartonline-1500va-1350w-120v-ups-de-doble-conversin-8-tomacorrientes-autonoma-extendida-tarjeta-de-red-incluida-lcd-usb-db9-montaje-en-ra\/#breadcrumb\",\"itemListElement\":[{\"@type\":\"ListItem\",\"position\":1,\"name\":\"Inicio\",\"item\":\"https:\/\/compuviper.mx\/tienda\/\"},{\"@type\":\"ListItem\",\"position\":2,\"name\":\"Productos\",\"item\":\"https:\/\/compuviper.mx\/tienda\/productos\/\"},{\"@type\":\"ListItem\",\"position\":3,\"name\":\"Energia\",\"item\":\"https:\/\/compuviper.mx\/tienda\/categoria-producto\/energia\/\"},{\"@type\":\"ListItem\",\"position\":4,\"name\":\"No Break\",\"item\":\"https:\/\/compuviper.mx\/tienda\/categoria-producto\/energia\/no-break\/\"},{\"@type\":\"ListItem\",\"position\":5,\"name\":\"Tripp-lite Su1500rtxlcdn Nobreak Tripp Lite Series Smartonline 1500va 1350w 120v Ups De Doble Conversi?n &#8211; 8 Tomacorrientes, Autonom?a Extendida, Tarjeta De Red Incluida, Lcd, Usb, Db9, Montaje En Rack\/torre2u.\"}]},{\"@type\":\"WebSite\",\"@id\":\"https:\/\/compuviper.mx\/tienda\/#website\",\"url\":\"https:\/\/compuviper.mx\/tienda\/\",\"name\":\"Compuviper\",\"description\":\"Proveedor de Computadoras, Laptops, Servidores, Monitores, Puntos de Venta, Teclados,   Impresoras, T\u00f3ner, C\u00e1maras de Seguridad y m\u00e1s en tu tienda en l\u00ednea\",\"publisher\":{\"@id\":\"https:\/\/compuviper.mx\/tienda\/#organization\"},\"potentialAction\":[{\"@type\":\"SearchAction\",\"target\":{\"@type\":\"EntryPoint\",\"urlTemplate\":\"https:\/\/compuviper.mx\/tienda\/?s={search_term_string}\"},\"query-input\":\"required name=search_term_string\"}],\"inLanguage\":\"es-MX\"},{\"@type\":\"Organization\",\"@id\":\"https:\/\/compuviper.mx\/tienda\/#organization\",\"name\":\"Compuviper\",\"url\":\"https:\/\/compuviper.mx\/tienda\/\",\"logo\":{\"@type\":\"ImageObject\",\"inLanguage\":\"es-MX\",\"@id\":\"https:\/\/compuviper.mx\/tienda\/#\/schema\/logo\/image\/\",\"url\":\"https:\/\/compuviper.mx\/tienda\/wp-content\/uploads\/2021\/08\/Logo-Compuviper-10.png\",\"contentUrl\":\"https:\/\/compuviper.mx\/tienda\/wp-content\/uploads\/2021\/08\/Logo-Compuviper-10.png\",\"width\":1000,\"height\":500,\"caption\":\"Compuviper\"},\"image\":{\"@id\":\"https:\/\/compuviper.mx\/tienda\/#\/schema\/logo\/image\/\"},\"sameAs\":[\"https:\/\/www.facebook.com\/compuviper\",\"https:\/\/www.youtube.com\/channel\/UCf73dERp9Y3cfOq7q8BhLjA?view_as=subscriber\"]}]}<\/script>\n<meta property=\"product:brand\" content=\"TRIPP-LITE\" \/>\n<meta property=\"product:price:amount\" content=\"20799\" \/>\n<meta property=\"product:price:currency\" content=\"MXN\" \/>\n<meta property=\"og:availability\" content=\"out of stock\" \/>\n<meta property=\"product:availability\" content=\"out of stock\" \/>\n<meta property=\"product:retailer_item_id\" content=\"SU1500RTXLCDN\" \/>\n<meta property=\"product:condition\" content=\"new\" \/>\n<!-- \/ Yoast SEO plugin. -->","yoast_head_json":{"title":"[ Tripp-lite ] &#129351; Su1500rtxlcdn Nobreak Tripp Lite Series Smartonline 1500va 1350w 120v Ups De Doble Conversi\u00f3n - 8 Tomacorrientes, Autonom\u00eda Extendida, Tarjeta De Red Incluida, Lcd, Usb, Db9, Montaje En Rack\/torre2u.","description":"Compra Su1500rtxlcdn Nobreak Tripp Lite Series Smartonline 1500va 1350w 120v Ups De Doble Conversi\u00f3n - 8 Tomacorrientes, Autonom\u00eda Extendida, Tarjeta De Red Incluida, Lcd, Usb, Db9, Montaje En Rack\/torre2u. + Env\u00edo a domicilio + Pago seguro + Garant\u00eda","robots":{"index":"index","follow":"follow","max-snippet":"max-snippet:-1","max-image-preview":"max-image-preview:large","max-video-preview":"max-video-preview:-1"},"canonical":"https:\/\/compuviper.mx\/tienda\/producto\/tripp-lite-su1500rtxlcdn-nobreak-tripp-lite-series-smartonline-1500va-1350w-120v-ups-de-doble-conversin-8-tomacorrientes-autonoma-extendida-tarjeta-de-red-incluida-lcd-usb-db9-montaje-en-ra\/","og_locale":"es_MX","og_type":"article","og_title":"[ Tripp-lite ] &#129351; Su1500rtxlcdn Nobreak Tripp Lite Series Smartonline 1500va 1350w 120v Ups De Doble Conversi\u00f3n - 8 Tomacorrientes, Autonom\u00eda Extendida, Tarjeta De Red Incluida, Lcd, Usb, Db9, Montaje En Rack\/torre2u.","og_description":"Compra Su1500rtxlcdn Nobreak Tripp Lite Series Smartonline 1500va 1350w 120v Ups De Doble Conversi\u00f3n - 8 Tomacorrientes, Autonom\u00eda Extendida, Tarjeta De Red Incluida, Lcd, Usb, Db9, Montaje En Rack\/torre2u. + Env\u00edo a domicilio + Pago seguro + Garant\u00eda","og_url":"https:\/\/compuviper.mx\/tienda\/producto\/tripp-lite-su1500rtxlcdn-nobreak-tripp-lite-series-smartonline-1500va-1350w-120v-ups-de-doble-conversin-8-tomacorrientes-autonoma-extendida-tarjeta-de-red-incluida-lcd-usb-db9-montaje-en-ra\/","og_site_name":"Compuviper","article_publisher":"https:\/\/www.facebook.com\/compuviper","og_image":[{"width":200,"height":200,"url":"https:\/\/compuviper.mx\/tienda\/wp-content\/uploads\/2024\/09\/Nobreak-tripp-lite-su1500rtxlcdn-series-smartonline-1500va-1350w-120v-ups-de-doble-conversion-8-tomacorrientes-autonomia-extendida-tarjeta-de-red-incluida-lcd-usb-db9-montaje-en-racktorre2u.jpg","type":"image\/jpeg"}],"twitter_card":"summary_large_image","twitter_misc":{"Precio":"&#36;20,799 con IVA","Availability":"Out of stock"},"schema":{"@context":"https:\/\/schema.org","@graph":[{"@type":"WebPage","@id":"https:\/\/compuviper.mx\/tienda\/producto\/tripp-lite-su1500rtxlcdn-nobreak-tripp-lite-series-smartonline-1500va-1350w-120v-ups-de-doble-conversin-8-tomacorrientes-autonoma-extendida-tarjeta-de-red-incluida-lcd-usb-db9-montaje-en-ra\/","url":"https:\/\/compuviper.mx\/tienda\/producto\/tripp-lite-su1500rtxlcdn-nobreak-tripp-lite-series-smartonline-1500va-1350w-120v-ups-de-doble-conversin-8-tomacorrientes-autonoma-extendida-tarjeta-de-red-incluida-lcd-usb-db9-montaje-en-ra\/","name":"[ Tripp-lite ] &#129351; Su1500rtxlcdn Nobreak Tripp Lite Series Smartonline 1500va 1350w 120v Ups De Doble Conversi\u00f3n - 8 Tomacorrientes, Autonom\u00eda Extendida, Tarjeta De Red Incluida, Lcd, Usb, Db9, Montaje En Rack\/torre2u.","isPartOf":{"@id":"https:\/\/compuviper.mx\/tienda\/#website"},"datePublished":"2026-04-07T06:28:09+00:00","dateModified":"2026-04-07T06:28:09+00:00","description":"Compra Su1500rtxlcdn Nobreak Tripp Lite Series Smartonline 1500va 1350w 120v Ups De Doble Conversi\u00f3n - 8 Tomacorrientes, Autonom\u00eda Extendida, Tarjeta De Red Incluida, Lcd, Usb, Db9, Montaje En Rack\/torre2u. + Env\u00edo a domicilio + Pago seguro + Garant\u00eda","breadcrumb":{"@id":"https:\/\/compuviper.mx\/tienda\/producto\/tripp-lite-su1500rtxlcdn-nobreak-tripp-lite-series-smartonline-1500va-1350w-120v-ups-de-doble-conversin-8-tomacorrientes-autonoma-extendida-tarjeta-de-red-incluida-lcd-usb-db9-montaje-en-ra\/#breadcrumb"},"inLanguage":"es-MX","potentialAction":[{"@type":"ReadAction","target":["https:\/\/compuviper.mx\/tienda\/producto\/tripp-lite-su1500rtxlcdn-nobreak-tripp-lite-series-smartonline-1500va-1350w-120v-ups-de-doble-conversin-8-tomacorrientes-autonoma-extendida-tarjeta-de-red-incluida-lcd-usb-db9-montaje-en-ra\/"]}]},{"@type":"BreadcrumbList","@id":"https:\/\/compuviper.mx\/tienda\/producto\/tripp-lite-su1500rtxlcdn-nobreak-tripp-lite-series-smartonline-1500va-1350w-120v-ups-de-doble-conversin-8-tomacorrientes-autonoma-extendida-tarjeta-de-red-incluida-lcd-usb-db9-montaje-en-ra\/#breadcrumb","itemListElement":[{"@type":"ListItem","position":1,"name":"Inicio","item":"https:\/\/compuviper.mx\/tienda\/"},{"@type":"ListItem","position":2,"name":"Productos","item":"https:\/\/compuviper.mx\/tienda\/productos\/"},{"@type":"ListItem","position":3,"name":"Energia","item":"https:\/\/compuviper.mx\/tienda\/categoria-producto\/energia\/"},{"@type":"ListItem","position":4,"name":"No Break","item":"https:\/\/compuviper.mx\/tienda\/categoria-producto\/energia\/no-break\/"},{"@type":"ListItem","position":5,"name":"Tripp-lite Su1500rtxlcdn Nobreak Tripp Lite Series Smartonline 1500va 1350w 120v Ups De Doble Conversi?n &#8211; 8 Tomacorrientes, Autonom?a Extendida, Tarjeta De Red Incluida, Lcd, Usb, Db9, Montaje En Rack\/torre2u."}]},{"@type":"WebSite","@id":"https:\/\/compuviper.mx\/tienda\/#website","url":"https:\/\/compuviper.mx\/tienda\/","name":"Compuviper","description":"Proveedor de Computadoras, Laptops, Servidores, Monitores, Puntos de Venta, Teclados,   Impresoras, T\u00f3ner, C\u00e1maras de Seguridad y m\u00e1s en tu tienda en l\u00ednea","publisher":{"@id":"https:\/\/compuviper.mx\/tienda\/#organization"},"potentialAction":[{"@type":"SearchAction","target":{"@type":"EntryPoint","urlTemplate":"https:\/\/compuviper.mx\/tienda\/?s={search_term_string}"},"query-input":"required name=search_term_string"}],"inLanguage":"es-MX"},{"@type":"Organization","@id":"https:\/\/compuviper.mx\/tienda\/#organization","name":"Compuviper","url":"https:\/\/compuviper.mx\/tienda\/","logo":{"@type":"ImageObject","inLanguage":"es-MX","@id":"https:\/\/compuviper.mx\/tienda\/#\/schema\/logo\/image\/","url":"https:\/\/compuviper.mx\/tienda\/wp-content\/uploads\/2021\/08\/Logo-Compuviper-10.png","contentUrl":"https:\/\/compuviper.mx\/tienda\/wp-content\/uploads\/2021\/08\/Logo-Compuviper-10.png","width":1000,"height":500,"caption":"Compuviper"},"image":{"@id":"https:\/\/compuviper.mx\/tienda\/#\/schema\/logo\/image\/"},"sameAs":["https:\/\/www.facebook.com\/compuviper","https:\/\/www.youtube.com\/channel\/UCf73dERp9Y3cfOq7q8BhLjA?view_as=subscriber"]}]},"product_brand":"TRIPP-LITE","product_price_amount":"20799","product_price_currency":"MXN","og_availability":"out of stock","product_availability":"out of stock","product_retailer_item_id":"SU1500RTXLCDN","product_condition":"new"},"_links":{"self":[{"href":"https:\/\/compuviper.mx\/tienda\/wp-json\/wp\/v2\/product\/229686"}],"collection":[{"href":"https:\/\/compuviper.mx\/tienda\/wp-json\/wp\/v2\/product"}],"about":[{"href":"https:\/\/compuviper.mx\/tienda\/wp-json\/wp\/v2\/types\/product"}],"replies":[{"embeddable":true,"href":"https:\/\/compuviper.mx\/tienda\/wp-json\/wp\/v2\/comments?post=229686"}],"wp:featuredmedia":[{"embeddable":true,"href":"https:\/\/compuviper.mx\/tienda\/wp-json\/wp\/v2\/media\/242568"}],"wp:attachment":[{"href":"https:\/\/compuviper.mx\/tienda\/wp-json\/wp\/v2\/media?parent=229686"}],"wp:term":[{"taxonomy":"product_cat","embeddable":true,"href":"https:\/\/compuviper.mx\/tienda\/wp-json\/wp\/v2\/product_cat?post=229686"},{"taxonomy":"product_tag","embeddable":true,"href":"https:\/\/compuviper.mx\/tienda\/wp-json\/wp\/v2\/product_tag?post=229686"}],"curies":[{"name":"wp","href":"https:\/\/api.w.org\/{rel}","templated":true}]}}