{"id":229537,"date":"2026-04-21T01:31:06","date_gmt":"2026-04-21T07:31:06","guid":{"rendered":"https:\/\/compuviper.mx\/tienda\/producto\/samsung-sm-x300nzgal06-tablet-galaxy-tab-active5-8-pulgadas-con-s-pen-modelo-sm-x300-color-negro-6gb-ram-128gb-rom-135-mp-flash-wifi-android\/"},"modified":"2026-04-21T01:31:07","modified_gmt":"2026-04-21T07:31:07","slug":"samsung-sm-x300nzgal06-tablet-galaxy-tab-active5-8-pulgadas-con-s-pen-modelo-sm-x300-6gb-ram-128gb-rom-13-mp-5-mp-flash-wifi-enterprise-edition-3-aos-garantia-1-ao-knox-suite","status":"publish","type":"product","link":"https:\/\/compuviper.mx\/tienda\/producto\/samsung-sm-x300nzgal06-tablet-galaxy-tab-active5-8-pulgadas-con-s-pen-modelo-sm-x300-6gb-ram-128gb-rom-13-mp-5-mp-flash-wifi-enterprise-edition-3-aos-garantia-1-ao-knox-suite\/","title":{"rendered":"Samsung Sm-x300nzgal06 Tablet  Galaxy Tab Active5 \/ 8 Pulgadas \/ Con S Pen \/ Modelo Sm-x300 \/ 6gb Ram \/ 128gb Rom \/ 13 Mp 5 Mp Flash \/ Wifi \/ Enterprise Edition \/ 3 A?os Garantia \/ 1 A?o Knox Suite \/ Color Verde"},"content":{"rendered":"<table class=\"descripcion\">\n<tr>\n<td>Exynos 1 380  (quartz)<\/td>\n<\/tr>\n<tr>\n<td>Wuxga tft  lcd 120hz<\/td>\n<\/tr>\n<tr>\n<td>Gorilla glass 5<\/td>\n<\/tr>\n<tr>\n<td>Processor<\/td>\n<\/tr>\n<tr>\n<td>S.lsi exynos 1380(quartz)<\/td>\n<\/tr>\n<tr>\n<td>Memory<\/td>\n<\/tr>\n<tr>\n<td>6+128gb  \/ microsd up to 1tb<\/td>\n<\/tr>\n<tr>\n<td>Battery<\/td>\n<\/tr>\n<tr>\n<td>5,050mah, replaceable  and  smart battery<\/td>\n<\/tr>\n<tr>\n<td>No battery mode<\/td>\n<\/tr>\n<tr>\n<td>Interface \/ connectivity<\/td>\n<\/tr>\n<tr>\n<td>Usb 2.0 type-c \/ wi-fi 6 \/ bt 5.3 \/ nfc<\/td>\n<\/tr>\n<tr>\n<td>\/ ese \/ gps dual(l1+l5)<\/td>\n<\/tr>\n<tr>\n<td>\/ pogo charging  and  data<\/td>\n<\/tr>\n<tr>\n<td>Charging<\/td>\n<\/tr>\n<tr>\n<td>15w fast charging support no incluido<\/td>\n<\/tr>\n<tr>\n<td>Camera<\/td>\n<\/tr>\n<tr>\n<td>Rear 13mp<\/td>\n<\/tr>\n<tr>\n<td>Front 5mp<\/td>\n<\/tr>\n<tr>\n<td>Flash<\/td>\n<\/tr>\n<tr>\n<td>Sensor<\/td>\n<\/tr>\n<tr>\n<td>Fingerprint sensor, accelerometer, gyro, geomagnetic, hall ic, rgb light, proximity sensor<\/td>\n<\/tr>\n<\/table>\n","protected":false},"excerpt":{"rendered":"<p>Exynos 1 380 (quartz) Wuxga tft lcd 120hz Gorilla glass 5 Processor S.lsi exynos 1380(quartz) Memory 6+128gb \/ microsd up to 1tb Battery 5,050mah, replaceable and smart battery No battery mode Interface \/ connectivity Usb 2.0 type-c \/ wi-fi 6 \/ bt 5.3 \/ nfc \/ ese \/ gps dual(l1+l5) \/ pogo charging and data [&hellip;]<\/p>\n","protected":false},"featured_media":234288,"comment_status":"open","ping_status":"open","template":"","meta":[],"product_cat":[1758,1767],"product_tag":[1743],"acf":[],"yoast_head":"<!-- This site is optimized with the Yoast SEO plugin v21.7 - https:\/\/yoast.com\/wordpress\/plugins\/seo\/ -->\n<title>[ Samsung ] &#129351; Sm-x300nzgal06 Tablet Galaxy Tab Active5 \/ 8 Pulgadas \/ Con S Pen \/ Modelo Sm-x300 \/ 6gb Ram \/ 128gb Rom \/ 13 Mp 5 Mp Flash \/ Wifi \/ Enterprise Edition \/ 3 A\u00f1os Garantia \/ 1 A\u00f1o Knox Suite \/ Color Verde<\/title>\n<meta name=\"description\" content=\"Compra Sm-x300nzgal06 Tablet Galaxy Tab Active5 \/ 8 Pulgadas \/ Con S Pen \/ Modelo Sm-x300 \/ 6gb Ram \/ 128gb Rom \/ 13 Mp 5 Mp Flash \/ Wifi \/ Enterprise Edition \/ 3 A\u00f1os Garantia \/ 1 A\u00f1o Knox Suite \/ Color Verde + Env\u00edo a domicilio + Pago seguro + Garant\u00eda\" \/>\n<meta name=\"robots\" content=\"index, follow, max-snippet:-1, max-image-preview:large, max-video-preview:-1\" \/>\n<link rel=\"canonical\" href=\"https:\/\/compuviper.mx\/tienda\/producto\/samsung-sm-x300nzgal06-tablet-galaxy-tab-active5-8-pulgadas-con-s-pen-modelo-sm-x300-6gb-ram-128gb-rom-13-mp-5-mp-flash-wifi-enterprise-edition-3-aos-garantia-1-ao-knox-suite\/\" \/>\n<meta property=\"og:locale\" content=\"es_MX\" \/>\n<meta property=\"og:type\" content=\"article\" \/>\n<meta property=\"og:title\" content=\"[ Samsung ] &#129351; Sm-x300nzgal06 Tablet Galaxy Tab Active5 \/ 8 Pulgadas \/ Con S Pen \/ Modelo Sm-x300 \/ 6gb Ram \/ 128gb Rom \/ 13 Mp 5 Mp Flash \/ Wifi \/ Enterprise Edition \/ 3 A\u00f1os Garantia \/ 1 A\u00f1o Knox Suite \/ Color Verde\" \/>\n<meta property=\"og:description\" content=\"Compra Sm-x300nzgal06 Tablet Galaxy Tab Active5 \/ 8 Pulgadas \/ Con S Pen \/ Modelo Sm-x300 \/ 6gb Ram \/ 128gb Rom \/ 13 Mp 5 Mp Flash \/ Wifi \/ Enterprise Edition \/ 3 A\u00f1os Garantia \/ 1 A\u00f1o Knox Suite \/ Color Verde + Env\u00edo a domicilio + Pago seguro + Garant\u00eda\" \/>\n<meta property=\"og:url\" content=\"https:\/\/compuviper.mx\/tienda\/producto\/samsung-sm-x300nzgal06-tablet-galaxy-tab-active5-8-pulgadas-con-s-pen-modelo-sm-x300-6gb-ram-128gb-rom-13-mp-5-mp-flash-wifi-enterprise-edition-3-aos-garantia-1-ao-knox-suite\/\" \/>\n<meta property=\"og:site_name\" content=\"Compuviper\" \/>\n<meta property=\"article:publisher\" content=\"https:\/\/www.facebook.com\/compuviper\" \/>\n<meta property=\"article:modified_time\" content=\"2026-04-21T07:31:07+00:00\" \/>\n<meta property=\"og:image\" content=\"https:\/\/compuviper.mx\/tienda\/wp-content\/uploads\/2024\/05\/Tablet-samsung-galaxy-tab-active5-8-pulgadas-con-s-pen-modelo-sm-x300-color-negro-6gb-ram-128gb-rom-135-mp-flash-wifi-2-anos-garantia-1-ano-knox-suite.jpg\" \/>\n\t<meta property=\"og:image:width\" content=\"200\" \/>\n\t<meta property=\"og:image:height\" content=\"200\" \/>\n\t<meta property=\"og:image:type\" content=\"image\/jpeg\" \/>\n<meta name=\"twitter:card\" content=\"summary_large_image\" \/>\n<meta name=\"twitter:label1\" content=\"Precio\" \/>\n\t<meta name=\"twitter:data1\" content=\"&#36;8,990 con IVA\" \/>\n\t<meta name=\"twitter:label2\" content=\"Availability\" \/>\n\t<meta name=\"twitter:data2\" content=\"In stock\" \/>\n<script type=\"application\/ld+json\" class=\"yoast-schema-graph\">{\"@context\":\"https:\/\/schema.org\",\"@graph\":[{\"@type\":\"WebPage\",\"@id\":\"https:\/\/compuviper.mx\/tienda\/producto\/samsung-sm-x300nzgal06-tablet-galaxy-tab-active5-8-pulgadas-con-s-pen-modelo-sm-x300-6gb-ram-128gb-rom-13-mp-5-mp-flash-wifi-enterprise-edition-3-aos-garantia-1-ao-knox-suite\/\",\"url\":\"https:\/\/compuviper.mx\/tienda\/producto\/samsung-sm-x300nzgal06-tablet-galaxy-tab-active5-8-pulgadas-con-s-pen-modelo-sm-x300-6gb-ram-128gb-rom-13-mp-5-mp-flash-wifi-enterprise-edition-3-aos-garantia-1-ao-knox-suite\/\",\"name\":\"[ Samsung ] &#129351; Sm-x300nzgal06 Tablet Galaxy Tab Active5 \/ 8 Pulgadas \/ Con S Pen \/ Modelo Sm-x300 \/ 6gb Ram \/ 128gb Rom \/ 13 Mp 5 Mp Flash \/ Wifi \/ Enterprise Edition \/ 3 A\u00f1os Garantia \/ 1 A\u00f1o Knox Suite \/ Color Verde\",\"isPartOf\":{\"@id\":\"https:\/\/compuviper.mx\/tienda\/#website\"},\"datePublished\":\"2026-04-21T07:31:06+00:00\",\"dateModified\":\"2026-04-21T07:31:07+00:00\",\"description\":\"Compra Sm-x300nzgal06 Tablet Galaxy Tab Active5 \/ 8 Pulgadas \/ Con S Pen \/ Modelo Sm-x300 \/ 6gb Ram \/ 128gb Rom \/ 13 Mp 5 Mp Flash \/ Wifi \/ Enterprise Edition \/ 3 A\u00f1os Garantia \/ 1 A\u00f1o Knox Suite \/ Color Verde + Env\u00edo a domicilio + Pago seguro + Garant\u00eda\",\"breadcrumb\":{\"@id\":\"https:\/\/compuviper.mx\/tienda\/producto\/samsung-sm-x300nzgal06-tablet-galaxy-tab-active5-8-pulgadas-con-s-pen-modelo-sm-x300-6gb-ram-128gb-rom-13-mp-5-mp-flash-wifi-enterprise-edition-3-aos-garantia-1-ao-knox-suite\/#breadcrumb\"},\"inLanguage\":\"es-MX\",\"potentialAction\":[{\"@type\":\"ReadAction\",\"target\":[\"https:\/\/compuviper.mx\/tienda\/producto\/samsung-sm-x300nzgal06-tablet-galaxy-tab-active5-8-pulgadas-con-s-pen-modelo-sm-x300-6gb-ram-128gb-rom-13-mp-5-mp-flash-wifi-enterprise-edition-3-aos-garantia-1-ao-knox-suite\/\"]}]},{\"@type\":\"BreadcrumbList\",\"@id\":\"https:\/\/compuviper.mx\/tienda\/producto\/samsung-sm-x300nzgal06-tablet-galaxy-tab-active5-8-pulgadas-con-s-pen-modelo-sm-x300-6gb-ram-128gb-rom-13-mp-5-mp-flash-wifi-enterprise-edition-3-aos-garantia-1-ao-knox-suite\/#breadcrumb\",\"itemListElement\":[{\"@type\":\"ListItem\",\"position\":1,\"name\":\"Inicio\",\"item\":\"https:\/\/compuviper.mx\/tienda\/\"},{\"@type\":\"ListItem\",\"position\":2,\"name\":\"Productos\",\"item\":\"https:\/\/compuviper.mx\/tienda\/productos\/\"},{\"@type\":\"ListItem\",\"position\":3,\"name\":\"Tabletas\",\"item\":\"https:\/\/compuviper.mx\/tienda\/categoria-producto\/tabletas\/\"},{\"@type\":\"ListItem\",\"position\":4,\"name\":\"Arm Octa Core\",\"item\":\"https:\/\/compuviper.mx\/tienda\/categoria-producto\/tabletas\/arm-octa-core\/\"},{\"@type\":\"ListItem\",\"position\":5,\"name\":\"Samsung Sm-x300nzgal06 Tablet Galaxy Tab Active5 \/ 8 Pulgadas \/ Con S Pen \/ Modelo Sm-x300 \/ 6gb Ram \/ 128gb Rom \/ 13 Mp 5 Mp Flash \/ Wifi \/ Enterprise Edition \/ 3 A?os Garantia \/ 1 A?o Knox Suite \/ Color Verde\"}]},{\"@type\":\"WebSite\",\"@id\":\"https:\/\/compuviper.mx\/tienda\/#website\",\"url\":\"https:\/\/compuviper.mx\/tienda\/\",\"name\":\"Compuviper\",\"description\":\"Proveedor de Computadoras, Laptops, Servidores, Monitores, Puntos de Venta, Teclados,   Impresoras, T\u00f3ner, C\u00e1maras de Seguridad y m\u00e1s en tu tienda en l\u00ednea\",\"publisher\":{\"@id\":\"https:\/\/compuviper.mx\/tienda\/#organization\"},\"potentialAction\":[{\"@type\":\"SearchAction\",\"target\":{\"@type\":\"EntryPoint\",\"urlTemplate\":\"https:\/\/compuviper.mx\/tienda\/?s={search_term_string}\"},\"query-input\":\"required name=search_term_string\"}],\"inLanguage\":\"es-MX\"},{\"@type\":\"Organization\",\"@id\":\"https:\/\/compuviper.mx\/tienda\/#organization\",\"name\":\"Compuviper\",\"url\":\"https:\/\/compuviper.mx\/tienda\/\",\"logo\":{\"@type\":\"ImageObject\",\"inLanguage\":\"es-MX\",\"@id\":\"https:\/\/compuviper.mx\/tienda\/#\/schema\/logo\/image\/\",\"url\":\"https:\/\/compuviper.mx\/tienda\/wp-content\/uploads\/2021\/08\/Logo-Compuviper-10.png\",\"contentUrl\":\"https:\/\/compuviper.mx\/tienda\/wp-content\/uploads\/2021\/08\/Logo-Compuviper-10.png\",\"width\":1000,\"height\":500,\"caption\":\"Compuviper\"},\"image\":{\"@id\":\"https:\/\/compuviper.mx\/tienda\/#\/schema\/logo\/image\/\"},\"sameAs\":[\"https:\/\/www.facebook.com\/compuviper\",\"https:\/\/www.youtube.com\/channel\/UCf73dERp9Y3cfOq7q8BhLjA?view_as=subscriber\"]}]}<\/script>\n<meta property=\"product:brand\" content=\"SAMSUNG\" \/>\n<meta property=\"product:price:amount\" content=\"8990\" \/>\n<meta property=\"product:price:currency\" content=\"MXN\" \/>\n<meta property=\"og:availability\" content=\"instock\" \/>\n<meta property=\"product:availability\" content=\"instock\" \/>\n<meta property=\"product:retailer_item_id\" content=\"SM-X300NZGAL06\" \/>\n<meta property=\"product:condition\" content=\"new\" \/>\n<!-- \/ Yoast SEO plugin. -->","yoast_head_json":{"title":"[ Samsung ] &#129351; Sm-x300nzgal06 Tablet Galaxy Tab Active5 \/ 8 Pulgadas \/ Con S Pen \/ Modelo Sm-x300 \/ 6gb Ram \/ 128gb Rom \/ 13 Mp 5 Mp Flash \/ Wifi \/ Enterprise Edition \/ 3 A\u00f1os Garantia \/ 1 A\u00f1o Knox Suite \/ Color Verde","description":"Compra Sm-x300nzgal06 Tablet Galaxy Tab Active5 \/ 8 Pulgadas \/ Con S Pen \/ Modelo Sm-x300 \/ 6gb Ram \/ 128gb Rom \/ 13 Mp 5 Mp Flash \/ Wifi \/ Enterprise Edition \/ 3 A\u00f1os Garantia \/ 1 A\u00f1o Knox Suite \/ Color Verde + Env\u00edo a domicilio + Pago seguro + Garant\u00eda","robots":{"index":"index","follow":"follow","max-snippet":"max-snippet:-1","max-image-preview":"max-image-preview:large","max-video-preview":"max-video-preview:-1"},"canonical":"https:\/\/compuviper.mx\/tienda\/producto\/samsung-sm-x300nzgal06-tablet-galaxy-tab-active5-8-pulgadas-con-s-pen-modelo-sm-x300-6gb-ram-128gb-rom-13-mp-5-mp-flash-wifi-enterprise-edition-3-aos-garantia-1-ao-knox-suite\/","og_locale":"es_MX","og_type":"article","og_title":"[ Samsung ] &#129351; Sm-x300nzgal06 Tablet Galaxy Tab Active5 \/ 8 Pulgadas \/ Con S Pen \/ Modelo Sm-x300 \/ 6gb Ram \/ 128gb Rom \/ 13 Mp 5 Mp Flash \/ Wifi \/ Enterprise Edition \/ 3 A\u00f1os Garantia \/ 1 A\u00f1o Knox Suite \/ Color Verde","og_description":"Compra Sm-x300nzgal06 Tablet Galaxy Tab Active5 \/ 8 Pulgadas \/ Con S Pen \/ Modelo Sm-x300 \/ 6gb Ram \/ 128gb Rom \/ 13 Mp 5 Mp Flash \/ Wifi \/ Enterprise Edition \/ 3 A\u00f1os Garantia \/ 1 A\u00f1o Knox Suite \/ Color Verde + Env\u00edo a domicilio + Pago seguro + Garant\u00eda","og_url":"https:\/\/compuviper.mx\/tienda\/producto\/samsung-sm-x300nzgal06-tablet-galaxy-tab-active5-8-pulgadas-con-s-pen-modelo-sm-x300-6gb-ram-128gb-rom-13-mp-5-mp-flash-wifi-enterprise-edition-3-aos-garantia-1-ao-knox-suite\/","og_site_name":"Compuviper","article_publisher":"https:\/\/www.facebook.com\/compuviper","article_modified_time":"2026-04-21T07:31:07+00:00","og_image":[{"width":200,"height":200,"url":"https:\/\/compuviper.mx\/tienda\/wp-content\/uploads\/2024\/05\/Tablet-samsung-galaxy-tab-active5-8-pulgadas-con-s-pen-modelo-sm-x300-color-negro-6gb-ram-128gb-rom-135-mp-flash-wifi-2-anos-garantia-1-ano-knox-suite.jpg","type":"image\/jpeg"}],"twitter_card":"summary_large_image","twitter_misc":{"Precio":"&#36;8,990 con IVA","Availability":"In stock"},"schema":{"@context":"https:\/\/schema.org","@graph":[{"@type":"WebPage","@id":"https:\/\/compuviper.mx\/tienda\/producto\/samsung-sm-x300nzgal06-tablet-galaxy-tab-active5-8-pulgadas-con-s-pen-modelo-sm-x300-6gb-ram-128gb-rom-13-mp-5-mp-flash-wifi-enterprise-edition-3-aos-garantia-1-ao-knox-suite\/","url":"https:\/\/compuviper.mx\/tienda\/producto\/samsung-sm-x300nzgal06-tablet-galaxy-tab-active5-8-pulgadas-con-s-pen-modelo-sm-x300-6gb-ram-128gb-rom-13-mp-5-mp-flash-wifi-enterprise-edition-3-aos-garantia-1-ao-knox-suite\/","name":"[ Samsung ] &#129351; Sm-x300nzgal06 Tablet Galaxy Tab Active5 \/ 8 Pulgadas \/ Con S Pen \/ Modelo Sm-x300 \/ 6gb Ram \/ 128gb Rom \/ 13 Mp 5 Mp Flash \/ Wifi \/ Enterprise Edition \/ 3 A\u00f1os Garantia \/ 1 A\u00f1o Knox Suite \/ Color Verde","isPartOf":{"@id":"https:\/\/compuviper.mx\/tienda\/#website"},"datePublished":"2026-04-21T07:31:06+00:00","dateModified":"2026-04-21T07:31:07+00:00","description":"Compra Sm-x300nzgal06 Tablet Galaxy Tab Active5 \/ 8 Pulgadas \/ Con S Pen \/ Modelo Sm-x300 \/ 6gb Ram \/ 128gb Rom \/ 13 Mp 5 Mp Flash \/ Wifi \/ Enterprise Edition \/ 3 A\u00f1os Garantia \/ 1 A\u00f1o Knox Suite \/ Color Verde + Env\u00edo a domicilio + Pago seguro + Garant\u00eda","breadcrumb":{"@id":"https:\/\/compuviper.mx\/tienda\/producto\/samsung-sm-x300nzgal06-tablet-galaxy-tab-active5-8-pulgadas-con-s-pen-modelo-sm-x300-6gb-ram-128gb-rom-13-mp-5-mp-flash-wifi-enterprise-edition-3-aos-garantia-1-ao-knox-suite\/#breadcrumb"},"inLanguage":"es-MX","potentialAction":[{"@type":"ReadAction","target":["https:\/\/compuviper.mx\/tienda\/producto\/samsung-sm-x300nzgal06-tablet-galaxy-tab-active5-8-pulgadas-con-s-pen-modelo-sm-x300-6gb-ram-128gb-rom-13-mp-5-mp-flash-wifi-enterprise-edition-3-aos-garantia-1-ao-knox-suite\/"]}]},{"@type":"BreadcrumbList","@id":"https:\/\/compuviper.mx\/tienda\/producto\/samsung-sm-x300nzgal06-tablet-galaxy-tab-active5-8-pulgadas-con-s-pen-modelo-sm-x300-6gb-ram-128gb-rom-13-mp-5-mp-flash-wifi-enterprise-edition-3-aos-garantia-1-ao-knox-suite\/#breadcrumb","itemListElement":[{"@type":"ListItem","position":1,"name":"Inicio","item":"https:\/\/compuviper.mx\/tienda\/"},{"@type":"ListItem","position":2,"name":"Productos","item":"https:\/\/compuviper.mx\/tienda\/productos\/"},{"@type":"ListItem","position":3,"name":"Tabletas","item":"https:\/\/compuviper.mx\/tienda\/categoria-producto\/tabletas\/"},{"@type":"ListItem","position":4,"name":"Arm Octa Core","item":"https:\/\/compuviper.mx\/tienda\/categoria-producto\/tabletas\/arm-octa-core\/"},{"@type":"ListItem","position":5,"name":"Samsung Sm-x300nzgal06 Tablet Galaxy Tab Active5 \/ 8 Pulgadas \/ Con S Pen \/ Modelo Sm-x300 \/ 6gb Ram \/ 128gb Rom \/ 13 Mp 5 Mp Flash \/ Wifi \/ Enterprise Edition \/ 3 A?os Garantia \/ 1 A?o Knox Suite \/ Color Verde"}]},{"@type":"WebSite","@id":"https:\/\/compuviper.mx\/tienda\/#website","url":"https:\/\/compuviper.mx\/tienda\/","name":"Compuviper","description":"Proveedor de Computadoras, Laptops, Servidores, Monitores, Puntos de Venta, Teclados,   Impresoras, T\u00f3ner, C\u00e1maras de Seguridad y m\u00e1s en tu tienda en l\u00ednea","publisher":{"@id":"https:\/\/compuviper.mx\/tienda\/#organization"},"potentialAction":[{"@type":"SearchAction","target":{"@type":"EntryPoint","urlTemplate":"https:\/\/compuviper.mx\/tienda\/?s={search_term_string}"},"query-input":"required name=search_term_string"}],"inLanguage":"es-MX"},{"@type":"Organization","@id":"https:\/\/compuviper.mx\/tienda\/#organization","name":"Compuviper","url":"https:\/\/compuviper.mx\/tienda\/","logo":{"@type":"ImageObject","inLanguage":"es-MX","@id":"https:\/\/compuviper.mx\/tienda\/#\/schema\/logo\/image\/","url":"https:\/\/compuviper.mx\/tienda\/wp-content\/uploads\/2021\/08\/Logo-Compuviper-10.png","contentUrl":"https:\/\/compuviper.mx\/tienda\/wp-content\/uploads\/2021\/08\/Logo-Compuviper-10.png","width":1000,"height":500,"caption":"Compuviper"},"image":{"@id":"https:\/\/compuviper.mx\/tienda\/#\/schema\/logo\/image\/"},"sameAs":["https:\/\/www.facebook.com\/compuviper","https:\/\/www.youtube.com\/channel\/UCf73dERp9Y3cfOq7q8BhLjA?view_as=subscriber"]}]},"product_brand":"SAMSUNG","product_price_amount":"8990","product_price_currency":"MXN","og_availability":"instock","product_availability":"instock","product_retailer_item_id":"SM-X300NZGAL06","product_condition":"new"},"_links":{"self":[{"href":"https:\/\/compuviper.mx\/tienda\/wp-json\/wp\/v2\/product\/229537"}],"collection":[{"href":"https:\/\/compuviper.mx\/tienda\/wp-json\/wp\/v2\/product"}],"about":[{"href":"https:\/\/compuviper.mx\/tienda\/wp-json\/wp\/v2\/types\/product"}],"replies":[{"embeddable":true,"href":"https:\/\/compuviper.mx\/tienda\/wp-json\/wp\/v2\/comments?post=229537"}],"wp:featuredmedia":[{"embeddable":true,"href":"https:\/\/compuviper.mx\/tienda\/wp-json\/wp\/v2\/media\/234288"}],"wp:attachment":[{"href":"https:\/\/compuviper.mx\/tienda\/wp-json\/wp\/v2\/media?parent=229537"}],"wp:term":[{"taxonomy":"product_cat","embeddable":true,"href":"https:\/\/compuviper.mx\/tienda\/wp-json\/wp\/v2\/product_cat?post=229537"},{"taxonomy":"product_tag","embeddable":true,"href":"https:\/\/compuviper.mx\/tienda\/wp-json\/wp\/v2\/product_tag?post=229537"}],"curies":[{"name":"wp","href":"https:\/\/api.w.org\/{rel}","templated":true}]}}