{"id":229512,"date":"2026-04-01T23:25:51","date_gmt":"2026-04-02T05:25:51","guid":{"rendered":"https:\/\/compuviper.mx\/tienda\/producto\/apc-acac75009-receptor-sumergido-17-libras-r410a-dimetro-6-long-18\/"},"modified":"2026-04-01T23:25:51","modified_gmt":"2026-04-02T05:25:51","slug":"apc-acac75009-receptor-sumergido-17-libras-r410a-dimetro-6-long-18","status":"publish","type":"product","link":"https:\/\/compuviper.mx\/tienda\/producto\/apc-acac75009-receptor-sumergido-17-libras-r410a-dimetro-6-long-18\/","title":{"rendered":"Apc Acac75009 Receptor Sumergido 17 Libras, R410a, Di?metro 6, Long. 18"},"content":{"rendered":"<table class=\"descripcion\">\n<tr>\n<td>Principal<\/td>\n<\/tr>\n<tr>\n<td>Equipo suministradogua de instalacin<\/td>\n<\/tr>\n<tr>\n<td>Tipo de montajeen cordn de luminaria<\/td>\n<\/tr>\n<tr>\n<td>Conformidad<\/td>\n<\/tr>\n<tr>\n<td>Certificaciones de productoregistrado por ul<\/td>\n<\/tr>\n<tr>\n<td>Unidades emabalaje<\/td>\n<\/tr>\n<tr>\n<td>Tipo de unidad de paquete 1pce<\/td>\n<\/tr>\n<tr>\n<td>Nmero de unidades en el paquete 11<\/td>\n<\/tr>\n<\/table>\n","protected":false},"excerpt":{"rendered":"<p>Principal Equipo suministradogua de instalacin Tipo de montajeen cordn de luminaria Conformidad Certificaciones de productoregistrado por ul Unidades emabalaje Tipo de unidad de paquete 1pce Nmero de unidades en el paquete 11<\/p>\n","protected":false},"featured_media":242027,"comment_status":"open","ping_status":"open","template":"","meta":[],"product_cat":[1485,1528],"product_tag":[1694],"acf":[],"yoast_head":"<!-- This site is optimized with the Yoast SEO plugin v21.7 - https:\/\/yoast.com\/wordpress\/plugins\/seo\/ -->\n<title>[ Apc ] &#129351; Acac75009 Receptor Sumergido 17 Libras, R410a, Di\u00e1metro 6, Long. 18<\/title>\n<meta name=\"description\" content=\"Compra Acac75009 Receptor Sumergido 17 Libras, R410a, Di\u00e1metro 6, Long. 18 + Env\u00edo a domicilio + Pago seguro + Garant\u00eda\" \/>\n<meta name=\"robots\" content=\"index, follow, max-snippet:-1, max-image-preview:large, max-video-preview:-1\" \/>\n<link rel=\"canonical\" href=\"https:\/\/compuviper.mx\/tienda\/producto\/apc-acac75009-receptor-sumergido-17-libras-r410a-dimetro-6-long-18\/\" \/>\n<meta property=\"og:locale\" content=\"es_MX\" \/>\n<meta property=\"og:type\" content=\"article\" \/>\n<meta property=\"og:title\" content=\"[ Apc ] &#129351; Acac75009 Receptor Sumergido 17 Libras, R410a, Di\u00e1metro 6, Long. 18\" \/>\n<meta property=\"og:description\" content=\"Compra Acac75009 Receptor Sumergido 17 Libras, R410a, Di\u00e1metro 6, Long. 18 + Env\u00edo a domicilio + Pago seguro + Garant\u00eda\" \/>\n<meta property=\"og:url\" content=\"https:\/\/compuviper.mx\/tienda\/producto\/apc-acac75009-receptor-sumergido-17-libras-r410a-dimetro-6-long-18\/\" \/>\n<meta property=\"og:site_name\" content=\"Compuviper\" \/>\n<meta property=\"article:publisher\" content=\"https:\/\/www.facebook.com\/compuviper\" \/>\n<meta property=\"og:image\" content=\"https:\/\/compuviper.mx\/tienda\/wp-content\/uploads\/2024\/09\/Receptor-sumergido-17-libras-r410a-diametro-6-long.-18.jpg\" \/>\n\t<meta property=\"og:image:width\" content=\"200\" \/>\n\t<meta property=\"og:image:height\" content=\"200\" \/>\n\t<meta property=\"og:image:type\" content=\"image\/jpeg\" \/>\n<meta name=\"twitter:card\" content=\"summary_large_image\" \/>\n<meta name=\"twitter:label1\" content=\"Precio\" \/>\n\t<meta name=\"twitter:data1\" content=\"&#36;32,878 con IVA\" \/>\n\t<meta name=\"twitter:label2\" content=\"Availability\" \/>\n\t<meta name=\"twitter:data2\" content=\"On backorder\" \/>\n<script type=\"application\/ld+json\" class=\"yoast-schema-graph\">{\"@context\":\"https:\/\/schema.org\",\"@graph\":[{\"@type\":\"WebPage\",\"@id\":\"https:\/\/compuviper.mx\/tienda\/producto\/apc-acac75009-receptor-sumergido-17-libras-r410a-dimetro-6-long-18\/\",\"url\":\"https:\/\/compuviper.mx\/tienda\/producto\/apc-acac75009-receptor-sumergido-17-libras-r410a-dimetro-6-long-18\/\",\"name\":\"[ Apc ] &#129351; Acac75009 Receptor Sumergido 17 Libras, R410a, Di\u00e1metro 6, Long. 18\",\"isPartOf\":{\"@id\":\"https:\/\/compuviper.mx\/tienda\/#website\"},\"datePublished\":\"2026-04-02T05:25:51+00:00\",\"dateModified\":\"2026-04-02T05:25:51+00:00\",\"description\":\"Compra Acac75009 Receptor Sumergido 17 Libras, R410a, Di\u00e1metro 6, Long. 18 + Env\u00edo a domicilio + Pago seguro + Garant\u00eda\",\"breadcrumb\":{\"@id\":\"https:\/\/compuviper.mx\/tienda\/producto\/apc-acac75009-receptor-sumergido-17-libras-r410a-dimetro-6-long-18\/#breadcrumb\"},\"inLanguage\":\"es-MX\",\"potentialAction\":[{\"@type\":\"ReadAction\",\"target\":[\"https:\/\/compuviper.mx\/tienda\/producto\/apc-acac75009-receptor-sumergido-17-libras-r410a-dimetro-6-long-18\/\"]}]},{\"@type\":\"BreadcrumbList\",\"@id\":\"https:\/\/compuviper.mx\/tienda\/producto\/apc-acac75009-receptor-sumergido-17-libras-r410a-dimetro-6-long-18\/#breadcrumb\",\"itemListElement\":[{\"@type\":\"ListItem\",\"position\":1,\"name\":\"Inicio\",\"item\":\"https:\/\/compuviper.mx\/tienda\/\"},{\"@type\":\"ListItem\",\"position\":2,\"name\":\"Productos\",\"item\":\"https:\/\/compuviper.mx\/tienda\/productos\/\"},{\"@type\":\"ListItem\",\"position\":3,\"name\":\"Accesorios\",\"item\":\"https:\/\/compuviper.mx\/tienda\/categoria-producto\/accesorios\/\"},{\"@type\":\"ListItem\",\"position\":4,\"name\":\"Energia\",\"item\":\"https:\/\/compuviper.mx\/tienda\/categoria-producto\/accesorios\/energia-accesorios\/\"},{\"@type\":\"ListItem\",\"position\":5,\"name\":\"Apc Acac75009 Receptor Sumergido 17 Libras, R410a, Di?metro 6, Long. 18\"}]},{\"@type\":\"WebSite\",\"@id\":\"https:\/\/compuviper.mx\/tienda\/#website\",\"url\":\"https:\/\/compuviper.mx\/tienda\/\",\"name\":\"Compuviper\",\"description\":\"Proveedor de Computadoras, Laptops, Servidores, Monitores, Puntos de Venta, Teclados,   Impresoras, T\u00f3ner, C\u00e1maras de Seguridad y m\u00e1s en tu tienda en l\u00ednea\",\"publisher\":{\"@id\":\"https:\/\/compuviper.mx\/tienda\/#organization\"},\"potentialAction\":[{\"@type\":\"SearchAction\",\"target\":{\"@type\":\"EntryPoint\",\"urlTemplate\":\"https:\/\/compuviper.mx\/tienda\/?s={search_term_string}\"},\"query-input\":\"required name=search_term_string\"}],\"inLanguage\":\"es-MX\"},{\"@type\":\"Organization\",\"@id\":\"https:\/\/compuviper.mx\/tienda\/#organization\",\"name\":\"Compuviper\",\"url\":\"https:\/\/compuviper.mx\/tienda\/\",\"logo\":{\"@type\":\"ImageObject\",\"inLanguage\":\"es-MX\",\"@id\":\"https:\/\/compuviper.mx\/tienda\/#\/schema\/logo\/image\/\",\"url\":\"https:\/\/compuviper.mx\/tienda\/wp-content\/uploads\/2021\/08\/Logo-Compuviper-10.png\",\"contentUrl\":\"https:\/\/compuviper.mx\/tienda\/wp-content\/uploads\/2021\/08\/Logo-Compuviper-10.png\",\"width\":1000,\"height\":500,\"caption\":\"Compuviper\"},\"image\":{\"@id\":\"https:\/\/compuviper.mx\/tienda\/#\/schema\/logo\/image\/\"},\"sameAs\":[\"https:\/\/www.facebook.com\/compuviper\",\"https:\/\/www.youtube.com\/channel\/UCf73dERp9Y3cfOq7q8BhLjA?view_as=subscriber\"]}]}<\/script>\n<meta property=\"product:brand\" content=\"APC\" \/>\n<meta property=\"product:price:amount\" content=\"32878\" \/>\n<meta property=\"product:price:currency\" content=\"MXN\" \/>\n<meta property=\"og:availability\" content=\"backorder\" \/>\n<meta property=\"product:availability\" content=\"available for order\" \/>\n<meta property=\"product:retailer_item_id\" content=\"ACAC75009\" \/>\n<meta property=\"product:condition\" content=\"new\" \/>\n<!-- \/ Yoast SEO plugin. -->","yoast_head_json":{"title":"[ Apc ] &#129351; Acac75009 Receptor Sumergido 17 Libras, R410a, Di\u00e1metro 6, Long. 18","description":"Compra Acac75009 Receptor Sumergido 17 Libras, R410a, Di\u00e1metro 6, Long. 18 + Env\u00edo a domicilio + Pago seguro + Garant\u00eda","robots":{"index":"index","follow":"follow","max-snippet":"max-snippet:-1","max-image-preview":"max-image-preview:large","max-video-preview":"max-video-preview:-1"},"canonical":"https:\/\/compuviper.mx\/tienda\/producto\/apc-acac75009-receptor-sumergido-17-libras-r410a-dimetro-6-long-18\/","og_locale":"es_MX","og_type":"article","og_title":"[ Apc ] &#129351; Acac75009 Receptor Sumergido 17 Libras, R410a, Di\u00e1metro 6, Long. 18","og_description":"Compra Acac75009 Receptor Sumergido 17 Libras, R410a, Di\u00e1metro 6, Long. 18 + Env\u00edo a domicilio + Pago seguro + Garant\u00eda","og_url":"https:\/\/compuviper.mx\/tienda\/producto\/apc-acac75009-receptor-sumergido-17-libras-r410a-dimetro-6-long-18\/","og_site_name":"Compuviper","article_publisher":"https:\/\/www.facebook.com\/compuviper","og_image":[{"width":200,"height":200,"url":"https:\/\/compuviper.mx\/tienda\/wp-content\/uploads\/2024\/09\/Receptor-sumergido-17-libras-r410a-diametro-6-long.-18.jpg","type":"image\/jpeg"}],"twitter_card":"summary_large_image","twitter_misc":{"Precio":"&#36;32,878 con IVA","Availability":"On backorder"},"schema":{"@context":"https:\/\/schema.org","@graph":[{"@type":"WebPage","@id":"https:\/\/compuviper.mx\/tienda\/producto\/apc-acac75009-receptor-sumergido-17-libras-r410a-dimetro-6-long-18\/","url":"https:\/\/compuviper.mx\/tienda\/producto\/apc-acac75009-receptor-sumergido-17-libras-r410a-dimetro-6-long-18\/","name":"[ Apc ] &#129351; Acac75009 Receptor Sumergido 17 Libras, R410a, Di\u00e1metro 6, Long. 18","isPartOf":{"@id":"https:\/\/compuviper.mx\/tienda\/#website"},"datePublished":"2026-04-02T05:25:51+00:00","dateModified":"2026-04-02T05:25:51+00:00","description":"Compra Acac75009 Receptor Sumergido 17 Libras, R410a, Di\u00e1metro 6, Long. 18 + Env\u00edo a domicilio + Pago seguro + Garant\u00eda","breadcrumb":{"@id":"https:\/\/compuviper.mx\/tienda\/producto\/apc-acac75009-receptor-sumergido-17-libras-r410a-dimetro-6-long-18\/#breadcrumb"},"inLanguage":"es-MX","potentialAction":[{"@type":"ReadAction","target":["https:\/\/compuviper.mx\/tienda\/producto\/apc-acac75009-receptor-sumergido-17-libras-r410a-dimetro-6-long-18\/"]}]},{"@type":"BreadcrumbList","@id":"https:\/\/compuviper.mx\/tienda\/producto\/apc-acac75009-receptor-sumergido-17-libras-r410a-dimetro-6-long-18\/#breadcrumb","itemListElement":[{"@type":"ListItem","position":1,"name":"Inicio","item":"https:\/\/compuviper.mx\/tienda\/"},{"@type":"ListItem","position":2,"name":"Productos","item":"https:\/\/compuviper.mx\/tienda\/productos\/"},{"@type":"ListItem","position":3,"name":"Accesorios","item":"https:\/\/compuviper.mx\/tienda\/categoria-producto\/accesorios\/"},{"@type":"ListItem","position":4,"name":"Energia","item":"https:\/\/compuviper.mx\/tienda\/categoria-producto\/accesorios\/energia-accesorios\/"},{"@type":"ListItem","position":5,"name":"Apc Acac75009 Receptor Sumergido 17 Libras, R410a, Di?metro 6, Long. 18"}]},{"@type":"WebSite","@id":"https:\/\/compuviper.mx\/tienda\/#website","url":"https:\/\/compuviper.mx\/tienda\/","name":"Compuviper","description":"Proveedor de Computadoras, Laptops, Servidores, Monitores, Puntos de Venta, Teclados,   Impresoras, T\u00f3ner, C\u00e1maras de Seguridad y m\u00e1s en tu tienda en l\u00ednea","publisher":{"@id":"https:\/\/compuviper.mx\/tienda\/#organization"},"potentialAction":[{"@type":"SearchAction","target":{"@type":"EntryPoint","urlTemplate":"https:\/\/compuviper.mx\/tienda\/?s={search_term_string}"},"query-input":"required name=search_term_string"}],"inLanguage":"es-MX"},{"@type":"Organization","@id":"https:\/\/compuviper.mx\/tienda\/#organization","name":"Compuviper","url":"https:\/\/compuviper.mx\/tienda\/","logo":{"@type":"ImageObject","inLanguage":"es-MX","@id":"https:\/\/compuviper.mx\/tienda\/#\/schema\/logo\/image\/","url":"https:\/\/compuviper.mx\/tienda\/wp-content\/uploads\/2021\/08\/Logo-Compuviper-10.png","contentUrl":"https:\/\/compuviper.mx\/tienda\/wp-content\/uploads\/2021\/08\/Logo-Compuviper-10.png","width":1000,"height":500,"caption":"Compuviper"},"image":{"@id":"https:\/\/compuviper.mx\/tienda\/#\/schema\/logo\/image\/"},"sameAs":["https:\/\/www.facebook.com\/compuviper","https:\/\/www.youtube.com\/channel\/UCf73dERp9Y3cfOq7q8BhLjA?view_as=subscriber"]}]},"product_brand":"APC","product_price_amount":"32878","product_price_currency":"MXN","og_availability":"backorder","product_availability":"available for order","product_retailer_item_id":"ACAC75009","product_condition":"new"},"_links":{"self":[{"href":"https:\/\/compuviper.mx\/tienda\/wp-json\/wp\/v2\/product\/229512"}],"collection":[{"href":"https:\/\/compuviper.mx\/tienda\/wp-json\/wp\/v2\/product"}],"about":[{"href":"https:\/\/compuviper.mx\/tienda\/wp-json\/wp\/v2\/types\/product"}],"replies":[{"embeddable":true,"href":"https:\/\/compuviper.mx\/tienda\/wp-json\/wp\/v2\/comments?post=229512"}],"wp:featuredmedia":[{"embeddable":true,"href":"https:\/\/compuviper.mx\/tienda\/wp-json\/wp\/v2\/media\/242027"}],"wp:attachment":[{"href":"https:\/\/compuviper.mx\/tienda\/wp-json\/wp\/v2\/media?parent=229512"}],"wp:term":[{"taxonomy":"product_cat","embeddable":true,"href":"https:\/\/compuviper.mx\/tienda\/wp-json\/wp\/v2\/product_cat?post=229512"},{"taxonomy":"product_tag","embeddable":true,"href":"https:\/\/compuviper.mx\/tienda\/wp-json\/wp\/v2\/product_tag?post=229512"}],"curies":[{"name":"wp","href":"https:\/\/api.w.org\/{rel}","templated":true}]}}