{"id":229446,"date":"2026-04-08T23:07:42","date_gmt":"2026-04-09T05:07:42","guid":{"rendered":"https:\/\/compuviper.mx\/tienda\/producto\/targus-tbb612gl-mochila-15-6-pulgadas-mobile-tech-traveler-xl-color-negro\/"},"modified":"2026-04-08T23:07:43","modified_gmt":"2026-04-09T05:07:43","slug":"targus-tbb612gl-mochila-15-6-pulgadas-mobile-tech-traveler-xl-color-negro","status":"publish","type":"product","link":"https:\/\/compuviper.mx\/tienda\/producto\/targus-tbb612gl-mochila-15-6-pulgadas-mobile-tech-traveler-xl-color-negro\/","title":{"rendered":"Targus Tbb612gl Mochila   15.6 Pulgadas Mobile Tech Traveler Xl Color Negro"},"content":{"rendered":"<table class=\"descripcion\">\n<tr>\n<td>Mochila targus tbb612gl  15.6 mobile tech traveler xl color negro haga que empacar para su viaje de trabajo sea pan comido con la mochila targus\u00ae ecosmart\u00ae mobile tech traveler de 15.6\u0094 xl. preparese para un dia de trabajo productivo fuera del sitio mientras mantiene su equipo organizado y protegido. con el sistema de proteccion de cabestrillo safeport\u00ae en su propio compartimento, su computadora portatil permanece segura, incluso si experimenta un poco de turbulencia en sus viajes. esta elegante mochila se expande de 35 l a 40 l<\/td>\n<\/tr>\n<\/table>\n","protected":false},"excerpt":{"rendered":"<p>Mochila targus tbb612gl  15.6 mobile tech traveler xl color negro esta elegante mochila se expande de 35 l a 40 l y ofrece un amplio espacio para guardar sus accesorios y otros elementos esenciales del espacio de trabajo. Sus correas ergonomicas para los hombros y su espalda acolchada de malla hacen que sea un transporte ultra comodo, mientras que sus asas en la parte superior y lateral hacen que sea facil agarrar y llevar su mochila, ya sea que este en la cajuela de su automovil o en su proximo vuelo. Caracteristica adicional: esta bolsa esta hecha de materiales reciclados.<\/p>\n","protected":false},"featured_media":229447,"comment_status":"open","ping_status":"open","template":"","meta":[],"product_cat":[1557,1558],"product_tag":[2159],"acf":[],"yoast_head":"<!-- This site is optimized with the Yoast SEO plugin v21.7 - https:\/\/yoast.com\/wordpress\/plugins\/seo\/ -->\n<title>[ Targus ] &#129351; Tbb612gl Mochila 15.6 Pulgadas Mobile Tech Traveler Xl Color Negro<\/title>\n<meta name=\"description\" content=\"Compra Tbb612gl Mochila 15.6 Pulgadas Mobile Tech Traveler Xl Color Negro + Env\u00edo a domicilio + Pago seguro + Garant\u00eda\" \/>\n<meta name=\"robots\" content=\"index, follow, max-snippet:-1, max-image-preview:large, max-video-preview:-1\" \/>\n<link rel=\"canonical\" href=\"https:\/\/compuviper.mx\/tienda\/producto\/targus-tbb612gl-mochila-15-6-pulgadas-mobile-tech-traveler-xl-color-negro\/\" \/>\n<meta property=\"og:locale\" content=\"es_MX\" \/>\n<meta property=\"og:type\" content=\"article\" \/>\n<meta property=\"og:title\" content=\"[ Targus ] &#129351; Tbb612gl Mochila 15.6 Pulgadas Mobile Tech Traveler Xl Color Negro\" \/>\n<meta property=\"og:description\" content=\"Compra Tbb612gl Mochila 15.6 Pulgadas Mobile Tech Traveler Xl Color Negro + Env\u00edo a domicilio + Pago seguro + Garant\u00eda\" \/>\n<meta property=\"og:url\" content=\"https:\/\/compuviper.mx\/tienda\/producto\/targus-tbb612gl-mochila-15-6-pulgadas-mobile-tech-traveler-xl-color-negro\/\" \/>\n<meta property=\"og:site_name\" content=\"Compuviper\" \/>\n<meta property=\"article:publisher\" content=\"https:\/\/www.facebook.com\/compuviper\" \/>\n<meta property=\"article:modified_time\" content=\"2026-04-09T05:07:43+00:00\" \/>\n<meta property=\"og:image\" content=\"https:\/\/compuviper.mx\/tienda\/wp-content\/uploads\/2024\/01\/Mochila-targus-tbb612gl-15.6-pulgadas-mobile-tech-traveler-xl-color-negro.jpg\" \/>\n\t<meta property=\"og:image:width\" content=\"200\" \/>\n\t<meta property=\"og:image:height\" content=\"200\" \/>\n\t<meta property=\"og:image:type\" content=\"image\/jpeg\" \/>\n<meta name=\"twitter:card\" content=\"summary_large_image\" \/>\n<meta name=\"twitter:label1\" content=\"Precio\" \/>\n\t<meta name=\"twitter:data1\" content=\"&#36;1,648 con IVA\" \/>\n\t<meta name=\"twitter:label2\" content=\"Availability\" \/>\n\t<meta name=\"twitter:data2\" content=\"In stock\" \/>\n<script type=\"application\/ld+json\" class=\"yoast-schema-graph\">{\"@context\":\"https:\/\/schema.org\",\"@graph\":[{\"@type\":\"WebPage\",\"@id\":\"https:\/\/compuviper.mx\/tienda\/producto\/targus-tbb612gl-mochila-15-6-pulgadas-mobile-tech-traveler-xl-color-negro\/\",\"url\":\"https:\/\/compuviper.mx\/tienda\/producto\/targus-tbb612gl-mochila-15-6-pulgadas-mobile-tech-traveler-xl-color-negro\/\",\"name\":\"[ Targus ] &#129351; Tbb612gl Mochila 15.6 Pulgadas Mobile Tech Traveler Xl Color Negro\",\"isPartOf\":{\"@id\":\"https:\/\/compuviper.mx\/tienda\/#website\"},\"datePublished\":\"2026-04-09T05:07:42+00:00\",\"dateModified\":\"2026-04-09T05:07:43+00:00\",\"description\":\"Compra Tbb612gl Mochila 15.6 Pulgadas Mobile Tech Traveler Xl Color Negro + Env\u00edo a domicilio + Pago seguro + Garant\u00eda\",\"breadcrumb\":{\"@id\":\"https:\/\/compuviper.mx\/tienda\/producto\/targus-tbb612gl-mochila-15-6-pulgadas-mobile-tech-traveler-xl-color-negro\/#breadcrumb\"},\"inLanguage\":\"es-MX\",\"potentialAction\":[{\"@type\":\"ReadAction\",\"target\":[\"https:\/\/compuviper.mx\/tienda\/producto\/targus-tbb612gl-mochila-15-6-pulgadas-mobile-tech-traveler-xl-color-negro\/\"]}]},{\"@type\":\"BreadcrumbList\",\"@id\":\"https:\/\/compuviper.mx\/tienda\/producto\/targus-tbb612gl-mochila-15-6-pulgadas-mobile-tech-traveler-xl-color-negro\/#breadcrumb\",\"itemListElement\":[{\"@type\":\"ListItem\",\"position\":1,\"name\":\"Inicio\",\"item\":\"https:\/\/compuviper.mx\/tienda\/\"},{\"@type\":\"ListItem\",\"position\":2,\"name\":\"Productos\",\"item\":\"https:\/\/compuviper.mx\/tienda\/productos\/\"},{\"@type\":\"ListItem\",\"position\":3,\"name\":\"Back Pack (mochila)\",\"item\":\"https:\/\/compuviper.mx\/tienda\/categoria-producto\/back-pack-mochila\/\"},{\"@type\":\"ListItem\",\"position\":4,\"name\":\"Sin Categor\u00eda\",\"item\":\"https:\/\/compuviper.mx\/tienda\/categoria-producto\/back-pack-mochila\/sin-categoria-back-pack-mochila\/\"},{\"@type\":\"ListItem\",\"position\":5,\"name\":\"Targus Tbb612gl Mochila 15.6 Pulgadas Mobile Tech Traveler Xl Color Negro\"}]},{\"@type\":\"WebSite\",\"@id\":\"https:\/\/compuviper.mx\/tienda\/#website\",\"url\":\"https:\/\/compuviper.mx\/tienda\/\",\"name\":\"Compuviper\",\"description\":\"Proveedor de Computadoras, Laptops, Servidores, Monitores, Puntos de Venta, Teclados,   Impresoras, T\u00f3ner, C\u00e1maras de Seguridad y m\u00e1s en tu tienda en l\u00ednea\",\"publisher\":{\"@id\":\"https:\/\/compuviper.mx\/tienda\/#organization\"},\"potentialAction\":[{\"@type\":\"SearchAction\",\"target\":{\"@type\":\"EntryPoint\",\"urlTemplate\":\"https:\/\/compuviper.mx\/tienda\/?s={search_term_string}\"},\"query-input\":\"required name=search_term_string\"}],\"inLanguage\":\"es-MX\"},{\"@type\":\"Organization\",\"@id\":\"https:\/\/compuviper.mx\/tienda\/#organization\",\"name\":\"Compuviper\",\"url\":\"https:\/\/compuviper.mx\/tienda\/\",\"logo\":{\"@type\":\"ImageObject\",\"inLanguage\":\"es-MX\",\"@id\":\"https:\/\/compuviper.mx\/tienda\/#\/schema\/logo\/image\/\",\"url\":\"https:\/\/compuviper.mx\/tienda\/wp-content\/uploads\/2021\/08\/Logo-Compuviper-10.png\",\"contentUrl\":\"https:\/\/compuviper.mx\/tienda\/wp-content\/uploads\/2021\/08\/Logo-Compuviper-10.png\",\"width\":1000,\"height\":500,\"caption\":\"Compuviper\"},\"image\":{\"@id\":\"https:\/\/compuviper.mx\/tienda\/#\/schema\/logo\/image\/\"},\"sameAs\":[\"https:\/\/www.facebook.com\/compuviper\",\"https:\/\/www.youtube.com\/channel\/UCf73dERp9Y3cfOq7q8BhLjA?view_as=subscriber\"]}]}<\/script>\n<meta property=\"product:brand\" content=\"Targus\" \/>\n<meta property=\"product:price:amount\" content=\"1648\" \/>\n<meta property=\"product:price:currency\" content=\"MXN\" \/>\n<meta property=\"og:availability\" content=\"instock\" \/>\n<meta property=\"product:availability\" content=\"instock\" \/>\n<meta property=\"product:retailer_item_id\" content=\"TBB612GL\" \/>\n<meta property=\"product:condition\" content=\"new\" \/>\n<!-- \/ Yoast SEO plugin. -->","yoast_head_json":{"title":"[ Targus ] &#129351; Tbb612gl Mochila 15.6 Pulgadas Mobile Tech Traveler Xl Color Negro","description":"Compra Tbb612gl Mochila 15.6 Pulgadas Mobile Tech Traveler Xl Color Negro + Env\u00edo a domicilio + Pago seguro + Garant\u00eda","robots":{"index":"index","follow":"follow","max-snippet":"max-snippet:-1","max-image-preview":"max-image-preview:large","max-video-preview":"max-video-preview:-1"},"canonical":"https:\/\/compuviper.mx\/tienda\/producto\/targus-tbb612gl-mochila-15-6-pulgadas-mobile-tech-traveler-xl-color-negro\/","og_locale":"es_MX","og_type":"article","og_title":"[ Targus ] &#129351; Tbb612gl Mochila 15.6 Pulgadas Mobile Tech Traveler Xl Color Negro","og_description":"Compra Tbb612gl Mochila 15.6 Pulgadas Mobile Tech Traveler Xl Color Negro + Env\u00edo a domicilio + Pago seguro + Garant\u00eda","og_url":"https:\/\/compuviper.mx\/tienda\/producto\/targus-tbb612gl-mochila-15-6-pulgadas-mobile-tech-traveler-xl-color-negro\/","og_site_name":"Compuviper","article_publisher":"https:\/\/www.facebook.com\/compuviper","article_modified_time":"2026-04-09T05:07:43+00:00","og_image":[{"width":200,"height":200,"url":"https:\/\/compuviper.mx\/tienda\/wp-content\/uploads\/2024\/01\/Mochila-targus-tbb612gl-15.6-pulgadas-mobile-tech-traveler-xl-color-negro.jpg","type":"image\/jpeg"}],"twitter_card":"summary_large_image","twitter_misc":{"Precio":"&#36;1,648 con IVA","Availability":"In stock"},"schema":{"@context":"https:\/\/schema.org","@graph":[{"@type":"WebPage","@id":"https:\/\/compuviper.mx\/tienda\/producto\/targus-tbb612gl-mochila-15-6-pulgadas-mobile-tech-traveler-xl-color-negro\/","url":"https:\/\/compuviper.mx\/tienda\/producto\/targus-tbb612gl-mochila-15-6-pulgadas-mobile-tech-traveler-xl-color-negro\/","name":"[ Targus ] &#129351; Tbb612gl Mochila 15.6 Pulgadas Mobile Tech Traveler Xl Color Negro","isPartOf":{"@id":"https:\/\/compuviper.mx\/tienda\/#website"},"datePublished":"2026-04-09T05:07:42+00:00","dateModified":"2026-04-09T05:07:43+00:00","description":"Compra Tbb612gl Mochila 15.6 Pulgadas Mobile Tech Traveler Xl Color Negro + Env\u00edo a domicilio + Pago seguro + Garant\u00eda","breadcrumb":{"@id":"https:\/\/compuviper.mx\/tienda\/producto\/targus-tbb612gl-mochila-15-6-pulgadas-mobile-tech-traveler-xl-color-negro\/#breadcrumb"},"inLanguage":"es-MX","potentialAction":[{"@type":"ReadAction","target":["https:\/\/compuviper.mx\/tienda\/producto\/targus-tbb612gl-mochila-15-6-pulgadas-mobile-tech-traveler-xl-color-negro\/"]}]},{"@type":"BreadcrumbList","@id":"https:\/\/compuviper.mx\/tienda\/producto\/targus-tbb612gl-mochila-15-6-pulgadas-mobile-tech-traveler-xl-color-negro\/#breadcrumb","itemListElement":[{"@type":"ListItem","position":1,"name":"Inicio","item":"https:\/\/compuviper.mx\/tienda\/"},{"@type":"ListItem","position":2,"name":"Productos","item":"https:\/\/compuviper.mx\/tienda\/productos\/"},{"@type":"ListItem","position":3,"name":"Back Pack (mochila)","item":"https:\/\/compuviper.mx\/tienda\/categoria-producto\/back-pack-mochila\/"},{"@type":"ListItem","position":4,"name":"Sin Categor\u00eda","item":"https:\/\/compuviper.mx\/tienda\/categoria-producto\/back-pack-mochila\/sin-categoria-back-pack-mochila\/"},{"@type":"ListItem","position":5,"name":"Targus Tbb612gl Mochila 15.6 Pulgadas Mobile Tech Traveler Xl Color Negro"}]},{"@type":"WebSite","@id":"https:\/\/compuviper.mx\/tienda\/#website","url":"https:\/\/compuviper.mx\/tienda\/","name":"Compuviper","description":"Proveedor de Computadoras, Laptops, Servidores, Monitores, Puntos de Venta, Teclados,   Impresoras, T\u00f3ner, C\u00e1maras de Seguridad y m\u00e1s en tu tienda en l\u00ednea","publisher":{"@id":"https:\/\/compuviper.mx\/tienda\/#organization"},"potentialAction":[{"@type":"SearchAction","target":{"@type":"EntryPoint","urlTemplate":"https:\/\/compuviper.mx\/tienda\/?s={search_term_string}"},"query-input":"required name=search_term_string"}],"inLanguage":"es-MX"},{"@type":"Organization","@id":"https:\/\/compuviper.mx\/tienda\/#organization","name":"Compuviper","url":"https:\/\/compuviper.mx\/tienda\/","logo":{"@type":"ImageObject","inLanguage":"es-MX","@id":"https:\/\/compuviper.mx\/tienda\/#\/schema\/logo\/image\/","url":"https:\/\/compuviper.mx\/tienda\/wp-content\/uploads\/2021\/08\/Logo-Compuviper-10.png","contentUrl":"https:\/\/compuviper.mx\/tienda\/wp-content\/uploads\/2021\/08\/Logo-Compuviper-10.png","width":1000,"height":500,"caption":"Compuviper"},"image":{"@id":"https:\/\/compuviper.mx\/tienda\/#\/schema\/logo\/image\/"},"sameAs":["https:\/\/www.facebook.com\/compuviper","https:\/\/www.youtube.com\/channel\/UCf73dERp9Y3cfOq7q8BhLjA?view_as=subscriber"]}]},"product_brand":"Targus","product_price_amount":"1648","product_price_currency":"MXN","og_availability":"instock","product_availability":"instock","product_retailer_item_id":"TBB612GL","product_condition":"new"},"_links":{"self":[{"href":"https:\/\/compuviper.mx\/tienda\/wp-json\/wp\/v2\/product\/229446"}],"collection":[{"href":"https:\/\/compuviper.mx\/tienda\/wp-json\/wp\/v2\/product"}],"about":[{"href":"https:\/\/compuviper.mx\/tienda\/wp-json\/wp\/v2\/types\/product"}],"replies":[{"embeddable":true,"href":"https:\/\/compuviper.mx\/tienda\/wp-json\/wp\/v2\/comments?post=229446"}],"wp:featuredmedia":[{"embeddable":true,"href":"https:\/\/compuviper.mx\/tienda\/wp-json\/wp\/v2\/media\/229447"}],"wp:attachment":[{"href":"https:\/\/compuviper.mx\/tienda\/wp-json\/wp\/v2\/media?parent=229446"}],"wp:term":[{"taxonomy":"product_cat","embeddable":true,"href":"https:\/\/compuviper.mx\/tienda\/wp-json\/wp\/v2\/product_cat?post=229446"},{"taxonomy":"product_tag","embeddable":true,"href":"https:\/\/compuviper.mx\/tienda\/wp-json\/wp\/v2\/product_tag?post=229446"}],"curies":[{"name":"wp","href":"https:\/\/api.w.org\/{rel}","templated":true}]}}