{"id":229445,"date":"2026-04-14T02:04:16","date_gmt":"2026-04-14T08:04:16","guid":{"rendered":"https:\/\/compuviper.mx\/tienda\/producto\/poly-772c2aa-altavoz-manos-libres-sync-60-usb-a-c-bluetooth-ideal-para-salas-medianas-incluye-fuente-de-alimentacion\/"},"modified":"2026-04-14T02:04:16","modified_gmt":"2026-04-14T08:04:16","slug":"poly-772c2aa-altavoz-manos-libres-sync-60-usb-a-c-bluetooth-ideal-para-salas-medianas-incluye-fuente-de-alimentacion","status":"publish","type":"product","link":"https:\/\/compuviper.mx\/tienda\/producto\/poly-772c2aa-altavoz-manos-libres-sync-60-usb-a-c-bluetooth-ideal-para-salas-medianas-incluye-fuente-de-alimentacion\/","title":{"rendered":"Poly 772c2aa Altavoz Manos Libres   Sync 60 \/ Usb-a\/c Bluetooth Ideal Para Salas Medianas Incluye Fuente De Alimentacion"},"content":{"rendered":"<table class=\"descripcion\">\n<tr>\n<td>Especificaciones<\/td>\n<\/tr>\n<tr>\n<td>Se conecta a<\/td>\n<\/tr>\n<tr>\n<td>\u0095 pc a trav\u00e9s de usb\/usb-c<\/td>\n<\/tr>\n<tr>\n<td>\u0095 tel\u00e9fono inteligente mediante<\/td>\n<\/tr>\n<tr>\n<td>Bluetooth<\/td>\n<\/tr>\n<tr>\n<td>Compatible con<\/td>\n<\/tr>\n<tr>\n<td>\u0095 windows\u00ae o mac os<\/td>\n<\/tr>\n<tr>\n<td>Caracter\u00edsticas de la interfaz<\/td>\n<\/tr>\n<tr>\n<td>De usuario<\/td>\n<\/tr>\n<tr>\n<td>\u0095 controles t\u00e1ctiles de usuario para:<\/td>\n<\/tr>\n<tr>\n<td>&#8211; contestar\/terminar una llamada<\/td>\n<\/tr>\n<tr>\n<td>&#8211; silenciar<\/td>\n<\/tr>\n<tr>\n<td>&#8211; subir y bajar el volumen<\/td>\n<\/tr>\n<tr>\n<td>&#8211; bot\u00f3n de funci\u00f3n programable<\/td>\n<\/tr>\n<tr>\n<td>&#8211; emparejarlo por bluetooth<\/td>\n<\/tr>\n<tr>\n<td>&#8211; usar microsoft teams (solo versiones<\/td>\n<\/tr>\n<tr>\n<td>De microsoft teams)<\/td>\n<\/tr>\n<tr>\n<td>\u0095 controles de usuario con botones que<\/td>\n<\/tr>\n<tr>\n<td>Se deben presionar para:<\/td>\n<\/tr>\n<tr>\n<td>&#8211; encendido\/apagado<\/td>\n<\/tr>\n<tr>\n<td>&#8211; conexi\u00f3n en cadena inal\u00e1mbrica<\/td>\n<\/tr>\n<tr>\n<td>\u0095 dos barras de luz de estado con alta<\/td>\n<\/tr>\n<tr>\n<td>Visibilidad para una indicaci\u00f3n del<\/td>\n<\/tr>\n<tr>\n<td>Estado de la llamada de 360 grados y<\/td>\n<\/tr>\n<tr>\n<td>Seguimiento del interlocutor activo<\/td>\n<\/tr>\n<tr>\n<td>\u0095 cable usb-a y usb-c combinado<\/td>\n<\/tr>\n<tr>\n<td>\u0095 dos puertos usb-a para cargar el<\/td>\n<\/tr>\n<tr>\n<td>Tel\u00e9fono inteligente<\/td>\n<\/tr>\n<tr>\n<td>\u0095 un puerto usb-a de conexi\u00f3n directa<\/td>\n<\/tr>\n<tr>\n<td>Para la conexi\u00f3n de la c\u00e1mara de video<\/td>\n<\/tr>\n<tr>\n<td>\u0095 conector de seguridad<\/td>\n<\/tr>\n<tr>\n<td>Kensington<\/td>\n<\/tr>\n<tr>\n<td>Inal\u00e1mbricos<\/td>\n<\/tr>\n<tr>\n<td>\u0095 contacto nfc para emparejar<\/td>\n<\/tr>\n<tr>\n<td>Dispositivos con nfc<\/td>\n<\/tr>\n<tr>\n<td>\u0095 bluetooth v5.1<\/td>\n<\/tr>\n<tr>\n<td>\u0095 perfiles bluetooth compatibles:<\/td>\n<\/tr>\n<tr>\n<td>&#8211; a2dp<\/td>\n<\/tr>\n<tr>\n<td>&#8211; avrcp<\/td>\n<\/tr>\n<tr>\n<td>&#8211; hfp<\/td>\n<\/tr>\n<tr>\n<td>&#8211; hsp<\/td>\n<\/tr>\n<tr>\n<td>&#8211; ble<\/td>\n<\/tr>\n<tr>\n<td>\u0095 conecta de manera inal\u00e1mbrica dos<\/td>\n<\/tr>\n<tr>\n<td>Unidades poly sync 60 en conjunto<\/td>\n<\/tr>\n<tr>\n<td>Para salas de reuniones m\u00e1s grandes<\/td>\n<\/tr>\n<tr>\n<td>(cuando se conecta de manera<\/td>\n<\/tr>\n<tr>\n<td>Inal\u00e1mbrica a una pc o un tel\u00e9fono<\/td>\n<\/tr>\n<tr>\n<td>Inteligente a trav\u00e9s de bluetooth)<\/td>\n<\/tr>\n<tr>\n<td>\u0095 modos bluetooth privados o<\/td>\n<\/tr>\n<tr>\n<td>Compartidos para un uso personal o<\/td>\n<\/tr>\n<tr>\n<td>Com\u00fan en reuniones<\/td>\n<\/tr>\n<tr>\n<td>Funciones de audio<\/td>\n<\/tr>\n<tr>\n<td>\u0095 conjunto dirigible de seis micr\u00f3fonos<\/td>\n<\/tr>\n<tr>\n<td>\u0095 rango de captaci\u00f3n del micr\u00f3fono:<\/td>\n<\/tr>\n<tr>\n<td>&#8211; hasta 3 m<\/td>\n<\/tr>\n<tr>\n<td>\u0095 ideal para salas de:<\/td>\n<\/tr>\n<tr>\n<td>&#8211; hasta 6 m x 6 m (16 pies x 16 pies)<\/td>\n<\/tr>\n<tr>\n<td>\u0095 respuesta de frecuencia del micr\u00f3fono<\/td>\n<\/tr>\n<tr>\n<td>&#8211; de 100 hz a 6,7 khz<\/td>\n<\/tr>\n<tr>\n<td>\u0095 audio full d\u00faplex<\/td>\n<\/tr>\n<tr>\n<td>\u0095 reducci\u00f3n de ruido y de eco<\/td>\n<\/tr>\n<tr>\n<td>\u0095 altavoces:<\/td>\n<\/tr>\n<tr>\n<td>&#8211; 2 altavoces de m\u00fasica de alto<\/td>\n<\/tr>\n<tr>\n<td>Rendimiento de 50 mm<\/td>\n<\/tr>\n<tr>\n<td>\u0095 respuesta de frecuencia de altavoz<\/td>\n<\/tr>\n<tr>\n<td>&#8211; de 75 hz a 20 khz<\/td>\n<\/tr>\n<tr>\n<td>\u0095 reflector de bajos con radiadores<\/td>\n<\/tr>\n<tr>\n<td>Pasivos dobles<\/td>\n<\/tr>\n<tr>\n<td>Dimensiones<\/td>\n<\/tr>\n<tr>\n<td>\u0095 37 x 122 x 394 mm<\/td>\n<\/tr>\n<tr>\n<td>\u0095 1,5 x 4,8 x 15,5<\/td>\n<\/tr>\n<tr>\n<td>Peso<\/td>\n<\/tr>\n<tr>\n<td>\u0095 1000 g\/35 oz<\/td>\n<\/tr>\n<tr>\n<td>Longitud del cable<\/td>\n<\/tr>\n<tr>\n<td>\u0095 1500 mm (59)<\/td>\n<\/tr>\n<tr>\n<td>Accesorios (incluidos)<\/td>\n<\/tr>\n<tr>\n<td>\u0095 fuente de alimentaci\u00f3n principal con<\/td>\n<\/tr>\n<tr>\n<td>Adaptadores de pines globales<\/td>\n<\/tr>\n<tr>\n<td>\u0095 cable usb con conectores usb-a y<\/td>\n<\/tr>\n<tr>\n<td>Usb-c<\/td>\n<\/tr>\n<tr>\n<td>Accesorios (opcional)<\/td>\n<\/tr>\n<tr>\n<td>\u0095 adaptador usb bluetooth bt600<\/td>\n<\/tr>\n<tr>\n<td>Garant\u00eda limitada a nivel mundial<\/td>\n<\/tr>\n<tr>\n<td>\u0095 2 a\u00f1os de garant\u00eda<\/td>\n<\/tr>\n<tr>\n<td>Aplicaciones compatibles<\/td>\n<\/tr>\n<tr>\n<td>\u0095 versiones de escritorio de<\/td>\n<\/tr>\n<tr>\n<td>Plantronics hub<\/td>\n<\/tr>\n<tr>\n<td>\u0095 conjuntos de plantronics manager pro:<\/td>\n<\/tr>\n<tr>\n<td>&#8211; administraci\u00f3n y adopci\u00f3n de<\/td>\n<\/tr>\n<tr>\n<td>Activos.<\/td>\n<\/tr>\n<tr>\n<td>Certificaci\u00f3n de plataformas<\/td>\n<\/tr>\n<tr>\n<td>\u0095 microsoft teams* (pendiente)<\/td>\n<\/tr>\n<tr>\n<td>\u0095 zoom (pendiente)<\/td>\n<\/tr>\n<tr>\n<td>\u0095 compatible con una amplia gama de<\/td>\n<\/tr>\n<tr>\n<td>Plataformas<\/td>\n<\/tr>\n<tr>\n<td>*solo en la versi\u00f3n de microsoft teams<\/td>\n<\/tr>\n<\/table>\n","protected":false},"excerpt":{"rendered":"<p>Todos merecen escuchar la reuni\u00f3n por completo, fuerte y claro. El altavoz. Manos libres inteligente usb\/bluetooth\u00ae poly sync 60 llena las salas de. Conferencias peque\u00f1as a medianas con un sonido excepcional, con dos. Altavoces potentes. Hazte escuchar con un conjunto de seis micr\u00f3fonos que. Se centran en las voces, no en el ruido, incluso desde el otro extremo de una. Sala. Y si las personas de ambos extremos hablan al mismo tiempo, lo que. Se dice se escucha de forma tan natural que nadie se pierde una palabra. Conecta cualquier dispositivo con las opciones de conectividad usb-a. Usb-c y bluetooth, simplemente con\u00e9ctalo y comienza a hablar. \u00bfnecesitas. Un sonido m\u00e1s potente en salas m\u00e1s grandes? empareja f\u00e1cilmente dos. Unidades para una captaci\u00f3n de voz m\u00e1s amplia. No hay nada m\u00e1s sencillo. Para realizar conferencias. \u0095 la atenci\u00f3n se centra en las voces de la conferencia, no en el ruido de fondo. Con el conjunto dirigible de seis micr\u00f3fonos que reduce el eco y el ruido. \u0095 las conversaciones fluyen naturalmente, incluso con locutores simult\u00e1neos. Que se superponen con audio full d\u00faplex. \u0095 los altavoces de alto rendimiento permiten que los usuarios escuchen con. Claridad y mantengan la productividad. \u0095 experimenta un audio m\u00e1s intenso gracias al sistema reflector de bajos con. Radiadores pasivos dobles que brinda voces naturales y graves profundos. \u0095 las voces se escuchan a un volumen consistente, independientemente. De la distancia a la que est\u00e9 el interlocutor de la unidad, con control de. Ganancia adaptable<\/p>\n","protected":false},"featured_media":234582,"comment_status":"open","ping_status":"open","template":"","meta":[],"product_cat":[1817,1823],"product_tag":[2035],"acf":[],"yoast_head":"<!-- This site is optimized with the Yoast SEO plugin v21.7 - https:\/\/yoast.com\/wordpress\/plugins\/seo\/ -->\n<title>[ Poly ] &#129351; 772c2aa Altavoz Manos Libres Sync 60 \/ Usb-a\/c Bluetooth Ideal Para Salas Medianas Incluye Fuente De Alimentacion<\/title>\n<meta name=\"description\" content=\"Compra 772c2aa Altavoz Manos Libres Sync 60 \/ Usb-a\/c Bluetooth Ideal Para Salas Medianas Incluye Fuente De Alimentacion + Env\u00edo a domicilio + Pago seguro + Garant\u00eda\" \/>\n<meta name=\"robots\" content=\"index, follow, max-snippet:-1, max-image-preview:large, max-video-preview:-1\" \/>\n<link rel=\"canonical\" href=\"https:\/\/compuviper.mx\/tienda\/producto\/poly-772c2aa-altavoz-manos-libres-sync-60-usb-a-c-bluetooth-ideal-para-salas-medianas-incluye-fuente-de-alimentacion\/\" \/>\n<meta property=\"og:locale\" content=\"es_MX\" \/>\n<meta property=\"og:type\" content=\"article\" \/>\n<meta property=\"og:title\" content=\"[ Poly ] &#129351; 772c2aa Altavoz Manos Libres Sync 60 \/ Usb-a\/c Bluetooth Ideal Para Salas Medianas Incluye Fuente De Alimentacion\" \/>\n<meta property=\"og:description\" content=\"Compra 772c2aa Altavoz Manos Libres Sync 60 \/ Usb-a\/c Bluetooth Ideal Para Salas Medianas Incluye Fuente De Alimentacion + Env\u00edo a domicilio + Pago seguro + Garant\u00eda\" \/>\n<meta property=\"og:url\" content=\"https:\/\/compuviper.mx\/tienda\/producto\/poly-772c2aa-altavoz-manos-libres-sync-60-usb-a-c-bluetooth-ideal-para-salas-medianas-incluye-fuente-de-alimentacion\/\" \/>\n<meta property=\"og:site_name\" content=\"Compuviper\" \/>\n<meta property=\"article:publisher\" content=\"https:\/\/www.facebook.com\/compuviper\" \/>\n<meta property=\"og:image\" content=\"https:\/\/compuviper.mx\/tienda\/wp-content\/uploads\/2024\/05\/Altavoz-manos-libres-772c2aa-poly-sync-60-usb-ac-bluetooth-ideal-para-salas-medianas-incluye-fuente-de-alimentacion.jpg\" \/>\n\t<meta property=\"og:image:width\" content=\"200\" \/>\n\t<meta property=\"og:image:height\" content=\"200\" \/>\n\t<meta property=\"og:image:type\" content=\"image\/jpeg\" \/>\n<meta name=\"twitter:card\" content=\"summary_large_image\" \/>\n<meta name=\"twitter:label1\" content=\"Precio\" \/>\n\t<meta name=\"twitter:data1\" content=\"&#36;10,718 con IVA\" \/>\n\t<meta name=\"twitter:label2\" content=\"Availability\" \/>\n\t<meta name=\"twitter:data2\" content=\"On backorder\" \/>\n<script type=\"application\/ld+json\" class=\"yoast-schema-graph\">{\"@context\":\"https:\/\/schema.org\",\"@graph\":[{\"@type\":\"WebPage\",\"@id\":\"https:\/\/compuviper.mx\/tienda\/producto\/poly-772c2aa-altavoz-manos-libres-sync-60-usb-a-c-bluetooth-ideal-para-salas-medianas-incluye-fuente-de-alimentacion\/\",\"url\":\"https:\/\/compuviper.mx\/tienda\/producto\/poly-772c2aa-altavoz-manos-libres-sync-60-usb-a-c-bluetooth-ideal-para-salas-medianas-incluye-fuente-de-alimentacion\/\",\"name\":\"[ Poly ] &#129351; 772c2aa Altavoz Manos Libres Sync 60 \/ Usb-a\/c Bluetooth Ideal Para Salas Medianas Incluye Fuente De Alimentacion\",\"isPartOf\":{\"@id\":\"https:\/\/compuviper.mx\/tienda\/#website\"},\"datePublished\":\"2026-04-14T08:04:16+00:00\",\"dateModified\":\"2026-04-14T08:04:16+00:00\",\"description\":\"Compra 772c2aa Altavoz Manos Libres Sync 60 \/ Usb-a\/c Bluetooth Ideal Para Salas Medianas Incluye Fuente De Alimentacion + Env\u00edo a domicilio + Pago seguro + Garant\u00eda\",\"breadcrumb\":{\"@id\":\"https:\/\/compuviper.mx\/tienda\/producto\/poly-772c2aa-altavoz-manos-libres-sync-60-usb-a-c-bluetooth-ideal-para-salas-medianas-incluye-fuente-de-alimentacion\/#breadcrumb\"},\"inLanguage\":\"es-MX\",\"potentialAction\":[{\"@type\":\"ReadAction\",\"target\":[\"https:\/\/compuviper.mx\/tienda\/producto\/poly-772c2aa-altavoz-manos-libres-sync-60-usb-a-c-bluetooth-ideal-para-salas-medianas-incluye-fuente-de-alimentacion\/\"]}]},{\"@type\":\"BreadcrumbList\",\"@id\":\"https:\/\/compuviper.mx\/tienda\/producto\/poly-772c2aa-altavoz-manos-libres-sync-60-usb-a-c-bluetooth-ideal-para-salas-medianas-incluye-fuente-de-alimentacion\/#breadcrumb\",\"itemListElement\":[{\"@type\":\"ListItem\",\"position\":1,\"name\":\"Inicio\",\"item\":\"https:\/\/compuviper.mx\/tienda\/\"},{\"@type\":\"ListItem\",\"position\":2,\"name\":\"Productos\",\"item\":\"https:\/\/compuviper.mx\/tienda\/productos\/\"},{\"@type\":\"ListItem\",\"position\":3,\"name\":\"Bocinas\",\"item\":\"https:\/\/compuviper.mx\/tienda\/categoria-producto\/bocinas\/\"},{\"@type\":\"ListItem\",\"position\":4,\"name\":\"Bocinas Bluetooth\",\"item\":\"https:\/\/compuviper.mx\/tienda\/categoria-producto\/bocinas\/bocinas-bluetooth\/\"},{\"@type\":\"ListItem\",\"position\":5,\"name\":\"Poly 772c2aa Altavoz Manos Libres Sync 60 \/ Usb-a\/c Bluetooth Ideal Para Salas Medianas Incluye Fuente De Alimentacion\"}]},{\"@type\":\"WebSite\",\"@id\":\"https:\/\/compuviper.mx\/tienda\/#website\",\"url\":\"https:\/\/compuviper.mx\/tienda\/\",\"name\":\"Compuviper\",\"description\":\"Proveedor de Computadoras, Laptops, Servidores, Monitores, Puntos de Venta, Teclados,   Impresoras, T\u00f3ner, C\u00e1maras de Seguridad y m\u00e1s en tu tienda en l\u00ednea\",\"publisher\":{\"@id\":\"https:\/\/compuviper.mx\/tienda\/#organization\"},\"potentialAction\":[{\"@type\":\"SearchAction\",\"target\":{\"@type\":\"EntryPoint\",\"urlTemplate\":\"https:\/\/compuviper.mx\/tienda\/?s={search_term_string}\"},\"query-input\":\"required name=search_term_string\"}],\"inLanguage\":\"es-MX\"},{\"@type\":\"Organization\",\"@id\":\"https:\/\/compuviper.mx\/tienda\/#organization\",\"name\":\"Compuviper\",\"url\":\"https:\/\/compuviper.mx\/tienda\/\",\"logo\":{\"@type\":\"ImageObject\",\"inLanguage\":\"es-MX\",\"@id\":\"https:\/\/compuviper.mx\/tienda\/#\/schema\/logo\/image\/\",\"url\":\"https:\/\/compuviper.mx\/tienda\/wp-content\/uploads\/2021\/08\/Logo-Compuviper-10.png\",\"contentUrl\":\"https:\/\/compuviper.mx\/tienda\/wp-content\/uploads\/2021\/08\/Logo-Compuviper-10.png\",\"width\":1000,\"height\":500,\"caption\":\"Compuviper\"},\"image\":{\"@id\":\"https:\/\/compuviper.mx\/tienda\/#\/schema\/logo\/image\/\"},\"sameAs\":[\"https:\/\/www.facebook.com\/compuviper\",\"https:\/\/www.youtube.com\/channel\/UCf73dERp9Y3cfOq7q8BhLjA?view_as=subscriber\"]}]}<\/script>\n<meta property=\"product:brand\" content=\"POLY\" \/>\n<meta property=\"product:price:amount\" content=\"10718\" \/>\n<meta property=\"product:price:currency\" content=\"MXN\" \/>\n<meta property=\"og:availability\" content=\"backorder\" \/>\n<meta property=\"product:availability\" content=\"available for order\" \/>\n<meta property=\"product:retailer_item_id\" content=\"772C2AA\" \/>\n<meta property=\"product:condition\" content=\"new\" \/>\n<!-- \/ Yoast SEO plugin. -->","yoast_head_json":{"title":"[ Poly ] &#129351; 772c2aa Altavoz Manos Libres Sync 60 \/ Usb-a\/c Bluetooth Ideal Para Salas Medianas Incluye Fuente De Alimentacion","description":"Compra 772c2aa Altavoz Manos Libres Sync 60 \/ Usb-a\/c Bluetooth Ideal Para Salas Medianas Incluye Fuente De Alimentacion + Env\u00edo a domicilio + Pago seguro + Garant\u00eda","robots":{"index":"index","follow":"follow","max-snippet":"max-snippet:-1","max-image-preview":"max-image-preview:large","max-video-preview":"max-video-preview:-1"},"canonical":"https:\/\/compuviper.mx\/tienda\/producto\/poly-772c2aa-altavoz-manos-libres-sync-60-usb-a-c-bluetooth-ideal-para-salas-medianas-incluye-fuente-de-alimentacion\/","og_locale":"es_MX","og_type":"article","og_title":"[ Poly ] &#129351; 772c2aa Altavoz Manos Libres Sync 60 \/ Usb-a\/c Bluetooth Ideal Para Salas Medianas Incluye Fuente De Alimentacion","og_description":"Compra 772c2aa Altavoz Manos Libres Sync 60 \/ Usb-a\/c Bluetooth Ideal Para Salas Medianas Incluye Fuente De Alimentacion + Env\u00edo a domicilio + Pago seguro + Garant\u00eda","og_url":"https:\/\/compuviper.mx\/tienda\/producto\/poly-772c2aa-altavoz-manos-libres-sync-60-usb-a-c-bluetooth-ideal-para-salas-medianas-incluye-fuente-de-alimentacion\/","og_site_name":"Compuviper","article_publisher":"https:\/\/www.facebook.com\/compuviper","og_image":[{"width":200,"height":200,"url":"https:\/\/compuviper.mx\/tienda\/wp-content\/uploads\/2024\/05\/Altavoz-manos-libres-772c2aa-poly-sync-60-usb-ac-bluetooth-ideal-para-salas-medianas-incluye-fuente-de-alimentacion.jpg","type":"image\/jpeg"}],"twitter_card":"summary_large_image","twitter_misc":{"Precio":"&#36;10,718 con IVA","Availability":"On backorder"},"schema":{"@context":"https:\/\/schema.org","@graph":[{"@type":"WebPage","@id":"https:\/\/compuviper.mx\/tienda\/producto\/poly-772c2aa-altavoz-manos-libres-sync-60-usb-a-c-bluetooth-ideal-para-salas-medianas-incluye-fuente-de-alimentacion\/","url":"https:\/\/compuviper.mx\/tienda\/producto\/poly-772c2aa-altavoz-manos-libres-sync-60-usb-a-c-bluetooth-ideal-para-salas-medianas-incluye-fuente-de-alimentacion\/","name":"[ Poly ] &#129351; 772c2aa Altavoz Manos Libres Sync 60 \/ Usb-a\/c Bluetooth Ideal Para Salas Medianas Incluye Fuente De Alimentacion","isPartOf":{"@id":"https:\/\/compuviper.mx\/tienda\/#website"},"datePublished":"2026-04-14T08:04:16+00:00","dateModified":"2026-04-14T08:04:16+00:00","description":"Compra 772c2aa Altavoz Manos Libres Sync 60 \/ Usb-a\/c Bluetooth Ideal Para Salas Medianas Incluye Fuente De Alimentacion + Env\u00edo a domicilio + Pago seguro + Garant\u00eda","breadcrumb":{"@id":"https:\/\/compuviper.mx\/tienda\/producto\/poly-772c2aa-altavoz-manos-libres-sync-60-usb-a-c-bluetooth-ideal-para-salas-medianas-incluye-fuente-de-alimentacion\/#breadcrumb"},"inLanguage":"es-MX","potentialAction":[{"@type":"ReadAction","target":["https:\/\/compuviper.mx\/tienda\/producto\/poly-772c2aa-altavoz-manos-libres-sync-60-usb-a-c-bluetooth-ideal-para-salas-medianas-incluye-fuente-de-alimentacion\/"]}]},{"@type":"BreadcrumbList","@id":"https:\/\/compuviper.mx\/tienda\/producto\/poly-772c2aa-altavoz-manos-libres-sync-60-usb-a-c-bluetooth-ideal-para-salas-medianas-incluye-fuente-de-alimentacion\/#breadcrumb","itemListElement":[{"@type":"ListItem","position":1,"name":"Inicio","item":"https:\/\/compuviper.mx\/tienda\/"},{"@type":"ListItem","position":2,"name":"Productos","item":"https:\/\/compuviper.mx\/tienda\/productos\/"},{"@type":"ListItem","position":3,"name":"Bocinas","item":"https:\/\/compuviper.mx\/tienda\/categoria-producto\/bocinas\/"},{"@type":"ListItem","position":4,"name":"Bocinas Bluetooth","item":"https:\/\/compuviper.mx\/tienda\/categoria-producto\/bocinas\/bocinas-bluetooth\/"},{"@type":"ListItem","position":5,"name":"Poly 772c2aa Altavoz Manos Libres Sync 60 \/ Usb-a\/c Bluetooth Ideal Para Salas Medianas Incluye Fuente De Alimentacion"}]},{"@type":"WebSite","@id":"https:\/\/compuviper.mx\/tienda\/#website","url":"https:\/\/compuviper.mx\/tienda\/","name":"Compuviper","description":"Proveedor de Computadoras, Laptops, Servidores, Monitores, Puntos de Venta, Teclados,   Impresoras, T\u00f3ner, C\u00e1maras de Seguridad y m\u00e1s en tu tienda en l\u00ednea","publisher":{"@id":"https:\/\/compuviper.mx\/tienda\/#organization"},"potentialAction":[{"@type":"SearchAction","target":{"@type":"EntryPoint","urlTemplate":"https:\/\/compuviper.mx\/tienda\/?s={search_term_string}"},"query-input":"required name=search_term_string"}],"inLanguage":"es-MX"},{"@type":"Organization","@id":"https:\/\/compuviper.mx\/tienda\/#organization","name":"Compuviper","url":"https:\/\/compuviper.mx\/tienda\/","logo":{"@type":"ImageObject","inLanguage":"es-MX","@id":"https:\/\/compuviper.mx\/tienda\/#\/schema\/logo\/image\/","url":"https:\/\/compuviper.mx\/tienda\/wp-content\/uploads\/2021\/08\/Logo-Compuviper-10.png","contentUrl":"https:\/\/compuviper.mx\/tienda\/wp-content\/uploads\/2021\/08\/Logo-Compuviper-10.png","width":1000,"height":500,"caption":"Compuviper"},"image":{"@id":"https:\/\/compuviper.mx\/tienda\/#\/schema\/logo\/image\/"},"sameAs":["https:\/\/www.facebook.com\/compuviper","https:\/\/www.youtube.com\/channel\/UCf73dERp9Y3cfOq7q8BhLjA?view_as=subscriber"]}]},"product_brand":"POLY","product_price_amount":"10718","product_price_currency":"MXN","og_availability":"backorder","product_availability":"available for order","product_retailer_item_id":"772C2AA","product_condition":"new"},"_links":{"self":[{"href":"https:\/\/compuviper.mx\/tienda\/wp-json\/wp\/v2\/product\/229445"}],"collection":[{"href":"https:\/\/compuviper.mx\/tienda\/wp-json\/wp\/v2\/product"}],"about":[{"href":"https:\/\/compuviper.mx\/tienda\/wp-json\/wp\/v2\/types\/product"}],"replies":[{"embeddable":true,"href":"https:\/\/compuviper.mx\/tienda\/wp-json\/wp\/v2\/comments?post=229445"}],"wp:featuredmedia":[{"embeddable":true,"href":"https:\/\/compuviper.mx\/tienda\/wp-json\/wp\/v2\/media\/234582"}],"wp:attachment":[{"href":"https:\/\/compuviper.mx\/tienda\/wp-json\/wp\/v2\/media?parent=229445"}],"wp:term":[{"taxonomy":"product_cat","embeddable":true,"href":"https:\/\/compuviper.mx\/tienda\/wp-json\/wp\/v2\/product_cat?post=229445"},{"taxonomy":"product_tag","embeddable":true,"href":"https:\/\/compuviper.mx\/tienda\/wp-json\/wp\/v2\/product_tag?post=229445"}],"curies":[{"name":"wp","href":"https:\/\/api.w.org\/{rel}","templated":true}]}}