{"id":229444,"date":"2026-04-04T23:19:05","date_gmt":"2026-04-05T05:19:05","guid":{"rendered":"https:\/\/compuviper.mx\/tienda\/producto\/balam-rush-br-936941-audifonos-gamer-aeon-hs999-diadema-alambrica-inalambrica-bluetooth-micrfono-desmontable-cable-1-8-m-rgb-bateria-26-h-carcazas-intercambiables-blanco\/"},"modified":"2026-04-04T23:19:06","modified_gmt":"2026-04-05T05:19:06","slug":"balam-rush-br-9369417506215936941-audifonos-gamer-aeon-hs999-alambrica-bluetooth-micrfono-desmontable-cable-1-8-m-rgb-bateria-26-h-windows-mac-android-xbox-switch-ps4-ps5-no-bt","status":"publish","type":"product","link":"https:\/\/compuviper.mx\/tienda\/producto\/balam-rush-br-9369417506215936941-audifonos-gamer-aeon-hs999-alambrica-bluetooth-micrfono-desmontable-cable-1-8-m-rgb-bateria-26-h-windows-mac-android-xbox-switch-ps4-ps5-no-bt\/","title":{"rendered":"Balam Rush Br-936941,7506215936941 Audifonos Gamer  Aeon Hs999 \/ Alambrica &#8211; Bluetooth \/ Micrfono Desmontable \/ Cable 1.8 M \/ Rgb \/ Bateria 26 H \/ Windows, Mac, Android, Xbox, Switch , Ps4, Ps5 No Bt\/ Blanco \/ Br-936941"},"content":{"rendered":"<table class=\"descripcion\">\n<tr>\n<td>Especificaciones<\/td>\n<\/tr>\n<tr>\n<td>*producto: aud\u00edfonos inal\u00e1mbricos<\/td>\n<\/tr>\n<tr>\n<td>*modelo: br-936941<\/td>\n<\/tr>\n<tr>\n<td>*material : abs<\/td>\n<\/tr>\n<tr>\n<td>*color: blanco<\/td>\n<\/tr>\n<tr>\n<td>*dimensiones : 22 x 22 x 8.5 cm<\/td>\n<\/tr>\n<tr>\n<td>*peso: 326 g<\/td>\n<\/tr>\n<tr>\n<td>*compatibilidad:<\/td>\n<\/tr>\n<tr>\n<td>   *windows<\/td>\n<\/tr>\n<tr>\n<td>   *mac<\/td>\n<\/tr>\n<tr>\n<td>   *android<\/td>\n<\/tr>\n<tr>\n<td>   *xbox<\/td>\n<\/tr>\n<tr>\n<td>   *switch<\/td>\n<\/tr>\n<tr>\n<td>   *ps4<\/td>\n<\/tr>\n<tr>\n<td>   *ps5 (excepto bt)<\/td>\n<\/tr>\n<tr>\n<td>*chipset: action2831p<\/td>\n<\/tr>\n<tr>\n<td>*m\u00e1n:ndfeb<\/td>\n<\/tr>\n<tr>\n<td>*bocinas:<\/td>\n<\/tr>\n<tr>\n<td>   *potencia: 20 w<\/td>\n<\/tr>\n<tr>\n<td>   *di\u00e1metro: 5 cm<\/td>\n<\/tr>\n<tr>\n<td>   *sensibilidad 115db\u00b13db at 1khz , 0.126 v , 1mw<\/td>\n<\/tr>\n<tr>\n<td>   *impedancia: 32  and #937; \u00b115%<\/td>\n<\/tr>\n<tr>\n<td>   *frequencia de respuesta: 100  and #771;8000hz (1khz\u00b13db)<\/td>\n<\/tr>\n<tr>\n<td>* sonido:<\/td>\n<\/tr>\n<tr>\n<td>   *modo: hifi<\/td>\n<\/tr>\n<tr>\n<td>   *canales: 7.1<\/td>\n<\/tr>\n<tr>\n<td>   *audio de alta fidelidad: na<\/td>\n<\/tr>\n<tr>\n<td>   *(hifi): na<\/td>\n<\/tr>\n<tr>\n<td>   *cancelaci\u00f3n de ruido: na<\/td>\n<\/tr>\n<tr>\n<td>*micr\u00f3fono.<\/td>\n<\/tr>\n<tr>\n<td>   *modo: omnidireccional<\/td>\n<\/tr>\n<tr>\n<td>   *sensibilidad: -42\u00b13db<\/td>\n<\/tr>\n<tr>\n<td>   *impedancia: 50hz &#8211; 10000hz<\/td>\n<\/tr>\n<tr>\n<td>   *frequencia de respuesta: 100  and #771;8000hz (1khz\u00b13db)<\/td>\n<\/tr>\n<tr>\n<td>*al\u00e1mbrica:<\/td>\n<\/tr>\n<tr>\n<td>   *conector: jack 0.35 cm<\/td>\n<\/tr>\n<tr>\n<td>   *cable: 1.8 m<\/td>\n<\/tr>\n<tr>\n<td>*inal\u00e1mbrica:<\/td>\n<\/tr>\n<tr>\n<td>   *bluetooth:5<\/td>\n<\/tr>\n<tr>\n<td>   *distancia de conexi\u00f3n: 10 mts<\/td>\n<\/tr>\n<tr>\n<td>*bater\u00eda:<\/td>\n<\/tr>\n<tr>\n<td>   *tiempo de carga: 3 hrs<\/td>\n<\/tr>\n<tr>\n<td>   *tiempo de duraci\u00f3n: 26 hrs<\/td>\n<\/tr>\n<tr>\n<td>*caracter\u00edsticas el\u00e9ctricas: 5 vc.c. 1000 ma \/ conector tipo c<\/td>\n<\/tr>\n<\/table>\n","protected":false},"excerpt":{"rendered":"<p>Audifonos gamer  balam rush aeon hs999 \/ diadema \/ alambrica &#8211; inalambrica \/ bluetooth \/ micr\u00f3fono desmontable \/ cable 1.8 m \/ rgb \/  bateria 26 h \/ carcazas intercambiables \/ blanco \/ br-936941<\/p>\n","protected":false},"featured_media":234581,"comment_status":"open","ping_status":"open","template":"","meta":[],"product_cat":[1552,1822],"product_tag":[2097],"acf":[],"yoast_head":"<!-- This site is optimized with the Yoast SEO plugin v21.7 - https:\/\/yoast.com\/wordpress\/plugins\/seo\/ -->\n<title>[ Balam Rush ] &#129351; Br-936941,7506215936941 Audifonos Gamer Aeon Hs999 \/ Alambrica - Bluetooth \/ Micrfono Desmontable \/ Cable 1.8 M \/ Rgb \/ Bateria 26 H \/ Windows, Mac, Android, Xbox, Switch , Ps4, Ps5 No Bt\/ Blanco \/ Br-936941<\/title>\n<meta name=\"description\" content=\"Compra Br-936941,7506215936941 Audifonos Gamer Aeon Hs999 \/ Alambrica - Bluetooth \/ Micrfono Desmontable \/ Cable 1.8 M \/ Rgb \/ Bateria 26 H \/ Windows, Mac, Android, Xbox, Switch , Ps4, Ps5 No Bt\/ Blanco \/ Br-936941 + Env\u00edo a domicilio + Pago seguro + Garant\u00eda\" \/>\n<meta name=\"robots\" content=\"index, follow, max-snippet:-1, max-image-preview:large, max-video-preview:-1\" \/>\n<link rel=\"canonical\" href=\"https:\/\/compuviper.mx\/tienda\/producto\/balam-rush-br-9369417506215936941-audifonos-gamer-aeon-hs999-alambrica-bluetooth-micrfono-desmontable-cable-1-8-m-rgb-bateria-26-h-windows-mac-android-xbox-switch-ps4-ps5-no-bt\/\" \/>\n<meta property=\"og:locale\" content=\"es_MX\" \/>\n<meta property=\"og:type\" content=\"article\" \/>\n<meta property=\"og:title\" content=\"[ Balam Rush ] &#129351; Br-936941,7506215936941 Audifonos Gamer Aeon Hs999 \/ Alambrica - Bluetooth \/ Micrfono Desmontable \/ Cable 1.8 M \/ Rgb \/ Bateria 26 H \/ Windows, Mac, Android, Xbox, Switch , Ps4, Ps5 No Bt\/ Blanco \/ Br-936941\" \/>\n<meta property=\"og:description\" content=\"Compra Br-936941,7506215936941 Audifonos Gamer Aeon Hs999 \/ Alambrica - Bluetooth \/ Micrfono Desmontable \/ Cable 1.8 M \/ Rgb \/ Bateria 26 H \/ Windows, Mac, Android, Xbox, Switch , Ps4, Ps5 No Bt\/ Blanco \/ Br-936941 + Env\u00edo a domicilio + Pago seguro + Garant\u00eda\" \/>\n<meta property=\"og:url\" content=\"https:\/\/compuviper.mx\/tienda\/producto\/balam-rush-br-9369417506215936941-audifonos-gamer-aeon-hs999-alambrica-bluetooth-micrfono-desmontable-cable-1-8-m-rgb-bateria-26-h-windows-mac-android-xbox-switch-ps4-ps5-no-bt\/\" \/>\n<meta property=\"og:site_name\" content=\"Compuviper\" \/>\n<meta property=\"article:publisher\" content=\"https:\/\/www.facebook.com\/compuviper\" \/>\n<meta property=\"article:modified_time\" content=\"2026-04-05T05:19:06+00:00\" \/>\n<meta property=\"og:image\" content=\"https:\/\/compuviper.mx\/tienda\/wp-content\/uploads\/2024\/05\/Audifonos-gamer-balam-rush-aeon-hs999-alambrica-bluetooth-microfono-desmontable-cable-1.8-m-rgb-bateria-26-h-windows-mac-android-xbox-switch-ps4-ps5-no-bt-blanco-br-936941.jpg\" \/>\n\t<meta property=\"og:image:width\" content=\"200\" \/>\n\t<meta property=\"og:image:height\" content=\"200\" \/>\n\t<meta property=\"og:image:type\" content=\"image\/jpeg\" \/>\n<meta name=\"twitter:card\" content=\"summary_large_image\" \/>\n<meta name=\"twitter:label1\" content=\"Precio\" \/>\n\t<meta name=\"twitter:data1\" content=\"&#36;1,025 &#36;923 con IVA\" \/>\n\t<meta name=\"twitter:label2\" content=\"Availability\" \/>\n\t<meta name=\"twitter:data2\" content=\"In stock\" \/>\n<script type=\"application\/ld+json\" class=\"yoast-schema-graph\">{\"@context\":\"https:\/\/schema.org\",\"@graph\":[{\"@type\":\"WebPage\",\"@id\":\"https:\/\/compuviper.mx\/tienda\/producto\/balam-rush-br-9369417506215936941-audifonos-gamer-aeon-hs999-alambrica-bluetooth-micrfono-desmontable-cable-1-8-m-rgb-bateria-26-h-windows-mac-android-xbox-switch-ps4-ps5-no-bt\/\",\"url\":\"https:\/\/compuviper.mx\/tienda\/producto\/balam-rush-br-9369417506215936941-audifonos-gamer-aeon-hs999-alambrica-bluetooth-micrfono-desmontable-cable-1-8-m-rgb-bateria-26-h-windows-mac-android-xbox-switch-ps4-ps5-no-bt\/\",\"name\":\"[ Balam Rush ] &#129351; Br-936941,7506215936941 Audifonos Gamer Aeon Hs999 \/ Alambrica - Bluetooth \/ Micrfono Desmontable \/ Cable 1.8 M \/ Rgb \/ Bateria 26 H \/ Windows, Mac, Android, Xbox, Switch , Ps4, Ps5 No Bt\/ Blanco \/ Br-936941\",\"isPartOf\":{\"@id\":\"https:\/\/compuviper.mx\/tienda\/#website\"},\"datePublished\":\"2026-04-05T05:19:05+00:00\",\"dateModified\":\"2026-04-05T05:19:06+00:00\",\"description\":\"Compra Br-936941,7506215936941 Audifonos Gamer Aeon Hs999 \/ Alambrica - Bluetooth \/ Micrfono Desmontable \/ Cable 1.8 M \/ Rgb \/ Bateria 26 H \/ Windows, Mac, Android, Xbox, Switch , Ps4, Ps5 No Bt\/ Blanco \/ Br-936941 + Env\u00edo a domicilio + Pago seguro + Garant\u00eda\",\"breadcrumb\":{\"@id\":\"https:\/\/compuviper.mx\/tienda\/producto\/balam-rush-br-9369417506215936941-audifonos-gamer-aeon-hs999-alambrica-bluetooth-micrfono-desmontable-cable-1-8-m-rgb-bateria-26-h-windows-mac-android-xbox-switch-ps4-ps5-no-bt\/#breadcrumb\"},\"inLanguage\":\"es-MX\",\"potentialAction\":[{\"@type\":\"ReadAction\",\"target\":[\"https:\/\/compuviper.mx\/tienda\/producto\/balam-rush-br-9369417506215936941-audifonos-gamer-aeon-hs999-alambrica-bluetooth-micrfono-desmontable-cable-1-8-m-rgb-bateria-26-h-windows-mac-android-xbox-switch-ps4-ps5-no-bt\/\"]}]},{\"@type\":\"BreadcrumbList\",\"@id\":\"https:\/\/compuviper.mx\/tienda\/producto\/balam-rush-br-9369417506215936941-audifonos-gamer-aeon-hs999-alambrica-bluetooth-micrfono-desmontable-cable-1-8-m-rgb-bateria-26-h-windows-mac-android-xbox-switch-ps4-ps5-no-bt\/#breadcrumb\",\"itemListElement\":[{\"@type\":\"ListItem\",\"position\":1,\"name\":\"Inicio\",\"item\":\"https:\/\/compuviper.mx\/tienda\/\"},{\"@type\":\"ListItem\",\"position\":2,\"name\":\"Productos\",\"item\":\"https:\/\/compuviper.mx\/tienda\/productos\/\"},{\"@type\":\"ListItem\",\"position\":3,\"name\":\"Audifonos Y Micro\",\"item\":\"https:\/\/compuviper.mx\/tienda\/categoria-producto\/audifonos-y-micro\/\"},{\"@type\":\"ListItem\",\"position\":4,\"name\":\"Gamers\",\"item\":\"https:\/\/compuviper.mx\/tienda\/categoria-producto\/audifonos-y-micro\/gamers-audifonos-y-micro\/\"},{\"@type\":\"ListItem\",\"position\":5,\"name\":\"Balam Rush Br-936941,7506215936941 Audifonos Gamer Aeon Hs999 \/ Alambrica &#8211; Bluetooth \/ Micrfono Desmontable \/ Cable 1.8 M \/ Rgb \/ Bateria 26 H \/ Windows, Mac, Android, Xbox, Switch , Ps4, Ps5 No Bt\/ Blanco \/ Br-936941\"}]},{\"@type\":\"WebSite\",\"@id\":\"https:\/\/compuviper.mx\/tienda\/#website\",\"url\":\"https:\/\/compuviper.mx\/tienda\/\",\"name\":\"Compuviper\",\"description\":\"Proveedor de Computadoras, Laptops, Servidores, Monitores, Puntos de Venta, Teclados,   Impresoras, T\u00f3ner, C\u00e1maras de Seguridad y m\u00e1s en tu tienda en l\u00ednea\",\"publisher\":{\"@id\":\"https:\/\/compuviper.mx\/tienda\/#organization\"},\"potentialAction\":[{\"@type\":\"SearchAction\",\"target\":{\"@type\":\"EntryPoint\",\"urlTemplate\":\"https:\/\/compuviper.mx\/tienda\/?s={search_term_string}\"},\"query-input\":\"required name=search_term_string\"}],\"inLanguage\":\"es-MX\"},{\"@type\":\"Organization\",\"@id\":\"https:\/\/compuviper.mx\/tienda\/#organization\",\"name\":\"Compuviper\",\"url\":\"https:\/\/compuviper.mx\/tienda\/\",\"logo\":{\"@type\":\"ImageObject\",\"inLanguage\":\"es-MX\",\"@id\":\"https:\/\/compuviper.mx\/tienda\/#\/schema\/logo\/image\/\",\"url\":\"https:\/\/compuviper.mx\/tienda\/wp-content\/uploads\/2021\/08\/Logo-Compuviper-10.png\",\"contentUrl\":\"https:\/\/compuviper.mx\/tienda\/wp-content\/uploads\/2021\/08\/Logo-Compuviper-10.png\",\"width\":1000,\"height\":500,\"caption\":\"Compuviper\"},\"image\":{\"@id\":\"https:\/\/compuviper.mx\/tienda\/#\/schema\/logo\/image\/\"},\"sameAs\":[\"https:\/\/www.facebook.com\/compuviper\",\"https:\/\/www.youtube.com\/channel\/UCf73dERp9Y3cfOq7q8BhLjA?view_as=subscriber\"]}]}<\/script>\n<meta property=\"product:brand\" content=\"Balam Rush\" \/>\n<meta property=\"product:price:amount\" content=\"923\" \/>\n<meta property=\"product:price:currency\" content=\"MXN\" \/>\n<meta property=\"og:availability\" content=\"instock\" \/>\n<meta property=\"product:availability\" content=\"instock\" \/>\n<meta property=\"product:retailer_item_id\" content=\"BR-936941,7506215936941\" \/>\n<meta property=\"product:condition\" content=\"new\" \/>\n<!-- \/ Yoast SEO plugin. -->","yoast_head_json":{"title":"[ Balam Rush ] &#129351; Br-936941,7506215936941 Audifonos Gamer Aeon Hs999 \/ Alambrica - Bluetooth \/ Micrfono Desmontable \/ Cable 1.8 M \/ Rgb \/ Bateria 26 H \/ Windows, Mac, Android, Xbox, Switch , Ps4, Ps5 No Bt\/ Blanco \/ Br-936941","description":"Compra Br-936941,7506215936941 Audifonos Gamer Aeon Hs999 \/ Alambrica - Bluetooth \/ Micrfono Desmontable \/ Cable 1.8 M \/ Rgb \/ Bateria 26 H \/ Windows, Mac, Android, Xbox, Switch , Ps4, Ps5 No Bt\/ Blanco \/ Br-936941 + Env\u00edo a domicilio + Pago seguro + Garant\u00eda","robots":{"index":"index","follow":"follow","max-snippet":"max-snippet:-1","max-image-preview":"max-image-preview:large","max-video-preview":"max-video-preview:-1"},"canonical":"https:\/\/compuviper.mx\/tienda\/producto\/balam-rush-br-9369417506215936941-audifonos-gamer-aeon-hs999-alambrica-bluetooth-micrfono-desmontable-cable-1-8-m-rgb-bateria-26-h-windows-mac-android-xbox-switch-ps4-ps5-no-bt\/","og_locale":"es_MX","og_type":"article","og_title":"[ Balam Rush ] &#129351; Br-936941,7506215936941 Audifonos Gamer Aeon Hs999 \/ Alambrica - Bluetooth \/ Micrfono Desmontable \/ Cable 1.8 M \/ Rgb \/ Bateria 26 H \/ Windows, Mac, Android, Xbox, Switch , Ps4, Ps5 No Bt\/ Blanco \/ Br-936941","og_description":"Compra Br-936941,7506215936941 Audifonos Gamer Aeon Hs999 \/ Alambrica - Bluetooth \/ Micrfono Desmontable \/ Cable 1.8 M \/ Rgb \/ Bateria 26 H \/ Windows, Mac, Android, Xbox, Switch , Ps4, Ps5 No Bt\/ Blanco \/ Br-936941 + Env\u00edo a domicilio + Pago seguro + Garant\u00eda","og_url":"https:\/\/compuviper.mx\/tienda\/producto\/balam-rush-br-9369417506215936941-audifonos-gamer-aeon-hs999-alambrica-bluetooth-micrfono-desmontable-cable-1-8-m-rgb-bateria-26-h-windows-mac-android-xbox-switch-ps4-ps5-no-bt\/","og_site_name":"Compuviper","article_publisher":"https:\/\/www.facebook.com\/compuviper","article_modified_time":"2026-04-05T05:19:06+00:00","og_image":[{"width":200,"height":200,"url":"https:\/\/compuviper.mx\/tienda\/wp-content\/uploads\/2024\/05\/Audifonos-gamer-balam-rush-aeon-hs999-alambrica-bluetooth-microfono-desmontable-cable-1.8-m-rgb-bateria-26-h-windows-mac-android-xbox-switch-ps4-ps5-no-bt-blanco-br-936941.jpg","type":"image\/jpeg"}],"twitter_card":"summary_large_image","twitter_misc":{"Precio":"&#36;1,025 &#36;923 con IVA","Availability":"In stock"},"schema":{"@context":"https:\/\/schema.org","@graph":[{"@type":"WebPage","@id":"https:\/\/compuviper.mx\/tienda\/producto\/balam-rush-br-9369417506215936941-audifonos-gamer-aeon-hs999-alambrica-bluetooth-micrfono-desmontable-cable-1-8-m-rgb-bateria-26-h-windows-mac-android-xbox-switch-ps4-ps5-no-bt\/","url":"https:\/\/compuviper.mx\/tienda\/producto\/balam-rush-br-9369417506215936941-audifonos-gamer-aeon-hs999-alambrica-bluetooth-micrfono-desmontable-cable-1-8-m-rgb-bateria-26-h-windows-mac-android-xbox-switch-ps4-ps5-no-bt\/","name":"[ Balam Rush ] &#129351; Br-936941,7506215936941 Audifonos Gamer Aeon Hs999 \/ Alambrica - Bluetooth \/ Micrfono Desmontable \/ Cable 1.8 M \/ Rgb \/ Bateria 26 H \/ Windows, Mac, Android, Xbox, Switch , Ps4, Ps5 No Bt\/ Blanco \/ Br-936941","isPartOf":{"@id":"https:\/\/compuviper.mx\/tienda\/#website"},"datePublished":"2026-04-05T05:19:05+00:00","dateModified":"2026-04-05T05:19:06+00:00","description":"Compra Br-936941,7506215936941 Audifonos Gamer Aeon Hs999 \/ Alambrica - Bluetooth \/ Micrfono Desmontable \/ Cable 1.8 M \/ Rgb \/ Bateria 26 H \/ Windows, Mac, Android, Xbox, Switch , Ps4, Ps5 No Bt\/ Blanco \/ Br-936941 + Env\u00edo a domicilio + Pago seguro + Garant\u00eda","breadcrumb":{"@id":"https:\/\/compuviper.mx\/tienda\/producto\/balam-rush-br-9369417506215936941-audifonos-gamer-aeon-hs999-alambrica-bluetooth-micrfono-desmontable-cable-1-8-m-rgb-bateria-26-h-windows-mac-android-xbox-switch-ps4-ps5-no-bt\/#breadcrumb"},"inLanguage":"es-MX","potentialAction":[{"@type":"ReadAction","target":["https:\/\/compuviper.mx\/tienda\/producto\/balam-rush-br-9369417506215936941-audifonos-gamer-aeon-hs999-alambrica-bluetooth-micrfono-desmontable-cable-1-8-m-rgb-bateria-26-h-windows-mac-android-xbox-switch-ps4-ps5-no-bt\/"]}]},{"@type":"BreadcrumbList","@id":"https:\/\/compuviper.mx\/tienda\/producto\/balam-rush-br-9369417506215936941-audifonos-gamer-aeon-hs999-alambrica-bluetooth-micrfono-desmontable-cable-1-8-m-rgb-bateria-26-h-windows-mac-android-xbox-switch-ps4-ps5-no-bt\/#breadcrumb","itemListElement":[{"@type":"ListItem","position":1,"name":"Inicio","item":"https:\/\/compuviper.mx\/tienda\/"},{"@type":"ListItem","position":2,"name":"Productos","item":"https:\/\/compuviper.mx\/tienda\/productos\/"},{"@type":"ListItem","position":3,"name":"Audifonos Y Micro","item":"https:\/\/compuviper.mx\/tienda\/categoria-producto\/audifonos-y-micro\/"},{"@type":"ListItem","position":4,"name":"Gamers","item":"https:\/\/compuviper.mx\/tienda\/categoria-producto\/audifonos-y-micro\/gamers-audifonos-y-micro\/"},{"@type":"ListItem","position":5,"name":"Balam Rush Br-936941,7506215936941 Audifonos Gamer Aeon Hs999 \/ Alambrica &#8211; Bluetooth \/ Micrfono Desmontable \/ Cable 1.8 M \/ Rgb \/ Bateria 26 H \/ Windows, Mac, Android, Xbox, Switch , Ps4, Ps5 No Bt\/ Blanco \/ Br-936941"}]},{"@type":"WebSite","@id":"https:\/\/compuviper.mx\/tienda\/#website","url":"https:\/\/compuviper.mx\/tienda\/","name":"Compuviper","description":"Proveedor de Computadoras, Laptops, Servidores, Monitores, Puntos de Venta, Teclados,   Impresoras, T\u00f3ner, C\u00e1maras de Seguridad y m\u00e1s en tu tienda en l\u00ednea","publisher":{"@id":"https:\/\/compuviper.mx\/tienda\/#organization"},"potentialAction":[{"@type":"SearchAction","target":{"@type":"EntryPoint","urlTemplate":"https:\/\/compuviper.mx\/tienda\/?s={search_term_string}"},"query-input":"required name=search_term_string"}],"inLanguage":"es-MX"},{"@type":"Organization","@id":"https:\/\/compuviper.mx\/tienda\/#organization","name":"Compuviper","url":"https:\/\/compuviper.mx\/tienda\/","logo":{"@type":"ImageObject","inLanguage":"es-MX","@id":"https:\/\/compuviper.mx\/tienda\/#\/schema\/logo\/image\/","url":"https:\/\/compuviper.mx\/tienda\/wp-content\/uploads\/2021\/08\/Logo-Compuviper-10.png","contentUrl":"https:\/\/compuviper.mx\/tienda\/wp-content\/uploads\/2021\/08\/Logo-Compuviper-10.png","width":1000,"height":500,"caption":"Compuviper"},"image":{"@id":"https:\/\/compuviper.mx\/tienda\/#\/schema\/logo\/image\/"},"sameAs":["https:\/\/www.facebook.com\/compuviper","https:\/\/www.youtube.com\/channel\/UCf73dERp9Y3cfOq7q8BhLjA?view_as=subscriber"]}]},"product_brand":"Balam Rush","product_price_amount":"923","product_price_currency":"MXN","og_availability":"instock","product_availability":"instock","product_retailer_item_id":"BR-936941,7506215936941","product_condition":"new"},"_links":{"self":[{"href":"https:\/\/compuviper.mx\/tienda\/wp-json\/wp\/v2\/product\/229444"}],"collection":[{"href":"https:\/\/compuviper.mx\/tienda\/wp-json\/wp\/v2\/product"}],"about":[{"href":"https:\/\/compuviper.mx\/tienda\/wp-json\/wp\/v2\/types\/product"}],"replies":[{"embeddable":true,"href":"https:\/\/compuviper.mx\/tienda\/wp-json\/wp\/v2\/comments?post=229444"}],"wp:featuredmedia":[{"embeddable":true,"href":"https:\/\/compuviper.mx\/tienda\/wp-json\/wp\/v2\/media\/234581"}],"wp:attachment":[{"href":"https:\/\/compuviper.mx\/tienda\/wp-json\/wp\/v2\/media?parent=229444"}],"wp:term":[{"taxonomy":"product_cat","embeddable":true,"href":"https:\/\/compuviper.mx\/tienda\/wp-json\/wp\/v2\/product_cat?post=229444"},{"taxonomy":"product_tag","embeddable":true,"href":"https:\/\/compuviper.mx\/tienda\/wp-json\/wp\/v2\/product_tag?post=229444"}],"curies":[{"name":"wp","href":"https:\/\/api.w.org\/{rel}","templated":true}]}}