{"id":229400,"date":"2026-04-18T01:11:35","date_gmt":"2026-04-18T07:11:35","guid":{"rendered":"https:\/\/compuviper.mx\/tienda\/producto\/tp-link-tl-sg1210mpe-switch-tp-link-10-puertos-gigabit-8-puertos-poe-easy-smart\/"},"modified":"2026-04-18T01:11:35","modified_gmt":"2026-04-18T07:11:35","slug":"tp-link-tl-sg1210mpe-switch-tp-link-omada-10p-gbe-easy-smart-8p-gbe-poe","status":"publish","type":"product","link":"https:\/\/compuviper.mx\/tienda\/producto\/tp-link-tl-sg1210mpe-switch-tp-link-omada-10p-gbe-easy-smart-8p-gbe-poe\/","title":{"rendered":"Tp Link Tl-sg1210mpe Switch Tp-link  Omada 10p Gbe Easy Smart (8p Gbe Poe+)"},"content":{"rendered":"<table class=\"descripcion\">\n<tr>\n<td>Caracter\u00edsticas de hardware<\/td>\n<\/tr>\n<tr>\n<td>Est\u00e1ndares y protocolos ieee 802.3i, ieee 802.3u, ieee 802.3ab, ieee 802.3af,<\/td>\n<\/tr>\n<tr>\n<td>Ieee 802.3x, ieee 802.1q, ieee 802.1p, ieee 802.3at, ieee 802.3z<\/td>\n<\/tr>\n<tr>\n<td>Interfaz 9\u00d7 puertos rj45 de 10\/100\/1000 mbps<\/td>\n<\/tr>\n<tr>\n<td>1 puerto combinado sfp\/rj45 de 1000 mbps<\/td>\n<\/tr>\n<tr>\n<td>Negociaci\u00f3n autom\u00e1tica\/auto mdi\/mdix<\/td>\n<\/tr>\n<tr>\n<td>Medios de red 10base-t: cable utp categor\u00eda 3, 4, 5 (m\u00e1ximo 100 m)<\/td>\n<\/tr>\n<tr>\n<td>Eia\/tia-568 100 and #937; stp (m\u00e1ximo 100 m)<\/td>\n<\/tr>\n<tr>\n<td>100base-tx: cable utp categor\u00eda 5, 5e (m\u00e1ximo 100m)<\/td>\n<\/tr>\n<tr>\n<td>Eia\/tia-568 100 and #937; stp (m\u00e1ximo 100 m)<\/td>\n<\/tr>\n<tr>\n<td>1000base-t: cable utp categor\u00eda 5, 5e, 6 o superior (m\u00e1ximo 100 m)<\/td>\n<\/tr>\n<tr>\n<td>Eia\/tia-568 100 and #937; stp (m\u00e1ximo 100 m)<\/td>\n<\/tr>\n<tr>\n<td>Cantidad de ventiladores sin ventilador<\/td>\n<\/tr>\n<tr>\n<td>Fuente de alimentaci\u00f3n adaptador de corriente externo (salida: 53,5 vcc\/2,43 a)<\/td>\n<\/tr>\n<tr>\n<td>Puertos poe (rj45) est\u00e1ndar: compatible con 802.3 af\/at<\/td>\n<\/tr>\n<tr>\n<td>Puertos poe: puerto 1- puerto 8<\/td>\n<\/tr>\n<tr>\n<td>Presupuesto de energ\u00eda poe: 123 w<\/td>\n<\/tr>\n<tr>\n<td>Dimensiones (ancho x profundidad x alto) 8,2 \u00d7 4,9 \u00d7 1,0 pulg. (209 \u00d7 126 \u00d7 26 mm)<\/td>\n<\/tr>\n<tr>\n<td>Consumo m\u00e1ximo de energ\u00eda 7,66 w (220 v\/50 hz sin pd conectado)<\/td>\n<\/tr>\n<tr>\n<td>141,54 w (220 v\/50 hz con 123 w pd conectado)<\/td>\n<\/tr>\n<tr>\n<td>Disipaci\u00f3n de calor m\u00e1xima 26,12 btu\/h (220 v\/50 hz sin pd conectado)<\/td>\n<\/tr>\n<tr>\n<td>482,65 btu\/h (220 v\/50 hz con 123 w pd conectado)<\/td>\n<\/tr>\n<tr>\n<td>Actuaci\u00f3n<\/td>\n<\/tr>\n<tr>\n<td>Capacidad de conmutaci\u00f3n 20 gbps<\/td>\n<\/tr>\n<tr>\n<td>Velocidad de reenv\u00edo de paquetes 14,88 mpps<\/td>\n<\/tr>\n<tr>\n<td>Tabla de direcciones mac 4 k<\/td>\n<\/tr>\n<tr>\n<td>Trama gigante 16 kb<\/td>\n<\/tr>\n<tr>\n<td>Funciones de software<\/td>\n<\/tr>\n<tr>\n<td>Calidad de servicio soporte basado en puerto\/prioridad 802.1p\/dscp<\/td>\n<\/tr>\n<tr>\n<td>Admite 4 colas de prioridad<\/td>\n<\/tr>\n<tr>\n<td>L\u00edmite de tarifa<\/td>\n<\/tr>\n<tr>\n<td>Control de tormentas<\/td>\n<\/tr>\n<tr>\n<td>Caracter\u00edsticas l2 igmp snooping v1\/v2\/v3<\/td>\n<\/tr>\n<tr>\n<td>Agregaci\u00f3n de enlaces est\u00e1ticos<\/td>\n<\/tr>\n<tr>\n<td>Duplicaci\u00f3n de puertos<\/td>\n<\/tr>\n<tr>\n<td>Diagn\u00f3stico de cables<\/td>\n<\/tr>\n<tr>\n<td>Prevenci\u00f3n de bucles<\/td>\n<\/tr>\n<tr>\n<td>Vlan admite hasta 32 vlan simult\u00e1neamente (de 4k vlan id)<\/td>\n<\/tr>\n<tr>\n<td>Mtu\/puerto\/etiqueta vlan<\/td>\n<\/tr>\n<tr>\n<td>Modo de extensi\u00f3n poe**<\/td>\n<\/tr>\n<tr>\n<td>Recuperaci\u00f3n autom\u00e1tica de poe<\/td>\n<\/tr>\n<tr>\n<td>Gui de gesti\u00f3n basada en web<\/td>\n<\/tr>\n<tr>\n<td>Utilidad de configuraci\u00f3n sencilla e inteligente<\/td>\n<\/tr>\n<tr>\n<td>M\u00e9todo de transmisi\u00f3n almacenar y reenviar<\/td>\n<\/tr>\n<tr>\n<td>Otros<\/td>\n<\/tr>\n<tr>\n<td>Certificaci\u00f3n fcc, ce, rohs<\/td>\n<\/tr>\n<tr>\n<td>Contenido del paquete tl-sg1210mpe<\/td>\n<\/tr>\n<tr>\n<td>Adaptador de corriente<\/td>\n<\/tr>\n<tr>\n<td>Gu\u00eda de instalaci\u00f3n<\/td>\n<\/tr>\n<tr>\n<td>Patas de goma<\/td>\n<\/tr>\n<tr>\n<td>Requisitos del sistema microsoft\u00ae windows\u00ae para ejecutar la utilidad<\/td>\n<\/tr>\n<tr>\n<td>Temperatura de funcionamiento ambiental: 0  and #8451; ~ 40  and #8451; (32  and #8457; ~ 104  and #8457;)<\/td>\n<\/tr>\n<tr>\n<td>Temperatura de almacenamiento: -40  and #8451; ~ 70  and #8451; (-40  and #8457; ~ 158  and #8457;)<\/td>\n<\/tr>\n<tr>\n<td>Humedad de funcionamiento: 10%~90%rh sin condensaci\u00f3n<\/td>\n<\/tr>\n<tr>\n<td>Humedad de almacenamiento: 5%~95%rh sin condensaci\u00f3n<\/td>\n<\/tr>\n<\/table>\n","protected":false},"excerpt":{"rendered":"<p>Tl-sg1210mpe nuevo. Conmutador inteligente sencillo gigabit de 10 puertos. Con poe+ de 8 puertos.     9 puertos gigabit rj45 y 1 puerto combo gigabit sfp\/rj45.     Equipado con ocho puertos 802.3af\/at poe+ con hasta 30 w para cada puerto, el conmutador puede transferir datos y energ\u00eda a trav\u00e9s de un solo cable.     Admite alimentaci\u00f3n poe de hasta 123 w para todos los puertos poe.     Proporciona monitoreo de red, priorizaci\u00f3n de tr\u00e1fico, funciones de vlan y recuperaci\u00f3n autom\u00e1tica de poe.     Configuraci\u00f3n de red sencilla adem\u00e1s de conectividad plug-and-play.     La interfaz de usuario basada en web y la utilidad easy smart configuration simplifican la configuraci\u00f3n.     El dise\u00f1o sin ventilador reduce el consumo de energ\u00eda y elimina el ruido de funcionamiento<\/p>\n","protected":false},"featured_media":234210,"comment_status":"open","ping_status":"open","template":"","meta":[],"product_cat":[1563,1564],"product_tag":[1562],"acf":[],"yoast_head":"<!-- This site is optimized with the Yoast SEO plugin v21.7 - https:\/\/yoast.com\/wordpress\/plugins\/seo\/ -->\n<title>[ Tp Link ] &#129351; Tl-sg1210mpe Switch Tp-link Omada 10p Gbe Easy Smart (8p Gbe Poe+)<\/title>\n<meta name=\"description\" content=\"Compra Tl-sg1210mpe Switch Tp-link Omada 10p Gbe Easy Smart (8p Gbe Poe+) + Env\u00edo a domicilio + Pago seguro + Garant\u00eda\" \/>\n<meta name=\"robots\" content=\"index, follow, max-snippet:-1, max-image-preview:large, max-video-preview:-1\" \/>\n<link rel=\"canonical\" href=\"https:\/\/compuviper.mx\/tienda\/producto\/tp-link-tl-sg1210mpe-switch-tp-link-omada-10p-gbe-easy-smart-8p-gbe-poe\/\" \/>\n<meta property=\"og:locale\" content=\"es_MX\" \/>\n<meta property=\"og:type\" content=\"article\" \/>\n<meta property=\"og:title\" content=\"[ Tp Link ] &#129351; Tl-sg1210mpe Switch Tp-link Omada 10p Gbe Easy Smart (8p Gbe Poe+)\" \/>\n<meta property=\"og:description\" content=\"Compra Tl-sg1210mpe Switch Tp-link Omada 10p Gbe Easy Smart (8p Gbe Poe+) + Env\u00edo a domicilio + Pago seguro + Garant\u00eda\" \/>\n<meta property=\"og:url\" content=\"https:\/\/compuviper.mx\/tienda\/producto\/tp-link-tl-sg1210mpe-switch-tp-link-omada-10p-gbe-easy-smart-8p-gbe-poe\/\" \/>\n<meta property=\"og:site_name\" content=\"Compuviper\" \/>\n<meta property=\"article:publisher\" content=\"https:\/\/www.facebook.com\/compuviper\" \/>\n<meta property=\"og:image\" content=\"https:\/\/compuviper.mx\/tienda\/wp-content\/uploads\/2024\/05\/Switch-tp-link-tl-sg1210mpe-10-puertos-gigabit-8-puertos-poe-easy-smart.jpg\" \/>\n\t<meta property=\"og:image:width\" content=\"200\" \/>\n\t<meta property=\"og:image:height\" content=\"200\" \/>\n\t<meta property=\"og:image:type\" content=\"image\/jpeg\" \/>\n<meta name=\"twitter:card\" content=\"summary_large_image\" \/>\n<meta name=\"twitter:label1\" content=\"Precio\" \/>\n\t<meta name=\"twitter:data1\" content=\"&#36;1,812 con IVA\" \/>\n\t<meta name=\"twitter:label2\" content=\"Availability\" \/>\n\t<meta name=\"twitter:data2\" content=\"On backorder\" \/>\n<script type=\"application\/ld+json\" class=\"yoast-schema-graph\">{\"@context\":\"https:\/\/schema.org\",\"@graph\":[{\"@type\":\"WebPage\",\"@id\":\"https:\/\/compuviper.mx\/tienda\/producto\/tp-link-tl-sg1210mpe-switch-tp-link-omada-10p-gbe-easy-smart-8p-gbe-poe\/\",\"url\":\"https:\/\/compuviper.mx\/tienda\/producto\/tp-link-tl-sg1210mpe-switch-tp-link-omada-10p-gbe-easy-smart-8p-gbe-poe\/\",\"name\":\"[ Tp Link ] &#129351; Tl-sg1210mpe Switch Tp-link Omada 10p Gbe Easy Smart (8p Gbe Poe+)\",\"isPartOf\":{\"@id\":\"https:\/\/compuviper.mx\/tienda\/#website\"},\"datePublished\":\"2026-04-18T07:11:35+00:00\",\"dateModified\":\"2026-04-18T07:11:35+00:00\",\"description\":\"Compra Tl-sg1210mpe Switch Tp-link Omada 10p Gbe Easy Smart (8p Gbe Poe+) + Env\u00edo a domicilio + Pago seguro + Garant\u00eda\",\"breadcrumb\":{\"@id\":\"https:\/\/compuviper.mx\/tienda\/producto\/tp-link-tl-sg1210mpe-switch-tp-link-omada-10p-gbe-easy-smart-8p-gbe-poe\/#breadcrumb\"},\"inLanguage\":\"es-MX\",\"potentialAction\":[{\"@type\":\"ReadAction\",\"target\":[\"https:\/\/compuviper.mx\/tienda\/producto\/tp-link-tl-sg1210mpe-switch-tp-link-omada-10p-gbe-easy-smart-8p-gbe-poe\/\"]}]},{\"@type\":\"BreadcrumbList\",\"@id\":\"https:\/\/compuviper.mx\/tienda\/producto\/tp-link-tl-sg1210mpe-switch-tp-link-omada-10p-gbe-easy-smart-8p-gbe-poe\/#breadcrumb\",\"itemListElement\":[{\"@type\":\"ListItem\",\"position\":1,\"name\":\"Inicio\",\"item\":\"https:\/\/compuviper.mx\/tienda\/\"},{\"@type\":\"ListItem\",\"position\":2,\"name\":\"Productos\",\"item\":\"https:\/\/compuviper.mx\/tienda\/productos\/\"},{\"@type\":\"ListItem\",\"position\":3,\"name\":\"Redes\",\"item\":\"https:\/\/compuviper.mx\/tienda\/categoria-producto\/redes\/\"},{\"@type\":\"ListItem\",\"position\":4,\"name\":\"Switch\",\"item\":\"https:\/\/compuviper.mx\/tienda\/categoria-producto\/redes\/switch\/\"},{\"@type\":\"ListItem\",\"position\":5,\"name\":\"Tp Link Tl-sg1210mpe Switch Tp-link Omada 10p Gbe Easy Smart (8p Gbe Poe+)\"}]},{\"@type\":\"WebSite\",\"@id\":\"https:\/\/compuviper.mx\/tienda\/#website\",\"url\":\"https:\/\/compuviper.mx\/tienda\/\",\"name\":\"Compuviper\",\"description\":\"Proveedor de Computadoras, Laptops, Servidores, Monitores, Puntos de Venta, Teclados,   Impresoras, T\u00f3ner, C\u00e1maras de Seguridad y m\u00e1s en tu tienda en l\u00ednea\",\"publisher\":{\"@id\":\"https:\/\/compuviper.mx\/tienda\/#organization\"},\"potentialAction\":[{\"@type\":\"SearchAction\",\"target\":{\"@type\":\"EntryPoint\",\"urlTemplate\":\"https:\/\/compuviper.mx\/tienda\/?s={search_term_string}\"},\"query-input\":\"required name=search_term_string\"}],\"inLanguage\":\"es-MX\"},{\"@type\":\"Organization\",\"@id\":\"https:\/\/compuviper.mx\/tienda\/#organization\",\"name\":\"Compuviper\",\"url\":\"https:\/\/compuviper.mx\/tienda\/\",\"logo\":{\"@type\":\"ImageObject\",\"inLanguage\":\"es-MX\",\"@id\":\"https:\/\/compuviper.mx\/tienda\/#\/schema\/logo\/image\/\",\"url\":\"https:\/\/compuviper.mx\/tienda\/wp-content\/uploads\/2021\/08\/Logo-Compuviper-10.png\",\"contentUrl\":\"https:\/\/compuviper.mx\/tienda\/wp-content\/uploads\/2021\/08\/Logo-Compuviper-10.png\",\"width\":1000,\"height\":500,\"caption\":\"Compuviper\"},\"image\":{\"@id\":\"https:\/\/compuviper.mx\/tienda\/#\/schema\/logo\/image\/\"},\"sameAs\":[\"https:\/\/www.facebook.com\/compuviper\",\"https:\/\/www.youtube.com\/channel\/UCf73dERp9Y3cfOq7q8BhLjA?view_as=subscriber\"]}]}<\/script>\n<meta property=\"product:brand\" content=\"TP LINK\" \/>\n<meta property=\"product:price:amount\" content=\"1812\" \/>\n<meta property=\"product:price:currency\" content=\"MXN\" \/>\n<meta property=\"og:availability\" content=\"backorder\" \/>\n<meta property=\"product:availability\" content=\"available for order\" \/>\n<meta property=\"product:retailer_item_id\" content=\"TL-SG1210MPE\" \/>\n<meta property=\"product:condition\" content=\"new\" \/>\n<!-- \/ Yoast SEO plugin. -->","yoast_head_json":{"title":"[ Tp Link ] &#129351; Tl-sg1210mpe Switch Tp-link Omada 10p Gbe Easy Smart (8p Gbe Poe+)","description":"Compra Tl-sg1210mpe Switch Tp-link Omada 10p Gbe Easy Smart (8p Gbe Poe+) + Env\u00edo a domicilio + Pago seguro + Garant\u00eda","robots":{"index":"index","follow":"follow","max-snippet":"max-snippet:-1","max-image-preview":"max-image-preview:large","max-video-preview":"max-video-preview:-1"},"canonical":"https:\/\/compuviper.mx\/tienda\/producto\/tp-link-tl-sg1210mpe-switch-tp-link-omada-10p-gbe-easy-smart-8p-gbe-poe\/","og_locale":"es_MX","og_type":"article","og_title":"[ Tp Link ] &#129351; Tl-sg1210mpe Switch Tp-link Omada 10p Gbe Easy Smart (8p Gbe Poe+)","og_description":"Compra Tl-sg1210mpe Switch Tp-link Omada 10p Gbe Easy Smart (8p Gbe Poe+) + Env\u00edo a domicilio + Pago seguro + Garant\u00eda","og_url":"https:\/\/compuviper.mx\/tienda\/producto\/tp-link-tl-sg1210mpe-switch-tp-link-omada-10p-gbe-easy-smart-8p-gbe-poe\/","og_site_name":"Compuviper","article_publisher":"https:\/\/www.facebook.com\/compuviper","og_image":[{"width":200,"height":200,"url":"https:\/\/compuviper.mx\/tienda\/wp-content\/uploads\/2024\/05\/Switch-tp-link-tl-sg1210mpe-10-puertos-gigabit-8-puertos-poe-easy-smart.jpg","type":"image\/jpeg"}],"twitter_card":"summary_large_image","twitter_misc":{"Precio":"&#36;1,812 con IVA","Availability":"On backorder"},"schema":{"@context":"https:\/\/schema.org","@graph":[{"@type":"WebPage","@id":"https:\/\/compuviper.mx\/tienda\/producto\/tp-link-tl-sg1210mpe-switch-tp-link-omada-10p-gbe-easy-smart-8p-gbe-poe\/","url":"https:\/\/compuviper.mx\/tienda\/producto\/tp-link-tl-sg1210mpe-switch-tp-link-omada-10p-gbe-easy-smart-8p-gbe-poe\/","name":"[ Tp Link ] &#129351; Tl-sg1210mpe Switch Tp-link Omada 10p Gbe Easy Smart (8p Gbe Poe+)","isPartOf":{"@id":"https:\/\/compuviper.mx\/tienda\/#website"},"datePublished":"2026-04-18T07:11:35+00:00","dateModified":"2026-04-18T07:11:35+00:00","description":"Compra Tl-sg1210mpe Switch Tp-link Omada 10p Gbe Easy Smart (8p Gbe Poe+) + Env\u00edo a domicilio + Pago seguro + Garant\u00eda","breadcrumb":{"@id":"https:\/\/compuviper.mx\/tienda\/producto\/tp-link-tl-sg1210mpe-switch-tp-link-omada-10p-gbe-easy-smart-8p-gbe-poe\/#breadcrumb"},"inLanguage":"es-MX","potentialAction":[{"@type":"ReadAction","target":["https:\/\/compuviper.mx\/tienda\/producto\/tp-link-tl-sg1210mpe-switch-tp-link-omada-10p-gbe-easy-smart-8p-gbe-poe\/"]}]},{"@type":"BreadcrumbList","@id":"https:\/\/compuviper.mx\/tienda\/producto\/tp-link-tl-sg1210mpe-switch-tp-link-omada-10p-gbe-easy-smart-8p-gbe-poe\/#breadcrumb","itemListElement":[{"@type":"ListItem","position":1,"name":"Inicio","item":"https:\/\/compuviper.mx\/tienda\/"},{"@type":"ListItem","position":2,"name":"Productos","item":"https:\/\/compuviper.mx\/tienda\/productos\/"},{"@type":"ListItem","position":3,"name":"Redes","item":"https:\/\/compuviper.mx\/tienda\/categoria-producto\/redes\/"},{"@type":"ListItem","position":4,"name":"Switch","item":"https:\/\/compuviper.mx\/tienda\/categoria-producto\/redes\/switch\/"},{"@type":"ListItem","position":5,"name":"Tp Link Tl-sg1210mpe Switch Tp-link Omada 10p Gbe Easy Smart (8p Gbe Poe+)"}]},{"@type":"WebSite","@id":"https:\/\/compuviper.mx\/tienda\/#website","url":"https:\/\/compuviper.mx\/tienda\/","name":"Compuviper","description":"Proveedor de Computadoras, Laptops, Servidores, Monitores, Puntos de Venta, Teclados,   Impresoras, T\u00f3ner, C\u00e1maras de Seguridad y m\u00e1s en tu tienda en l\u00ednea","publisher":{"@id":"https:\/\/compuviper.mx\/tienda\/#organization"},"potentialAction":[{"@type":"SearchAction","target":{"@type":"EntryPoint","urlTemplate":"https:\/\/compuviper.mx\/tienda\/?s={search_term_string}"},"query-input":"required name=search_term_string"}],"inLanguage":"es-MX"},{"@type":"Organization","@id":"https:\/\/compuviper.mx\/tienda\/#organization","name":"Compuviper","url":"https:\/\/compuviper.mx\/tienda\/","logo":{"@type":"ImageObject","inLanguage":"es-MX","@id":"https:\/\/compuviper.mx\/tienda\/#\/schema\/logo\/image\/","url":"https:\/\/compuviper.mx\/tienda\/wp-content\/uploads\/2021\/08\/Logo-Compuviper-10.png","contentUrl":"https:\/\/compuviper.mx\/tienda\/wp-content\/uploads\/2021\/08\/Logo-Compuviper-10.png","width":1000,"height":500,"caption":"Compuviper"},"image":{"@id":"https:\/\/compuviper.mx\/tienda\/#\/schema\/logo\/image\/"},"sameAs":["https:\/\/www.facebook.com\/compuviper","https:\/\/www.youtube.com\/channel\/UCf73dERp9Y3cfOq7q8BhLjA?view_as=subscriber"]}]},"product_brand":"TP LINK","product_price_amount":"1812","product_price_currency":"MXN","og_availability":"backorder","product_availability":"available for order","product_retailer_item_id":"TL-SG1210MPE","product_condition":"new"},"_links":{"self":[{"href":"https:\/\/compuviper.mx\/tienda\/wp-json\/wp\/v2\/product\/229400"}],"collection":[{"href":"https:\/\/compuviper.mx\/tienda\/wp-json\/wp\/v2\/product"}],"about":[{"href":"https:\/\/compuviper.mx\/tienda\/wp-json\/wp\/v2\/types\/product"}],"replies":[{"embeddable":true,"href":"https:\/\/compuviper.mx\/tienda\/wp-json\/wp\/v2\/comments?post=229400"}],"wp:featuredmedia":[{"embeddable":true,"href":"https:\/\/compuviper.mx\/tienda\/wp-json\/wp\/v2\/media\/234210"}],"wp:attachment":[{"href":"https:\/\/compuviper.mx\/tienda\/wp-json\/wp\/v2\/media?parent=229400"}],"wp:term":[{"taxonomy":"product_cat","embeddable":true,"href":"https:\/\/compuviper.mx\/tienda\/wp-json\/wp\/v2\/product_cat?post=229400"},{"taxonomy":"product_tag","embeddable":true,"href":"https:\/\/compuviper.mx\/tienda\/wp-json\/wp\/v2\/product_tag?post=229400"}],"curies":[{"name":"wp","href":"https:\/\/api.w.org\/{rel}","templated":true}]}}