{"id":229399,"date":"2026-04-18T01:11:34","date_gmt":"2026-04-18T07:11:34","guid":{"rendered":"https:\/\/compuviper.mx\/tienda\/producto\/tp-link-ex141-router-tp-link-wifi-6-ax1500-gigabit-ethernet-wi-fi-6-ax1500-1201-mbps-5-ghz-300-mbps-24-ghz-mesh\/"},"modified":"2026-04-18T01:11:34","modified_gmt":"2026-04-18T07:11:34","slug":"tp-link-ex141-router-tp-link-wifi-6-ax1500-gigabit-ethernet-wi-fi-6-ax1500-1201-mbps-5-ghz-300-mbps-24-ghz-mesh","status":"publish","type":"product","link":"https:\/\/compuviper.mx\/tienda\/producto\/tp-link-ex141-router-tp-link-wifi-6-ax1500-gigabit-ethernet-wi-fi-6-ax1500-1201-mbps-5-ghz-300-mbps-24-ghz-mesh\/","title":{"rendered":"Tp Link Ex141 Router | Tp-link |  | Wifi 6 | Ax1500 | Gigabit | Ethernet | Wi-fi 6 Ax1500 1201 Mbps (5 Ghz) + 300 Mbps (2,4 Ghz) | Mesh |"},"content":{"rendered":"<table class=\"descripcion\">\n<tr>\n<td>Caracter\u00edsticas de hardware<\/td>\n<\/tr>\n<tr>\n<td>Interfaz 1 10\/100\/1000 mbps rj45 wan port<\/td>\n<\/tr>\n<tr>\n<td>3 10\/100\/1000 mbps rj45 lan ports<\/td>\n<\/tr>\n<tr>\n<td>Botones reset button, wps\/wi-fi button<\/td>\n<\/tr>\n<tr>\n<td>Fuente de alimentaci\u00f3n externa 12v\/1a<\/td>\n<\/tr>\n<tr>\n<td>Dimensiones 7.2 \u00d7 3.7 \u00d7 1.3 in (182.7 \u00d7 94 \u00d7 33.3 mm)<\/td>\n<\/tr>\n<tr>\n<td>Tipo de antena four external antennas<\/td>\n<\/tr>\n<tr>\n<td>Caracter\u00edsticas inal\u00e1mbricas<\/td>\n<\/tr>\n<tr>\n<td>Est\u00e1ndares inal\u00e1mbricos ieee 802.11ax\/ac\/n\/a 5 ghz, ieee 802.11n\/g\/b 2.4 ghz<\/td>\n<\/tr>\n<tr>\n<td>Frecuencia 2.4 ghz and 5 ghz<\/td>\n<\/tr>\n<tr>\n<td>Tasa de se\u00f1al 1201 mbps on 5 ghz, 300 mbps on 2.4 ghz*<\/td>\n<\/tr>\n<tr>\n<td>Funciones inal\u00e1mbricas enable\/disable wireless radio, wmm, wireless statistics, band steering<\/td>\n<\/tr>\n<tr>\n<td>Seguridad inal\u00e1mbrica wpa\/wpa2\/wpa3 encryptions<\/td>\n<\/tr>\n<tr>\n<td>Potencia de transmisi\u00f3n ce:  20dbm (2.4 ghz),  23dbm (5.17 ghz\u00965.71 ghz)<\/td>\n<\/tr>\n<tr>\n<td>Fcc: 30dbm (2.4 ghz  and  5.15 ghz\u00965.825 ghz)<\/td>\n<\/tr>\n<tr>\n<td>Planificador de red inal\u00e1mbrica support 2.4 ghz and 5 ghz wireless schedule<\/td>\n<\/tr>\n<tr>\n<td>Tecnolog\u00eda mesh easymesh compatible, and support 802.11k\/v\/r<\/td>\n<\/tr>\n<tr>\n<td>Caracter\u00edsticas de software<\/td>\n<\/tr>\n<tr>\n<td>Caracter\u00edsticas avanzadas muti-ssid, guest network, qos (quality of service), tx beamforming, mu-mimo, ofdma, airtime fairness<\/td>\n<\/tr>\n<tr>\n<td>Modo de funcionamiento router, access point<\/td>\n<\/tr>\n<tr>\n<td>Tipo de wan dynamic ip\/static ip\/pppoe\/pptp\/l2tp (multi-ewan)<\/td>\n<\/tr>\n<tr>\n<td>Gesti\u00f3n local management: webgui management, aginet app management<\/td>\n<\/tr>\n<tr>\n<td>Remote management: aginet acs, tr-069, tr-098, tr-181,tr-111, and tr-143 for service providers<\/td>\n<\/tr>\n<tr>\n<td>Aginet app for end user (need to log in wtih tp-link id and bind your device to it)<\/td>\n<\/tr>\n<tr>\n<td>Dhcp server, dhcp client list, address reservation<\/td>\n<\/tr>\n<tr>\n<td>Reenv\u00edo de puertos virtual server, port triggering, upnp, dmz<\/td>\n<\/tr>\n<tr>\n<td>Dns din\u00e1mico dyndns, no-ip<\/td>\n<\/tr>\n<tr>\n<td>Vpn pass-through ipsec, pptp, l2tp<\/td>\n<\/tr>\n<tr>\n<td>Control de acceso parental controls, white list, black list<\/td>\n<\/tr>\n<tr>\n<td>Seguridad firewall dos, spi firewall, ip and mac address binding<\/td>\n<\/tr>\n<tr>\n<td>Protocolos ipv4, ipv6<\/td>\n<\/tr>\n<tr>\n<td>Servidor vpn pptp, openvpn, ipsec<\/td>\n<\/tr>\n<tr>\n<td>Otros<\/td>\n<\/tr>\n<tr>\n<td>Contenido del paquete ax1500 dual band gigabit wi-fi 6 router ex141<\/td>\n<\/tr>\n<tr>\n<td>Power adapter<\/td>\n<\/tr>\n<tr>\n<td>Rj45 ethernet cable<\/td>\n<\/tr>\n<tr>\n<td>Quick installation guide<\/td>\n<\/tr>\n<tr>\n<td>Requisitos microsoft windows 98se\/nt\/2000\/xp\/vista\u0099\/7\/8\/8.1\/10, mac os, netware, unix or linux<\/td>\n<\/tr>\n<tr>\n<td>Internet explorer 11, firefox 12.0, chrome 20.0, safari 4.0, or other java-enabled browser<\/td>\n<\/tr>\n<tr>\n<td>Subscription with an internet service provider (for internet access)<\/td>\n<\/tr>\n<tr>\n<td>Factores ambientales operating temperature: 0 and #8451;\u009640 and #8451; (32 and #8457;\u0096104 and #8457;)<\/td>\n<\/tr>\n<tr>\n<td>Storage temperature: -40 and #8451;\u009660 and #8451; (-40 and #8457;\u0096140 and #8457;)<\/td>\n<\/tr>\n<tr>\n<td>Operating humidity: 10%\u009690% non-condensing<\/td>\n<\/tr>\n<tr>\n<td>Storage humidity: 5%\u009690% non-condensing<\/td>\n<\/tr>\n<\/table>\n","protected":false},"excerpt":{"rendered":"<p>Ex141. Ax1500 wi-fi 6 router gigabit ethernet. \u0095 conectividad: 1 puerto gigabit wan + 3 puertos gigabit lan ethernet. Compatible con vlan, dynamic ip\/static ip\/pppoe\/pptp\/l2tp (multi-ewan). \u0095 wi-fi: wi-fi 6 ax1500 1201 mbps (5 ghz) + 300 mbps (2,4 ghz). \u0095 tecnolog\u00eda 802.11ax: compatible con caracter\u00edsticas como muti-ssid, tx beamforming, mu-mimo, dl\/ul ofdma, airtime fairness, guest network y seguridad wpa\/wpa2-psk\/wpa3. \u0095 mesh: compatible con el est\u00e1ndar de la wi-fi alliance easymesh r2 permite la creaci\u00f3n de una red mesh con otros dispositivos que cumplan el est\u00e1ndar. Actualizable a easymesh r3. \u0095 aplicaciones: funcionalidades de control parental, vpn (openvpn, ipsec, pptp, qos (lan), dyndns, no-ip proporcionaran un valor a\u00f1adido a sus clientes. \u0095 aplicaci\u00f3n aginet: compatible con la app aginet, disponible para ios y android para proporcionar una mejor experiencia de usuario a sus clientes. \u0095 f\u00e1cil configuraci\u00f3n: configure su router de una manera r\u00e1pida y sencilla con aginetconfig, puede cargar ficheros de configuraci\u00f3n desde nuestra aplicaci\u00f3n o un servidor tftp y evitar el reset de la configuraci\u00f3n. \u0095 gesti\u00f3n remota: compatible con los est\u00e1ndares bbf tr-098, tr-181, tr-111, tr-143 y tr-369. Admite gesti\u00f3n mediante https\/snmp. Compatible con tauc tr-369 usp.<\/p>\n","protected":false},"featured_media":234209,"comment_status":"open","ping_status":"open","template":"","meta":[],"product_cat":[1563,1753],"product_tag":[1562],"acf":[],"yoast_head":"<!-- This site is optimized with the Yoast SEO plugin v21.7 - https:\/\/yoast.com\/wordpress\/plugins\/seo\/ -->\n<title>[ Tp Link ] &#129351; Ex141 Router | Tp-link | | Wifi 6 | Ax1500 | Gigabit | Ethernet | Wi-fi 6 Ax1500 1201 Mbps (5 Ghz) + 300 Mbps (2,4 Ghz) | Mesh |<\/title>\n<meta name=\"description\" content=\"Compra Ex141 Router | Tp-link | | Wifi 6 | Ax1500 | Gigabit | Ethernet | Wi-fi 6 Ax1500 1201 Mbps (5 Ghz) + 300 Mbps (2,4 Ghz) | Mesh | + Env\u00edo a domicilio + Pago seguro + Garant\u00eda\" \/>\n<meta name=\"robots\" content=\"index, follow, max-snippet:-1, max-image-preview:large, max-video-preview:-1\" \/>\n<link rel=\"canonical\" href=\"https:\/\/compuviper.mx\/tienda\/producto\/tp-link-ex141-router-tp-link-wifi-6-ax1500-gigabit-ethernet-wi-fi-6-ax1500-1201-mbps-5-ghz-300-mbps-24-ghz-mesh\/\" \/>\n<meta property=\"og:locale\" content=\"es_MX\" \/>\n<meta property=\"og:type\" content=\"article\" \/>\n<meta property=\"og:title\" content=\"[ Tp Link ] &#129351; Ex141 Router | Tp-link | | Wifi 6 | Ax1500 | Gigabit | Ethernet | Wi-fi 6 Ax1500 1201 Mbps (5 Ghz) + 300 Mbps (2,4 Ghz) | Mesh |\" \/>\n<meta property=\"og:description\" content=\"Compra Ex141 Router | Tp-link | | Wifi 6 | Ax1500 | Gigabit | Ethernet | Wi-fi 6 Ax1500 1201 Mbps (5 Ghz) + 300 Mbps (2,4 Ghz) | Mesh | + Env\u00edo a domicilio + Pago seguro + Garant\u00eda\" \/>\n<meta property=\"og:url\" content=\"https:\/\/compuviper.mx\/tienda\/producto\/tp-link-ex141-router-tp-link-wifi-6-ax1500-gigabit-ethernet-wi-fi-6-ax1500-1201-mbps-5-ghz-300-mbps-24-ghz-mesh\/\" \/>\n<meta property=\"og:site_name\" content=\"Compuviper\" \/>\n<meta property=\"article:publisher\" content=\"https:\/\/www.facebook.com\/compuviper\" \/>\n<meta property=\"og:image\" content=\"https:\/\/compuviper.mx\/tienda\/wp-content\/uploads\/2024\/05\/Router-tp-link-ex141-wifi-6-ax1500-gigabit-ethernet-wi-fi-6-ax1500-1201-mbps-5-ghz-300-mbps-24-ghz-mesh.jpg\" \/>\n\t<meta property=\"og:image:width\" content=\"200\" \/>\n\t<meta property=\"og:image:height\" content=\"200\" \/>\n\t<meta property=\"og:image:type\" content=\"image\/jpeg\" \/>\n<meta name=\"twitter:card\" content=\"summary_large_image\" \/>\n<meta name=\"twitter:label1\" content=\"Precio\" \/>\n\t<meta name=\"twitter:data1\" content=\"&#36;667 con IVA\" \/>\n\t<meta name=\"twitter:label2\" content=\"Availability\" \/>\n\t<meta name=\"twitter:data2\" content=\"Out of stock\" \/>\n<script type=\"application\/ld+json\" class=\"yoast-schema-graph\">{\"@context\":\"https:\/\/schema.org\",\"@graph\":[{\"@type\":\"WebPage\",\"@id\":\"https:\/\/compuviper.mx\/tienda\/producto\/tp-link-ex141-router-tp-link-wifi-6-ax1500-gigabit-ethernet-wi-fi-6-ax1500-1201-mbps-5-ghz-300-mbps-24-ghz-mesh\/\",\"url\":\"https:\/\/compuviper.mx\/tienda\/producto\/tp-link-ex141-router-tp-link-wifi-6-ax1500-gigabit-ethernet-wi-fi-6-ax1500-1201-mbps-5-ghz-300-mbps-24-ghz-mesh\/\",\"name\":\"[ Tp Link ] &#129351; Ex141 Router | Tp-link | | Wifi 6 | Ax1500 | Gigabit | Ethernet | Wi-fi 6 Ax1500 1201 Mbps (5 Ghz) + 300 Mbps (2,4 Ghz) | Mesh |\",\"isPartOf\":{\"@id\":\"https:\/\/compuviper.mx\/tienda\/#website\"},\"datePublished\":\"2026-04-18T07:11:34+00:00\",\"dateModified\":\"2026-04-18T07:11:34+00:00\",\"description\":\"Compra Ex141 Router | Tp-link | | Wifi 6 | Ax1500 | Gigabit | Ethernet | Wi-fi 6 Ax1500 1201 Mbps (5 Ghz) + 300 Mbps (2,4 Ghz) | Mesh | + Env\u00edo a domicilio + Pago seguro + Garant\u00eda\",\"breadcrumb\":{\"@id\":\"https:\/\/compuviper.mx\/tienda\/producto\/tp-link-ex141-router-tp-link-wifi-6-ax1500-gigabit-ethernet-wi-fi-6-ax1500-1201-mbps-5-ghz-300-mbps-24-ghz-mesh\/#breadcrumb\"},\"inLanguage\":\"es-MX\",\"potentialAction\":[{\"@type\":\"ReadAction\",\"target\":[\"https:\/\/compuviper.mx\/tienda\/producto\/tp-link-ex141-router-tp-link-wifi-6-ax1500-gigabit-ethernet-wi-fi-6-ax1500-1201-mbps-5-ghz-300-mbps-24-ghz-mesh\/\"]}]},{\"@type\":\"BreadcrumbList\",\"@id\":\"https:\/\/compuviper.mx\/tienda\/producto\/tp-link-ex141-router-tp-link-wifi-6-ax1500-gigabit-ethernet-wi-fi-6-ax1500-1201-mbps-5-ghz-300-mbps-24-ghz-mesh\/#breadcrumb\",\"itemListElement\":[{\"@type\":\"ListItem\",\"position\":1,\"name\":\"Inicio\",\"item\":\"https:\/\/compuviper.mx\/tienda\/\"},{\"@type\":\"ListItem\",\"position\":2,\"name\":\"Productos\",\"item\":\"https:\/\/compuviper.mx\/tienda\/productos\/\"},{\"@type\":\"ListItem\",\"position\":3,\"name\":\"Redes\",\"item\":\"https:\/\/compuviper.mx\/tienda\/categoria-producto\/redes\/\"},{\"@type\":\"ListItem\",\"position\":4,\"name\":\"Router\",\"item\":\"https:\/\/compuviper.mx\/tienda\/categoria-producto\/redes\/router\/\"},{\"@type\":\"ListItem\",\"position\":5,\"name\":\"Tp Link Ex141 Router | Tp-link | | Wifi 6 | Ax1500 | Gigabit | Ethernet | Wi-fi 6 Ax1500 1201 Mbps (5 Ghz) + 300 Mbps (2,4 Ghz) | Mesh |\"}]},{\"@type\":\"WebSite\",\"@id\":\"https:\/\/compuviper.mx\/tienda\/#website\",\"url\":\"https:\/\/compuviper.mx\/tienda\/\",\"name\":\"Compuviper\",\"description\":\"Proveedor de Computadoras, Laptops, Servidores, Monitores, Puntos de Venta, Teclados,   Impresoras, T\u00f3ner, C\u00e1maras de Seguridad y m\u00e1s en tu tienda en l\u00ednea\",\"publisher\":{\"@id\":\"https:\/\/compuviper.mx\/tienda\/#organization\"},\"potentialAction\":[{\"@type\":\"SearchAction\",\"target\":{\"@type\":\"EntryPoint\",\"urlTemplate\":\"https:\/\/compuviper.mx\/tienda\/?s={search_term_string}\"},\"query-input\":\"required name=search_term_string\"}],\"inLanguage\":\"es-MX\"},{\"@type\":\"Organization\",\"@id\":\"https:\/\/compuviper.mx\/tienda\/#organization\",\"name\":\"Compuviper\",\"url\":\"https:\/\/compuviper.mx\/tienda\/\",\"logo\":{\"@type\":\"ImageObject\",\"inLanguage\":\"es-MX\",\"@id\":\"https:\/\/compuviper.mx\/tienda\/#\/schema\/logo\/image\/\",\"url\":\"https:\/\/compuviper.mx\/tienda\/wp-content\/uploads\/2021\/08\/Logo-Compuviper-10.png\",\"contentUrl\":\"https:\/\/compuviper.mx\/tienda\/wp-content\/uploads\/2021\/08\/Logo-Compuviper-10.png\",\"width\":1000,\"height\":500,\"caption\":\"Compuviper\"},\"image\":{\"@id\":\"https:\/\/compuviper.mx\/tienda\/#\/schema\/logo\/image\/\"},\"sameAs\":[\"https:\/\/www.facebook.com\/compuviper\",\"https:\/\/www.youtube.com\/channel\/UCf73dERp9Y3cfOq7q8BhLjA?view_as=subscriber\"]}]}<\/script>\n<meta property=\"product:brand\" content=\"TP LINK\" \/>\n<meta property=\"product:price:amount\" content=\"667\" \/>\n<meta property=\"product:price:currency\" content=\"MXN\" \/>\n<meta property=\"og:availability\" content=\"out of stock\" \/>\n<meta property=\"product:availability\" content=\"out of stock\" \/>\n<meta property=\"product:retailer_item_id\" content=\"EX141\" \/>\n<meta property=\"product:condition\" content=\"new\" \/>\n<!-- \/ Yoast SEO plugin. -->","yoast_head_json":{"title":"[ Tp Link ] &#129351; Ex141 Router | Tp-link | | Wifi 6 | Ax1500 | Gigabit | Ethernet | Wi-fi 6 Ax1500 1201 Mbps (5 Ghz) + 300 Mbps (2,4 Ghz) | Mesh |","description":"Compra Ex141 Router | Tp-link | | Wifi 6 | Ax1500 | Gigabit | Ethernet | Wi-fi 6 Ax1500 1201 Mbps (5 Ghz) + 300 Mbps (2,4 Ghz) | Mesh | + Env\u00edo a domicilio + Pago seguro + Garant\u00eda","robots":{"index":"index","follow":"follow","max-snippet":"max-snippet:-1","max-image-preview":"max-image-preview:large","max-video-preview":"max-video-preview:-1"},"canonical":"https:\/\/compuviper.mx\/tienda\/producto\/tp-link-ex141-router-tp-link-wifi-6-ax1500-gigabit-ethernet-wi-fi-6-ax1500-1201-mbps-5-ghz-300-mbps-24-ghz-mesh\/","og_locale":"es_MX","og_type":"article","og_title":"[ Tp Link ] &#129351; Ex141 Router | Tp-link | | Wifi 6 | Ax1500 | Gigabit | Ethernet | Wi-fi 6 Ax1500 1201 Mbps (5 Ghz) + 300 Mbps (2,4 Ghz) | Mesh |","og_description":"Compra Ex141 Router | Tp-link | | Wifi 6 | Ax1500 | Gigabit | Ethernet | Wi-fi 6 Ax1500 1201 Mbps (5 Ghz) + 300 Mbps (2,4 Ghz) | Mesh | + Env\u00edo a domicilio + Pago seguro + Garant\u00eda","og_url":"https:\/\/compuviper.mx\/tienda\/producto\/tp-link-ex141-router-tp-link-wifi-6-ax1500-gigabit-ethernet-wi-fi-6-ax1500-1201-mbps-5-ghz-300-mbps-24-ghz-mesh\/","og_site_name":"Compuviper","article_publisher":"https:\/\/www.facebook.com\/compuviper","og_image":[{"width":200,"height":200,"url":"https:\/\/compuviper.mx\/tienda\/wp-content\/uploads\/2024\/05\/Router-tp-link-ex141-wifi-6-ax1500-gigabit-ethernet-wi-fi-6-ax1500-1201-mbps-5-ghz-300-mbps-24-ghz-mesh.jpg","type":"image\/jpeg"}],"twitter_card":"summary_large_image","twitter_misc":{"Precio":"&#36;667 con IVA","Availability":"Out of stock"},"schema":{"@context":"https:\/\/schema.org","@graph":[{"@type":"WebPage","@id":"https:\/\/compuviper.mx\/tienda\/producto\/tp-link-ex141-router-tp-link-wifi-6-ax1500-gigabit-ethernet-wi-fi-6-ax1500-1201-mbps-5-ghz-300-mbps-24-ghz-mesh\/","url":"https:\/\/compuviper.mx\/tienda\/producto\/tp-link-ex141-router-tp-link-wifi-6-ax1500-gigabit-ethernet-wi-fi-6-ax1500-1201-mbps-5-ghz-300-mbps-24-ghz-mesh\/","name":"[ Tp Link ] &#129351; Ex141 Router | Tp-link | | Wifi 6 | Ax1500 | Gigabit | Ethernet | Wi-fi 6 Ax1500 1201 Mbps (5 Ghz) + 300 Mbps (2,4 Ghz) | Mesh |","isPartOf":{"@id":"https:\/\/compuviper.mx\/tienda\/#website"},"datePublished":"2026-04-18T07:11:34+00:00","dateModified":"2026-04-18T07:11:34+00:00","description":"Compra Ex141 Router | Tp-link | | Wifi 6 | Ax1500 | Gigabit | Ethernet | Wi-fi 6 Ax1500 1201 Mbps (5 Ghz) + 300 Mbps (2,4 Ghz) | Mesh | + Env\u00edo a domicilio + Pago seguro + Garant\u00eda","breadcrumb":{"@id":"https:\/\/compuviper.mx\/tienda\/producto\/tp-link-ex141-router-tp-link-wifi-6-ax1500-gigabit-ethernet-wi-fi-6-ax1500-1201-mbps-5-ghz-300-mbps-24-ghz-mesh\/#breadcrumb"},"inLanguage":"es-MX","potentialAction":[{"@type":"ReadAction","target":["https:\/\/compuviper.mx\/tienda\/producto\/tp-link-ex141-router-tp-link-wifi-6-ax1500-gigabit-ethernet-wi-fi-6-ax1500-1201-mbps-5-ghz-300-mbps-24-ghz-mesh\/"]}]},{"@type":"BreadcrumbList","@id":"https:\/\/compuviper.mx\/tienda\/producto\/tp-link-ex141-router-tp-link-wifi-6-ax1500-gigabit-ethernet-wi-fi-6-ax1500-1201-mbps-5-ghz-300-mbps-24-ghz-mesh\/#breadcrumb","itemListElement":[{"@type":"ListItem","position":1,"name":"Inicio","item":"https:\/\/compuviper.mx\/tienda\/"},{"@type":"ListItem","position":2,"name":"Productos","item":"https:\/\/compuviper.mx\/tienda\/productos\/"},{"@type":"ListItem","position":3,"name":"Redes","item":"https:\/\/compuviper.mx\/tienda\/categoria-producto\/redes\/"},{"@type":"ListItem","position":4,"name":"Router","item":"https:\/\/compuviper.mx\/tienda\/categoria-producto\/redes\/router\/"},{"@type":"ListItem","position":5,"name":"Tp Link Ex141 Router | Tp-link | | Wifi 6 | Ax1500 | Gigabit | Ethernet | Wi-fi 6 Ax1500 1201 Mbps (5 Ghz) + 300 Mbps (2,4 Ghz) | Mesh |"}]},{"@type":"WebSite","@id":"https:\/\/compuviper.mx\/tienda\/#website","url":"https:\/\/compuviper.mx\/tienda\/","name":"Compuviper","description":"Proveedor de Computadoras, Laptops, Servidores, Monitores, Puntos de Venta, Teclados,   Impresoras, T\u00f3ner, C\u00e1maras de Seguridad y m\u00e1s en tu tienda en l\u00ednea","publisher":{"@id":"https:\/\/compuviper.mx\/tienda\/#organization"},"potentialAction":[{"@type":"SearchAction","target":{"@type":"EntryPoint","urlTemplate":"https:\/\/compuviper.mx\/tienda\/?s={search_term_string}"},"query-input":"required name=search_term_string"}],"inLanguage":"es-MX"},{"@type":"Organization","@id":"https:\/\/compuviper.mx\/tienda\/#organization","name":"Compuviper","url":"https:\/\/compuviper.mx\/tienda\/","logo":{"@type":"ImageObject","inLanguage":"es-MX","@id":"https:\/\/compuviper.mx\/tienda\/#\/schema\/logo\/image\/","url":"https:\/\/compuviper.mx\/tienda\/wp-content\/uploads\/2021\/08\/Logo-Compuviper-10.png","contentUrl":"https:\/\/compuviper.mx\/tienda\/wp-content\/uploads\/2021\/08\/Logo-Compuviper-10.png","width":1000,"height":500,"caption":"Compuviper"},"image":{"@id":"https:\/\/compuviper.mx\/tienda\/#\/schema\/logo\/image\/"},"sameAs":["https:\/\/www.facebook.com\/compuviper","https:\/\/www.youtube.com\/channel\/UCf73dERp9Y3cfOq7q8BhLjA?view_as=subscriber"]}]},"product_brand":"TP LINK","product_price_amount":"667","product_price_currency":"MXN","og_availability":"out of stock","product_availability":"out of stock","product_retailer_item_id":"EX141","product_condition":"new"},"_links":{"self":[{"href":"https:\/\/compuviper.mx\/tienda\/wp-json\/wp\/v2\/product\/229399"}],"collection":[{"href":"https:\/\/compuviper.mx\/tienda\/wp-json\/wp\/v2\/product"}],"about":[{"href":"https:\/\/compuviper.mx\/tienda\/wp-json\/wp\/v2\/types\/product"}],"replies":[{"embeddable":true,"href":"https:\/\/compuviper.mx\/tienda\/wp-json\/wp\/v2\/comments?post=229399"}],"wp:featuredmedia":[{"embeddable":true,"href":"https:\/\/compuviper.mx\/tienda\/wp-json\/wp\/v2\/media\/234209"}],"wp:attachment":[{"href":"https:\/\/compuviper.mx\/tienda\/wp-json\/wp\/v2\/media?parent=229399"}],"wp:term":[{"taxonomy":"product_cat","embeddable":true,"href":"https:\/\/compuviper.mx\/tienda\/wp-json\/wp\/v2\/product_cat?post=229399"},{"taxonomy":"product_tag","embeddable":true,"href":"https:\/\/compuviper.mx\/tienda\/wp-json\/wp\/v2\/product_tag?post=229399"}],"curies":[{"name":"wp","href":"https:\/\/api.w.org\/{rel}","templated":true}]}}