{"id":229389,"date":"2026-04-07T00:44:12","date_gmt":"2026-04-07T06:44:12","guid":{"rendered":"https:\/\/compuviper.mx\/tienda\/producto\/balam-rush-br-936286-kit-teclado-y-mouse-squad-master-plus-ktm555-multimedia-ergonomico-alambrico-iluminacion-arcoiris-membrana-7200-dpi\/"},"modified":"2026-04-07T00:44:13","modified_gmt":"2026-04-07T06:44:13","slug":"balam-rush-br-9362867506215936286-kit-gamer-squad-master-plus-ktm555-teclado-y-mouse-alambrico-multimedia-ergonomico-win-mac-ios-android-retroiluminado-115-teclas-7200-dpi-6-boton","status":"publish","type":"product","link":"https:\/\/compuviper.mx\/tienda\/producto\/balam-rush-br-9362867506215936286-kit-gamer-squad-master-plus-ktm555-teclado-y-mouse-alambrico-multimedia-ergonomico-win-mac-ios-android-retroiluminado-115-teclas-7200-dpi-6-boton\/","title":{"rendered":"Balam Rush Br-936286,7506215936286 Kit Gamer  Squad Master Plus Ktm555 \/ Teclado Y Mouse \/ Alambrico Multimedia \/ Ergonomico \/ Win -mac -ios -android \/ Retroiluminado \/ 115 Teclas \/ 7200 Dpi \/ 6 Botones Scroll \/ Br-936286"},"content":{"rendered":"<table class=\"descripcion\">\n<tr>\n<td>Especificaciones<\/td>\n<\/tr>\n<tr>\n<td>*producto: kit 2-1 teclado y mouse<\/td>\n<\/tr>\n<tr>\n<td>*modelo: br-936286<\/td>\n<\/tr>\n<tr>\n<td>*material : abs<\/td>\n<\/tr>\n<tr>\n<td>*conectividad: al\u00e1mbrico<\/td>\n<\/tr>\n<tr>\n<td>*versi\u00f3n usb: 2<\/td>\n<\/tr>\n<tr>\n<td>*teclado<\/td>\n<\/tr>\n<tr>\n<td>*dimensiones:  0.442  x 0.180 m<\/td>\n<\/tr>\n<tr>\n<td>*peso: 0.670 kg<\/td>\n<\/tr>\n<tr>\n<td>*tecnolog\u00eda del teclado: membrana<\/td>\n<\/tr>\n<tr>\n<td>*compatibilidad:<\/td>\n<\/tr>\n<tr>\n<td>*windows<\/td>\n<\/tr>\n<tr>\n<td>*mac<\/td>\n<\/tr>\n<tr>\n<td>*ios<\/td>\n<\/tr>\n<tr>\n<td>*android<\/td>\n<\/tr>\n<tr>\n<td>*idioma: espa\u00f1ol<\/td>\n<\/tr>\n<tr>\n<td>*anti-ghosting: 6 teclas<\/td>\n<\/tr>\n<tr>\n<td>*longitud de cable: 1.5 m<\/td>\n<\/tr>\n<tr>\n<td>*n\u00famero de teclas totales: 115<\/td>\n<\/tr>\n<tr>\n<td>*teclas multimedia: 10<\/td>\n<\/tr>\n<tr>\n<td>*funciones multimedia: fn+ funci\u00f3n multimedia<\/td>\n<\/tr>\n<tr>\n<td>*impresi\u00f3n de teclas: laser<\/td>\n<\/tr>\n<tr>\n<td>*clicks por tecla: 8 millones<\/td>\n<\/tr>\n<tr>\n<td>*iluminaci\u00f3n<\/td>\n<\/tr>\n<tr>\n<td>*tipo: retroalimentaci\u00f3n arco\u00edris<\/td>\n<\/tr>\n<tr>\n<td>*modos: estable y parpadeo<\/td>\n<\/tr>\n<tr>\n<td>*nivel de iluminaci\u00f3n: 3<\/td>\n<\/tr>\n<tr>\n<td>*caracter\u00edstica el\u00e9ctrica: 3 vcc<\/td>\n<\/tr>\n<\/table>\n","protected":false},"excerpt":{"rendered":"<p>Kit teclado y mouse balam rush squad master plus ktm555 \/ multimedia \/ ergonomico \/ alambrico \/ iluminacion arcoiris \/ membrana \/ 7200 dpi \/ br-936286<\/p>\n","protected":false},"featured_media":234072,"comment_status":"open","ping_status":"open","template":"","meta":[],"product_cat":[1712,1711],"product_tag":[2097],"acf":[],"yoast_head":"<!-- This site is optimized with the Yoast SEO plugin v21.7 - https:\/\/yoast.com\/wordpress\/plugins\/seo\/ -->\n<title>[ Balam Rush ] &#129351; Br-936286,7506215936286 Kit Gamer Squad Master Plus Ktm555 \/ Teclado Y Mouse \/ Alambrico Multimedia \/ Ergonomico \/ Win -mac -ios -android \/ Retroiluminado \/ 115 Teclas \/ 7200 Dpi \/ 6 Botones Scroll \/ Br-936286<\/title>\n<meta name=\"description\" content=\"Compra Br-936286,7506215936286 Kit Gamer Squad Master Plus Ktm555 \/ Teclado Y Mouse \/ Alambrico Multimedia \/ Ergonomico \/ Win -mac -ios -android \/ Retroiluminado \/ 115 Teclas \/ 7200 Dpi \/ 6 Botones Scroll \/ Br-936286 + Env\u00edo a domicilio + Pago seguro + Garant\u00eda\" \/>\n<meta name=\"robots\" content=\"index, follow, max-snippet:-1, max-image-preview:large, max-video-preview:-1\" \/>\n<link rel=\"canonical\" href=\"https:\/\/compuviper.mx\/tienda\/producto\/balam-rush-br-9362867506215936286-kit-gamer-squad-master-plus-ktm555-teclado-y-mouse-alambrico-multimedia-ergonomico-win-mac-ios-android-retroiluminado-115-teclas-7200-dpi-6-boton\/\" \/>\n<meta property=\"og:locale\" content=\"es_MX\" \/>\n<meta property=\"og:type\" content=\"article\" \/>\n<meta property=\"og:title\" content=\"[ Balam Rush ] &#129351; Br-936286,7506215936286 Kit Gamer Squad Master Plus Ktm555 \/ Teclado Y Mouse \/ Alambrico Multimedia \/ Ergonomico \/ Win -mac -ios -android \/ Retroiluminado \/ 115 Teclas \/ 7200 Dpi \/ 6 Botones Scroll \/ Br-936286\" \/>\n<meta property=\"og:description\" content=\"Compra Br-936286,7506215936286 Kit Gamer Squad Master Plus Ktm555 \/ Teclado Y Mouse \/ Alambrico Multimedia \/ Ergonomico \/ Win -mac -ios -android \/ Retroiluminado \/ 115 Teclas \/ 7200 Dpi \/ 6 Botones Scroll \/ Br-936286 + Env\u00edo a domicilio + Pago seguro + Garant\u00eda\" \/>\n<meta property=\"og:url\" content=\"https:\/\/compuviper.mx\/tienda\/producto\/balam-rush-br-9362867506215936286-kit-gamer-squad-master-plus-ktm555-teclado-y-mouse-alambrico-multimedia-ergonomico-win-mac-ios-android-retroiluminado-115-teclas-7200-dpi-6-boton\/\" \/>\n<meta property=\"og:site_name\" content=\"Compuviper\" \/>\n<meta property=\"article:publisher\" content=\"https:\/\/www.facebook.com\/compuviper\" \/>\n<meta property=\"article:modified_time\" content=\"2026-04-07T06:44:13+00:00\" \/>\n<meta property=\"og:image\" content=\"https:\/\/compuviper.mx\/tienda\/wp-content\/uploads\/2024\/05\/Kit-teclado-y-mouse-balam-rush-squad-master-plus-ktm555-multimedia-ergonomico-cable-1.5-m-iluminacion-arcoiris-membrana-7200-dpi-windows-mac-ios-android-br-936286.jpg\" \/>\n\t<meta property=\"og:image:width\" content=\"200\" \/>\n\t<meta property=\"og:image:height\" content=\"200\" \/>\n\t<meta property=\"og:image:type\" content=\"image\/jpeg\" \/>\n<meta name=\"twitter:card\" content=\"summary_large_image\" \/>\n<meta name=\"twitter:label1\" content=\"Precio\" \/>\n\t<meta name=\"twitter:data1\" content=\"&#36;406 con IVA\" \/>\n\t<meta name=\"twitter:label2\" content=\"Availability\" \/>\n\t<meta name=\"twitter:data2\" content=\"In stock\" \/>\n<script type=\"application\/ld+json\" class=\"yoast-schema-graph\">{\"@context\":\"https:\/\/schema.org\",\"@graph\":[{\"@type\":\"WebPage\",\"@id\":\"https:\/\/compuviper.mx\/tienda\/producto\/balam-rush-br-9362867506215936286-kit-gamer-squad-master-plus-ktm555-teclado-y-mouse-alambrico-multimedia-ergonomico-win-mac-ios-android-retroiluminado-115-teclas-7200-dpi-6-boton\/\",\"url\":\"https:\/\/compuviper.mx\/tienda\/producto\/balam-rush-br-9362867506215936286-kit-gamer-squad-master-plus-ktm555-teclado-y-mouse-alambrico-multimedia-ergonomico-win-mac-ios-android-retroiluminado-115-teclas-7200-dpi-6-boton\/\",\"name\":\"[ Balam Rush ] &#129351; Br-936286,7506215936286 Kit Gamer Squad Master Plus Ktm555 \/ Teclado Y Mouse \/ Alambrico Multimedia \/ Ergonomico \/ Win -mac -ios -android \/ Retroiluminado \/ 115 Teclas \/ 7200 Dpi \/ 6 Botones Scroll \/ Br-936286\",\"isPartOf\":{\"@id\":\"https:\/\/compuviper.mx\/tienda\/#website\"},\"datePublished\":\"2026-04-07T06:44:12+00:00\",\"dateModified\":\"2026-04-07T06:44:13+00:00\",\"description\":\"Compra Br-936286,7506215936286 Kit Gamer Squad Master Plus Ktm555 \/ Teclado Y Mouse \/ Alambrico Multimedia \/ Ergonomico \/ Win -mac -ios -android \/ Retroiluminado \/ 115 Teclas \/ 7200 Dpi \/ 6 Botones Scroll \/ Br-936286 + Env\u00edo a domicilio + Pago seguro + Garant\u00eda\",\"breadcrumb\":{\"@id\":\"https:\/\/compuviper.mx\/tienda\/producto\/balam-rush-br-9362867506215936286-kit-gamer-squad-master-plus-ktm555-teclado-y-mouse-alambrico-multimedia-ergonomico-win-mac-ios-android-retroiluminado-115-teclas-7200-dpi-6-boton\/#breadcrumb\"},\"inLanguage\":\"es-MX\",\"potentialAction\":[{\"@type\":\"ReadAction\",\"target\":[\"https:\/\/compuviper.mx\/tienda\/producto\/balam-rush-br-9362867506215936286-kit-gamer-squad-master-plus-ktm555-teclado-y-mouse-alambrico-multimedia-ergonomico-win-mac-ios-android-retroiluminado-115-teclas-7200-dpi-6-boton\/\"]}]},{\"@type\":\"BreadcrumbList\",\"@id\":\"https:\/\/compuviper.mx\/tienda\/producto\/balam-rush-br-9362867506215936286-kit-gamer-squad-master-plus-ktm555-teclado-y-mouse-alambrico-multimedia-ergonomico-win-mac-ios-android-retroiluminado-115-teclas-7200-dpi-6-boton\/#breadcrumb\",\"itemListElement\":[{\"@type\":\"ListItem\",\"position\":1,\"name\":\"Inicio\",\"item\":\"https:\/\/compuviper.mx\/tienda\/\"},{\"@type\":\"ListItem\",\"position\":2,\"name\":\"Productos\",\"item\":\"https:\/\/compuviper.mx\/tienda\/productos\/\"},{\"@type\":\"ListItem\",\"position\":3,\"name\":\"Teclado Y Mouse\",\"item\":\"https:\/\/compuviper.mx\/tienda\/categoria-producto\/teclado-y-mouse\/\"},{\"@type\":\"ListItem\",\"position\":4,\"name\":\"Sin Categor\u00eda\",\"item\":\"https:\/\/compuviper.mx\/tienda\/categoria-producto\/teclado-y-mouse\/sin-categoria-teclado-y-mouse\/\"},{\"@type\":\"ListItem\",\"position\":5,\"name\":\"Balam Rush Br-936286,7506215936286 Kit Gamer Squad Master Plus Ktm555 \/ Teclado Y Mouse \/ Alambrico Multimedia \/ Ergonomico \/ Win -mac -ios -android \/ Retroiluminado \/ 115 Teclas \/ 7200 Dpi \/ 6 Botones Scroll \/ Br-936286\"}]},{\"@type\":\"WebSite\",\"@id\":\"https:\/\/compuviper.mx\/tienda\/#website\",\"url\":\"https:\/\/compuviper.mx\/tienda\/\",\"name\":\"Compuviper\",\"description\":\"Proveedor de Computadoras, Laptops, Servidores, Monitores, Puntos de Venta, Teclados,   Impresoras, T\u00f3ner, C\u00e1maras de Seguridad y m\u00e1s en tu tienda en l\u00ednea\",\"publisher\":{\"@id\":\"https:\/\/compuviper.mx\/tienda\/#organization\"},\"potentialAction\":[{\"@type\":\"SearchAction\",\"target\":{\"@type\":\"EntryPoint\",\"urlTemplate\":\"https:\/\/compuviper.mx\/tienda\/?s={search_term_string}\"},\"query-input\":\"required name=search_term_string\"}],\"inLanguage\":\"es-MX\"},{\"@type\":\"Organization\",\"@id\":\"https:\/\/compuviper.mx\/tienda\/#organization\",\"name\":\"Compuviper\",\"url\":\"https:\/\/compuviper.mx\/tienda\/\",\"logo\":{\"@type\":\"ImageObject\",\"inLanguage\":\"es-MX\",\"@id\":\"https:\/\/compuviper.mx\/tienda\/#\/schema\/logo\/image\/\",\"url\":\"https:\/\/compuviper.mx\/tienda\/wp-content\/uploads\/2021\/08\/Logo-Compuviper-10.png\",\"contentUrl\":\"https:\/\/compuviper.mx\/tienda\/wp-content\/uploads\/2021\/08\/Logo-Compuviper-10.png\",\"width\":1000,\"height\":500,\"caption\":\"Compuviper\"},\"image\":{\"@id\":\"https:\/\/compuviper.mx\/tienda\/#\/schema\/logo\/image\/\"},\"sameAs\":[\"https:\/\/www.facebook.com\/compuviper\",\"https:\/\/www.youtube.com\/channel\/UCf73dERp9Y3cfOq7q8BhLjA?view_as=subscriber\"]}]}<\/script>\n<meta property=\"product:brand\" content=\"Balam Rush\" \/>\n<meta property=\"product:price:amount\" content=\"406\" \/>\n<meta property=\"product:price:currency\" content=\"MXN\" \/>\n<meta property=\"og:availability\" content=\"instock\" \/>\n<meta property=\"product:availability\" content=\"instock\" \/>\n<meta property=\"product:retailer_item_id\" content=\"BR-936286,7506215936286\" \/>\n<meta property=\"product:condition\" content=\"new\" \/>\n<!-- \/ Yoast SEO plugin. -->","yoast_head_json":{"title":"[ Balam Rush ] &#129351; Br-936286,7506215936286 Kit Gamer Squad Master Plus Ktm555 \/ Teclado Y Mouse \/ Alambrico Multimedia \/ Ergonomico \/ Win -mac -ios -android \/ Retroiluminado \/ 115 Teclas \/ 7200 Dpi \/ 6 Botones Scroll \/ Br-936286","description":"Compra Br-936286,7506215936286 Kit Gamer Squad Master Plus Ktm555 \/ Teclado Y Mouse \/ Alambrico Multimedia \/ Ergonomico \/ Win -mac -ios -android \/ Retroiluminado \/ 115 Teclas \/ 7200 Dpi \/ 6 Botones Scroll \/ Br-936286 + Env\u00edo a domicilio + Pago seguro + Garant\u00eda","robots":{"index":"index","follow":"follow","max-snippet":"max-snippet:-1","max-image-preview":"max-image-preview:large","max-video-preview":"max-video-preview:-1"},"canonical":"https:\/\/compuviper.mx\/tienda\/producto\/balam-rush-br-9362867506215936286-kit-gamer-squad-master-plus-ktm555-teclado-y-mouse-alambrico-multimedia-ergonomico-win-mac-ios-android-retroiluminado-115-teclas-7200-dpi-6-boton\/","og_locale":"es_MX","og_type":"article","og_title":"[ Balam Rush ] &#129351; Br-936286,7506215936286 Kit Gamer Squad Master Plus Ktm555 \/ Teclado Y Mouse \/ Alambrico Multimedia \/ Ergonomico \/ Win -mac -ios -android \/ Retroiluminado \/ 115 Teclas \/ 7200 Dpi \/ 6 Botones Scroll \/ Br-936286","og_description":"Compra Br-936286,7506215936286 Kit Gamer Squad Master Plus Ktm555 \/ Teclado Y Mouse \/ Alambrico Multimedia \/ Ergonomico \/ Win -mac -ios -android \/ Retroiluminado \/ 115 Teclas \/ 7200 Dpi \/ 6 Botones Scroll \/ Br-936286 + Env\u00edo a domicilio + Pago seguro + Garant\u00eda","og_url":"https:\/\/compuviper.mx\/tienda\/producto\/balam-rush-br-9362867506215936286-kit-gamer-squad-master-plus-ktm555-teclado-y-mouse-alambrico-multimedia-ergonomico-win-mac-ios-android-retroiluminado-115-teclas-7200-dpi-6-boton\/","og_site_name":"Compuviper","article_publisher":"https:\/\/www.facebook.com\/compuviper","article_modified_time":"2026-04-07T06:44:13+00:00","og_image":[{"width":200,"height":200,"url":"https:\/\/compuviper.mx\/tienda\/wp-content\/uploads\/2024\/05\/Kit-teclado-y-mouse-balam-rush-squad-master-plus-ktm555-multimedia-ergonomico-cable-1.5-m-iluminacion-arcoiris-membrana-7200-dpi-windows-mac-ios-android-br-936286.jpg","type":"image\/jpeg"}],"twitter_card":"summary_large_image","twitter_misc":{"Precio":"&#36;406 con IVA","Availability":"In stock"},"schema":{"@context":"https:\/\/schema.org","@graph":[{"@type":"WebPage","@id":"https:\/\/compuviper.mx\/tienda\/producto\/balam-rush-br-9362867506215936286-kit-gamer-squad-master-plus-ktm555-teclado-y-mouse-alambrico-multimedia-ergonomico-win-mac-ios-android-retroiluminado-115-teclas-7200-dpi-6-boton\/","url":"https:\/\/compuviper.mx\/tienda\/producto\/balam-rush-br-9362867506215936286-kit-gamer-squad-master-plus-ktm555-teclado-y-mouse-alambrico-multimedia-ergonomico-win-mac-ios-android-retroiluminado-115-teclas-7200-dpi-6-boton\/","name":"[ Balam Rush ] &#129351; Br-936286,7506215936286 Kit Gamer Squad Master Plus Ktm555 \/ Teclado Y Mouse \/ Alambrico Multimedia \/ Ergonomico \/ Win -mac -ios -android \/ Retroiluminado \/ 115 Teclas \/ 7200 Dpi \/ 6 Botones Scroll \/ Br-936286","isPartOf":{"@id":"https:\/\/compuviper.mx\/tienda\/#website"},"datePublished":"2026-04-07T06:44:12+00:00","dateModified":"2026-04-07T06:44:13+00:00","description":"Compra Br-936286,7506215936286 Kit Gamer Squad Master Plus Ktm555 \/ Teclado Y Mouse \/ Alambrico Multimedia \/ Ergonomico \/ Win -mac -ios -android \/ Retroiluminado \/ 115 Teclas \/ 7200 Dpi \/ 6 Botones Scroll \/ Br-936286 + Env\u00edo a domicilio + Pago seguro + Garant\u00eda","breadcrumb":{"@id":"https:\/\/compuviper.mx\/tienda\/producto\/balam-rush-br-9362867506215936286-kit-gamer-squad-master-plus-ktm555-teclado-y-mouse-alambrico-multimedia-ergonomico-win-mac-ios-android-retroiluminado-115-teclas-7200-dpi-6-boton\/#breadcrumb"},"inLanguage":"es-MX","potentialAction":[{"@type":"ReadAction","target":["https:\/\/compuviper.mx\/tienda\/producto\/balam-rush-br-9362867506215936286-kit-gamer-squad-master-plus-ktm555-teclado-y-mouse-alambrico-multimedia-ergonomico-win-mac-ios-android-retroiluminado-115-teclas-7200-dpi-6-boton\/"]}]},{"@type":"BreadcrumbList","@id":"https:\/\/compuviper.mx\/tienda\/producto\/balam-rush-br-9362867506215936286-kit-gamer-squad-master-plus-ktm555-teclado-y-mouse-alambrico-multimedia-ergonomico-win-mac-ios-android-retroiluminado-115-teclas-7200-dpi-6-boton\/#breadcrumb","itemListElement":[{"@type":"ListItem","position":1,"name":"Inicio","item":"https:\/\/compuviper.mx\/tienda\/"},{"@type":"ListItem","position":2,"name":"Productos","item":"https:\/\/compuviper.mx\/tienda\/productos\/"},{"@type":"ListItem","position":3,"name":"Teclado Y Mouse","item":"https:\/\/compuviper.mx\/tienda\/categoria-producto\/teclado-y-mouse\/"},{"@type":"ListItem","position":4,"name":"Sin Categor\u00eda","item":"https:\/\/compuviper.mx\/tienda\/categoria-producto\/teclado-y-mouse\/sin-categoria-teclado-y-mouse\/"},{"@type":"ListItem","position":5,"name":"Balam Rush Br-936286,7506215936286 Kit Gamer Squad Master Plus Ktm555 \/ Teclado Y Mouse \/ Alambrico Multimedia \/ Ergonomico \/ Win -mac -ios -android \/ Retroiluminado \/ 115 Teclas \/ 7200 Dpi \/ 6 Botones Scroll \/ Br-936286"}]},{"@type":"WebSite","@id":"https:\/\/compuviper.mx\/tienda\/#website","url":"https:\/\/compuviper.mx\/tienda\/","name":"Compuviper","description":"Proveedor de Computadoras, Laptops, Servidores, Monitores, Puntos de Venta, Teclados,   Impresoras, T\u00f3ner, C\u00e1maras de Seguridad y m\u00e1s en tu tienda en l\u00ednea","publisher":{"@id":"https:\/\/compuviper.mx\/tienda\/#organization"},"potentialAction":[{"@type":"SearchAction","target":{"@type":"EntryPoint","urlTemplate":"https:\/\/compuviper.mx\/tienda\/?s={search_term_string}"},"query-input":"required name=search_term_string"}],"inLanguage":"es-MX"},{"@type":"Organization","@id":"https:\/\/compuviper.mx\/tienda\/#organization","name":"Compuviper","url":"https:\/\/compuviper.mx\/tienda\/","logo":{"@type":"ImageObject","inLanguage":"es-MX","@id":"https:\/\/compuviper.mx\/tienda\/#\/schema\/logo\/image\/","url":"https:\/\/compuviper.mx\/tienda\/wp-content\/uploads\/2021\/08\/Logo-Compuviper-10.png","contentUrl":"https:\/\/compuviper.mx\/tienda\/wp-content\/uploads\/2021\/08\/Logo-Compuviper-10.png","width":1000,"height":500,"caption":"Compuviper"},"image":{"@id":"https:\/\/compuviper.mx\/tienda\/#\/schema\/logo\/image\/"},"sameAs":["https:\/\/www.facebook.com\/compuviper","https:\/\/www.youtube.com\/channel\/UCf73dERp9Y3cfOq7q8BhLjA?view_as=subscriber"]}]},"product_brand":"Balam Rush","product_price_amount":"406","product_price_currency":"MXN","og_availability":"instock","product_availability":"instock","product_retailer_item_id":"BR-936286,7506215936286","product_condition":"new"},"_links":{"self":[{"href":"https:\/\/compuviper.mx\/tienda\/wp-json\/wp\/v2\/product\/229389"}],"collection":[{"href":"https:\/\/compuviper.mx\/tienda\/wp-json\/wp\/v2\/product"}],"about":[{"href":"https:\/\/compuviper.mx\/tienda\/wp-json\/wp\/v2\/types\/product"}],"replies":[{"embeddable":true,"href":"https:\/\/compuviper.mx\/tienda\/wp-json\/wp\/v2\/comments?post=229389"}],"wp:featuredmedia":[{"embeddable":true,"href":"https:\/\/compuviper.mx\/tienda\/wp-json\/wp\/v2\/media\/234072"}],"wp:attachment":[{"href":"https:\/\/compuviper.mx\/tienda\/wp-json\/wp\/v2\/media?parent=229389"}],"wp:term":[{"taxonomy":"product_cat","embeddable":true,"href":"https:\/\/compuviper.mx\/tienda\/wp-json\/wp\/v2\/product_cat?post=229389"},{"taxonomy":"product_tag","embeddable":true,"href":"https:\/\/compuviper.mx\/tienda\/wp-json\/wp\/v2\/product_tag?post=229389"}],"curies":[{"name":"wp","href":"https:\/\/api.w.org\/{rel}","templated":true}]}}