{"id":229361,"date":"2026-04-01T23:11:41","date_gmt":"2026-04-02T05:11:41","guid":{"rendered":"https:\/\/compuviper.mx\/tienda\/producto\/acteck-ac-936613-soporte-vault-bow-pro-bc434-soporte-para-pc-rotacin-altura-y-profundidad-ajustable-hasta-10-kg-fijacin-por-atornillado-acero\/"},"modified":"2026-04-01T23:11:41","modified_gmt":"2026-04-02T05:11:41","slug":"acteck-ac-936613-soporte-vault-bow-pro-bc434-para-pc-rotacion-altura-y-profundidad-ajustable-hasta-10-kg-fijacion-por-atornillado-negro-acero","status":"publish","type":"product","link":"https:\/\/compuviper.mx\/tienda\/producto\/acteck-ac-936613-soporte-vault-bow-pro-bc434-para-pc-rotacion-altura-y-profundidad-ajustable-hasta-10-kg-fijacion-por-atornillado-negro-acero\/","title":{"rendered":"Acteck Ac-936613 Soporte  Vault Bow Pro Bc434 \/ Para Pc \/ Rotacion Altura Y Profundidad Ajustable \/ Hasta 10 Kg \/ Fijacion Por Atornillado \/ Negro \/ Acero \/"},"content":{"rendered":"<table class=\"descripcion\">\n<tr>\n<td>Especificaciones<\/td>\n<\/tr>\n<tr>\n<td>Producto : soporte para cpu<\/td>\n<\/tr>\n<tr>\n<td>Modelo: ac-936613<\/td>\n<\/tr>\n<tr>\n<td>Dimensiones: 0.23 x 0.17 x 0.58 m<\/td>\n<\/tr>\n<tr>\n<td>Material : acero<\/td>\n<\/tr>\n<tr>\n<td>Peso: 2.54 kg<\/td>\n<\/tr>\n<tr>\n<td>Rango : estandar<\/td>\n<\/tr>\n<tr>\n<td>Ajuste de altura :0.3 ~ 0.51 m<\/td>\n<\/tr>\n<tr>\n<td>Ajuste de profundidad : 0.8 ~ 0.20 m<\/td>\n<\/tr>\n<tr>\n<td>Peso m\u00e1ximo soportado: 10 kg<\/td>\n<\/tr>\n<tr>\n<td>Rotacin: 180\u00b0<\/td>\n<\/tr>\n<tr>\n<td>Mtodo de sujecin : atornillado<\/td>\n<\/tr>\n<\/table>\n","protected":false},"excerpt":{"rendered":"<p>Soporte acteck vault bow pro bc434 \/ soporte para pc \/ rotacin-altura y profundidad ajustable \/ hasta 10 kg \/ fijacin por atornillado \/ acero \/ ac-936613<\/p>\n","protected":false},"featured_media":233680,"comment_status":"open","ping_status":"open","template":"","meta":[],"product_cat":[2269,2265],"product_tag":[1582],"acf":[],"yoast_head":"<!-- This site is optimized with the Yoast SEO plugin v21.7 - https:\/\/yoast.com\/wordpress\/plugins\/seo\/ -->\n<title>[ Acteck ] &#129351; Ac-936613 Soporte Vault Bow Pro Bc434 \/ Para Pc \/ Rotacion Altura Y Profundidad Ajustable \/ Hasta 10 Kg \/ Fijacion Por Atornillado \/ Negro \/ Acero \/<\/title>\n<meta name=\"description\" content=\"Compra Ac-936613 Soporte Vault Bow Pro Bc434 \/ Para Pc \/ Rotacion Altura Y Profundidad Ajustable \/ Hasta 10 Kg \/ Fijacion Por Atornillado \/ Negro \/ Acero \/ + Env\u00edo a domicilio + Pago seguro + Garant\u00eda\" \/>\n<meta name=\"robots\" content=\"index, follow, max-snippet:-1, max-image-preview:large, max-video-preview:-1\" \/>\n<link rel=\"canonical\" href=\"https:\/\/compuviper.mx\/tienda\/producto\/acteck-ac-936613-soporte-vault-bow-pro-bc434-para-pc-rotacion-altura-y-profundidad-ajustable-hasta-10-kg-fijacion-por-atornillado-negro-acero\/\" \/>\n<meta property=\"og:locale\" content=\"es_MX\" \/>\n<meta property=\"og:type\" content=\"article\" \/>\n<meta property=\"og:title\" content=\"[ Acteck ] &#129351; Ac-936613 Soporte Vault Bow Pro Bc434 \/ Para Pc \/ Rotacion Altura Y Profundidad Ajustable \/ Hasta 10 Kg \/ Fijacion Por Atornillado \/ Negro \/ Acero \/\" \/>\n<meta property=\"og:description\" content=\"Compra Ac-936613 Soporte Vault Bow Pro Bc434 \/ Para Pc \/ Rotacion Altura Y Profundidad Ajustable \/ Hasta 10 Kg \/ Fijacion Por Atornillado \/ Negro \/ Acero \/ + Env\u00edo a domicilio + Pago seguro + Garant\u00eda\" \/>\n<meta property=\"og:url\" content=\"https:\/\/compuviper.mx\/tienda\/producto\/acteck-ac-936613-soporte-vault-bow-pro-bc434-para-pc-rotacion-altura-y-profundidad-ajustable-hasta-10-kg-fijacion-por-atornillado-negro-acero\/\" \/>\n<meta property=\"og:site_name\" content=\"Compuviper\" \/>\n<meta property=\"article:publisher\" content=\"https:\/\/www.facebook.com\/compuviper\" \/>\n<meta property=\"og:image\" content=\"https:\/\/compuviper.mx\/tienda\/wp-content\/uploads\/2024\/05\/Soporte-acteck-vault-bow-pro-bc434-para-pc-rotacion-altura-y-profundidad-ajustable-hasta-10-kg-fijacion-por-atornillado-negro-acero-ac-936613.jpg\" \/>\n\t<meta property=\"og:image:width\" content=\"200\" \/>\n\t<meta property=\"og:image:height\" content=\"200\" \/>\n\t<meta property=\"og:image:type\" content=\"image\/jpeg\" \/>\n<meta name=\"twitter:card\" content=\"summary_large_image\" \/>\n<meta name=\"twitter:label1\" content=\"Precio\" \/>\n\t<meta name=\"twitter:data1\" content=\"&#36;475 con IVA\" \/>\n\t<meta name=\"twitter:label2\" content=\"Availability\" \/>\n\t<meta name=\"twitter:data2\" content=\"Out of stock\" \/>\n<script type=\"application\/ld+json\" class=\"yoast-schema-graph\">{\"@context\":\"https:\/\/schema.org\",\"@graph\":[{\"@type\":\"WebPage\",\"@id\":\"https:\/\/compuviper.mx\/tienda\/producto\/acteck-ac-936613-soporte-vault-bow-pro-bc434-para-pc-rotacion-altura-y-profundidad-ajustable-hasta-10-kg-fijacion-por-atornillado-negro-acero\/\",\"url\":\"https:\/\/compuviper.mx\/tienda\/producto\/acteck-ac-936613-soporte-vault-bow-pro-bc434-para-pc-rotacion-altura-y-profundidad-ajustable-hasta-10-kg-fijacion-por-atornillado-negro-acero\/\",\"name\":\"[ Acteck ] &#129351; Ac-936613 Soporte Vault Bow Pro Bc434 \/ Para Pc \/ Rotacion Altura Y Profundidad Ajustable \/ Hasta 10 Kg \/ Fijacion Por Atornillado \/ Negro \/ Acero \/\",\"isPartOf\":{\"@id\":\"https:\/\/compuviper.mx\/tienda\/#website\"},\"datePublished\":\"2026-04-02T05:11:41+00:00\",\"dateModified\":\"2026-04-02T05:11:41+00:00\",\"description\":\"Compra Ac-936613 Soporte Vault Bow Pro Bc434 \/ Para Pc \/ Rotacion Altura Y Profundidad Ajustable \/ Hasta 10 Kg \/ Fijacion Por Atornillado \/ Negro \/ Acero \/ + Env\u00edo a domicilio + Pago seguro + Garant\u00eda\",\"breadcrumb\":{\"@id\":\"https:\/\/compuviper.mx\/tienda\/producto\/acteck-ac-936613-soporte-vault-bow-pro-bc434-para-pc-rotacion-altura-y-profundidad-ajustable-hasta-10-kg-fijacion-por-atornillado-negro-acero\/#breadcrumb\"},\"inLanguage\":\"es-MX\",\"potentialAction\":[{\"@type\":\"ReadAction\",\"target\":[\"https:\/\/compuviper.mx\/tienda\/producto\/acteck-ac-936613-soporte-vault-bow-pro-bc434-para-pc-rotacion-altura-y-profundidad-ajustable-hasta-10-kg-fijacion-por-atornillado-negro-acero\/\"]}]},{\"@type\":\"BreadcrumbList\",\"@id\":\"https:\/\/compuviper.mx\/tienda\/producto\/acteck-ac-936613-soporte-vault-bow-pro-bc434-para-pc-rotacion-altura-y-profundidad-ajustable-hasta-10-kg-fijacion-por-atornillado-negro-acero\/#breadcrumb\",\"itemListElement\":[{\"@type\":\"ListItem\",\"position\":1,\"name\":\"Inicio\",\"item\":\"https:\/\/compuviper.mx\/tienda\/\"},{\"@type\":\"ListItem\",\"position\":2,\"name\":\"Productos\",\"item\":\"https:\/\/compuviper.mx\/tienda\/productos\/\"},{\"@type\":\"ListItem\",\"position\":3,\"name\":\"Soportes Y Bases P\/tv\/ Proyectores\/dvd\/consolas\/bocinas\/pantallas\/monotores\",\"item\":\"https:\/\/compuviper.mx\/tienda\/categoria-producto\/soportes-y-bases-p-tv-proyectores-dvd-consolas-bocinas-pantallas-monotores\/\"},{\"@type\":\"ListItem\",\"position\":4,\"name\":\"Sin Categor\u00eda\",\"item\":\"https:\/\/compuviper.mx\/tienda\/categoria-producto\/soportes-y-bases-p-tv-proyectores-dvd-consolas-bocinas-pantallas-monotores\/sin-categoria-soportes-y-bases-p-tv-proyectores-dvd-consolas-bocinas-pantallas-monotores\/\"},{\"@type\":\"ListItem\",\"position\":5,\"name\":\"Acteck Ac-936613 Soporte Vault Bow Pro Bc434 \/ Para Pc \/ Rotacion Altura Y Profundidad Ajustable \/ Hasta 10 Kg \/ Fijacion Por Atornillado \/ Negro \/ Acero \/\"}]},{\"@type\":\"WebSite\",\"@id\":\"https:\/\/compuviper.mx\/tienda\/#website\",\"url\":\"https:\/\/compuviper.mx\/tienda\/\",\"name\":\"Compuviper\",\"description\":\"Proveedor de Computadoras, Laptops, Servidores, Monitores, Puntos de Venta, Teclados,   Impresoras, T\u00f3ner, C\u00e1maras de Seguridad y m\u00e1s en tu tienda en l\u00ednea\",\"publisher\":{\"@id\":\"https:\/\/compuviper.mx\/tienda\/#organization\"},\"potentialAction\":[{\"@type\":\"SearchAction\",\"target\":{\"@type\":\"EntryPoint\",\"urlTemplate\":\"https:\/\/compuviper.mx\/tienda\/?s={search_term_string}\"},\"query-input\":\"required name=search_term_string\"}],\"inLanguage\":\"es-MX\"},{\"@type\":\"Organization\",\"@id\":\"https:\/\/compuviper.mx\/tienda\/#organization\",\"name\":\"Compuviper\",\"url\":\"https:\/\/compuviper.mx\/tienda\/\",\"logo\":{\"@type\":\"ImageObject\",\"inLanguage\":\"es-MX\",\"@id\":\"https:\/\/compuviper.mx\/tienda\/#\/schema\/logo\/image\/\",\"url\":\"https:\/\/compuviper.mx\/tienda\/wp-content\/uploads\/2021\/08\/Logo-Compuviper-10.png\",\"contentUrl\":\"https:\/\/compuviper.mx\/tienda\/wp-content\/uploads\/2021\/08\/Logo-Compuviper-10.png\",\"width\":1000,\"height\":500,\"caption\":\"Compuviper\"},\"image\":{\"@id\":\"https:\/\/compuviper.mx\/tienda\/#\/schema\/logo\/image\/\"},\"sameAs\":[\"https:\/\/www.facebook.com\/compuviper\",\"https:\/\/www.youtube.com\/channel\/UCf73dERp9Y3cfOq7q8BhLjA?view_as=subscriber\"]}]}<\/script>\n<meta property=\"product:brand\" content=\"ACTECK\" \/>\n<meta property=\"product:price:amount\" content=\"475\" \/>\n<meta property=\"product:price:currency\" content=\"MXN\" \/>\n<meta property=\"og:availability\" content=\"out of stock\" \/>\n<meta property=\"product:availability\" content=\"out of stock\" \/>\n<meta property=\"product:retailer_item_id\" content=\"AC-936613\" \/>\n<meta property=\"product:condition\" content=\"new\" \/>\n<!-- \/ Yoast SEO plugin. -->","yoast_head_json":{"title":"[ Acteck ] &#129351; Ac-936613 Soporte Vault Bow Pro Bc434 \/ Para Pc \/ Rotacion Altura Y Profundidad Ajustable \/ Hasta 10 Kg \/ Fijacion Por Atornillado \/ Negro \/ Acero \/","description":"Compra Ac-936613 Soporte Vault Bow Pro Bc434 \/ Para Pc \/ Rotacion Altura Y Profundidad Ajustable \/ Hasta 10 Kg \/ Fijacion Por Atornillado \/ Negro \/ Acero \/ + Env\u00edo a domicilio + Pago seguro + Garant\u00eda","robots":{"index":"index","follow":"follow","max-snippet":"max-snippet:-1","max-image-preview":"max-image-preview:large","max-video-preview":"max-video-preview:-1"},"canonical":"https:\/\/compuviper.mx\/tienda\/producto\/acteck-ac-936613-soporte-vault-bow-pro-bc434-para-pc-rotacion-altura-y-profundidad-ajustable-hasta-10-kg-fijacion-por-atornillado-negro-acero\/","og_locale":"es_MX","og_type":"article","og_title":"[ Acteck ] &#129351; Ac-936613 Soporte Vault Bow Pro Bc434 \/ Para Pc \/ Rotacion Altura Y Profundidad Ajustable \/ Hasta 10 Kg \/ Fijacion Por Atornillado \/ Negro \/ Acero \/","og_description":"Compra Ac-936613 Soporte Vault Bow Pro Bc434 \/ Para Pc \/ Rotacion Altura Y Profundidad Ajustable \/ Hasta 10 Kg \/ Fijacion Por Atornillado \/ Negro \/ Acero \/ + Env\u00edo a domicilio + Pago seguro + Garant\u00eda","og_url":"https:\/\/compuviper.mx\/tienda\/producto\/acteck-ac-936613-soporte-vault-bow-pro-bc434-para-pc-rotacion-altura-y-profundidad-ajustable-hasta-10-kg-fijacion-por-atornillado-negro-acero\/","og_site_name":"Compuviper","article_publisher":"https:\/\/www.facebook.com\/compuviper","og_image":[{"width":200,"height":200,"url":"https:\/\/compuviper.mx\/tienda\/wp-content\/uploads\/2024\/05\/Soporte-acteck-vault-bow-pro-bc434-para-pc-rotacion-altura-y-profundidad-ajustable-hasta-10-kg-fijacion-por-atornillado-negro-acero-ac-936613.jpg","type":"image\/jpeg"}],"twitter_card":"summary_large_image","twitter_misc":{"Precio":"&#36;475 con IVA","Availability":"Out of stock"},"schema":{"@context":"https:\/\/schema.org","@graph":[{"@type":"WebPage","@id":"https:\/\/compuviper.mx\/tienda\/producto\/acteck-ac-936613-soporte-vault-bow-pro-bc434-para-pc-rotacion-altura-y-profundidad-ajustable-hasta-10-kg-fijacion-por-atornillado-negro-acero\/","url":"https:\/\/compuviper.mx\/tienda\/producto\/acteck-ac-936613-soporte-vault-bow-pro-bc434-para-pc-rotacion-altura-y-profundidad-ajustable-hasta-10-kg-fijacion-por-atornillado-negro-acero\/","name":"[ Acteck ] &#129351; Ac-936613 Soporte Vault Bow Pro Bc434 \/ Para Pc \/ Rotacion Altura Y Profundidad Ajustable \/ Hasta 10 Kg \/ Fijacion Por Atornillado \/ Negro \/ Acero \/","isPartOf":{"@id":"https:\/\/compuviper.mx\/tienda\/#website"},"datePublished":"2026-04-02T05:11:41+00:00","dateModified":"2026-04-02T05:11:41+00:00","description":"Compra Ac-936613 Soporte Vault Bow Pro Bc434 \/ Para Pc \/ Rotacion Altura Y Profundidad Ajustable \/ Hasta 10 Kg \/ Fijacion Por Atornillado \/ Negro \/ Acero \/ + Env\u00edo a domicilio + Pago seguro + Garant\u00eda","breadcrumb":{"@id":"https:\/\/compuviper.mx\/tienda\/producto\/acteck-ac-936613-soporte-vault-bow-pro-bc434-para-pc-rotacion-altura-y-profundidad-ajustable-hasta-10-kg-fijacion-por-atornillado-negro-acero\/#breadcrumb"},"inLanguage":"es-MX","potentialAction":[{"@type":"ReadAction","target":["https:\/\/compuviper.mx\/tienda\/producto\/acteck-ac-936613-soporte-vault-bow-pro-bc434-para-pc-rotacion-altura-y-profundidad-ajustable-hasta-10-kg-fijacion-por-atornillado-negro-acero\/"]}]},{"@type":"BreadcrumbList","@id":"https:\/\/compuviper.mx\/tienda\/producto\/acteck-ac-936613-soporte-vault-bow-pro-bc434-para-pc-rotacion-altura-y-profundidad-ajustable-hasta-10-kg-fijacion-por-atornillado-negro-acero\/#breadcrumb","itemListElement":[{"@type":"ListItem","position":1,"name":"Inicio","item":"https:\/\/compuviper.mx\/tienda\/"},{"@type":"ListItem","position":2,"name":"Productos","item":"https:\/\/compuviper.mx\/tienda\/productos\/"},{"@type":"ListItem","position":3,"name":"Soportes Y Bases P\/tv\/ Proyectores\/dvd\/consolas\/bocinas\/pantallas\/monotores","item":"https:\/\/compuviper.mx\/tienda\/categoria-producto\/soportes-y-bases-p-tv-proyectores-dvd-consolas-bocinas-pantallas-monotores\/"},{"@type":"ListItem","position":4,"name":"Sin Categor\u00eda","item":"https:\/\/compuviper.mx\/tienda\/categoria-producto\/soportes-y-bases-p-tv-proyectores-dvd-consolas-bocinas-pantallas-monotores\/sin-categoria-soportes-y-bases-p-tv-proyectores-dvd-consolas-bocinas-pantallas-monotores\/"},{"@type":"ListItem","position":5,"name":"Acteck Ac-936613 Soporte Vault Bow Pro Bc434 \/ Para Pc \/ Rotacion Altura Y Profundidad Ajustable \/ Hasta 10 Kg \/ Fijacion Por Atornillado \/ Negro \/ Acero \/"}]},{"@type":"WebSite","@id":"https:\/\/compuviper.mx\/tienda\/#website","url":"https:\/\/compuviper.mx\/tienda\/","name":"Compuviper","description":"Proveedor de Computadoras, Laptops, Servidores, Monitores, Puntos de Venta, Teclados,   Impresoras, T\u00f3ner, C\u00e1maras de Seguridad y m\u00e1s en tu tienda en l\u00ednea","publisher":{"@id":"https:\/\/compuviper.mx\/tienda\/#organization"},"potentialAction":[{"@type":"SearchAction","target":{"@type":"EntryPoint","urlTemplate":"https:\/\/compuviper.mx\/tienda\/?s={search_term_string}"},"query-input":"required name=search_term_string"}],"inLanguage":"es-MX"},{"@type":"Organization","@id":"https:\/\/compuviper.mx\/tienda\/#organization","name":"Compuviper","url":"https:\/\/compuviper.mx\/tienda\/","logo":{"@type":"ImageObject","inLanguage":"es-MX","@id":"https:\/\/compuviper.mx\/tienda\/#\/schema\/logo\/image\/","url":"https:\/\/compuviper.mx\/tienda\/wp-content\/uploads\/2021\/08\/Logo-Compuviper-10.png","contentUrl":"https:\/\/compuviper.mx\/tienda\/wp-content\/uploads\/2021\/08\/Logo-Compuviper-10.png","width":1000,"height":500,"caption":"Compuviper"},"image":{"@id":"https:\/\/compuviper.mx\/tienda\/#\/schema\/logo\/image\/"},"sameAs":["https:\/\/www.facebook.com\/compuviper","https:\/\/www.youtube.com\/channel\/UCf73dERp9Y3cfOq7q8BhLjA?view_as=subscriber"]}]},"product_brand":"ACTECK","product_price_amount":"475","product_price_currency":"MXN","og_availability":"out of stock","product_availability":"out of stock","product_retailer_item_id":"AC-936613","product_condition":"new"},"_links":{"self":[{"href":"https:\/\/compuviper.mx\/tienda\/wp-json\/wp\/v2\/product\/229361"}],"collection":[{"href":"https:\/\/compuviper.mx\/tienda\/wp-json\/wp\/v2\/product"}],"about":[{"href":"https:\/\/compuviper.mx\/tienda\/wp-json\/wp\/v2\/types\/product"}],"replies":[{"embeddable":true,"href":"https:\/\/compuviper.mx\/tienda\/wp-json\/wp\/v2\/comments?post=229361"}],"wp:featuredmedia":[{"embeddable":true,"href":"https:\/\/compuviper.mx\/tienda\/wp-json\/wp\/v2\/media\/233680"}],"wp:attachment":[{"href":"https:\/\/compuviper.mx\/tienda\/wp-json\/wp\/v2\/media?parent=229361"}],"wp:term":[{"taxonomy":"product_cat","embeddable":true,"href":"https:\/\/compuviper.mx\/tienda\/wp-json\/wp\/v2\/product_cat?post=229361"},{"taxonomy":"product_tag","embeddable":true,"href":"https:\/\/compuviper.mx\/tienda\/wp-json\/wp\/v2\/product_tag?post=229361"}],"curies":[{"name":"wp","href":"https:\/\/api.w.org\/{rel}","templated":true}]}}