{"id":229358,"date":"2026-04-15T23:10:33","date_gmt":"2026-04-16T05:10:33","guid":{"rendered":"https:\/\/compuviper.mx\/tienda\/producto\/tp-link-tapo-t100-sensor-tp-link-sensor-movimiento-inteligente-angulo-de-deteccion-120-ahorro-energia-larga-duracion\/"},"modified":"2026-04-15T23:10:33","modified_gmt":"2026-04-16T05:10:33","slug":"tp-link-tapo-t100-sensor-tp-link-sensor-movimiento-inteligente-angulo-de-deteccion-120-ahorro-energia-larga-duracion","status":"publish","type":"product","link":"https:\/\/compuviper.mx\/tienda\/producto\/tp-link-tapo-t100-sensor-tp-link-sensor-movimiento-inteligente-angulo-de-deteccion-120-ahorro-energia-larga-duracion\/","title":{"rendered":"Tp Link Tapo T100 Sensor Tp-link  Sensor Movimiento Inteligente Angulo De Deteccion 120 Ahorro Energia Larga Duracion"},"content":{"rendered":"<table class=\"descripcion\">\n<tr>\n<td>Especificaciones<\/td>\n<\/tr>\n<tr>\n<td>General<\/td>\n<\/tr>\n<tr>\n<td>Operating temperature:<\/td>\n<\/tr>\n<tr>\n<td>0~40\u00b0c<\/td>\n<\/tr>\n<tr>\n<td>Dimensiones:<\/td>\n<\/tr>\n<tr>\n<td>42.3 x 42.3 x 34 mm<\/td>\n<\/tr>\n<tr>\n<td>Power requirements:<\/td>\n<\/tr>\n<tr>\n<td>Bater\u00eda cr2450<\/td>\n<\/tr>\n<tr>\n<td>System<\/td>\n<\/tr>\n<tr>\n<td>Hub required:<\/td>\n<\/tr>\n<tr>\n<td>S\u00ed<\/td>\n<\/tr>\n<tr>\n<td>Contenido del paquete<\/td>\n<\/tr>\n<tr>\n<td>Tapo t100<\/td>\n<\/tr>\n<tr>\n<td>Gu\u00eda de inicio r\u00e1pido<\/td>\n<\/tr>\n<tr>\n<td>Bater\u00eda cr2450x1<\/td>\n<\/tr>\n<tr>\n<td>Adhesivo 3m<\/td>\n<\/tr>\n<tr>\n<td>Caracter\u00edsticas de hardware<\/td>\n<\/tr>\n<tr>\n<td>Indicador de led:<\/td>\n<\/tr>\n<tr>\n<td>S\u00ed<\/td>\n<\/tr>\n<tr>\n<td>Technical specifications<\/td>\n<\/tr>\n<tr>\n<td>Wireless:<\/td>\n<\/tr>\n<tr>\n<td>868 mhz \/ 922 mhz<\/td>\n<\/tr>\n<tr>\n<td>Detection angle:<\/td>\n<\/tr>\n<tr>\n<td>120\u00b0<\/td>\n<\/tr>\n<tr>\n<td>Detection distance:<\/td>\n<\/tr>\n<tr>\n<td>Max 7 m \/ 23 ft.<\/td>\n<\/tr>\n<\/table>\n","protected":false},"excerpt":{"rendered":"<p>Sensor movimiento inteligente. Tapo t100. \u0095 \u00e1ngulo de detecci\u00f3n de 120\u00ba. Detecta el movimiento a una distancia de hasta 7 metros . \u0095 acciones inteligentes. Activa autom\u00e1ticamente los dispositivos inteligentes al detectar movimiento. \u0095 ahorro de energ\u00eda. Optimiza el uso de los electrodm\u00e9sticos inteligentes us\u00e1ndolos solo cuando es necesario. \u0095 notificaciones instant\u00e1neas. Recibe en el m\u00f3vil un mensaje cuando el sensor se active para saber que ocurre en casa. \u0095 pila de larga duraci\u00f3n. Gracias a su reducido consumo solo tendr\u00e1s cambiarlas cada dos a\u00f1os(1). \u0095 f\u00e1cil instalaci\u00f3n. Col\u00f3calo en casi cualquier superficie con el adhesivo 3m incluido. \u0095 configuraci\u00f3n sencilla. Configura el sensor en pocos pasos con la app tapo disponible para m\u00f3viles.<\/p>\n","protected":false},"featured_media":233677,"comment_status":"open","ping_status":"open","template":"","meta":[],"product_cat":[2316,1811],"product_tag":[1562],"acf":[],"yoast_head":"<!-- This site is optimized with the Yoast SEO plugin v21.7 - https:\/\/yoast.com\/wordpress\/plugins\/seo\/ -->\n<title>[ Tp Link ] &#129351; Tapo T100 Sensor Tp-link Sensor Movimiento Inteligente Angulo De Deteccion 120 Ahorro Energia Larga Duracion<\/title>\n<meta name=\"description\" content=\"Compra Tapo T100 Sensor Tp-link Sensor Movimiento Inteligente Angulo De Deteccion 120 Ahorro Energia Larga Duracion + Env\u00edo a domicilio + Pago seguro + Garant\u00eda\" \/>\n<meta name=\"robots\" content=\"index, follow, max-snippet:-1, max-image-preview:large, max-video-preview:-1\" \/>\n<link rel=\"canonical\" href=\"https:\/\/compuviper.mx\/tienda\/producto\/tp-link-tapo-t100-sensor-tp-link-sensor-movimiento-inteligente-angulo-de-deteccion-120-ahorro-energia-larga-duracion\/\" \/>\n<meta property=\"og:locale\" content=\"es_MX\" \/>\n<meta property=\"og:type\" content=\"article\" \/>\n<meta property=\"og:title\" content=\"[ Tp Link ] &#129351; Tapo T100 Sensor Tp-link Sensor Movimiento Inteligente Angulo De Deteccion 120 Ahorro Energia Larga Duracion\" \/>\n<meta property=\"og:description\" content=\"Compra Tapo T100 Sensor Tp-link Sensor Movimiento Inteligente Angulo De Deteccion 120 Ahorro Energia Larga Duracion + Env\u00edo a domicilio + Pago seguro + Garant\u00eda\" \/>\n<meta property=\"og:url\" content=\"https:\/\/compuviper.mx\/tienda\/producto\/tp-link-tapo-t100-sensor-tp-link-sensor-movimiento-inteligente-angulo-de-deteccion-120-ahorro-energia-larga-duracion\/\" \/>\n<meta property=\"og:site_name\" content=\"Compuviper\" \/>\n<meta property=\"article:publisher\" content=\"https:\/\/www.facebook.com\/compuviper\" \/>\n<meta property=\"og:image\" content=\"https:\/\/compuviper.mx\/tienda\/wp-content\/uploads\/2024\/05\/Sensor-tp-link-tapo-t100-sensor-movimiento-inteligente-angulo-de-deteccion-120\u00b0-ahorro-energia-larga-duracion.jpg\" \/>\n\t<meta property=\"og:image:width\" content=\"200\" \/>\n\t<meta property=\"og:image:height\" content=\"200\" \/>\n\t<meta property=\"og:image:type\" content=\"image\/jpeg\" \/>\n<meta name=\"twitter:card\" content=\"summary_large_image\" \/>\n<meta name=\"twitter:label1\" content=\"Precio\" \/>\n\t<meta name=\"twitter:data1\" content=\"&#36;255 con IVA\" \/>\n\t<meta name=\"twitter:label2\" content=\"Availability\" \/>\n\t<meta name=\"twitter:data2\" content=\"In stock\" \/>\n<script type=\"application\/ld+json\" class=\"yoast-schema-graph\">{\"@context\":\"https:\/\/schema.org\",\"@graph\":[{\"@type\":\"WebPage\",\"@id\":\"https:\/\/compuviper.mx\/tienda\/producto\/tp-link-tapo-t100-sensor-tp-link-sensor-movimiento-inteligente-angulo-de-deteccion-120-ahorro-energia-larga-duracion\/\",\"url\":\"https:\/\/compuviper.mx\/tienda\/producto\/tp-link-tapo-t100-sensor-tp-link-sensor-movimiento-inteligente-angulo-de-deteccion-120-ahorro-energia-larga-duracion\/\",\"name\":\"[ Tp Link ] &#129351; Tapo T100 Sensor Tp-link Sensor Movimiento Inteligente Angulo De Deteccion 120 Ahorro Energia Larga Duracion\",\"isPartOf\":{\"@id\":\"https:\/\/compuviper.mx\/tienda\/#website\"},\"datePublished\":\"2026-04-16T05:10:33+00:00\",\"dateModified\":\"2026-04-16T05:10:33+00:00\",\"description\":\"Compra Tapo T100 Sensor Tp-link Sensor Movimiento Inteligente Angulo De Deteccion 120 Ahorro Energia Larga Duracion + Env\u00edo a domicilio + Pago seguro + Garant\u00eda\",\"breadcrumb\":{\"@id\":\"https:\/\/compuviper.mx\/tienda\/producto\/tp-link-tapo-t100-sensor-tp-link-sensor-movimiento-inteligente-angulo-de-deteccion-120-ahorro-energia-larga-duracion\/#breadcrumb\"},\"inLanguage\":\"es-MX\",\"potentialAction\":[{\"@type\":\"ReadAction\",\"target\":[\"https:\/\/compuviper.mx\/tienda\/producto\/tp-link-tapo-t100-sensor-tp-link-sensor-movimiento-inteligente-angulo-de-deteccion-120-ahorro-energia-larga-duracion\/\"]}]},{\"@type\":\"BreadcrumbList\",\"@id\":\"https:\/\/compuviper.mx\/tienda\/producto\/tp-link-tapo-t100-sensor-tp-link-sensor-movimiento-inteligente-angulo-de-deteccion-120-ahorro-energia-larga-duracion\/#breadcrumb\",\"itemListElement\":[{\"@type\":\"ListItem\",\"position\":1,\"name\":\"Inicio\",\"item\":\"https:\/\/compuviper.mx\/tienda\/\"},{\"@type\":\"ListItem\",\"position\":2,\"name\":\"Productos\",\"item\":\"https:\/\/compuviper.mx\/tienda\/productos\/\"},{\"@type\":\"ListItem\",\"position\":3,\"name\":\"Smart Home\",\"item\":\"https:\/\/compuviper.mx\/tienda\/categoria-producto\/smart-home\/\"},{\"@type\":\"ListItem\",\"position\":4,\"name\":\"Home Automations\",\"item\":\"https:\/\/compuviper.mx\/tienda\/categoria-producto\/smart-home\/home-automations\/\"},{\"@type\":\"ListItem\",\"position\":5,\"name\":\"Tp Link Tapo T100 Sensor Tp-link Sensor Movimiento Inteligente Angulo De Deteccion 120 Ahorro Energia Larga Duracion\"}]},{\"@type\":\"WebSite\",\"@id\":\"https:\/\/compuviper.mx\/tienda\/#website\",\"url\":\"https:\/\/compuviper.mx\/tienda\/\",\"name\":\"Compuviper\",\"description\":\"Proveedor de Computadoras, Laptops, Servidores, Monitores, Puntos de Venta, Teclados,   Impresoras, T\u00f3ner, C\u00e1maras de Seguridad y m\u00e1s en tu tienda en l\u00ednea\",\"publisher\":{\"@id\":\"https:\/\/compuviper.mx\/tienda\/#organization\"},\"potentialAction\":[{\"@type\":\"SearchAction\",\"target\":{\"@type\":\"EntryPoint\",\"urlTemplate\":\"https:\/\/compuviper.mx\/tienda\/?s={search_term_string}\"},\"query-input\":\"required name=search_term_string\"}],\"inLanguage\":\"es-MX\"},{\"@type\":\"Organization\",\"@id\":\"https:\/\/compuviper.mx\/tienda\/#organization\",\"name\":\"Compuviper\",\"url\":\"https:\/\/compuviper.mx\/tienda\/\",\"logo\":{\"@type\":\"ImageObject\",\"inLanguage\":\"es-MX\",\"@id\":\"https:\/\/compuviper.mx\/tienda\/#\/schema\/logo\/image\/\",\"url\":\"https:\/\/compuviper.mx\/tienda\/wp-content\/uploads\/2021\/08\/Logo-Compuviper-10.png\",\"contentUrl\":\"https:\/\/compuviper.mx\/tienda\/wp-content\/uploads\/2021\/08\/Logo-Compuviper-10.png\",\"width\":1000,\"height\":500,\"caption\":\"Compuviper\"},\"image\":{\"@id\":\"https:\/\/compuviper.mx\/tienda\/#\/schema\/logo\/image\/\"},\"sameAs\":[\"https:\/\/www.facebook.com\/compuviper\",\"https:\/\/www.youtube.com\/channel\/UCf73dERp9Y3cfOq7q8BhLjA?view_as=subscriber\"]}]}<\/script>\n<meta property=\"product:brand\" content=\"TP LINK\" \/>\n<meta property=\"product:price:amount\" content=\"255\" \/>\n<meta property=\"product:price:currency\" content=\"MXN\" \/>\n<meta property=\"og:availability\" content=\"instock\" \/>\n<meta property=\"product:availability\" content=\"instock\" \/>\n<meta property=\"product:retailer_item_id\" content=\"TAPO T100\" \/>\n<meta property=\"product:condition\" content=\"new\" \/>\n<!-- \/ Yoast SEO plugin. -->","yoast_head_json":{"title":"[ Tp Link ] &#129351; Tapo T100 Sensor Tp-link Sensor Movimiento Inteligente Angulo De Deteccion 120 Ahorro Energia Larga Duracion","description":"Compra Tapo T100 Sensor Tp-link Sensor Movimiento Inteligente Angulo De Deteccion 120 Ahorro Energia Larga Duracion + Env\u00edo a domicilio + Pago seguro + Garant\u00eda","robots":{"index":"index","follow":"follow","max-snippet":"max-snippet:-1","max-image-preview":"max-image-preview:large","max-video-preview":"max-video-preview:-1"},"canonical":"https:\/\/compuviper.mx\/tienda\/producto\/tp-link-tapo-t100-sensor-tp-link-sensor-movimiento-inteligente-angulo-de-deteccion-120-ahorro-energia-larga-duracion\/","og_locale":"es_MX","og_type":"article","og_title":"[ Tp Link ] &#129351; Tapo T100 Sensor Tp-link Sensor Movimiento Inteligente Angulo De Deteccion 120 Ahorro Energia Larga Duracion","og_description":"Compra Tapo T100 Sensor Tp-link Sensor Movimiento Inteligente Angulo De Deteccion 120 Ahorro Energia Larga Duracion + Env\u00edo a domicilio + Pago seguro + Garant\u00eda","og_url":"https:\/\/compuviper.mx\/tienda\/producto\/tp-link-tapo-t100-sensor-tp-link-sensor-movimiento-inteligente-angulo-de-deteccion-120-ahorro-energia-larga-duracion\/","og_site_name":"Compuviper","article_publisher":"https:\/\/www.facebook.com\/compuviper","og_image":[{"width":200,"height":200,"url":"https:\/\/compuviper.mx\/tienda\/wp-content\/uploads\/2024\/05\/Sensor-tp-link-tapo-t100-sensor-movimiento-inteligente-angulo-de-deteccion-120\u00b0-ahorro-energia-larga-duracion.jpg","type":"image\/jpeg"}],"twitter_card":"summary_large_image","twitter_misc":{"Precio":"&#36;255 con IVA","Availability":"In stock"},"schema":{"@context":"https:\/\/schema.org","@graph":[{"@type":"WebPage","@id":"https:\/\/compuviper.mx\/tienda\/producto\/tp-link-tapo-t100-sensor-tp-link-sensor-movimiento-inteligente-angulo-de-deteccion-120-ahorro-energia-larga-duracion\/","url":"https:\/\/compuviper.mx\/tienda\/producto\/tp-link-tapo-t100-sensor-tp-link-sensor-movimiento-inteligente-angulo-de-deteccion-120-ahorro-energia-larga-duracion\/","name":"[ Tp Link ] &#129351; Tapo T100 Sensor Tp-link Sensor Movimiento Inteligente Angulo De Deteccion 120 Ahorro Energia Larga Duracion","isPartOf":{"@id":"https:\/\/compuviper.mx\/tienda\/#website"},"datePublished":"2026-04-16T05:10:33+00:00","dateModified":"2026-04-16T05:10:33+00:00","description":"Compra Tapo T100 Sensor Tp-link Sensor Movimiento Inteligente Angulo De Deteccion 120 Ahorro Energia Larga Duracion + Env\u00edo a domicilio + Pago seguro + Garant\u00eda","breadcrumb":{"@id":"https:\/\/compuviper.mx\/tienda\/producto\/tp-link-tapo-t100-sensor-tp-link-sensor-movimiento-inteligente-angulo-de-deteccion-120-ahorro-energia-larga-duracion\/#breadcrumb"},"inLanguage":"es-MX","potentialAction":[{"@type":"ReadAction","target":["https:\/\/compuviper.mx\/tienda\/producto\/tp-link-tapo-t100-sensor-tp-link-sensor-movimiento-inteligente-angulo-de-deteccion-120-ahorro-energia-larga-duracion\/"]}]},{"@type":"BreadcrumbList","@id":"https:\/\/compuviper.mx\/tienda\/producto\/tp-link-tapo-t100-sensor-tp-link-sensor-movimiento-inteligente-angulo-de-deteccion-120-ahorro-energia-larga-duracion\/#breadcrumb","itemListElement":[{"@type":"ListItem","position":1,"name":"Inicio","item":"https:\/\/compuviper.mx\/tienda\/"},{"@type":"ListItem","position":2,"name":"Productos","item":"https:\/\/compuviper.mx\/tienda\/productos\/"},{"@type":"ListItem","position":3,"name":"Smart Home","item":"https:\/\/compuviper.mx\/tienda\/categoria-producto\/smart-home\/"},{"@type":"ListItem","position":4,"name":"Home Automations","item":"https:\/\/compuviper.mx\/tienda\/categoria-producto\/smart-home\/home-automations\/"},{"@type":"ListItem","position":5,"name":"Tp Link Tapo T100 Sensor Tp-link Sensor Movimiento Inteligente Angulo De Deteccion 120 Ahorro Energia Larga Duracion"}]},{"@type":"WebSite","@id":"https:\/\/compuviper.mx\/tienda\/#website","url":"https:\/\/compuviper.mx\/tienda\/","name":"Compuviper","description":"Proveedor de Computadoras, Laptops, Servidores, Monitores, Puntos de Venta, Teclados,   Impresoras, T\u00f3ner, C\u00e1maras de Seguridad y m\u00e1s en tu tienda en l\u00ednea","publisher":{"@id":"https:\/\/compuviper.mx\/tienda\/#organization"},"potentialAction":[{"@type":"SearchAction","target":{"@type":"EntryPoint","urlTemplate":"https:\/\/compuviper.mx\/tienda\/?s={search_term_string}"},"query-input":"required name=search_term_string"}],"inLanguage":"es-MX"},{"@type":"Organization","@id":"https:\/\/compuviper.mx\/tienda\/#organization","name":"Compuviper","url":"https:\/\/compuviper.mx\/tienda\/","logo":{"@type":"ImageObject","inLanguage":"es-MX","@id":"https:\/\/compuviper.mx\/tienda\/#\/schema\/logo\/image\/","url":"https:\/\/compuviper.mx\/tienda\/wp-content\/uploads\/2021\/08\/Logo-Compuviper-10.png","contentUrl":"https:\/\/compuviper.mx\/tienda\/wp-content\/uploads\/2021\/08\/Logo-Compuviper-10.png","width":1000,"height":500,"caption":"Compuviper"},"image":{"@id":"https:\/\/compuviper.mx\/tienda\/#\/schema\/logo\/image\/"},"sameAs":["https:\/\/www.facebook.com\/compuviper","https:\/\/www.youtube.com\/channel\/UCf73dERp9Y3cfOq7q8BhLjA?view_as=subscriber"]}]},"product_brand":"TP LINK","product_price_amount":"255","product_price_currency":"MXN","og_availability":"instock","product_availability":"instock","product_retailer_item_id":"TAPO T100","product_condition":"new"},"_links":{"self":[{"href":"https:\/\/compuviper.mx\/tienda\/wp-json\/wp\/v2\/product\/229358"}],"collection":[{"href":"https:\/\/compuviper.mx\/tienda\/wp-json\/wp\/v2\/product"}],"about":[{"href":"https:\/\/compuviper.mx\/tienda\/wp-json\/wp\/v2\/types\/product"}],"replies":[{"embeddable":true,"href":"https:\/\/compuviper.mx\/tienda\/wp-json\/wp\/v2\/comments?post=229358"}],"wp:featuredmedia":[{"embeddable":true,"href":"https:\/\/compuviper.mx\/tienda\/wp-json\/wp\/v2\/media\/233677"}],"wp:attachment":[{"href":"https:\/\/compuviper.mx\/tienda\/wp-json\/wp\/v2\/media?parent=229358"}],"wp:term":[{"taxonomy":"product_cat","embeddable":true,"href":"https:\/\/compuviper.mx\/tienda\/wp-json\/wp\/v2\/product_cat?post=229358"},{"taxonomy":"product_tag","embeddable":true,"href":"https:\/\/compuviper.mx\/tienda\/wp-json\/wp\/v2\/product_tag?post=229358"}],"curies":[{"name":"wp","href":"https:\/\/api.w.org\/{rel}","templated":true}]}}