{"id":229357,"date":"2026-04-15T23:10:32","date_gmt":"2026-04-16T05:10:32","guid":{"rendered":"https:\/\/compuviper.mx\/tienda\/producto\/tp-link-tapo-h100-hub-tp-link-hub-inteligente-con-alarma-hasta-64-dispositivos-timbre-inteligente-alarma-inteligente-conexiones-a-largo-alcance\/"},"modified":"2026-04-15T23:10:33","modified_gmt":"2026-04-16T05:10:33","slug":"tp-link-tapo-h100-hub-tp-link-hub-inteligente-con-alarma-hasta-64-dispositivos-timbre-inteligente-alarma-inteligente-conexiones-a-largo-alcance","status":"publish","type":"product","link":"https:\/\/compuviper.mx\/tienda\/producto\/tp-link-tapo-h100-hub-tp-link-hub-inteligente-con-alarma-hasta-64-dispositivos-timbre-inteligente-alarma-inteligente-conexiones-a-largo-alcance\/","title":{"rendered":"Tp Link Tapo H100 Hub Tp-link  Hub Inteligente Con Alarma Hasta 64 Dispositivos Timbre Inteligente Alarma Inteligente Conexiones A Largo Alcance"},"content":{"rendered":"<table class=\"descripcion\">\n<tr>\n<td>Especificaciones<\/td>\n<\/tr>\n<tr>\n<td>Red<\/td>\n<\/tr>\n<tr>\n<td>Protocolo:<\/td>\n<\/tr>\n<tr>\n<td>868 \/ 922 mhz<\/td>\n<\/tr>\n<tr>\n<td>Tipo de wi-fi:<\/td>\n<\/tr>\n<tr>\n<td>2.4ghz wi-fi<\/td>\n<\/tr>\n<tr>\n<td>General<\/td>\n<\/tr>\n<tr>\n<td>Operating temperature:<\/td>\n<\/tr>\n<tr>\n<td>0~40\u00b0c<\/td>\n<\/tr>\n<tr>\n<td>Dimensiones:<\/td>\n<\/tr>\n<tr>\n<td>72 x 62.5 x 51 mm<\/td>\n<\/tr>\n<tr>\n<td>(2.8 x 2.5 x 2 inch)<\/td>\n<\/tr>\n<tr>\n<td>Material:<\/td>\n<\/tr>\n<tr>\n<td>Retardante de llama ul94-v0<\/td>\n<\/tr>\n<tr>\n<td>Botones:<\/td>\n<\/tr>\n<tr>\n<td>Bot\u00f3n sincronizar\/silencio<\/td>\n<\/tr>\n<tr>\n<td>Power requirements:<\/td>\n<\/tr>\n<tr>\n<td>Ac, 100~240v, 50\/60hz<\/td>\n<\/tr>\n<tr>\n<td>Contenido del paquete<\/td>\n<\/tr>\n<tr>\n<td>1 x tapo h100<\/td>\n<\/tr>\n<tr>\n<td>1 gu\u00eda de inicio r\u00e1pido.<\/td>\n<\/tr>\n<\/table>\n","protected":false},"excerpt":{"rendered":"<p>Hub inteligente con alarma. Tapo h100. \u0095 conexiones seguras de largo alcance. Mantiene los dispositivos conectados en todo momento a trav\u00e9s de la s\u00f3lida red inal\u00e1mbrica. \u0095 protocolo inal\u00e1mbrico de baja potencia. Los dispositivos conectados funcionen con eficiencia energ\u00e9tica, prometiendo un tiempo de espera m\u00e1s prolongado. \u0095 alarma inteligente. Se coordina con los sensores inteligentes tapo para advertir sobre el peligro o disuadir a los intrusos. \u0095 timbre inteligente. Comb\u00ednalo con tapo smart button para construir su sistema de timbre inteligente, adem\u00e1s de 19 tonos de llamada para elegir. \u0095 hasta 64 dispositivos conectados. Cada hub h100 puede conectar hasta 64 dispositivos tapo en toda la casa.<\/p>\n","protected":false},"featured_media":233676,"comment_status":"open","ping_status":"open","template":"","meta":[],"product_cat":[2316,1811],"product_tag":[1562],"acf":[],"yoast_head":"<!-- This site is optimized with the Yoast SEO plugin v21.7 - https:\/\/yoast.com\/wordpress\/plugins\/seo\/ -->\n<title>[ Tp Link ] &#129351; Tapo H100 Hub Tp-link Hub Inteligente Con Alarma Hasta 64 Dispositivos Timbre Inteligente Alarma Inteligente Conexiones A Largo Alcance<\/title>\n<meta name=\"description\" content=\"Compra Tapo H100 Hub Tp-link Hub Inteligente Con Alarma Hasta 64 Dispositivos Timbre Inteligente Alarma Inteligente Conexiones A Largo Alcance + Env\u00edo a domicilio + Pago seguro + Garant\u00eda\" \/>\n<meta name=\"robots\" content=\"index, follow, max-snippet:-1, max-image-preview:large, max-video-preview:-1\" \/>\n<link rel=\"canonical\" href=\"https:\/\/compuviper.mx\/tienda\/producto\/tp-link-tapo-h100-hub-tp-link-hub-inteligente-con-alarma-hasta-64-dispositivos-timbre-inteligente-alarma-inteligente-conexiones-a-largo-alcance\/\" \/>\n<meta property=\"og:locale\" content=\"es_MX\" \/>\n<meta property=\"og:type\" content=\"article\" \/>\n<meta property=\"og:title\" content=\"[ Tp Link ] &#129351; Tapo H100 Hub Tp-link Hub Inteligente Con Alarma Hasta 64 Dispositivos Timbre Inteligente Alarma Inteligente Conexiones A Largo Alcance\" \/>\n<meta property=\"og:description\" content=\"Compra Tapo H100 Hub Tp-link Hub Inteligente Con Alarma Hasta 64 Dispositivos Timbre Inteligente Alarma Inteligente Conexiones A Largo Alcance + Env\u00edo a domicilio + Pago seguro + Garant\u00eda\" \/>\n<meta property=\"og:url\" content=\"https:\/\/compuviper.mx\/tienda\/producto\/tp-link-tapo-h100-hub-tp-link-hub-inteligente-con-alarma-hasta-64-dispositivos-timbre-inteligente-alarma-inteligente-conexiones-a-largo-alcance\/\" \/>\n<meta property=\"og:site_name\" content=\"Compuviper\" \/>\n<meta property=\"article:publisher\" content=\"https:\/\/www.facebook.com\/compuviper\" \/>\n<meta property=\"article:modified_time\" content=\"2026-04-16T05:10:33+00:00\" \/>\n<meta property=\"og:image\" content=\"https:\/\/compuviper.mx\/tienda\/wp-content\/uploads\/2024\/05\/Hub-tp-link-tapo-h100-hub-inteligente-con-alarma-hasta-64-dispositivos-timbre-inteligente-alarma-inteligente-conexiones-a-largo-alcance.jpg\" \/>\n\t<meta property=\"og:image:width\" content=\"200\" \/>\n\t<meta property=\"og:image:height\" content=\"200\" \/>\n\t<meta property=\"og:image:type\" content=\"image\/jpeg\" \/>\n<meta name=\"twitter:card\" content=\"summary_large_image\" \/>\n<meta name=\"twitter:label1\" content=\"Precio\" \/>\n\t<meta name=\"twitter:data1\" content=\"&#36;289 con IVA\" \/>\n\t<meta name=\"twitter:label2\" content=\"Availability\" \/>\n\t<meta name=\"twitter:data2\" content=\"In stock\" \/>\n<script type=\"application\/ld+json\" class=\"yoast-schema-graph\">{\"@context\":\"https:\/\/schema.org\",\"@graph\":[{\"@type\":\"WebPage\",\"@id\":\"https:\/\/compuviper.mx\/tienda\/producto\/tp-link-tapo-h100-hub-tp-link-hub-inteligente-con-alarma-hasta-64-dispositivos-timbre-inteligente-alarma-inteligente-conexiones-a-largo-alcance\/\",\"url\":\"https:\/\/compuviper.mx\/tienda\/producto\/tp-link-tapo-h100-hub-tp-link-hub-inteligente-con-alarma-hasta-64-dispositivos-timbre-inteligente-alarma-inteligente-conexiones-a-largo-alcance\/\",\"name\":\"[ Tp Link ] &#129351; Tapo H100 Hub Tp-link Hub Inteligente Con Alarma Hasta 64 Dispositivos Timbre Inteligente Alarma Inteligente Conexiones A Largo Alcance\",\"isPartOf\":{\"@id\":\"https:\/\/compuviper.mx\/tienda\/#website\"},\"datePublished\":\"2026-04-16T05:10:32+00:00\",\"dateModified\":\"2026-04-16T05:10:33+00:00\",\"description\":\"Compra Tapo H100 Hub Tp-link Hub Inteligente Con Alarma Hasta 64 Dispositivos Timbre Inteligente Alarma Inteligente Conexiones A Largo Alcance + Env\u00edo a domicilio + Pago seguro + Garant\u00eda\",\"breadcrumb\":{\"@id\":\"https:\/\/compuviper.mx\/tienda\/producto\/tp-link-tapo-h100-hub-tp-link-hub-inteligente-con-alarma-hasta-64-dispositivos-timbre-inteligente-alarma-inteligente-conexiones-a-largo-alcance\/#breadcrumb\"},\"inLanguage\":\"es-MX\",\"potentialAction\":[{\"@type\":\"ReadAction\",\"target\":[\"https:\/\/compuviper.mx\/tienda\/producto\/tp-link-tapo-h100-hub-tp-link-hub-inteligente-con-alarma-hasta-64-dispositivos-timbre-inteligente-alarma-inteligente-conexiones-a-largo-alcance\/\"]}]},{\"@type\":\"BreadcrumbList\",\"@id\":\"https:\/\/compuviper.mx\/tienda\/producto\/tp-link-tapo-h100-hub-tp-link-hub-inteligente-con-alarma-hasta-64-dispositivos-timbre-inteligente-alarma-inteligente-conexiones-a-largo-alcance\/#breadcrumb\",\"itemListElement\":[{\"@type\":\"ListItem\",\"position\":1,\"name\":\"Inicio\",\"item\":\"https:\/\/compuviper.mx\/tienda\/\"},{\"@type\":\"ListItem\",\"position\":2,\"name\":\"Productos\",\"item\":\"https:\/\/compuviper.mx\/tienda\/productos\/\"},{\"@type\":\"ListItem\",\"position\":3,\"name\":\"Smart Home\",\"item\":\"https:\/\/compuviper.mx\/tienda\/categoria-producto\/smart-home\/\"},{\"@type\":\"ListItem\",\"position\":4,\"name\":\"Home Automations\",\"item\":\"https:\/\/compuviper.mx\/tienda\/categoria-producto\/smart-home\/home-automations\/\"},{\"@type\":\"ListItem\",\"position\":5,\"name\":\"Tp Link Tapo H100 Hub Tp-link Hub Inteligente Con Alarma Hasta 64 Dispositivos Timbre Inteligente Alarma Inteligente Conexiones A Largo Alcance\"}]},{\"@type\":\"WebSite\",\"@id\":\"https:\/\/compuviper.mx\/tienda\/#website\",\"url\":\"https:\/\/compuviper.mx\/tienda\/\",\"name\":\"Compuviper\",\"description\":\"Proveedor de Computadoras, Laptops, Servidores, Monitores, Puntos de Venta, Teclados,   Impresoras, T\u00f3ner, C\u00e1maras de Seguridad y m\u00e1s en tu tienda en l\u00ednea\",\"publisher\":{\"@id\":\"https:\/\/compuviper.mx\/tienda\/#organization\"},\"potentialAction\":[{\"@type\":\"SearchAction\",\"target\":{\"@type\":\"EntryPoint\",\"urlTemplate\":\"https:\/\/compuviper.mx\/tienda\/?s={search_term_string}\"},\"query-input\":\"required name=search_term_string\"}],\"inLanguage\":\"es-MX\"},{\"@type\":\"Organization\",\"@id\":\"https:\/\/compuviper.mx\/tienda\/#organization\",\"name\":\"Compuviper\",\"url\":\"https:\/\/compuviper.mx\/tienda\/\",\"logo\":{\"@type\":\"ImageObject\",\"inLanguage\":\"es-MX\",\"@id\":\"https:\/\/compuviper.mx\/tienda\/#\/schema\/logo\/image\/\",\"url\":\"https:\/\/compuviper.mx\/tienda\/wp-content\/uploads\/2021\/08\/Logo-Compuviper-10.png\",\"contentUrl\":\"https:\/\/compuviper.mx\/tienda\/wp-content\/uploads\/2021\/08\/Logo-Compuviper-10.png\",\"width\":1000,\"height\":500,\"caption\":\"Compuviper\"},\"image\":{\"@id\":\"https:\/\/compuviper.mx\/tienda\/#\/schema\/logo\/image\/\"},\"sameAs\":[\"https:\/\/www.facebook.com\/compuviper\",\"https:\/\/www.youtube.com\/channel\/UCf73dERp9Y3cfOq7q8BhLjA?view_as=subscriber\"]}]}<\/script>\n<meta property=\"product:brand\" content=\"TP LINK\" \/>\n<meta property=\"product:price:amount\" content=\"289\" \/>\n<meta property=\"product:price:currency\" content=\"MXN\" \/>\n<meta property=\"og:availability\" content=\"instock\" \/>\n<meta property=\"product:availability\" content=\"instock\" \/>\n<meta property=\"product:retailer_item_id\" content=\"TAPO H100\" \/>\n<meta property=\"product:condition\" content=\"new\" \/>\n<!-- \/ Yoast SEO plugin. -->","yoast_head_json":{"title":"[ Tp Link ] &#129351; Tapo H100 Hub Tp-link Hub Inteligente Con Alarma Hasta 64 Dispositivos Timbre Inteligente Alarma Inteligente Conexiones A Largo Alcance","description":"Compra Tapo H100 Hub Tp-link Hub Inteligente Con Alarma Hasta 64 Dispositivos Timbre Inteligente Alarma Inteligente Conexiones A Largo Alcance + Env\u00edo a domicilio + Pago seguro + Garant\u00eda","robots":{"index":"index","follow":"follow","max-snippet":"max-snippet:-1","max-image-preview":"max-image-preview:large","max-video-preview":"max-video-preview:-1"},"canonical":"https:\/\/compuviper.mx\/tienda\/producto\/tp-link-tapo-h100-hub-tp-link-hub-inteligente-con-alarma-hasta-64-dispositivos-timbre-inteligente-alarma-inteligente-conexiones-a-largo-alcance\/","og_locale":"es_MX","og_type":"article","og_title":"[ Tp Link ] &#129351; Tapo H100 Hub Tp-link Hub Inteligente Con Alarma Hasta 64 Dispositivos Timbre Inteligente Alarma Inteligente Conexiones A Largo Alcance","og_description":"Compra Tapo H100 Hub Tp-link Hub Inteligente Con Alarma Hasta 64 Dispositivos Timbre Inteligente Alarma Inteligente Conexiones A Largo Alcance + Env\u00edo a domicilio + Pago seguro + Garant\u00eda","og_url":"https:\/\/compuviper.mx\/tienda\/producto\/tp-link-tapo-h100-hub-tp-link-hub-inteligente-con-alarma-hasta-64-dispositivos-timbre-inteligente-alarma-inteligente-conexiones-a-largo-alcance\/","og_site_name":"Compuviper","article_publisher":"https:\/\/www.facebook.com\/compuviper","article_modified_time":"2026-04-16T05:10:33+00:00","og_image":[{"width":200,"height":200,"url":"https:\/\/compuviper.mx\/tienda\/wp-content\/uploads\/2024\/05\/Hub-tp-link-tapo-h100-hub-inteligente-con-alarma-hasta-64-dispositivos-timbre-inteligente-alarma-inteligente-conexiones-a-largo-alcance.jpg","type":"image\/jpeg"}],"twitter_card":"summary_large_image","twitter_misc":{"Precio":"&#36;289 con IVA","Availability":"In stock"},"schema":{"@context":"https:\/\/schema.org","@graph":[{"@type":"WebPage","@id":"https:\/\/compuviper.mx\/tienda\/producto\/tp-link-tapo-h100-hub-tp-link-hub-inteligente-con-alarma-hasta-64-dispositivos-timbre-inteligente-alarma-inteligente-conexiones-a-largo-alcance\/","url":"https:\/\/compuviper.mx\/tienda\/producto\/tp-link-tapo-h100-hub-tp-link-hub-inteligente-con-alarma-hasta-64-dispositivos-timbre-inteligente-alarma-inteligente-conexiones-a-largo-alcance\/","name":"[ Tp Link ] &#129351; Tapo H100 Hub Tp-link Hub Inteligente Con Alarma Hasta 64 Dispositivos Timbre Inteligente Alarma Inteligente Conexiones A Largo Alcance","isPartOf":{"@id":"https:\/\/compuviper.mx\/tienda\/#website"},"datePublished":"2026-04-16T05:10:32+00:00","dateModified":"2026-04-16T05:10:33+00:00","description":"Compra Tapo H100 Hub Tp-link Hub Inteligente Con Alarma Hasta 64 Dispositivos Timbre Inteligente Alarma Inteligente Conexiones A Largo Alcance + Env\u00edo a domicilio + Pago seguro + Garant\u00eda","breadcrumb":{"@id":"https:\/\/compuviper.mx\/tienda\/producto\/tp-link-tapo-h100-hub-tp-link-hub-inteligente-con-alarma-hasta-64-dispositivos-timbre-inteligente-alarma-inteligente-conexiones-a-largo-alcance\/#breadcrumb"},"inLanguage":"es-MX","potentialAction":[{"@type":"ReadAction","target":["https:\/\/compuviper.mx\/tienda\/producto\/tp-link-tapo-h100-hub-tp-link-hub-inteligente-con-alarma-hasta-64-dispositivos-timbre-inteligente-alarma-inteligente-conexiones-a-largo-alcance\/"]}]},{"@type":"BreadcrumbList","@id":"https:\/\/compuviper.mx\/tienda\/producto\/tp-link-tapo-h100-hub-tp-link-hub-inteligente-con-alarma-hasta-64-dispositivos-timbre-inteligente-alarma-inteligente-conexiones-a-largo-alcance\/#breadcrumb","itemListElement":[{"@type":"ListItem","position":1,"name":"Inicio","item":"https:\/\/compuviper.mx\/tienda\/"},{"@type":"ListItem","position":2,"name":"Productos","item":"https:\/\/compuviper.mx\/tienda\/productos\/"},{"@type":"ListItem","position":3,"name":"Smart Home","item":"https:\/\/compuviper.mx\/tienda\/categoria-producto\/smart-home\/"},{"@type":"ListItem","position":4,"name":"Home Automations","item":"https:\/\/compuviper.mx\/tienda\/categoria-producto\/smart-home\/home-automations\/"},{"@type":"ListItem","position":5,"name":"Tp Link Tapo H100 Hub Tp-link Hub Inteligente Con Alarma Hasta 64 Dispositivos Timbre Inteligente Alarma Inteligente Conexiones A Largo Alcance"}]},{"@type":"WebSite","@id":"https:\/\/compuviper.mx\/tienda\/#website","url":"https:\/\/compuviper.mx\/tienda\/","name":"Compuviper","description":"Proveedor de Computadoras, Laptops, Servidores, Monitores, Puntos de Venta, Teclados,   Impresoras, T\u00f3ner, C\u00e1maras de Seguridad y m\u00e1s en tu tienda en l\u00ednea","publisher":{"@id":"https:\/\/compuviper.mx\/tienda\/#organization"},"potentialAction":[{"@type":"SearchAction","target":{"@type":"EntryPoint","urlTemplate":"https:\/\/compuviper.mx\/tienda\/?s={search_term_string}"},"query-input":"required name=search_term_string"}],"inLanguage":"es-MX"},{"@type":"Organization","@id":"https:\/\/compuviper.mx\/tienda\/#organization","name":"Compuviper","url":"https:\/\/compuviper.mx\/tienda\/","logo":{"@type":"ImageObject","inLanguage":"es-MX","@id":"https:\/\/compuviper.mx\/tienda\/#\/schema\/logo\/image\/","url":"https:\/\/compuviper.mx\/tienda\/wp-content\/uploads\/2021\/08\/Logo-Compuviper-10.png","contentUrl":"https:\/\/compuviper.mx\/tienda\/wp-content\/uploads\/2021\/08\/Logo-Compuviper-10.png","width":1000,"height":500,"caption":"Compuviper"},"image":{"@id":"https:\/\/compuviper.mx\/tienda\/#\/schema\/logo\/image\/"},"sameAs":["https:\/\/www.facebook.com\/compuviper","https:\/\/www.youtube.com\/channel\/UCf73dERp9Y3cfOq7q8BhLjA?view_as=subscriber"]}]},"product_brand":"TP LINK","product_price_amount":"289","product_price_currency":"MXN","og_availability":"instock","product_availability":"instock","product_retailer_item_id":"TAPO H100","product_condition":"new"},"_links":{"self":[{"href":"https:\/\/compuviper.mx\/tienda\/wp-json\/wp\/v2\/product\/229357"}],"collection":[{"href":"https:\/\/compuviper.mx\/tienda\/wp-json\/wp\/v2\/product"}],"about":[{"href":"https:\/\/compuviper.mx\/tienda\/wp-json\/wp\/v2\/types\/product"}],"replies":[{"embeddable":true,"href":"https:\/\/compuviper.mx\/tienda\/wp-json\/wp\/v2\/comments?post=229357"}],"wp:featuredmedia":[{"embeddable":true,"href":"https:\/\/compuviper.mx\/tienda\/wp-json\/wp\/v2\/media\/233676"}],"wp:attachment":[{"href":"https:\/\/compuviper.mx\/tienda\/wp-json\/wp\/v2\/media?parent=229357"}],"wp:term":[{"taxonomy":"product_cat","embeddable":true,"href":"https:\/\/compuviper.mx\/tienda\/wp-json\/wp\/v2\/product_cat?post=229357"},{"taxonomy":"product_tag","embeddable":true,"href":"https:\/\/compuviper.mx\/tienda\/wp-json\/wp\/v2\/product_tag?post=229357"}],"curies":[{"name":"wp","href":"https:\/\/api.w.org\/{rel}","templated":true}]}}