{"id":229356,"date":"2026-04-15T23:10:32","date_gmt":"2026-04-16T05:10:32","guid":{"rendered":"https:\/\/compuviper.mx\/tienda\/producto\/tp-link-tapo-t310-sensor-tp-link-sensor-de-temperatura-y-humedad-medicion-precisa-creacion-de-informes-notificaciones-instantaneas-facil-instalacion-1-requiere-hub-h100\/"},"modified":"2026-04-15T23:10:32","modified_gmt":"2026-04-16T05:10:32","slug":"tp-link-tapo-t310-sensor-tp-link-sensor-de-temperatura-y-humedad-medicion-precisa-creacion-de-informes-notificaciones-instantaneas-facil-instalacion-1-requiere-hub-h100","status":"publish","type":"product","link":"https:\/\/compuviper.mx\/tienda\/producto\/tp-link-tapo-t310-sensor-tp-link-sensor-de-temperatura-y-humedad-medicion-precisa-creacion-de-informes-notificaciones-instantaneas-facil-instalacion-1-requiere-hub-h100\/","title":{"rendered":"Tp Link Tapo T310 Sensor Tp-link  Sensor De Temperatura Y Humedad Medicion Precisa Creacion De Informes Notificaciones Instantaneas Facil Instalacion 1 Requiere Hub H100"},"content":{"rendered":"<table class=\"descripcion\">\n<tr>\n<td>General<\/td>\n<\/tr>\n<tr>\n<td>Temperatura de funcionamiento -20~60\u00bac \/ -4~140\u00baf<\/td>\n<\/tr>\n<tr>\n<td>Humedad de funcionamiento 0%~99%rh<\/td>\n<\/tr>\n<tr>\n<td>Dimensiones 46*46*12.3 mm<\/td>\n<\/tr>\n<tr>\n<td>Requerimientos de energ\u00eda bater\u00eda tipo bot\u00f3n cr2450<\/td>\n<\/tr>\n<tr>\n<td>Sistema<\/td>\n<\/tr>\n<tr>\n<td>Concentrador (hub) requerido s\u00ed<\/td>\n<\/tr>\n<tr>\n<td>Contenidos del paquete<\/td>\n<\/tr>\n<tr>\n<td>Contenidos del paquete \u0095 tap\u00f3n t310<\/td>\n<\/tr>\n<tr>\n<td>\u0095 bater\u00eda cr2450<\/td>\n<\/tr>\n<tr>\n<td>\u0095 cord\u00f3n<\/td>\n<\/tr>\n<tr>\n<td>\u0095 gu\u00eda de inicio r\u00e1pido<\/td>\n<\/tr>\n<tr>\n<td>\u0095 adhesivo 3m<\/td>\n<\/tr>\n<tr>\n<td>\u0095 im\u00e1n adhesivo<\/td>\n<\/tr>\n<tr>\n<td>\u0095 pasador de expulsi\u00f3n<\/td>\n<\/tr>\n<tr>\n<td>Especificaciones t\u00e9cnicas<\/td>\n<\/tr>\n<tr>\n<td>Inal\u00e1mbrico 868 \/ 922 mhz<\/td>\n<\/tr>\n<tr>\n<td>Temperature accuracy \u00b10.3\u00b0c \/\u00b10.54\u00b0f<\/td>\n<\/tr>\n<tr>\n<td>Humidity accuracy \u00b13%rh<\/td>\n<\/tr>\n<tr>\n<td>Data refresh speed 2s<\/td>\n<\/tr>\n<\/table>\n","protected":false},"excerpt":{"rendered":"<p>Tapo t310. Sensor de temperatura y humedad. \u0095 medici\u00f3n precisa. Detecta temperatura y humedad con alta precisi\u00f3n (\u00b10,3 \u00b0c, \u00b13 % hr) actualizando cada 2 segundos. \u0095 acciones inteligentes. Enciende y apaga autom\u00e1ticamente electrodom\u00e9sticos al alcanzar una determinada temperatura o humedad.. \u0095 creaci\u00f3n de informes. Registra y alamcena los datos de temperatura y humedad creando res\u00famenes y gr\u00e1ficos. \u0095 notificaciones instant\u00e1neas. Recibe un mensaje en el m\u00f3vil cuando el sensor se active para saber que ocurre en casa. \u0095 f\u00e1cil instalaci\u00f3n. Col\u00f3calo en casi cualquier superficie con el adhesivo 3m incluido, en superficies met\u00e1licas y directamente sobre un escritorio. *requiere hub tapo h100.<\/p>\n","protected":false},"featured_media":233675,"comment_status":"open","ping_status":"open","template":"","meta":[],"product_cat":[2316,1811],"product_tag":[1562],"acf":[],"yoast_head":"<!-- This site is optimized with the Yoast SEO plugin v21.7 - https:\/\/yoast.com\/wordpress\/plugins\/seo\/ -->\n<title>[ Tp Link ] &#129351; Tapo T310 Sensor Tp-link Sensor De Temperatura Y Humedad Medicion Precisa Creacion De Informes Notificaciones Instantaneas Facil Instalacion 1 Requiere Hub H100<\/title>\n<meta name=\"description\" content=\"Compra Tapo T310 Sensor Tp-link Sensor De Temperatura Y Humedad Medicion Precisa Creacion De Informes Notificaciones Instantaneas Facil Instalacion 1 Requiere Hub H100 + Env\u00edo a domicilio + Pago seguro + Garant\u00eda\" \/>\n<meta name=\"robots\" content=\"index, follow, max-snippet:-1, max-image-preview:large, max-video-preview:-1\" \/>\n<link rel=\"canonical\" href=\"https:\/\/compuviper.mx\/tienda\/producto\/tp-link-tapo-t310-sensor-tp-link-sensor-de-temperatura-y-humedad-medicion-precisa-creacion-de-informes-notificaciones-instantaneas-facil-instalacion-1-requiere-hub-h100\/\" \/>\n<meta property=\"og:locale\" content=\"es_MX\" \/>\n<meta property=\"og:type\" content=\"article\" \/>\n<meta property=\"og:title\" content=\"[ Tp Link ] &#129351; Tapo T310 Sensor Tp-link Sensor De Temperatura Y Humedad Medicion Precisa Creacion De Informes Notificaciones Instantaneas Facil Instalacion 1 Requiere Hub H100\" \/>\n<meta property=\"og:description\" content=\"Compra Tapo T310 Sensor Tp-link Sensor De Temperatura Y Humedad Medicion Precisa Creacion De Informes Notificaciones Instantaneas Facil Instalacion 1 Requiere Hub H100 + Env\u00edo a domicilio + Pago seguro + Garant\u00eda\" \/>\n<meta property=\"og:url\" content=\"https:\/\/compuviper.mx\/tienda\/producto\/tp-link-tapo-t310-sensor-tp-link-sensor-de-temperatura-y-humedad-medicion-precisa-creacion-de-informes-notificaciones-instantaneas-facil-instalacion-1-requiere-hub-h100\/\" \/>\n<meta property=\"og:site_name\" content=\"Compuviper\" \/>\n<meta property=\"article:publisher\" content=\"https:\/\/www.facebook.com\/compuviper\" \/>\n<meta property=\"og:image\" content=\"https:\/\/compuviper.mx\/tienda\/wp-content\/uploads\/2024\/05\/Sensor-tp-link-tapo-t310-sensor-de-temperatura-y-humedad-medicion-precisa-creacion-de-informes-notificaciones-instantaneas-facil-instalacion-1-requiere-hub-h100.jpg\" \/>\n\t<meta property=\"og:image:width\" content=\"200\" \/>\n\t<meta property=\"og:image:height\" content=\"200\" \/>\n\t<meta property=\"og:image:type\" content=\"image\/jpeg\" \/>\n<meta name=\"twitter:card\" content=\"summary_large_image\" \/>\n<meta name=\"twitter:label1\" content=\"Precio\" \/>\n\t<meta name=\"twitter:data1\" content=\"&#36;220 con IVA\" \/>\n\t<meta name=\"twitter:label2\" content=\"Availability\" \/>\n\t<meta name=\"twitter:data2\" content=\"Out of stock\" \/>\n<script type=\"application\/ld+json\" class=\"yoast-schema-graph\">{\"@context\":\"https:\/\/schema.org\",\"@graph\":[{\"@type\":\"WebPage\",\"@id\":\"https:\/\/compuviper.mx\/tienda\/producto\/tp-link-tapo-t310-sensor-tp-link-sensor-de-temperatura-y-humedad-medicion-precisa-creacion-de-informes-notificaciones-instantaneas-facil-instalacion-1-requiere-hub-h100\/\",\"url\":\"https:\/\/compuviper.mx\/tienda\/producto\/tp-link-tapo-t310-sensor-tp-link-sensor-de-temperatura-y-humedad-medicion-precisa-creacion-de-informes-notificaciones-instantaneas-facil-instalacion-1-requiere-hub-h100\/\",\"name\":\"[ Tp Link ] &#129351; Tapo T310 Sensor Tp-link Sensor De Temperatura Y Humedad Medicion Precisa Creacion De Informes Notificaciones Instantaneas Facil Instalacion 1 Requiere Hub H100\",\"isPartOf\":{\"@id\":\"https:\/\/compuviper.mx\/tienda\/#website\"},\"datePublished\":\"2026-04-16T05:10:32+00:00\",\"dateModified\":\"2026-04-16T05:10:32+00:00\",\"description\":\"Compra Tapo T310 Sensor Tp-link Sensor De Temperatura Y Humedad Medicion Precisa Creacion De Informes Notificaciones Instantaneas Facil Instalacion 1 Requiere Hub H100 + Env\u00edo a domicilio + Pago seguro + Garant\u00eda\",\"breadcrumb\":{\"@id\":\"https:\/\/compuviper.mx\/tienda\/producto\/tp-link-tapo-t310-sensor-tp-link-sensor-de-temperatura-y-humedad-medicion-precisa-creacion-de-informes-notificaciones-instantaneas-facil-instalacion-1-requiere-hub-h100\/#breadcrumb\"},\"inLanguage\":\"es-MX\",\"potentialAction\":[{\"@type\":\"ReadAction\",\"target\":[\"https:\/\/compuviper.mx\/tienda\/producto\/tp-link-tapo-t310-sensor-tp-link-sensor-de-temperatura-y-humedad-medicion-precisa-creacion-de-informes-notificaciones-instantaneas-facil-instalacion-1-requiere-hub-h100\/\"]}]},{\"@type\":\"BreadcrumbList\",\"@id\":\"https:\/\/compuviper.mx\/tienda\/producto\/tp-link-tapo-t310-sensor-tp-link-sensor-de-temperatura-y-humedad-medicion-precisa-creacion-de-informes-notificaciones-instantaneas-facil-instalacion-1-requiere-hub-h100\/#breadcrumb\",\"itemListElement\":[{\"@type\":\"ListItem\",\"position\":1,\"name\":\"Inicio\",\"item\":\"https:\/\/compuviper.mx\/tienda\/\"},{\"@type\":\"ListItem\",\"position\":2,\"name\":\"Productos\",\"item\":\"https:\/\/compuviper.mx\/tienda\/productos\/\"},{\"@type\":\"ListItem\",\"position\":3,\"name\":\"Smart Home\",\"item\":\"https:\/\/compuviper.mx\/tienda\/categoria-producto\/smart-home\/\"},{\"@type\":\"ListItem\",\"position\":4,\"name\":\"Home Automations\",\"item\":\"https:\/\/compuviper.mx\/tienda\/categoria-producto\/smart-home\/home-automations\/\"},{\"@type\":\"ListItem\",\"position\":5,\"name\":\"Tp Link Tapo T310 Sensor Tp-link Sensor De Temperatura Y Humedad Medicion Precisa Creacion De Informes Notificaciones Instantaneas Facil Instalacion 1 Requiere Hub H100\"}]},{\"@type\":\"WebSite\",\"@id\":\"https:\/\/compuviper.mx\/tienda\/#website\",\"url\":\"https:\/\/compuviper.mx\/tienda\/\",\"name\":\"Compuviper\",\"description\":\"Proveedor de Computadoras, Laptops, Servidores, Monitores, Puntos de Venta, Teclados,   Impresoras, T\u00f3ner, C\u00e1maras de Seguridad y m\u00e1s en tu tienda en l\u00ednea\",\"publisher\":{\"@id\":\"https:\/\/compuviper.mx\/tienda\/#organization\"},\"potentialAction\":[{\"@type\":\"SearchAction\",\"target\":{\"@type\":\"EntryPoint\",\"urlTemplate\":\"https:\/\/compuviper.mx\/tienda\/?s={search_term_string}\"},\"query-input\":\"required name=search_term_string\"}],\"inLanguage\":\"es-MX\"},{\"@type\":\"Organization\",\"@id\":\"https:\/\/compuviper.mx\/tienda\/#organization\",\"name\":\"Compuviper\",\"url\":\"https:\/\/compuviper.mx\/tienda\/\",\"logo\":{\"@type\":\"ImageObject\",\"inLanguage\":\"es-MX\",\"@id\":\"https:\/\/compuviper.mx\/tienda\/#\/schema\/logo\/image\/\",\"url\":\"https:\/\/compuviper.mx\/tienda\/wp-content\/uploads\/2021\/08\/Logo-Compuviper-10.png\",\"contentUrl\":\"https:\/\/compuviper.mx\/tienda\/wp-content\/uploads\/2021\/08\/Logo-Compuviper-10.png\",\"width\":1000,\"height\":500,\"caption\":\"Compuviper\"},\"image\":{\"@id\":\"https:\/\/compuviper.mx\/tienda\/#\/schema\/logo\/image\/\"},\"sameAs\":[\"https:\/\/www.facebook.com\/compuviper\",\"https:\/\/www.youtube.com\/channel\/UCf73dERp9Y3cfOq7q8BhLjA?view_as=subscriber\"]}]}<\/script>\n<meta property=\"product:brand\" content=\"TP LINK\" \/>\n<meta property=\"product:price:amount\" content=\"220\" \/>\n<meta property=\"product:price:currency\" content=\"MXN\" \/>\n<meta property=\"og:availability\" content=\"out of stock\" \/>\n<meta property=\"product:availability\" content=\"out of stock\" \/>\n<meta property=\"product:retailer_item_id\" content=\"TAPO T310\" \/>\n<meta property=\"product:condition\" content=\"new\" \/>\n<!-- \/ Yoast SEO plugin. -->","yoast_head_json":{"title":"[ Tp Link ] &#129351; Tapo T310 Sensor Tp-link Sensor De Temperatura Y Humedad Medicion Precisa Creacion De Informes Notificaciones Instantaneas Facil Instalacion 1 Requiere Hub H100","description":"Compra Tapo T310 Sensor Tp-link Sensor De Temperatura Y Humedad Medicion Precisa Creacion De Informes Notificaciones Instantaneas Facil Instalacion 1 Requiere Hub H100 + Env\u00edo a domicilio + Pago seguro + Garant\u00eda","robots":{"index":"index","follow":"follow","max-snippet":"max-snippet:-1","max-image-preview":"max-image-preview:large","max-video-preview":"max-video-preview:-1"},"canonical":"https:\/\/compuviper.mx\/tienda\/producto\/tp-link-tapo-t310-sensor-tp-link-sensor-de-temperatura-y-humedad-medicion-precisa-creacion-de-informes-notificaciones-instantaneas-facil-instalacion-1-requiere-hub-h100\/","og_locale":"es_MX","og_type":"article","og_title":"[ Tp Link ] &#129351; Tapo T310 Sensor Tp-link Sensor De Temperatura Y Humedad Medicion Precisa Creacion De Informes Notificaciones Instantaneas Facil Instalacion 1 Requiere Hub H100","og_description":"Compra Tapo T310 Sensor Tp-link Sensor De Temperatura Y Humedad Medicion Precisa Creacion De Informes Notificaciones Instantaneas Facil Instalacion 1 Requiere Hub H100 + Env\u00edo a domicilio + Pago seguro + Garant\u00eda","og_url":"https:\/\/compuviper.mx\/tienda\/producto\/tp-link-tapo-t310-sensor-tp-link-sensor-de-temperatura-y-humedad-medicion-precisa-creacion-de-informes-notificaciones-instantaneas-facil-instalacion-1-requiere-hub-h100\/","og_site_name":"Compuviper","article_publisher":"https:\/\/www.facebook.com\/compuviper","og_image":[{"width":200,"height":200,"url":"https:\/\/compuviper.mx\/tienda\/wp-content\/uploads\/2024\/05\/Sensor-tp-link-tapo-t310-sensor-de-temperatura-y-humedad-medicion-precisa-creacion-de-informes-notificaciones-instantaneas-facil-instalacion-1-requiere-hub-h100.jpg","type":"image\/jpeg"}],"twitter_card":"summary_large_image","twitter_misc":{"Precio":"&#36;220 con IVA","Availability":"Out of stock"},"schema":{"@context":"https:\/\/schema.org","@graph":[{"@type":"WebPage","@id":"https:\/\/compuviper.mx\/tienda\/producto\/tp-link-tapo-t310-sensor-tp-link-sensor-de-temperatura-y-humedad-medicion-precisa-creacion-de-informes-notificaciones-instantaneas-facil-instalacion-1-requiere-hub-h100\/","url":"https:\/\/compuviper.mx\/tienda\/producto\/tp-link-tapo-t310-sensor-tp-link-sensor-de-temperatura-y-humedad-medicion-precisa-creacion-de-informes-notificaciones-instantaneas-facil-instalacion-1-requiere-hub-h100\/","name":"[ Tp Link ] &#129351; Tapo T310 Sensor Tp-link Sensor De Temperatura Y Humedad Medicion Precisa Creacion De Informes Notificaciones Instantaneas Facil Instalacion 1 Requiere Hub H100","isPartOf":{"@id":"https:\/\/compuviper.mx\/tienda\/#website"},"datePublished":"2026-04-16T05:10:32+00:00","dateModified":"2026-04-16T05:10:32+00:00","description":"Compra Tapo T310 Sensor Tp-link Sensor De Temperatura Y Humedad Medicion Precisa Creacion De Informes Notificaciones Instantaneas Facil Instalacion 1 Requiere Hub H100 + Env\u00edo a domicilio + Pago seguro + Garant\u00eda","breadcrumb":{"@id":"https:\/\/compuviper.mx\/tienda\/producto\/tp-link-tapo-t310-sensor-tp-link-sensor-de-temperatura-y-humedad-medicion-precisa-creacion-de-informes-notificaciones-instantaneas-facil-instalacion-1-requiere-hub-h100\/#breadcrumb"},"inLanguage":"es-MX","potentialAction":[{"@type":"ReadAction","target":["https:\/\/compuviper.mx\/tienda\/producto\/tp-link-tapo-t310-sensor-tp-link-sensor-de-temperatura-y-humedad-medicion-precisa-creacion-de-informes-notificaciones-instantaneas-facil-instalacion-1-requiere-hub-h100\/"]}]},{"@type":"BreadcrumbList","@id":"https:\/\/compuviper.mx\/tienda\/producto\/tp-link-tapo-t310-sensor-tp-link-sensor-de-temperatura-y-humedad-medicion-precisa-creacion-de-informes-notificaciones-instantaneas-facil-instalacion-1-requiere-hub-h100\/#breadcrumb","itemListElement":[{"@type":"ListItem","position":1,"name":"Inicio","item":"https:\/\/compuviper.mx\/tienda\/"},{"@type":"ListItem","position":2,"name":"Productos","item":"https:\/\/compuviper.mx\/tienda\/productos\/"},{"@type":"ListItem","position":3,"name":"Smart Home","item":"https:\/\/compuviper.mx\/tienda\/categoria-producto\/smart-home\/"},{"@type":"ListItem","position":4,"name":"Home Automations","item":"https:\/\/compuviper.mx\/tienda\/categoria-producto\/smart-home\/home-automations\/"},{"@type":"ListItem","position":5,"name":"Tp Link Tapo T310 Sensor Tp-link Sensor De Temperatura Y Humedad Medicion Precisa Creacion De Informes Notificaciones Instantaneas Facil Instalacion 1 Requiere Hub H100"}]},{"@type":"WebSite","@id":"https:\/\/compuviper.mx\/tienda\/#website","url":"https:\/\/compuviper.mx\/tienda\/","name":"Compuviper","description":"Proveedor de Computadoras, Laptops, Servidores, Monitores, Puntos de Venta, Teclados,   Impresoras, T\u00f3ner, C\u00e1maras de Seguridad y m\u00e1s en tu tienda en l\u00ednea","publisher":{"@id":"https:\/\/compuviper.mx\/tienda\/#organization"},"potentialAction":[{"@type":"SearchAction","target":{"@type":"EntryPoint","urlTemplate":"https:\/\/compuviper.mx\/tienda\/?s={search_term_string}"},"query-input":"required name=search_term_string"}],"inLanguage":"es-MX"},{"@type":"Organization","@id":"https:\/\/compuviper.mx\/tienda\/#organization","name":"Compuviper","url":"https:\/\/compuviper.mx\/tienda\/","logo":{"@type":"ImageObject","inLanguage":"es-MX","@id":"https:\/\/compuviper.mx\/tienda\/#\/schema\/logo\/image\/","url":"https:\/\/compuviper.mx\/tienda\/wp-content\/uploads\/2021\/08\/Logo-Compuviper-10.png","contentUrl":"https:\/\/compuviper.mx\/tienda\/wp-content\/uploads\/2021\/08\/Logo-Compuviper-10.png","width":1000,"height":500,"caption":"Compuviper"},"image":{"@id":"https:\/\/compuviper.mx\/tienda\/#\/schema\/logo\/image\/"},"sameAs":["https:\/\/www.facebook.com\/compuviper","https:\/\/www.youtube.com\/channel\/UCf73dERp9Y3cfOq7q8BhLjA?view_as=subscriber"]}]},"product_brand":"TP LINK","product_price_amount":"220","product_price_currency":"MXN","og_availability":"out of stock","product_availability":"out of stock","product_retailer_item_id":"TAPO T310","product_condition":"new"},"_links":{"self":[{"href":"https:\/\/compuviper.mx\/tienda\/wp-json\/wp\/v2\/product\/229356"}],"collection":[{"href":"https:\/\/compuviper.mx\/tienda\/wp-json\/wp\/v2\/product"}],"about":[{"href":"https:\/\/compuviper.mx\/tienda\/wp-json\/wp\/v2\/types\/product"}],"replies":[{"embeddable":true,"href":"https:\/\/compuviper.mx\/tienda\/wp-json\/wp\/v2\/comments?post=229356"}],"wp:featuredmedia":[{"embeddable":true,"href":"https:\/\/compuviper.mx\/tienda\/wp-json\/wp\/v2\/media\/233675"}],"wp:attachment":[{"href":"https:\/\/compuviper.mx\/tienda\/wp-json\/wp\/v2\/media?parent=229356"}],"wp:term":[{"taxonomy":"product_cat","embeddable":true,"href":"https:\/\/compuviper.mx\/tienda\/wp-json\/wp\/v2\/product_cat?post=229356"},{"taxonomy":"product_tag","embeddable":true,"href":"https:\/\/compuviper.mx\/tienda\/wp-json\/wp\/v2\/product_tag?post=229356"}],"curies":[{"name":"wp","href":"https:\/\/api.w.org\/{rel}","templated":true}]}}