{"id":229354,"date":"2026-04-01T23:11:38","date_gmt":"2026-04-02T05:11:38","guid":{"rendered":"https:\/\/compuviper.mx\/tienda\/producto\/tp-link-tl-sm331t-modulo-sfp-tp-link-plug-and-play-chasis-metalico-transmite-datos-sin-problemas-hasta-100-metros-entre-tu-interfaz-sfp-y-el-puerto-gigabit-de-cobre\/"},"modified":"2026-04-01T23:11:38","modified_gmt":"2026-04-02T05:11:38","slug":"tp-link-tl-sm331tsm331t-modulo-minigibic-transceiver-sfp-tp-link-tl-sm331t-plug-and-play-chasis-metalico-transmite-datos-sin-problemas-hasta-100-metros-entre-tu-interfaz-sfp-y-el-puerto-gigabit-de","status":"publish","type":"product","link":"https:\/\/compuviper.mx\/tienda\/producto\/tp-link-tl-sm331tsm331t-modulo-minigibic-transceiver-sfp-tp-link-tl-sm331t-plug-and-play-chasis-metalico-transmite-datos-sin-problemas-hasta-100-metros-entre-tu-interfaz-sfp-y-el-puerto-gigabit-de\/","title":{"rendered":"Tp Link Tl-sm331t,sm331t Modulo, Minigibic, Transceiver, Sfp Tp.link Tl-sm331t Plug And Play Chasis Metalico Transmite Datos Sin Problemas Hasta 100 Metros Entre Tu Interfaz Sfp Y El Puerto Gigabit De Cobre"},"content":{"rendered":"<table class=\"descripcion\">\n<tr>\n<td>Contenidos del paquete<\/td>\n<\/tr>\n<tr>\n<td>Contenidos del paquete \u0095 m\u00f3dulo sfp 1000base-t rj45 tl-sm331t<\/td>\n<\/tr>\n<tr>\n<td>\u0095 gu\u00eda de instalaci\u00f3n<\/td>\n<\/tr>\n<tr>\n<td>Caracter\u00edsticas de hardware<\/td>\n<\/tr>\n<tr>\n<td>Intercambiables en caliente si<\/td>\n<\/tr>\n<tr>\n<td>Convertidor de medios y m\u00f3dulo<\/td>\n<\/tr>\n<tr>\n<td>Dimensiones (w*d*h) 2.7*0.5*0.5 in (67.4*13.75*13.8 mm)<\/td>\n<\/tr>\n<tr>\n<td>Transceptor<\/td>\n<\/tr>\n<tr>\n<td>Est\u00e1ndares y protocolos ieee 802.3-2002<\/td>\n<\/tr>\n<tr>\n<td>Fuente de alimentaci\u00f3n 3.3v<\/td>\n<\/tr>\n<tr>\n<td>Longitud m\u00e1xima de cable 100 m (cat 5e o superior)<\/td>\n<\/tr>\n<tr>\n<td>Tasa de datos 1.25 gbps<\/td>\n<\/tr>\n<tr>\n<td>Tipo de puerto 1 puerto rj45 de 1000 mbps<\/td>\n<\/tr>\n<tr>\n<td>Seguridad y emisiones fcc, ce<\/td>\n<\/tr>\n<tr>\n<td>Factores ambientales temperatura de funcionamiento: 0\u009670  and #8451; (32\u0096158  and #8457;)<\/td>\n<\/tr>\n<tr>\n<td>Temperatura de almacenamiento: -40\u009685  and #8451; (-40\u0096185  and #8457;)<\/td>\n<\/tr>\n<\/table>\n","protected":false},"excerpt":{"rendered":"<p>Tl-sm331t. M\u00f3dulo sfp 1000base-t rj45. \u0095 compatible con el funcionamiento 1000base-t en sistemas host. \u0095 compatibilidad con la funci\u00f3n de desactivaci\u00f3n tx. \u0095 para un alcance de 100 m* sobre cable utp cat 5e o superior. \u0095 caracter\u00edsticas de la huella sfp con conexi\u00f3n en caliente. \u0095 rango de temperatura de funcionamiento del producto comercial: 0-70\u00b0c. \u0095 cumple con el est\u00e1ndar ieee std 802.3-2002. \u0095 recubrimiento completamente met\u00e1lico para baja emisi\u00f3n electromagn\u00e9tica (emi. \u0095 baja disipaci\u00f3n de energ\u00eda (0.5 w en promedio, 0.8 w m\u00e1ximo)<\/p>\n","protected":false},"featured_media":233673,"comment_status":"open","ping_status":"open","template":"","meta":[],"product_cat":[1485,1581],"product_tag":[1562],"acf":[],"yoast_head":"<!-- This site is optimized with the Yoast SEO plugin v21.7 - https:\/\/yoast.com\/wordpress\/plugins\/seo\/ -->\n<title>[ Tp Link ] &#129351; Tl-sm331t,sm331t Modulo, Minigibic, Transceiver, Sfp Tp.link Tl-sm331t Plug And Play Chasis Metalico Transmite Datos Sin Problemas Hasta 100 Metros Entre Tu Interfaz Sfp Y El Puerto Gigabit De Cobre<\/title>\n<meta name=\"description\" content=\"Compra Tl-sm331t,sm331t Modulo, Minigibic, Transceiver, Sfp Tp.link Tl-sm331t Plug And Play Chasis Metalico Transmite Datos Sin Problemas Hasta 100 Metros Entre Tu Interfaz Sfp Y El Puerto Gigabit De Cobre + Env\u00edo a domicilio + Pago seguro + Garant\u00eda\" \/>\n<meta name=\"robots\" content=\"index, follow, max-snippet:-1, max-image-preview:large, max-video-preview:-1\" \/>\n<link rel=\"canonical\" href=\"https:\/\/compuviper.mx\/tienda\/producto\/tp-link-tl-sm331tsm331t-modulo-minigibic-transceiver-sfp-tp-link-tl-sm331t-plug-and-play-chasis-metalico-transmite-datos-sin-problemas-hasta-100-metros-entre-tu-interfaz-sfp-y-el-puerto-gigabit-de\/\" \/>\n<meta property=\"og:locale\" content=\"es_MX\" \/>\n<meta property=\"og:type\" content=\"article\" \/>\n<meta property=\"og:title\" content=\"[ Tp Link ] &#129351; Tl-sm331t,sm331t Modulo, Minigibic, Transceiver, Sfp Tp.link Tl-sm331t Plug And Play Chasis Metalico Transmite Datos Sin Problemas Hasta 100 Metros Entre Tu Interfaz Sfp Y El Puerto Gigabit De Cobre\" \/>\n<meta property=\"og:description\" content=\"Compra Tl-sm331t,sm331t Modulo, Minigibic, Transceiver, Sfp Tp.link Tl-sm331t Plug And Play Chasis Metalico Transmite Datos Sin Problemas Hasta 100 Metros Entre Tu Interfaz Sfp Y El Puerto Gigabit De Cobre + Env\u00edo a domicilio + Pago seguro + Garant\u00eda\" \/>\n<meta property=\"og:url\" content=\"https:\/\/compuviper.mx\/tienda\/producto\/tp-link-tl-sm331tsm331t-modulo-minigibic-transceiver-sfp-tp-link-tl-sm331t-plug-and-play-chasis-metalico-transmite-datos-sin-problemas-hasta-100-metros-entre-tu-interfaz-sfp-y-el-puerto-gigabit-de\/\" \/>\n<meta property=\"og:site_name\" content=\"Compuviper\" \/>\n<meta property=\"article:publisher\" content=\"https:\/\/www.facebook.com\/compuviper\" \/>\n<meta property=\"og:image\" content=\"https:\/\/compuviper.mx\/tienda\/wp-content\/uploads\/2024\/05\/Modulo-sfp-tp.link-tl-sm331t-plug-and-play-chasis-metalico-transmite-datos-sin-problemas-hasta-100-metros-entre-tu-interfaz-sfp-y-el-puerto-gigabit-de-cobre.jpg\" \/>\n\t<meta property=\"og:image:width\" content=\"200\" \/>\n\t<meta property=\"og:image:height\" content=\"200\" \/>\n\t<meta property=\"og:image:type\" content=\"image\/jpeg\" \/>\n<meta name=\"twitter:card\" content=\"summary_large_image\" \/>\n<meta name=\"twitter:label1\" content=\"Precio\" \/>\n\t<meta name=\"twitter:data1\" content=\"&#36;289 con IVA\" \/>\n\t<meta name=\"twitter:label2\" content=\"Availability\" \/>\n\t<meta name=\"twitter:data2\" content=\"In stock\" \/>\n<script type=\"application\/ld+json\" class=\"yoast-schema-graph\">{\"@context\":\"https:\/\/schema.org\",\"@graph\":[{\"@type\":\"WebPage\",\"@id\":\"https:\/\/compuviper.mx\/tienda\/producto\/tp-link-tl-sm331tsm331t-modulo-minigibic-transceiver-sfp-tp-link-tl-sm331t-plug-and-play-chasis-metalico-transmite-datos-sin-problemas-hasta-100-metros-entre-tu-interfaz-sfp-y-el-puerto-gigabit-de\/\",\"url\":\"https:\/\/compuviper.mx\/tienda\/producto\/tp-link-tl-sm331tsm331t-modulo-minigibic-transceiver-sfp-tp-link-tl-sm331t-plug-and-play-chasis-metalico-transmite-datos-sin-problemas-hasta-100-metros-entre-tu-interfaz-sfp-y-el-puerto-gigabit-de\/\",\"name\":\"[ Tp Link ] &#129351; Tl-sm331t,sm331t Modulo, Minigibic, Transceiver, Sfp Tp.link Tl-sm331t Plug And Play Chasis Metalico Transmite Datos Sin Problemas Hasta 100 Metros Entre Tu Interfaz Sfp Y El Puerto Gigabit De Cobre\",\"isPartOf\":{\"@id\":\"https:\/\/compuviper.mx\/tienda\/#website\"},\"datePublished\":\"2026-04-02T05:11:38+00:00\",\"dateModified\":\"2026-04-02T05:11:38+00:00\",\"description\":\"Compra Tl-sm331t,sm331t Modulo, Minigibic, Transceiver, Sfp Tp.link Tl-sm331t Plug And Play Chasis Metalico Transmite Datos Sin Problemas Hasta 100 Metros Entre Tu Interfaz Sfp Y El Puerto Gigabit De Cobre + Env\u00edo a domicilio + Pago seguro + Garant\u00eda\",\"breadcrumb\":{\"@id\":\"https:\/\/compuviper.mx\/tienda\/producto\/tp-link-tl-sm331tsm331t-modulo-minigibic-transceiver-sfp-tp-link-tl-sm331t-plug-and-play-chasis-metalico-transmite-datos-sin-problemas-hasta-100-metros-entre-tu-interfaz-sfp-y-el-puerto-gigabit-de\/#breadcrumb\"},\"inLanguage\":\"es-MX\",\"potentialAction\":[{\"@type\":\"ReadAction\",\"target\":[\"https:\/\/compuviper.mx\/tienda\/producto\/tp-link-tl-sm331tsm331t-modulo-minigibic-transceiver-sfp-tp-link-tl-sm331t-plug-and-play-chasis-metalico-transmite-datos-sin-problemas-hasta-100-metros-entre-tu-interfaz-sfp-y-el-puerto-gigabit-de\/\"]}]},{\"@type\":\"BreadcrumbList\",\"@id\":\"https:\/\/compuviper.mx\/tienda\/producto\/tp-link-tl-sm331tsm331t-modulo-minigibic-transceiver-sfp-tp-link-tl-sm331t-plug-and-play-chasis-metalico-transmite-datos-sin-problemas-hasta-100-metros-entre-tu-interfaz-sfp-y-el-puerto-gigabit-de\/#breadcrumb\",\"itemListElement\":[{\"@type\":\"ListItem\",\"position\":1,\"name\":\"Inicio\",\"item\":\"https:\/\/compuviper.mx\/tienda\/\"},{\"@type\":\"ListItem\",\"position\":2,\"name\":\"Productos\",\"item\":\"https:\/\/compuviper.mx\/tienda\/productos\/\"},{\"@type\":\"ListItem\",\"position\":3,\"name\":\"Accesorios\",\"item\":\"https:\/\/compuviper.mx\/tienda\/categoria-producto\/accesorios\/\"},{\"@type\":\"ListItem\",\"position\":4,\"name\":\"Redes\",\"item\":\"https:\/\/compuviper.mx\/tienda\/categoria-producto\/accesorios\/redes-accesorios\/\"},{\"@type\":\"ListItem\",\"position\":5,\"name\":\"Tp Link Tl-sm331t,sm331t Modulo, Minigibic, Transceiver, Sfp Tp.link Tl-sm331t Plug And Play Chasis Metalico Transmite Datos Sin Problemas Hasta 100 Metros Entre Tu Interfaz Sfp Y El Puerto Gigabit De Cobre\"}]},{\"@type\":\"WebSite\",\"@id\":\"https:\/\/compuviper.mx\/tienda\/#website\",\"url\":\"https:\/\/compuviper.mx\/tienda\/\",\"name\":\"Compuviper\",\"description\":\"Proveedor de Computadoras, Laptops, Servidores, Monitores, Puntos de Venta, Teclados,   Impresoras, T\u00f3ner, C\u00e1maras de Seguridad y m\u00e1s en tu tienda en l\u00ednea\",\"publisher\":{\"@id\":\"https:\/\/compuviper.mx\/tienda\/#organization\"},\"potentialAction\":[{\"@type\":\"SearchAction\",\"target\":{\"@type\":\"EntryPoint\",\"urlTemplate\":\"https:\/\/compuviper.mx\/tienda\/?s={search_term_string}\"},\"query-input\":\"required name=search_term_string\"}],\"inLanguage\":\"es-MX\"},{\"@type\":\"Organization\",\"@id\":\"https:\/\/compuviper.mx\/tienda\/#organization\",\"name\":\"Compuviper\",\"url\":\"https:\/\/compuviper.mx\/tienda\/\",\"logo\":{\"@type\":\"ImageObject\",\"inLanguage\":\"es-MX\",\"@id\":\"https:\/\/compuviper.mx\/tienda\/#\/schema\/logo\/image\/\",\"url\":\"https:\/\/compuviper.mx\/tienda\/wp-content\/uploads\/2021\/08\/Logo-Compuviper-10.png\",\"contentUrl\":\"https:\/\/compuviper.mx\/tienda\/wp-content\/uploads\/2021\/08\/Logo-Compuviper-10.png\",\"width\":1000,\"height\":500,\"caption\":\"Compuviper\"},\"image\":{\"@id\":\"https:\/\/compuviper.mx\/tienda\/#\/schema\/logo\/image\/\"},\"sameAs\":[\"https:\/\/www.facebook.com\/compuviper\",\"https:\/\/www.youtube.com\/channel\/UCf73dERp9Y3cfOq7q8BhLjA?view_as=subscriber\"]}]}<\/script>\n<meta property=\"product:brand\" content=\"TP LINK\" \/>\n<meta property=\"product:price:amount\" content=\"289\" \/>\n<meta property=\"product:price:currency\" content=\"MXN\" \/>\n<meta property=\"og:availability\" content=\"instock\" \/>\n<meta property=\"product:availability\" content=\"instock\" \/>\n<meta property=\"product:retailer_item_id\" content=\"TL-SM331T,SM331T\" \/>\n<meta property=\"product:condition\" content=\"new\" \/>\n<!-- \/ Yoast SEO plugin. -->","yoast_head_json":{"title":"[ Tp Link ] &#129351; Tl-sm331t,sm331t Modulo, Minigibic, Transceiver, Sfp Tp.link Tl-sm331t Plug And Play Chasis Metalico Transmite Datos Sin Problemas Hasta 100 Metros Entre Tu Interfaz Sfp Y El Puerto Gigabit De Cobre","description":"Compra Tl-sm331t,sm331t Modulo, Minigibic, Transceiver, Sfp Tp.link Tl-sm331t Plug And Play Chasis Metalico Transmite Datos Sin Problemas Hasta 100 Metros Entre Tu Interfaz Sfp Y El Puerto Gigabit De Cobre + Env\u00edo a domicilio + Pago seguro + Garant\u00eda","robots":{"index":"index","follow":"follow","max-snippet":"max-snippet:-1","max-image-preview":"max-image-preview:large","max-video-preview":"max-video-preview:-1"},"canonical":"https:\/\/compuviper.mx\/tienda\/producto\/tp-link-tl-sm331tsm331t-modulo-minigibic-transceiver-sfp-tp-link-tl-sm331t-plug-and-play-chasis-metalico-transmite-datos-sin-problemas-hasta-100-metros-entre-tu-interfaz-sfp-y-el-puerto-gigabit-de\/","og_locale":"es_MX","og_type":"article","og_title":"[ Tp Link ] &#129351; Tl-sm331t,sm331t Modulo, Minigibic, Transceiver, Sfp Tp.link Tl-sm331t Plug And Play Chasis Metalico Transmite Datos Sin Problemas Hasta 100 Metros Entre Tu Interfaz Sfp Y El Puerto Gigabit De Cobre","og_description":"Compra Tl-sm331t,sm331t Modulo, Minigibic, Transceiver, Sfp Tp.link Tl-sm331t Plug And Play Chasis Metalico Transmite Datos Sin Problemas Hasta 100 Metros Entre Tu Interfaz Sfp Y El Puerto Gigabit De Cobre + Env\u00edo a domicilio + Pago seguro + Garant\u00eda","og_url":"https:\/\/compuviper.mx\/tienda\/producto\/tp-link-tl-sm331tsm331t-modulo-minigibic-transceiver-sfp-tp-link-tl-sm331t-plug-and-play-chasis-metalico-transmite-datos-sin-problemas-hasta-100-metros-entre-tu-interfaz-sfp-y-el-puerto-gigabit-de\/","og_site_name":"Compuviper","article_publisher":"https:\/\/www.facebook.com\/compuviper","og_image":[{"width":200,"height":200,"url":"https:\/\/compuviper.mx\/tienda\/wp-content\/uploads\/2024\/05\/Modulo-sfp-tp.link-tl-sm331t-plug-and-play-chasis-metalico-transmite-datos-sin-problemas-hasta-100-metros-entre-tu-interfaz-sfp-y-el-puerto-gigabit-de-cobre.jpg","type":"image\/jpeg"}],"twitter_card":"summary_large_image","twitter_misc":{"Precio":"&#36;289 con IVA","Availability":"In stock"},"schema":{"@context":"https:\/\/schema.org","@graph":[{"@type":"WebPage","@id":"https:\/\/compuviper.mx\/tienda\/producto\/tp-link-tl-sm331tsm331t-modulo-minigibic-transceiver-sfp-tp-link-tl-sm331t-plug-and-play-chasis-metalico-transmite-datos-sin-problemas-hasta-100-metros-entre-tu-interfaz-sfp-y-el-puerto-gigabit-de\/","url":"https:\/\/compuviper.mx\/tienda\/producto\/tp-link-tl-sm331tsm331t-modulo-minigibic-transceiver-sfp-tp-link-tl-sm331t-plug-and-play-chasis-metalico-transmite-datos-sin-problemas-hasta-100-metros-entre-tu-interfaz-sfp-y-el-puerto-gigabit-de\/","name":"[ Tp Link ] &#129351; Tl-sm331t,sm331t Modulo, Minigibic, Transceiver, Sfp Tp.link Tl-sm331t Plug And Play Chasis Metalico Transmite Datos Sin Problemas Hasta 100 Metros Entre Tu Interfaz Sfp Y El Puerto Gigabit De Cobre","isPartOf":{"@id":"https:\/\/compuviper.mx\/tienda\/#website"},"datePublished":"2026-04-02T05:11:38+00:00","dateModified":"2026-04-02T05:11:38+00:00","description":"Compra Tl-sm331t,sm331t Modulo, Minigibic, Transceiver, Sfp Tp.link Tl-sm331t Plug And Play Chasis Metalico Transmite Datos Sin Problemas Hasta 100 Metros Entre Tu Interfaz Sfp Y El Puerto Gigabit De Cobre + Env\u00edo a domicilio + Pago seguro + Garant\u00eda","breadcrumb":{"@id":"https:\/\/compuviper.mx\/tienda\/producto\/tp-link-tl-sm331tsm331t-modulo-minigibic-transceiver-sfp-tp-link-tl-sm331t-plug-and-play-chasis-metalico-transmite-datos-sin-problemas-hasta-100-metros-entre-tu-interfaz-sfp-y-el-puerto-gigabit-de\/#breadcrumb"},"inLanguage":"es-MX","potentialAction":[{"@type":"ReadAction","target":["https:\/\/compuviper.mx\/tienda\/producto\/tp-link-tl-sm331tsm331t-modulo-minigibic-transceiver-sfp-tp-link-tl-sm331t-plug-and-play-chasis-metalico-transmite-datos-sin-problemas-hasta-100-metros-entre-tu-interfaz-sfp-y-el-puerto-gigabit-de\/"]}]},{"@type":"BreadcrumbList","@id":"https:\/\/compuviper.mx\/tienda\/producto\/tp-link-tl-sm331tsm331t-modulo-minigibic-transceiver-sfp-tp-link-tl-sm331t-plug-and-play-chasis-metalico-transmite-datos-sin-problemas-hasta-100-metros-entre-tu-interfaz-sfp-y-el-puerto-gigabit-de\/#breadcrumb","itemListElement":[{"@type":"ListItem","position":1,"name":"Inicio","item":"https:\/\/compuviper.mx\/tienda\/"},{"@type":"ListItem","position":2,"name":"Productos","item":"https:\/\/compuviper.mx\/tienda\/productos\/"},{"@type":"ListItem","position":3,"name":"Accesorios","item":"https:\/\/compuviper.mx\/tienda\/categoria-producto\/accesorios\/"},{"@type":"ListItem","position":4,"name":"Redes","item":"https:\/\/compuviper.mx\/tienda\/categoria-producto\/accesorios\/redes-accesorios\/"},{"@type":"ListItem","position":5,"name":"Tp Link Tl-sm331t,sm331t Modulo, Minigibic, Transceiver, Sfp Tp.link Tl-sm331t Plug And Play Chasis Metalico Transmite Datos Sin Problemas Hasta 100 Metros Entre Tu Interfaz Sfp Y El Puerto Gigabit De Cobre"}]},{"@type":"WebSite","@id":"https:\/\/compuviper.mx\/tienda\/#website","url":"https:\/\/compuviper.mx\/tienda\/","name":"Compuviper","description":"Proveedor de Computadoras, Laptops, Servidores, Monitores, Puntos de Venta, Teclados,   Impresoras, T\u00f3ner, C\u00e1maras de Seguridad y m\u00e1s en tu tienda en l\u00ednea","publisher":{"@id":"https:\/\/compuviper.mx\/tienda\/#organization"},"potentialAction":[{"@type":"SearchAction","target":{"@type":"EntryPoint","urlTemplate":"https:\/\/compuviper.mx\/tienda\/?s={search_term_string}"},"query-input":"required name=search_term_string"}],"inLanguage":"es-MX"},{"@type":"Organization","@id":"https:\/\/compuviper.mx\/tienda\/#organization","name":"Compuviper","url":"https:\/\/compuviper.mx\/tienda\/","logo":{"@type":"ImageObject","inLanguage":"es-MX","@id":"https:\/\/compuviper.mx\/tienda\/#\/schema\/logo\/image\/","url":"https:\/\/compuviper.mx\/tienda\/wp-content\/uploads\/2021\/08\/Logo-Compuviper-10.png","contentUrl":"https:\/\/compuviper.mx\/tienda\/wp-content\/uploads\/2021\/08\/Logo-Compuviper-10.png","width":1000,"height":500,"caption":"Compuviper"},"image":{"@id":"https:\/\/compuviper.mx\/tienda\/#\/schema\/logo\/image\/"},"sameAs":["https:\/\/www.facebook.com\/compuviper","https:\/\/www.youtube.com\/channel\/UCf73dERp9Y3cfOq7q8BhLjA?view_as=subscriber"]}]},"product_brand":"TP LINK","product_price_amount":"289","product_price_currency":"MXN","og_availability":"instock","product_availability":"instock","product_retailer_item_id":"TL-SM331T,SM331T","product_condition":"new"},"_links":{"self":[{"href":"https:\/\/compuviper.mx\/tienda\/wp-json\/wp\/v2\/product\/229354"}],"collection":[{"href":"https:\/\/compuviper.mx\/tienda\/wp-json\/wp\/v2\/product"}],"about":[{"href":"https:\/\/compuviper.mx\/tienda\/wp-json\/wp\/v2\/types\/product"}],"replies":[{"embeddable":true,"href":"https:\/\/compuviper.mx\/tienda\/wp-json\/wp\/v2\/comments?post=229354"}],"wp:featuredmedia":[{"embeddable":true,"href":"https:\/\/compuviper.mx\/tienda\/wp-json\/wp\/v2\/media\/233673"}],"wp:attachment":[{"href":"https:\/\/compuviper.mx\/tienda\/wp-json\/wp\/v2\/media?parent=229354"}],"wp:term":[{"taxonomy":"product_cat","embeddable":true,"href":"https:\/\/compuviper.mx\/tienda\/wp-json\/wp\/v2\/product_cat?post=229354"},{"taxonomy":"product_tag","embeddable":true,"href":"https:\/\/compuviper.mx\/tienda\/wp-json\/wp\/v2\/product_tag?post=229354"}],"curies":[{"name":"wp","href":"https:\/\/api.w.org\/{rel}","templated":true}]}}