{"id":229347,"date":"2026-04-02T23:06:19","date_gmt":"2026-04-03T05:06:19","guid":{"rendered":"https:\/\/compuviper.mx\/tienda\/producto\/acteck-ac-936163-base-enfriadora-froost-max-b480-2-puertos-usb-16-pulgadas-ajustable-a-7-niveles-6-ventiladores-aluminio-antiderrapante\/"},"modified":"2026-04-02T23:06:19","modified_gmt":"2026-04-03T05:06:19","slug":"acteck-ac-9361637506215936163-base-enfriadora-froost-max-b480-2-puertos-usb-16-pulgadas-7-niveles-6-ventiladores-10-w-rms-aluminio-antiderrapante-blanco-ac-936163","status":"publish","type":"product","link":"https:\/\/compuviper.mx\/tienda\/producto\/acteck-ac-9361637506215936163-base-enfriadora-froost-max-b480-2-puertos-usb-16-pulgadas-7-niveles-6-ventiladores-10-w-rms-aluminio-antiderrapante-blanco-ac-936163\/","title":{"rendered":"Acteck Ac-936163,7506215936163 Base Enfriadora  Froost Max B480 \/ 2 Puertos Usb \/ 16 Pulgadas \/ 7 Niveles \/ 6 Ventiladores 10 W Rms \/ Aluminio \/ Antiderrapante \/ Blanco \/ Ac-936163"},"content":{"rendered":"<table class=\"descripcion\">\n<tr>\n<td>Especificaciones<\/td>\n<\/tr>\n<tr>\n<td>*producto: base enfriadora<\/td>\n<\/tr>\n<tr>\n<td>*modelo: ac-936163<\/td>\n<\/tr>\n<tr>\n<td>*material: abs + aluminio<\/td>\n<\/tr>\n<tr>\n<td>*dimensiones: 350 x 255 x 28 mm<\/td>\n<\/tr>\n<tr>\n<td>*peso: 0.750 g<\/td>\n<\/tr>\n<tr>\n<td>*compatibilidad: laptops 16 pulgadas<\/td>\n<\/tr>\n<tr>\n<td>*ventiladore (s): 6 pz 60 x 15 mm<\/td>\n<\/tr>\n<tr>\n<td>*velocidad de los ventiladores: 2500 rpm<\/td>\n<\/tr>\n<tr>\n<td>*flujo de aire: 74 cfm<\/td>\n<\/tr>\n<tr>\n<td>*ruido: 25-26 db<\/td>\n<\/tr>\n<tr>\n<td>*ajuste de velocidad: gradual con perilla<\/td>\n<\/tr>\n<tr>\n<td>*puertos: 2x usb<\/td>\n<\/tr>\n<tr>\n<td>*cable alimentador: usb a<\/td>\n<\/tr>\n<tr>\n<td>*ajustes de altura: 7 ajustes<\/td>\n<\/tr>\n<\/table>\n","protected":false},"excerpt":{"rendered":"<p>Base enfriadora acteck froost max b480 \/ 2 puertos usb \/ 16 pulgadas \/ ajustable a 7 niveles \/ 6 ventiladores \/ aluminio \/ antiderrapante \/ ac-936163<\/p>\n","protected":false},"featured_media":233666,"comment_status":"open","ping_status":"open","template":"","meta":[],"product_cat":[1485,1486],"product_tag":[1582],"acf":[],"yoast_head":"<!-- This site is optimized with the Yoast SEO plugin v21.7 - https:\/\/yoast.com\/wordpress\/plugins\/seo\/ -->\n<title>[ Acteck ] &#129351; Ac-936163,7506215936163 Base Enfriadora Froost Max B480 \/ 2 Puertos Usb \/ 16 Pulgadas \/ 7 Niveles \/ 6 Ventiladores 10 W Rms \/ Aluminio \/ Antiderrapante \/ Blanco \/ Ac-936163<\/title>\n<meta name=\"description\" content=\"Compra Ac-936163,7506215936163 Base Enfriadora Froost Max B480 \/ 2 Puertos Usb \/ 16 Pulgadas \/ 7 Niveles \/ 6 Ventiladores 10 W Rms \/ Aluminio \/ Antiderrapante \/ Blanco \/ Ac-936163 + Env\u00edo a domicilio + Pago seguro + Garant\u00eda\" \/>\n<meta name=\"robots\" content=\"index, follow, max-snippet:-1, max-image-preview:large, max-video-preview:-1\" \/>\n<link rel=\"canonical\" href=\"https:\/\/compuviper.mx\/tienda\/producto\/acteck-ac-9361637506215936163-base-enfriadora-froost-max-b480-2-puertos-usb-16-pulgadas-7-niveles-6-ventiladores-10-w-rms-aluminio-antiderrapante-blanco-ac-936163\/\" \/>\n<meta property=\"og:locale\" content=\"es_MX\" \/>\n<meta property=\"og:type\" content=\"article\" \/>\n<meta property=\"og:title\" content=\"[ Acteck ] &#129351; Ac-936163,7506215936163 Base Enfriadora Froost Max B480 \/ 2 Puertos Usb \/ 16 Pulgadas \/ 7 Niveles \/ 6 Ventiladores 10 W Rms \/ Aluminio \/ Antiderrapante \/ Blanco \/ Ac-936163\" \/>\n<meta property=\"og:description\" content=\"Compra Ac-936163,7506215936163 Base Enfriadora Froost Max B480 \/ 2 Puertos Usb \/ 16 Pulgadas \/ 7 Niveles \/ 6 Ventiladores 10 W Rms \/ Aluminio \/ Antiderrapante \/ Blanco \/ Ac-936163 + Env\u00edo a domicilio + Pago seguro + Garant\u00eda\" \/>\n<meta property=\"og:url\" content=\"https:\/\/compuviper.mx\/tienda\/producto\/acteck-ac-9361637506215936163-base-enfriadora-froost-max-b480-2-puertos-usb-16-pulgadas-7-niveles-6-ventiladores-10-w-rms-aluminio-antiderrapante-blanco-ac-936163\/\" \/>\n<meta property=\"og:site_name\" content=\"Compuviper\" \/>\n<meta property=\"article:publisher\" content=\"https:\/\/www.facebook.com\/compuviper\" \/>\n<meta property=\"og:image\" content=\"https:\/\/compuviper.mx\/tienda\/wp-content\/uploads\/2024\/05\/Base-enfriadora-acteck-froost-max-b480-2-puertos-usb-16-pulgadas-7-niveles-6-ventiladores-10-w-rms-aluminio-antiderrapante-blanco-ac-936163.jpg\" \/>\n\t<meta property=\"og:image:width\" content=\"200\" \/>\n\t<meta property=\"og:image:height\" content=\"200\" \/>\n\t<meta property=\"og:image:type\" content=\"image\/jpeg\" \/>\n<meta name=\"twitter:card\" content=\"summary_large_image\" \/>\n<meta name=\"twitter:label1\" content=\"Precio\" \/>\n\t<meta name=\"twitter:data1\" content=\"&#36;260 con IVA\" \/>\n\t<meta name=\"twitter:label2\" content=\"Availability\" \/>\n\t<meta name=\"twitter:data2\" content=\"In stock\" \/>\n<script type=\"application\/ld+json\" class=\"yoast-schema-graph\">{\"@context\":\"https:\/\/schema.org\",\"@graph\":[{\"@type\":\"WebPage\",\"@id\":\"https:\/\/compuviper.mx\/tienda\/producto\/acteck-ac-9361637506215936163-base-enfriadora-froost-max-b480-2-puertos-usb-16-pulgadas-7-niveles-6-ventiladores-10-w-rms-aluminio-antiderrapante-blanco-ac-936163\/\",\"url\":\"https:\/\/compuviper.mx\/tienda\/producto\/acteck-ac-9361637506215936163-base-enfriadora-froost-max-b480-2-puertos-usb-16-pulgadas-7-niveles-6-ventiladores-10-w-rms-aluminio-antiderrapante-blanco-ac-936163\/\",\"name\":\"[ Acteck ] &#129351; Ac-936163,7506215936163 Base Enfriadora Froost Max B480 \/ 2 Puertos Usb \/ 16 Pulgadas \/ 7 Niveles \/ 6 Ventiladores 10 W Rms \/ Aluminio \/ Antiderrapante \/ Blanco \/ Ac-936163\",\"isPartOf\":{\"@id\":\"https:\/\/compuviper.mx\/tienda\/#website\"},\"datePublished\":\"2026-04-03T05:06:19+00:00\",\"dateModified\":\"2026-04-03T05:06:19+00:00\",\"description\":\"Compra Ac-936163,7506215936163 Base Enfriadora Froost Max B480 \/ 2 Puertos Usb \/ 16 Pulgadas \/ 7 Niveles \/ 6 Ventiladores 10 W Rms \/ Aluminio \/ Antiderrapante \/ Blanco \/ Ac-936163 + Env\u00edo a domicilio + Pago seguro + Garant\u00eda\",\"breadcrumb\":{\"@id\":\"https:\/\/compuviper.mx\/tienda\/producto\/acteck-ac-9361637506215936163-base-enfriadora-froost-max-b480-2-puertos-usb-16-pulgadas-7-niveles-6-ventiladores-10-w-rms-aluminio-antiderrapante-blanco-ac-936163\/#breadcrumb\"},\"inLanguage\":\"es-MX\",\"potentialAction\":[{\"@type\":\"ReadAction\",\"target\":[\"https:\/\/compuviper.mx\/tienda\/producto\/acteck-ac-9361637506215936163-base-enfriadora-froost-max-b480-2-puertos-usb-16-pulgadas-7-niveles-6-ventiladores-10-w-rms-aluminio-antiderrapante-blanco-ac-936163\/\"]}]},{\"@type\":\"BreadcrumbList\",\"@id\":\"https:\/\/compuviper.mx\/tienda\/producto\/acteck-ac-9361637506215936163-base-enfriadora-froost-max-b480-2-puertos-usb-16-pulgadas-7-niveles-6-ventiladores-10-w-rms-aluminio-antiderrapante-blanco-ac-936163\/#breadcrumb\",\"itemListElement\":[{\"@type\":\"ListItem\",\"position\":1,\"name\":\"Inicio\",\"item\":\"https:\/\/compuviper.mx\/tienda\/\"},{\"@type\":\"ListItem\",\"position\":2,\"name\":\"Productos\",\"item\":\"https:\/\/compuviper.mx\/tienda\/productos\/\"},{\"@type\":\"ListItem\",\"position\":3,\"name\":\"Accesorios\",\"item\":\"https:\/\/compuviper.mx\/tienda\/categoria-producto\/accesorios\/\"},{\"@type\":\"ListItem\",\"position\":4,\"name\":\"Portatil\",\"item\":\"https:\/\/compuviper.mx\/tienda\/categoria-producto\/accesorios\/portatil\/\"},{\"@type\":\"ListItem\",\"position\":5,\"name\":\"Acteck Ac-936163,7506215936163 Base Enfriadora Froost Max B480 \/ 2 Puertos Usb \/ 16 Pulgadas \/ 7 Niveles \/ 6 Ventiladores 10 W Rms \/ Aluminio \/ Antiderrapante \/ Blanco \/ Ac-936163\"}]},{\"@type\":\"WebSite\",\"@id\":\"https:\/\/compuviper.mx\/tienda\/#website\",\"url\":\"https:\/\/compuviper.mx\/tienda\/\",\"name\":\"Compuviper\",\"description\":\"Proveedor de Computadoras, Laptops, Servidores, Monitores, Puntos de Venta, Teclados,   Impresoras, T\u00f3ner, C\u00e1maras de Seguridad y m\u00e1s en tu tienda en l\u00ednea\",\"publisher\":{\"@id\":\"https:\/\/compuviper.mx\/tienda\/#organization\"},\"potentialAction\":[{\"@type\":\"SearchAction\",\"target\":{\"@type\":\"EntryPoint\",\"urlTemplate\":\"https:\/\/compuviper.mx\/tienda\/?s={search_term_string}\"},\"query-input\":\"required name=search_term_string\"}],\"inLanguage\":\"es-MX\"},{\"@type\":\"Organization\",\"@id\":\"https:\/\/compuviper.mx\/tienda\/#organization\",\"name\":\"Compuviper\",\"url\":\"https:\/\/compuviper.mx\/tienda\/\",\"logo\":{\"@type\":\"ImageObject\",\"inLanguage\":\"es-MX\",\"@id\":\"https:\/\/compuviper.mx\/tienda\/#\/schema\/logo\/image\/\",\"url\":\"https:\/\/compuviper.mx\/tienda\/wp-content\/uploads\/2021\/08\/Logo-Compuviper-10.png\",\"contentUrl\":\"https:\/\/compuviper.mx\/tienda\/wp-content\/uploads\/2021\/08\/Logo-Compuviper-10.png\",\"width\":1000,\"height\":500,\"caption\":\"Compuviper\"},\"image\":{\"@id\":\"https:\/\/compuviper.mx\/tienda\/#\/schema\/logo\/image\/\"},\"sameAs\":[\"https:\/\/www.facebook.com\/compuviper\",\"https:\/\/www.youtube.com\/channel\/UCf73dERp9Y3cfOq7q8BhLjA?view_as=subscriber\"]}]}<\/script>\n<meta property=\"product:brand\" content=\"ACTECK\" \/>\n<meta property=\"product:price:amount\" content=\"260\" \/>\n<meta property=\"product:price:currency\" content=\"MXN\" \/>\n<meta property=\"og:availability\" content=\"instock\" \/>\n<meta property=\"product:availability\" content=\"instock\" \/>\n<meta property=\"product:retailer_item_id\" content=\"AC-936163,7506215936163\" \/>\n<meta property=\"product:condition\" content=\"new\" \/>\n<!-- \/ Yoast SEO plugin. -->","yoast_head_json":{"title":"[ Acteck ] &#129351; Ac-936163,7506215936163 Base Enfriadora Froost Max B480 \/ 2 Puertos Usb \/ 16 Pulgadas \/ 7 Niveles \/ 6 Ventiladores 10 W Rms \/ Aluminio \/ Antiderrapante \/ Blanco \/ Ac-936163","description":"Compra Ac-936163,7506215936163 Base Enfriadora Froost Max B480 \/ 2 Puertos Usb \/ 16 Pulgadas \/ 7 Niveles \/ 6 Ventiladores 10 W Rms \/ Aluminio \/ Antiderrapante \/ Blanco \/ Ac-936163 + Env\u00edo a domicilio + Pago seguro + Garant\u00eda","robots":{"index":"index","follow":"follow","max-snippet":"max-snippet:-1","max-image-preview":"max-image-preview:large","max-video-preview":"max-video-preview:-1"},"canonical":"https:\/\/compuviper.mx\/tienda\/producto\/acteck-ac-9361637506215936163-base-enfriadora-froost-max-b480-2-puertos-usb-16-pulgadas-7-niveles-6-ventiladores-10-w-rms-aluminio-antiderrapante-blanco-ac-936163\/","og_locale":"es_MX","og_type":"article","og_title":"[ Acteck ] &#129351; Ac-936163,7506215936163 Base Enfriadora Froost Max B480 \/ 2 Puertos Usb \/ 16 Pulgadas \/ 7 Niveles \/ 6 Ventiladores 10 W Rms \/ Aluminio \/ Antiderrapante \/ Blanco \/ Ac-936163","og_description":"Compra Ac-936163,7506215936163 Base Enfriadora Froost Max B480 \/ 2 Puertos Usb \/ 16 Pulgadas \/ 7 Niveles \/ 6 Ventiladores 10 W Rms \/ Aluminio \/ Antiderrapante \/ Blanco \/ Ac-936163 + Env\u00edo a domicilio + Pago seguro + Garant\u00eda","og_url":"https:\/\/compuviper.mx\/tienda\/producto\/acteck-ac-9361637506215936163-base-enfriadora-froost-max-b480-2-puertos-usb-16-pulgadas-7-niveles-6-ventiladores-10-w-rms-aluminio-antiderrapante-blanco-ac-936163\/","og_site_name":"Compuviper","article_publisher":"https:\/\/www.facebook.com\/compuviper","og_image":[{"width":200,"height":200,"url":"https:\/\/compuviper.mx\/tienda\/wp-content\/uploads\/2024\/05\/Base-enfriadora-acteck-froost-max-b480-2-puertos-usb-16-pulgadas-7-niveles-6-ventiladores-10-w-rms-aluminio-antiderrapante-blanco-ac-936163.jpg","type":"image\/jpeg"}],"twitter_card":"summary_large_image","twitter_misc":{"Precio":"&#36;260 con IVA","Availability":"In stock"},"schema":{"@context":"https:\/\/schema.org","@graph":[{"@type":"WebPage","@id":"https:\/\/compuviper.mx\/tienda\/producto\/acteck-ac-9361637506215936163-base-enfriadora-froost-max-b480-2-puertos-usb-16-pulgadas-7-niveles-6-ventiladores-10-w-rms-aluminio-antiderrapante-blanco-ac-936163\/","url":"https:\/\/compuviper.mx\/tienda\/producto\/acteck-ac-9361637506215936163-base-enfriadora-froost-max-b480-2-puertos-usb-16-pulgadas-7-niveles-6-ventiladores-10-w-rms-aluminio-antiderrapante-blanco-ac-936163\/","name":"[ Acteck ] &#129351; Ac-936163,7506215936163 Base Enfriadora Froost Max B480 \/ 2 Puertos Usb \/ 16 Pulgadas \/ 7 Niveles \/ 6 Ventiladores 10 W Rms \/ Aluminio \/ Antiderrapante \/ Blanco \/ Ac-936163","isPartOf":{"@id":"https:\/\/compuviper.mx\/tienda\/#website"},"datePublished":"2026-04-03T05:06:19+00:00","dateModified":"2026-04-03T05:06:19+00:00","description":"Compra Ac-936163,7506215936163 Base Enfriadora Froost Max B480 \/ 2 Puertos Usb \/ 16 Pulgadas \/ 7 Niveles \/ 6 Ventiladores 10 W Rms \/ Aluminio \/ Antiderrapante \/ Blanco \/ Ac-936163 + Env\u00edo a domicilio + Pago seguro + Garant\u00eda","breadcrumb":{"@id":"https:\/\/compuviper.mx\/tienda\/producto\/acteck-ac-9361637506215936163-base-enfriadora-froost-max-b480-2-puertos-usb-16-pulgadas-7-niveles-6-ventiladores-10-w-rms-aluminio-antiderrapante-blanco-ac-936163\/#breadcrumb"},"inLanguage":"es-MX","potentialAction":[{"@type":"ReadAction","target":["https:\/\/compuviper.mx\/tienda\/producto\/acteck-ac-9361637506215936163-base-enfriadora-froost-max-b480-2-puertos-usb-16-pulgadas-7-niveles-6-ventiladores-10-w-rms-aluminio-antiderrapante-blanco-ac-936163\/"]}]},{"@type":"BreadcrumbList","@id":"https:\/\/compuviper.mx\/tienda\/producto\/acteck-ac-9361637506215936163-base-enfriadora-froost-max-b480-2-puertos-usb-16-pulgadas-7-niveles-6-ventiladores-10-w-rms-aluminio-antiderrapante-blanco-ac-936163\/#breadcrumb","itemListElement":[{"@type":"ListItem","position":1,"name":"Inicio","item":"https:\/\/compuviper.mx\/tienda\/"},{"@type":"ListItem","position":2,"name":"Productos","item":"https:\/\/compuviper.mx\/tienda\/productos\/"},{"@type":"ListItem","position":3,"name":"Accesorios","item":"https:\/\/compuviper.mx\/tienda\/categoria-producto\/accesorios\/"},{"@type":"ListItem","position":4,"name":"Portatil","item":"https:\/\/compuviper.mx\/tienda\/categoria-producto\/accesorios\/portatil\/"},{"@type":"ListItem","position":5,"name":"Acteck Ac-936163,7506215936163 Base Enfriadora Froost Max B480 \/ 2 Puertos Usb \/ 16 Pulgadas \/ 7 Niveles \/ 6 Ventiladores 10 W Rms \/ Aluminio \/ Antiderrapante \/ Blanco \/ Ac-936163"}]},{"@type":"WebSite","@id":"https:\/\/compuviper.mx\/tienda\/#website","url":"https:\/\/compuviper.mx\/tienda\/","name":"Compuviper","description":"Proveedor de Computadoras, Laptops, Servidores, Monitores, Puntos de Venta, Teclados,   Impresoras, T\u00f3ner, C\u00e1maras de Seguridad y m\u00e1s en tu tienda en l\u00ednea","publisher":{"@id":"https:\/\/compuviper.mx\/tienda\/#organization"},"potentialAction":[{"@type":"SearchAction","target":{"@type":"EntryPoint","urlTemplate":"https:\/\/compuviper.mx\/tienda\/?s={search_term_string}"},"query-input":"required name=search_term_string"}],"inLanguage":"es-MX"},{"@type":"Organization","@id":"https:\/\/compuviper.mx\/tienda\/#organization","name":"Compuviper","url":"https:\/\/compuviper.mx\/tienda\/","logo":{"@type":"ImageObject","inLanguage":"es-MX","@id":"https:\/\/compuviper.mx\/tienda\/#\/schema\/logo\/image\/","url":"https:\/\/compuviper.mx\/tienda\/wp-content\/uploads\/2021\/08\/Logo-Compuviper-10.png","contentUrl":"https:\/\/compuviper.mx\/tienda\/wp-content\/uploads\/2021\/08\/Logo-Compuviper-10.png","width":1000,"height":500,"caption":"Compuviper"},"image":{"@id":"https:\/\/compuviper.mx\/tienda\/#\/schema\/logo\/image\/"},"sameAs":["https:\/\/www.facebook.com\/compuviper","https:\/\/www.youtube.com\/channel\/UCf73dERp9Y3cfOq7q8BhLjA?view_as=subscriber"]}]},"product_brand":"ACTECK","product_price_amount":"260","product_price_currency":"MXN","og_availability":"instock","product_availability":"instock","product_retailer_item_id":"AC-936163,7506215936163","product_condition":"new"},"_links":{"self":[{"href":"https:\/\/compuviper.mx\/tienda\/wp-json\/wp\/v2\/product\/229347"}],"collection":[{"href":"https:\/\/compuviper.mx\/tienda\/wp-json\/wp\/v2\/product"}],"about":[{"href":"https:\/\/compuviper.mx\/tienda\/wp-json\/wp\/v2\/types\/product"}],"replies":[{"embeddable":true,"href":"https:\/\/compuviper.mx\/tienda\/wp-json\/wp\/v2\/comments?post=229347"}],"wp:featuredmedia":[{"embeddable":true,"href":"https:\/\/compuviper.mx\/tienda\/wp-json\/wp\/v2\/media\/233666"}],"wp:attachment":[{"href":"https:\/\/compuviper.mx\/tienda\/wp-json\/wp\/v2\/media?parent=229347"}],"wp:term":[{"taxonomy":"product_cat","embeddable":true,"href":"https:\/\/compuviper.mx\/tienda\/wp-json\/wp\/v2\/product_cat?post=229347"},{"taxonomy":"product_tag","embeddable":true,"href":"https:\/\/compuviper.mx\/tienda\/wp-json\/wp\/v2\/product_tag?post=229347"}],"curies":[{"name":"wp","href":"https:\/\/api.w.org\/{rel}","templated":true}]}}