{"id":229346,"date":"2026-04-01T23:11:35","date_gmt":"2026-04-02T05:11:35","guid":{"rendered":"https:\/\/compuviper.mx\/tienda\/producto\/acteck-ac-937139-cargador-energon-s-mate-ci740-inalambrico-qi-15-w-3-dispositivos-compatible-con-apple\/"},"modified":"2026-04-01T23:11:35","modified_gmt":"2026-04-02T05:11:35","slug":"acteck-ac-9371397506215937139-cargador-energon-s-mate-ci740-inalambrico-qi-15-w-3-dispositivos-compatible-con-apple-ac-937139","status":"publish","type":"product","link":"https:\/\/compuviper.mx\/tienda\/producto\/acteck-ac-9371397506215937139-cargador-energon-s-mate-ci740-inalambrico-qi-15-w-3-dispositivos-compatible-con-apple-ac-937139\/","title":{"rendered":"Acteck Ac-937139,7506215937139 Cargador  Energon S-mate Ci740 \/ Inalambrico Qi \/ 15 W \/ 3 Dispositivos \/ Compatible Con Apple \/ Ac-937139"},"content":{"rendered":"<table class=\"descripcion\">\n<tr>\n<td>Especificaciones<\/td>\n<\/tr>\n<tr>\n<td>*producto: cargador para escritorio<\/td>\n<\/tr>\n<tr>\n<td>*modelo: ac-937139<\/td>\n<\/tr>\n<tr>\n<td>*material: abs<\/td>\n<\/tr>\n<tr>\n<td>*dimensiones: 0.130 x 0.100 x 0.123 m<\/td>\n<\/tr>\n<tr>\n<td>*peso: 0.159 kg<\/td>\n<\/tr>\n<tr>\n<td>*alimentaci\u00f3n: 5 v = a 12 v = 2 a m\u00e1x<\/td>\n<\/tr>\n<tr>\n<td>*potencia de salida: 15 w \/ 5 w \/ 3 w<\/td>\n<\/tr>\n<tr>\n<td>*puerto de carga: tipo c<\/td>\n<\/tr>\n<tr>\n<td>*cable alimentador: usb -tipo c<\/td>\n<\/tr>\n<tr>\n<td>*garat\u00eda: 1 a\u00f1o<\/td>\n<\/tr>\n<\/table>\n","protected":false},"excerpt":{"rendered":"<p>Cargador acteck energon s-mate ci740 \/ inalambrico qi \/ 15 w \/ 3 dispositivos \/ compatible con apple \/ ac-937139<\/p>\n","protected":false},"featured_media":233665,"comment_status":"open","ping_status":"open","template":"","meta":[],"product_cat":[1485,1579],"product_tag":[1582],"acf":[],"yoast_head":"<!-- This site is optimized with the Yoast SEO plugin v21.7 - https:\/\/yoast.com\/wordpress\/plugins\/seo\/ -->\n<title>[ Acteck ] &#129351; Ac-937139,7506215937139 Cargador Energon S-mate Ci740 \/ Inalambrico Qi \/ 15 W \/ 3 Dispositivos \/ Compatible Con Apple \/ Ac-937139<\/title>\n<meta name=\"description\" content=\"Compra Ac-937139,7506215937139 Cargador Energon S-mate Ci740 \/ Inalambrico Qi \/ 15 W \/ 3 Dispositivos \/ Compatible Con Apple \/ Ac-937139 + Env\u00edo a domicilio + Pago seguro + Garant\u00eda\" \/>\n<meta name=\"robots\" content=\"index, follow, max-snippet:-1, max-image-preview:large, max-video-preview:-1\" \/>\n<link rel=\"canonical\" href=\"https:\/\/compuviper.mx\/tienda\/producto\/acteck-ac-9371397506215937139-cargador-energon-s-mate-ci740-inalambrico-qi-15-w-3-dispositivos-compatible-con-apple-ac-937139\/\" \/>\n<meta property=\"og:locale\" content=\"es_MX\" \/>\n<meta property=\"og:type\" content=\"article\" \/>\n<meta property=\"og:title\" content=\"[ Acteck ] &#129351; Ac-937139,7506215937139 Cargador Energon S-mate Ci740 \/ Inalambrico Qi \/ 15 W \/ 3 Dispositivos \/ Compatible Con Apple \/ Ac-937139\" \/>\n<meta property=\"og:description\" content=\"Compra Ac-937139,7506215937139 Cargador Energon S-mate Ci740 \/ Inalambrico Qi \/ 15 W \/ 3 Dispositivos \/ Compatible Con Apple \/ Ac-937139 + Env\u00edo a domicilio + Pago seguro + Garant\u00eda\" \/>\n<meta property=\"og:url\" content=\"https:\/\/compuviper.mx\/tienda\/producto\/acteck-ac-9371397506215937139-cargador-energon-s-mate-ci740-inalambrico-qi-15-w-3-dispositivos-compatible-con-apple-ac-937139\/\" \/>\n<meta property=\"og:site_name\" content=\"Compuviper\" \/>\n<meta property=\"article:publisher\" content=\"https:\/\/www.facebook.com\/compuviper\" \/>\n<meta property=\"og:image\" content=\"https:\/\/compuviper.mx\/tienda\/wp-content\/uploads\/2024\/05\/Cargador-acteck-energon-s-mate-ci740-inalambrico-qi-15-w-3-dispositivos-compatible-con-apple-ac-937139.jpg\" \/>\n\t<meta property=\"og:image:width\" content=\"200\" \/>\n\t<meta property=\"og:image:height\" content=\"200\" \/>\n\t<meta property=\"og:image:type\" content=\"image\/jpeg\" \/>\n<meta name=\"twitter:card\" content=\"summary_large_image\" \/>\n<meta name=\"twitter:label1\" content=\"Precio\" \/>\n\t<meta name=\"twitter:data1\" content=\"&#36;310 con IVA\" \/>\n\t<meta name=\"twitter:label2\" content=\"Availability\" \/>\n\t<meta name=\"twitter:data2\" content=\"In stock\" \/>\n<script type=\"application\/ld+json\" class=\"yoast-schema-graph\">{\"@context\":\"https:\/\/schema.org\",\"@graph\":[{\"@type\":\"WebPage\",\"@id\":\"https:\/\/compuviper.mx\/tienda\/producto\/acteck-ac-9371397506215937139-cargador-energon-s-mate-ci740-inalambrico-qi-15-w-3-dispositivos-compatible-con-apple-ac-937139\/\",\"url\":\"https:\/\/compuviper.mx\/tienda\/producto\/acteck-ac-9371397506215937139-cargador-energon-s-mate-ci740-inalambrico-qi-15-w-3-dispositivos-compatible-con-apple-ac-937139\/\",\"name\":\"[ Acteck ] &#129351; Ac-937139,7506215937139 Cargador Energon S-mate Ci740 \/ Inalambrico Qi \/ 15 W \/ 3 Dispositivos \/ Compatible Con Apple \/ Ac-937139\",\"isPartOf\":{\"@id\":\"https:\/\/compuviper.mx\/tienda\/#website\"},\"datePublished\":\"2026-04-02T05:11:35+00:00\",\"dateModified\":\"2026-04-02T05:11:35+00:00\",\"description\":\"Compra Ac-937139,7506215937139 Cargador Energon S-mate Ci740 \/ Inalambrico Qi \/ 15 W \/ 3 Dispositivos \/ Compatible Con Apple \/ Ac-937139 + Env\u00edo a domicilio + Pago seguro + Garant\u00eda\",\"breadcrumb\":{\"@id\":\"https:\/\/compuviper.mx\/tienda\/producto\/acteck-ac-9371397506215937139-cargador-energon-s-mate-ci740-inalambrico-qi-15-w-3-dispositivos-compatible-con-apple-ac-937139\/#breadcrumb\"},\"inLanguage\":\"es-MX\",\"potentialAction\":[{\"@type\":\"ReadAction\",\"target\":[\"https:\/\/compuviper.mx\/tienda\/producto\/acteck-ac-9371397506215937139-cargador-energon-s-mate-ci740-inalambrico-qi-15-w-3-dispositivos-compatible-con-apple-ac-937139\/\"]}]},{\"@type\":\"BreadcrumbList\",\"@id\":\"https:\/\/compuviper.mx\/tienda\/producto\/acteck-ac-9371397506215937139-cargador-energon-s-mate-ci740-inalambrico-qi-15-w-3-dispositivos-compatible-con-apple-ac-937139\/#breadcrumb\",\"itemListElement\":[{\"@type\":\"ListItem\",\"position\":1,\"name\":\"Inicio\",\"item\":\"https:\/\/compuviper.mx\/tienda\/\"},{\"@type\":\"ListItem\",\"position\":2,\"name\":\"Productos\",\"item\":\"https:\/\/compuviper.mx\/tienda\/productos\/\"},{\"@type\":\"ListItem\",\"position\":3,\"name\":\"Accesorios\",\"item\":\"https:\/\/compuviper.mx\/tienda\/categoria-producto\/accesorios\/\"},{\"@type\":\"ListItem\",\"position\":4,\"name\":\"Cargador Inalambrico\",\"item\":\"https:\/\/compuviper.mx\/tienda\/categoria-producto\/accesorios\/cargador-inalambrico\/\"},{\"@type\":\"ListItem\",\"position\":5,\"name\":\"Acteck Ac-937139,7506215937139 Cargador Energon S-mate Ci740 \/ Inalambrico Qi \/ 15 W \/ 3 Dispositivos \/ Compatible Con Apple \/ Ac-937139\"}]},{\"@type\":\"WebSite\",\"@id\":\"https:\/\/compuviper.mx\/tienda\/#website\",\"url\":\"https:\/\/compuviper.mx\/tienda\/\",\"name\":\"Compuviper\",\"description\":\"Proveedor de Computadoras, Laptops, Servidores, Monitores, Puntos de Venta, Teclados,   Impresoras, T\u00f3ner, C\u00e1maras de Seguridad y m\u00e1s en tu tienda en l\u00ednea\",\"publisher\":{\"@id\":\"https:\/\/compuviper.mx\/tienda\/#organization\"},\"potentialAction\":[{\"@type\":\"SearchAction\",\"target\":{\"@type\":\"EntryPoint\",\"urlTemplate\":\"https:\/\/compuviper.mx\/tienda\/?s={search_term_string}\"},\"query-input\":\"required name=search_term_string\"}],\"inLanguage\":\"es-MX\"},{\"@type\":\"Organization\",\"@id\":\"https:\/\/compuviper.mx\/tienda\/#organization\",\"name\":\"Compuviper\",\"url\":\"https:\/\/compuviper.mx\/tienda\/\",\"logo\":{\"@type\":\"ImageObject\",\"inLanguage\":\"es-MX\",\"@id\":\"https:\/\/compuviper.mx\/tienda\/#\/schema\/logo\/image\/\",\"url\":\"https:\/\/compuviper.mx\/tienda\/wp-content\/uploads\/2021\/08\/Logo-Compuviper-10.png\",\"contentUrl\":\"https:\/\/compuviper.mx\/tienda\/wp-content\/uploads\/2021\/08\/Logo-Compuviper-10.png\",\"width\":1000,\"height\":500,\"caption\":\"Compuviper\"},\"image\":{\"@id\":\"https:\/\/compuviper.mx\/tienda\/#\/schema\/logo\/image\/\"},\"sameAs\":[\"https:\/\/www.facebook.com\/compuviper\",\"https:\/\/www.youtube.com\/channel\/UCf73dERp9Y3cfOq7q8BhLjA?view_as=subscriber\"]}]}<\/script>\n<meta property=\"product:brand\" content=\"ACTECK\" \/>\n<meta property=\"product:price:amount\" content=\"310\" \/>\n<meta property=\"product:price:currency\" content=\"MXN\" \/>\n<meta property=\"og:availability\" content=\"instock\" \/>\n<meta property=\"product:availability\" content=\"instock\" \/>\n<meta property=\"product:retailer_item_id\" content=\"AC-937139,7506215937139\" \/>\n<meta property=\"product:condition\" content=\"new\" \/>\n<!-- \/ Yoast SEO plugin. -->","yoast_head_json":{"title":"[ Acteck ] &#129351; Ac-937139,7506215937139 Cargador Energon S-mate Ci740 \/ Inalambrico Qi \/ 15 W \/ 3 Dispositivos \/ Compatible Con Apple \/ Ac-937139","description":"Compra Ac-937139,7506215937139 Cargador Energon S-mate Ci740 \/ Inalambrico Qi \/ 15 W \/ 3 Dispositivos \/ Compatible Con Apple \/ Ac-937139 + Env\u00edo a domicilio + Pago seguro + Garant\u00eda","robots":{"index":"index","follow":"follow","max-snippet":"max-snippet:-1","max-image-preview":"max-image-preview:large","max-video-preview":"max-video-preview:-1"},"canonical":"https:\/\/compuviper.mx\/tienda\/producto\/acteck-ac-9371397506215937139-cargador-energon-s-mate-ci740-inalambrico-qi-15-w-3-dispositivos-compatible-con-apple-ac-937139\/","og_locale":"es_MX","og_type":"article","og_title":"[ Acteck ] &#129351; Ac-937139,7506215937139 Cargador Energon S-mate Ci740 \/ Inalambrico Qi \/ 15 W \/ 3 Dispositivos \/ Compatible Con Apple \/ Ac-937139","og_description":"Compra Ac-937139,7506215937139 Cargador Energon S-mate Ci740 \/ Inalambrico Qi \/ 15 W \/ 3 Dispositivos \/ Compatible Con Apple \/ Ac-937139 + Env\u00edo a domicilio + Pago seguro + Garant\u00eda","og_url":"https:\/\/compuviper.mx\/tienda\/producto\/acteck-ac-9371397506215937139-cargador-energon-s-mate-ci740-inalambrico-qi-15-w-3-dispositivos-compatible-con-apple-ac-937139\/","og_site_name":"Compuviper","article_publisher":"https:\/\/www.facebook.com\/compuviper","og_image":[{"width":200,"height":200,"url":"https:\/\/compuviper.mx\/tienda\/wp-content\/uploads\/2024\/05\/Cargador-acteck-energon-s-mate-ci740-inalambrico-qi-15-w-3-dispositivos-compatible-con-apple-ac-937139.jpg","type":"image\/jpeg"}],"twitter_card":"summary_large_image","twitter_misc":{"Precio":"&#36;310 con IVA","Availability":"In stock"},"schema":{"@context":"https:\/\/schema.org","@graph":[{"@type":"WebPage","@id":"https:\/\/compuviper.mx\/tienda\/producto\/acteck-ac-9371397506215937139-cargador-energon-s-mate-ci740-inalambrico-qi-15-w-3-dispositivos-compatible-con-apple-ac-937139\/","url":"https:\/\/compuviper.mx\/tienda\/producto\/acteck-ac-9371397506215937139-cargador-energon-s-mate-ci740-inalambrico-qi-15-w-3-dispositivos-compatible-con-apple-ac-937139\/","name":"[ Acteck ] &#129351; Ac-937139,7506215937139 Cargador Energon S-mate Ci740 \/ Inalambrico Qi \/ 15 W \/ 3 Dispositivos \/ Compatible Con Apple \/ Ac-937139","isPartOf":{"@id":"https:\/\/compuviper.mx\/tienda\/#website"},"datePublished":"2026-04-02T05:11:35+00:00","dateModified":"2026-04-02T05:11:35+00:00","description":"Compra Ac-937139,7506215937139 Cargador Energon S-mate Ci740 \/ Inalambrico Qi \/ 15 W \/ 3 Dispositivos \/ Compatible Con Apple \/ Ac-937139 + Env\u00edo a domicilio + Pago seguro + Garant\u00eda","breadcrumb":{"@id":"https:\/\/compuviper.mx\/tienda\/producto\/acteck-ac-9371397506215937139-cargador-energon-s-mate-ci740-inalambrico-qi-15-w-3-dispositivos-compatible-con-apple-ac-937139\/#breadcrumb"},"inLanguage":"es-MX","potentialAction":[{"@type":"ReadAction","target":["https:\/\/compuviper.mx\/tienda\/producto\/acteck-ac-9371397506215937139-cargador-energon-s-mate-ci740-inalambrico-qi-15-w-3-dispositivos-compatible-con-apple-ac-937139\/"]}]},{"@type":"BreadcrumbList","@id":"https:\/\/compuviper.mx\/tienda\/producto\/acteck-ac-9371397506215937139-cargador-energon-s-mate-ci740-inalambrico-qi-15-w-3-dispositivos-compatible-con-apple-ac-937139\/#breadcrumb","itemListElement":[{"@type":"ListItem","position":1,"name":"Inicio","item":"https:\/\/compuviper.mx\/tienda\/"},{"@type":"ListItem","position":2,"name":"Productos","item":"https:\/\/compuviper.mx\/tienda\/productos\/"},{"@type":"ListItem","position":3,"name":"Accesorios","item":"https:\/\/compuviper.mx\/tienda\/categoria-producto\/accesorios\/"},{"@type":"ListItem","position":4,"name":"Cargador Inalambrico","item":"https:\/\/compuviper.mx\/tienda\/categoria-producto\/accesorios\/cargador-inalambrico\/"},{"@type":"ListItem","position":5,"name":"Acteck Ac-937139,7506215937139 Cargador Energon S-mate Ci740 \/ Inalambrico Qi \/ 15 W \/ 3 Dispositivos \/ Compatible Con Apple \/ Ac-937139"}]},{"@type":"WebSite","@id":"https:\/\/compuviper.mx\/tienda\/#website","url":"https:\/\/compuviper.mx\/tienda\/","name":"Compuviper","description":"Proveedor de Computadoras, Laptops, Servidores, Monitores, Puntos de Venta, Teclados,   Impresoras, T\u00f3ner, C\u00e1maras de Seguridad y m\u00e1s en tu tienda en l\u00ednea","publisher":{"@id":"https:\/\/compuviper.mx\/tienda\/#organization"},"potentialAction":[{"@type":"SearchAction","target":{"@type":"EntryPoint","urlTemplate":"https:\/\/compuviper.mx\/tienda\/?s={search_term_string}"},"query-input":"required name=search_term_string"}],"inLanguage":"es-MX"},{"@type":"Organization","@id":"https:\/\/compuviper.mx\/tienda\/#organization","name":"Compuviper","url":"https:\/\/compuviper.mx\/tienda\/","logo":{"@type":"ImageObject","inLanguage":"es-MX","@id":"https:\/\/compuviper.mx\/tienda\/#\/schema\/logo\/image\/","url":"https:\/\/compuviper.mx\/tienda\/wp-content\/uploads\/2021\/08\/Logo-Compuviper-10.png","contentUrl":"https:\/\/compuviper.mx\/tienda\/wp-content\/uploads\/2021\/08\/Logo-Compuviper-10.png","width":1000,"height":500,"caption":"Compuviper"},"image":{"@id":"https:\/\/compuviper.mx\/tienda\/#\/schema\/logo\/image\/"},"sameAs":["https:\/\/www.facebook.com\/compuviper","https:\/\/www.youtube.com\/channel\/UCf73dERp9Y3cfOq7q8BhLjA?view_as=subscriber"]}]},"product_brand":"ACTECK","product_price_amount":"310","product_price_currency":"MXN","og_availability":"instock","product_availability":"instock","product_retailer_item_id":"AC-937139,7506215937139","product_condition":"new"},"_links":{"self":[{"href":"https:\/\/compuviper.mx\/tienda\/wp-json\/wp\/v2\/product\/229346"}],"collection":[{"href":"https:\/\/compuviper.mx\/tienda\/wp-json\/wp\/v2\/product"}],"about":[{"href":"https:\/\/compuviper.mx\/tienda\/wp-json\/wp\/v2\/types\/product"}],"replies":[{"embeddable":true,"href":"https:\/\/compuviper.mx\/tienda\/wp-json\/wp\/v2\/comments?post=229346"}],"wp:featuredmedia":[{"embeddable":true,"href":"https:\/\/compuviper.mx\/tienda\/wp-json\/wp\/v2\/media\/233665"}],"wp:attachment":[{"href":"https:\/\/compuviper.mx\/tienda\/wp-json\/wp\/v2\/media?parent=229346"}],"wp:term":[{"taxonomy":"product_cat","embeddable":true,"href":"https:\/\/compuviper.mx\/tienda\/wp-json\/wp\/v2\/product_cat?post=229346"},{"taxonomy":"product_tag","embeddable":true,"href":"https:\/\/compuviper.mx\/tienda\/wp-json\/wp\/v2\/product_tag?post=229346"}],"curies":[{"name":"wp","href":"https:\/\/api.w.org\/{rel}","templated":true}]}}