{"id":229345,"date":"2026-04-01T23:11:35","date_gmt":"2026-04-02T05:11:35","guid":{"rendered":"https:\/\/compuviper.mx\/tienda\/producto\/acteck-ac-937184-cargador-energon-lumimate-ci711-inalambrico-qi-15-w-apple-samsung-qi-1-dispositivo-incluye-lampara-negro\/"},"modified":"2026-04-01T23:11:35","modified_gmt":"2026-04-02T05:11:35","slug":"acteck-ac-9371847506215937184-cargador-energon-lumimate-ci711-inalambrico-qi-15-w-apple-samsung-qi-1-dispositivo-incluye-lampara-negro-ac-937184","status":"publish","type":"product","link":"https:\/\/compuviper.mx\/tienda\/producto\/acteck-ac-9371847506215937184-cargador-energon-lumimate-ci711-inalambrico-qi-15-w-apple-samsung-qi-1-dispositivo-incluye-lampara-negro-ac-937184\/","title":{"rendered":"Acteck Ac-937184,7506215937184 Cargador   Energon Lumimate Ci711 \/ Inalambrico Qi \/ 15 W \/ Apple &#8211; Samsung \/ Qi \/ 1 Dispositivo \/ Incluye Lampara \/  Negro \/ Ac-937184"},"content":{"rendered":"<table class=\"descripcion\">\n<tr>\n<td>Especificaciones<\/td>\n<\/tr>\n<tr>\n<td>*producto: l\u00e1mpara con cargador inal\u00e1mbrico<\/td>\n<\/tr>\n<tr>\n<td>*modelo: ac-937184<\/td>\n<\/tr>\n<tr>\n<td>*material: abs<\/td>\n<\/tr>\n<tr>\n<td>*uso: interior<\/td>\n<\/tr>\n<tr>\n<td>*dimensiones:0.176  x 0.80 x 0.43 m<\/td>\n<\/tr>\n<tr>\n<td>*peso:0.194 kg<\/td>\n<\/tr>\n<tr>\n<td>*alimentaci\u00f3n: 5 v = a 12 v = 2 a max<\/td>\n<\/tr>\n<tr>\n<td>*potencia de salida: 15 w<\/td>\n<\/tr>\n<tr>\n<td>*consumo de l\u00e1mpara: 0.2 w<\/td>\n<\/tr>\n<tr>\n<td>*tipo de luz: led<\/td>\n<\/tr>\n<tr>\n<td>*puerto de carga: tipo c<\/td>\n<\/tr>\n<tr>\n<td>*cable alimentador: usb -tipo c<\/td>\n<\/tr>\n<tr>\n<td>*garant\u00eda: 1 a\u00f1o<\/td>\n<\/tr>\n<\/table>\n","protected":false},"excerpt":{"rendered":"<p>Cargador  acteck energon lumimate ci711 \/ inalambrico qi \/ 15 w \/ apple &#8211; samsung \/ qi \/ 1 dispositivo \/ incluye lampara \/  negro \/ ac-937184<\/p>\n","protected":false},"featured_media":233664,"comment_status":"open","ping_status":"open","template":"","meta":[],"product_cat":[1485,1579],"product_tag":[1582],"acf":[],"yoast_head":"<!-- This site is optimized with the Yoast SEO plugin v21.7 - https:\/\/yoast.com\/wordpress\/plugins\/seo\/ -->\n<title>[ Acteck ] &#129351; Ac-937184,7506215937184 Cargador Energon Lumimate Ci711 \/ Inalambrico Qi \/ 15 W \/ Apple - Samsung \/ Qi \/ 1 Dispositivo \/ Incluye Lampara \/ Negro \/ Ac-937184<\/title>\n<meta name=\"description\" content=\"Compra Ac-937184,7506215937184 Cargador Energon Lumimate Ci711 \/ Inalambrico Qi \/ 15 W \/ Apple - Samsung \/ Qi \/ 1 Dispositivo \/ Incluye Lampara \/ Negro \/ Ac-937184 + Env\u00edo a domicilio + Pago seguro + Garant\u00eda\" \/>\n<meta name=\"robots\" content=\"index, follow, max-snippet:-1, max-image-preview:large, max-video-preview:-1\" \/>\n<link rel=\"canonical\" href=\"https:\/\/compuviper.mx\/tienda\/producto\/acteck-ac-9371847506215937184-cargador-energon-lumimate-ci711-inalambrico-qi-15-w-apple-samsung-qi-1-dispositivo-incluye-lampara-negro-ac-937184\/\" \/>\n<meta property=\"og:locale\" content=\"es_MX\" \/>\n<meta property=\"og:type\" content=\"article\" \/>\n<meta property=\"og:title\" content=\"[ Acteck ] &#129351; Ac-937184,7506215937184 Cargador Energon Lumimate Ci711 \/ Inalambrico Qi \/ 15 W \/ Apple - Samsung \/ Qi \/ 1 Dispositivo \/ Incluye Lampara \/ Negro \/ Ac-937184\" \/>\n<meta property=\"og:description\" content=\"Compra Ac-937184,7506215937184 Cargador Energon Lumimate Ci711 \/ Inalambrico Qi \/ 15 W \/ Apple - Samsung \/ Qi \/ 1 Dispositivo \/ Incluye Lampara \/ Negro \/ Ac-937184 + Env\u00edo a domicilio + Pago seguro + Garant\u00eda\" \/>\n<meta property=\"og:url\" content=\"https:\/\/compuviper.mx\/tienda\/producto\/acteck-ac-9371847506215937184-cargador-energon-lumimate-ci711-inalambrico-qi-15-w-apple-samsung-qi-1-dispositivo-incluye-lampara-negro-ac-937184\/\" \/>\n<meta property=\"og:site_name\" content=\"Compuviper\" \/>\n<meta property=\"article:publisher\" content=\"https:\/\/www.facebook.com\/compuviper\" \/>\n<meta property=\"og:image\" content=\"https:\/\/compuviper.mx\/tienda\/wp-content\/uploads\/2024\/05\/Cargador-acteck-energon-lumimate-ci711-inalambrico-qi-15-w-apple-samsung-qi-1-dispositivo-incluye-lampara-negro-ac-937184.jpg\" \/>\n\t<meta property=\"og:image:width\" content=\"200\" \/>\n\t<meta property=\"og:image:height\" content=\"200\" \/>\n\t<meta property=\"og:image:type\" content=\"image\/jpeg\" \/>\n<meta name=\"twitter:card\" content=\"summary_large_image\" \/>\n<meta name=\"twitter:label1\" content=\"Precio\" \/>\n\t<meta name=\"twitter:data1\" content=\"&#36;144 con IVA\" \/>\n\t<meta name=\"twitter:label2\" content=\"Availability\" \/>\n\t<meta name=\"twitter:data2\" content=\"In stock\" \/>\n<script type=\"application\/ld+json\" class=\"yoast-schema-graph\">{\"@context\":\"https:\/\/schema.org\",\"@graph\":[{\"@type\":\"WebPage\",\"@id\":\"https:\/\/compuviper.mx\/tienda\/producto\/acteck-ac-9371847506215937184-cargador-energon-lumimate-ci711-inalambrico-qi-15-w-apple-samsung-qi-1-dispositivo-incluye-lampara-negro-ac-937184\/\",\"url\":\"https:\/\/compuviper.mx\/tienda\/producto\/acteck-ac-9371847506215937184-cargador-energon-lumimate-ci711-inalambrico-qi-15-w-apple-samsung-qi-1-dispositivo-incluye-lampara-negro-ac-937184\/\",\"name\":\"[ Acteck ] &#129351; Ac-937184,7506215937184 Cargador Energon Lumimate Ci711 \/ Inalambrico Qi \/ 15 W \/ Apple - Samsung \/ Qi \/ 1 Dispositivo \/ Incluye Lampara \/ Negro \/ Ac-937184\",\"isPartOf\":{\"@id\":\"https:\/\/compuviper.mx\/tienda\/#website\"},\"datePublished\":\"2026-04-02T05:11:35+00:00\",\"dateModified\":\"2026-04-02T05:11:35+00:00\",\"description\":\"Compra Ac-937184,7506215937184 Cargador Energon Lumimate Ci711 \/ Inalambrico Qi \/ 15 W \/ Apple - Samsung \/ Qi \/ 1 Dispositivo \/ Incluye Lampara \/ Negro \/ Ac-937184 + Env\u00edo a domicilio + Pago seguro + Garant\u00eda\",\"breadcrumb\":{\"@id\":\"https:\/\/compuviper.mx\/tienda\/producto\/acteck-ac-9371847506215937184-cargador-energon-lumimate-ci711-inalambrico-qi-15-w-apple-samsung-qi-1-dispositivo-incluye-lampara-negro-ac-937184\/#breadcrumb\"},\"inLanguage\":\"es-MX\",\"potentialAction\":[{\"@type\":\"ReadAction\",\"target\":[\"https:\/\/compuviper.mx\/tienda\/producto\/acteck-ac-9371847506215937184-cargador-energon-lumimate-ci711-inalambrico-qi-15-w-apple-samsung-qi-1-dispositivo-incluye-lampara-negro-ac-937184\/\"]}]},{\"@type\":\"BreadcrumbList\",\"@id\":\"https:\/\/compuviper.mx\/tienda\/producto\/acteck-ac-9371847506215937184-cargador-energon-lumimate-ci711-inalambrico-qi-15-w-apple-samsung-qi-1-dispositivo-incluye-lampara-negro-ac-937184\/#breadcrumb\",\"itemListElement\":[{\"@type\":\"ListItem\",\"position\":1,\"name\":\"Inicio\",\"item\":\"https:\/\/compuviper.mx\/tienda\/\"},{\"@type\":\"ListItem\",\"position\":2,\"name\":\"Productos\",\"item\":\"https:\/\/compuviper.mx\/tienda\/productos\/\"},{\"@type\":\"ListItem\",\"position\":3,\"name\":\"Accesorios\",\"item\":\"https:\/\/compuviper.mx\/tienda\/categoria-producto\/accesorios\/\"},{\"@type\":\"ListItem\",\"position\":4,\"name\":\"Cargador Inalambrico\",\"item\":\"https:\/\/compuviper.mx\/tienda\/categoria-producto\/accesorios\/cargador-inalambrico\/\"},{\"@type\":\"ListItem\",\"position\":5,\"name\":\"Acteck Ac-937184,7506215937184 Cargador Energon Lumimate Ci711 \/ Inalambrico Qi \/ 15 W \/ Apple &#8211; Samsung \/ Qi \/ 1 Dispositivo \/ Incluye Lampara \/ Negro \/ Ac-937184\"}]},{\"@type\":\"WebSite\",\"@id\":\"https:\/\/compuviper.mx\/tienda\/#website\",\"url\":\"https:\/\/compuviper.mx\/tienda\/\",\"name\":\"Compuviper\",\"description\":\"Proveedor de Computadoras, Laptops, Servidores, Monitores, Puntos de Venta, Teclados,   Impresoras, T\u00f3ner, C\u00e1maras de Seguridad y m\u00e1s en tu tienda en l\u00ednea\",\"publisher\":{\"@id\":\"https:\/\/compuviper.mx\/tienda\/#organization\"},\"potentialAction\":[{\"@type\":\"SearchAction\",\"target\":{\"@type\":\"EntryPoint\",\"urlTemplate\":\"https:\/\/compuviper.mx\/tienda\/?s={search_term_string}\"},\"query-input\":\"required name=search_term_string\"}],\"inLanguage\":\"es-MX\"},{\"@type\":\"Organization\",\"@id\":\"https:\/\/compuviper.mx\/tienda\/#organization\",\"name\":\"Compuviper\",\"url\":\"https:\/\/compuviper.mx\/tienda\/\",\"logo\":{\"@type\":\"ImageObject\",\"inLanguage\":\"es-MX\",\"@id\":\"https:\/\/compuviper.mx\/tienda\/#\/schema\/logo\/image\/\",\"url\":\"https:\/\/compuviper.mx\/tienda\/wp-content\/uploads\/2021\/08\/Logo-Compuviper-10.png\",\"contentUrl\":\"https:\/\/compuviper.mx\/tienda\/wp-content\/uploads\/2021\/08\/Logo-Compuviper-10.png\",\"width\":1000,\"height\":500,\"caption\":\"Compuviper\"},\"image\":{\"@id\":\"https:\/\/compuviper.mx\/tienda\/#\/schema\/logo\/image\/\"},\"sameAs\":[\"https:\/\/www.facebook.com\/compuviper\",\"https:\/\/www.youtube.com\/channel\/UCf73dERp9Y3cfOq7q8BhLjA?view_as=subscriber\"]}]}<\/script>\n<meta property=\"product:brand\" content=\"ACTECK\" \/>\n<meta property=\"product:price:amount\" content=\"144\" \/>\n<meta property=\"product:price:currency\" content=\"MXN\" \/>\n<meta property=\"og:availability\" content=\"instock\" \/>\n<meta property=\"product:availability\" content=\"instock\" \/>\n<meta property=\"product:retailer_item_id\" content=\"AC-937184,7506215937184\" \/>\n<meta property=\"product:condition\" content=\"new\" \/>\n<!-- \/ Yoast SEO plugin. -->","yoast_head_json":{"title":"[ Acteck ] &#129351; Ac-937184,7506215937184 Cargador Energon Lumimate Ci711 \/ Inalambrico Qi \/ 15 W \/ Apple - Samsung \/ Qi \/ 1 Dispositivo \/ Incluye Lampara \/ Negro \/ Ac-937184","description":"Compra Ac-937184,7506215937184 Cargador Energon Lumimate Ci711 \/ Inalambrico Qi \/ 15 W \/ Apple - Samsung \/ Qi \/ 1 Dispositivo \/ Incluye Lampara \/ Negro \/ Ac-937184 + Env\u00edo a domicilio + Pago seguro + Garant\u00eda","robots":{"index":"index","follow":"follow","max-snippet":"max-snippet:-1","max-image-preview":"max-image-preview:large","max-video-preview":"max-video-preview:-1"},"canonical":"https:\/\/compuviper.mx\/tienda\/producto\/acteck-ac-9371847506215937184-cargador-energon-lumimate-ci711-inalambrico-qi-15-w-apple-samsung-qi-1-dispositivo-incluye-lampara-negro-ac-937184\/","og_locale":"es_MX","og_type":"article","og_title":"[ Acteck ] &#129351; Ac-937184,7506215937184 Cargador Energon Lumimate Ci711 \/ Inalambrico Qi \/ 15 W \/ Apple - Samsung \/ Qi \/ 1 Dispositivo \/ Incluye Lampara \/ Negro \/ Ac-937184","og_description":"Compra Ac-937184,7506215937184 Cargador Energon Lumimate Ci711 \/ Inalambrico Qi \/ 15 W \/ Apple - Samsung \/ Qi \/ 1 Dispositivo \/ Incluye Lampara \/ Negro \/ Ac-937184 + Env\u00edo a domicilio + Pago seguro + Garant\u00eda","og_url":"https:\/\/compuviper.mx\/tienda\/producto\/acteck-ac-9371847506215937184-cargador-energon-lumimate-ci711-inalambrico-qi-15-w-apple-samsung-qi-1-dispositivo-incluye-lampara-negro-ac-937184\/","og_site_name":"Compuviper","article_publisher":"https:\/\/www.facebook.com\/compuviper","og_image":[{"width":200,"height":200,"url":"https:\/\/compuviper.mx\/tienda\/wp-content\/uploads\/2024\/05\/Cargador-acteck-energon-lumimate-ci711-inalambrico-qi-15-w-apple-samsung-qi-1-dispositivo-incluye-lampara-negro-ac-937184.jpg","type":"image\/jpeg"}],"twitter_card":"summary_large_image","twitter_misc":{"Precio":"&#36;144 con IVA","Availability":"In stock"},"schema":{"@context":"https:\/\/schema.org","@graph":[{"@type":"WebPage","@id":"https:\/\/compuviper.mx\/tienda\/producto\/acteck-ac-9371847506215937184-cargador-energon-lumimate-ci711-inalambrico-qi-15-w-apple-samsung-qi-1-dispositivo-incluye-lampara-negro-ac-937184\/","url":"https:\/\/compuviper.mx\/tienda\/producto\/acteck-ac-9371847506215937184-cargador-energon-lumimate-ci711-inalambrico-qi-15-w-apple-samsung-qi-1-dispositivo-incluye-lampara-negro-ac-937184\/","name":"[ Acteck ] &#129351; Ac-937184,7506215937184 Cargador Energon Lumimate Ci711 \/ Inalambrico Qi \/ 15 W \/ Apple - Samsung \/ Qi \/ 1 Dispositivo \/ Incluye Lampara \/ Negro \/ Ac-937184","isPartOf":{"@id":"https:\/\/compuviper.mx\/tienda\/#website"},"datePublished":"2026-04-02T05:11:35+00:00","dateModified":"2026-04-02T05:11:35+00:00","description":"Compra Ac-937184,7506215937184 Cargador Energon Lumimate Ci711 \/ Inalambrico Qi \/ 15 W \/ Apple - Samsung \/ Qi \/ 1 Dispositivo \/ Incluye Lampara \/ Negro \/ Ac-937184 + Env\u00edo a domicilio + Pago seguro + Garant\u00eda","breadcrumb":{"@id":"https:\/\/compuviper.mx\/tienda\/producto\/acteck-ac-9371847506215937184-cargador-energon-lumimate-ci711-inalambrico-qi-15-w-apple-samsung-qi-1-dispositivo-incluye-lampara-negro-ac-937184\/#breadcrumb"},"inLanguage":"es-MX","potentialAction":[{"@type":"ReadAction","target":["https:\/\/compuviper.mx\/tienda\/producto\/acteck-ac-9371847506215937184-cargador-energon-lumimate-ci711-inalambrico-qi-15-w-apple-samsung-qi-1-dispositivo-incluye-lampara-negro-ac-937184\/"]}]},{"@type":"BreadcrumbList","@id":"https:\/\/compuviper.mx\/tienda\/producto\/acteck-ac-9371847506215937184-cargador-energon-lumimate-ci711-inalambrico-qi-15-w-apple-samsung-qi-1-dispositivo-incluye-lampara-negro-ac-937184\/#breadcrumb","itemListElement":[{"@type":"ListItem","position":1,"name":"Inicio","item":"https:\/\/compuviper.mx\/tienda\/"},{"@type":"ListItem","position":2,"name":"Productos","item":"https:\/\/compuviper.mx\/tienda\/productos\/"},{"@type":"ListItem","position":3,"name":"Accesorios","item":"https:\/\/compuviper.mx\/tienda\/categoria-producto\/accesorios\/"},{"@type":"ListItem","position":4,"name":"Cargador Inalambrico","item":"https:\/\/compuviper.mx\/tienda\/categoria-producto\/accesorios\/cargador-inalambrico\/"},{"@type":"ListItem","position":5,"name":"Acteck Ac-937184,7506215937184 Cargador Energon Lumimate Ci711 \/ Inalambrico Qi \/ 15 W \/ Apple &#8211; Samsung \/ Qi \/ 1 Dispositivo \/ Incluye Lampara \/ Negro \/ Ac-937184"}]},{"@type":"WebSite","@id":"https:\/\/compuviper.mx\/tienda\/#website","url":"https:\/\/compuviper.mx\/tienda\/","name":"Compuviper","description":"Proveedor de Computadoras, Laptops, Servidores, Monitores, Puntos de Venta, Teclados,   Impresoras, T\u00f3ner, C\u00e1maras de Seguridad y m\u00e1s en tu tienda en l\u00ednea","publisher":{"@id":"https:\/\/compuviper.mx\/tienda\/#organization"},"potentialAction":[{"@type":"SearchAction","target":{"@type":"EntryPoint","urlTemplate":"https:\/\/compuviper.mx\/tienda\/?s={search_term_string}"},"query-input":"required name=search_term_string"}],"inLanguage":"es-MX"},{"@type":"Organization","@id":"https:\/\/compuviper.mx\/tienda\/#organization","name":"Compuviper","url":"https:\/\/compuviper.mx\/tienda\/","logo":{"@type":"ImageObject","inLanguage":"es-MX","@id":"https:\/\/compuviper.mx\/tienda\/#\/schema\/logo\/image\/","url":"https:\/\/compuviper.mx\/tienda\/wp-content\/uploads\/2021\/08\/Logo-Compuviper-10.png","contentUrl":"https:\/\/compuviper.mx\/tienda\/wp-content\/uploads\/2021\/08\/Logo-Compuviper-10.png","width":1000,"height":500,"caption":"Compuviper"},"image":{"@id":"https:\/\/compuviper.mx\/tienda\/#\/schema\/logo\/image\/"},"sameAs":["https:\/\/www.facebook.com\/compuviper","https:\/\/www.youtube.com\/channel\/UCf73dERp9Y3cfOq7q8BhLjA?view_as=subscriber"]}]},"product_brand":"ACTECK","product_price_amount":"144","product_price_currency":"MXN","og_availability":"instock","product_availability":"instock","product_retailer_item_id":"AC-937184,7506215937184","product_condition":"new"},"_links":{"self":[{"href":"https:\/\/compuviper.mx\/tienda\/wp-json\/wp\/v2\/product\/229345"}],"collection":[{"href":"https:\/\/compuviper.mx\/tienda\/wp-json\/wp\/v2\/product"}],"about":[{"href":"https:\/\/compuviper.mx\/tienda\/wp-json\/wp\/v2\/types\/product"}],"replies":[{"embeddable":true,"href":"https:\/\/compuviper.mx\/tienda\/wp-json\/wp\/v2\/comments?post=229345"}],"wp:featuredmedia":[{"embeddable":true,"href":"https:\/\/compuviper.mx\/tienda\/wp-json\/wp\/v2\/media\/233664"}],"wp:attachment":[{"href":"https:\/\/compuviper.mx\/tienda\/wp-json\/wp\/v2\/media?parent=229345"}],"wp:term":[{"taxonomy":"product_cat","embeddable":true,"href":"https:\/\/compuviper.mx\/tienda\/wp-json\/wp\/v2\/product_cat?post=229345"},{"taxonomy":"product_tag","embeddable":true,"href":"https:\/\/compuviper.mx\/tienda\/wp-json\/wp\/v2\/product_tag?post=229345"}],"curies":[{"name":"wp","href":"https:\/\/api.w.org\/{rel}","templated":true}]}}