{"id":229277,"date":"2026-04-10T00:43:30","date_gmt":"2026-04-10T06:43:30","guid":{"rendered":"https:\/\/compuviper.mx\/tienda\/producto\/samsung-ls34c650talxzx-monitor-led-34-widescreen-wqhd-3440-x-1440-hdmi-1-usb-c-1-d-port-1-100hz-5ms-negro-bocinas-curvo-1000r-thunderbolt\/"},"modified":"2026-04-10T00:43:30","modified_gmt":"2026-04-10T06:43:30","slug":"samsung-ls34c650talxzx-monitor-led-34-pulgadas-viewfinity-s6-ultra-wqhd3440-x-1440-va-widescreen-curvo-dp-hdmi-hub-usb-tb-100hz-blanco","status":"publish","type":"product","link":"https:\/\/compuviper.mx\/tienda\/producto\/samsung-ls34c650talxzx-monitor-led-34-pulgadas-viewfinity-s6-ultra-wqhd3440-x-1440-va-widescreen-curvo-dp-hdmi-hub-usb-tb-100hz-blanco\/","title":{"rendered":"Samsung Ls34c650talxzx Monitor Led  34 Pulgadas \/viewfinity S6\/ultra-wqhd(3440 X 1440)\/ Va \/ Widescreen \/curvo\/ Dp\/ Hdmi\/ Hub Usb \/tb\/ 100hz\/ Blanco"},"content":{"rendered":"<table class=\"descripcion\">\n<tr>\n<td>Tama\u00f1o de pantalla de visualizaci\u00f3n (clase) 34<\/td>\n<\/tr>\n<tr>\n<td>Plano \/ curvo curvo<\/td>\n<\/tr>\n<tr>\n<td>Tama\u00f1o de pantalla activa (hxv) (mm) 797,22 (h) * 333,72 (v)<\/td>\n<\/tr>\n<tr>\n<td>Curvatura de pantalla 1000r<\/td>\n<\/tr>\n<tr>\n<td>Relaci\u00f3n de aspecto 21:09<\/td>\n<\/tr>\n<tr>\n<td>Tipo de panelva<\/td>\n<\/tr>\n<tr>\n<td>Brillo (t\u00edpico) 350 cd\/ and #13217;<\/td>\n<\/tr>\n<tr>\n<td>Brillo (m\u00edn.) 280 cd\/ and #13217;<\/td>\n<\/tr>\n<tr>\n<td>Relaci\u00f3n de contraste (est\u00e1tica) 3000:1 (t\u00edpica)<\/td>\n<\/tr>\n<tr>\n<td>Relaci\u00f3n de contraste (din\u00e1mico) mega  and #8734; dcr<\/td>\n<\/tr>\n<tr>\n<td>Hdr (alto rango din\u00e1mico) hdr10<\/td>\n<\/tr>\n<tr>\n<td>Hdr10+ n\/a<\/td>\n<\/tr>\n<tr>\n<td>Atenuaci\u00f3n local mini led n\/a<\/td>\n<\/tr>\n<tr>\n<td>Resoluci\u00f3n uwqhd (3.440 x 1.440)<\/td>\n<\/tr>\n<tr>\n<td>Tiempo de respuesta (ms) 5 ms<\/td>\n<\/tr>\n<tr>\n<td>\u00e1ngulo de visi\u00f3n (h\/v) 178\/178<\/td>\n<\/tr>\n<tr>\n<td>Compatibilidad de color m\u00e1x. 1,07 b<\/td>\n<\/tr>\n<tr>\n<td>Gama de colores (ntsc) n\/a<\/td>\n<\/tr>\n<tr>\n<td>Gama de colores (cobertura dci) n\/a<\/td>\n<\/tr>\n<tr>\n<td>Gama de colores (cobertura srgb) 1.15<\/td>\n<\/tr>\n<tr>\n<td>Gama de colores (cobertura adobe rgb) n\/a<\/td>\n<\/tr>\n<tr>\n<td>Velocidad de fotogramas m\u00e1x. 100 hz<\/td>\n<\/tr>\n<tr>\n<td>Caracter\u00edstica general eco ahorro plus n\/a<\/td>\n<\/tr>\n<tr>\n<td>0,00 w modo apagado n\/a<\/td>\n<\/tr>\n<tr>\n<td>Modo protector de ojos s\u00ed<\/td>\n<\/tr>\n<tr>\n<td>Sin parpadeo s\u00ed<\/td>\n<\/tr>\n<tr>\n<td>Imagen en imagen s\u00ed<\/td>\n<\/tr>\n<tr>\n<td>Imagen por imagen s\u00ed<\/td>\n<\/tr>\n<tr>\n<td>Color de punto cu\u00e1ntico n\/a<\/td>\n<\/tr>\n<tr>\n<td>Modo de juego n\/a<\/td>\n<\/tr>\n<tr>\n<td>Tama\u00f1o de imagen s\u00ed<\/td>\n<\/tr>\n<tr>\n<td>Cadena tipo margarita s\u00ed<\/td>\n<\/tr>\n<tr>\n<td>Certificaci\u00f3n de windows windows11<\/td>\n<\/tr>\n<tr>\n<td>Sincronizaci\u00f3n gratuita s\u00ed<\/td>\n<\/tr>\n<tr>\n<td>G-sync n\/a<\/td>\n<\/tr>\n<tr>\n<td>Sincronizaci\u00f3n adaptativa vesa n\/a<\/td>\n<\/tr>\n<tr>\n<td>Temporizador de apagado plus s\u00ed<\/td>\n<\/tr>\n<tr>\n<td>Ecualizador negro n\/a<\/td>\n<\/tr>\n<tr>\n<td>Modo de retardo de entrada bajo n\/a<\/td>\n<\/tr>\n<tr>\n<td>Punto aim virtual n\/a<\/td>\n<\/tr>\n<tr>\n<td>Sincronizaci\u00f3n central n\/a<\/td>\n<\/tr>\n<tr>\n<td>Barra de juegos n\/a<\/td>\n<\/tr>\n<tr>\n<td>Centro de juegos n\/a<\/td>\n<\/tr>\n<tr>\n<td>Optimizador de frecuencia de actualizaci\u00f3n n\/a<\/td>\n<\/tr>\n<tr>\n<td>Experiencia de usuario de juegos super arena n\/a<\/td>\n<\/tr>\n<tr>\n<td>Hdmi-cec n\/a<\/td>\n<\/tr>\n<tr>\n<td>Interruptor de fuente autom\u00e1tico n\/a<\/td>\n<\/tr>\n<tr>\n<td>Imagen adaptable s\u00ed<\/td>\n<\/tr>\n<tr>\n<td>Aumento de potencia usb-c n\/a<\/td>\n<\/tr>\n<tr>\n<td>Gameview s\u00faper ultraancho n\/a<\/td>\n<\/tr>\n<tr>\n<td>Conmutador kvm s\u00ed<\/td>\n<\/tr>\n<tr>\n<td>Servicio inteligente tipo inteligente n\/a<\/td>\n<\/tr>\n<tr>\n<td>Sistema operativo n\/a<\/td>\n<\/tr>\n<tr>\n<td>Bixbyn\/a<\/td>\n<\/tr>\n<tr>\n<td>Interacci\u00f3n de voz de campo lejano n\/a<\/td>\n<\/tr>\n<tr>\n<td>Asistente de voz incorporado n\/a<\/td>\n<\/tr>\n<tr>\n<td>Funciona con altavoz ai n\/a<\/td>\n<\/tr>\n<tr>\n<td>Tv plus n\/a<\/td>\n<\/tr>\n<tr>\n<td>Gu\u00eda universal n\/a<\/td>\n<\/tr>\n<tr>\n<td>Comunicaci\u00f3n por v\u00eddeo n\/a<\/td>\n<\/tr>\n<tr>\n<td>Servicio web n\/a<\/td>\n<\/tr>\n<tr>\n<td>Dex inal\u00e1mbrico n\/a<\/td>\n<\/tr>\n<tr>\n<td>Vista m\u00faltiple n\/a<\/td>\n<\/tr>\n<tr>\n<td>Calibraci\u00f3n inteligente n\/a<\/td>\n<\/tr>\n<tr>\n<td>Toca ver n\/a<\/td>\n<\/tr>\n<tr>\n<td>Espacio de trabajo n\/a<\/td>\n<\/tr>\n<tr>\n<td>Connectshare\u0099n\/a<\/td>\n<\/tr>\n<tr>\n<td>Interfaz pantalla inal\u00e1mbrica n\/a<\/td>\n<\/tr>\n<tr>\n<td>D-sub n\/a<\/td>\n<\/tr>\n<tr>\n<td>Dvi n\/a<\/td>\n<\/tr>\n<tr>\n<td>Dvi de doble enlace n\/a<\/td>\n<\/tr>\n<tr>\n<td>Puerto de visualizaci\u00f3n 1 ea<\/td>\n<\/tr>\n<tr>\n<td>Puerto de visualizaci\u00f3n versi\u00f3n 1.2<\/td>\n<\/tr>\n<tr>\n<td>Puerto de salida de pantalla n\/a<\/td>\n<\/tr>\n<tr>\n<td>Versi\u00f3n de salida del puerto de visualizaci\u00f3n n\/a<\/td>\n<\/tr>\n<tr>\n<td>Puerto de minipantalla n\/a<\/td>\n<\/tr>\n<tr>\n<td>Hdmi 1 unidad<\/td>\n<\/tr>\n<tr>\n<td>Hdmi versi\u00f3n 2<\/td>\n<\/tr>\n<tr>\n<td>Versi\u00f3n hdcp (hdmi) 2.2<\/td>\n<\/tr>\n<tr>\n<td>Microhdmi n\/a<\/td>\n<\/tr>\n<tr>\n<td>Versi\u00f3n micro hdmi n\/a<\/td>\n<\/tr>\n<tr>\n<td>Versi\u00f3n hdcp (micro hdmi) n\/a<\/td>\n<\/tr>\n<tr>\n<td>Entrada de audio n\/a<\/td>\n<\/tr>\n<tr>\n<td>Auriculares s\u00ed<\/td>\n<\/tr>\n<tr>\n<td>Puerto descendente usb tipo a 3<\/td>\n<\/tr>\n<tr>\n<td>Hub de puerto descendente usb tipo a versi\u00f3n 3<\/td>\n<\/tr>\n<tr>\n<td>Usb-c n\/a<\/td>\n<\/tr>\n<tr>\n<td>Alimentaci\u00f3n de carga usb-c n\/a<\/td>\n<\/tr>\n<tr>\n<td>Entrada thunderbolt 2 ea<\/td>\n<\/tr>\n<tr>\n<td>Potencia de carga thunderbolt 90w<\/td>\n<\/tr>\n<tr>\n<td>Potencia de carga thunderbolt (puerto 2) 15 w<\/td>\n<\/tr>\n<tr>\n<td>Versi\u00f3n de rayo 4<\/td>\n<\/tr>\n<tr>\n<td>Ethernet (lan) 1 unidad<\/td>\n<\/tr>\n<tr>\n<td>Wi-fi n\/a<\/td>\n<\/tr>\n<tr>\n<td>Bluetooth n\/a<\/td>\n<\/tr>\n<tr>\n<td>C\u00e1mara incorporada n\/a<\/td>\n<\/tr>\n<tr>\n<td>Certificaci\u00f3n windows hello n\/a<\/td>\n<\/tr>\n<tr>\n<td>Altavoz de audio s\u00ed<\/td>\n<\/tr>\n<tr>\n<td>Salida de altavoz 5w<\/td>\n<\/tr>\n<tr>\n<td>Sonido adaptativo n\/a<\/td>\n<\/tr>\n<tr>\n<td>Condiciones de operaci\u00f3n temperatura 10~40  and #8451;<\/td>\n<\/tr>\n<tr>\n<td>Humedad 10~80, % sin condensaci\u00f3n<\/td>\n<\/tr>\n<tr>\n<td>Ajuste de f\u00e1brica de calibraci\u00f3n n\/a<\/td>\n<\/tr>\n<tr>\n<td>Motor de calibraci\u00f3n incorporado n\/a<\/td>\n<\/tr>\n<tr>\n<td>Lut (tabla de b\u00fasqueda) profundidad de bits n\/a<\/td>\n<\/tr>\n<tr>\n<td>Balance de grises n\/a<\/td>\n<\/tr>\n<tr>\n<td>Correcci\u00f3n de uniformidad n\/a<\/td>\n<\/tr>\n<tr>\n<td>Modo de color entretenimiento \/ gr\u00e1fico \/ eco \/ est\u00e1ndar de juego \/ rpg \/ rts \/ fps \/ deportes \/ original \/ personalizado<\/td>\n<\/tr>\n<tr>\n<td>Cms (software de gesti\u00f3n del color) n\/a<\/td>\n<\/tr>\n<tr>\n<td>Informe de calibraci\u00f3n de f\u00e1brica n\/a<\/td>\n<\/tr>\n<tr>\n<td>Dise\u00f1o color frontal blanco c\u00e1lido<\/td>\n<\/tr>\n<tr>\n<td>Color trasero blanco c\u00e1lido<\/td>\n<\/tr>\n<tr>\n<td>Color del soporte blanco c\u00e1lido<\/td>\n<\/tr>\n<tr>\n<td>Tipo de soporte tiene<\/td>\n<\/tr>\n<tr>\n<td>Has (soporte de altura ajustable) 120,0 mm (\u00b1 5,0 mm)<\/td>\n<\/tr>\n<tr>\n<td>Inclinaci\u00f3n -2,0 and #730;(\u00b13,0 and #730;) ~ 20,0 and #730;(\u00b13,0 and #730;)<\/td>\n<\/tr>\n<tr>\n<td>Giratorio -30,0 and #730;(\u00b13,0 and #730;) ~ 30,0 and #730;(\u00b13,0 and #730;)<\/td>\n<\/tr>\n<tr>\n<td>Pivote n\/a<\/td>\n<\/tr>\n<tr>\n<td>Soporte de pared 100 x 100<\/td>\n<\/tr>\n<tr>\n<td>Eco energy star s\u00ed<\/td>\n<\/tr>\n<tr>\n<td>Clase de eficiencia energ\u00e9tica n\/a<\/td>\n<\/tr>\n<tr>\n<td>Pl\u00e1stico reciclado 10%<\/td>\n<\/tr>\n<tr>\n<td>Alimentaci\u00f3n fuente de alimentaci\u00f3n ca 100~240v<\/td>\n<\/tr>\n<tr>\n<td>Consumo de energ\u00eda (m\u00e1x.) 200 w<\/td>\n<\/tr>\n<tr>\n<td>Consumo de energ\u00eda (t\u00edpico) n\/a<\/td>\n<\/tr>\n<tr>\n<td>Consumo de energ\u00eda (dpms) n\/a<\/td>\n<\/tr>\n<tr>\n<td>Consumo de energ\u00eda (modo apagado) n\/a<\/td>\n<\/tr>\n<tr>\n<td>Consumo de energ\u00eda (anual) n\/a<\/td>\n<\/tr>\n<tr>\n<td>Tipo alimentaci\u00f3n interna<\/td>\n<\/tr>\n<tr>\n<td>Dimensiones del conjunto de dimensiones con soporte (an. x al. x pr.) 806,6 x 561,5 x 241,0 mm<\/td>\n<\/tr>\n<tr>\n<td>Dimensiones del conjunto sin soporte (an. x al. x pr.) 806,6 x 369,4 x 125,0 mm<\/td>\n<\/tr>\n<tr>\n<td>Dimensiones del paquete (an. x al. x pr.) 807,0 x 125,0 x 367,0 mm<\/td>\n<\/tr>\n<tr>\n<td>Juego de pesas peso con soporte 8,1 kg<\/td>\n<\/tr>\n<tr>\n<td>Peso del juego sin soporte 5,3 kg<\/td>\n<\/tr>\n<tr>\n<td>Peso del paquete 10,5 kg<\/td>\n<\/tr>\n<tr>\n<td>Longitud del cable de alimentaci\u00f3n accesorio 1,5 m<\/td>\n<\/tr>\n<tr>\n<td>Cable sub-d n\/a<\/td>\n<\/tr>\n<tr>\n<td>Cable dvi n\/a<\/td>\n<\/tr>\n<tr>\n<td>Cable hdmi n\/a<\/td>\n<\/tr>\n<tr>\n<td>Cable hdmi a dvi n\/a<\/td>\n<\/tr>\n<tr>\n<td>Cable hdmi a micro hdmi n\/a<\/td>\n<\/tr>\n<tr>\n<td>Cable dp n\/a<\/td>\n<\/tr>\n<tr>\n<td>Cable de puerto de minipantalla n\/a<\/td>\n<\/tr>\n<tr>\n<td>Cable usb tipo c n\/a<\/td>\n<\/tr>\n<tr>\n<td>Cable thunderbolt 3 s\u00ed<\/td>\n<\/tr>\n<tr>\n<td>Cable thunderbolt 4 n\/a<\/td>\n<\/tr>\n<tr>\n<td>Minipantalla g\u00e9nero no<\/td>\n<\/tr>\n<tr>\n<td>Instalar cd n\/a<\/td>\n<\/tr>\n<tr>\n<td>Cable de audio n\/a<\/td>\n<\/tr>\n<tr>\n<td>Cable usb 2.0 n\/a<\/td>\n<\/tr>\n<tr>\n<td>Cable ascendente usb tipo a a b s\u00ed<\/td>\n<\/tr>\n<tr>\n<td>Control remoto n\/a<\/td>\n<\/tr>\n<tr>\n<td>C\u00e1mara n\/a<\/td>\n<\/tr>\n<tr>\n<td>Descargo de responsabilidad descargo de responsabilidad n\/a<\/td>\n<\/tr>\n<tr>\n<td>Certificaci\u00f3n y cumplimiento ul sin reflejos n\/a<\/td>\n<\/tr>\n<tr>\n<td>Validado por pantone n\/a<\/td>\n<\/tr>\n<tr>\n<td>Certificado tco s\u00ed<\/td>\n<\/tr>\n<\/table>\n","protected":false},"excerpt":{"rendered":"<p>Tama\u00f1o de pantalla de visualizaci\u00f3n (clase) 34 Plano \/ curvo curvo Tama\u00f1o de pantalla activa (hxv) (mm) 797,22 (h) * 333,72 (v) Curvatura de pantalla 1000r Relaci\u00f3n de aspecto 21:09 Tipo de panelva Brillo (t\u00edpico) 350 cd\/ and #13217; Brillo (m\u00edn.) 280 cd\/ and #13217; Relaci\u00f3n de contraste (est\u00e1tica) 3000:1 (t\u00edpica) Relaci\u00f3n de contraste (din\u00e1mico) [&hellip;]<\/p>\n","protected":false},"featured_media":234127,"comment_status":"open","ping_status":"open","template":"","meta":[],"product_cat":[1741,1740],"product_tag":[1743],"acf":[],"yoast_head":"<!-- This site is optimized with the Yoast SEO plugin v21.7 - https:\/\/yoast.com\/wordpress\/plugins\/seo\/ -->\n<title>[ Samsung ] &#129351; Ls34c650talxzx Monitor Led 34 Pulgadas \/viewfinity S6\/ultra-wqhd(3440 X 1440)\/ Va \/ Widescreen \/curvo\/ Dp\/ Hdmi\/ Hub Usb \/tb\/ 100hz\/ Blanco<\/title>\n<meta name=\"description\" content=\"Compra Ls34c650talxzx Monitor Led 34 Pulgadas \/viewfinity S6\/ultra-wqhd(3440 X 1440)\/ Va \/ Widescreen \/curvo\/ Dp\/ Hdmi\/ Hub Usb \/tb\/ 100hz\/ Blanco + Env\u00edo a domicilio + Pago seguro + Garant\u00eda\" \/>\n<meta name=\"robots\" content=\"index, follow, max-snippet:-1, max-image-preview:large, max-video-preview:-1\" \/>\n<link rel=\"canonical\" href=\"https:\/\/compuviper.mx\/tienda\/producto\/samsung-ls34c650talxzx-monitor-led-34-pulgadas-viewfinity-s6-ultra-wqhd3440-x-1440-va-widescreen-curvo-dp-hdmi-hub-usb-tb-100hz-blanco\/\" \/>\n<meta property=\"og:locale\" content=\"es_MX\" \/>\n<meta property=\"og:type\" content=\"article\" \/>\n<meta property=\"og:title\" content=\"[ Samsung ] &#129351; Ls34c650talxzx Monitor Led 34 Pulgadas \/viewfinity S6\/ultra-wqhd(3440 X 1440)\/ Va \/ Widescreen \/curvo\/ Dp\/ Hdmi\/ Hub Usb \/tb\/ 100hz\/ Blanco\" \/>\n<meta property=\"og:description\" content=\"Compra Ls34c650talxzx Monitor Led 34 Pulgadas \/viewfinity S6\/ultra-wqhd(3440 X 1440)\/ Va \/ Widescreen \/curvo\/ Dp\/ Hdmi\/ Hub Usb \/tb\/ 100hz\/ Blanco + Env\u00edo a domicilio + Pago seguro + Garant\u00eda\" \/>\n<meta property=\"og:url\" content=\"https:\/\/compuviper.mx\/tienda\/producto\/samsung-ls34c650talxzx-monitor-led-34-pulgadas-viewfinity-s6-ultra-wqhd3440-x-1440-va-widescreen-curvo-dp-hdmi-hub-usb-tb-100hz-blanco\/\" \/>\n<meta property=\"og:site_name\" content=\"Compuviper\" \/>\n<meta property=\"article:publisher\" content=\"https:\/\/www.facebook.com\/compuviper\" \/>\n<meta property=\"og:image\" content=\"https:\/\/compuviper.mx\/tienda\/wp-content\/uploads\/2024\/05\/Monitor-led-samsung-34-pulgadaswidescreen-wqhd-3440-x-1440-hdmi-1-d.-port-1-100hz-5ms-blanco-bocinas-curvo-1000r-thunderbolt.jpg\" \/>\n\t<meta property=\"og:image:width\" content=\"200\" \/>\n\t<meta property=\"og:image:height\" content=\"200\" \/>\n\t<meta property=\"og:image:type\" content=\"image\/jpeg\" \/>\n<meta name=\"twitter:card\" content=\"summary_large_image\" \/>\n<meta name=\"twitter:label1\" content=\"Precio\" \/>\n\t<meta name=\"twitter:data1\" content=\"&#36;8,544 con IVA\" \/>\n\t<meta name=\"twitter:label2\" content=\"Availability\" \/>\n\t<meta name=\"twitter:data2\" content=\"In stock\" \/>\n<script type=\"application\/ld+json\" class=\"yoast-schema-graph\">{\"@context\":\"https:\/\/schema.org\",\"@graph\":[{\"@type\":\"WebPage\",\"@id\":\"https:\/\/compuviper.mx\/tienda\/producto\/samsung-ls34c650talxzx-monitor-led-34-pulgadas-viewfinity-s6-ultra-wqhd3440-x-1440-va-widescreen-curvo-dp-hdmi-hub-usb-tb-100hz-blanco\/\",\"url\":\"https:\/\/compuviper.mx\/tienda\/producto\/samsung-ls34c650talxzx-monitor-led-34-pulgadas-viewfinity-s6-ultra-wqhd3440-x-1440-va-widescreen-curvo-dp-hdmi-hub-usb-tb-100hz-blanco\/\",\"name\":\"[ Samsung ] &#129351; Ls34c650talxzx Monitor Led 34 Pulgadas \/viewfinity S6\/ultra-wqhd(3440 X 1440)\/ Va \/ Widescreen \/curvo\/ Dp\/ Hdmi\/ Hub Usb \/tb\/ 100hz\/ Blanco\",\"isPartOf\":{\"@id\":\"https:\/\/compuviper.mx\/tienda\/#website\"},\"datePublished\":\"2026-04-10T06:43:30+00:00\",\"dateModified\":\"2026-04-10T06:43:30+00:00\",\"description\":\"Compra Ls34c650talxzx Monitor Led 34 Pulgadas \/viewfinity S6\/ultra-wqhd(3440 X 1440)\/ Va \/ Widescreen \/curvo\/ Dp\/ Hdmi\/ Hub Usb \/tb\/ 100hz\/ Blanco + Env\u00edo a domicilio + Pago seguro + Garant\u00eda\",\"breadcrumb\":{\"@id\":\"https:\/\/compuviper.mx\/tienda\/producto\/samsung-ls34c650talxzx-monitor-led-34-pulgadas-viewfinity-s6-ultra-wqhd3440-x-1440-va-widescreen-curvo-dp-hdmi-hub-usb-tb-100hz-blanco\/#breadcrumb\"},\"inLanguage\":\"es-MX\",\"potentialAction\":[{\"@type\":\"ReadAction\",\"target\":[\"https:\/\/compuviper.mx\/tienda\/producto\/samsung-ls34c650talxzx-monitor-led-34-pulgadas-viewfinity-s6-ultra-wqhd3440-x-1440-va-widescreen-curvo-dp-hdmi-hub-usb-tb-100hz-blanco\/\"]}]},{\"@type\":\"BreadcrumbList\",\"@id\":\"https:\/\/compuviper.mx\/tienda\/producto\/samsung-ls34c650talxzx-monitor-led-34-pulgadas-viewfinity-s6-ultra-wqhd3440-x-1440-va-widescreen-curvo-dp-hdmi-hub-usb-tb-100hz-blanco\/#breadcrumb\",\"itemListElement\":[{\"@type\":\"ListItem\",\"position\":1,\"name\":\"Inicio\",\"item\":\"https:\/\/compuviper.mx\/tienda\/\"},{\"@type\":\"ListItem\",\"position\":2,\"name\":\"Productos\",\"item\":\"https:\/\/compuviper.mx\/tienda\/productos\/\"},{\"@type\":\"ListItem\",\"position\":3,\"name\":\"Monitores\",\"item\":\"https:\/\/compuviper.mx\/tienda\/categoria-producto\/monitores\/\"},{\"@type\":\"ListItem\",\"position\":4,\"name\":\"Led\",\"item\":\"https:\/\/compuviper.mx\/tienda\/categoria-producto\/monitores\/led\/\"},{\"@type\":\"ListItem\",\"position\":5,\"name\":\"Samsung Ls34c650talxzx Monitor Led 34 Pulgadas \/viewfinity S6\/ultra-wqhd(3440 X 1440)\/ Va \/ Widescreen \/curvo\/ Dp\/ Hdmi\/ Hub Usb \/tb\/ 100hz\/ Blanco\"}]},{\"@type\":\"WebSite\",\"@id\":\"https:\/\/compuviper.mx\/tienda\/#website\",\"url\":\"https:\/\/compuviper.mx\/tienda\/\",\"name\":\"Compuviper\",\"description\":\"Proveedor de Computadoras, Laptops, Servidores, Monitores, Puntos de Venta, Teclados,   Impresoras, T\u00f3ner, C\u00e1maras de Seguridad y m\u00e1s en tu tienda en l\u00ednea\",\"publisher\":{\"@id\":\"https:\/\/compuviper.mx\/tienda\/#organization\"},\"potentialAction\":[{\"@type\":\"SearchAction\",\"target\":{\"@type\":\"EntryPoint\",\"urlTemplate\":\"https:\/\/compuviper.mx\/tienda\/?s={search_term_string}\"},\"query-input\":\"required name=search_term_string\"}],\"inLanguage\":\"es-MX\"},{\"@type\":\"Organization\",\"@id\":\"https:\/\/compuviper.mx\/tienda\/#organization\",\"name\":\"Compuviper\",\"url\":\"https:\/\/compuviper.mx\/tienda\/\",\"logo\":{\"@type\":\"ImageObject\",\"inLanguage\":\"es-MX\",\"@id\":\"https:\/\/compuviper.mx\/tienda\/#\/schema\/logo\/image\/\",\"url\":\"https:\/\/compuviper.mx\/tienda\/wp-content\/uploads\/2021\/08\/Logo-Compuviper-10.png\",\"contentUrl\":\"https:\/\/compuviper.mx\/tienda\/wp-content\/uploads\/2021\/08\/Logo-Compuviper-10.png\",\"width\":1000,\"height\":500,\"caption\":\"Compuviper\"},\"image\":{\"@id\":\"https:\/\/compuviper.mx\/tienda\/#\/schema\/logo\/image\/\"},\"sameAs\":[\"https:\/\/www.facebook.com\/compuviper\",\"https:\/\/www.youtube.com\/channel\/UCf73dERp9Y3cfOq7q8BhLjA?view_as=subscriber\"]}]}<\/script>\n<meta property=\"product:brand\" content=\"SAMSUNG\" \/>\n<meta property=\"product:price:amount\" content=\"8544\" \/>\n<meta property=\"product:price:currency\" content=\"MXN\" \/>\n<meta property=\"og:availability\" content=\"instock\" \/>\n<meta property=\"product:availability\" content=\"instock\" \/>\n<meta property=\"product:retailer_item_id\" content=\"LS34C650TALXZX\" \/>\n<meta property=\"product:condition\" content=\"new\" \/>\n<!-- \/ Yoast SEO plugin. -->","yoast_head_json":{"title":"[ Samsung ] &#129351; Ls34c650talxzx Monitor Led 34 Pulgadas \/viewfinity S6\/ultra-wqhd(3440 X 1440)\/ Va \/ Widescreen \/curvo\/ Dp\/ Hdmi\/ Hub Usb \/tb\/ 100hz\/ Blanco","description":"Compra Ls34c650talxzx Monitor Led 34 Pulgadas \/viewfinity S6\/ultra-wqhd(3440 X 1440)\/ Va \/ Widescreen \/curvo\/ Dp\/ Hdmi\/ Hub Usb \/tb\/ 100hz\/ Blanco + Env\u00edo a domicilio + Pago seguro + Garant\u00eda","robots":{"index":"index","follow":"follow","max-snippet":"max-snippet:-1","max-image-preview":"max-image-preview:large","max-video-preview":"max-video-preview:-1"},"canonical":"https:\/\/compuviper.mx\/tienda\/producto\/samsung-ls34c650talxzx-monitor-led-34-pulgadas-viewfinity-s6-ultra-wqhd3440-x-1440-va-widescreen-curvo-dp-hdmi-hub-usb-tb-100hz-blanco\/","og_locale":"es_MX","og_type":"article","og_title":"[ Samsung ] &#129351; Ls34c650talxzx Monitor Led 34 Pulgadas \/viewfinity S6\/ultra-wqhd(3440 X 1440)\/ Va \/ Widescreen \/curvo\/ Dp\/ Hdmi\/ Hub Usb \/tb\/ 100hz\/ Blanco","og_description":"Compra Ls34c650talxzx Monitor Led 34 Pulgadas \/viewfinity S6\/ultra-wqhd(3440 X 1440)\/ Va \/ Widescreen \/curvo\/ Dp\/ Hdmi\/ Hub Usb \/tb\/ 100hz\/ Blanco + Env\u00edo a domicilio + Pago seguro + Garant\u00eda","og_url":"https:\/\/compuviper.mx\/tienda\/producto\/samsung-ls34c650talxzx-monitor-led-34-pulgadas-viewfinity-s6-ultra-wqhd3440-x-1440-va-widescreen-curvo-dp-hdmi-hub-usb-tb-100hz-blanco\/","og_site_name":"Compuviper","article_publisher":"https:\/\/www.facebook.com\/compuviper","og_image":[{"width":200,"height":200,"url":"https:\/\/compuviper.mx\/tienda\/wp-content\/uploads\/2024\/05\/Monitor-led-samsung-34-pulgadaswidescreen-wqhd-3440-x-1440-hdmi-1-d.-port-1-100hz-5ms-blanco-bocinas-curvo-1000r-thunderbolt.jpg","type":"image\/jpeg"}],"twitter_card":"summary_large_image","twitter_misc":{"Precio":"&#36;8,544 con IVA","Availability":"In stock"},"schema":{"@context":"https:\/\/schema.org","@graph":[{"@type":"WebPage","@id":"https:\/\/compuviper.mx\/tienda\/producto\/samsung-ls34c650talxzx-monitor-led-34-pulgadas-viewfinity-s6-ultra-wqhd3440-x-1440-va-widescreen-curvo-dp-hdmi-hub-usb-tb-100hz-blanco\/","url":"https:\/\/compuviper.mx\/tienda\/producto\/samsung-ls34c650talxzx-monitor-led-34-pulgadas-viewfinity-s6-ultra-wqhd3440-x-1440-va-widescreen-curvo-dp-hdmi-hub-usb-tb-100hz-blanco\/","name":"[ Samsung ] &#129351; Ls34c650talxzx Monitor Led 34 Pulgadas \/viewfinity S6\/ultra-wqhd(3440 X 1440)\/ Va \/ Widescreen \/curvo\/ Dp\/ Hdmi\/ Hub Usb \/tb\/ 100hz\/ Blanco","isPartOf":{"@id":"https:\/\/compuviper.mx\/tienda\/#website"},"datePublished":"2026-04-10T06:43:30+00:00","dateModified":"2026-04-10T06:43:30+00:00","description":"Compra Ls34c650talxzx Monitor Led 34 Pulgadas \/viewfinity S6\/ultra-wqhd(3440 X 1440)\/ Va \/ Widescreen \/curvo\/ Dp\/ Hdmi\/ Hub Usb \/tb\/ 100hz\/ Blanco + Env\u00edo a domicilio + Pago seguro + Garant\u00eda","breadcrumb":{"@id":"https:\/\/compuviper.mx\/tienda\/producto\/samsung-ls34c650talxzx-monitor-led-34-pulgadas-viewfinity-s6-ultra-wqhd3440-x-1440-va-widescreen-curvo-dp-hdmi-hub-usb-tb-100hz-blanco\/#breadcrumb"},"inLanguage":"es-MX","potentialAction":[{"@type":"ReadAction","target":["https:\/\/compuviper.mx\/tienda\/producto\/samsung-ls34c650talxzx-monitor-led-34-pulgadas-viewfinity-s6-ultra-wqhd3440-x-1440-va-widescreen-curvo-dp-hdmi-hub-usb-tb-100hz-blanco\/"]}]},{"@type":"BreadcrumbList","@id":"https:\/\/compuviper.mx\/tienda\/producto\/samsung-ls34c650talxzx-monitor-led-34-pulgadas-viewfinity-s6-ultra-wqhd3440-x-1440-va-widescreen-curvo-dp-hdmi-hub-usb-tb-100hz-blanco\/#breadcrumb","itemListElement":[{"@type":"ListItem","position":1,"name":"Inicio","item":"https:\/\/compuviper.mx\/tienda\/"},{"@type":"ListItem","position":2,"name":"Productos","item":"https:\/\/compuviper.mx\/tienda\/productos\/"},{"@type":"ListItem","position":3,"name":"Monitores","item":"https:\/\/compuviper.mx\/tienda\/categoria-producto\/monitores\/"},{"@type":"ListItem","position":4,"name":"Led","item":"https:\/\/compuviper.mx\/tienda\/categoria-producto\/monitores\/led\/"},{"@type":"ListItem","position":5,"name":"Samsung Ls34c650talxzx Monitor Led 34 Pulgadas \/viewfinity S6\/ultra-wqhd(3440 X 1440)\/ Va \/ Widescreen \/curvo\/ Dp\/ Hdmi\/ Hub Usb \/tb\/ 100hz\/ Blanco"}]},{"@type":"WebSite","@id":"https:\/\/compuviper.mx\/tienda\/#website","url":"https:\/\/compuviper.mx\/tienda\/","name":"Compuviper","description":"Proveedor de Computadoras, Laptops, Servidores, Monitores, Puntos de Venta, Teclados,   Impresoras, T\u00f3ner, C\u00e1maras de Seguridad y m\u00e1s en tu tienda en l\u00ednea","publisher":{"@id":"https:\/\/compuviper.mx\/tienda\/#organization"},"potentialAction":[{"@type":"SearchAction","target":{"@type":"EntryPoint","urlTemplate":"https:\/\/compuviper.mx\/tienda\/?s={search_term_string}"},"query-input":"required name=search_term_string"}],"inLanguage":"es-MX"},{"@type":"Organization","@id":"https:\/\/compuviper.mx\/tienda\/#organization","name":"Compuviper","url":"https:\/\/compuviper.mx\/tienda\/","logo":{"@type":"ImageObject","inLanguage":"es-MX","@id":"https:\/\/compuviper.mx\/tienda\/#\/schema\/logo\/image\/","url":"https:\/\/compuviper.mx\/tienda\/wp-content\/uploads\/2021\/08\/Logo-Compuviper-10.png","contentUrl":"https:\/\/compuviper.mx\/tienda\/wp-content\/uploads\/2021\/08\/Logo-Compuviper-10.png","width":1000,"height":500,"caption":"Compuviper"},"image":{"@id":"https:\/\/compuviper.mx\/tienda\/#\/schema\/logo\/image\/"},"sameAs":["https:\/\/www.facebook.com\/compuviper","https:\/\/www.youtube.com\/channel\/UCf73dERp9Y3cfOq7q8BhLjA?view_as=subscriber"]}]},"product_brand":"SAMSUNG","product_price_amount":"8544","product_price_currency":"MXN","og_availability":"instock","product_availability":"instock","product_retailer_item_id":"LS34C650TALXZX","product_condition":"new"},"_links":{"self":[{"href":"https:\/\/compuviper.mx\/tienda\/wp-json\/wp\/v2\/product\/229277"}],"collection":[{"href":"https:\/\/compuviper.mx\/tienda\/wp-json\/wp\/v2\/product"}],"about":[{"href":"https:\/\/compuviper.mx\/tienda\/wp-json\/wp\/v2\/types\/product"}],"replies":[{"embeddable":true,"href":"https:\/\/compuviper.mx\/tienda\/wp-json\/wp\/v2\/comments?post=229277"}],"wp:featuredmedia":[{"embeddable":true,"href":"https:\/\/compuviper.mx\/tienda\/wp-json\/wp\/v2\/media\/234127"}],"wp:attachment":[{"href":"https:\/\/compuviper.mx\/tienda\/wp-json\/wp\/v2\/media?parent=229277"}],"wp:term":[{"taxonomy":"product_cat","embeddable":true,"href":"https:\/\/compuviper.mx\/tienda\/wp-json\/wp\/v2\/product_cat?post=229277"},{"taxonomy":"product_tag","embeddable":true,"href":"https:\/\/compuviper.mx\/tienda\/wp-json\/wp\/v2\/product_tag?post=229277"}],"curies":[{"name":"wp","href":"https:\/\/api.w.org\/{rel}","templated":true}]}}