{"id":229240,"date":"2026-04-10T23:49:18","date_gmt":"2026-04-11T05:49:18","guid":{"rendered":"https:\/\/compuviper.mx\/tienda\/producto\/balam-rush-br-938075-ventilador-para-pc-eolox-blaze-ex50w-flujo-de-aire-30-71-cfm-silencioso-221-db-velocidad-1200-rpm-pines-3-macho-y-hembra-blanco-aura-rgb\/"},"modified":"2026-04-10T23:49:18","modified_gmt":"2026-04-11T05:49:18","slug":"balam-rush-br-9380757506215938075-ventilador-para-pc-eolox-blaze-ex50w-flujo-de-aire-30-71-cfm-silencioso-221-db-velocidad-1200-rpm-pines-3-macho-y-hembra-blanco-aura-rgb-br-938075","status":"publish","type":"product","link":"https:\/\/compuviper.mx\/tienda\/producto\/balam-rush-br-9380757506215938075-ventilador-para-pc-eolox-blaze-ex50w-flujo-de-aire-30-71-cfm-silencioso-221-db-velocidad-1200-rpm-pines-3-macho-y-hembra-blanco-aura-rgb-br-938075\/","title":{"rendered":"Balam Rush Br-938075,7506215938075 Ventilador Para Pc  Eolox Blaze Ex50w \/ Flujo De Aire 30.71 Cfm \/ Silencioso 221 Db \/ Velocidad 1200 Rpm \/ Pines 3 Macho Y Hembra \/ Blanco  \/  Aura Rgb \/ Br-938075"},"content":{"rendered":"<table class=\"descripcion\">\n<tr>\n<td>Especificaciones<\/td>\n<\/tr>\n<tr>\n<td>*producto: ventilador de aire<\/td>\n<\/tr>\n<tr>\n<td>*modelo: br-938068<\/td>\n<\/tr>\n<tr>\n<td>*cantidad de ventiladores: 1 pz<\/td>\n<\/tr>\n<tr>\n<td>*medida: 0.120  x 0.025 m<\/td>\n<\/tr>\n<tr>\n<td>*tipo de rodamiento: hidraulico<\/td>\n<\/tr>\n<tr>\n<td>*velocidad: 1500 rpm<\/td>\n<\/tr>\n<tr>\n<td>*no. de aspas: 9 ( flujo de aire)<\/td>\n<\/tr>\n<tr>\n<td>*flujo de aire: 28.76 cfm<\/td>\n<\/tr>\n<tr>\n<td>*ruido: 23.3 db<\/td>\n<\/tr>\n<tr>\n<td>*tipo de conector: 3 pin macho  and  hembra<\/td>\n<\/tr>\n<tr>\n<td>*material: plastico<\/td>\n<\/tr>\n<tr>\n<td>*tiempo de vida: 40000 h<\/td>\n<\/tr>\n<tr>\n<td>*peso total: 0.405 kg<\/td>\n<\/tr>\n<tr>\n<td>*iluminaci\u00f3n:<\/td>\n<\/tr>\n<tr>\n<td>    *tipo: led rgb<\/td>\n<\/tr>\n<tr>\n<td>    *modos: 32 modos<\/td>\n<\/tr>\n<tr>\n<td>    *niveles de velocidad: 16 niveles<\/td>\n<\/tr>\n<tr>\n<td>    *niveles de brillo del modo: 8 niveles<\/td>\n<\/tr>\n<tr>\n<td>    *controladores: hub controlador con control<\/td>\n<\/tr>\n<tr>\n<td>    *conector: aura<\/td>\n<\/tr>\n<tr>\n<td>*tama\u00f1o de cable:550 mm<\/td>\n<\/tr>\n<tr>\n<td>*voltaje: ventilador 12 vc.c. iluminacion 5 vc.c.<\/td>\n<\/tr>\n<\/table>\n","protected":false},"excerpt":{"rendered":"<p>Ventilador para pc balam rush eolox blaze ex50w \/ flujo de aire 30.71 cfm \/ silencioso 221 db \/ velocidad 1200 rpm \/ pines 3 macho y hembra \/ blanco  \/  aura rgb \/ br-938075<\/p>\n","protected":false},"featured_media":233804,"comment_status":"open","ping_status":"open","template":"","meta":[],"product_cat":[1616,1612],"product_tag":[2097],"acf":[],"yoast_head":"<!-- This site is optimized with the Yoast SEO plugin v21.7 - https:\/\/yoast.com\/wordpress\/plugins\/seo\/ -->\n<title>[ Balam Rush ] &#129351; Br-938075,7506215938075 Ventilador Para Pc Eolox Blaze Ex50w \/ Flujo De Aire 30.71 Cfm \/ Silencioso 221 Db \/ Velocidad 1200 Rpm \/ Pines 3 Macho Y Hembra \/ Blanco \/ Aura Rgb \/ Br-938075<\/title>\n<meta name=\"description\" content=\"Compra Br-938075,7506215938075 Ventilador Para Pc Eolox Blaze Ex50w \/ Flujo De Aire 30.71 Cfm \/ Silencioso 221 Db \/ Velocidad 1200 Rpm \/ Pines 3 Macho Y Hembra \/ Blanco \/ Aura Rgb \/ Br-938075 + Env\u00edo a domicilio + Pago seguro + Garant\u00eda\" \/>\n<meta name=\"robots\" content=\"index, follow, max-snippet:-1, max-image-preview:large, max-video-preview:-1\" \/>\n<link rel=\"canonical\" href=\"https:\/\/compuviper.mx\/tienda\/producto\/balam-rush-br-9380757506215938075-ventilador-para-pc-eolox-blaze-ex50w-flujo-de-aire-30-71-cfm-silencioso-221-db-velocidad-1200-rpm-pines-3-macho-y-hembra-blanco-aura-rgb-br-938075\/\" \/>\n<meta property=\"og:locale\" content=\"es_MX\" \/>\n<meta property=\"og:type\" content=\"article\" \/>\n<meta property=\"og:title\" content=\"[ Balam Rush ] &#129351; Br-938075,7506215938075 Ventilador Para Pc Eolox Blaze Ex50w \/ Flujo De Aire 30.71 Cfm \/ Silencioso 221 Db \/ Velocidad 1200 Rpm \/ Pines 3 Macho Y Hembra \/ Blanco \/ Aura Rgb \/ Br-938075\" \/>\n<meta property=\"og:description\" content=\"Compra Br-938075,7506215938075 Ventilador Para Pc Eolox Blaze Ex50w \/ Flujo De Aire 30.71 Cfm \/ Silencioso 221 Db \/ Velocidad 1200 Rpm \/ Pines 3 Macho Y Hembra \/ Blanco \/ Aura Rgb \/ Br-938075 + Env\u00edo a domicilio + Pago seguro + Garant\u00eda\" \/>\n<meta property=\"og:url\" content=\"https:\/\/compuviper.mx\/tienda\/producto\/balam-rush-br-9380757506215938075-ventilador-para-pc-eolox-blaze-ex50w-flujo-de-aire-30-71-cfm-silencioso-221-db-velocidad-1200-rpm-pines-3-macho-y-hembra-blanco-aura-rgb-br-938075\/\" \/>\n<meta property=\"og:site_name\" content=\"Compuviper\" \/>\n<meta property=\"article:publisher\" content=\"https:\/\/www.facebook.com\/compuviper\" \/>\n<meta property=\"og:image\" content=\"https:\/\/compuviper.mx\/tienda\/wp-content\/uploads\/2024\/05\/Ventilador-para-pc-balam-rush-eolox-blaze-ex50w-flujo-de-aire-30.71-cfm-silencioso-221-db-velocidad-1200-rpm-pines-3-macho-y-hembra-blanco-aura-rgb-br-938075.jpg\" \/>\n\t<meta property=\"og:image:width\" content=\"200\" \/>\n\t<meta property=\"og:image:height\" content=\"200\" \/>\n\t<meta property=\"og:image:type\" content=\"image\/jpeg\" \/>\n<meta name=\"twitter:card\" content=\"summary_large_image\" \/>\n<meta name=\"twitter:label1\" content=\"Precio\" \/>\n\t<meta name=\"twitter:data1\" content=\"&#36;108 &#36;103 con IVA\" \/>\n\t<meta name=\"twitter:label2\" content=\"Availability\" \/>\n\t<meta name=\"twitter:data2\" content=\"In stock\" \/>\n<script type=\"application\/ld+json\" class=\"yoast-schema-graph\">{\"@context\":\"https:\/\/schema.org\",\"@graph\":[{\"@type\":\"WebPage\",\"@id\":\"https:\/\/compuviper.mx\/tienda\/producto\/balam-rush-br-9380757506215938075-ventilador-para-pc-eolox-blaze-ex50w-flujo-de-aire-30-71-cfm-silencioso-221-db-velocidad-1200-rpm-pines-3-macho-y-hembra-blanco-aura-rgb-br-938075\/\",\"url\":\"https:\/\/compuviper.mx\/tienda\/producto\/balam-rush-br-9380757506215938075-ventilador-para-pc-eolox-blaze-ex50w-flujo-de-aire-30-71-cfm-silencioso-221-db-velocidad-1200-rpm-pines-3-macho-y-hembra-blanco-aura-rgb-br-938075\/\",\"name\":\"[ Balam Rush ] &#129351; Br-938075,7506215938075 Ventilador Para Pc Eolox Blaze Ex50w \/ Flujo De Aire 30.71 Cfm \/ Silencioso 221 Db \/ Velocidad 1200 Rpm \/ Pines 3 Macho Y Hembra \/ Blanco \/ Aura Rgb \/ Br-938075\",\"isPartOf\":{\"@id\":\"https:\/\/compuviper.mx\/tienda\/#website\"},\"datePublished\":\"2026-04-11T05:49:18+00:00\",\"dateModified\":\"2026-04-11T05:49:18+00:00\",\"description\":\"Compra Br-938075,7506215938075 Ventilador Para Pc Eolox Blaze Ex50w \/ Flujo De Aire 30.71 Cfm \/ Silencioso 221 Db \/ Velocidad 1200 Rpm \/ Pines 3 Macho Y Hembra \/ Blanco \/ Aura Rgb \/ Br-938075 + Env\u00edo a domicilio + Pago seguro + Garant\u00eda\",\"breadcrumb\":{\"@id\":\"https:\/\/compuviper.mx\/tienda\/producto\/balam-rush-br-9380757506215938075-ventilador-para-pc-eolox-blaze-ex50w-flujo-de-aire-30-71-cfm-silencioso-221-db-velocidad-1200-rpm-pines-3-macho-y-hembra-blanco-aura-rgb-br-938075\/#breadcrumb\"},\"inLanguage\":\"es-MX\",\"potentialAction\":[{\"@type\":\"ReadAction\",\"target\":[\"https:\/\/compuviper.mx\/tienda\/producto\/balam-rush-br-9380757506215938075-ventilador-para-pc-eolox-blaze-ex50w-flujo-de-aire-30-71-cfm-silencioso-221-db-velocidad-1200-rpm-pines-3-macho-y-hembra-blanco-aura-rgb-br-938075\/\"]}]},{\"@type\":\"BreadcrumbList\",\"@id\":\"https:\/\/compuviper.mx\/tienda\/producto\/balam-rush-br-9380757506215938075-ventilador-para-pc-eolox-blaze-ex50w-flujo-de-aire-30-71-cfm-silencioso-221-db-velocidad-1200-rpm-pines-3-macho-y-hembra-blanco-aura-rgb-br-938075\/#breadcrumb\",\"itemListElement\":[{\"@type\":\"ListItem\",\"position\":1,\"name\":\"Inicio\",\"item\":\"https:\/\/compuviper.mx\/tienda\/\"},{\"@type\":\"ListItem\",\"position\":2,\"name\":\"Productos\",\"item\":\"https:\/\/compuviper.mx\/tienda\/productos\/\"},{\"@type\":\"ListItem\",\"position\":3,\"name\":\"Ventiladores\",\"item\":\"https:\/\/compuviper.mx\/tienda\/categoria-producto\/ventiladores\/\"},{\"@type\":\"ListItem\",\"position\":4,\"name\":\"Para Gabinete\",\"item\":\"https:\/\/compuviper.mx\/tienda\/categoria-producto\/ventiladores\/para-gabinete\/\"},{\"@type\":\"ListItem\",\"position\":5,\"name\":\"Balam Rush Br-938075,7506215938075 Ventilador Para Pc Eolox Blaze Ex50w \/ Flujo De Aire 30.71 Cfm \/ Silencioso 221 Db \/ Velocidad 1200 Rpm \/ Pines 3 Macho Y Hembra \/ Blanco \/ Aura Rgb \/ Br-938075\"}]},{\"@type\":\"WebSite\",\"@id\":\"https:\/\/compuviper.mx\/tienda\/#website\",\"url\":\"https:\/\/compuviper.mx\/tienda\/\",\"name\":\"Compuviper\",\"description\":\"Proveedor de Computadoras, Laptops, Servidores, Monitores, Puntos de Venta, Teclados,   Impresoras, T\u00f3ner, C\u00e1maras de Seguridad y m\u00e1s en tu tienda en l\u00ednea\",\"publisher\":{\"@id\":\"https:\/\/compuviper.mx\/tienda\/#organization\"},\"potentialAction\":[{\"@type\":\"SearchAction\",\"target\":{\"@type\":\"EntryPoint\",\"urlTemplate\":\"https:\/\/compuviper.mx\/tienda\/?s={search_term_string}\"},\"query-input\":\"required name=search_term_string\"}],\"inLanguage\":\"es-MX\"},{\"@type\":\"Organization\",\"@id\":\"https:\/\/compuviper.mx\/tienda\/#organization\",\"name\":\"Compuviper\",\"url\":\"https:\/\/compuviper.mx\/tienda\/\",\"logo\":{\"@type\":\"ImageObject\",\"inLanguage\":\"es-MX\",\"@id\":\"https:\/\/compuviper.mx\/tienda\/#\/schema\/logo\/image\/\",\"url\":\"https:\/\/compuviper.mx\/tienda\/wp-content\/uploads\/2021\/08\/Logo-Compuviper-10.png\",\"contentUrl\":\"https:\/\/compuviper.mx\/tienda\/wp-content\/uploads\/2021\/08\/Logo-Compuviper-10.png\",\"width\":1000,\"height\":500,\"caption\":\"Compuviper\"},\"image\":{\"@id\":\"https:\/\/compuviper.mx\/tienda\/#\/schema\/logo\/image\/\"},\"sameAs\":[\"https:\/\/www.facebook.com\/compuviper\",\"https:\/\/www.youtube.com\/channel\/UCf73dERp9Y3cfOq7q8BhLjA?view_as=subscriber\"]}]}<\/script>\n<meta property=\"product:brand\" content=\"Balam Rush\" \/>\n<meta property=\"product:price:amount\" content=\"103\" \/>\n<meta property=\"product:price:currency\" content=\"MXN\" \/>\n<meta property=\"og:availability\" content=\"instock\" \/>\n<meta property=\"product:availability\" content=\"instock\" \/>\n<meta property=\"product:retailer_item_id\" content=\"BR-938075,7506215938075\" \/>\n<meta property=\"product:condition\" content=\"new\" \/>\n<!-- \/ Yoast SEO plugin. -->","yoast_head_json":{"title":"[ Balam Rush ] &#129351; Br-938075,7506215938075 Ventilador Para Pc Eolox Blaze Ex50w \/ Flujo De Aire 30.71 Cfm \/ Silencioso 221 Db \/ Velocidad 1200 Rpm \/ Pines 3 Macho Y Hembra \/ Blanco \/ Aura Rgb \/ Br-938075","description":"Compra Br-938075,7506215938075 Ventilador Para Pc Eolox Blaze Ex50w \/ Flujo De Aire 30.71 Cfm \/ Silencioso 221 Db \/ Velocidad 1200 Rpm \/ Pines 3 Macho Y Hembra \/ Blanco \/ Aura Rgb \/ Br-938075 + Env\u00edo a domicilio + Pago seguro + Garant\u00eda","robots":{"index":"index","follow":"follow","max-snippet":"max-snippet:-1","max-image-preview":"max-image-preview:large","max-video-preview":"max-video-preview:-1"},"canonical":"https:\/\/compuviper.mx\/tienda\/producto\/balam-rush-br-9380757506215938075-ventilador-para-pc-eolox-blaze-ex50w-flujo-de-aire-30-71-cfm-silencioso-221-db-velocidad-1200-rpm-pines-3-macho-y-hembra-blanco-aura-rgb-br-938075\/","og_locale":"es_MX","og_type":"article","og_title":"[ Balam Rush ] &#129351; Br-938075,7506215938075 Ventilador Para Pc Eolox Blaze Ex50w \/ Flujo De Aire 30.71 Cfm \/ Silencioso 221 Db \/ Velocidad 1200 Rpm \/ Pines 3 Macho Y Hembra \/ Blanco \/ Aura Rgb \/ Br-938075","og_description":"Compra Br-938075,7506215938075 Ventilador Para Pc Eolox Blaze Ex50w \/ Flujo De Aire 30.71 Cfm \/ Silencioso 221 Db \/ Velocidad 1200 Rpm \/ Pines 3 Macho Y Hembra \/ Blanco \/ Aura Rgb \/ Br-938075 + Env\u00edo a domicilio + Pago seguro + Garant\u00eda","og_url":"https:\/\/compuviper.mx\/tienda\/producto\/balam-rush-br-9380757506215938075-ventilador-para-pc-eolox-blaze-ex50w-flujo-de-aire-30-71-cfm-silencioso-221-db-velocidad-1200-rpm-pines-3-macho-y-hembra-blanco-aura-rgb-br-938075\/","og_site_name":"Compuviper","article_publisher":"https:\/\/www.facebook.com\/compuviper","og_image":[{"width":200,"height":200,"url":"https:\/\/compuviper.mx\/tienda\/wp-content\/uploads\/2024\/05\/Ventilador-para-pc-balam-rush-eolox-blaze-ex50w-flujo-de-aire-30.71-cfm-silencioso-221-db-velocidad-1200-rpm-pines-3-macho-y-hembra-blanco-aura-rgb-br-938075.jpg","type":"image\/jpeg"}],"twitter_card":"summary_large_image","twitter_misc":{"Precio":"&#36;108 &#36;103 con IVA","Availability":"In stock"},"schema":{"@context":"https:\/\/schema.org","@graph":[{"@type":"WebPage","@id":"https:\/\/compuviper.mx\/tienda\/producto\/balam-rush-br-9380757506215938075-ventilador-para-pc-eolox-blaze-ex50w-flujo-de-aire-30-71-cfm-silencioso-221-db-velocidad-1200-rpm-pines-3-macho-y-hembra-blanco-aura-rgb-br-938075\/","url":"https:\/\/compuviper.mx\/tienda\/producto\/balam-rush-br-9380757506215938075-ventilador-para-pc-eolox-blaze-ex50w-flujo-de-aire-30-71-cfm-silencioso-221-db-velocidad-1200-rpm-pines-3-macho-y-hembra-blanco-aura-rgb-br-938075\/","name":"[ Balam Rush ] &#129351; Br-938075,7506215938075 Ventilador Para Pc Eolox Blaze Ex50w \/ Flujo De Aire 30.71 Cfm \/ Silencioso 221 Db \/ Velocidad 1200 Rpm \/ Pines 3 Macho Y Hembra \/ Blanco \/ Aura Rgb \/ Br-938075","isPartOf":{"@id":"https:\/\/compuviper.mx\/tienda\/#website"},"datePublished":"2026-04-11T05:49:18+00:00","dateModified":"2026-04-11T05:49:18+00:00","description":"Compra Br-938075,7506215938075 Ventilador Para Pc Eolox Blaze Ex50w \/ Flujo De Aire 30.71 Cfm \/ Silencioso 221 Db \/ Velocidad 1200 Rpm \/ Pines 3 Macho Y Hembra \/ Blanco \/ Aura Rgb \/ Br-938075 + Env\u00edo a domicilio + Pago seguro + Garant\u00eda","breadcrumb":{"@id":"https:\/\/compuviper.mx\/tienda\/producto\/balam-rush-br-9380757506215938075-ventilador-para-pc-eolox-blaze-ex50w-flujo-de-aire-30-71-cfm-silencioso-221-db-velocidad-1200-rpm-pines-3-macho-y-hembra-blanco-aura-rgb-br-938075\/#breadcrumb"},"inLanguage":"es-MX","potentialAction":[{"@type":"ReadAction","target":["https:\/\/compuviper.mx\/tienda\/producto\/balam-rush-br-9380757506215938075-ventilador-para-pc-eolox-blaze-ex50w-flujo-de-aire-30-71-cfm-silencioso-221-db-velocidad-1200-rpm-pines-3-macho-y-hembra-blanco-aura-rgb-br-938075\/"]}]},{"@type":"BreadcrumbList","@id":"https:\/\/compuviper.mx\/tienda\/producto\/balam-rush-br-9380757506215938075-ventilador-para-pc-eolox-blaze-ex50w-flujo-de-aire-30-71-cfm-silencioso-221-db-velocidad-1200-rpm-pines-3-macho-y-hembra-blanco-aura-rgb-br-938075\/#breadcrumb","itemListElement":[{"@type":"ListItem","position":1,"name":"Inicio","item":"https:\/\/compuviper.mx\/tienda\/"},{"@type":"ListItem","position":2,"name":"Productos","item":"https:\/\/compuviper.mx\/tienda\/productos\/"},{"@type":"ListItem","position":3,"name":"Ventiladores","item":"https:\/\/compuviper.mx\/tienda\/categoria-producto\/ventiladores\/"},{"@type":"ListItem","position":4,"name":"Para Gabinete","item":"https:\/\/compuviper.mx\/tienda\/categoria-producto\/ventiladores\/para-gabinete\/"},{"@type":"ListItem","position":5,"name":"Balam Rush Br-938075,7506215938075 Ventilador Para Pc Eolox Blaze Ex50w \/ Flujo De Aire 30.71 Cfm \/ Silencioso 221 Db \/ Velocidad 1200 Rpm \/ Pines 3 Macho Y Hembra \/ Blanco \/ Aura Rgb \/ Br-938075"}]},{"@type":"WebSite","@id":"https:\/\/compuviper.mx\/tienda\/#website","url":"https:\/\/compuviper.mx\/tienda\/","name":"Compuviper","description":"Proveedor de Computadoras, Laptops, Servidores, Monitores, Puntos de Venta, Teclados,   Impresoras, T\u00f3ner, C\u00e1maras de Seguridad y m\u00e1s en tu tienda en l\u00ednea","publisher":{"@id":"https:\/\/compuviper.mx\/tienda\/#organization"},"potentialAction":[{"@type":"SearchAction","target":{"@type":"EntryPoint","urlTemplate":"https:\/\/compuviper.mx\/tienda\/?s={search_term_string}"},"query-input":"required name=search_term_string"}],"inLanguage":"es-MX"},{"@type":"Organization","@id":"https:\/\/compuviper.mx\/tienda\/#organization","name":"Compuviper","url":"https:\/\/compuviper.mx\/tienda\/","logo":{"@type":"ImageObject","inLanguage":"es-MX","@id":"https:\/\/compuviper.mx\/tienda\/#\/schema\/logo\/image\/","url":"https:\/\/compuviper.mx\/tienda\/wp-content\/uploads\/2021\/08\/Logo-Compuviper-10.png","contentUrl":"https:\/\/compuviper.mx\/tienda\/wp-content\/uploads\/2021\/08\/Logo-Compuviper-10.png","width":1000,"height":500,"caption":"Compuviper"},"image":{"@id":"https:\/\/compuviper.mx\/tienda\/#\/schema\/logo\/image\/"},"sameAs":["https:\/\/www.facebook.com\/compuviper","https:\/\/www.youtube.com\/channel\/UCf73dERp9Y3cfOq7q8BhLjA?view_as=subscriber"]}]},"product_brand":"Balam Rush","product_price_amount":"103","product_price_currency":"MXN","og_availability":"instock","product_availability":"instock","product_retailer_item_id":"BR-938075,7506215938075","product_condition":"new"},"_links":{"self":[{"href":"https:\/\/compuviper.mx\/tienda\/wp-json\/wp\/v2\/product\/229240"}],"collection":[{"href":"https:\/\/compuviper.mx\/tienda\/wp-json\/wp\/v2\/product"}],"about":[{"href":"https:\/\/compuviper.mx\/tienda\/wp-json\/wp\/v2\/types\/product"}],"replies":[{"embeddable":true,"href":"https:\/\/compuviper.mx\/tienda\/wp-json\/wp\/v2\/comments?post=229240"}],"wp:featuredmedia":[{"embeddable":true,"href":"https:\/\/compuviper.mx\/tienda\/wp-json\/wp\/v2\/media\/233804"}],"wp:attachment":[{"href":"https:\/\/compuviper.mx\/tienda\/wp-json\/wp\/v2\/media?parent=229240"}],"wp:term":[{"taxonomy":"product_cat","embeddable":true,"href":"https:\/\/compuviper.mx\/tienda\/wp-json\/wp\/v2\/product_cat?post=229240"},{"taxonomy":"product_tag","embeddable":true,"href":"https:\/\/compuviper.mx\/tienda\/wp-json\/wp\/v2\/product_tag?post=229240"}],"curies":[{"name":"wp","href":"https:\/\/api.w.org\/{rel}","templated":true}]}}