{"id":229202,"date":"2026-04-10T23:44:47","date_gmt":"2026-04-11T05:44:47","guid":{"rendered":"https:\/\/compuviper.mx\/tienda\/producto\/startech-com-hdmm10-cable-de-3m-hdmi-cable-hdmi-de-alta-velocidad-con-ethernet-de-4k-video-uhd-de-4k-a-30hz-cable-hdmi-1-4-para-monitores-proyectores-tv-hdmi-ultra-hd-cable-hdmi-negro\/"},"modified":"2026-04-10T23:44:47","modified_gmt":"2026-04-11T05:44:47","slug":"startech-com-hdmm10-cable-de-3m-hdmi-cable-hdmi-de-alta-velocidad-con-ethernet-de-4k-video-uhd-de-4k-a-30hz-cable-hdmi-1-4-para-monitores-proyectores-tv-hdmi-ultra-hd-cable-hdmi-negro","status":"publish","type":"product","link":"https:\/\/compuviper.mx\/tienda\/producto\/startech-com-hdmm10-cable-de-3m-hdmi-cable-hdmi-de-alta-velocidad-con-ethernet-de-4k-video-uhd-de-4k-a-30hz-cable-hdmi-1-4-para-monitores-proyectores-tv-hdmi-ultra-hd-cable-hdmi-negro\/","title":{"rendered":"Startech.com Hdmm10 Cable De 3m Hdmi &#8211; Cable Hdmi De Alta Velocidad Con Ethernet De 4k &#8211; Video Uhd De 4k A 30hz &#8211; Cable Hdmi 1.4 &#8211; Para Monitores, Proyectores Tv Hdmi Ultra Hd &#8211; Cable Hdmi Negro"},"content":{"rendered":"<table class=\"descripcion\">\n<tr>\n<td>Cree conexiones ultra hd entre sus dispositivos equipados con hdmi de alta velocidad<\/td>\n<\/tr>\n<tr>\n<td>Id del producto: hdmm10<\/td>\n<\/tr>\n<tr>\n<td>Cable hdmi de alta velocidad: cable hdmi 1.4b de 3m con ethernet compatible con video 4k 3840x2160p, 24, 25, 30hz &#8211; 4096x2160p, 24hz &#8211; full hd 1920x1080p, 120hz &#8211; 10,2 gbps &#8211; audio de 8 canales 5.1\/7.1\/dd\/dolby truehd &#8211; 3d<\/td>\n<\/tr>\n<tr>\n<td>Durable: cable hdmi ultra hd 4k de alta velocidad de 3 metros con cubierta de pvc durable para una alta resistencia y confiabilidad &#8211; el alivio de tension de pvc flexible evita que se dane debido a la flexion repetitiva o al uso intensivo<\/td>\n<\/tr>\n<tr>\n<td>Construccion de calidad: cable de 30awg con conectores chapados en oro &#8211; blindaje emi superior con lamina de al-mylar y trenzado de cobre mejoran la integridad y confiabilidad de la senal &#8211; proporciona video y audio de mayor calidad<\/td>\n<\/tr>\n<tr>\n<td>Aplicaciones: utilice este cable hdmi 4k en oficinas, salas de conferencias o aulas &#8211; funciona con su laptop o estacion de trabajo para presentaciones a traves de monitor uhd\/4k, proyector o pantalla grande &#8211; samsung\/sony\/apple tv\/dell\/lenovo<\/td>\n<\/tr>\n<tr>\n<td>Especificaciones: 3 metros &#8211; negro &#8211; hdmi 1.4b &#8211; 30awg &#8211; conectores chapados en oro &#8211; cubierta de pvc &#8211; blindaje: lamina de al-mylar con 65 de trenzado &#8211; arc, deep color, hdcp 1.4, cec &#8211; color ycc601 &#8211; compatible con hdmi 1.4 y anteriores<\/td>\n<\/tr>\n<\/table>\n","protected":false},"excerpt":{"rendered":"<p>Cree conexiones ultra hd entre sus dispositivos equipados con hdmi de alta velocidad. Id del producto: hdmm10. Cable hdmi de alta velocidad: cable hdmi 1.4b de 3m con ethernet compatible con video 4k 3840x2160p, 24, 25, 30hz &#8211; 4096x2160p, 24hz &#8211; full hd 1920x1080p, 120hz &#8211; 10,2 gbps &#8211; audio de 8 canales 5.1\/7.1\/dd\/dolby truehd &#8211; 3d. Durable: cable hdmi ultra hd 4k de alta velocidad de 3 metros con cubierta de pvc durable para una alta resistencia y confiabilidad &#8211; el alivio de tension de pvc flexible evita que se dane debido a la flexion repetitiva o al uso intensivo. Construccion de calidad: cable de 30awg con conectores chapados en oro &#8211; blindaje emi superior con lamina de al-mylar y trenzado de cobre mejoran la integridad y confiabilidad de la senal &#8211; proporciona video y audio de mayor calidad. Aplicaciones: utilice este cable hdmi 4k en oficinas, salas de conferencias o aulas &#8211; funciona con su laptop o estacion de trabajo para presentaciones a traves de monitor uhd\/4k, proyector o pantalla grande &#8211; samsung\/sony\/apple tv\/dell\/lenovo. Especificaciones: 3 metros &#8211; negro &#8211; hdmi 1.4b &#8211; 30awg &#8211; conectores chapados en oro &#8211; cubierta de pvc &#8211; blindaje: lamina de al-mylar con 65 de trenzado &#8211; arc, deep color, hdcp 1.4, cec &#8211; color ycc601 &#8211; compatible con hdmi 1.4 y anteriores<\/p>\n","protected":false},"featured_media":233793,"comment_status":"open","ping_status":"open","template":"","meta":[],"product_cat":[1550,1549],"product_tag":[1590],"acf":[],"yoast_head":"<!-- This site is optimized with the Yoast SEO plugin v21.7 - https:\/\/yoast.com\/wordpress\/plugins\/seo\/ -->\n<title>[ Startech.com ] &#129351; Hdmm10 Cable De 3m Hdmi - Cable Hdmi De Alta Velocidad Con Ethernet De 4k - Video Uhd De 4k A 30hz - Cable Hdmi 1.4 - Para Monitores, Proyectores Tv Hdmi Ultra Hd - Cable Hdmi Negro<\/title>\n<meta name=\"description\" content=\"Compra Hdmm10 Cable De 3m Hdmi - Cable Hdmi De Alta Velocidad Con Ethernet De 4k - Video Uhd De 4k A 30hz - Cable Hdmi 1.4 - Para Monitores, Proyectores Tv Hdmi Ultra Hd - Cable Hdmi Negro + Env\u00edo a domicilio + Pago seguro + Garant\u00eda\" \/>\n<meta name=\"robots\" content=\"index, follow, max-snippet:-1, max-image-preview:large, max-video-preview:-1\" \/>\n<link rel=\"canonical\" href=\"https:\/\/compuviper.mx\/tienda\/producto\/startech-com-hdmm10-cable-de-3m-hdmi-cable-hdmi-de-alta-velocidad-con-ethernet-de-4k-video-uhd-de-4k-a-30hz-cable-hdmi-1-4-para-monitores-proyectores-tv-hdmi-ultra-hd-cable-hdmi-negro\/\" \/>\n<meta property=\"og:locale\" content=\"es_MX\" \/>\n<meta property=\"og:type\" content=\"article\" \/>\n<meta property=\"og:title\" content=\"[ Startech.com ] &#129351; Hdmm10 Cable De 3m Hdmi - Cable Hdmi De Alta Velocidad Con Ethernet De 4k - Video Uhd De 4k A 30hz - Cable Hdmi 1.4 - Para Monitores, Proyectores Tv Hdmi Ultra Hd - Cable Hdmi Negro\" \/>\n<meta property=\"og:description\" content=\"Compra Hdmm10 Cable De 3m Hdmi - Cable Hdmi De Alta Velocidad Con Ethernet De 4k - Video Uhd De 4k A 30hz - Cable Hdmi 1.4 - Para Monitores, Proyectores Tv Hdmi Ultra Hd - Cable Hdmi Negro + Env\u00edo a domicilio + Pago seguro + Garant\u00eda\" \/>\n<meta property=\"og:url\" content=\"https:\/\/compuviper.mx\/tienda\/producto\/startech-com-hdmm10-cable-de-3m-hdmi-cable-hdmi-de-alta-velocidad-con-ethernet-de-4k-video-uhd-de-4k-a-30hz-cable-hdmi-1-4-para-monitores-proyectores-tv-hdmi-ultra-hd-cable-hdmi-negro\/\" \/>\n<meta property=\"og:site_name\" content=\"Compuviper\" \/>\n<meta property=\"article:publisher\" content=\"https:\/\/www.facebook.com\/compuviper\" \/>\n<meta property=\"og:image\" content=\"https:\/\/compuviper.mx\/tienda\/wp-content\/uploads\/2024\/05\/Cable-de-3m-hdmi-cable-hdmi-de-alta-velocidad-con-ethernet-de-4k-video-uhd-de-4k-a-30hz-cable-hdmi-1.4-para-monitores-proyectores-tv-hdmi-ultra-hd-cable-hdmi-negro-startech.com_.jpg\" \/>\n\t<meta property=\"og:image:width\" content=\"200\" \/>\n\t<meta property=\"og:image:height\" content=\"200\" \/>\n\t<meta property=\"og:image:type\" content=\"image\/jpeg\" \/>\n<meta name=\"twitter:card\" content=\"summary_large_image\" \/>\n<meta name=\"twitter:label1\" content=\"Precio\" \/>\n\t<meta name=\"twitter:data1\" content=\"&#36;290 con IVA\" \/>\n\t<meta name=\"twitter:label2\" content=\"Availability\" \/>\n\t<meta name=\"twitter:data2\" content=\"In stock\" \/>\n<script type=\"application\/ld+json\" class=\"yoast-schema-graph\">{\"@context\":\"https:\/\/schema.org\",\"@graph\":[{\"@type\":\"WebPage\",\"@id\":\"https:\/\/compuviper.mx\/tienda\/producto\/startech-com-hdmm10-cable-de-3m-hdmi-cable-hdmi-de-alta-velocidad-con-ethernet-de-4k-video-uhd-de-4k-a-30hz-cable-hdmi-1-4-para-monitores-proyectores-tv-hdmi-ultra-hd-cable-hdmi-negro\/\",\"url\":\"https:\/\/compuviper.mx\/tienda\/producto\/startech-com-hdmm10-cable-de-3m-hdmi-cable-hdmi-de-alta-velocidad-con-ethernet-de-4k-video-uhd-de-4k-a-30hz-cable-hdmi-1-4-para-monitores-proyectores-tv-hdmi-ultra-hd-cable-hdmi-negro\/\",\"name\":\"[ Startech.com ] &#129351; Hdmm10 Cable De 3m Hdmi - Cable Hdmi De Alta Velocidad Con Ethernet De 4k - Video Uhd De 4k A 30hz - Cable Hdmi 1.4 - Para Monitores, Proyectores Tv Hdmi Ultra Hd - Cable Hdmi Negro\",\"isPartOf\":{\"@id\":\"https:\/\/compuviper.mx\/tienda\/#website\"},\"datePublished\":\"2026-04-11T05:44:47+00:00\",\"dateModified\":\"2026-04-11T05:44:47+00:00\",\"description\":\"Compra Hdmm10 Cable De 3m Hdmi - Cable Hdmi De Alta Velocidad Con Ethernet De 4k - Video Uhd De 4k A 30hz - Cable Hdmi 1.4 - Para Monitores, Proyectores Tv Hdmi Ultra Hd - Cable Hdmi Negro + Env\u00edo a domicilio + Pago seguro + Garant\u00eda\",\"breadcrumb\":{\"@id\":\"https:\/\/compuviper.mx\/tienda\/producto\/startech-com-hdmm10-cable-de-3m-hdmi-cable-hdmi-de-alta-velocidad-con-ethernet-de-4k-video-uhd-de-4k-a-30hz-cable-hdmi-1-4-para-monitores-proyectores-tv-hdmi-ultra-hd-cable-hdmi-negro\/#breadcrumb\"},\"inLanguage\":\"es-MX\",\"potentialAction\":[{\"@type\":\"ReadAction\",\"target\":[\"https:\/\/compuviper.mx\/tienda\/producto\/startech-com-hdmm10-cable-de-3m-hdmi-cable-hdmi-de-alta-velocidad-con-ethernet-de-4k-video-uhd-de-4k-a-30hz-cable-hdmi-1-4-para-monitores-proyectores-tv-hdmi-ultra-hd-cable-hdmi-negro\/\"]}]},{\"@type\":\"BreadcrumbList\",\"@id\":\"https:\/\/compuviper.mx\/tienda\/producto\/startech-com-hdmm10-cable-de-3m-hdmi-cable-hdmi-de-alta-velocidad-con-ethernet-de-4k-video-uhd-de-4k-a-30hz-cable-hdmi-1-4-para-monitores-proyectores-tv-hdmi-ultra-hd-cable-hdmi-negro\/#breadcrumb\",\"itemListElement\":[{\"@type\":\"ListItem\",\"position\":1,\"name\":\"Inicio\",\"item\":\"https:\/\/compuviper.mx\/tienda\/\"},{\"@type\":\"ListItem\",\"position\":2,\"name\":\"Productos\",\"item\":\"https:\/\/compuviper.mx\/tienda\/productos\/\"},{\"@type\":\"ListItem\",\"position\":3,\"name\":\"Cables\",\"item\":\"https:\/\/compuviper.mx\/tienda\/categoria-producto\/cables\/\"},{\"@type\":\"ListItem\",\"position\":4,\"name\":\"Cable De Video\",\"item\":\"https:\/\/compuviper.mx\/tienda\/categoria-producto\/cables\/cable-de-video\/\"},{\"@type\":\"ListItem\",\"position\":5,\"name\":\"Startech.com Hdmm10 Cable De 3m Hdmi &#8211; Cable Hdmi De Alta Velocidad Con Ethernet De 4k &#8211; Video Uhd De 4k A 30hz &#8211; Cable Hdmi 1.4 &#8211; Para Monitores, Proyectores Tv Hdmi Ultra Hd &#8211; Cable Hdmi Negro\"}]},{\"@type\":\"WebSite\",\"@id\":\"https:\/\/compuviper.mx\/tienda\/#website\",\"url\":\"https:\/\/compuviper.mx\/tienda\/\",\"name\":\"Compuviper\",\"description\":\"Proveedor de Computadoras, Laptops, Servidores, Monitores, Puntos de Venta, Teclados,   Impresoras, T\u00f3ner, C\u00e1maras de Seguridad y m\u00e1s en tu tienda en l\u00ednea\",\"publisher\":{\"@id\":\"https:\/\/compuviper.mx\/tienda\/#organization\"},\"potentialAction\":[{\"@type\":\"SearchAction\",\"target\":{\"@type\":\"EntryPoint\",\"urlTemplate\":\"https:\/\/compuviper.mx\/tienda\/?s={search_term_string}\"},\"query-input\":\"required name=search_term_string\"}],\"inLanguage\":\"es-MX\"},{\"@type\":\"Organization\",\"@id\":\"https:\/\/compuviper.mx\/tienda\/#organization\",\"name\":\"Compuviper\",\"url\":\"https:\/\/compuviper.mx\/tienda\/\",\"logo\":{\"@type\":\"ImageObject\",\"inLanguage\":\"es-MX\",\"@id\":\"https:\/\/compuviper.mx\/tienda\/#\/schema\/logo\/image\/\",\"url\":\"https:\/\/compuviper.mx\/tienda\/wp-content\/uploads\/2021\/08\/Logo-Compuviper-10.png\",\"contentUrl\":\"https:\/\/compuviper.mx\/tienda\/wp-content\/uploads\/2021\/08\/Logo-Compuviper-10.png\",\"width\":1000,\"height\":500,\"caption\":\"Compuviper\"},\"image\":{\"@id\":\"https:\/\/compuviper.mx\/tienda\/#\/schema\/logo\/image\/\"},\"sameAs\":[\"https:\/\/www.facebook.com\/compuviper\",\"https:\/\/www.youtube.com\/channel\/UCf73dERp9Y3cfOq7q8BhLjA?view_as=subscriber\"]}]}<\/script>\n<meta property=\"product:brand\" content=\"STARTECH.COM\" \/>\n<meta property=\"product:price:amount\" content=\"290\" \/>\n<meta property=\"product:price:currency\" content=\"MXN\" \/>\n<meta property=\"og:availability\" content=\"instock\" \/>\n<meta property=\"product:availability\" content=\"instock\" \/>\n<meta property=\"product:retailer_item_id\" content=\"HDMM10\" \/>\n<meta property=\"product:condition\" content=\"new\" \/>\n<!-- \/ Yoast SEO plugin. -->","yoast_head_json":{"title":"[ Startech.com ] &#129351; Hdmm10 Cable De 3m Hdmi - Cable Hdmi De Alta Velocidad Con Ethernet De 4k - Video Uhd De 4k A 30hz - Cable Hdmi 1.4 - Para Monitores, Proyectores Tv Hdmi Ultra Hd - Cable Hdmi Negro","description":"Compra Hdmm10 Cable De 3m Hdmi - Cable Hdmi De Alta Velocidad Con Ethernet De 4k - Video Uhd De 4k A 30hz - Cable Hdmi 1.4 - Para Monitores, Proyectores Tv Hdmi Ultra Hd - Cable Hdmi Negro + Env\u00edo a domicilio + Pago seguro + Garant\u00eda","robots":{"index":"index","follow":"follow","max-snippet":"max-snippet:-1","max-image-preview":"max-image-preview:large","max-video-preview":"max-video-preview:-1"},"canonical":"https:\/\/compuviper.mx\/tienda\/producto\/startech-com-hdmm10-cable-de-3m-hdmi-cable-hdmi-de-alta-velocidad-con-ethernet-de-4k-video-uhd-de-4k-a-30hz-cable-hdmi-1-4-para-monitores-proyectores-tv-hdmi-ultra-hd-cable-hdmi-negro\/","og_locale":"es_MX","og_type":"article","og_title":"[ Startech.com ] &#129351; Hdmm10 Cable De 3m Hdmi - Cable Hdmi De Alta Velocidad Con Ethernet De 4k - Video Uhd De 4k A 30hz - Cable Hdmi 1.4 - Para Monitores, Proyectores Tv Hdmi Ultra Hd - Cable Hdmi Negro","og_description":"Compra Hdmm10 Cable De 3m Hdmi - Cable Hdmi De Alta Velocidad Con Ethernet De 4k - Video Uhd De 4k A 30hz - Cable Hdmi 1.4 - Para Monitores, Proyectores Tv Hdmi Ultra Hd - Cable Hdmi Negro + Env\u00edo a domicilio + Pago seguro + Garant\u00eda","og_url":"https:\/\/compuviper.mx\/tienda\/producto\/startech-com-hdmm10-cable-de-3m-hdmi-cable-hdmi-de-alta-velocidad-con-ethernet-de-4k-video-uhd-de-4k-a-30hz-cable-hdmi-1-4-para-monitores-proyectores-tv-hdmi-ultra-hd-cable-hdmi-negro\/","og_site_name":"Compuviper","article_publisher":"https:\/\/www.facebook.com\/compuviper","og_image":[{"width":200,"height":200,"url":"https:\/\/compuviper.mx\/tienda\/wp-content\/uploads\/2024\/05\/Cable-de-3m-hdmi-cable-hdmi-de-alta-velocidad-con-ethernet-de-4k-video-uhd-de-4k-a-30hz-cable-hdmi-1.4-para-monitores-proyectores-tv-hdmi-ultra-hd-cable-hdmi-negro-startech.com_.jpg","type":"image\/jpeg"}],"twitter_card":"summary_large_image","twitter_misc":{"Precio":"&#36;290 con IVA","Availability":"In stock"},"schema":{"@context":"https:\/\/schema.org","@graph":[{"@type":"WebPage","@id":"https:\/\/compuviper.mx\/tienda\/producto\/startech-com-hdmm10-cable-de-3m-hdmi-cable-hdmi-de-alta-velocidad-con-ethernet-de-4k-video-uhd-de-4k-a-30hz-cable-hdmi-1-4-para-monitores-proyectores-tv-hdmi-ultra-hd-cable-hdmi-negro\/","url":"https:\/\/compuviper.mx\/tienda\/producto\/startech-com-hdmm10-cable-de-3m-hdmi-cable-hdmi-de-alta-velocidad-con-ethernet-de-4k-video-uhd-de-4k-a-30hz-cable-hdmi-1-4-para-monitores-proyectores-tv-hdmi-ultra-hd-cable-hdmi-negro\/","name":"[ Startech.com ] &#129351; Hdmm10 Cable De 3m Hdmi - Cable Hdmi De Alta Velocidad Con Ethernet De 4k - Video Uhd De 4k A 30hz - Cable Hdmi 1.4 - Para Monitores, Proyectores Tv Hdmi Ultra Hd - Cable Hdmi Negro","isPartOf":{"@id":"https:\/\/compuviper.mx\/tienda\/#website"},"datePublished":"2026-04-11T05:44:47+00:00","dateModified":"2026-04-11T05:44:47+00:00","description":"Compra Hdmm10 Cable De 3m Hdmi - Cable Hdmi De Alta Velocidad Con Ethernet De 4k - Video Uhd De 4k A 30hz - Cable Hdmi 1.4 - Para Monitores, Proyectores Tv Hdmi Ultra Hd - Cable Hdmi Negro + Env\u00edo a domicilio + Pago seguro + Garant\u00eda","breadcrumb":{"@id":"https:\/\/compuviper.mx\/tienda\/producto\/startech-com-hdmm10-cable-de-3m-hdmi-cable-hdmi-de-alta-velocidad-con-ethernet-de-4k-video-uhd-de-4k-a-30hz-cable-hdmi-1-4-para-monitores-proyectores-tv-hdmi-ultra-hd-cable-hdmi-negro\/#breadcrumb"},"inLanguage":"es-MX","potentialAction":[{"@type":"ReadAction","target":["https:\/\/compuviper.mx\/tienda\/producto\/startech-com-hdmm10-cable-de-3m-hdmi-cable-hdmi-de-alta-velocidad-con-ethernet-de-4k-video-uhd-de-4k-a-30hz-cable-hdmi-1-4-para-monitores-proyectores-tv-hdmi-ultra-hd-cable-hdmi-negro\/"]}]},{"@type":"BreadcrumbList","@id":"https:\/\/compuviper.mx\/tienda\/producto\/startech-com-hdmm10-cable-de-3m-hdmi-cable-hdmi-de-alta-velocidad-con-ethernet-de-4k-video-uhd-de-4k-a-30hz-cable-hdmi-1-4-para-monitores-proyectores-tv-hdmi-ultra-hd-cable-hdmi-negro\/#breadcrumb","itemListElement":[{"@type":"ListItem","position":1,"name":"Inicio","item":"https:\/\/compuviper.mx\/tienda\/"},{"@type":"ListItem","position":2,"name":"Productos","item":"https:\/\/compuviper.mx\/tienda\/productos\/"},{"@type":"ListItem","position":3,"name":"Cables","item":"https:\/\/compuviper.mx\/tienda\/categoria-producto\/cables\/"},{"@type":"ListItem","position":4,"name":"Cable De Video","item":"https:\/\/compuviper.mx\/tienda\/categoria-producto\/cables\/cable-de-video\/"},{"@type":"ListItem","position":5,"name":"Startech.com Hdmm10 Cable De 3m Hdmi &#8211; Cable Hdmi De Alta Velocidad Con Ethernet De 4k &#8211; Video Uhd De 4k A 30hz &#8211; Cable Hdmi 1.4 &#8211; Para Monitores, Proyectores Tv Hdmi Ultra Hd &#8211; Cable Hdmi Negro"}]},{"@type":"WebSite","@id":"https:\/\/compuviper.mx\/tienda\/#website","url":"https:\/\/compuviper.mx\/tienda\/","name":"Compuviper","description":"Proveedor de Computadoras, Laptops, Servidores, Monitores, Puntos de Venta, Teclados,   Impresoras, T\u00f3ner, C\u00e1maras de Seguridad y m\u00e1s en tu tienda en l\u00ednea","publisher":{"@id":"https:\/\/compuviper.mx\/tienda\/#organization"},"potentialAction":[{"@type":"SearchAction","target":{"@type":"EntryPoint","urlTemplate":"https:\/\/compuviper.mx\/tienda\/?s={search_term_string}"},"query-input":"required name=search_term_string"}],"inLanguage":"es-MX"},{"@type":"Organization","@id":"https:\/\/compuviper.mx\/tienda\/#organization","name":"Compuviper","url":"https:\/\/compuviper.mx\/tienda\/","logo":{"@type":"ImageObject","inLanguage":"es-MX","@id":"https:\/\/compuviper.mx\/tienda\/#\/schema\/logo\/image\/","url":"https:\/\/compuviper.mx\/tienda\/wp-content\/uploads\/2021\/08\/Logo-Compuviper-10.png","contentUrl":"https:\/\/compuviper.mx\/tienda\/wp-content\/uploads\/2021\/08\/Logo-Compuviper-10.png","width":1000,"height":500,"caption":"Compuviper"},"image":{"@id":"https:\/\/compuviper.mx\/tienda\/#\/schema\/logo\/image\/"},"sameAs":["https:\/\/www.facebook.com\/compuviper","https:\/\/www.youtube.com\/channel\/UCf73dERp9Y3cfOq7q8BhLjA?view_as=subscriber"]}]},"product_brand":"STARTECH.COM","product_price_amount":"290","product_price_currency":"MXN","og_availability":"instock","product_availability":"instock","product_retailer_item_id":"HDMM10","product_condition":"new"},"_links":{"self":[{"href":"https:\/\/compuviper.mx\/tienda\/wp-json\/wp\/v2\/product\/229202"}],"collection":[{"href":"https:\/\/compuviper.mx\/tienda\/wp-json\/wp\/v2\/product"}],"about":[{"href":"https:\/\/compuviper.mx\/tienda\/wp-json\/wp\/v2\/types\/product"}],"replies":[{"embeddable":true,"href":"https:\/\/compuviper.mx\/tienda\/wp-json\/wp\/v2\/comments?post=229202"}],"wp:featuredmedia":[{"embeddable":true,"href":"https:\/\/compuviper.mx\/tienda\/wp-json\/wp\/v2\/media\/233793"}],"wp:attachment":[{"href":"https:\/\/compuviper.mx\/tienda\/wp-json\/wp\/v2\/media?parent=229202"}],"wp:term":[{"taxonomy":"product_cat","embeddable":true,"href":"https:\/\/compuviper.mx\/tienda\/wp-json\/wp\/v2\/product_cat?post=229202"},{"taxonomy":"product_tag","embeddable":true,"href":"https:\/\/compuviper.mx\/tienda\/wp-json\/wp\/v2\/product_tag?post=229202"}],"curies":[{"name":"wp","href":"https:\/\/api.w.org\/{rel}","templated":true}]}}