{"id":229100,"date":"2026-04-02T01:23:30","date_gmt":"2026-04-02T07:23:30","guid":{"rendered":"https:\/\/compuviper.mx\/tienda\/producto\/dahua-dhi-nvr5432-ei-nvr-nvr-de-32-canales-ip-4k-wizsense-smart-h-265-rendimiento-384-mbps-ia-nvr-deteccin-y-reconocimiento-de-rostros-proteccin-perimetral-smd-plus\/"},"modified":"2026-04-02T01:23:30","modified_gmt":"2026-04-02T07:23:30","slug":"dahua-dhi-nvr5432-ei-nvr-nvr-de-32-canales-ip-4k-wizsense-smart-h-265-rendimiento-384-mbps-ia-nvr-deteccin-y-reconocimiento-de-rostros-proteccin-perimetral-smd-plus","status":"publish","type":"product","link":"https:\/\/compuviper.mx\/tienda\/producto\/dahua-dhi-nvr5432-ei-nvr-nvr-de-32-canales-ip-4k-wizsense-smart-h-265-rendimiento-384-mbps-ia-nvr-deteccin-y-reconocimiento-de-rostros-proteccin-perimetral-smd-plus\/","title":{"rendered":"Dahua Dhi-nvr5432-ei Nvr\/ \/ \/ Nvr De 32 Canales Ip 4k\/ Wizsense\/ Smart H.265\/ Rendimiento 384 Mbps\/ Ia Nvr Deteccin Y Reconocimiento De Rostros\/ Proteccin Perimetral\/ Smd Plus"},"content":{"rendered":"<table class=\"descripcion\">\n<tr>\n<td>Especificaciones tcnicas<\/td>\n<\/tr>\n<tr>\n<td>\u00b7 procesador integrado multincleo<\/td>\n<\/tr>\n<tr>\n<td>\u00b7 sistema operativo: linux integrado<\/td>\n<\/tr>\n<tr>\n<td>\u00b7 rendimiento: 16 canales, 10 reglas ivs para cada canal<\/td>\n<\/tr>\n<tr>\n<td>\u00b7 clasificacin de objetos: reconocimiento secundario humano\/ vehiculo para trampa e intrusin<\/td>\n<\/tr>\n<tr>\n<td>\u00b7 busqueda de ia: busqueda por clasidicacin de objetivo humano, vehiculo<\/td>\n<\/tr>\n<tr>\n<td>\u00b7 procesamiento m\u00e1ximo de 22 imagenes de rostros\/seg modelado y comparacin<\/td>\n<\/tr>\n<\/table>\n","protected":false},"excerpt":{"rendered":"<p>Informacin general. El nuevo grabador de video en red nvr5000-i de dahua ofrece un rendimiento excelente y una alta calidad de grabacin que es ideal para aplicaciones de videovigilancia ip. Este nvr adopta un potente procesador, que brinda la capacidad de procesamiento de resolucin 4k para aplicaciones donde los detalles de la imagen son muy necesarios. Adem\u00e1s, el nvr puede servir como almacenamiento de borde, almacenamiento central o almacenamiento de respaldo con un men de operacin de acceso directo intuitivo para administracin y control remotos. Proteccin perimetral. Filtrado autom\u00e1tico de falsas alarmas causadas por animales, hojas susurrantes, luces brillantes, etc. Permite que el sistema acte como reconocimiento secundario de los objetivos. Mejora de la precisin de las alarmas. Reconocimiento facial. La tecnologa dahua face recognition extrae las caractersticas de las caras capturadas y las compara con las de la base de datos de caras para reconocer la identidad de la persona. Conteo de personas. Con un algoritmo de aprendizaje profundo, la tecnologa de conteo de personas de dahua puede rastrear y procesar objetivos en movimiento del cuerpo humano para obtener estadsticas precisas de nmero de entrada, nmero de salida y nmero de \u00e1rea. Trabajando con la plataforma de gestin, produce resultados anuales\/mensuales\/semanales\/diarios informes para satisfacer sus necesidades. Caractersticas principales. \u0095formato de decodificacin smart h.265\/h.265\/smart h.264\/h.264\/mjpeg. \u0095capacidad de decodificacin autoadaptativa de 1080p de 32 canales. \u0095m\u00e1x. Ancho de banda entrante\/grabador\/saliente de 384 mbps. \u0095ia por grabador: deteccin y reconocimiento de rostros de 2 canales, proteccin perimetral de 4 canales y smd plus de 8 canales. \u0095ia por c\u00e1mara: deteccin y reconocimiento de rostros, proteccin perimetral, smd plus, metadatos, anpr, an\u00e1lisis estreo, mapa de calor y conteo de personas.<\/p>\n","protected":false},"featured_media":234345,"comment_status":"open","ping_status":"open","template":"","meta":[],"product_cat":[1689,1768],"product_tag":[1555],"acf":[],"yoast_head":"<!-- This site is optimized with the Yoast SEO plugin v21.7 - https:\/\/yoast.com\/wordpress\/plugins\/seo\/ -->\n<title>[ Dahua ] &#129351; Dhi-nvr5432-ei Nvr\/ \/ \/ Nvr De 32 Canales Ip 4k\/ Wizsense\/ Smart H.265\/ Rendimiento 384 Mbps\/ Ia Nvr Deteccin Y Reconocimiento De Rostros\/ Proteccin Perimetral\/ Smd Plus<\/title>\n<meta name=\"description\" content=\"Compra Dhi-nvr5432-ei Nvr\/ \/ \/ Nvr De 32 Canales Ip 4k\/ Wizsense\/ Smart H.265\/ Rendimiento 384 Mbps\/ Ia Nvr Deteccin Y Reconocimiento De Rostros\/ Proteccin Perimetral\/ Smd Plus + Env\u00edo a domicilio + Pago seguro + Garant\u00eda\" \/>\n<meta name=\"robots\" content=\"index, follow, max-snippet:-1, max-image-preview:large, max-video-preview:-1\" \/>\n<link rel=\"canonical\" href=\"https:\/\/compuviper.mx\/tienda\/producto\/dahua-dhi-nvr5432-ei-nvr-nvr-de-32-canales-ip-4k-wizsense-smart-h-265-rendimiento-384-mbps-ia-nvr-deteccin-y-reconocimiento-de-rostros-proteccin-perimetral-smd-plus\/\" \/>\n<meta property=\"og:locale\" content=\"es_MX\" \/>\n<meta property=\"og:type\" content=\"article\" \/>\n<meta property=\"og:title\" content=\"[ Dahua ] &#129351; Dhi-nvr5432-ei Nvr\/ \/ \/ Nvr De 32 Canales Ip 4k\/ Wizsense\/ Smart H.265\/ Rendimiento 384 Mbps\/ Ia Nvr Deteccin Y Reconocimiento De Rostros\/ Proteccin Perimetral\/ Smd Plus\" \/>\n<meta property=\"og:description\" content=\"Compra Dhi-nvr5432-ei Nvr\/ \/ \/ Nvr De 32 Canales Ip 4k\/ Wizsense\/ Smart H.265\/ Rendimiento 384 Mbps\/ Ia Nvr Deteccin Y Reconocimiento De Rostros\/ Proteccin Perimetral\/ Smd Plus + Env\u00edo a domicilio + Pago seguro + Garant\u00eda\" \/>\n<meta property=\"og:url\" content=\"https:\/\/compuviper.mx\/tienda\/producto\/dahua-dhi-nvr5432-ei-nvr-nvr-de-32-canales-ip-4k-wizsense-smart-h-265-rendimiento-384-mbps-ia-nvr-deteccin-y-reconocimiento-de-rostros-proteccin-perimetral-smd-plus\/\" \/>\n<meta property=\"og:site_name\" content=\"Compuviper\" \/>\n<meta property=\"article:publisher\" content=\"https:\/\/www.facebook.com\/compuviper\" \/>\n<meta property=\"og:image\" content=\"https:\/\/compuviper.mx\/tienda\/wp-content\/uploads\/2024\/05\/Nvr-dahua-dhi-nvr5432-ei-nvr-de-32-canales-ip-4k-wizsense-smart-h.265-rendimiento-384-mbps-ia-nvr-deteccion-y-reconocimiento-de-rostros-proteccion-perimetral-smd-plus.jpg\" \/>\n\t<meta property=\"og:image:width\" content=\"200\" \/>\n\t<meta property=\"og:image:height\" content=\"200\" \/>\n\t<meta property=\"og:image:type\" content=\"image\/jpeg\" \/>\n<meta name=\"twitter:card\" content=\"summary_large_image\" \/>\n<meta name=\"twitter:label1\" content=\"Precio\" \/>\n\t<meta name=\"twitter:data1\" content=\"&#36;11,600 con IVA\" \/>\n\t<meta name=\"twitter:label2\" content=\"Availability\" \/>\n\t<meta name=\"twitter:data2\" content=\"Out of stock\" \/>\n<script type=\"application\/ld+json\" class=\"yoast-schema-graph\">{\"@context\":\"https:\/\/schema.org\",\"@graph\":[{\"@type\":\"WebPage\",\"@id\":\"https:\/\/compuviper.mx\/tienda\/producto\/dahua-dhi-nvr5432-ei-nvr-nvr-de-32-canales-ip-4k-wizsense-smart-h-265-rendimiento-384-mbps-ia-nvr-deteccin-y-reconocimiento-de-rostros-proteccin-perimetral-smd-plus\/\",\"url\":\"https:\/\/compuviper.mx\/tienda\/producto\/dahua-dhi-nvr5432-ei-nvr-nvr-de-32-canales-ip-4k-wizsense-smart-h-265-rendimiento-384-mbps-ia-nvr-deteccin-y-reconocimiento-de-rostros-proteccin-perimetral-smd-plus\/\",\"name\":\"[ Dahua ] &#129351; Dhi-nvr5432-ei Nvr\/ \/ \/ Nvr De 32 Canales Ip 4k\/ Wizsense\/ Smart H.265\/ Rendimiento 384 Mbps\/ Ia Nvr Deteccin Y Reconocimiento De Rostros\/ Proteccin Perimetral\/ Smd Plus\",\"isPartOf\":{\"@id\":\"https:\/\/compuviper.mx\/tienda\/#website\"},\"datePublished\":\"2026-04-02T07:23:30+00:00\",\"dateModified\":\"2026-04-02T07:23:30+00:00\",\"description\":\"Compra Dhi-nvr5432-ei Nvr\/ \/ \/ Nvr De 32 Canales Ip 4k\/ Wizsense\/ Smart H.265\/ Rendimiento 384 Mbps\/ Ia Nvr Deteccin Y Reconocimiento De Rostros\/ Proteccin Perimetral\/ Smd Plus + Env\u00edo a domicilio + Pago seguro + Garant\u00eda\",\"breadcrumb\":{\"@id\":\"https:\/\/compuviper.mx\/tienda\/producto\/dahua-dhi-nvr5432-ei-nvr-nvr-de-32-canales-ip-4k-wizsense-smart-h-265-rendimiento-384-mbps-ia-nvr-deteccin-y-reconocimiento-de-rostros-proteccin-perimetral-smd-plus\/#breadcrumb\"},\"inLanguage\":\"es-MX\",\"potentialAction\":[{\"@type\":\"ReadAction\",\"target\":[\"https:\/\/compuviper.mx\/tienda\/producto\/dahua-dhi-nvr5432-ei-nvr-nvr-de-32-canales-ip-4k-wizsense-smart-h-265-rendimiento-384-mbps-ia-nvr-deteccin-y-reconocimiento-de-rostros-proteccin-perimetral-smd-plus\/\"]}]},{\"@type\":\"BreadcrumbList\",\"@id\":\"https:\/\/compuviper.mx\/tienda\/producto\/dahua-dhi-nvr5432-ei-nvr-nvr-de-32-canales-ip-4k-wizsense-smart-h-265-rendimiento-384-mbps-ia-nvr-deteccin-y-reconocimiento-de-rostros-proteccin-perimetral-smd-plus\/#breadcrumb\",\"itemListElement\":[{\"@type\":\"ListItem\",\"position\":1,\"name\":\"Inicio\",\"item\":\"https:\/\/compuviper.mx\/tienda\/\"},{\"@type\":\"ListItem\",\"position\":2,\"name\":\"Productos\",\"item\":\"https:\/\/compuviper.mx\/tienda\/productos\/\"},{\"@type\":\"ListItem\",\"position\":3,\"name\":\"Videograbadores\",\"item\":\"https:\/\/compuviper.mx\/tienda\/categoria-producto\/videograbadores\/\"},{\"@type\":\"ListItem\",\"position\":4,\"name\":\"Nvr\",\"item\":\"https:\/\/compuviper.mx\/tienda\/categoria-producto\/videograbadores\/nvr\/\"},{\"@type\":\"ListItem\",\"position\":5,\"name\":\"Dahua Dhi-nvr5432-ei Nvr\/ \/ \/ Nvr De 32 Canales Ip 4k\/ Wizsense\/ Smart H.265\/ Rendimiento 384 Mbps\/ Ia Nvr Deteccin Y Reconocimiento De Rostros\/ Proteccin Perimetral\/ Smd Plus\"}]},{\"@type\":\"WebSite\",\"@id\":\"https:\/\/compuviper.mx\/tienda\/#website\",\"url\":\"https:\/\/compuviper.mx\/tienda\/\",\"name\":\"Compuviper\",\"description\":\"Proveedor de Computadoras, Laptops, Servidores, Monitores, Puntos de Venta, Teclados,   Impresoras, T\u00f3ner, C\u00e1maras de Seguridad y m\u00e1s en tu tienda en l\u00ednea\",\"publisher\":{\"@id\":\"https:\/\/compuviper.mx\/tienda\/#organization\"},\"potentialAction\":[{\"@type\":\"SearchAction\",\"target\":{\"@type\":\"EntryPoint\",\"urlTemplate\":\"https:\/\/compuviper.mx\/tienda\/?s={search_term_string}\"},\"query-input\":\"required name=search_term_string\"}],\"inLanguage\":\"es-MX\"},{\"@type\":\"Organization\",\"@id\":\"https:\/\/compuviper.mx\/tienda\/#organization\",\"name\":\"Compuviper\",\"url\":\"https:\/\/compuviper.mx\/tienda\/\",\"logo\":{\"@type\":\"ImageObject\",\"inLanguage\":\"es-MX\",\"@id\":\"https:\/\/compuviper.mx\/tienda\/#\/schema\/logo\/image\/\",\"url\":\"https:\/\/compuviper.mx\/tienda\/wp-content\/uploads\/2021\/08\/Logo-Compuviper-10.png\",\"contentUrl\":\"https:\/\/compuviper.mx\/tienda\/wp-content\/uploads\/2021\/08\/Logo-Compuviper-10.png\",\"width\":1000,\"height\":500,\"caption\":\"Compuviper\"},\"image\":{\"@id\":\"https:\/\/compuviper.mx\/tienda\/#\/schema\/logo\/image\/\"},\"sameAs\":[\"https:\/\/www.facebook.com\/compuviper\",\"https:\/\/www.youtube.com\/channel\/UCf73dERp9Y3cfOq7q8BhLjA?view_as=subscriber\"]}]}<\/script>\n<meta property=\"product:brand\" content=\"DAHUA\" \/>\n<meta property=\"product:price:amount\" content=\"11600\" \/>\n<meta property=\"product:price:currency\" content=\"MXN\" \/>\n<meta property=\"og:availability\" content=\"out of stock\" \/>\n<meta property=\"product:availability\" content=\"out of stock\" \/>\n<meta property=\"product:retailer_item_id\" content=\"DHI-NVR5432-EI\" \/>\n<meta property=\"product:condition\" content=\"new\" \/>\n<!-- \/ Yoast SEO plugin. -->","yoast_head_json":{"title":"[ Dahua ] &#129351; Dhi-nvr5432-ei Nvr\/ \/ \/ Nvr De 32 Canales Ip 4k\/ Wizsense\/ Smart H.265\/ Rendimiento 384 Mbps\/ Ia Nvr Deteccin Y Reconocimiento De Rostros\/ Proteccin Perimetral\/ Smd Plus","description":"Compra Dhi-nvr5432-ei Nvr\/ \/ \/ Nvr De 32 Canales Ip 4k\/ Wizsense\/ Smart H.265\/ Rendimiento 384 Mbps\/ Ia Nvr Deteccin Y Reconocimiento De Rostros\/ Proteccin Perimetral\/ Smd Plus + Env\u00edo a domicilio + Pago seguro + Garant\u00eda","robots":{"index":"index","follow":"follow","max-snippet":"max-snippet:-1","max-image-preview":"max-image-preview:large","max-video-preview":"max-video-preview:-1"},"canonical":"https:\/\/compuviper.mx\/tienda\/producto\/dahua-dhi-nvr5432-ei-nvr-nvr-de-32-canales-ip-4k-wizsense-smart-h-265-rendimiento-384-mbps-ia-nvr-deteccin-y-reconocimiento-de-rostros-proteccin-perimetral-smd-plus\/","og_locale":"es_MX","og_type":"article","og_title":"[ Dahua ] &#129351; Dhi-nvr5432-ei Nvr\/ \/ \/ Nvr De 32 Canales Ip 4k\/ Wizsense\/ Smart H.265\/ Rendimiento 384 Mbps\/ Ia Nvr Deteccin Y Reconocimiento De Rostros\/ Proteccin Perimetral\/ Smd Plus","og_description":"Compra Dhi-nvr5432-ei Nvr\/ \/ \/ Nvr De 32 Canales Ip 4k\/ Wizsense\/ Smart H.265\/ Rendimiento 384 Mbps\/ Ia Nvr Deteccin Y Reconocimiento De Rostros\/ Proteccin Perimetral\/ Smd Plus + Env\u00edo a domicilio + Pago seguro + Garant\u00eda","og_url":"https:\/\/compuviper.mx\/tienda\/producto\/dahua-dhi-nvr5432-ei-nvr-nvr-de-32-canales-ip-4k-wizsense-smart-h-265-rendimiento-384-mbps-ia-nvr-deteccin-y-reconocimiento-de-rostros-proteccin-perimetral-smd-plus\/","og_site_name":"Compuviper","article_publisher":"https:\/\/www.facebook.com\/compuviper","og_image":[{"width":200,"height":200,"url":"https:\/\/compuviper.mx\/tienda\/wp-content\/uploads\/2024\/05\/Nvr-dahua-dhi-nvr5432-ei-nvr-de-32-canales-ip-4k-wizsense-smart-h.265-rendimiento-384-mbps-ia-nvr-deteccion-y-reconocimiento-de-rostros-proteccion-perimetral-smd-plus.jpg","type":"image\/jpeg"}],"twitter_card":"summary_large_image","twitter_misc":{"Precio":"&#36;11,600 con IVA","Availability":"Out of stock"},"schema":{"@context":"https:\/\/schema.org","@graph":[{"@type":"WebPage","@id":"https:\/\/compuviper.mx\/tienda\/producto\/dahua-dhi-nvr5432-ei-nvr-nvr-de-32-canales-ip-4k-wizsense-smart-h-265-rendimiento-384-mbps-ia-nvr-deteccin-y-reconocimiento-de-rostros-proteccin-perimetral-smd-plus\/","url":"https:\/\/compuviper.mx\/tienda\/producto\/dahua-dhi-nvr5432-ei-nvr-nvr-de-32-canales-ip-4k-wizsense-smart-h-265-rendimiento-384-mbps-ia-nvr-deteccin-y-reconocimiento-de-rostros-proteccin-perimetral-smd-plus\/","name":"[ Dahua ] &#129351; Dhi-nvr5432-ei Nvr\/ \/ \/ Nvr De 32 Canales Ip 4k\/ Wizsense\/ Smart H.265\/ Rendimiento 384 Mbps\/ Ia Nvr Deteccin Y Reconocimiento De Rostros\/ Proteccin Perimetral\/ Smd Plus","isPartOf":{"@id":"https:\/\/compuviper.mx\/tienda\/#website"},"datePublished":"2026-04-02T07:23:30+00:00","dateModified":"2026-04-02T07:23:30+00:00","description":"Compra Dhi-nvr5432-ei Nvr\/ \/ \/ Nvr De 32 Canales Ip 4k\/ Wizsense\/ Smart H.265\/ Rendimiento 384 Mbps\/ Ia Nvr Deteccin Y Reconocimiento De Rostros\/ Proteccin Perimetral\/ Smd Plus + Env\u00edo a domicilio + Pago seguro + Garant\u00eda","breadcrumb":{"@id":"https:\/\/compuviper.mx\/tienda\/producto\/dahua-dhi-nvr5432-ei-nvr-nvr-de-32-canales-ip-4k-wizsense-smart-h-265-rendimiento-384-mbps-ia-nvr-deteccin-y-reconocimiento-de-rostros-proteccin-perimetral-smd-plus\/#breadcrumb"},"inLanguage":"es-MX","potentialAction":[{"@type":"ReadAction","target":["https:\/\/compuviper.mx\/tienda\/producto\/dahua-dhi-nvr5432-ei-nvr-nvr-de-32-canales-ip-4k-wizsense-smart-h-265-rendimiento-384-mbps-ia-nvr-deteccin-y-reconocimiento-de-rostros-proteccin-perimetral-smd-plus\/"]}]},{"@type":"BreadcrumbList","@id":"https:\/\/compuviper.mx\/tienda\/producto\/dahua-dhi-nvr5432-ei-nvr-nvr-de-32-canales-ip-4k-wizsense-smart-h-265-rendimiento-384-mbps-ia-nvr-deteccin-y-reconocimiento-de-rostros-proteccin-perimetral-smd-plus\/#breadcrumb","itemListElement":[{"@type":"ListItem","position":1,"name":"Inicio","item":"https:\/\/compuviper.mx\/tienda\/"},{"@type":"ListItem","position":2,"name":"Productos","item":"https:\/\/compuviper.mx\/tienda\/productos\/"},{"@type":"ListItem","position":3,"name":"Videograbadores","item":"https:\/\/compuviper.mx\/tienda\/categoria-producto\/videograbadores\/"},{"@type":"ListItem","position":4,"name":"Nvr","item":"https:\/\/compuviper.mx\/tienda\/categoria-producto\/videograbadores\/nvr\/"},{"@type":"ListItem","position":5,"name":"Dahua Dhi-nvr5432-ei Nvr\/ \/ \/ Nvr De 32 Canales Ip 4k\/ Wizsense\/ Smart H.265\/ Rendimiento 384 Mbps\/ Ia Nvr Deteccin Y Reconocimiento De Rostros\/ Proteccin Perimetral\/ Smd Plus"}]},{"@type":"WebSite","@id":"https:\/\/compuviper.mx\/tienda\/#website","url":"https:\/\/compuviper.mx\/tienda\/","name":"Compuviper","description":"Proveedor de Computadoras, Laptops, Servidores, Monitores, Puntos de Venta, Teclados,   Impresoras, T\u00f3ner, C\u00e1maras de Seguridad y m\u00e1s en tu tienda en l\u00ednea","publisher":{"@id":"https:\/\/compuviper.mx\/tienda\/#organization"},"potentialAction":[{"@type":"SearchAction","target":{"@type":"EntryPoint","urlTemplate":"https:\/\/compuviper.mx\/tienda\/?s={search_term_string}"},"query-input":"required name=search_term_string"}],"inLanguage":"es-MX"},{"@type":"Organization","@id":"https:\/\/compuviper.mx\/tienda\/#organization","name":"Compuviper","url":"https:\/\/compuviper.mx\/tienda\/","logo":{"@type":"ImageObject","inLanguage":"es-MX","@id":"https:\/\/compuviper.mx\/tienda\/#\/schema\/logo\/image\/","url":"https:\/\/compuviper.mx\/tienda\/wp-content\/uploads\/2021\/08\/Logo-Compuviper-10.png","contentUrl":"https:\/\/compuviper.mx\/tienda\/wp-content\/uploads\/2021\/08\/Logo-Compuviper-10.png","width":1000,"height":500,"caption":"Compuviper"},"image":{"@id":"https:\/\/compuviper.mx\/tienda\/#\/schema\/logo\/image\/"},"sameAs":["https:\/\/www.facebook.com\/compuviper","https:\/\/www.youtube.com\/channel\/UCf73dERp9Y3cfOq7q8BhLjA?view_as=subscriber"]}]},"product_brand":"DAHUA","product_price_amount":"11600","product_price_currency":"MXN","og_availability":"out of stock","product_availability":"out of stock","product_retailer_item_id":"DHI-NVR5432-EI","product_condition":"new"},"_links":{"self":[{"href":"https:\/\/compuviper.mx\/tienda\/wp-json\/wp\/v2\/product\/229100"}],"collection":[{"href":"https:\/\/compuviper.mx\/tienda\/wp-json\/wp\/v2\/product"}],"about":[{"href":"https:\/\/compuviper.mx\/tienda\/wp-json\/wp\/v2\/types\/product"}],"replies":[{"embeddable":true,"href":"https:\/\/compuviper.mx\/tienda\/wp-json\/wp\/v2\/comments?post=229100"}],"wp:featuredmedia":[{"embeddable":true,"href":"https:\/\/compuviper.mx\/tienda\/wp-json\/wp\/v2\/media\/234345"}],"wp:attachment":[{"href":"https:\/\/compuviper.mx\/tienda\/wp-json\/wp\/v2\/media?parent=229100"}],"wp:term":[{"taxonomy":"product_cat","embeddable":true,"href":"https:\/\/compuviper.mx\/tienda\/wp-json\/wp\/v2\/product_cat?post=229100"},{"taxonomy":"product_tag","embeddable":true,"href":"https:\/\/compuviper.mx\/tienda\/wp-json\/wp\/v2\/product_tag?post=229100"}],"curies":[{"name":"wp","href":"https:\/\/api.w.org\/{rel}","templated":true}]}}