{"id":228949,"date":"2026-04-08T00:29:19","date_gmt":"2026-04-08T06:29:19","guid":{"rendered":"https:\/\/compuviper.mx\/tienda\/producto\/tripp-lite-smart1000rm2u-nobreak-tripp-lite-serie-smartpro-1000va-1000w-120v-onda-sinusoidal-interactivo8-contactos-opcion-de-tarjeta-de-red-lcd-usbdb92u-rack-torre-garantia-2-aos\/"},"modified":"2026-04-08T00:29:20","modified_gmt":"2026-04-08T06:29:20","slug":"tripp-lite-smart1000rm2u-nobreak-tripp-lite-serie-smartpro-1000va-1000w-120v-onda-sinusoidal-interactivo8-contactos-opcion-de-tarjeta-de-red-lcd-usbdb92u-rack-torre-garantia-2-aos","status":"publish","type":"product","link":"https:\/\/compuviper.mx\/tienda\/producto\/tripp-lite-smart1000rm2u-nobreak-tripp-lite-serie-smartpro-1000va-1000w-120v-onda-sinusoidal-interactivo8-contactos-opcion-de-tarjeta-de-red-lcd-usbdb92u-rack-torre-garantia-2-aos\/","title":{"rendered":"Tripp-lite Smart1000rm2u Nobreak Tripp Lite  Serie Smartpro 1000va 1000w 120v Onda Sinusoidal, Interactivo,8 Contactos, Opcion De Tarjeta De Red, Lcd, Usb,db9,2u Rack\/torre. Garantia 2 A?os."},"content":{"rendered":"<table class=\"descripcion\">\n<tr>\n<td>Ups interactivo con la l\u00ednea de 1000va para montaje en bastidor\/torre de 2u con salida de onda sinusoidal en modo de ca y de bater\u00eda<\/td>\n<\/tr>\n<tr>\n<td>6 contactos dispuestos en dos bancos de carga conmutables<\/td>\n<\/tr>\n<tr>\n<td>Comunicaciones simult\u00e1neas a trav\u00e9s de la ranura snmpwebcard, puertos usb y serie db9<\/td>\n<\/tr>\n<tr>\n<td>El software incluido poweralert para control de ups administra una cantidad ilimitada de sistemas ups<\/td>\n<\/tr>\n<tr>\n<td>Corrige ca\u00eddas de voltaje y sobrevoltajes desde 83 a 147v<\/td>\n<\/tr>\n<tr>\n<td>Peso de despacho (lb): 41.5<\/td>\n<\/tr>\n<tr>\n<td>Peso de despacho (kg): 18.8<\/td>\n<\/tr>\n<tr>\n<td>Peso de la unidad (lb): 35<\/td>\n<\/tr>\n<tr>\n<td>Peso de la unidad (kg): 15.9<\/td>\n<\/tr>\n<tr>\n<td>Dimensiones de la unidad (alt.-ancho-prof.\/pulg): 3.5 x 17.5 x 13.5<\/td>\n<\/tr>\n<tr>\n<td>Dimensiones de la unidad (alt.-ancho-prof.\/cm): 8.9 x 44.5 x 34.3<\/td>\n<\/tr>\n<tr>\n<td>Dimensiones de despacho (alt.-ancho-prof.\/pulg): 9 x 24 x 20.25<\/td>\n<\/tr>\n<tr>\n<td>Dimensiones de despacho (alt.-ancho-prof.\/cm): 22.9 x 61 x 51.4<\/td>\n<\/tr>\n<tr>\n<td>Material de fabricaci\u00f3n: acero<\/td>\n<\/tr>\n<tr>\n<td>Factores de forma soportados: permite el montaje en bastidor de 2u en cajas de bastidor de 4 postes. montaje en bastidor de 2 postes soportado con 2postrmkit opcional. soporta montaje en torre vertical<\/td>\n<\/tr>\n<tr>\n<td>M\u00e9todo de enfriamiento: ventilador de enfriamiento integrado<\/td>\n<\/tr>\n<tr>\n<td>Acceso a la bater\u00eda: la puerta de acceso a la bater\u00eda permite el reemplazo de bater\u00edas durante la operaci\u00f3n sin apagar el equipo conectado<\/td>\n<\/tr>\n<\/table>\n","protected":false},"excerpt":{"rendered":"<p>La fuente de alimentaci\u00f3n ininterrumpible digital smart 1000rm2u de tripp lite es inteligente e interactiva con la l\u00ednea, de onda sinusoidal, para montaje en bastidor\/torre, evita la p\u00e9rdida de datos, evita tiempos de inactividad y da\u00f1os al equipo debido a cortes de energ\u00eda, fluctuaciones de voltaje y sobretensiones transitorias. Solo requiere dos espacios de bastidor (2u) en una caja para bastidor est\u00e1ndar. Las bater\u00edas internas grandes ofrecen un tiempo de respaldo de 21 minutos a media carga y 9 minutos a plena carga. Mantiene una salida nominal regulada de 120v sin usar energ\u00eda de bater\u00eda durante ca\u00eddas de voltaje y sobrevoltajes desde 83 hasta 147v. La capacidad de manejo de potencia de 1000va \/ 700 vatios con salida de onda sinusoidal permanente soporta dispositivos de red, telecomunicaciones y otros dispositivos electr\u00f3nicos sensibles. Incluye un total de 6 contactos dispuestos en 2 bancos de carga controlables de forma individual mediante una interfaz de software para reiniciar equipos seleccionados a pedido o retirar autom\u00e1ticamente cargas menos importantes para extender el tiempo de respaldo de la bater\u00eda para equipos m\u00e1s cr\u00edticos. Soporta el monitoreo remoto simult\u00e1neo del ups y de las condiciones de energ\u00eda en el lugar mediante una ranura para tarjetas de red auxiliar integrada, puertos serie de control usb y db9.. Accesorio snmpwebcard opcional permite el monitoreo remoto del ups como un dispositivo administrado mediante aplicaciones de consola de administraci\u00f3n de redes. Los puertos de comunicaciones soportan el env\u00edo de mensajes de par\u00e1metros detallados de funcionamiento del ups y de estado de energ\u00eda de la l\u00ednea. Incluye software poweralert de control del ups y apagado autom\u00e1tico con soporte de administraci\u00f3n para una cantidad ilimitada de sistemas ups de red.<\/p>\n","protected":false},"featured_media":229110,"comment_status":"open","ping_status":"open","template":"","meta":[],"product_cat":[1508,1691],"product_tag":[1510],"acf":[],"yoast_head":"<!-- This site is optimized with the Yoast SEO plugin v21.7 - https:\/\/yoast.com\/wordpress\/plugins\/seo\/ -->\n<title>[ Tripp-lite ] &#129351; Smart1000rm2u Nobreak Tripp Lite Serie Smartpro 1000va 1000w 120v Onda Sinusoidal, Interactivo,8 Contactos, Opcion De Tarjeta De Red, Lcd, Usb,db9,2u Rack\/torre. Garantia 2 A\u00f1os.<\/title>\n<meta name=\"description\" content=\"Compra Smart1000rm2u Nobreak Tripp Lite Serie Smartpro 1000va 1000w 120v Onda Sinusoidal, Interactivo,8 Contactos, Opcion De Tarjeta De Red, Lcd, Usb,db9,2u Rack\/torre. Garantia 2 A\u00f1os. + Env\u00edo a domicilio + Pago seguro + Garant\u00eda\" \/>\n<meta name=\"robots\" content=\"index, follow, max-snippet:-1, max-image-preview:large, max-video-preview:-1\" \/>\n<link rel=\"canonical\" href=\"https:\/\/compuviper.mx\/tienda\/producto\/tripp-lite-smart1000rm2u-nobreak-tripp-lite-serie-smartpro-1000va-1000w-120v-onda-sinusoidal-interactivo8-contactos-opcion-de-tarjeta-de-red-lcd-usbdb92u-rack-torre-garantia-2-aos\/\" \/>\n<meta property=\"og:locale\" content=\"es_MX\" \/>\n<meta property=\"og:type\" content=\"article\" \/>\n<meta property=\"og:title\" content=\"[ Tripp-lite ] &#129351; Smart1000rm2u Nobreak Tripp Lite Serie Smartpro 1000va 1000w 120v Onda Sinusoidal, Interactivo,8 Contactos, Opcion De Tarjeta De Red, Lcd, Usb,db9,2u Rack\/torre. Garantia 2 A\u00f1os.\" \/>\n<meta property=\"og:description\" content=\"Compra Smart1000rm2u Nobreak Tripp Lite Serie Smartpro 1000va 1000w 120v Onda Sinusoidal, Interactivo,8 Contactos, Opcion De Tarjeta De Red, Lcd, Usb,db9,2u Rack\/torre. Garantia 2 A\u00f1os. + Env\u00edo a domicilio + Pago seguro + Garant\u00eda\" \/>\n<meta property=\"og:url\" content=\"https:\/\/compuviper.mx\/tienda\/producto\/tripp-lite-smart1000rm2u-nobreak-tripp-lite-serie-smartpro-1000va-1000w-120v-onda-sinusoidal-interactivo8-contactos-opcion-de-tarjeta-de-red-lcd-usbdb92u-rack-torre-garantia-2-aos\/\" \/>\n<meta property=\"og:site_name\" content=\"Compuviper\" \/>\n<meta property=\"article:publisher\" content=\"https:\/\/www.facebook.com\/compuviper\" \/>\n<meta property=\"article:modified_time\" content=\"2026-04-08T06:29:20+00:00\" \/>\n<meta property=\"og:image\" content=\"https:\/\/compuviper.mx\/tienda\/wp-content\/uploads\/2024\/01\/Nobreak-tripp-lite-smart1000rm2u-serie-smartpro-1000va-1000w-120v-onda-sinusoidal-interactivo8-contactos-opcion-de-tarjeta-de-red-lcd-usbdb92u-racktorre.-garantia-2-anos.jpg\" \/>\n\t<meta property=\"og:image:width\" content=\"200\" \/>\n\t<meta property=\"og:image:height\" content=\"200\" \/>\n\t<meta property=\"og:image:type\" content=\"image\/jpeg\" \/>\n<meta name=\"twitter:card\" content=\"summary_large_image\" \/>\n<meta name=\"twitter:label1\" content=\"Precio\" \/>\n\t<meta name=\"twitter:data1\" content=\"&#36;8,705 con IVA\" \/>\n\t<meta name=\"twitter:label2\" content=\"Availability\" \/>\n\t<meta name=\"twitter:data2\" content=\"In stock\" \/>\n<script type=\"application\/ld+json\" class=\"yoast-schema-graph\">{\"@context\":\"https:\/\/schema.org\",\"@graph\":[{\"@type\":\"WebPage\",\"@id\":\"https:\/\/compuviper.mx\/tienda\/producto\/tripp-lite-smart1000rm2u-nobreak-tripp-lite-serie-smartpro-1000va-1000w-120v-onda-sinusoidal-interactivo8-contactos-opcion-de-tarjeta-de-red-lcd-usbdb92u-rack-torre-garantia-2-aos\/\",\"url\":\"https:\/\/compuviper.mx\/tienda\/producto\/tripp-lite-smart1000rm2u-nobreak-tripp-lite-serie-smartpro-1000va-1000w-120v-onda-sinusoidal-interactivo8-contactos-opcion-de-tarjeta-de-red-lcd-usbdb92u-rack-torre-garantia-2-aos\/\",\"name\":\"[ Tripp-lite ] &#129351; Smart1000rm2u Nobreak Tripp Lite Serie Smartpro 1000va 1000w 120v Onda Sinusoidal, Interactivo,8 Contactos, Opcion De Tarjeta De Red, Lcd, Usb,db9,2u Rack\/torre. Garantia 2 A\u00f1os.\",\"isPartOf\":{\"@id\":\"https:\/\/compuviper.mx\/tienda\/#website\"},\"datePublished\":\"2026-04-08T06:29:19+00:00\",\"dateModified\":\"2026-04-08T06:29:20+00:00\",\"description\":\"Compra Smart1000rm2u Nobreak Tripp Lite Serie Smartpro 1000va 1000w 120v Onda Sinusoidal, Interactivo,8 Contactos, Opcion De Tarjeta De Red, Lcd, Usb,db9,2u Rack\/torre. Garantia 2 A\u00f1os. + Env\u00edo a domicilio + Pago seguro + Garant\u00eda\",\"breadcrumb\":{\"@id\":\"https:\/\/compuviper.mx\/tienda\/producto\/tripp-lite-smart1000rm2u-nobreak-tripp-lite-serie-smartpro-1000va-1000w-120v-onda-sinusoidal-interactivo8-contactos-opcion-de-tarjeta-de-red-lcd-usbdb92u-rack-torre-garantia-2-aos\/#breadcrumb\"},\"inLanguage\":\"es-MX\",\"potentialAction\":[{\"@type\":\"ReadAction\",\"target\":[\"https:\/\/compuviper.mx\/tienda\/producto\/tripp-lite-smart1000rm2u-nobreak-tripp-lite-serie-smartpro-1000va-1000w-120v-onda-sinusoidal-interactivo8-contactos-opcion-de-tarjeta-de-red-lcd-usbdb92u-rack-torre-garantia-2-aos\/\"]}]},{\"@type\":\"BreadcrumbList\",\"@id\":\"https:\/\/compuviper.mx\/tienda\/producto\/tripp-lite-smart1000rm2u-nobreak-tripp-lite-serie-smartpro-1000va-1000w-120v-onda-sinusoidal-interactivo8-contactos-opcion-de-tarjeta-de-red-lcd-usbdb92u-rack-torre-garantia-2-aos\/#breadcrumb\",\"itemListElement\":[{\"@type\":\"ListItem\",\"position\":1,\"name\":\"Inicio\",\"item\":\"https:\/\/compuviper.mx\/tienda\/\"},{\"@type\":\"ListItem\",\"position\":2,\"name\":\"Productos\",\"item\":\"https:\/\/compuviper.mx\/tienda\/productos\/\"},{\"@type\":\"ListItem\",\"position\":3,\"name\":\"Energia\",\"item\":\"https:\/\/compuviper.mx\/tienda\/categoria-producto\/energia\/\"},{\"@type\":\"ListItem\",\"position\":4,\"name\":\"No Break\",\"item\":\"https:\/\/compuviper.mx\/tienda\/categoria-producto\/energia\/no-break\/\"},{\"@type\":\"ListItem\",\"position\":5,\"name\":\"Tripp-lite Smart1000rm2u Nobreak Tripp Lite Serie Smartpro 1000va 1000w 120v Onda Sinusoidal, Interactivo,8 Contactos, Opcion De Tarjeta De Red, Lcd, Usb,db9,2u Rack\/torre. Garantia 2 A?os.\"}]},{\"@type\":\"WebSite\",\"@id\":\"https:\/\/compuviper.mx\/tienda\/#website\",\"url\":\"https:\/\/compuviper.mx\/tienda\/\",\"name\":\"Compuviper\",\"description\":\"Proveedor de Computadoras, Laptops, Servidores, Monitores, Puntos de Venta, Teclados,   Impresoras, T\u00f3ner, C\u00e1maras de Seguridad y m\u00e1s en tu tienda en l\u00ednea\",\"publisher\":{\"@id\":\"https:\/\/compuviper.mx\/tienda\/#organization\"},\"potentialAction\":[{\"@type\":\"SearchAction\",\"target\":{\"@type\":\"EntryPoint\",\"urlTemplate\":\"https:\/\/compuviper.mx\/tienda\/?s={search_term_string}\"},\"query-input\":\"required name=search_term_string\"}],\"inLanguage\":\"es-MX\"},{\"@type\":\"Organization\",\"@id\":\"https:\/\/compuviper.mx\/tienda\/#organization\",\"name\":\"Compuviper\",\"url\":\"https:\/\/compuviper.mx\/tienda\/\",\"logo\":{\"@type\":\"ImageObject\",\"inLanguage\":\"es-MX\",\"@id\":\"https:\/\/compuviper.mx\/tienda\/#\/schema\/logo\/image\/\",\"url\":\"https:\/\/compuviper.mx\/tienda\/wp-content\/uploads\/2021\/08\/Logo-Compuviper-10.png\",\"contentUrl\":\"https:\/\/compuviper.mx\/tienda\/wp-content\/uploads\/2021\/08\/Logo-Compuviper-10.png\",\"width\":1000,\"height\":500,\"caption\":\"Compuviper\"},\"image\":{\"@id\":\"https:\/\/compuviper.mx\/tienda\/#\/schema\/logo\/image\/\"},\"sameAs\":[\"https:\/\/www.facebook.com\/compuviper\",\"https:\/\/www.youtube.com\/channel\/UCf73dERp9Y3cfOq7q8BhLjA?view_as=subscriber\"]}]}<\/script>\n<meta property=\"product:brand\" content=\"TRIPP-LITE\" \/>\n<meta property=\"product:price:amount\" content=\"8705\" \/>\n<meta property=\"product:price:currency\" content=\"MXN\" \/>\n<meta property=\"og:availability\" content=\"instock\" \/>\n<meta property=\"product:availability\" content=\"instock\" \/>\n<meta property=\"product:retailer_item_id\" content=\"SMART1000RM2U\" \/>\n<meta property=\"product:condition\" content=\"new\" \/>\n<!-- \/ Yoast SEO plugin. -->","yoast_head_json":{"title":"[ Tripp-lite ] &#129351; Smart1000rm2u Nobreak Tripp Lite Serie Smartpro 1000va 1000w 120v Onda Sinusoidal, Interactivo,8 Contactos, Opcion De Tarjeta De Red, Lcd, Usb,db9,2u Rack\/torre. Garantia 2 A\u00f1os.","description":"Compra Smart1000rm2u Nobreak Tripp Lite Serie Smartpro 1000va 1000w 120v Onda Sinusoidal, Interactivo,8 Contactos, Opcion De Tarjeta De Red, Lcd, Usb,db9,2u Rack\/torre. Garantia 2 A\u00f1os. + Env\u00edo a domicilio + Pago seguro + Garant\u00eda","robots":{"index":"index","follow":"follow","max-snippet":"max-snippet:-1","max-image-preview":"max-image-preview:large","max-video-preview":"max-video-preview:-1"},"canonical":"https:\/\/compuviper.mx\/tienda\/producto\/tripp-lite-smart1000rm2u-nobreak-tripp-lite-serie-smartpro-1000va-1000w-120v-onda-sinusoidal-interactivo8-contactos-opcion-de-tarjeta-de-red-lcd-usbdb92u-rack-torre-garantia-2-aos\/","og_locale":"es_MX","og_type":"article","og_title":"[ Tripp-lite ] &#129351; Smart1000rm2u Nobreak Tripp Lite Serie Smartpro 1000va 1000w 120v Onda Sinusoidal, Interactivo,8 Contactos, Opcion De Tarjeta De Red, Lcd, Usb,db9,2u Rack\/torre. Garantia 2 A\u00f1os.","og_description":"Compra Smart1000rm2u Nobreak Tripp Lite Serie Smartpro 1000va 1000w 120v Onda Sinusoidal, Interactivo,8 Contactos, Opcion De Tarjeta De Red, Lcd, Usb,db9,2u Rack\/torre. Garantia 2 A\u00f1os. + Env\u00edo a domicilio + Pago seguro + Garant\u00eda","og_url":"https:\/\/compuviper.mx\/tienda\/producto\/tripp-lite-smart1000rm2u-nobreak-tripp-lite-serie-smartpro-1000va-1000w-120v-onda-sinusoidal-interactivo8-contactos-opcion-de-tarjeta-de-red-lcd-usbdb92u-rack-torre-garantia-2-aos\/","og_site_name":"Compuviper","article_publisher":"https:\/\/www.facebook.com\/compuviper","article_modified_time":"2026-04-08T06:29:20+00:00","og_image":[{"width":200,"height":200,"url":"https:\/\/compuviper.mx\/tienda\/wp-content\/uploads\/2024\/01\/Nobreak-tripp-lite-smart1000rm2u-serie-smartpro-1000va-1000w-120v-onda-sinusoidal-interactivo8-contactos-opcion-de-tarjeta-de-red-lcd-usbdb92u-racktorre.-garantia-2-anos.jpg","type":"image\/jpeg"}],"twitter_card":"summary_large_image","twitter_misc":{"Precio":"&#36;8,705 con IVA","Availability":"In stock"},"schema":{"@context":"https:\/\/schema.org","@graph":[{"@type":"WebPage","@id":"https:\/\/compuviper.mx\/tienda\/producto\/tripp-lite-smart1000rm2u-nobreak-tripp-lite-serie-smartpro-1000va-1000w-120v-onda-sinusoidal-interactivo8-contactos-opcion-de-tarjeta-de-red-lcd-usbdb92u-rack-torre-garantia-2-aos\/","url":"https:\/\/compuviper.mx\/tienda\/producto\/tripp-lite-smart1000rm2u-nobreak-tripp-lite-serie-smartpro-1000va-1000w-120v-onda-sinusoidal-interactivo8-contactos-opcion-de-tarjeta-de-red-lcd-usbdb92u-rack-torre-garantia-2-aos\/","name":"[ Tripp-lite ] &#129351; Smart1000rm2u Nobreak Tripp Lite Serie Smartpro 1000va 1000w 120v Onda Sinusoidal, Interactivo,8 Contactos, Opcion De Tarjeta De Red, Lcd, Usb,db9,2u Rack\/torre. Garantia 2 A\u00f1os.","isPartOf":{"@id":"https:\/\/compuviper.mx\/tienda\/#website"},"datePublished":"2026-04-08T06:29:19+00:00","dateModified":"2026-04-08T06:29:20+00:00","description":"Compra Smart1000rm2u Nobreak Tripp Lite Serie Smartpro 1000va 1000w 120v Onda Sinusoidal, Interactivo,8 Contactos, Opcion De Tarjeta De Red, Lcd, Usb,db9,2u Rack\/torre. Garantia 2 A\u00f1os. + Env\u00edo a domicilio + Pago seguro + Garant\u00eda","breadcrumb":{"@id":"https:\/\/compuviper.mx\/tienda\/producto\/tripp-lite-smart1000rm2u-nobreak-tripp-lite-serie-smartpro-1000va-1000w-120v-onda-sinusoidal-interactivo8-contactos-opcion-de-tarjeta-de-red-lcd-usbdb92u-rack-torre-garantia-2-aos\/#breadcrumb"},"inLanguage":"es-MX","potentialAction":[{"@type":"ReadAction","target":["https:\/\/compuviper.mx\/tienda\/producto\/tripp-lite-smart1000rm2u-nobreak-tripp-lite-serie-smartpro-1000va-1000w-120v-onda-sinusoidal-interactivo8-contactos-opcion-de-tarjeta-de-red-lcd-usbdb92u-rack-torre-garantia-2-aos\/"]}]},{"@type":"BreadcrumbList","@id":"https:\/\/compuviper.mx\/tienda\/producto\/tripp-lite-smart1000rm2u-nobreak-tripp-lite-serie-smartpro-1000va-1000w-120v-onda-sinusoidal-interactivo8-contactos-opcion-de-tarjeta-de-red-lcd-usbdb92u-rack-torre-garantia-2-aos\/#breadcrumb","itemListElement":[{"@type":"ListItem","position":1,"name":"Inicio","item":"https:\/\/compuviper.mx\/tienda\/"},{"@type":"ListItem","position":2,"name":"Productos","item":"https:\/\/compuviper.mx\/tienda\/productos\/"},{"@type":"ListItem","position":3,"name":"Energia","item":"https:\/\/compuviper.mx\/tienda\/categoria-producto\/energia\/"},{"@type":"ListItem","position":4,"name":"No Break","item":"https:\/\/compuviper.mx\/tienda\/categoria-producto\/energia\/no-break\/"},{"@type":"ListItem","position":5,"name":"Tripp-lite Smart1000rm2u Nobreak Tripp Lite Serie Smartpro 1000va 1000w 120v Onda Sinusoidal, Interactivo,8 Contactos, Opcion De Tarjeta De Red, Lcd, Usb,db9,2u Rack\/torre. Garantia 2 A?os."}]},{"@type":"WebSite","@id":"https:\/\/compuviper.mx\/tienda\/#website","url":"https:\/\/compuviper.mx\/tienda\/","name":"Compuviper","description":"Proveedor de Computadoras, Laptops, Servidores, Monitores, Puntos de Venta, Teclados,   Impresoras, T\u00f3ner, C\u00e1maras de Seguridad y m\u00e1s en tu tienda en l\u00ednea","publisher":{"@id":"https:\/\/compuviper.mx\/tienda\/#organization"},"potentialAction":[{"@type":"SearchAction","target":{"@type":"EntryPoint","urlTemplate":"https:\/\/compuviper.mx\/tienda\/?s={search_term_string}"},"query-input":"required name=search_term_string"}],"inLanguage":"es-MX"},{"@type":"Organization","@id":"https:\/\/compuviper.mx\/tienda\/#organization","name":"Compuviper","url":"https:\/\/compuviper.mx\/tienda\/","logo":{"@type":"ImageObject","inLanguage":"es-MX","@id":"https:\/\/compuviper.mx\/tienda\/#\/schema\/logo\/image\/","url":"https:\/\/compuviper.mx\/tienda\/wp-content\/uploads\/2021\/08\/Logo-Compuviper-10.png","contentUrl":"https:\/\/compuviper.mx\/tienda\/wp-content\/uploads\/2021\/08\/Logo-Compuviper-10.png","width":1000,"height":500,"caption":"Compuviper"},"image":{"@id":"https:\/\/compuviper.mx\/tienda\/#\/schema\/logo\/image\/"},"sameAs":["https:\/\/www.facebook.com\/compuviper","https:\/\/www.youtube.com\/channel\/UCf73dERp9Y3cfOq7q8BhLjA?view_as=subscriber"]}]},"product_brand":"TRIPP-LITE","product_price_amount":"8705","product_price_currency":"MXN","og_availability":"instock","product_availability":"instock","product_retailer_item_id":"SMART1000RM2U","product_condition":"new"},"_links":{"self":[{"href":"https:\/\/compuviper.mx\/tienda\/wp-json\/wp\/v2\/product\/228949"}],"collection":[{"href":"https:\/\/compuviper.mx\/tienda\/wp-json\/wp\/v2\/product"}],"about":[{"href":"https:\/\/compuviper.mx\/tienda\/wp-json\/wp\/v2\/types\/product"}],"replies":[{"embeddable":true,"href":"https:\/\/compuviper.mx\/tienda\/wp-json\/wp\/v2\/comments?post=228949"}],"wp:featuredmedia":[{"embeddable":true,"href":"https:\/\/compuviper.mx\/tienda\/wp-json\/wp\/v2\/media\/229110"}],"wp:attachment":[{"href":"https:\/\/compuviper.mx\/tienda\/wp-json\/wp\/v2\/media?parent=228949"}],"wp:term":[{"taxonomy":"product_cat","embeddable":true,"href":"https:\/\/compuviper.mx\/tienda\/wp-json\/wp\/v2\/product_cat?post=228949"},{"taxonomy":"product_tag","embeddable":true,"href":"https:\/\/compuviper.mx\/tienda\/wp-json\/wp\/v2\/product_tag?post=228949"}],"curies":[{"name":"wp","href":"https:\/\/api.w.org\/{rel}","templated":true}]}}