{"id":228712,"date":"2026-04-23T00:14:03","date_gmt":"2026-04-23T06:14:03","guid":{"rendered":"https:\/\/compuviper.mx\/tienda\/producto\/dahua-dh-ipc-pfw5849-a180-e2-aste-camara-ip-ipc-pfw5849-a180-e2-aste-bullet-4k-2x4-megapxeles-codec-h-265-full-color-led-de-40m-angulo-de-visin-180-roi-wdr-e-and-s-audio-y-alarma-smd-4\/"},"modified":"2026-04-23T00:14:03","modified_gmt":"2026-04-23T06:14:03","slug":"dahua-dh-ipc-pfw5849-a180-e2-aste-camara-ip-ipc-pfw5849-a180-e2-aste-bullet-4k-2x4-megapxeles-codec-h-265-full-color-led-de-40m-angulo-de-visin-180-roi-wdr-es-audio-y-alarma-smd-4-0-ip67","status":"publish","type":"product","link":"https:\/\/compuviper.mx\/tienda\/producto\/dahua-dh-ipc-pfw5849-a180-e2-aste-camara-ip-ipc-pfw5849-a180-e2-aste-bullet-4k-2x4-megapxeles-codec-h-265-full-color-led-de-40m-angulo-de-visin-180-roi-wdr-es-audio-y-alarma-smd-4-0-ip67\/","title":{"rendered":"Dahua Dh-ipc-pfw5849-a180-e2-aste Camara Ip\/\/ Ipc-pfw5849-a180-e2-aste &#8211; Bullet 4k\/ 2&#215;4 Megapxeles\/ Codec H.265\/ Full Color\/ Led De 40m\/angulo De Visin 180\/ Roi\/ Wdr\/ Es Audio Y Alarma\/ Smd 4.0\/ Ip67"},"content":{"rendered":"<table class=\"descripcion\">\n<tr>\n<td>Especificaciones t\u00e9cnicas<\/td>\n<\/tr>\n<tr>\n<td>\u0095 cmos doble de 1\/1,8<\/td>\n<\/tr>\n<tr>\n<td>\u0095 m\u00e1x. resoluci\u00f3n: 4096 (h) x 1800 (v)<\/td>\n<\/tr>\n<tr>\n<td>\u0095 rom: 128 mb<\/td>\n<\/tr>\n<tr>\n<td>\u0095 ram: 1gb<\/td>\n<\/tr>\n<tr>\n<td>\u0095 sistema de escaneo progresivo<\/td>\n<\/tr>\n<tr>\n<td>\u0095 velocidad de obturaci\u00f3n electr\u00f3nica: autom\u00e1tico\/ manual 1\/3s 1\/100000s<\/td>\n<\/tr>\n<tr>\n<td>\u0095 m\u00edn. iluminaci\u00f3n: 0,0005 lux a f1,0 (color, 30 ire) 0,0002 lux a f1,0 (b\/n, 30 ire) 0 lux<\/td>\n<\/tr>\n<tr>\n<td>Caracter\u00edsticas principales<\/td>\n<\/tr>\n<tr>\n<td>\u0095 emite una imagen de empalme de gran angular de 180\u00b0.<\/td>\n<\/tr>\n<tr>\n<td>\u0095 salidas m\u00e1x. 8 mp (4096 \u00d7 1800) a 25 fps.<\/td>\n<\/tr>\n<tr>\n<td>\u0095 c\u00f3dec h.265, alta tasa de compresi\u00f3n, tasa de bits ultrabaja.<\/td>\n<\/tr>\n<tr>\n<td>\u0095 luz c\u00e1lida incorporada y el m\u00e1ximo. la distancia de iluminaci\u00f3n es de 40 m.<\/td>\n<\/tr>\n<tr>\n<td>\u0095 roi, smart h.264 +\/h.265+, ai h.264\/h.265, codificaci\u00f3n flexible, aplicable a varios entornos de almacenamiento y ancho de banda.<\/td>\n<\/tr>\n<tr>\n<td>\u0095 wdr, 3d nr, hlc, blc, marca de agua digital, aplicable a varias escenas de monitoreo.<\/td>\n<\/tr>\n<tr>\n<td>\u0095 alarma: 1 entrada, 1 salida; audio: 1 entrada, 1 salida; admite m\u00e1x. tarjeta micro sd de 512 g,<\/td>\n<\/tr>\n<tr>\n<td>\u0095 micr\u00f3fono y altavoz integrados, compatible con conversaci\u00f3n bidireccional.<\/td>\n<\/tr>\n<tr>\n<td>\u0095 fuente de alimentaci\u00f3n de 12 vdc\/poe, f\u00e1cil de instalar.<\/td>\n<\/tr>\n<tr>\n<td>\u0095 protecci\u00f3n ip67.<\/td>\n<\/tr>\n<tr>\n<td>\u0095 monitoreo inteligente: intrusi\u00f3n, cable trampa, mapa de calor y conteo de personas.<\/td>\n<\/tr>\n<tr>\n<td>\u0095 eptz: ampl\u00ede y rastree los objetivos de las alarmas inteligentes.<\/td>\n<\/tr>\n<tr>\n<td>\u0095 smd.<\/td>\n<\/tr>\n<\/table>\n","protected":false},"excerpt":{"rendered":"<p>Informaci\u00f3n general. Con la soluci\u00f3n starlight y el algoritmo de aprendizaje profundo, la c\u00e1mara de red dahua wizmind serie 5 tiene varias funciones inteligentes, que incluyen captura de rostros, protecci\u00f3n perimetral y conteo de personas, que mejoran en gran medida la precisi\u00f3n del an\u00e1lisis de video. Epoe. La innovadora tecnolog\u00eda epoe de dahua ofrece una nueva soluci\u00f3n para transmitir energ\u00eda y datos a largas distancias entre las c\u00e1maras y el conmutador de red, lo que permite un dise\u00f1o m\u00e1s flexible del sistema de vigilancia, mejora la confiabilidad, reduce el tiempo de instalaci\u00f3n y ahorra dinero. La tecnolog\u00eda epoe abarca sistemas de red puros donde un solo cable cat6 puede transportar se\u00f1ales hasta 300 m (984 pies) a 100 mbps, 800 m (2625 pies) a 10 mbps. Protecci\u00f3n perimetral. Con un algoritmo de aprendizaje profundo, la tecnolog\u00eda de protecci\u00f3n perimetral de dahua puede reconocer a humanos y veh\u00edculos con precisi\u00f3n. En \u00e1reas restringidas (como \u00e1reas para peatones y \u00e1reas para veh\u00edculos), las falsas alarmas de detecci\u00f3n inteligente basadas en el tipo de objetivo (como cable trampa, intrusi\u00f3n, movimiento r\u00e1pido, detecci\u00f3n de estacionamiento, detecci\u00f3n de merodeo y detecci\u00f3n de reuni\u00f3n) se reducen en gran medida. Protecci\u00f3n (ip67, amplio voltaje. Ip67: la c\u00e1mara pasa una serie de pruebas estrictas sobre polvo y remojo. Tiene una funci\u00f3n a prueba de polvo y la carcasa puede funcionar normalmente despu\u00e9s de sumergirse en agua a 1 m de profundidad durante 30 minutos. Amplio voltaje: la c\u00e1mara permite una tolerancia de voltaje de entrada de \u00b130 % (para algunas fuentes de alimentaci\u00f3n) (amplio rango de voltaje) y se aplica ampliamente en ambientes exteriores con voltaje inestable. Conteo de personas. Con un algoritmo de aprendizaje profundo, la tecnolog\u00eda de conteo de personas de dahua puede rastrear y procesar objetivos del cuerpo humano en movimiento para realizar estad\u00edsticas precisas de n\u00famero de entrada, n\u00famero de salida y n\u00famero de \u00e1rea. Trabajando con la plataforma de gesti\u00f3n, genera informes anuales\/mensuales\/diarios para cumplir con sus requisitos<\/p>\n","protected":false},"featured_media":233927,"comment_status":"open","ping_status":"open","template":"","meta":[],"product_cat":[1608,1681],"product_tag":[1555],"acf":[],"yoast_head":"<!-- This site is optimized with the Yoast SEO plugin v21.7 - https:\/\/yoast.com\/wordpress\/plugins\/seo\/ -->\n<title>[ Dahua ] &#129351; Dh-ipc-pfw5849-a180-e2-aste Camara Ip\/\/ Ipc-pfw5849-a180-e2-aste - Bullet 4k\/ 2x4 Megapxeles\/ Codec H.265\/ Full Color\/ Led De 40m\/angulo De Visin 180\/ Roi\/ Wdr\/ Es Audio Y Alarma\/ Smd 4.0\/ Ip67<\/title>\n<meta name=\"description\" content=\"Compra Dh-ipc-pfw5849-a180-e2-aste Camara Ip\/\/ Ipc-pfw5849-a180-e2-aste - Bullet 4k\/ 2x4 Megapxeles\/ Codec H.265\/ Full Color\/ Led De 40m\/angulo De Visin 180\/ Roi\/ Wdr\/ Es Audio Y Alarma\/ Smd 4.0\/ Ip67 + Env\u00edo a domicilio + Pago seguro + Garant\u00eda\" \/>\n<meta name=\"robots\" content=\"index, follow, max-snippet:-1, max-image-preview:large, max-video-preview:-1\" \/>\n<link rel=\"canonical\" href=\"https:\/\/compuviper.mx\/tienda\/producto\/dahua-dh-ipc-pfw5849-a180-e2-aste-camara-ip-ipc-pfw5849-a180-e2-aste-bullet-4k-2x4-megapxeles-codec-h-265-full-color-led-de-40m-angulo-de-visin-180-roi-wdr-es-audio-y-alarma-smd-4-0-ip67\/\" \/>\n<meta property=\"og:locale\" content=\"es_MX\" \/>\n<meta property=\"og:type\" content=\"article\" \/>\n<meta property=\"og:title\" content=\"[ Dahua ] &#129351; Dh-ipc-pfw5849-a180-e2-aste Camara Ip\/\/ Ipc-pfw5849-a180-e2-aste - Bullet 4k\/ 2x4 Megapxeles\/ Codec H.265\/ Full Color\/ Led De 40m\/angulo De Visin 180\/ Roi\/ Wdr\/ Es Audio Y Alarma\/ Smd 4.0\/ Ip67\" \/>\n<meta property=\"og:description\" content=\"Compra Dh-ipc-pfw5849-a180-e2-aste Camara Ip\/\/ Ipc-pfw5849-a180-e2-aste - Bullet 4k\/ 2x4 Megapxeles\/ Codec H.265\/ Full Color\/ Led De 40m\/angulo De Visin 180\/ Roi\/ Wdr\/ Es Audio Y Alarma\/ Smd 4.0\/ Ip67 + Env\u00edo a domicilio + Pago seguro + Garant\u00eda\" \/>\n<meta property=\"og:url\" content=\"https:\/\/compuviper.mx\/tienda\/producto\/dahua-dh-ipc-pfw5849-a180-e2-aste-camara-ip-ipc-pfw5849-a180-e2-aste-bullet-4k-2x4-megapxeles-codec-h-265-full-color-led-de-40m-angulo-de-visin-180-roi-wdr-es-audio-y-alarma-smd-4-0-ip67\/\" \/>\n<meta property=\"og:site_name\" content=\"Compuviper\" \/>\n<meta property=\"article:publisher\" content=\"https:\/\/www.facebook.com\/compuviper\" \/>\n<meta property=\"og:image\" content=\"https:\/\/compuviper.mx\/tienda\/wp-content\/uploads\/2024\/05\/Camara-ipdahua-ipc-pfw5849-a180-e2-aste-bullet-4k-2x4-megapixeles-codec-h.265-full-color-led-de-40mangulo-de-vision-180\u00b0-roi-wdr-e-and-s-audio-y-alarma-smd-4.0-ip67.jpg\" \/>\n\t<meta property=\"og:image:width\" content=\"200\" \/>\n\t<meta property=\"og:image:height\" content=\"200\" \/>\n\t<meta property=\"og:image:type\" content=\"image\/jpeg\" \/>\n<meta name=\"twitter:card\" content=\"summary_large_image\" \/>\n<meta name=\"twitter:label1\" content=\"Precio\" \/>\n\t<meta name=\"twitter:data1\" content=\"&#36;6,961 con IVA\" \/>\n\t<meta name=\"twitter:label2\" content=\"Availability\" \/>\n\t<meta name=\"twitter:data2\" content=\"On backorder\" \/>\n<script type=\"application\/ld+json\" class=\"yoast-schema-graph\">{\"@context\":\"https:\/\/schema.org\",\"@graph\":[{\"@type\":\"WebPage\",\"@id\":\"https:\/\/compuviper.mx\/tienda\/producto\/dahua-dh-ipc-pfw5849-a180-e2-aste-camara-ip-ipc-pfw5849-a180-e2-aste-bullet-4k-2x4-megapxeles-codec-h-265-full-color-led-de-40m-angulo-de-visin-180-roi-wdr-es-audio-y-alarma-smd-4-0-ip67\/\",\"url\":\"https:\/\/compuviper.mx\/tienda\/producto\/dahua-dh-ipc-pfw5849-a180-e2-aste-camara-ip-ipc-pfw5849-a180-e2-aste-bullet-4k-2x4-megapxeles-codec-h-265-full-color-led-de-40m-angulo-de-visin-180-roi-wdr-es-audio-y-alarma-smd-4-0-ip67\/\",\"name\":\"[ Dahua ] &#129351; Dh-ipc-pfw5849-a180-e2-aste Camara Ip\/\/ Ipc-pfw5849-a180-e2-aste - Bullet 4k\/ 2x4 Megapxeles\/ Codec H.265\/ Full Color\/ Led De 40m\/angulo De Visin 180\/ Roi\/ Wdr\/ Es Audio Y Alarma\/ Smd 4.0\/ Ip67\",\"isPartOf\":{\"@id\":\"https:\/\/compuviper.mx\/tienda\/#website\"},\"datePublished\":\"2026-04-23T06:14:03+00:00\",\"dateModified\":\"2026-04-23T06:14:03+00:00\",\"description\":\"Compra Dh-ipc-pfw5849-a180-e2-aste Camara Ip\/\/ Ipc-pfw5849-a180-e2-aste - Bullet 4k\/ 2x4 Megapxeles\/ Codec H.265\/ Full Color\/ Led De 40m\/angulo De Visin 180\/ Roi\/ Wdr\/ Es Audio Y Alarma\/ Smd 4.0\/ Ip67 + Env\u00edo a domicilio + Pago seguro + Garant\u00eda\",\"breadcrumb\":{\"@id\":\"https:\/\/compuviper.mx\/tienda\/producto\/dahua-dh-ipc-pfw5849-a180-e2-aste-camara-ip-ipc-pfw5849-a180-e2-aste-bullet-4k-2x4-megapxeles-codec-h-265-full-color-led-de-40m-angulo-de-visin-180-roi-wdr-es-audio-y-alarma-smd-4-0-ip67\/#breadcrumb\"},\"inLanguage\":\"es-MX\",\"potentialAction\":[{\"@type\":\"ReadAction\",\"target\":[\"https:\/\/compuviper.mx\/tienda\/producto\/dahua-dh-ipc-pfw5849-a180-e2-aste-camara-ip-ipc-pfw5849-a180-e2-aste-bullet-4k-2x4-megapxeles-codec-h-265-full-color-led-de-40m-angulo-de-visin-180-roi-wdr-es-audio-y-alarma-smd-4-0-ip67\/\"]}]},{\"@type\":\"BreadcrumbList\",\"@id\":\"https:\/\/compuviper.mx\/tienda\/producto\/dahua-dh-ipc-pfw5849-a180-e2-aste-camara-ip-ipc-pfw5849-a180-e2-aste-bullet-4k-2x4-megapxeles-codec-h-265-full-color-led-de-40m-angulo-de-visin-180-roi-wdr-es-audio-y-alarma-smd-4-0-ip67\/#breadcrumb\",\"itemListElement\":[{\"@type\":\"ListItem\",\"position\":1,\"name\":\"Inicio\",\"item\":\"https:\/\/compuviper.mx\/tienda\/\"},{\"@type\":\"ListItem\",\"position\":2,\"name\":\"Productos\",\"item\":\"https:\/\/compuviper.mx\/tienda\/productos\/\"},{\"@type\":\"ListItem\",\"position\":3,\"name\":\"Camaras\",\"item\":\"https:\/\/compuviper.mx\/tienda\/categoria-producto\/camaras-2\/\"},{\"@type\":\"ListItem\",\"position\":4,\"name\":\"Camara De Videovigilancia\",\"item\":\"https:\/\/compuviper.mx\/tienda\/categoria-producto\/camaras-2\/camara-de-videovigilancia\/\"},{\"@type\":\"ListItem\",\"position\":5,\"name\":\"Dahua Dh-ipc-pfw5849-a180-e2-aste Camara Ip\/\/ Ipc-pfw5849-a180-e2-aste &#8211; Bullet 4k\/ 2&#215;4 Megapxeles\/ Codec H.265\/ Full Color\/ Led De 40m\/angulo De Visin 180\/ Roi\/ Wdr\/ Es Audio Y Alarma\/ Smd 4.0\/ Ip67\"}]},{\"@type\":\"WebSite\",\"@id\":\"https:\/\/compuviper.mx\/tienda\/#website\",\"url\":\"https:\/\/compuviper.mx\/tienda\/\",\"name\":\"Compuviper\",\"description\":\"Proveedor de Computadoras, Laptops, Servidores, Monitores, Puntos de Venta, Teclados,   Impresoras, T\u00f3ner, C\u00e1maras de Seguridad y m\u00e1s en tu tienda en l\u00ednea\",\"publisher\":{\"@id\":\"https:\/\/compuviper.mx\/tienda\/#organization\"},\"potentialAction\":[{\"@type\":\"SearchAction\",\"target\":{\"@type\":\"EntryPoint\",\"urlTemplate\":\"https:\/\/compuviper.mx\/tienda\/?s={search_term_string}\"},\"query-input\":\"required name=search_term_string\"}],\"inLanguage\":\"es-MX\"},{\"@type\":\"Organization\",\"@id\":\"https:\/\/compuviper.mx\/tienda\/#organization\",\"name\":\"Compuviper\",\"url\":\"https:\/\/compuviper.mx\/tienda\/\",\"logo\":{\"@type\":\"ImageObject\",\"inLanguage\":\"es-MX\",\"@id\":\"https:\/\/compuviper.mx\/tienda\/#\/schema\/logo\/image\/\",\"url\":\"https:\/\/compuviper.mx\/tienda\/wp-content\/uploads\/2021\/08\/Logo-Compuviper-10.png\",\"contentUrl\":\"https:\/\/compuviper.mx\/tienda\/wp-content\/uploads\/2021\/08\/Logo-Compuviper-10.png\",\"width\":1000,\"height\":500,\"caption\":\"Compuviper\"},\"image\":{\"@id\":\"https:\/\/compuviper.mx\/tienda\/#\/schema\/logo\/image\/\"},\"sameAs\":[\"https:\/\/www.facebook.com\/compuviper\",\"https:\/\/www.youtube.com\/channel\/UCf73dERp9Y3cfOq7q8BhLjA?view_as=subscriber\"]}]}<\/script>\n<meta property=\"product:brand\" content=\"DAHUA\" \/>\n<meta property=\"product:price:amount\" content=\"6961\" \/>\n<meta property=\"product:price:currency\" content=\"MXN\" \/>\n<meta property=\"og:availability\" content=\"backorder\" \/>\n<meta property=\"product:availability\" content=\"available for order\" \/>\n<meta property=\"product:retailer_item_id\" content=\"DH-IPC-PFW5849-A180-E2-ASTE\" \/>\n<meta property=\"product:condition\" content=\"new\" \/>\n<!-- \/ Yoast SEO plugin. -->","yoast_head_json":{"title":"[ Dahua ] &#129351; Dh-ipc-pfw5849-a180-e2-aste Camara Ip\/\/ Ipc-pfw5849-a180-e2-aste - Bullet 4k\/ 2x4 Megapxeles\/ Codec H.265\/ Full Color\/ Led De 40m\/angulo De Visin 180\/ Roi\/ Wdr\/ Es Audio Y Alarma\/ Smd 4.0\/ Ip67","description":"Compra Dh-ipc-pfw5849-a180-e2-aste Camara Ip\/\/ Ipc-pfw5849-a180-e2-aste - Bullet 4k\/ 2x4 Megapxeles\/ Codec H.265\/ Full Color\/ Led De 40m\/angulo De Visin 180\/ Roi\/ Wdr\/ Es Audio Y Alarma\/ Smd 4.0\/ Ip67 + Env\u00edo a domicilio + Pago seguro + Garant\u00eda","robots":{"index":"index","follow":"follow","max-snippet":"max-snippet:-1","max-image-preview":"max-image-preview:large","max-video-preview":"max-video-preview:-1"},"canonical":"https:\/\/compuviper.mx\/tienda\/producto\/dahua-dh-ipc-pfw5849-a180-e2-aste-camara-ip-ipc-pfw5849-a180-e2-aste-bullet-4k-2x4-megapxeles-codec-h-265-full-color-led-de-40m-angulo-de-visin-180-roi-wdr-es-audio-y-alarma-smd-4-0-ip67\/","og_locale":"es_MX","og_type":"article","og_title":"[ Dahua ] &#129351; Dh-ipc-pfw5849-a180-e2-aste Camara Ip\/\/ Ipc-pfw5849-a180-e2-aste - Bullet 4k\/ 2x4 Megapxeles\/ Codec H.265\/ Full Color\/ Led De 40m\/angulo De Visin 180\/ Roi\/ Wdr\/ Es Audio Y Alarma\/ Smd 4.0\/ Ip67","og_description":"Compra Dh-ipc-pfw5849-a180-e2-aste Camara Ip\/\/ Ipc-pfw5849-a180-e2-aste - Bullet 4k\/ 2x4 Megapxeles\/ Codec H.265\/ Full Color\/ Led De 40m\/angulo De Visin 180\/ Roi\/ Wdr\/ Es Audio Y Alarma\/ Smd 4.0\/ Ip67 + Env\u00edo a domicilio + Pago seguro + Garant\u00eda","og_url":"https:\/\/compuviper.mx\/tienda\/producto\/dahua-dh-ipc-pfw5849-a180-e2-aste-camara-ip-ipc-pfw5849-a180-e2-aste-bullet-4k-2x4-megapxeles-codec-h-265-full-color-led-de-40m-angulo-de-visin-180-roi-wdr-es-audio-y-alarma-smd-4-0-ip67\/","og_site_name":"Compuviper","article_publisher":"https:\/\/www.facebook.com\/compuviper","og_image":[{"width":200,"height":200,"url":"https:\/\/compuviper.mx\/tienda\/wp-content\/uploads\/2024\/05\/Camara-ipdahua-ipc-pfw5849-a180-e2-aste-bullet-4k-2x4-megapixeles-codec-h.265-full-color-led-de-40mangulo-de-vision-180\u00b0-roi-wdr-e-and-s-audio-y-alarma-smd-4.0-ip67.jpg","type":"image\/jpeg"}],"twitter_card":"summary_large_image","twitter_misc":{"Precio":"&#36;6,961 con IVA","Availability":"On backorder"},"schema":{"@context":"https:\/\/schema.org","@graph":[{"@type":"WebPage","@id":"https:\/\/compuviper.mx\/tienda\/producto\/dahua-dh-ipc-pfw5849-a180-e2-aste-camara-ip-ipc-pfw5849-a180-e2-aste-bullet-4k-2x4-megapxeles-codec-h-265-full-color-led-de-40m-angulo-de-visin-180-roi-wdr-es-audio-y-alarma-smd-4-0-ip67\/","url":"https:\/\/compuviper.mx\/tienda\/producto\/dahua-dh-ipc-pfw5849-a180-e2-aste-camara-ip-ipc-pfw5849-a180-e2-aste-bullet-4k-2x4-megapxeles-codec-h-265-full-color-led-de-40m-angulo-de-visin-180-roi-wdr-es-audio-y-alarma-smd-4-0-ip67\/","name":"[ Dahua ] &#129351; Dh-ipc-pfw5849-a180-e2-aste Camara Ip\/\/ Ipc-pfw5849-a180-e2-aste - Bullet 4k\/ 2x4 Megapxeles\/ Codec H.265\/ Full Color\/ Led De 40m\/angulo De Visin 180\/ Roi\/ Wdr\/ Es Audio Y Alarma\/ Smd 4.0\/ Ip67","isPartOf":{"@id":"https:\/\/compuviper.mx\/tienda\/#website"},"datePublished":"2026-04-23T06:14:03+00:00","dateModified":"2026-04-23T06:14:03+00:00","description":"Compra Dh-ipc-pfw5849-a180-e2-aste Camara Ip\/\/ Ipc-pfw5849-a180-e2-aste - Bullet 4k\/ 2x4 Megapxeles\/ Codec H.265\/ Full Color\/ Led De 40m\/angulo De Visin 180\/ Roi\/ Wdr\/ Es Audio Y Alarma\/ Smd 4.0\/ Ip67 + Env\u00edo a domicilio + Pago seguro + Garant\u00eda","breadcrumb":{"@id":"https:\/\/compuviper.mx\/tienda\/producto\/dahua-dh-ipc-pfw5849-a180-e2-aste-camara-ip-ipc-pfw5849-a180-e2-aste-bullet-4k-2x4-megapxeles-codec-h-265-full-color-led-de-40m-angulo-de-visin-180-roi-wdr-es-audio-y-alarma-smd-4-0-ip67\/#breadcrumb"},"inLanguage":"es-MX","potentialAction":[{"@type":"ReadAction","target":["https:\/\/compuviper.mx\/tienda\/producto\/dahua-dh-ipc-pfw5849-a180-e2-aste-camara-ip-ipc-pfw5849-a180-e2-aste-bullet-4k-2x4-megapxeles-codec-h-265-full-color-led-de-40m-angulo-de-visin-180-roi-wdr-es-audio-y-alarma-smd-4-0-ip67\/"]}]},{"@type":"BreadcrumbList","@id":"https:\/\/compuviper.mx\/tienda\/producto\/dahua-dh-ipc-pfw5849-a180-e2-aste-camara-ip-ipc-pfw5849-a180-e2-aste-bullet-4k-2x4-megapxeles-codec-h-265-full-color-led-de-40m-angulo-de-visin-180-roi-wdr-es-audio-y-alarma-smd-4-0-ip67\/#breadcrumb","itemListElement":[{"@type":"ListItem","position":1,"name":"Inicio","item":"https:\/\/compuviper.mx\/tienda\/"},{"@type":"ListItem","position":2,"name":"Productos","item":"https:\/\/compuviper.mx\/tienda\/productos\/"},{"@type":"ListItem","position":3,"name":"Camaras","item":"https:\/\/compuviper.mx\/tienda\/categoria-producto\/camaras-2\/"},{"@type":"ListItem","position":4,"name":"Camara De Videovigilancia","item":"https:\/\/compuviper.mx\/tienda\/categoria-producto\/camaras-2\/camara-de-videovigilancia\/"},{"@type":"ListItem","position":5,"name":"Dahua Dh-ipc-pfw5849-a180-e2-aste Camara Ip\/\/ Ipc-pfw5849-a180-e2-aste &#8211; Bullet 4k\/ 2&#215;4 Megapxeles\/ Codec H.265\/ Full Color\/ Led De 40m\/angulo De Visin 180\/ Roi\/ Wdr\/ Es Audio Y Alarma\/ Smd 4.0\/ Ip67"}]},{"@type":"WebSite","@id":"https:\/\/compuviper.mx\/tienda\/#website","url":"https:\/\/compuviper.mx\/tienda\/","name":"Compuviper","description":"Proveedor de Computadoras, Laptops, Servidores, Monitores, Puntos de Venta, Teclados,   Impresoras, T\u00f3ner, C\u00e1maras de Seguridad y m\u00e1s en tu tienda en l\u00ednea","publisher":{"@id":"https:\/\/compuviper.mx\/tienda\/#organization"},"potentialAction":[{"@type":"SearchAction","target":{"@type":"EntryPoint","urlTemplate":"https:\/\/compuviper.mx\/tienda\/?s={search_term_string}"},"query-input":"required name=search_term_string"}],"inLanguage":"es-MX"},{"@type":"Organization","@id":"https:\/\/compuviper.mx\/tienda\/#organization","name":"Compuviper","url":"https:\/\/compuviper.mx\/tienda\/","logo":{"@type":"ImageObject","inLanguage":"es-MX","@id":"https:\/\/compuviper.mx\/tienda\/#\/schema\/logo\/image\/","url":"https:\/\/compuviper.mx\/tienda\/wp-content\/uploads\/2021\/08\/Logo-Compuviper-10.png","contentUrl":"https:\/\/compuviper.mx\/tienda\/wp-content\/uploads\/2021\/08\/Logo-Compuviper-10.png","width":1000,"height":500,"caption":"Compuviper"},"image":{"@id":"https:\/\/compuviper.mx\/tienda\/#\/schema\/logo\/image\/"},"sameAs":["https:\/\/www.facebook.com\/compuviper","https:\/\/www.youtube.com\/channel\/UCf73dERp9Y3cfOq7q8BhLjA?view_as=subscriber"]}]},"product_brand":"DAHUA","product_price_amount":"6961","product_price_currency":"MXN","og_availability":"backorder","product_availability":"available for order","product_retailer_item_id":"DH-IPC-PFW5849-A180-E2-ASTE","product_condition":"new"},"_links":{"self":[{"href":"https:\/\/compuviper.mx\/tienda\/wp-json\/wp\/v2\/product\/228712"}],"collection":[{"href":"https:\/\/compuviper.mx\/tienda\/wp-json\/wp\/v2\/product"}],"about":[{"href":"https:\/\/compuviper.mx\/tienda\/wp-json\/wp\/v2\/types\/product"}],"replies":[{"embeddable":true,"href":"https:\/\/compuviper.mx\/tienda\/wp-json\/wp\/v2\/comments?post=228712"}],"wp:featuredmedia":[{"embeddable":true,"href":"https:\/\/compuviper.mx\/tienda\/wp-json\/wp\/v2\/media\/233927"}],"wp:attachment":[{"href":"https:\/\/compuviper.mx\/tienda\/wp-json\/wp\/v2\/media?parent=228712"}],"wp:term":[{"taxonomy":"product_cat","embeddable":true,"href":"https:\/\/compuviper.mx\/tienda\/wp-json\/wp\/v2\/product_cat?post=228712"},{"taxonomy":"product_tag","embeddable":true,"href":"https:\/\/compuviper.mx\/tienda\/wp-json\/wp\/v2\/product_tag?post=228712"}],"curies":[{"name":"wp","href":"https:\/\/api.w.org\/{rel}","templated":true}]}}