{"id":228604,"date":"2026-04-01T23:08:19","date_gmt":"2026-04-02T05:08:19","guid":{"rendered":"https:\/\/compuviper.mx\/tienda\/producto\/startech-com-st12mhdlnhr-receptor-de-video-hdmi-por-ip-para-st12mhdlnhk-1080p-mod\/"},"modified":"2026-04-01T23:08:19","modified_gmt":"2026-04-02T05:08:19","slug":"startech-com-st12mhdlnhr-receptor-de-video-hdmi-por-ip-para-st12mhdlnhk-1080p-mod","status":"publish","type":"product","link":"https:\/\/compuviper.mx\/tienda\/producto\/startech-com-st12mhdlnhr-receptor-de-video-hdmi-por-ip-para-st12mhdlnhk-1080p-mod\/","title":{"rendered":"Startech.com St12mhdlnhr Receptor De Video Hdmi Por Ip Para St12mhdlnhk &#8211; 1080p &#8211;  Mod."},"content":{"rendered":"<table class=\"descripcion\">\n<tr>\n<td>Caracteristicas fisicas<\/td>\n<\/tr>\n<tr>\n<td>Color: negro<\/td>\n<\/tr>\n<tr>\n<td>Tipo de gabinete: aluminio<\/td>\n<\/tr>\n<tr>\n<td>Ancho: 97.000 mm<\/td>\n<\/tr>\n<tr>\n<td>Longitud: 130.000 mm<\/td>\n<\/tr>\n<tr>\n<td>Altura: 24.000 mm<\/td>\n<\/tr>\n<tr>\n<td>Peso: 213.000 g<\/td>\n<\/tr>\n<tr>\n<td>Conectores<\/td>\n<\/tr>\n<tr>\n<td>Conectores de unidad remota: 1 hdmi 19 pines  &#8211; 1 rj-45  &#8211; 1 infrared<\/td>\n<\/tr>\n<tr>\n<td>Rendimiento<\/td>\n<\/tr>\n<tr>\n<td>Longitud maxima del cable: 15240 mm<\/td>\n<\/tr>\n<tr>\n<td>Distancia maxima: 15 m<\/td>\n<\/tr>\n<tr>\n<td>Resolucion digital maxima: 1920&#215;1200 1080p 60hz<\/td>\n<\/tr>\n<tr>\n<td>Pantalla plana soportada: si<\/td>\n<\/tr>\n<tr>\n<td>Especificaciones de audio:<\/td>\n<\/tr>\n<tr>\n<td>Cantidad de puertos: 1<\/td>\n<\/tr>\n<tr>\n<td>Montaje en rack: si<\/td>\n<\/tr>\n<tr>\n<td>Hardware<\/td>\n<\/tr>\n<tr>\n<td>Cableado: utp cat 5e o superior<\/td>\n<\/tr>\n<tr>\n<td>Soporte de audio: si<\/td>\n<\/tr>\n<tr>\n<td>Sistema en cascada: si<\/td>\n<\/tr>\n<tr>\n<td>Observaciones \/ requisitos<\/td>\n<\/tr>\n<tr>\n<td>Nota: su enrutador debe ser compatible con la funcion busqueda igmp snooping. consulte la documentacion de su enrutador o conmutador de red para asegurarse de que la funcion de busqueda igmp esta habilitada<\/td>\n<\/tr>\n<tr>\n<td>Nota: cuando esta en funcionamiento, cada kit requiere de 6 a 12mbps de ancho de banda de la red de area local lan<\/td>\n<\/tr>\n<tr>\n<td>Indicadores<\/td>\n<\/tr>\n<tr>\n<td>Indicadores led: 1 indicador led de estado<\/td>\n<\/tr>\n<tr>\n<td>El receptor hdmi a traves de ip funciona con el extensor hdmi a traves de ip st12mhdlnhk para distribuir la senal hdmi a una pantalla remota adicional. tambien puede agregar varios receptores se adquieren por separado para distribuir facilmente su senal hdmi a varias ubicaciones.personalice su distribucion de video con una solucion ajustable a escalacon receptores adicionales es posible ajustar a escala la instalacion de su kit hdmi a travs de ip, a fin de que se adapte a sus necesidades. en una configuracion punto a multipunto, es posible direccionar la senal hdmi a traves de ip a cuantos receptores sea necesario. para mas posibilidades de ajuste a escala, se pueden combinar hasta 99 kits diferentes st12mhdlnhk, a fin de crear una configuracion multipunto a multipunto, y poder direccionar las diferentes senales de fuente hdmi a diferentes pantallas. se incluye hardware de montaje y extensores por infrarrojos ir para cada transmisor y receptor.<\/td>\n<\/tr>\n<\/table>\n","protected":false},"excerpt":{"rendered":"<p>Caracteristicas fisicas. Color: negro. Tipo de gabinete: aluminio. Ancho: 97.000 mm. Longitud: 130.000 mm. Altura: 24.000 mm. Peso: 213.000 g. Conectores. Conectores de unidad remota: 1 hdmi 19 pines  &#8211; 1 rj-45  &#8211; 1 infrared. Rendimiento. Longitud maxima del cable: 15240 mm. Distancia maxima: 15 m. Resolucion digital maxima: 1920&#215;1200 1080p 60hz. Pantalla plana soportada: si. Especificaciones de audio. Cantidad de puertos: 1. Montaje en rack: si. Hardware. Cableado: utp cat 5e o superior. Soporte de audio: si. Sistema en cascada: si. Observaciones \/ requisitos. Nota: su enrutador debe ser compatible con la funcion busqueda igmp snooping. Consulte la documentacion de su enrutador o conmutador de red para asegurarse de que la funcion de busqueda igmp esta habilitada. Nota: cuando esta en funcionamiento, cada kit requiere de 6 a 12mbps de ancho de banda de la red de area local lan. Indicadores. Indicadores led: 1 indicador led de estado. El receptor hdmi a traves de ip funciona con el extensor hdmi a traves de ip st12mhdlnhk para distribuir la senal hdmi a una pantalla remota adicional. Tambien puede agregar varios receptores se adquieren por separado para distribuir facilmente su senal hdmi a varias ubicaciones.Personalice su distribucion de video con una solucion ajustable a escalacon receptores adicionales es posible ajustar a escala la instalacion de su kit hdmi a travs de ip, a fin de que se adapte a sus necesidades. En una configuracion punto a multipunto, es posible direccionar la senal hdmi a traves de ip a cuantos receptores sea necesario. Para mas posibilidades de ajuste a escala, se pueden combinar hasta 99 kits diferentes st12mhdlnhk, a fin de crear una configuracion multipunto a multipunto, y poder direccionar las diferentes senales de fuente hdmi a diferentes pantallas. Se incluye hardware de montaje y extensores por infrarrojos ir para cada transmisor y receptor.<\/p>\n","protected":false},"featured_media":228689,"comment_status":"open","ping_status":"open","template":"","meta":[],"product_cat":[1485,1506],"product_tag":[1590],"acf":[],"yoast_head":"<!-- This site is optimized with the Yoast SEO plugin v21.7 - https:\/\/yoast.com\/wordpress\/plugins\/seo\/ -->\n<title>[ Startech.com ] &#129351; St12mhdlnhr Receptor De Video Hdmi Por Ip Para St12mhdlnhk - 1080p - Mod.<\/title>\n<meta name=\"description\" content=\"Compra St12mhdlnhr Receptor De Video Hdmi Por Ip Para St12mhdlnhk - 1080p - Mod. + Env\u00edo a domicilio + Pago seguro + Garant\u00eda\" \/>\n<meta name=\"robots\" content=\"index, follow, max-snippet:-1, max-image-preview:large, max-video-preview:-1\" \/>\n<link rel=\"canonical\" href=\"https:\/\/compuviper.mx\/tienda\/producto\/startech-com-st12mhdlnhr-receptor-de-video-hdmi-por-ip-para-st12mhdlnhk-1080p-mod\/\" \/>\n<meta property=\"og:locale\" content=\"es_MX\" \/>\n<meta property=\"og:type\" content=\"article\" \/>\n<meta property=\"og:title\" content=\"[ Startech.com ] &#129351; St12mhdlnhr Receptor De Video Hdmi Por Ip Para St12mhdlnhk - 1080p - Mod.\" \/>\n<meta property=\"og:description\" content=\"Compra St12mhdlnhr Receptor De Video Hdmi Por Ip Para St12mhdlnhk - 1080p - Mod. + Env\u00edo a domicilio + Pago seguro + Garant\u00eda\" \/>\n<meta property=\"og:url\" content=\"https:\/\/compuviper.mx\/tienda\/producto\/startech-com-st12mhdlnhr-receptor-de-video-hdmi-por-ip-para-st12mhdlnhk-1080p-mod\/\" \/>\n<meta property=\"og:site_name\" content=\"Compuviper\" \/>\n<meta property=\"article:publisher\" content=\"https:\/\/www.facebook.com\/compuviper\" \/>\n<meta property=\"og:image\" content=\"https:\/\/compuviper.mx\/tienda\/wp-content\/uploads\/2024\/01\/Receptor-de-video-hdmi-por-ip-para-st12mhdlnhk-1080p-startech.com-mod.-st12mhdlnhr.jpg\" \/>\n\t<meta property=\"og:image:width\" content=\"200\" \/>\n\t<meta property=\"og:image:height\" content=\"200\" \/>\n\t<meta property=\"og:image:type\" content=\"image\/jpeg\" \/>\n<meta name=\"twitter:card\" content=\"summary_large_image\" \/>\n<meta name=\"twitter:label1\" content=\"Precio\" \/>\n\t<meta name=\"twitter:data1\" content=\"&#36;3,820 con IVA\" \/>\n\t<meta name=\"twitter:label2\" content=\"Availability\" \/>\n\t<meta name=\"twitter:data2\" content=\"On backorder\" \/>\n<script type=\"application\/ld+json\" class=\"yoast-schema-graph\">{\"@context\":\"https:\/\/schema.org\",\"@graph\":[{\"@type\":\"WebPage\",\"@id\":\"https:\/\/compuviper.mx\/tienda\/producto\/startech-com-st12mhdlnhr-receptor-de-video-hdmi-por-ip-para-st12mhdlnhk-1080p-mod\/\",\"url\":\"https:\/\/compuviper.mx\/tienda\/producto\/startech-com-st12mhdlnhr-receptor-de-video-hdmi-por-ip-para-st12mhdlnhk-1080p-mod\/\",\"name\":\"[ Startech.com ] &#129351; St12mhdlnhr Receptor De Video Hdmi Por Ip Para St12mhdlnhk - 1080p - Mod.\",\"isPartOf\":{\"@id\":\"https:\/\/compuviper.mx\/tienda\/#website\"},\"datePublished\":\"2026-04-02T05:08:19+00:00\",\"dateModified\":\"2026-04-02T05:08:19+00:00\",\"description\":\"Compra St12mhdlnhr Receptor De Video Hdmi Por Ip Para St12mhdlnhk - 1080p - Mod. + Env\u00edo a domicilio + Pago seguro + Garant\u00eda\",\"breadcrumb\":{\"@id\":\"https:\/\/compuviper.mx\/tienda\/producto\/startech-com-st12mhdlnhr-receptor-de-video-hdmi-por-ip-para-st12mhdlnhk-1080p-mod\/#breadcrumb\"},\"inLanguage\":\"es-MX\",\"potentialAction\":[{\"@type\":\"ReadAction\",\"target\":[\"https:\/\/compuviper.mx\/tienda\/producto\/startech-com-st12mhdlnhr-receptor-de-video-hdmi-por-ip-para-st12mhdlnhk-1080p-mod\/\"]}]},{\"@type\":\"BreadcrumbList\",\"@id\":\"https:\/\/compuviper.mx\/tienda\/producto\/startech-com-st12mhdlnhr-receptor-de-video-hdmi-por-ip-para-st12mhdlnhk-1080p-mod\/#breadcrumb\",\"itemListElement\":[{\"@type\":\"ListItem\",\"position\":1,\"name\":\"Inicio\",\"item\":\"https:\/\/compuviper.mx\/tienda\/\"},{\"@type\":\"ListItem\",\"position\":2,\"name\":\"Productos\",\"item\":\"https:\/\/compuviper.mx\/tienda\/productos\/\"},{\"@type\":\"ListItem\",\"position\":3,\"name\":\"Accesorios\",\"item\":\"https:\/\/compuviper.mx\/tienda\/categoria-producto\/accesorios\/\"},{\"@type\":\"ListItem\",\"position\":4,\"name\":\"Conectividad\",\"item\":\"https:\/\/compuviper.mx\/tienda\/categoria-producto\/accesorios\/conectividad\/\"},{\"@type\":\"ListItem\",\"position\":5,\"name\":\"Startech.com St12mhdlnhr Receptor De Video Hdmi Por Ip Para St12mhdlnhk &#8211; 1080p &#8211; Mod.\"}]},{\"@type\":\"WebSite\",\"@id\":\"https:\/\/compuviper.mx\/tienda\/#website\",\"url\":\"https:\/\/compuviper.mx\/tienda\/\",\"name\":\"Compuviper\",\"description\":\"Proveedor de Computadoras, Laptops, Servidores, Monitores, Puntos de Venta, Teclados,   Impresoras, T\u00f3ner, C\u00e1maras de Seguridad y m\u00e1s en tu tienda en l\u00ednea\",\"publisher\":{\"@id\":\"https:\/\/compuviper.mx\/tienda\/#organization\"},\"potentialAction\":[{\"@type\":\"SearchAction\",\"target\":{\"@type\":\"EntryPoint\",\"urlTemplate\":\"https:\/\/compuviper.mx\/tienda\/?s={search_term_string}\"},\"query-input\":\"required name=search_term_string\"}],\"inLanguage\":\"es-MX\"},{\"@type\":\"Organization\",\"@id\":\"https:\/\/compuviper.mx\/tienda\/#organization\",\"name\":\"Compuviper\",\"url\":\"https:\/\/compuviper.mx\/tienda\/\",\"logo\":{\"@type\":\"ImageObject\",\"inLanguage\":\"es-MX\",\"@id\":\"https:\/\/compuviper.mx\/tienda\/#\/schema\/logo\/image\/\",\"url\":\"https:\/\/compuviper.mx\/tienda\/wp-content\/uploads\/2021\/08\/Logo-Compuviper-10.png\",\"contentUrl\":\"https:\/\/compuviper.mx\/tienda\/wp-content\/uploads\/2021\/08\/Logo-Compuviper-10.png\",\"width\":1000,\"height\":500,\"caption\":\"Compuviper\"},\"image\":{\"@id\":\"https:\/\/compuviper.mx\/tienda\/#\/schema\/logo\/image\/\"},\"sameAs\":[\"https:\/\/www.facebook.com\/compuviper\",\"https:\/\/www.youtube.com\/channel\/UCf73dERp9Y3cfOq7q8BhLjA?view_as=subscriber\"]}]}<\/script>\n<meta property=\"product:brand\" content=\"STARTECH.COM\" \/>\n<meta property=\"product:price:amount\" content=\"3820\" \/>\n<meta property=\"product:price:currency\" content=\"MXN\" \/>\n<meta property=\"og:availability\" content=\"backorder\" \/>\n<meta property=\"product:availability\" content=\"available for order\" \/>\n<meta property=\"product:retailer_item_id\" content=\"ST12MHDLNHR\" \/>\n<meta property=\"product:condition\" content=\"new\" \/>\n<!-- \/ Yoast SEO plugin. -->","yoast_head_json":{"title":"[ Startech.com ] &#129351; St12mhdlnhr Receptor De Video Hdmi Por Ip Para St12mhdlnhk - 1080p - Mod.","description":"Compra St12mhdlnhr Receptor De Video Hdmi Por Ip Para St12mhdlnhk - 1080p - Mod. + Env\u00edo a domicilio + Pago seguro + Garant\u00eda","robots":{"index":"index","follow":"follow","max-snippet":"max-snippet:-1","max-image-preview":"max-image-preview:large","max-video-preview":"max-video-preview:-1"},"canonical":"https:\/\/compuviper.mx\/tienda\/producto\/startech-com-st12mhdlnhr-receptor-de-video-hdmi-por-ip-para-st12mhdlnhk-1080p-mod\/","og_locale":"es_MX","og_type":"article","og_title":"[ Startech.com ] &#129351; St12mhdlnhr Receptor De Video Hdmi Por Ip Para St12mhdlnhk - 1080p - Mod.","og_description":"Compra St12mhdlnhr Receptor De Video Hdmi Por Ip Para St12mhdlnhk - 1080p - Mod. + Env\u00edo a domicilio + Pago seguro + Garant\u00eda","og_url":"https:\/\/compuviper.mx\/tienda\/producto\/startech-com-st12mhdlnhr-receptor-de-video-hdmi-por-ip-para-st12mhdlnhk-1080p-mod\/","og_site_name":"Compuviper","article_publisher":"https:\/\/www.facebook.com\/compuviper","og_image":[{"width":200,"height":200,"url":"https:\/\/compuviper.mx\/tienda\/wp-content\/uploads\/2024\/01\/Receptor-de-video-hdmi-por-ip-para-st12mhdlnhk-1080p-startech.com-mod.-st12mhdlnhr.jpg","type":"image\/jpeg"}],"twitter_card":"summary_large_image","twitter_misc":{"Precio":"&#36;3,820 con IVA","Availability":"On backorder"},"schema":{"@context":"https:\/\/schema.org","@graph":[{"@type":"WebPage","@id":"https:\/\/compuviper.mx\/tienda\/producto\/startech-com-st12mhdlnhr-receptor-de-video-hdmi-por-ip-para-st12mhdlnhk-1080p-mod\/","url":"https:\/\/compuviper.mx\/tienda\/producto\/startech-com-st12mhdlnhr-receptor-de-video-hdmi-por-ip-para-st12mhdlnhk-1080p-mod\/","name":"[ Startech.com ] &#129351; St12mhdlnhr Receptor De Video Hdmi Por Ip Para St12mhdlnhk - 1080p - Mod.","isPartOf":{"@id":"https:\/\/compuviper.mx\/tienda\/#website"},"datePublished":"2026-04-02T05:08:19+00:00","dateModified":"2026-04-02T05:08:19+00:00","description":"Compra St12mhdlnhr Receptor De Video Hdmi Por Ip Para St12mhdlnhk - 1080p - Mod. + Env\u00edo a domicilio + Pago seguro + Garant\u00eda","breadcrumb":{"@id":"https:\/\/compuviper.mx\/tienda\/producto\/startech-com-st12mhdlnhr-receptor-de-video-hdmi-por-ip-para-st12mhdlnhk-1080p-mod\/#breadcrumb"},"inLanguage":"es-MX","potentialAction":[{"@type":"ReadAction","target":["https:\/\/compuviper.mx\/tienda\/producto\/startech-com-st12mhdlnhr-receptor-de-video-hdmi-por-ip-para-st12mhdlnhk-1080p-mod\/"]}]},{"@type":"BreadcrumbList","@id":"https:\/\/compuviper.mx\/tienda\/producto\/startech-com-st12mhdlnhr-receptor-de-video-hdmi-por-ip-para-st12mhdlnhk-1080p-mod\/#breadcrumb","itemListElement":[{"@type":"ListItem","position":1,"name":"Inicio","item":"https:\/\/compuviper.mx\/tienda\/"},{"@type":"ListItem","position":2,"name":"Productos","item":"https:\/\/compuviper.mx\/tienda\/productos\/"},{"@type":"ListItem","position":3,"name":"Accesorios","item":"https:\/\/compuviper.mx\/tienda\/categoria-producto\/accesorios\/"},{"@type":"ListItem","position":4,"name":"Conectividad","item":"https:\/\/compuviper.mx\/tienda\/categoria-producto\/accesorios\/conectividad\/"},{"@type":"ListItem","position":5,"name":"Startech.com St12mhdlnhr Receptor De Video Hdmi Por Ip Para St12mhdlnhk &#8211; 1080p &#8211; Mod."}]},{"@type":"WebSite","@id":"https:\/\/compuviper.mx\/tienda\/#website","url":"https:\/\/compuviper.mx\/tienda\/","name":"Compuviper","description":"Proveedor de Computadoras, Laptops, Servidores, Monitores, Puntos de Venta, Teclados,   Impresoras, T\u00f3ner, C\u00e1maras de Seguridad y m\u00e1s en tu tienda en l\u00ednea","publisher":{"@id":"https:\/\/compuviper.mx\/tienda\/#organization"},"potentialAction":[{"@type":"SearchAction","target":{"@type":"EntryPoint","urlTemplate":"https:\/\/compuviper.mx\/tienda\/?s={search_term_string}"},"query-input":"required name=search_term_string"}],"inLanguage":"es-MX"},{"@type":"Organization","@id":"https:\/\/compuviper.mx\/tienda\/#organization","name":"Compuviper","url":"https:\/\/compuviper.mx\/tienda\/","logo":{"@type":"ImageObject","inLanguage":"es-MX","@id":"https:\/\/compuviper.mx\/tienda\/#\/schema\/logo\/image\/","url":"https:\/\/compuviper.mx\/tienda\/wp-content\/uploads\/2021\/08\/Logo-Compuviper-10.png","contentUrl":"https:\/\/compuviper.mx\/tienda\/wp-content\/uploads\/2021\/08\/Logo-Compuviper-10.png","width":1000,"height":500,"caption":"Compuviper"},"image":{"@id":"https:\/\/compuviper.mx\/tienda\/#\/schema\/logo\/image\/"},"sameAs":["https:\/\/www.facebook.com\/compuviper","https:\/\/www.youtube.com\/channel\/UCf73dERp9Y3cfOq7q8BhLjA?view_as=subscriber"]}]},"product_brand":"STARTECH.COM","product_price_amount":"3820","product_price_currency":"MXN","og_availability":"backorder","product_availability":"available for order","product_retailer_item_id":"ST12MHDLNHR","product_condition":"new"},"_links":{"self":[{"href":"https:\/\/compuviper.mx\/tienda\/wp-json\/wp\/v2\/product\/228604"}],"collection":[{"href":"https:\/\/compuviper.mx\/tienda\/wp-json\/wp\/v2\/product"}],"about":[{"href":"https:\/\/compuviper.mx\/tienda\/wp-json\/wp\/v2\/types\/product"}],"replies":[{"embeddable":true,"href":"https:\/\/compuviper.mx\/tienda\/wp-json\/wp\/v2\/comments?post=228604"}],"wp:featuredmedia":[{"embeddable":true,"href":"https:\/\/compuviper.mx\/tienda\/wp-json\/wp\/v2\/media\/228689"}],"wp:attachment":[{"href":"https:\/\/compuviper.mx\/tienda\/wp-json\/wp\/v2\/media?parent=228604"}],"wp:term":[{"taxonomy":"product_cat","embeddable":true,"href":"https:\/\/compuviper.mx\/tienda\/wp-json\/wp\/v2\/product_cat?post=228604"},{"taxonomy":"product_tag","embeddable":true,"href":"https:\/\/compuviper.mx\/tienda\/wp-json\/wp\/v2\/product_tag?post=228604"}],"curies":[{"name":"wp","href":"https:\/\/api.w.org\/{rel}","templated":true}]}}