{"id":228595,"date":"2026-04-25T02:17:22","date_gmt":"2026-04-25T08:17:22","guid":{"rendered":"https:\/\/compuviper.mx\/tienda\/producto\/viewsonic-ls740hd-videoproyector-laser-dlp-full-hd-1920x1080-5000-ansi-lumens-hdmi-x-2-usb-a-30000-horas-uso-24-horas-7-dias-tiro-normal\/"},"modified":"2026-04-25T02:17:22","modified_gmt":"2026-04-25T08:17:22","slug":"viewsonic-ls740hd-videoproyector-laser-dlp-full-hd-1920x1080-5000-ansi-lumens-hdmi-x-2-usb-a-30000-horas-uso-24-horas-7-dias-tiro-normal","status":"publish","type":"product","link":"https:\/\/compuviper.mx\/tienda\/producto\/viewsonic-ls740hd-videoproyector-laser-dlp-full-hd-1920x1080-5000-ansi-lumens-hdmi-x-2-usb-a-30000-horas-uso-24-horas-7-dias-tiro-normal\/","title":{"rendered":"Viewsonic Ls740hd Videoproyector  Laser Dlp  \/ Full Hd 1920&#215;1080 \/ 5000 Ansi Lumens\/hdmi X 2\/ Usb-a\/30,000 Horas\/ Uso 24 Horas 7 Dias \/ Tiro Normal"},"content":{"rendered":"<table class=\"descripcion\">\n<tr>\n<td>Light source: dlp laser<\/td>\n<\/tr>\n<tr>\n<td>Display resolution: full hd (1920&#215;1080)<\/td>\n<\/tr>\n<tr>\n<td>Display resolution: 1920 x 1080<\/td>\n<\/tr>\n<tr>\n<td>Brightness (lumens): 5,000 ansi<\/td>\n<\/tr>\n<tr>\n<td>Screen size: 30 &#8211; 300 in. \/ 0.76 &#8211; 7.62 m<\/td>\n<\/tr>\n<tr>\n<td>Throw distance: 1-8m (100@2.50m)<\/td>\n<\/tr>\n<tr>\n<td>Throw ratio: 1.13~1.47<\/td>\n<\/tr>\n<tr>\n<td>Keystone: vertical (+\/- 19\u00ba) \/ horizontal (+\/- 19\u00ba)<\/td>\n<\/tr>\n<tr>\n<td>Lens: 1.3x optical zoom<\/td>\n<\/tr>\n<tr>\n<td>Light source life, normal (hours): 20000<\/td>\n<\/tr>\n<tr>\n<td>Light source life, dynamic eco-mode (hours): 30000<\/td>\n<\/tr>\n<tr>\n<td>Color depth: 1.07 billion colors<\/td>\n<\/tr>\n<tr>\n<td>Dynamic contrast ratio: 3,000,000:1<\/td>\n<\/tr>\n<tr>\n<td>Aspect ratio: 16:9<\/td>\n<\/tr>\n<tr>\n<td>Input lag: 37ms<\/td>\n<\/tr>\n<tr>\n<td>Frequency horizontal: 15k-102khz<\/td>\n<\/tr>\n<tr>\n<td>Frequency vertical: 24-120hz<\/td>\n<\/tr>\n<tr>\n<td>Pc resolution (max): vga(640 x 480) to wuxga rb(1920 x 1200)<\/td>\n<\/tr>\n<tr>\n<td>Mac\u00ae resolution (max): 480i, 480p, 576i, 576p, 720p, 1080i, 1080p<\/td>\n<\/tr>\n<tr>\n<td>Usb 2.0 type a: 1<\/td>\n<\/tr>\n<tr>\n<td>3.5mm audio out: 1<\/td>\n<\/tr>\n<tr>\n<td>Control (rs232): 1<\/td>\n<\/tr>\n<tr>\n<td>Hdmi 1.4 (with hdcp 1.4): 2<\/td>\n<\/tr>\n<tr>\n<td>Internal speakers: 15w (x1)<\/td>\n<\/tr>\n<tr>\n<td>Voltage: 100-240v+\/- 10%, 50\/60hz ac<\/td>\n<\/tr>\n<tr>\n<td>Consumption (typical): 210w<\/td>\n<\/tr>\n<tr>\n<td>Stand-by: standby:  0.5w<\/td>\n<\/tr>\n<tr>\n<td>Physical controls: keypad, power key<\/td>\n<\/tr>\n<tr>\n<td>On screen display: display, image, power management, basic, advanced, system, information (see user guide for full osd functionality)<\/td>\n<\/tr>\n<tr>\n<td>Temperature: 32-104\u00ba f (0 &#8211; 40\u00ba c)<\/td>\n<\/tr>\n<tr>\n<td>Kensington lock slot: 1<\/td>\n<\/tr>\n<tr>\n<td>Net (lbs): 6.6lbs<\/td>\n<\/tr>\n<tr>\n<td>Gross (lbs): 10.4lbs<\/td>\n<\/tr>\n<tr>\n<td>Net (kg): 3.00kg<\/td>\n<\/tr>\n<tr>\n<td>Gross (kg): 4.70kg<\/td>\n<\/tr>\n<tr>\n<td>Packaging (in.): 15.7x11x6.1in<\/td>\n<\/tr>\n<tr>\n<td>Physical (in.): 11.3&#215;8.5x5in<\/td>\n<\/tr>\n<tr>\n<td>Packaging (mm): 400x280x155mm<\/td>\n<\/tr>\n<tr>\n<td>Physical (mm): 286x216x129mm<\/td>\n<\/tr>\n<tr>\n<td>Package contents: projector, power cable, remote control, quick start guide<\/td>\n<\/tr>\n<\/table>\n","protected":false},"excerpt":{"rendered":"<p>Con el proyector laser viewsonic ls740hd, puede iluminar cada habitacion con presentaciones brillantes y una resolucion nitida. Con la ultima tecnologia de fosforo laser, el proyector ls740hd ofrece 5000 lumenes ansi de brillo para garantizar imagenes nitidas incluso en habitaciones con iluminacion ambiental. Disfrute de una experiencia de proyeccion sin mantenimiento sin tener que lidiar con complicados reemplazos de lamparas. Esta solucion de proyeccion ecologica presenta un dise\u00f1o compacto para facilitar el transporte. Experimente tama\u00f1os de pantalla de hasta 300\u0094 con resolucion full hd de 1080p para imagenes espectaculares dise\u00f1adas para llenar salas de juntas, salas de conferencias, auditorios y otros espacios publicos. El proyector laser ls740hd viene equipado con funciones como zoom optico de 1.3x, distorsion trapezoidal h\/v, ajuste de 4 esquinas, proyeccion de 360\u00b0 y modo retrato para una facil configuracion y aplicaciones versatiles.<\/p>\n","protected":false},"featured_media":234749,"comment_status":"open","ping_status":"open","template":"","meta":[],"product_cat":[1843,1846],"product_tag":[1862],"acf":[],"yoast_head":"<!-- This site is optimized with the Yoast SEO plugin v21.7 - https:\/\/yoast.com\/wordpress\/plugins\/seo\/ -->\n<title>[ Viewsonic ] &#129351; Ls740hd Videoproyector Laser Dlp \/ Full Hd 1920x1080 \/ 5000 Ansi Lumens\/hdmi X 2\/ Usb-a\/30,000 Horas\/ Uso 24 Horas 7 Dias \/ Tiro Normal<\/title>\n<meta name=\"description\" content=\"Compra Ls740hd Videoproyector Laser Dlp \/ Full Hd 1920x1080 \/ 5000 Ansi Lumens\/hdmi X 2\/ Usb-a\/30,000 Horas\/ Uso 24 Horas 7 Dias \/ Tiro Normal + Env\u00edo a domicilio + Pago seguro + Garant\u00eda\" \/>\n<meta name=\"robots\" content=\"index, follow, max-snippet:-1, max-image-preview:large, max-video-preview:-1\" \/>\n<link rel=\"canonical\" href=\"https:\/\/compuviper.mx\/tienda\/producto\/viewsonic-ls740hd-videoproyector-laser-dlp-full-hd-1920x1080-5000-ansi-lumens-hdmi-x-2-usb-a-30000-horas-uso-24-horas-7-dias-tiro-normal\/\" \/>\n<meta property=\"og:locale\" content=\"es_MX\" \/>\n<meta property=\"og:type\" content=\"article\" \/>\n<meta property=\"og:title\" content=\"[ Viewsonic ] &#129351; Ls740hd Videoproyector Laser Dlp \/ Full Hd 1920x1080 \/ 5000 Ansi Lumens\/hdmi X 2\/ Usb-a\/30,000 Horas\/ Uso 24 Horas 7 Dias \/ Tiro Normal\" \/>\n<meta property=\"og:description\" content=\"Compra Ls740hd Videoproyector Laser Dlp \/ Full Hd 1920x1080 \/ 5000 Ansi Lumens\/hdmi X 2\/ Usb-a\/30,000 Horas\/ Uso 24 Horas 7 Dias \/ Tiro Normal + Env\u00edo a domicilio + Pago seguro + Garant\u00eda\" \/>\n<meta property=\"og:url\" content=\"https:\/\/compuviper.mx\/tienda\/producto\/viewsonic-ls740hd-videoproyector-laser-dlp-full-hd-1920x1080-5000-ansi-lumens-hdmi-x-2-usb-a-30000-horas-uso-24-horas-7-dias-tiro-normal\/\" \/>\n<meta property=\"og:site_name\" content=\"Compuviper\" \/>\n<meta property=\"article:publisher\" content=\"https:\/\/www.facebook.com\/compuviper\" \/>\n<meta property=\"og:image\" content=\"https:\/\/compuviper.mx\/tienda\/wp-content\/uploads\/2024\/05\/Videoproyector-viewsonic-laser-dlp-ls740hd-full-hd-1920x1080-5000-ansi-lumenshdmi-x-2-usb-a30000-horas-uso-24-horas-7-dias-tiro-normal.jpg\" \/>\n\t<meta property=\"og:image:width\" content=\"200\" \/>\n\t<meta property=\"og:image:height\" content=\"200\" \/>\n\t<meta property=\"og:image:type\" content=\"image\/jpeg\" \/>\n<meta name=\"twitter:card\" content=\"summary_large_image\" \/>\n<meta name=\"twitter:label1\" content=\"Precio\" \/>\n\t<meta name=\"twitter:data1\" content=\"&#36;17,735 con IVA\" \/>\n\t<meta name=\"twitter:label2\" content=\"Availability\" \/>\n\t<meta name=\"twitter:data2\" content=\"Out of stock\" \/>\n<script type=\"application\/ld+json\" class=\"yoast-schema-graph\">{\"@context\":\"https:\/\/schema.org\",\"@graph\":[{\"@type\":\"WebPage\",\"@id\":\"https:\/\/compuviper.mx\/tienda\/producto\/viewsonic-ls740hd-videoproyector-laser-dlp-full-hd-1920x1080-5000-ansi-lumens-hdmi-x-2-usb-a-30000-horas-uso-24-horas-7-dias-tiro-normal\/\",\"url\":\"https:\/\/compuviper.mx\/tienda\/producto\/viewsonic-ls740hd-videoproyector-laser-dlp-full-hd-1920x1080-5000-ansi-lumens-hdmi-x-2-usb-a-30000-horas-uso-24-horas-7-dias-tiro-normal\/\",\"name\":\"[ Viewsonic ] &#129351; Ls740hd Videoproyector Laser Dlp \/ Full Hd 1920x1080 \/ 5000 Ansi Lumens\/hdmi X 2\/ Usb-a\/30,000 Horas\/ Uso 24 Horas 7 Dias \/ Tiro Normal\",\"isPartOf\":{\"@id\":\"https:\/\/compuviper.mx\/tienda\/#website\"},\"datePublished\":\"2026-04-25T08:17:22+00:00\",\"dateModified\":\"2026-04-25T08:17:22+00:00\",\"description\":\"Compra Ls740hd Videoproyector Laser Dlp \/ Full Hd 1920x1080 \/ 5000 Ansi Lumens\/hdmi X 2\/ Usb-a\/30,000 Horas\/ Uso 24 Horas 7 Dias \/ Tiro Normal + Env\u00edo a domicilio + Pago seguro + Garant\u00eda\",\"breadcrumb\":{\"@id\":\"https:\/\/compuviper.mx\/tienda\/producto\/viewsonic-ls740hd-videoproyector-laser-dlp-full-hd-1920x1080-5000-ansi-lumens-hdmi-x-2-usb-a-30000-horas-uso-24-horas-7-dias-tiro-normal\/#breadcrumb\"},\"inLanguage\":\"es-MX\",\"potentialAction\":[{\"@type\":\"ReadAction\",\"target\":[\"https:\/\/compuviper.mx\/tienda\/producto\/viewsonic-ls740hd-videoproyector-laser-dlp-full-hd-1920x1080-5000-ansi-lumens-hdmi-x-2-usb-a-30000-horas-uso-24-horas-7-dias-tiro-normal\/\"]}]},{\"@type\":\"BreadcrumbList\",\"@id\":\"https:\/\/compuviper.mx\/tienda\/producto\/viewsonic-ls740hd-videoproyector-laser-dlp-full-hd-1920x1080-5000-ansi-lumens-hdmi-x-2-usb-a-30000-horas-uso-24-horas-7-dias-tiro-normal\/#breadcrumb\",\"itemListElement\":[{\"@type\":\"ListItem\",\"position\":1,\"name\":\"Inicio\",\"item\":\"https:\/\/compuviper.mx\/tienda\/\"},{\"@type\":\"ListItem\",\"position\":2,\"name\":\"Productos\",\"item\":\"https:\/\/compuviper.mx\/tienda\/productos\/\"},{\"@type\":\"ListItem\",\"position\":3,\"name\":\"Videoproyector\",\"item\":\"https:\/\/compuviper.mx\/tienda\/categoria-producto\/videoproyector\/\"},{\"@type\":\"ListItem\",\"position\":4,\"name\":\"Profesional\",\"item\":\"https:\/\/compuviper.mx\/tienda\/categoria-producto\/videoproyector\/profesional\/\"},{\"@type\":\"ListItem\",\"position\":5,\"name\":\"Viewsonic Ls740hd Videoproyector Laser Dlp \/ Full Hd 1920&#215;1080 \/ 5000 Ansi Lumens\/hdmi X 2\/ Usb-a\/30,000 Horas\/ Uso 24 Horas 7 Dias \/ Tiro Normal\"}]},{\"@type\":\"WebSite\",\"@id\":\"https:\/\/compuviper.mx\/tienda\/#website\",\"url\":\"https:\/\/compuviper.mx\/tienda\/\",\"name\":\"Compuviper\",\"description\":\"Proveedor de Computadoras, Laptops, Servidores, Monitores, Puntos de Venta, Teclados,   Impresoras, T\u00f3ner, C\u00e1maras de Seguridad y m\u00e1s en tu tienda en l\u00ednea\",\"publisher\":{\"@id\":\"https:\/\/compuviper.mx\/tienda\/#organization\"},\"potentialAction\":[{\"@type\":\"SearchAction\",\"target\":{\"@type\":\"EntryPoint\",\"urlTemplate\":\"https:\/\/compuviper.mx\/tienda\/?s={search_term_string}\"},\"query-input\":\"required name=search_term_string\"}],\"inLanguage\":\"es-MX\"},{\"@type\":\"Organization\",\"@id\":\"https:\/\/compuviper.mx\/tienda\/#organization\",\"name\":\"Compuviper\",\"url\":\"https:\/\/compuviper.mx\/tienda\/\",\"logo\":{\"@type\":\"ImageObject\",\"inLanguage\":\"es-MX\",\"@id\":\"https:\/\/compuviper.mx\/tienda\/#\/schema\/logo\/image\/\",\"url\":\"https:\/\/compuviper.mx\/tienda\/wp-content\/uploads\/2021\/08\/Logo-Compuviper-10.png\",\"contentUrl\":\"https:\/\/compuviper.mx\/tienda\/wp-content\/uploads\/2021\/08\/Logo-Compuviper-10.png\",\"width\":1000,\"height\":500,\"caption\":\"Compuviper\"},\"image\":{\"@id\":\"https:\/\/compuviper.mx\/tienda\/#\/schema\/logo\/image\/\"},\"sameAs\":[\"https:\/\/www.facebook.com\/compuviper\",\"https:\/\/www.youtube.com\/channel\/UCf73dERp9Y3cfOq7q8BhLjA?view_as=subscriber\"]}]}<\/script>\n<meta property=\"product:brand\" content=\"VIEWSONIC\" \/>\n<meta property=\"product:price:amount\" content=\"17735\" \/>\n<meta property=\"product:price:currency\" content=\"MXN\" \/>\n<meta property=\"og:availability\" content=\"out of stock\" \/>\n<meta property=\"product:availability\" content=\"out of stock\" \/>\n<meta property=\"product:retailer_item_id\" content=\"LS740HD\" \/>\n<meta property=\"product:condition\" content=\"new\" \/>\n<!-- \/ Yoast SEO plugin. -->","yoast_head_json":{"title":"[ Viewsonic ] &#129351; Ls740hd Videoproyector Laser Dlp \/ Full Hd 1920x1080 \/ 5000 Ansi Lumens\/hdmi X 2\/ Usb-a\/30,000 Horas\/ Uso 24 Horas 7 Dias \/ Tiro Normal","description":"Compra Ls740hd Videoproyector Laser Dlp \/ Full Hd 1920x1080 \/ 5000 Ansi Lumens\/hdmi X 2\/ Usb-a\/30,000 Horas\/ Uso 24 Horas 7 Dias \/ Tiro Normal + Env\u00edo a domicilio + Pago seguro + Garant\u00eda","robots":{"index":"index","follow":"follow","max-snippet":"max-snippet:-1","max-image-preview":"max-image-preview:large","max-video-preview":"max-video-preview:-1"},"canonical":"https:\/\/compuviper.mx\/tienda\/producto\/viewsonic-ls740hd-videoproyector-laser-dlp-full-hd-1920x1080-5000-ansi-lumens-hdmi-x-2-usb-a-30000-horas-uso-24-horas-7-dias-tiro-normal\/","og_locale":"es_MX","og_type":"article","og_title":"[ Viewsonic ] &#129351; Ls740hd Videoproyector Laser Dlp \/ Full Hd 1920x1080 \/ 5000 Ansi Lumens\/hdmi X 2\/ Usb-a\/30,000 Horas\/ Uso 24 Horas 7 Dias \/ Tiro Normal","og_description":"Compra Ls740hd Videoproyector Laser Dlp \/ Full Hd 1920x1080 \/ 5000 Ansi Lumens\/hdmi X 2\/ Usb-a\/30,000 Horas\/ Uso 24 Horas 7 Dias \/ Tiro Normal + Env\u00edo a domicilio + Pago seguro + Garant\u00eda","og_url":"https:\/\/compuviper.mx\/tienda\/producto\/viewsonic-ls740hd-videoproyector-laser-dlp-full-hd-1920x1080-5000-ansi-lumens-hdmi-x-2-usb-a-30000-horas-uso-24-horas-7-dias-tiro-normal\/","og_site_name":"Compuviper","article_publisher":"https:\/\/www.facebook.com\/compuviper","og_image":[{"width":200,"height":200,"url":"https:\/\/compuviper.mx\/tienda\/wp-content\/uploads\/2024\/05\/Videoproyector-viewsonic-laser-dlp-ls740hd-full-hd-1920x1080-5000-ansi-lumenshdmi-x-2-usb-a30000-horas-uso-24-horas-7-dias-tiro-normal.jpg","type":"image\/jpeg"}],"twitter_card":"summary_large_image","twitter_misc":{"Precio":"&#36;17,735 con IVA","Availability":"Out of stock"},"schema":{"@context":"https:\/\/schema.org","@graph":[{"@type":"WebPage","@id":"https:\/\/compuviper.mx\/tienda\/producto\/viewsonic-ls740hd-videoproyector-laser-dlp-full-hd-1920x1080-5000-ansi-lumens-hdmi-x-2-usb-a-30000-horas-uso-24-horas-7-dias-tiro-normal\/","url":"https:\/\/compuviper.mx\/tienda\/producto\/viewsonic-ls740hd-videoproyector-laser-dlp-full-hd-1920x1080-5000-ansi-lumens-hdmi-x-2-usb-a-30000-horas-uso-24-horas-7-dias-tiro-normal\/","name":"[ Viewsonic ] &#129351; Ls740hd Videoproyector Laser Dlp \/ Full Hd 1920x1080 \/ 5000 Ansi Lumens\/hdmi X 2\/ Usb-a\/30,000 Horas\/ Uso 24 Horas 7 Dias \/ Tiro Normal","isPartOf":{"@id":"https:\/\/compuviper.mx\/tienda\/#website"},"datePublished":"2026-04-25T08:17:22+00:00","dateModified":"2026-04-25T08:17:22+00:00","description":"Compra Ls740hd Videoproyector Laser Dlp \/ Full Hd 1920x1080 \/ 5000 Ansi Lumens\/hdmi X 2\/ Usb-a\/30,000 Horas\/ Uso 24 Horas 7 Dias \/ Tiro Normal + Env\u00edo a domicilio + Pago seguro + Garant\u00eda","breadcrumb":{"@id":"https:\/\/compuviper.mx\/tienda\/producto\/viewsonic-ls740hd-videoproyector-laser-dlp-full-hd-1920x1080-5000-ansi-lumens-hdmi-x-2-usb-a-30000-horas-uso-24-horas-7-dias-tiro-normal\/#breadcrumb"},"inLanguage":"es-MX","potentialAction":[{"@type":"ReadAction","target":["https:\/\/compuviper.mx\/tienda\/producto\/viewsonic-ls740hd-videoproyector-laser-dlp-full-hd-1920x1080-5000-ansi-lumens-hdmi-x-2-usb-a-30000-horas-uso-24-horas-7-dias-tiro-normal\/"]}]},{"@type":"BreadcrumbList","@id":"https:\/\/compuviper.mx\/tienda\/producto\/viewsonic-ls740hd-videoproyector-laser-dlp-full-hd-1920x1080-5000-ansi-lumens-hdmi-x-2-usb-a-30000-horas-uso-24-horas-7-dias-tiro-normal\/#breadcrumb","itemListElement":[{"@type":"ListItem","position":1,"name":"Inicio","item":"https:\/\/compuviper.mx\/tienda\/"},{"@type":"ListItem","position":2,"name":"Productos","item":"https:\/\/compuviper.mx\/tienda\/productos\/"},{"@type":"ListItem","position":3,"name":"Videoproyector","item":"https:\/\/compuviper.mx\/tienda\/categoria-producto\/videoproyector\/"},{"@type":"ListItem","position":4,"name":"Profesional","item":"https:\/\/compuviper.mx\/tienda\/categoria-producto\/videoproyector\/profesional\/"},{"@type":"ListItem","position":5,"name":"Viewsonic Ls740hd Videoproyector Laser Dlp \/ Full Hd 1920&#215;1080 \/ 5000 Ansi Lumens\/hdmi X 2\/ Usb-a\/30,000 Horas\/ Uso 24 Horas 7 Dias \/ Tiro Normal"}]},{"@type":"WebSite","@id":"https:\/\/compuviper.mx\/tienda\/#website","url":"https:\/\/compuviper.mx\/tienda\/","name":"Compuviper","description":"Proveedor de Computadoras, Laptops, Servidores, Monitores, Puntos de Venta, Teclados,   Impresoras, T\u00f3ner, C\u00e1maras de Seguridad y m\u00e1s en tu tienda en l\u00ednea","publisher":{"@id":"https:\/\/compuviper.mx\/tienda\/#organization"},"potentialAction":[{"@type":"SearchAction","target":{"@type":"EntryPoint","urlTemplate":"https:\/\/compuviper.mx\/tienda\/?s={search_term_string}"},"query-input":"required name=search_term_string"}],"inLanguage":"es-MX"},{"@type":"Organization","@id":"https:\/\/compuviper.mx\/tienda\/#organization","name":"Compuviper","url":"https:\/\/compuviper.mx\/tienda\/","logo":{"@type":"ImageObject","inLanguage":"es-MX","@id":"https:\/\/compuviper.mx\/tienda\/#\/schema\/logo\/image\/","url":"https:\/\/compuviper.mx\/tienda\/wp-content\/uploads\/2021\/08\/Logo-Compuviper-10.png","contentUrl":"https:\/\/compuviper.mx\/tienda\/wp-content\/uploads\/2021\/08\/Logo-Compuviper-10.png","width":1000,"height":500,"caption":"Compuviper"},"image":{"@id":"https:\/\/compuviper.mx\/tienda\/#\/schema\/logo\/image\/"},"sameAs":["https:\/\/www.facebook.com\/compuviper","https:\/\/www.youtube.com\/channel\/UCf73dERp9Y3cfOq7q8BhLjA?view_as=subscriber"]}]},"product_brand":"VIEWSONIC","product_price_amount":"17735","product_price_currency":"MXN","og_availability":"out of stock","product_availability":"out of stock","product_retailer_item_id":"LS740HD","product_condition":"new"},"_links":{"self":[{"href":"https:\/\/compuviper.mx\/tienda\/wp-json\/wp\/v2\/product\/228595"}],"collection":[{"href":"https:\/\/compuviper.mx\/tienda\/wp-json\/wp\/v2\/product"}],"about":[{"href":"https:\/\/compuviper.mx\/tienda\/wp-json\/wp\/v2\/types\/product"}],"replies":[{"embeddable":true,"href":"https:\/\/compuviper.mx\/tienda\/wp-json\/wp\/v2\/comments?post=228595"}],"wp:featuredmedia":[{"embeddable":true,"href":"https:\/\/compuviper.mx\/tienda\/wp-json\/wp\/v2\/media\/234749"}],"wp:attachment":[{"href":"https:\/\/compuviper.mx\/tienda\/wp-json\/wp\/v2\/media?parent=228595"}],"wp:term":[{"taxonomy":"product_cat","embeddable":true,"href":"https:\/\/compuviper.mx\/tienda\/wp-json\/wp\/v2\/product_cat?post=228595"},{"taxonomy":"product_tag","embeddable":true,"href":"https:\/\/compuviper.mx\/tienda\/wp-json\/wp\/v2\/product_tag?post=228595"}],"curies":[{"name":"wp","href":"https:\/\/api.w.org\/{rel}","templated":true}]}}