{"id":228591,"date":"2026-04-23T02:01:23","date_gmt":"2026-04-23T08:01:23","guid":{"rendered":"https:\/\/compuviper.mx\/tienda\/producto\/perfect-choice-pc-113225-bafle-dual-4-inalmbrico-bt-mini-festa-negro\/"},"modified":"2026-04-23T02:01:23","modified_gmt":"2026-04-23T08:01:23","slug":"perfect-choice-pc-113225-bocina-inalambrica-bluetooth-recargable-portatil-luz-rgb-dual-4-pulgadas-funcion-tws-festa-mini-negro","status":"publish","type":"product","link":"https:\/\/compuviper.mx\/tienda\/producto\/perfect-choice-pc-113225-bocina-inalambrica-bluetooth-recargable-portatil-luz-rgb-dual-4-pulgadas-funcion-tws-festa-mini-negro\/","title":{"rendered":"Perfect Choice Pc-113225 Bocina Inalambrica Bluetooth Recargable Portatil Luz Rgb Dual 4 Pulgadas Funcion Tws  Festa Mini &#8211; Negro"},"content":{"rendered":"<table class=\"descripcion\">\n<tr>\n<td>Alimentacion 5vcc 1a<\/td>\n<\/tr>\n<tr>\n<td>Conector de carga usb-tipo c<\/td>\n<\/tr>\n<tr>\n<td>Potencia 1000w pmpo, 10wrms<\/td>\n<\/tr>\n<tr>\n<td>Bateria 1500mah<\/td>\n<\/tr>\n<tr>\n<td>Tiempo de reproduccion 4.5 horas<\/td>\n<\/tr>\n<tr>\n<td>Entrada de audio aux, sd, bluetooth, fm<\/td>\n<\/tr>\n<\/table>\n","protected":false},"excerpt":{"rendered":"<p>Escucha musica desde tus dispositivos inalambricamente, su bateria recargable integrada brinda hasta 4.5 horas de reproduccion. Incluye leds rgb con iluinacion multicolor. Escucha tu musica con el cable auxiliar 3.5 mm o desde tu biblioteca en formato mp3 directamente desde una tarjeta micro sd o usb. Cuenta con entrada 6.3mm para conectar microfono y usar un modo karaoke. Conecta dos bocinas a la vez inalambrica para escuchar en modo estereo<\/p>\n","protected":false},"featured_media":234579,"comment_status":"open","ping_status":"open","template":"","meta":[],"product_cat":[1817,1824],"product_tag":[1513],"acf":[],"yoast_head":"<!-- This site is optimized with the Yoast SEO plugin v21.7 - https:\/\/yoast.com\/wordpress\/plugins\/seo\/ -->\n<title>[ Perfect Choice ] &#129351; Pc-113225 Bocina Inalambrica Bluetooth Recargable Portatil Luz Rgb Dual 4 Pulgadas Funcion Tws Festa Mini - Negro<\/title>\n<meta name=\"description\" content=\"Compra Pc-113225 Bocina Inalambrica Bluetooth Recargable Portatil Luz Rgb Dual 4 Pulgadas Funcion Tws Festa Mini - Negro + Env\u00edo a domicilio + Pago seguro + Garant\u00eda\" \/>\n<meta name=\"robots\" content=\"index, follow, max-snippet:-1, max-image-preview:large, max-video-preview:-1\" \/>\n<link rel=\"canonical\" href=\"https:\/\/compuviper.mx\/tienda\/producto\/perfect-choice-pc-113225-bocina-inalambrica-bluetooth-recargable-portatil-luz-rgb-dual-4-pulgadas-funcion-tws-festa-mini-negro\/\" \/>\n<meta property=\"og:locale\" content=\"es_MX\" \/>\n<meta property=\"og:type\" content=\"article\" \/>\n<meta property=\"og:title\" content=\"[ Perfect Choice ] &#129351; Pc-113225 Bocina Inalambrica Bluetooth Recargable Portatil Luz Rgb Dual 4 Pulgadas Funcion Tws Festa Mini - Negro\" \/>\n<meta property=\"og:description\" content=\"Compra Pc-113225 Bocina Inalambrica Bluetooth Recargable Portatil Luz Rgb Dual 4 Pulgadas Funcion Tws Festa Mini - Negro + Env\u00edo a domicilio + Pago seguro + Garant\u00eda\" \/>\n<meta property=\"og:url\" content=\"https:\/\/compuviper.mx\/tienda\/producto\/perfect-choice-pc-113225-bocina-inalambrica-bluetooth-recargable-portatil-luz-rgb-dual-4-pulgadas-funcion-tws-festa-mini-negro\/\" \/>\n<meta property=\"og:site_name\" content=\"Compuviper\" \/>\n<meta property=\"article:publisher\" content=\"https:\/\/www.facebook.com\/compuviper\" \/>\n<meta property=\"og:image\" content=\"https:\/\/compuviper.mx\/tienda\/wp-content\/uploads\/2024\/05\/Bafle-dual-4-inalambrico-bt-mini-festa-perfect-choice-negro.jpg\" \/>\n\t<meta property=\"og:image:width\" content=\"200\" \/>\n\t<meta property=\"og:image:height\" content=\"200\" \/>\n\t<meta property=\"og:image:type\" content=\"image\/jpeg\" \/>\n<meta name=\"twitter:card\" content=\"summary_large_image\" \/>\n<meta name=\"twitter:label1\" content=\"Precio\" \/>\n\t<meta name=\"twitter:data1\" content=\"&#36;247 con IVA\" \/>\n\t<meta name=\"twitter:label2\" content=\"Availability\" \/>\n\t<meta name=\"twitter:data2\" content=\"In stock\" \/>\n<script type=\"application\/ld+json\" class=\"yoast-schema-graph\">{\"@context\":\"https:\/\/schema.org\",\"@graph\":[{\"@type\":\"WebPage\",\"@id\":\"https:\/\/compuviper.mx\/tienda\/producto\/perfect-choice-pc-113225-bocina-inalambrica-bluetooth-recargable-portatil-luz-rgb-dual-4-pulgadas-funcion-tws-festa-mini-negro\/\",\"url\":\"https:\/\/compuviper.mx\/tienda\/producto\/perfect-choice-pc-113225-bocina-inalambrica-bluetooth-recargable-portatil-luz-rgb-dual-4-pulgadas-funcion-tws-festa-mini-negro\/\",\"name\":\"[ Perfect Choice ] &#129351; Pc-113225 Bocina Inalambrica Bluetooth Recargable Portatil Luz Rgb Dual 4 Pulgadas Funcion Tws Festa Mini - Negro\",\"isPartOf\":{\"@id\":\"https:\/\/compuviper.mx\/tienda\/#website\"},\"datePublished\":\"2026-04-23T08:01:23+00:00\",\"dateModified\":\"2026-04-23T08:01:23+00:00\",\"description\":\"Compra Pc-113225 Bocina Inalambrica Bluetooth Recargable Portatil Luz Rgb Dual 4 Pulgadas Funcion Tws Festa Mini - Negro + Env\u00edo a domicilio + Pago seguro + Garant\u00eda\",\"breadcrumb\":{\"@id\":\"https:\/\/compuviper.mx\/tienda\/producto\/perfect-choice-pc-113225-bocina-inalambrica-bluetooth-recargable-portatil-luz-rgb-dual-4-pulgadas-funcion-tws-festa-mini-negro\/#breadcrumb\"},\"inLanguage\":\"es-MX\",\"potentialAction\":[{\"@type\":\"ReadAction\",\"target\":[\"https:\/\/compuviper.mx\/tienda\/producto\/perfect-choice-pc-113225-bocina-inalambrica-bluetooth-recargable-portatil-luz-rgb-dual-4-pulgadas-funcion-tws-festa-mini-negro\/\"]}]},{\"@type\":\"BreadcrumbList\",\"@id\":\"https:\/\/compuviper.mx\/tienda\/producto\/perfect-choice-pc-113225-bocina-inalambrica-bluetooth-recargable-portatil-luz-rgb-dual-4-pulgadas-funcion-tws-festa-mini-negro\/#breadcrumb\",\"itemListElement\":[{\"@type\":\"ListItem\",\"position\":1,\"name\":\"Inicio\",\"item\":\"https:\/\/compuviper.mx\/tienda\/\"},{\"@type\":\"ListItem\",\"position\":2,\"name\":\"Productos\",\"item\":\"https:\/\/compuviper.mx\/tienda\/productos\/\"},{\"@type\":\"ListItem\",\"position\":3,\"name\":\"Bocinas\",\"item\":\"https:\/\/compuviper.mx\/tienda\/categoria-producto\/bocinas\/\"},{\"@type\":\"ListItem\",\"position\":4,\"name\":\"Bafle\",\"item\":\"https:\/\/compuviper.mx\/tienda\/categoria-producto\/bocinas\/bafle\/\"},{\"@type\":\"ListItem\",\"position\":5,\"name\":\"Perfect Choice Pc-113225 Bocina Inalambrica Bluetooth Recargable Portatil Luz Rgb Dual 4 Pulgadas Funcion Tws Festa Mini &#8211; Negro\"}]},{\"@type\":\"WebSite\",\"@id\":\"https:\/\/compuviper.mx\/tienda\/#website\",\"url\":\"https:\/\/compuviper.mx\/tienda\/\",\"name\":\"Compuviper\",\"description\":\"Proveedor de Computadoras, Laptops, Servidores, Monitores, Puntos de Venta, Teclados,   Impresoras, T\u00f3ner, C\u00e1maras de Seguridad y m\u00e1s en tu tienda en l\u00ednea\",\"publisher\":{\"@id\":\"https:\/\/compuviper.mx\/tienda\/#organization\"},\"potentialAction\":[{\"@type\":\"SearchAction\",\"target\":{\"@type\":\"EntryPoint\",\"urlTemplate\":\"https:\/\/compuviper.mx\/tienda\/?s={search_term_string}\"},\"query-input\":\"required name=search_term_string\"}],\"inLanguage\":\"es-MX\"},{\"@type\":\"Organization\",\"@id\":\"https:\/\/compuviper.mx\/tienda\/#organization\",\"name\":\"Compuviper\",\"url\":\"https:\/\/compuviper.mx\/tienda\/\",\"logo\":{\"@type\":\"ImageObject\",\"inLanguage\":\"es-MX\",\"@id\":\"https:\/\/compuviper.mx\/tienda\/#\/schema\/logo\/image\/\",\"url\":\"https:\/\/compuviper.mx\/tienda\/wp-content\/uploads\/2021\/08\/Logo-Compuviper-10.png\",\"contentUrl\":\"https:\/\/compuviper.mx\/tienda\/wp-content\/uploads\/2021\/08\/Logo-Compuviper-10.png\",\"width\":1000,\"height\":500,\"caption\":\"Compuviper\"},\"image\":{\"@id\":\"https:\/\/compuviper.mx\/tienda\/#\/schema\/logo\/image\/\"},\"sameAs\":[\"https:\/\/www.facebook.com\/compuviper\",\"https:\/\/www.youtube.com\/channel\/UCf73dERp9Y3cfOq7q8BhLjA?view_as=subscriber\"]}]}<\/script>\n<meta property=\"product:brand\" content=\"PERFECT CHOICE\" \/>\n<meta property=\"product:price:amount\" content=\"247\" \/>\n<meta property=\"product:price:currency\" content=\"MXN\" \/>\n<meta property=\"og:availability\" content=\"instock\" \/>\n<meta property=\"product:availability\" content=\"instock\" \/>\n<meta property=\"product:retailer_item_id\" content=\"PC-113225\" \/>\n<meta property=\"product:condition\" content=\"new\" \/>\n<!-- \/ Yoast SEO plugin. -->","yoast_head_json":{"title":"[ Perfect Choice ] &#129351; Pc-113225 Bocina Inalambrica Bluetooth Recargable Portatil Luz Rgb Dual 4 Pulgadas Funcion Tws Festa Mini - Negro","description":"Compra Pc-113225 Bocina Inalambrica Bluetooth Recargable Portatil Luz Rgb Dual 4 Pulgadas Funcion Tws Festa Mini - Negro + Env\u00edo a domicilio + Pago seguro + Garant\u00eda","robots":{"index":"index","follow":"follow","max-snippet":"max-snippet:-1","max-image-preview":"max-image-preview:large","max-video-preview":"max-video-preview:-1"},"canonical":"https:\/\/compuviper.mx\/tienda\/producto\/perfect-choice-pc-113225-bocina-inalambrica-bluetooth-recargable-portatil-luz-rgb-dual-4-pulgadas-funcion-tws-festa-mini-negro\/","og_locale":"es_MX","og_type":"article","og_title":"[ Perfect Choice ] &#129351; Pc-113225 Bocina Inalambrica Bluetooth Recargable Portatil Luz Rgb Dual 4 Pulgadas Funcion Tws Festa Mini - Negro","og_description":"Compra Pc-113225 Bocina Inalambrica Bluetooth Recargable Portatil Luz Rgb Dual 4 Pulgadas Funcion Tws Festa Mini - Negro + Env\u00edo a domicilio + Pago seguro + Garant\u00eda","og_url":"https:\/\/compuviper.mx\/tienda\/producto\/perfect-choice-pc-113225-bocina-inalambrica-bluetooth-recargable-portatil-luz-rgb-dual-4-pulgadas-funcion-tws-festa-mini-negro\/","og_site_name":"Compuviper","article_publisher":"https:\/\/www.facebook.com\/compuviper","og_image":[{"width":200,"height":200,"url":"https:\/\/compuviper.mx\/tienda\/wp-content\/uploads\/2024\/05\/Bafle-dual-4-inalambrico-bt-mini-festa-perfect-choice-negro.jpg","type":"image\/jpeg"}],"twitter_card":"summary_large_image","twitter_misc":{"Precio":"&#36;247 con IVA","Availability":"In stock"},"schema":{"@context":"https:\/\/schema.org","@graph":[{"@type":"WebPage","@id":"https:\/\/compuviper.mx\/tienda\/producto\/perfect-choice-pc-113225-bocina-inalambrica-bluetooth-recargable-portatil-luz-rgb-dual-4-pulgadas-funcion-tws-festa-mini-negro\/","url":"https:\/\/compuviper.mx\/tienda\/producto\/perfect-choice-pc-113225-bocina-inalambrica-bluetooth-recargable-portatil-luz-rgb-dual-4-pulgadas-funcion-tws-festa-mini-negro\/","name":"[ Perfect Choice ] &#129351; Pc-113225 Bocina Inalambrica Bluetooth Recargable Portatil Luz Rgb Dual 4 Pulgadas Funcion Tws Festa Mini - Negro","isPartOf":{"@id":"https:\/\/compuviper.mx\/tienda\/#website"},"datePublished":"2026-04-23T08:01:23+00:00","dateModified":"2026-04-23T08:01:23+00:00","description":"Compra Pc-113225 Bocina Inalambrica Bluetooth Recargable Portatil Luz Rgb Dual 4 Pulgadas Funcion Tws Festa Mini - Negro + Env\u00edo a domicilio + Pago seguro + Garant\u00eda","breadcrumb":{"@id":"https:\/\/compuviper.mx\/tienda\/producto\/perfect-choice-pc-113225-bocina-inalambrica-bluetooth-recargable-portatil-luz-rgb-dual-4-pulgadas-funcion-tws-festa-mini-negro\/#breadcrumb"},"inLanguage":"es-MX","potentialAction":[{"@type":"ReadAction","target":["https:\/\/compuviper.mx\/tienda\/producto\/perfect-choice-pc-113225-bocina-inalambrica-bluetooth-recargable-portatil-luz-rgb-dual-4-pulgadas-funcion-tws-festa-mini-negro\/"]}]},{"@type":"BreadcrumbList","@id":"https:\/\/compuviper.mx\/tienda\/producto\/perfect-choice-pc-113225-bocina-inalambrica-bluetooth-recargable-portatil-luz-rgb-dual-4-pulgadas-funcion-tws-festa-mini-negro\/#breadcrumb","itemListElement":[{"@type":"ListItem","position":1,"name":"Inicio","item":"https:\/\/compuviper.mx\/tienda\/"},{"@type":"ListItem","position":2,"name":"Productos","item":"https:\/\/compuviper.mx\/tienda\/productos\/"},{"@type":"ListItem","position":3,"name":"Bocinas","item":"https:\/\/compuviper.mx\/tienda\/categoria-producto\/bocinas\/"},{"@type":"ListItem","position":4,"name":"Bafle","item":"https:\/\/compuviper.mx\/tienda\/categoria-producto\/bocinas\/bafle\/"},{"@type":"ListItem","position":5,"name":"Perfect Choice Pc-113225 Bocina Inalambrica Bluetooth Recargable Portatil Luz Rgb Dual 4 Pulgadas Funcion Tws Festa Mini &#8211; Negro"}]},{"@type":"WebSite","@id":"https:\/\/compuviper.mx\/tienda\/#website","url":"https:\/\/compuviper.mx\/tienda\/","name":"Compuviper","description":"Proveedor de Computadoras, Laptops, Servidores, Monitores, Puntos de Venta, Teclados,   Impresoras, T\u00f3ner, C\u00e1maras de Seguridad y m\u00e1s en tu tienda en l\u00ednea","publisher":{"@id":"https:\/\/compuviper.mx\/tienda\/#organization"},"potentialAction":[{"@type":"SearchAction","target":{"@type":"EntryPoint","urlTemplate":"https:\/\/compuviper.mx\/tienda\/?s={search_term_string}"},"query-input":"required name=search_term_string"}],"inLanguage":"es-MX"},{"@type":"Organization","@id":"https:\/\/compuviper.mx\/tienda\/#organization","name":"Compuviper","url":"https:\/\/compuviper.mx\/tienda\/","logo":{"@type":"ImageObject","inLanguage":"es-MX","@id":"https:\/\/compuviper.mx\/tienda\/#\/schema\/logo\/image\/","url":"https:\/\/compuviper.mx\/tienda\/wp-content\/uploads\/2021\/08\/Logo-Compuviper-10.png","contentUrl":"https:\/\/compuviper.mx\/tienda\/wp-content\/uploads\/2021\/08\/Logo-Compuviper-10.png","width":1000,"height":500,"caption":"Compuviper"},"image":{"@id":"https:\/\/compuviper.mx\/tienda\/#\/schema\/logo\/image\/"},"sameAs":["https:\/\/www.facebook.com\/compuviper","https:\/\/www.youtube.com\/channel\/UCf73dERp9Y3cfOq7q8BhLjA?view_as=subscriber"]}]},"product_brand":"PERFECT CHOICE","product_price_amount":"247","product_price_currency":"MXN","og_availability":"instock","product_availability":"instock","product_retailer_item_id":"PC-113225","product_condition":"new"},"_links":{"self":[{"href":"https:\/\/compuviper.mx\/tienda\/wp-json\/wp\/v2\/product\/228591"}],"collection":[{"href":"https:\/\/compuviper.mx\/tienda\/wp-json\/wp\/v2\/product"}],"about":[{"href":"https:\/\/compuviper.mx\/tienda\/wp-json\/wp\/v2\/types\/product"}],"replies":[{"embeddable":true,"href":"https:\/\/compuviper.mx\/tienda\/wp-json\/wp\/v2\/comments?post=228591"}],"wp:featuredmedia":[{"embeddable":true,"href":"https:\/\/compuviper.mx\/tienda\/wp-json\/wp\/v2\/media\/234579"}],"wp:attachment":[{"href":"https:\/\/compuviper.mx\/tienda\/wp-json\/wp\/v2\/media?parent=228591"}],"wp:term":[{"taxonomy":"product_cat","embeddable":true,"href":"https:\/\/compuviper.mx\/tienda\/wp-json\/wp\/v2\/product_cat?post=228591"},{"taxonomy":"product_tag","embeddable":true,"href":"https:\/\/compuviper.mx\/tienda\/wp-json\/wp\/v2\/product_tag?post=228591"}],"curies":[{"name":"wp","href":"https:\/\/api.w.org\/{rel}","templated":true}]}}