{"id":228590,"date":"2026-05-07T01:58:58","date_gmt":"2026-05-07T07:58:58","guid":{"rendered":"https:\/\/compuviper.mx\/tienda\/producto\/hewlett-packard-enterprise-p53568-001-hpe-servidor-proliant-ml350-gen11-4416-de-2-ghz-y-20-ncleos-1p-32-gb-r-mr408i-o-8-sff-con-fuente-redundante-de-800-w\/"},"modified":"2026-05-07T01:58:59","modified_gmt":"2026-05-07T07:58:59","slug":"hewlett-packard-enterprise-p53568-001-hpe-servidor-proliant-ml350-gen11-4416-de-2-ghz-y-20-ncleos-1p-32-gb-r-mr408i-o-8-sff-con-fuente-redundante-de-800-w","status":"publish","type":"product","link":"https:\/\/compuviper.mx\/tienda\/producto\/hewlett-packard-enterprise-p53568-001-hpe-servidor-proliant-ml350-gen11-4416-de-2-ghz-y-20-ncleos-1p-32-gb-r-mr408i-o-8-sff-con-fuente-redundante-de-800-w\/","title":{"rendered":"Hewlett Packard Enterprise P53568-001 Hpe Servidor Proliant Ml350 Gen11 4416+ De 2 Ghz Y 20 N?cleos 1p 32 Gb-r Mr408i-o 8 Sff Con Fuente Redundante De 800 W"},"content":{"rendered":"<table class=\"descripcion\">\n<tr>\n<td>Procesador<\/td>\n<\/tr>\n<tr>\n<td>Intel\u00ae xeon\u00ae silver 4416+ (20 n\u00facleos, 2 ghz, 37,5 mb l3, 165 w)<\/td>\n<\/tr>\n<tr>\n<td>N\u00famero de procesador<\/td>\n<\/tr>\n<tr>\n<td>1 procesador incluido<\/td>\n<\/tr>\n<tr>\n<td>N\u00facleo de procesador disponible<\/td>\n<\/tr>\n<tr>\n<td>20 n\u00facleos<\/td>\n<\/tr>\n<tr>\n<td>Cach\u00e9 de procesador<\/td>\n<\/tr>\n<tr>\n<td>37,5 mb l3<\/td>\n<\/tr>\n<tr>\n<td>Velocidad del procesador<\/td>\n<\/tr>\n<tr>\n<td>2,0ghz<\/td>\n<\/tr>\n<tr>\n<td>Tipo de fuente de alimentaci\u00f3n<\/td>\n<\/tr>\n<tr>\n<td>M\u00e1ximo 2 fuentes de alimentaci\u00f3n con ranura flexible, seg\u00fan el modelo.<\/td>\n<\/tr>\n<tr>\n<td>Ranuras de expansi\u00f3n<\/td>\n<\/tr>\n<tr>\n<td>De 2 a 10 pcie gen5 (2 ocp 3.0). consulta las especificaciones r\u00e1pidas para m\u00e1s informaci\u00f3n.<\/td>\n<\/tr>\n<tr>\n<td>Tipo de memoria<\/td>\n<\/tr>\n<tr>\n<td>Kit inteligente hpe 2rx8 pc5-4800b-r de 32 gb<\/td>\n<\/tr>\n<tr>\n<td>Tipo de unidad<\/td>\n<\/tr>\n<tr>\n<td>Dvd-rom o dvd-rw opcionales. opcional rdx de media altura, hasta 1. consulta las especificaciones r\u00e1pidas para m\u00e1s informaci\u00f3n.<\/td>\n<\/tr>\n<tr>\n<td>Controlador de red<\/td>\n<\/tr>\n<tr>\n<td>Posibilidad de ocp m\u00e1s soporte opcional. consulta las especificaciones r\u00e1pidas para m\u00e1s informaci\u00f3n.<\/td>\n<\/tr>\n<tr>\n<td>Controlador de almacenamiento<\/td>\n<\/tr>\n<tr>\n<td>Posibilidad de ocp m\u00e1s soporte opcional. consulta las especificaciones r\u00e1pidas para m\u00e1s informaci\u00f3n.<\/td>\n<\/tr>\n<tr>\n<td>Medidas del producto (m\u00e9trico)<\/td>\n<\/tr>\n<tr>\n<td>58,42&#215;98,43&#215;30,48cm<\/td>\n<\/tr>\n<tr>\n<td>23 x 38,75 x 12 pulgadas<\/td>\n<\/tr>\n<tr>\n<td>Capacidad de dimm<\/td>\n<\/tr>\n<tr>\n<td>De 16 a 256 gb<\/td>\n<\/tr>\n<tr>\n<td>Peso<\/td>\n<\/tr>\n<tr>\n<td>\u0095 33,83 kilos<\/td>\n<\/tr>\n<tr>\n<td>\u0095 74.582 libras<\/td>\n<\/tr>\n<tr>\n<td>Administraci\u00f3n de infraestructura<\/td>\n<\/tr>\n<tr>\n<td>Hpe ilo standard con aprovisionamiento inteligente (integrado), hpe oneview standard (requiere descarga)<\/td>\n<\/tr>\n<tr>\n<td>Hpe ilo advanced y hpe oneview advanced (requieren licencias) software compute ops management.<\/td>\n<\/tr>\n<\/table>\n","protected":false},"excerpt":{"rendered":"<p>Los servidores hpe proliant ml350 gen11 han sido dise\u00f1ados para el mundo h\u00edbrido. Los nuevos servidores proliant gen11 simplifican la forma en que controlas la computaci\u00f3n de tu negocio, desde el borde a la nube, con una experiencia operativa de la nube.<\/p>\n","protected":false},"featured_media":234548,"comment_status":"open","ping_status":"open","template":"","meta":[],"product_cat":[1808,1810],"product_tag":[1568],"acf":[],"yoast_head":"<!-- This site is optimized with the Yoast SEO plugin v21.7 - https:\/\/yoast.com\/wordpress\/plugins\/seo\/ -->\n<title>[ Hewlett Packard Enterprise ] &#129351; P53568-001 Hpe Servidor Proliant Ml350 Gen11 4416+ De 2 Ghz Y 20 N\u00facleos 1p 32 Gb-r Mr408i-o 8 Sff Con Fuente Redundante De 800 W<\/title>\n<meta name=\"description\" content=\"Compra P53568-001 Hpe Servidor Proliant Ml350 Gen11 4416+ De 2 Ghz Y 20 N\u00facleos 1p 32 Gb-r Mr408i-o 8 Sff Con Fuente Redundante De 800 W + Env\u00edo a domicilio + Pago seguro + Garant\u00eda\" \/>\n<meta name=\"robots\" content=\"index, follow, max-snippet:-1, max-image-preview:large, max-video-preview:-1\" \/>\n<link rel=\"canonical\" href=\"https:\/\/compuviper.mx\/tienda\/producto\/hewlett-packard-enterprise-p53568-001-hpe-servidor-proliant-ml350-gen11-4416-de-2-ghz-y-20-ncleos-1p-32-gb-r-mr408i-o-8-sff-con-fuente-redundante-de-800-w\/\" \/>\n<meta property=\"og:locale\" content=\"es_MX\" \/>\n<meta property=\"og:type\" content=\"article\" \/>\n<meta property=\"og:title\" content=\"[ Hewlett Packard Enterprise ] &#129351; P53568-001 Hpe Servidor Proliant Ml350 Gen11 4416+ De 2 Ghz Y 20 N\u00facleos 1p 32 Gb-r Mr408i-o 8 Sff Con Fuente Redundante De 800 W\" \/>\n<meta property=\"og:description\" content=\"Compra P53568-001 Hpe Servidor Proliant Ml350 Gen11 4416+ De 2 Ghz Y 20 N\u00facleos 1p 32 Gb-r Mr408i-o 8 Sff Con Fuente Redundante De 800 W + Env\u00edo a domicilio + Pago seguro + Garant\u00eda\" \/>\n<meta property=\"og:url\" content=\"https:\/\/compuviper.mx\/tienda\/producto\/hewlett-packard-enterprise-p53568-001-hpe-servidor-proliant-ml350-gen11-4416-de-2-ghz-y-20-ncleos-1p-32-gb-r-mr408i-o-8-sff-con-fuente-redundante-de-800-w\/\" \/>\n<meta property=\"og:site_name\" content=\"Compuviper\" \/>\n<meta property=\"article:publisher\" content=\"https:\/\/www.facebook.com\/compuviper\" \/>\n<meta property=\"article:modified_time\" content=\"2026-05-07T07:58:59+00:00\" \/>\n<meta property=\"og:image\" content=\"https:\/\/compuviper.mx\/tienda\/wp-content\/uploads\/2024\/05\/Hpe-servidor-proliant-ml350-gen11-4416-de-2-ghz-y-20-nucleos-1p-32-gb-r-mr408i-o-8-sff-con-fuente-redundante-de-800-w.jpg\" \/>\n\t<meta property=\"og:image:width\" content=\"200\" \/>\n\t<meta property=\"og:image:height\" content=\"200\" \/>\n\t<meta property=\"og:image:type\" content=\"image\/jpeg\" \/>\n<meta name=\"twitter:card\" content=\"summary_large_image\" \/>\n<meta name=\"twitter:label1\" content=\"Precio\" \/>\n\t<meta name=\"twitter:data1\" content=\"&#36;235,787 con IVA\" \/>\n\t<meta name=\"twitter:label2\" content=\"Availability\" \/>\n\t<meta name=\"twitter:data2\" content=\"On backorder\" \/>\n<script type=\"application\/ld+json\" class=\"yoast-schema-graph\">{\"@context\":\"https:\/\/schema.org\",\"@graph\":[{\"@type\":\"WebPage\",\"@id\":\"https:\/\/compuviper.mx\/tienda\/producto\/hewlett-packard-enterprise-p53568-001-hpe-servidor-proliant-ml350-gen11-4416-de-2-ghz-y-20-ncleos-1p-32-gb-r-mr408i-o-8-sff-con-fuente-redundante-de-800-w\/\",\"url\":\"https:\/\/compuviper.mx\/tienda\/producto\/hewlett-packard-enterprise-p53568-001-hpe-servidor-proliant-ml350-gen11-4416-de-2-ghz-y-20-ncleos-1p-32-gb-r-mr408i-o-8-sff-con-fuente-redundante-de-800-w\/\",\"name\":\"[ Hewlett Packard Enterprise ] &#129351; P53568-001 Hpe Servidor Proliant Ml350 Gen11 4416+ De 2 Ghz Y 20 N\u00facleos 1p 32 Gb-r Mr408i-o 8 Sff Con Fuente Redundante De 800 W\",\"isPartOf\":{\"@id\":\"https:\/\/compuviper.mx\/tienda\/#website\"},\"datePublished\":\"2026-05-07T07:58:58+00:00\",\"dateModified\":\"2026-05-07T07:58:59+00:00\",\"description\":\"Compra P53568-001 Hpe Servidor Proliant Ml350 Gen11 4416+ De 2 Ghz Y 20 N\u00facleos 1p 32 Gb-r Mr408i-o 8 Sff Con Fuente Redundante De 800 W + Env\u00edo a domicilio + Pago seguro + Garant\u00eda\",\"breadcrumb\":{\"@id\":\"https:\/\/compuviper.mx\/tienda\/producto\/hewlett-packard-enterprise-p53568-001-hpe-servidor-proliant-ml350-gen11-4416-de-2-ghz-y-20-ncleos-1p-32-gb-r-mr408i-o-8-sff-con-fuente-redundante-de-800-w\/#breadcrumb\"},\"inLanguage\":\"es-MX\",\"potentialAction\":[{\"@type\":\"ReadAction\",\"target\":[\"https:\/\/compuviper.mx\/tienda\/producto\/hewlett-packard-enterprise-p53568-001-hpe-servidor-proliant-ml350-gen11-4416-de-2-ghz-y-20-ncleos-1p-32-gb-r-mr408i-o-8-sff-con-fuente-redundante-de-800-w\/\"]}]},{\"@type\":\"BreadcrumbList\",\"@id\":\"https:\/\/compuviper.mx\/tienda\/producto\/hewlett-packard-enterprise-p53568-001-hpe-servidor-proliant-ml350-gen11-4416-de-2-ghz-y-20-ncleos-1p-32-gb-r-mr408i-o-8-sff-con-fuente-redundante-de-800-w\/#breadcrumb\",\"itemListElement\":[{\"@type\":\"ListItem\",\"position\":1,\"name\":\"Inicio\",\"item\":\"https:\/\/compuviper.mx\/tienda\/\"},{\"@type\":\"ListItem\",\"position\":2,\"name\":\"Productos\",\"item\":\"https:\/\/compuviper.mx\/tienda\/productos\/\"},{\"@type\":\"ListItem\",\"position\":3,\"name\":\"Servidores\",\"item\":\"https:\/\/compuviper.mx\/tienda\/categoria-producto\/servidores-2\/\"},{\"@type\":\"ListItem\",\"position\":4,\"name\":\"Torre (ml)\",\"item\":\"https:\/\/compuviper.mx\/tienda\/categoria-producto\/servidores-2\/torre-ml\/\"},{\"@type\":\"ListItem\",\"position\":5,\"name\":\"Hewlett Packard Enterprise P53568-001 Hpe Servidor Proliant Ml350 Gen11 4416+ De 2 Ghz Y 20 N?cleos 1p 32 Gb-r Mr408i-o 8 Sff Con Fuente Redundante De 800 W\"}]},{\"@type\":\"WebSite\",\"@id\":\"https:\/\/compuviper.mx\/tienda\/#website\",\"url\":\"https:\/\/compuviper.mx\/tienda\/\",\"name\":\"Compuviper\",\"description\":\"Proveedor de Computadoras, Laptops, Servidores, Monitores, Puntos de Venta, Teclados,   Impresoras, T\u00f3ner, C\u00e1maras de Seguridad y m\u00e1s en tu tienda en l\u00ednea\",\"publisher\":{\"@id\":\"https:\/\/compuviper.mx\/tienda\/#organization\"},\"potentialAction\":[{\"@type\":\"SearchAction\",\"target\":{\"@type\":\"EntryPoint\",\"urlTemplate\":\"https:\/\/compuviper.mx\/tienda\/?s={search_term_string}\"},\"query-input\":\"required name=search_term_string\"}],\"inLanguage\":\"es-MX\"},{\"@type\":\"Organization\",\"@id\":\"https:\/\/compuviper.mx\/tienda\/#organization\",\"name\":\"Compuviper\",\"url\":\"https:\/\/compuviper.mx\/tienda\/\",\"logo\":{\"@type\":\"ImageObject\",\"inLanguage\":\"es-MX\",\"@id\":\"https:\/\/compuviper.mx\/tienda\/#\/schema\/logo\/image\/\",\"url\":\"https:\/\/compuviper.mx\/tienda\/wp-content\/uploads\/2021\/08\/Logo-Compuviper-10.png\",\"contentUrl\":\"https:\/\/compuviper.mx\/tienda\/wp-content\/uploads\/2021\/08\/Logo-Compuviper-10.png\",\"width\":1000,\"height\":500,\"caption\":\"Compuviper\"},\"image\":{\"@id\":\"https:\/\/compuviper.mx\/tienda\/#\/schema\/logo\/image\/\"},\"sameAs\":[\"https:\/\/www.facebook.com\/compuviper\",\"https:\/\/www.youtube.com\/channel\/UCf73dERp9Y3cfOq7q8BhLjA?view_as=subscriber\"]}]}<\/script>\n<meta property=\"product:brand\" content=\"HEWLETT PACKARD ENTERPRISE\" \/>\n<meta property=\"product:price:amount\" content=\"235787\" \/>\n<meta property=\"product:price:currency\" content=\"MXN\" \/>\n<meta property=\"og:availability\" content=\"backorder\" \/>\n<meta property=\"product:availability\" content=\"available for order\" \/>\n<meta property=\"product:retailer_item_id\" content=\"P53568-001\" \/>\n<meta property=\"product:condition\" content=\"new\" \/>\n<!-- \/ Yoast SEO plugin. -->","yoast_head_json":{"title":"[ Hewlett Packard Enterprise ] &#129351; P53568-001 Hpe Servidor Proliant Ml350 Gen11 4416+ De 2 Ghz Y 20 N\u00facleos 1p 32 Gb-r Mr408i-o 8 Sff Con Fuente Redundante De 800 W","description":"Compra P53568-001 Hpe Servidor Proliant Ml350 Gen11 4416+ De 2 Ghz Y 20 N\u00facleos 1p 32 Gb-r Mr408i-o 8 Sff Con Fuente Redundante De 800 W + Env\u00edo a domicilio + Pago seguro + Garant\u00eda","robots":{"index":"index","follow":"follow","max-snippet":"max-snippet:-1","max-image-preview":"max-image-preview:large","max-video-preview":"max-video-preview:-1"},"canonical":"https:\/\/compuviper.mx\/tienda\/producto\/hewlett-packard-enterprise-p53568-001-hpe-servidor-proliant-ml350-gen11-4416-de-2-ghz-y-20-ncleos-1p-32-gb-r-mr408i-o-8-sff-con-fuente-redundante-de-800-w\/","og_locale":"es_MX","og_type":"article","og_title":"[ Hewlett Packard Enterprise ] &#129351; P53568-001 Hpe Servidor Proliant Ml350 Gen11 4416+ De 2 Ghz Y 20 N\u00facleos 1p 32 Gb-r Mr408i-o 8 Sff Con Fuente Redundante De 800 W","og_description":"Compra P53568-001 Hpe Servidor Proliant Ml350 Gen11 4416+ De 2 Ghz Y 20 N\u00facleos 1p 32 Gb-r Mr408i-o 8 Sff Con Fuente Redundante De 800 W + Env\u00edo a domicilio + Pago seguro + Garant\u00eda","og_url":"https:\/\/compuviper.mx\/tienda\/producto\/hewlett-packard-enterprise-p53568-001-hpe-servidor-proliant-ml350-gen11-4416-de-2-ghz-y-20-ncleos-1p-32-gb-r-mr408i-o-8-sff-con-fuente-redundante-de-800-w\/","og_site_name":"Compuviper","article_publisher":"https:\/\/www.facebook.com\/compuviper","article_modified_time":"2026-05-07T07:58:59+00:00","og_image":[{"width":200,"height":200,"url":"https:\/\/compuviper.mx\/tienda\/wp-content\/uploads\/2024\/05\/Hpe-servidor-proliant-ml350-gen11-4416-de-2-ghz-y-20-nucleos-1p-32-gb-r-mr408i-o-8-sff-con-fuente-redundante-de-800-w.jpg","type":"image\/jpeg"}],"twitter_card":"summary_large_image","twitter_misc":{"Precio":"&#36;235,787 con IVA","Availability":"On backorder"},"schema":{"@context":"https:\/\/schema.org","@graph":[{"@type":"WebPage","@id":"https:\/\/compuviper.mx\/tienda\/producto\/hewlett-packard-enterprise-p53568-001-hpe-servidor-proliant-ml350-gen11-4416-de-2-ghz-y-20-ncleos-1p-32-gb-r-mr408i-o-8-sff-con-fuente-redundante-de-800-w\/","url":"https:\/\/compuviper.mx\/tienda\/producto\/hewlett-packard-enterprise-p53568-001-hpe-servidor-proliant-ml350-gen11-4416-de-2-ghz-y-20-ncleos-1p-32-gb-r-mr408i-o-8-sff-con-fuente-redundante-de-800-w\/","name":"[ Hewlett Packard Enterprise ] &#129351; P53568-001 Hpe Servidor Proliant Ml350 Gen11 4416+ De 2 Ghz Y 20 N\u00facleos 1p 32 Gb-r Mr408i-o 8 Sff Con Fuente Redundante De 800 W","isPartOf":{"@id":"https:\/\/compuviper.mx\/tienda\/#website"},"datePublished":"2026-05-07T07:58:58+00:00","dateModified":"2026-05-07T07:58:59+00:00","description":"Compra P53568-001 Hpe Servidor Proliant Ml350 Gen11 4416+ De 2 Ghz Y 20 N\u00facleos 1p 32 Gb-r Mr408i-o 8 Sff Con Fuente Redundante De 800 W + Env\u00edo a domicilio + Pago seguro + Garant\u00eda","breadcrumb":{"@id":"https:\/\/compuviper.mx\/tienda\/producto\/hewlett-packard-enterprise-p53568-001-hpe-servidor-proliant-ml350-gen11-4416-de-2-ghz-y-20-ncleos-1p-32-gb-r-mr408i-o-8-sff-con-fuente-redundante-de-800-w\/#breadcrumb"},"inLanguage":"es-MX","potentialAction":[{"@type":"ReadAction","target":["https:\/\/compuviper.mx\/tienda\/producto\/hewlett-packard-enterprise-p53568-001-hpe-servidor-proliant-ml350-gen11-4416-de-2-ghz-y-20-ncleos-1p-32-gb-r-mr408i-o-8-sff-con-fuente-redundante-de-800-w\/"]}]},{"@type":"BreadcrumbList","@id":"https:\/\/compuviper.mx\/tienda\/producto\/hewlett-packard-enterprise-p53568-001-hpe-servidor-proliant-ml350-gen11-4416-de-2-ghz-y-20-ncleos-1p-32-gb-r-mr408i-o-8-sff-con-fuente-redundante-de-800-w\/#breadcrumb","itemListElement":[{"@type":"ListItem","position":1,"name":"Inicio","item":"https:\/\/compuviper.mx\/tienda\/"},{"@type":"ListItem","position":2,"name":"Productos","item":"https:\/\/compuviper.mx\/tienda\/productos\/"},{"@type":"ListItem","position":3,"name":"Servidores","item":"https:\/\/compuviper.mx\/tienda\/categoria-producto\/servidores-2\/"},{"@type":"ListItem","position":4,"name":"Torre (ml)","item":"https:\/\/compuviper.mx\/tienda\/categoria-producto\/servidores-2\/torre-ml\/"},{"@type":"ListItem","position":5,"name":"Hewlett Packard Enterprise P53568-001 Hpe Servidor Proliant Ml350 Gen11 4416+ De 2 Ghz Y 20 N?cleos 1p 32 Gb-r Mr408i-o 8 Sff Con Fuente Redundante De 800 W"}]},{"@type":"WebSite","@id":"https:\/\/compuviper.mx\/tienda\/#website","url":"https:\/\/compuviper.mx\/tienda\/","name":"Compuviper","description":"Proveedor de Computadoras, Laptops, Servidores, Monitores, Puntos de Venta, Teclados,   Impresoras, T\u00f3ner, C\u00e1maras de Seguridad y m\u00e1s en tu tienda en l\u00ednea","publisher":{"@id":"https:\/\/compuviper.mx\/tienda\/#organization"},"potentialAction":[{"@type":"SearchAction","target":{"@type":"EntryPoint","urlTemplate":"https:\/\/compuviper.mx\/tienda\/?s={search_term_string}"},"query-input":"required name=search_term_string"}],"inLanguage":"es-MX"},{"@type":"Organization","@id":"https:\/\/compuviper.mx\/tienda\/#organization","name":"Compuviper","url":"https:\/\/compuviper.mx\/tienda\/","logo":{"@type":"ImageObject","inLanguage":"es-MX","@id":"https:\/\/compuviper.mx\/tienda\/#\/schema\/logo\/image\/","url":"https:\/\/compuviper.mx\/tienda\/wp-content\/uploads\/2021\/08\/Logo-Compuviper-10.png","contentUrl":"https:\/\/compuviper.mx\/tienda\/wp-content\/uploads\/2021\/08\/Logo-Compuviper-10.png","width":1000,"height":500,"caption":"Compuviper"},"image":{"@id":"https:\/\/compuviper.mx\/tienda\/#\/schema\/logo\/image\/"},"sameAs":["https:\/\/www.facebook.com\/compuviper","https:\/\/www.youtube.com\/channel\/UCf73dERp9Y3cfOq7q8BhLjA?view_as=subscriber"]}]},"product_brand":"HEWLETT PACKARD ENTERPRISE","product_price_amount":"235787","product_price_currency":"MXN","og_availability":"backorder","product_availability":"available for order","product_retailer_item_id":"P53568-001","product_condition":"new"},"_links":{"self":[{"href":"https:\/\/compuviper.mx\/tienda\/wp-json\/wp\/v2\/product\/228590"}],"collection":[{"href":"https:\/\/compuviper.mx\/tienda\/wp-json\/wp\/v2\/product"}],"about":[{"href":"https:\/\/compuviper.mx\/tienda\/wp-json\/wp\/v2\/types\/product"}],"replies":[{"embeddable":true,"href":"https:\/\/compuviper.mx\/tienda\/wp-json\/wp\/v2\/comments?post=228590"}],"wp:featuredmedia":[{"embeddable":true,"href":"https:\/\/compuviper.mx\/tienda\/wp-json\/wp\/v2\/media\/234548"}],"wp:attachment":[{"href":"https:\/\/compuviper.mx\/tienda\/wp-json\/wp\/v2\/media?parent=228590"}],"wp:term":[{"taxonomy":"product_cat","embeddable":true,"href":"https:\/\/compuviper.mx\/tienda\/wp-json\/wp\/v2\/product_cat?post=228590"},{"taxonomy":"product_tag","embeddable":true,"href":"https:\/\/compuviper.mx\/tienda\/wp-json\/wp\/v2\/product_tag?post=228590"}],"curies":[{"name":"wp","href":"https:\/\/api.w.org\/{rel}","templated":true}]}}