{"id":228578,"date":"2026-04-01T23:25:58","date_gmt":"2026-04-02T05:25:58","guid":{"rendered":"https:\/\/compuviper.mx\/tienda\/producto\/tp-link-tl-sm321a-modulo-monomodo-sfp-wdm-bidireccional-puerto-lc-maximo-10km\/"},"modified":"2026-04-01T23:25:58","modified_gmt":"2026-04-02T05:25:58","slug":"tp-link-sm321atl-sm321a-modulo-monomodo-sfp-wdm-bidireccional-puerto-lc-maximo-10km","status":"publish","type":"product","link":"https:\/\/compuviper.mx\/tienda\/producto\/tp-link-sm321atl-sm321a-modulo-monomodo-sfp-wdm-bidireccional-puerto-lc-maximo-10km\/","title":{"rendered":"Tp Link Sm321a,tl-sm321a Modulo Monomodo Sfp Wdm Bidireccional Puerto Lc Maximo 10km"},"content":{"rendered":"<table class=\"descripcion\">\n<tr>\n<td>*estandares y protocolos: ieee 802.3z, csma\/cd, tcp\/ip<\/td>\n<\/tr>\n<tr>\n<td>*longitud de onda: tx: 1310nm \/ rx: 1550nm<\/td>\n<\/tr>\n<tr>\n<td>*cable: fibra monomodo<\/td>\n<\/tr>\n<tr>\n<td>*suministro de energia electrica: 3,3 v<\/td>\n<\/tr>\n<tr>\n<td>*longitud maxima del cable: 10 km<\/td>\n<\/tr>\n<tr>\n<td>*tipo de fibra: 9\/125  monomodo<\/td>\n<\/tr>\n<tr>\n<td>*velocidad de transferencia de datos: 1,25 gbps<\/td>\n<\/tr>\n<tr>\n<td>*tipo de puerto: lc<\/td>\n<\/tr>\n<tr>\n<td>*seguridad y emision: fcc, ce<\/td>\n<\/tr>\n<tr>\n<td>*temperatura de funcionamiento: 0 and #8451;-70 and #8451; (32 and #8457;-158 and #8457;)<\/td>\n<\/tr>\n<tr>\n<td>*temperatura de almacenamiento: -40 and #8451;-80 and #8451; (-40 and #8457;-176 and #8457;)<\/td>\n<\/tr>\n<tr>\n<td>*humedad de funcionamiento: 10%-90% sin condensacion<\/td>\n<\/tr>\n<tr>\n<td>*humedad de almacenamiento: 5%-90% sin condensacion<\/td>\n<\/tr>\n<\/table>\n","protected":false},"excerpt":{"rendered":"<p>El tl-sm321a de tp-link adopta la ultima norma 1000base-bx, transmision a traves de una sola hebra de fibra, con una longitud de onda diferente que va en cada direccion. Se puede extender la distancia de red de hasta 10 km con los routers tp-link, interruptores, convertidores de medios para proporcionar alta velocidad y estabilidad.<\/p>\n","protected":false},"featured_media":228607,"comment_status":"open","ping_status":"open","template":"","meta":[],"product_cat":[1485,1581],"product_tag":[1562],"acf":[],"yoast_head":"<!-- This site is optimized with the Yoast SEO plugin v21.7 - https:\/\/yoast.com\/wordpress\/plugins\/seo\/ -->\n<title>[ Tp Link ] &#129351; Sm321a,tl-sm321a Modulo Monomodo Sfp Wdm Bidireccional Puerto Lc Maximo 10km<\/title>\n<meta name=\"description\" content=\"Compra Sm321a,tl-sm321a Modulo Monomodo Sfp Wdm Bidireccional Puerto Lc Maximo 10km + Env\u00edo a domicilio + Pago seguro + Garant\u00eda\" \/>\n<meta name=\"robots\" content=\"index, follow, max-snippet:-1, max-image-preview:large, max-video-preview:-1\" \/>\n<link rel=\"canonical\" href=\"https:\/\/compuviper.mx\/tienda\/producto\/tp-link-sm321atl-sm321a-modulo-monomodo-sfp-wdm-bidireccional-puerto-lc-maximo-10km\/\" \/>\n<meta property=\"og:locale\" content=\"es_MX\" \/>\n<meta property=\"og:type\" content=\"article\" \/>\n<meta property=\"og:title\" content=\"[ Tp Link ] &#129351; Sm321a,tl-sm321a Modulo Monomodo Sfp Wdm Bidireccional Puerto Lc Maximo 10km\" \/>\n<meta property=\"og:description\" content=\"Compra Sm321a,tl-sm321a Modulo Monomodo Sfp Wdm Bidireccional Puerto Lc Maximo 10km + Env\u00edo a domicilio + Pago seguro + Garant\u00eda\" \/>\n<meta property=\"og:url\" content=\"https:\/\/compuviper.mx\/tienda\/producto\/tp-link-sm321atl-sm321a-modulo-monomodo-sfp-wdm-bidireccional-puerto-lc-maximo-10km\/\" \/>\n<meta property=\"og:site_name\" content=\"Compuviper\" \/>\n<meta property=\"article:publisher\" content=\"https:\/\/www.facebook.com\/compuviper\" \/>\n<meta property=\"og:image\" content=\"https:\/\/compuviper.mx\/tienda\/wp-content\/uploads\/2023\/12\/Modulo-monomodo-sfp-wdm-bidireccional-puerto-lc-maximo-10km.jpg\" \/>\n\t<meta property=\"og:image:width\" content=\"200\" \/>\n\t<meta property=\"og:image:height\" content=\"200\" \/>\n\t<meta property=\"og:image:type\" content=\"image\/jpeg\" \/>\n<meta name=\"twitter:card\" content=\"summary_large_image\" \/>\n<meta name=\"twitter:label1\" content=\"Precio\" \/>\n\t<meta name=\"twitter:data1\" content=\"&#36;289 con IVA\" \/>\n\t<meta name=\"twitter:label2\" content=\"Availability\" \/>\n\t<meta name=\"twitter:data2\" content=\"Out of stock\" \/>\n<script type=\"application\/ld+json\" class=\"yoast-schema-graph\">{\"@context\":\"https:\/\/schema.org\",\"@graph\":[{\"@type\":\"WebPage\",\"@id\":\"https:\/\/compuviper.mx\/tienda\/producto\/tp-link-sm321atl-sm321a-modulo-monomodo-sfp-wdm-bidireccional-puerto-lc-maximo-10km\/\",\"url\":\"https:\/\/compuviper.mx\/tienda\/producto\/tp-link-sm321atl-sm321a-modulo-monomodo-sfp-wdm-bidireccional-puerto-lc-maximo-10km\/\",\"name\":\"[ Tp Link ] &#129351; Sm321a,tl-sm321a Modulo Monomodo Sfp Wdm Bidireccional Puerto Lc Maximo 10km\",\"isPartOf\":{\"@id\":\"https:\/\/compuviper.mx\/tienda\/#website\"},\"datePublished\":\"2026-04-02T05:25:58+00:00\",\"dateModified\":\"2026-04-02T05:25:58+00:00\",\"description\":\"Compra Sm321a,tl-sm321a Modulo Monomodo Sfp Wdm Bidireccional Puerto Lc Maximo 10km + Env\u00edo a domicilio + Pago seguro + Garant\u00eda\",\"breadcrumb\":{\"@id\":\"https:\/\/compuviper.mx\/tienda\/producto\/tp-link-sm321atl-sm321a-modulo-monomodo-sfp-wdm-bidireccional-puerto-lc-maximo-10km\/#breadcrumb\"},\"inLanguage\":\"es-MX\",\"potentialAction\":[{\"@type\":\"ReadAction\",\"target\":[\"https:\/\/compuviper.mx\/tienda\/producto\/tp-link-sm321atl-sm321a-modulo-monomodo-sfp-wdm-bidireccional-puerto-lc-maximo-10km\/\"]}]},{\"@type\":\"BreadcrumbList\",\"@id\":\"https:\/\/compuviper.mx\/tienda\/producto\/tp-link-sm321atl-sm321a-modulo-monomodo-sfp-wdm-bidireccional-puerto-lc-maximo-10km\/#breadcrumb\",\"itemListElement\":[{\"@type\":\"ListItem\",\"position\":1,\"name\":\"Inicio\",\"item\":\"https:\/\/compuviper.mx\/tienda\/\"},{\"@type\":\"ListItem\",\"position\":2,\"name\":\"Productos\",\"item\":\"https:\/\/compuviper.mx\/tienda\/productos\/\"},{\"@type\":\"ListItem\",\"position\":3,\"name\":\"Accesorios\",\"item\":\"https:\/\/compuviper.mx\/tienda\/categoria-producto\/accesorios\/\"},{\"@type\":\"ListItem\",\"position\":4,\"name\":\"Redes\",\"item\":\"https:\/\/compuviper.mx\/tienda\/categoria-producto\/accesorios\/redes-accesorios\/\"},{\"@type\":\"ListItem\",\"position\":5,\"name\":\"Tp Link Sm321a,tl-sm321a Modulo Monomodo Sfp Wdm Bidireccional Puerto Lc Maximo 10km\"}]},{\"@type\":\"WebSite\",\"@id\":\"https:\/\/compuviper.mx\/tienda\/#website\",\"url\":\"https:\/\/compuviper.mx\/tienda\/\",\"name\":\"Compuviper\",\"description\":\"Proveedor de Computadoras, Laptops, Servidores, Monitores, Puntos de Venta, Teclados,   Impresoras, T\u00f3ner, C\u00e1maras de Seguridad y m\u00e1s en tu tienda en l\u00ednea\",\"publisher\":{\"@id\":\"https:\/\/compuviper.mx\/tienda\/#organization\"},\"potentialAction\":[{\"@type\":\"SearchAction\",\"target\":{\"@type\":\"EntryPoint\",\"urlTemplate\":\"https:\/\/compuviper.mx\/tienda\/?s={search_term_string}\"},\"query-input\":\"required name=search_term_string\"}],\"inLanguage\":\"es-MX\"},{\"@type\":\"Organization\",\"@id\":\"https:\/\/compuviper.mx\/tienda\/#organization\",\"name\":\"Compuviper\",\"url\":\"https:\/\/compuviper.mx\/tienda\/\",\"logo\":{\"@type\":\"ImageObject\",\"inLanguage\":\"es-MX\",\"@id\":\"https:\/\/compuviper.mx\/tienda\/#\/schema\/logo\/image\/\",\"url\":\"https:\/\/compuviper.mx\/tienda\/wp-content\/uploads\/2021\/08\/Logo-Compuviper-10.png\",\"contentUrl\":\"https:\/\/compuviper.mx\/tienda\/wp-content\/uploads\/2021\/08\/Logo-Compuviper-10.png\",\"width\":1000,\"height\":500,\"caption\":\"Compuviper\"},\"image\":{\"@id\":\"https:\/\/compuviper.mx\/tienda\/#\/schema\/logo\/image\/\"},\"sameAs\":[\"https:\/\/www.facebook.com\/compuviper\",\"https:\/\/www.youtube.com\/channel\/UCf73dERp9Y3cfOq7q8BhLjA?view_as=subscriber\"]}]}<\/script>\n<meta property=\"product:brand\" content=\"TP LINK\" \/>\n<meta property=\"product:price:amount\" content=\"289\" \/>\n<meta property=\"product:price:currency\" content=\"MXN\" \/>\n<meta property=\"og:availability\" content=\"out of stock\" \/>\n<meta property=\"product:availability\" content=\"out of stock\" \/>\n<meta property=\"product:retailer_item_id\" content=\"SM321A,TL-SM321A\" \/>\n<meta property=\"product:condition\" content=\"new\" \/>\n<!-- \/ Yoast SEO plugin. -->","yoast_head_json":{"title":"[ Tp Link ] &#129351; Sm321a,tl-sm321a Modulo Monomodo Sfp Wdm Bidireccional Puerto Lc Maximo 10km","description":"Compra Sm321a,tl-sm321a Modulo Monomodo Sfp Wdm Bidireccional Puerto Lc Maximo 10km + Env\u00edo a domicilio + Pago seguro + Garant\u00eda","robots":{"index":"index","follow":"follow","max-snippet":"max-snippet:-1","max-image-preview":"max-image-preview:large","max-video-preview":"max-video-preview:-1"},"canonical":"https:\/\/compuviper.mx\/tienda\/producto\/tp-link-sm321atl-sm321a-modulo-monomodo-sfp-wdm-bidireccional-puerto-lc-maximo-10km\/","og_locale":"es_MX","og_type":"article","og_title":"[ Tp Link ] &#129351; Sm321a,tl-sm321a Modulo Monomodo Sfp Wdm Bidireccional Puerto Lc Maximo 10km","og_description":"Compra Sm321a,tl-sm321a Modulo Monomodo Sfp Wdm Bidireccional Puerto Lc Maximo 10km + Env\u00edo a domicilio + Pago seguro + Garant\u00eda","og_url":"https:\/\/compuviper.mx\/tienda\/producto\/tp-link-sm321atl-sm321a-modulo-monomodo-sfp-wdm-bidireccional-puerto-lc-maximo-10km\/","og_site_name":"Compuviper","article_publisher":"https:\/\/www.facebook.com\/compuviper","og_image":[{"width":200,"height":200,"url":"https:\/\/compuviper.mx\/tienda\/wp-content\/uploads\/2023\/12\/Modulo-monomodo-sfp-wdm-bidireccional-puerto-lc-maximo-10km.jpg","type":"image\/jpeg"}],"twitter_card":"summary_large_image","twitter_misc":{"Precio":"&#36;289 con IVA","Availability":"Out of stock"},"schema":{"@context":"https:\/\/schema.org","@graph":[{"@type":"WebPage","@id":"https:\/\/compuviper.mx\/tienda\/producto\/tp-link-sm321atl-sm321a-modulo-monomodo-sfp-wdm-bidireccional-puerto-lc-maximo-10km\/","url":"https:\/\/compuviper.mx\/tienda\/producto\/tp-link-sm321atl-sm321a-modulo-monomodo-sfp-wdm-bidireccional-puerto-lc-maximo-10km\/","name":"[ Tp Link ] &#129351; Sm321a,tl-sm321a Modulo Monomodo Sfp Wdm Bidireccional Puerto Lc Maximo 10km","isPartOf":{"@id":"https:\/\/compuviper.mx\/tienda\/#website"},"datePublished":"2026-04-02T05:25:58+00:00","dateModified":"2026-04-02T05:25:58+00:00","description":"Compra Sm321a,tl-sm321a Modulo Monomodo Sfp Wdm Bidireccional Puerto Lc Maximo 10km + Env\u00edo a domicilio + Pago seguro + Garant\u00eda","breadcrumb":{"@id":"https:\/\/compuviper.mx\/tienda\/producto\/tp-link-sm321atl-sm321a-modulo-monomodo-sfp-wdm-bidireccional-puerto-lc-maximo-10km\/#breadcrumb"},"inLanguage":"es-MX","potentialAction":[{"@type":"ReadAction","target":["https:\/\/compuviper.mx\/tienda\/producto\/tp-link-sm321atl-sm321a-modulo-monomodo-sfp-wdm-bidireccional-puerto-lc-maximo-10km\/"]}]},{"@type":"BreadcrumbList","@id":"https:\/\/compuviper.mx\/tienda\/producto\/tp-link-sm321atl-sm321a-modulo-monomodo-sfp-wdm-bidireccional-puerto-lc-maximo-10km\/#breadcrumb","itemListElement":[{"@type":"ListItem","position":1,"name":"Inicio","item":"https:\/\/compuviper.mx\/tienda\/"},{"@type":"ListItem","position":2,"name":"Productos","item":"https:\/\/compuviper.mx\/tienda\/productos\/"},{"@type":"ListItem","position":3,"name":"Accesorios","item":"https:\/\/compuviper.mx\/tienda\/categoria-producto\/accesorios\/"},{"@type":"ListItem","position":4,"name":"Redes","item":"https:\/\/compuviper.mx\/tienda\/categoria-producto\/accesorios\/redes-accesorios\/"},{"@type":"ListItem","position":5,"name":"Tp Link Sm321a,tl-sm321a Modulo Monomodo Sfp Wdm Bidireccional Puerto Lc Maximo 10km"}]},{"@type":"WebSite","@id":"https:\/\/compuviper.mx\/tienda\/#website","url":"https:\/\/compuviper.mx\/tienda\/","name":"Compuviper","description":"Proveedor de Computadoras, Laptops, Servidores, Monitores, Puntos de Venta, Teclados,   Impresoras, T\u00f3ner, C\u00e1maras de Seguridad y m\u00e1s en tu tienda en l\u00ednea","publisher":{"@id":"https:\/\/compuviper.mx\/tienda\/#organization"},"potentialAction":[{"@type":"SearchAction","target":{"@type":"EntryPoint","urlTemplate":"https:\/\/compuviper.mx\/tienda\/?s={search_term_string}"},"query-input":"required name=search_term_string"}],"inLanguage":"es-MX"},{"@type":"Organization","@id":"https:\/\/compuviper.mx\/tienda\/#organization","name":"Compuviper","url":"https:\/\/compuviper.mx\/tienda\/","logo":{"@type":"ImageObject","inLanguage":"es-MX","@id":"https:\/\/compuviper.mx\/tienda\/#\/schema\/logo\/image\/","url":"https:\/\/compuviper.mx\/tienda\/wp-content\/uploads\/2021\/08\/Logo-Compuviper-10.png","contentUrl":"https:\/\/compuviper.mx\/tienda\/wp-content\/uploads\/2021\/08\/Logo-Compuviper-10.png","width":1000,"height":500,"caption":"Compuviper"},"image":{"@id":"https:\/\/compuviper.mx\/tienda\/#\/schema\/logo\/image\/"},"sameAs":["https:\/\/www.facebook.com\/compuviper","https:\/\/www.youtube.com\/channel\/UCf73dERp9Y3cfOq7q8BhLjA?view_as=subscriber"]}]},"product_brand":"TP LINK","product_price_amount":"289","product_price_currency":"MXN","og_availability":"out of stock","product_availability":"out of stock","product_retailer_item_id":"SM321A,TL-SM321A","product_condition":"new"},"_links":{"self":[{"href":"https:\/\/compuviper.mx\/tienda\/wp-json\/wp\/v2\/product\/228578"}],"collection":[{"href":"https:\/\/compuviper.mx\/tienda\/wp-json\/wp\/v2\/product"}],"about":[{"href":"https:\/\/compuviper.mx\/tienda\/wp-json\/wp\/v2\/types\/product"}],"replies":[{"embeddable":true,"href":"https:\/\/compuviper.mx\/tienda\/wp-json\/wp\/v2\/comments?post=228578"}],"wp:featuredmedia":[{"embeddable":true,"href":"https:\/\/compuviper.mx\/tienda\/wp-json\/wp\/v2\/media\/228607"}],"wp:attachment":[{"href":"https:\/\/compuviper.mx\/tienda\/wp-json\/wp\/v2\/media?parent=228578"}],"wp:term":[{"taxonomy":"product_cat","embeddable":true,"href":"https:\/\/compuviper.mx\/tienda\/wp-json\/wp\/v2\/product_cat?post=228578"},{"taxonomy":"product_tag","embeddable":true,"href":"https:\/\/compuviper.mx\/tienda\/wp-json\/wp\/v2\/product_tag?post=228578"}],"curies":[{"name":"wp","href":"https:\/\/api.w.org\/{rel}","templated":true}]}}