{"id":228577,"date":"2026-04-01T23:25:48","date_gmt":"2026-04-02T05:25:48","guid":{"rendered":"https:\/\/compuviper.mx\/tienda\/producto\/tp-link-mc220l-convertidor-de-medios-tp-link-rj45-1000mbps-a-sfp-gigabit-0-55km-multimodo-y-10-km-monomodo\/"},"modified":"2026-04-01T23:25:49","modified_gmt":"2026-04-02T05:25:49","slug":"tp-link-mc220l-convertidor-de-medios-tp-link-rj45-1000mbps-a-sfp-gigabit-0-55km-multimodo-y-10-km-monomodo","status":"publish","type":"product","link":"https:\/\/compuviper.mx\/tienda\/producto\/tp-link-mc220l-convertidor-de-medios-tp-link-rj45-1000mbps-a-sfp-gigabit-0-55km-multimodo-y-10-km-monomodo\/","title":{"rendered":"Tp Link Mc220l Convertidor De Medios Tp-link  Rj45 1000mbps A Sfp Gigabit 0.55km Multimodo Y 10 Km Monomodo"},"content":{"rendered":"<table class=\"descripcion\">\n<tr>\n<td>M\u00f3dulo y convertidor de medios<\/td>\n<\/tr>\n<tr>\n<td>Est\u00e1ndares y protocolos ieee 802.3i, ieee 802.3u, ieee 802.3ab, ieee 802.3z<\/td>\n<\/tr>\n<tr>\n<td>Funci\u00f3n b\u00e1sica negociaci\u00f3n autom\u00e1tica del modo de transferencia half-duplex \/ full-duplex<\/td>\n<\/tr>\n<tr>\n<td>La distancia de transmisi\u00f3n m\u00e1xima depende del m\u00f3dulo sfp que se inserta<\/td>\n<\/tr>\n<tr>\n<td>Puertos 1 puerto sfp 1000m 1 puerto<\/td>\n<\/tr>\n<tr>\n<td>Rj45 10\/100 \/ 1000m (auto mdi \/ mdix)<\/td>\n<\/tr>\n<tr>\n<td>Longitud de onda depende del m\u00f3dulo sfp utilizado<\/td>\n<\/tr>\n<tr>\n<td>Medios de red 1000base-x m\u00f3dulo sfp multimodo \/ monomodo<\/td>\n<\/tr>\n<tr>\n<td>Medios de red 1000base-t cable utp categor\u00eda 5, 5e (m\u00e1ximo 100 m)<\/td>\n<\/tr>\n<tr>\n<td>Eia \/ tia-568 100 and #937; stp (m\u00e1ximo 100 m)<\/td>\n<\/tr>\n<tr>\n<td>Indicadores led pwr, enlace \/ acto<\/td>\n<\/tr>\n<tr>\n<td>Dimensiones (w * d * h) 3,7 * 2,9 * 1,1 pulg. (94,5 * 73,0 * 27,0 mm)<\/td>\n<\/tr>\n<tr>\n<td>Fuente de alimentaci\u00f3n adaptador de corriente externo<\/td>\n<\/tr>\n<tr>\n<td>Consumo m\u00e1ximo de energ\u00eda 1,7 w<\/td>\n<\/tr>\n<tr>\n<td>Seguridad y emisiones fcc, ce, rohs<\/td>\n<\/tr>\n<tr>\n<td>Ambiente temperatura de funcionamiento: 0  and #8451; ~ 40  and #8451; (32  and #8457; ~ 104  and #8457;)<\/td>\n<\/tr>\n<tr>\n<td>Temperatura de almacenamiento: -40  and #8451; ~ 70  and #8451; (-40  and #8457; ~ 158  and #8457;)<\/td>\n<\/tr>\n<tr>\n<td>Humedad de funcionamiento: 10% ~ 90% sin condensaci\u00f3n<\/td>\n<\/tr>\n<tr>\n<td>Humedad de almacenamiento: 5% ~ 90 % sin condensaci\u00f3n<\/td>\n<\/tr>\n<\/table>\n","protected":false},"excerpt":{"rendered":"<p>Mc220l. Convertidor de medios gigabit sfp. * 1 puertos rj45 de negociaci\u00f3n autom\u00e1tica a 10\/100\/1000 mbps que admiten auto-mdi \/ mdix. * negociaci\u00f3n autom\u00e1tica del modo de transferencia half-duplex \/ full-duplex. * cumple con ieee 802.3ab e ieee 802.3z. * el puerto fx admite intercambio en caliente. * la distancia m\u00e1xima de transmisi\u00f3n depende del sfp de inserci\u00f3n<\/p>\n","protected":false},"featured_media":228606,"comment_status":"open","ping_status":"open","template":"","meta":[],"product_cat":[1485,1581],"product_tag":[1562],"acf":[],"yoast_head":"<!-- This site is optimized with the Yoast SEO plugin v21.7 - https:\/\/yoast.com\/wordpress\/plugins\/seo\/ -->\n<title>[ Tp Link ] &#129351; Mc220l Convertidor De Medios Tp-link Rj45 1000mbps A Sfp Gigabit 0.55km Multimodo Y 10 Km Monomodo<\/title>\n<meta name=\"description\" content=\"Compra Mc220l Convertidor De Medios Tp-link Rj45 1000mbps A Sfp Gigabit 0.55km Multimodo Y 10 Km Monomodo + Env\u00edo a domicilio + Pago seguro + Garant\u00eda\" \/>\n<meta name=\"robots\" content=\"index, follow, max-snippet:-1, max-image-preview:large, max-video-preview:-1\" \/>\n<link rel=\"canonical\" href=\"https:\/\/compuviper.mx\/tienda\/producto\/tp-link-mc220l-convertidor-de-medios-tp-link-rj45-1000mbps-a-sfp-gigabit-0-55km-multimodo-y-10-km-monomodo\/\" \/>\n<meta property=\"og:locale\" content=\"es_MX\" \/>\n<meta property=\"og:type\" content=\"article\" \/>\n<meta property=\"og:title\" content=\"[ Tp Link ] &#129351; Mc220l Convertidor De Medios Tp-link Rj45 1000mbps A Sfp Gigabit 0.55km Multimodo Y 10 Km Monomodo\" \/>\n<meta property=\"og:description\" content=\"Compra Mc220l Convertidor De Medios Tp-link Rj45 1000mbps A Sfp Gigabit 0.55km Multimodo Y 10 Km Monomodo + Env\u00edo a domicilio + Pago seguro + Garant\u00eda\" \/>\n<meta property=\"og:url\" content=\"https:\/\/compuviper.mx\/tienda\/producto\/tp-link-mc220l-convertidor-de-medios-tp-link-rj45-1000mbps-a-sfp-gigabit-0-55km-multimodo-y-10-km-monomodo\/\" \/>\n<meta property=\"og:site_name\" content=\"Compuviper\" \/>\n<meta property=\"article:publisher\" content=\"https:\/\/www.facebook.com\/compuviper\" \/>\n<meta property=\"article:modified_time\" content=\"2026-04-02T05:25:49+00:00\" \/>\n<meta property=\"og:image\" content=\"https:\/\/compuviper.mx\/tienda\/wp-content\/uploads\/2023\/12\/Convertidor-de-medios-tp-link-mc220l-rj45-1000mbps-a-sfp-gigabit-0.55km-multimodo-y-10-km-monomodo.jpg\" \/>\n\t<meta property=\"og:image:width\" content=\"200\" \/>\n\t<meta property=\"og:image:height\" content=\"200\" \/>\n\t<meta property=\"og:image:type\" content=\"image\/jpeg\" \/>\n<meta name=\"twitter:card\" content=\"summary_large_image\" \/>\n<meta name=\"twitter:label1\" content=\"Precio\" \/>\n\t<meta name=\"twitter:data1\" content=\"&#36;316 con IVA\" \/>\n\t<meta name=\"twitter:label2\" content=\"Availability\" \/>\n\t<meta name=\"twitter:data2\" content=\"In stock\" \/>\n<script type=\"application\/ld+json\" class=\"yoast-schema-graph\">{\"@context\":\"https:\/\/schema.org\",\"@graph\":[{\"@type\":\"WebPage\",\"@id\":\"https:\/\/compuviper.mx\/tienda\/producto\/tp-link-mc220l-convertidor-de-medios-tp-link-rj45-1000mbps-a-sfp-gigabit-0-55km-multimodo-y-10-km-monomodo\/\",\"url\":\"https:\/\/compuviper.mx\/tienda\/producto\/tp-link-mc220l-convertidor-de-medios-tp-link-rj45-1000mbps-a-sfp-gigabit-0-55km-multimodo-y-10-km-monomodo\/\",\"name\":\"[ Tp Link ] &#129351; Mc220l Convertidor De Medios Tp-link Rj45 1000mbps A Sfp Gigabit 0.55km Multimodo Y 10 Km Monomodo\",\"isPartOf\":{\"@id\":\"https:\/\/compuviper.mx\/tienda\/#website\"},\"datePublished\":\"2026-04-02T05:25:48+00:00\",\"dateModified\":\"2026-04-02T05:25:49+00:00\",\"description\":\"Compra Mc220l Convertidor De Medios Tp-link Rj45 1000mbps A Sfp Gigabit 0.55km Multimodo Y 10 Km Monomodo + Env\u00edo a domicilio + Pago seguro + Garant\u00eda\",\"breadcrumb\":{\"@id\":\"https:\/\/compuviper.mx\/tienda\/producto\/tp-link-mc220l-convertidor-de-medios-tp-link-rj45-1000mbps-a-sfp-gigabit-0-55km-multimodo-y-10-km-monomodo\/#breadcrumb\"},\"inLanguage\":\"es-MX\",\"potentialAction\":[{\"@type\":\"ReadAction\",\"target\":[\"https:\/\/compuviper.mx\/tienda\/producto\/tp-link-mc220l-convertidor-de-medios-tp-link-rj45-1000mbps-a-sfp-gigabit-0-55km-multimodo-y-10-km-monomodo\/\"]}]},{\"@type\":\"BreadcrumbList\",\"@id\":\"https:\/\/compuviper.mx\/tienda\/producto\/tp-link-mc220l-convertidor-de-medios-tp-link-rj45-1000mbps-a-sfp-gigabit-0-55km-multimodo-y-10-km-monomodo\/#breadcrumb\",\"itemListElement\":[{\"@type\":\"ListItem\",\"position\":1,\"name\":\"Inicio\",\"item\":\"https:\/\/compuviper.mx\/tienda\/\"},{\"@type\":\"ListItem\",\"position\":2,\"name\":\"Productos\",\"item\":\"https:\/\/compuviper.mx\/tienda\/productos\/\"},{\"@type\":\"ListItem\",\"position\":3,\"name\":\"Accesorios\",\"item\":\"https:\/\/compuviper.mx\/tienda\/categoria-producto\/accesorios\/\"},{\"@type\":\"ListItem\",\"position\":4,\"name\":\"Redes\",\"item\":\"https:\/\/compuviper.mx\/tienda\/categoria-producto\/accesorios\/redes-accesorios\/\"},{\"@type\":\"ListItem\",\"position\":5,\"name\":\"Tp Link Mc220l Convertidor De Medios Tp-link Rj45 1000mbps A Sfp Gigabit 0.55km Multimodo Y 10 Km Monomodo\"}]},{\"@type\":\"WebSite\",\"@id\":\"https:\/\/compuviper.mx\/tienda\/#website\",\"url\":\"https:\/\/compuviper.mx\/tienda\/\",\"name\":\"Compuviper\",\"description\":\"Proveedor de Computadoras, Laptops, Servidores, Monitores, Puntos de Venta, Teclados,   Impresoras, T\u00f3ner, C\u00e1maras de Seguridad y m\u00e1s en tu tienda en l\u00ednea\",\"publisher\":{\"@id\":\"https:\/\/compuviper.mx\/tienda\/#organization\"},\"potentialAction\":[{\"@type\":\"SearchAction\",\"target\":{\"@type\":\"EntryPoint\",\"urlTemplate\":\"https:\/\/compuviper.mx\/tienda\/?s={search_term_string}\"},\"query-input\":\"required name=search_term_string\"}],\"inLanguage\":\"es-MX\"},{\"@type\":\"Organization\",\"@id\":\"https:\/\/compuviper.mx\/tienda\/#organization\",\"name\":\"Compuviper\",\"url\":\"https:\/\/compuviper.mx\/tienda\/\",\"logo\":{\"@type\":\"ImageObject\",\"inLanguage\":\"es-MX\",\"@id\":\"https:\/\/compuviper.mx\/tienda\/#\/schema\/logo\/image\/\",\"url\":\"https:\/\/compuviper.mx\/tienda\/wp-content\/uploads\/2021\/08\/Logo-Compuviper-10.png\",\"contentUrl\":\"https:\/\/compuviper.mx\/tienda\/wp-content\/uploads\/2021\/08\/Logo-Compuviper-10.png\",\"width\":1000,\"height\":500,\"caption\":\"Compuviper\"},\"image\":{\"@id\":\"https:\/\/compuviper.mx\/tienda\/#\/schema\/logo\/image\/\"},\"sameAs\":[\"https:\/\/www.facebook.com\/compuviper\",\"https:\/\/www.youtube.com\/channel\/UCf73dERp9Y3cfOq7q8BhLjA?view_as=subscriber\"]}]}<\/script>\n<meta property=\"product:brand\" content=\"TP LINK\" \/>\n<meta property=\"product:price:amount\" content=\"316\" \/>\n<meta property=\"product:price:currency\" content=\"MXN\" \/>\n<meta property=\"og:availability\" content=\"instock\" \/>\n<meta property=\"product:availability\" content=\"instock\" \/>\n<meta property=\"product:retailer_item_id\" content=\"MC220L\" \/>\n<meta property=\"product:condition\" content=\"new\" \/>\n<!-- \/ Yoast SEO plugin. -->","yoast_head_json":{"title":"[ Tp Link ] &#129351; Mc220l Convertidor De Medios Tp-link Rj45 1000mbps A Sfp Gigabit 0.55km Multimodo Y 10 Km Monomodo","description":"Compra Mc220l Convertidor De Medios Tp-link Rj45 1000mbps A Sfp Gigabit 0.55km Multimodo Y 10 Km Monomodo + Env\u00edo a domicilio + Pago seguro + Garant\u00eda","robots":{"index":"index","follow":"follow","max-snippet":"max-snippet:-1","max-image-preview":"max-image-preview:large","max-video-preview":"max-video-preview:-1"},"canonical":"https:\/\/compuviper.mx\/tienda\/producto\/tp-link-mc220l-convertidor-de-medios-tp-link-rj45-1000mbps-a-sfp-gigabit-0-55km-multimodo-y-10-km-monomodo\/","og_locale":"es_MX","og_type":"article","og_title":"[ Tp Link ] &#129351; Mc220l Convertidor De Medios Tp-link Rj45 1000mbps A Sfp Gigabit 0.55km Multimodo Y 10 Km Monomodo","og_description":"Compra Mc220l Convertidor De Medios Tp-link Rj45 1000mbps A Sfp Gigabit 0.55km Multimodo Y 10 Km Monomodo + Env\u00edo a domicilio + Pago seguro + Garant\u00eda","og_url":"https:\/\/compuviper.mx\/tienda\/producto\/tp-link-mc220l-convertidor-de-medios-tp-link-rj45-1000mbps-a-sfp-gigabit-0-55km-multimodo-y-10-km-monomodo\/","og_site_name":"Compuviper","article_publisher":"https:\/\/www.facebook.com\/compuviper","article_modified_time":"2026-04-02T05:25:49+00:00","og_image":[{"width":200,"height":200,"url":"https:\/\/compuviper.mx\/tienda\/wp-content\/uploads\/2023\/12\/Convertidor-de-medios-tp-link-mc220l-rj45-1000mbps-a-sfp-gigabit-0.55km-multimodo-y-10-km-monomodo.jpg","type":"image\/jpeg"}],"twitter_card":"summary_large_image","twitter_misc":{"Precio":"&#36;316 con IVA","Availability":"In stock"},"schema":{"@context":"https:\/\/schema.org","@graph":[{"@type":"WebPage","@id":"https:\/\/compuviper.mx\/tienda\/producto\/tp-link-mc220l-convertidor-de-medios-tp-link-rj45-1000mbps-a-sfp-gigabit-0-55km-multimodo-y-10-km-monomodo\/","url":"https:\/\/compuviper.mx\/tienda\/producto\/tp-link-mc220l-convertidor-de-medios-tp-link-rj45-1000mbps-a-sfp-gigabit-0-55km-multimodo-y-10-km-monomodo\/","name":"[ Tp Link ] &#129351; Mc220l Convertidor De Medios Tp-link Rj45 1000mbps A Sfp Gigabit 0.55km Multimodo Y 10 Km Monomodo","isPartOf":{"@id":"https:\/\/compuviper.mx\/tienda\/#website"},"datePublished":"2026-04-02T05:25:48+00:00","dateModified":"2026-04-02T05:25:49+00:00","description":"Compra Mc220l Convertidor De Medios Tp-link Rj45 1000mbps A Sfp Gigabit 0.55km Multimodo Y 10 Km Monomodo + Env\u00edo a domicilio + Pago seguro + Garant\u00eda","breadcrumb":{"@id":"https:\/\/compuviper.mx\/tienda\/producto\/tp-link-mc220l-convertidor-de-medios-tp-link-rj45-1000mbps-a-sfp-gigabit-0-55km-multimodo-y-10-km-monomodo\/#breadcrumb"},"inLanguage":"es-MX","potentialAction":[{"@type":"ReadAction","target":["https:\/\/compuviper.mx\/tienda\/producto\/tp-link-mc220l-convertidor-de-medios-tp-link-rj45-1000mbps-a-sfp-gigabit-0-55km-multimodo-y-10-km-monomodo\/"]}]},{"@type":"BreadcrumbList","@id":"https:\/\/compuviper.mx\/tienda\/producto\/tp-link-mc220l-convertidor-de-medios-tp-link-rj45-1000mbps-a-sfp-gigabit-0-55km-multimodo-y-10-km-monomodo\/#breadcrumb","itemListElement":[{"@type":"ListItem","position":1,"name":"Inicio","item":"https:\/\/compuviper.mx\/tienda\/"},{"@type":"ListItem","position":2,"name":"Productos","item":"https:\/\/compuviper.mx\/tienda\/productos\/"},{"@type":"ListItem","position":3,"name":"Accesorios","item":"https:\/\/compuviper.mx\/tienda\/categoria-producto\/accesorios\/"},{"@type":"ListItem","position":4,"name":"Redes","item":"https:\/\/compuviper.mx\/tienda\/categoria-producto\/accesorios\/redes-accesorios\/"},{"@type":"ListItem","position":5,"name":"Tp Link Mc220l Convertidor De Medios Tp-link Rj45 1000mbps A Sfp Gigabit 0.55km Multimodo Y 10 Km Monomodo"}]},{"@type":"WebSite","@id":"https:\/\/compuviper.mx\/tienda\/#website","url":"https:\/\/compuviper.mx\/tienda\/","name":"Compuviper","description":"Proveedor de Computadoras, Laptops, Servidores, Monitores, Puntos de Venta, Teclados,   Impresoras, T\u00f3ner, C\u00e1maras de Seguridad y m\u00e1s en tu tienda en l\u00ednea","publisher":{"@id":"https:\/\/compuviper.mx\/tienda\/#organization"},"potentialAction":[{"@type":"SearchAction","target":{"@type":"EntryPoint","urlTemplate":"https:\/\/compuviper.mx\/tienda\/?s={search_term_string}"},"query-input":"required name=search_term_string"}],"inLanguage":"es-MX"},{"@type":"Organization","@id":"https:\/\/compuviper.mx\/tienda\/#organization","name":"Compuviper","url":"https:\/\/compuviper.mx\/tienda\/","logo":{"@type":"ImageObject","inLanguage":"es-MX","@id":"https:\/\/compuviper.mx\/tienda\/#\/schema\/logo\/image\/","url":"https:\/\/compuviper.mx\/tienda\/wp-content\/uploads\/2021\/08\/Logo-Compuviper-10.png","contentUrl":"https:\/\/compuviper.mx\/tienda\/wp-content\/uploads\/2021\/08\/Logo-Compuviper-10.png","width":1000,"height":500,"caption":"Compuviper"},"image":{"@id":"https:\/\/compuviper.mx\/tienda\/#\/schema\/logo\/image\/"},"sameAs":["https:\/\/www.facebook.com\/compuviper","https:\/\/www.youtube.com\/channel\/UCf73dERp9Y3cfOq7q8BhLjA?view_as=subscriber"]}]},"product_brand":"TP LINK","product_price_amount":"316","product_price_currency":"MXN","og_availability":"instock","product_availability":"instock","product_retailer_item_id":"MC220L","product_condition":"new"},"_links":{"self":[{"href":"https:\/\/compuviper.mx\/tienda\/wp-json\/wp\/v2\/product\/228577"}],"collection":[{"href":"https:\/\/compuviper.mx\/tienda\/wp-json\/wp\/v2\/product"}],"about":[{"href":"https:\/\/compuviper.mx\/tienda\/wp-json\/wp\/v2\/types\/product"}],"replies":[{"embeddable":true,"href":"https:\/\/compuviper.mx\/tienda\/wp-json\/wp\/v2\/comments?post=228577"}],"wp:featuredmedia":[{"embeddable":true,"href":"https:\/\/compuviper.mx\/tienda\/wp-json\/wp\/v2\/media\/228606"}],"wp:attachment":[{"href":"https:\/\/compuviper.mx\/tienda\/wp-json\/wp\/v2\/media?parent=228577"}],"wp:term":[{"taxonomy":"product_cat","embeddable":true,"href":"https:\/\/compuviper.mx\/tienda\/wp-json\/wp\/v2\/product_cat?post=228577"},{"taxonomy":"product_tag","embeddable":true,"href":"https:\/\/compuviper.mx\/tienda\/wp-json\/wp\/v2\/product_tag?post=228577"}],"curies":[{"name":"wp","href":"https:\/\/api.w.org\/{rel}","templated":true}]}}