{"id":228534,"date":"2026-04-02T00:22:26","date_gmt":"2026-04-02T06:22:26","guid":{"rendered":"https:\/\/compuviper.mx\/tienda\/producto\/dahua-dh-xvr5108hs-4kl-i3-dvr-xvr5108hs-4kl-i3-dvr-8-canales-4k-8-ip-wizsense-h-265-hasta-16-canales-ip-2-canales-de-reconocimiento-facial-smd-plus-codificacin-con-ia-1-hdd-16-tb-soportcv\/"},"modified":"2026-04-02T00:22:26","modified_gmt":"2026-04-02T06:22:26","slug":"dahua-dh-xvr5108hs-4kl-i3-dvr-xvr5108hs-4kl-i3-dvr-8-canales-4k-8-ip-wizsense-h-265-hasta-16-canales-ip-2-canales-de-reconocimiento-facial-smd-plus-codificacin-con-ia-1-hdd-16-tb-soportcvi-a","status":"publish","type":"product","link":"https:\/\/compuviper.mx\/tienda\/producto\/dahua-dh-xvr5108hs-4kl-i3-dvr-xvr5108hs-4kl-i3-dvr-8-canales-4k-8-ip-wizsense-h-265-hasta-16-canales-ip-2-canales-de-reconocimiento-facial-smd-plus-codificacin-con-ia-1-hdd-16-tb-soportcvi-a\/","title":{"rendered":"Dahua Dh-xvr5108hs-4kl-i3 Dvr\/ \/ Xvr5108hs-4kl-i3 Dvr 8 Canales 4k 8 Ip\/ Wizsense\/ H.265\/ Hasta 16 Canales Ip\/ 2 Canales De Reconocimiento Facial\/ Smd Plus\/ Codificacin Con Ia\/1 Hdd 16 Tb\/ Soportcvi\/ahd\/tvi\/cvbs E Ip"},"content":{"rendered":"<table class=\"descripcion\">\n<tr>\n<td>Especificaciones<\/td>\n<\/tr>\n<tr>\n<td>\u0095 procesador principal procesador integrado<\/td>\n<\/tr>\n<tr>\n<td>\u0095 sistema operativo linux integrado<\/td>\n<\/tr>\n<tr>\n<td>\u0095 6 atributos: g\u00e9nero, grupos de edad (6), gafas, expresiones (8), mascarilla, barba, con hasta cuatro paneles de detecci\u00f3n visualizados al mismo tiempo.<\/td>\n<\/tr>\n<tr>\n<td>\u0095 2 canales y un solo canal puede detectar hasta 12 caras.<\/td>\n<\/tr>\n<tr>\n<td>\u0095 smd plus de canal completo (ia por grabadora), filtrado secundario para smd plus humano y de veh\u00edculos de motor, que reduce las falsas alarmas causadas por hojas, lluvia y cambios en las condiciones de iluminaci\u00f3n.<\/td>\n<\/tr>\n<tr>\n<td>\u0095 8 canales, bnc: acceso adaptativo por defecto; se pueden configurar accesos hdcvi, ahd, tvi y cvbs.<\/td>\n<\/tr>\n<tr>\n<td>\u0095 1 hdmi<\/td>\n<\/tr>\n<tr>\n<td>\u0095 1 vga<\/td>\n<\/tr>\n<tr>\n<td>\u0095 onvif 16.12, compatible con cgi<\/td>\n<\/tr>\n<tr>\n<td>\u0095 alarma general: detecci\u00f3n de movimiento, p\u00e9rdida de video, manipulaci\u00f3n y alarma local<\/td>\n<\/tr>\n<tr>\n<td>\u0095 alarma de anomal\u00eda: sin disco, error de disco, poco espacio, sin conexi\u00f3n, conflicto de ip, conflicto de smd plus por grabadora mac<\/td>\n<\/tr>\n<tr>\n<td>\u0095 alarma inteligente: detecci\u00f3n de rostros, reconocimiento de rostros, protecci\u00f3n perimetral<\/td>\n<\/tr>\n<tr>\n<td>\u0095 1 puerto sata, hasta 16 tb para un solo disco duro<\/td>\n<\/tr>\n<tr>\n<td>\u0095 fuente de alimentaci\u00f3n cc12v, 2a<\/td>\n<\/tr>\n<tr>\n<td>\u0095 el consumo de energ\u00eda inferior a 10w<\/td>\n<\/tr>\n<\/table>\n","protected":false},"excerpt":{"rendered":"<p>Informaci\u00f3n general. El xvr5108hs-4kl-i3 ha sido desarrollada para reducir las tasas de falsas alarmas y el costo de la vigilancia humana, brindando as\u00ed un gran valor a los clientes que buscan productos con alarma precisa para humanos\/veh\u00edculos para elevar el nivel de seguridad de varias instalaciones interiores y exteriores. Reconocimiento facial en tiempo real. Reconocimiento facial en tiempo real de transmisi\u00f3n de video. Funciones de an\u00e1lisis de atributos faciales que incluyen g\u00e9nero, edad, expresi\u00f3n, anteojos, bigote, m\u00e1scara facial. Identificar personas y tambi\u00e9n capturar, grabar rostros con metadatos. Filtrado de caracter\u00edsticas faciales mientras se muestra en tiempo real, solo muestra caras con caracter\u00edsticas objetivo. Protecci\u00f3n perimetral. Filtrado autom\u00e1tico de falsas alarmas causadas por animales, hojas susurrantes, luces brillantes, etc. Permite que el sistema act\u00fae como reconocimiento secundario de los objetivos. Mejora de la precisi\u00f3n de las alarmas. Smd plus. Con un algoritmo inteligente, la tecnolog\u00eda de detecci\u00f3n de movimiento inteligente de dahua puede categorizar los objetivos que activan la detecci\u00f3n de movimiento y filtrar la alarma de detecci\u00f3n de movimiento activada por objetivos no afectados para generar una alarma efectiva y precisa. Smart codec h.265. Smart codec, h.265+ puede reducir hasta un 90 % la tasa de bits y los requisitos de almacenamiento en comparaci\u00f3n con h.264 sin tener que invertir en nuevas c\u00e1maras. Tabla de compatibilidad hdd. El almacenamiento es parte fundamental de un sistema de videovigilancia por tal motivo te recomendamos revisar nuestra lista de compatibilidad antes de seleccionar un disco duro (hdd). Principales caracter\u00edsticas. \u00b7 compresi\u00f3n de video de flujo dual h.265+\/h.265. \u00b7 admite codificaci\u00f3n de ia de canal completo. \u00b7 admite entradas de video hdcvi\/ahd\/tvi\/cvbs\/ip. \u00b7 transmisi\u00f3n de video de hasta 2 canales protecci\u00f3n perimetral. \u00b7 transmisi\u00f3n de video de hasta 8 canales smd plus. \u00b7 transmisi\u00f3n de video de hasta 2 canales reconocimiento de rostro humano. \u00b7 funcionalidades iot y pos<\/p>\n","protected":false},"featured_media":233968,"comment_status":"open","ping_status":"open","template":"","meta":[],"product_cat":[1689,1690],"product_tag":[1555],"acf":[],"yoast_head":"<!-- This site is optimized with the Yoast SEO plugin v21.7 - https:\/\/yoast.com\/wordpress\/plugins\/seo\/ -->\n<title>[ Dahua ] &#129351; Dh-xvr5108hs-4kl-i3 Dvr\/ \/ Xvr5108hs-4kl-i3 Dvr 8 Canales 4k 8 Ip\/ Wizsense\/ H.265\/ Hasta 16 Canales Ip\/ 2 Canales De Reconocimiento Facial\/ Smd Plus\/ Codificacin Con Ia\/1 Hdd 16 Tb\/ Soportcvi\/ahd\/tvi\/cvbs E Ip<\/title>\n<meta name=\"description\" content=\"Compra Dh-xvr5108hs-4kl-i3 Dvr\/ \/ Xvr5108hs-4kl-i3 Dvr 8 Canales 4k 8 Ip\/ Wizsense\/ H.265\/ Hasta 16 Canales Ip\/ 2 Canales De Reconocimiento Facial\/ Smd Plus\/ Codificacin Con Ia\/1 Hdd 16 Tb\/ Soportcvi\/ahd\/tvi\/cvbs E Ip + Env\u00edo a domicilio + Pago seguro + Garant\u00eda\" \/>\n<meta name=\"robots\" content=\"index, follow, max-snippet:-1, max-image-preview:large, max-video-preview:-1\" \/>\n<link rel=\"canonical\" href=\"https:\/\/compuviper.mx\/tienda\/producto\/dahua-dh-xvr5108hs-4kl-i3-dvr-xvr5108hs-4kl-i3-dvr-8-canales-4k-8-ip-wizsense-h-265-hasta-16-canales-ip-2-canales-de-reconocimiento-facial-smd-plus-codificacin-con-ia-1-hdd-16-tb-soportcvi-a\/\" \/>\n<meta property=\"og:locale\" content=\"es_MX\" \/>\n<meta property=\"og:type\" content=\"article\" \/>\n<meta property=\"og:title\" content=\"[ Dahua ] &#129351; Dh-xvr5108hs-4kl-i3 Dvr\/ \/ Xvr5108hs-4kl-i3 Dvr 8 Canales 4k 8 Ip\/ Wizsense\/ H.265\/ Hasta 16 Canales Ip\/ 2 Canales De Reconocimiento Facial\/ Smd Plus\/ Codificacin Con Ia\/1 Hdd 16 Tb\/ Soportcvi\/ahd\/tvi\/cvbs E Ip\" \/>\n<meta property=\"og:description\" content=\"Compra Dh-xvr5108hs-4kl-i3 Dvr\/ \/ Xvr5108hs-4kl-i3 Dvr 8 Canales 4k 8 Ip\/ Wizsense\/ H.265\/ Hasta 16 Canales Ip\/ 2 Canales De Reconocimiento Facial\/ Smd Plus\/ Codificacin Con Ia\/1 Hdd 16 Tb\/ Soportcvi\/ahd\/tvi\/cvbs E Ip + Env\u00edo a domicilio + Pago seguro + Garant\u00eda\" \/>\n<meta property=\"og:url\" content=\"https:\/\/compuviper.mx\/tienda\/producto\/dahua-dh-xvr5108hs-4kl-i3-dvr-xvr5108hs-4kl-i3-dvr-8-canales-4k-8-ip-wizsense-h-265-hasta-16-canales-ip-2-canales-de-reconocimiento-facial-smd-plus-codificacin-con-ia-1-hdd-16-tb-soportcvi-a\/\" \/>\n<meta property=\"og:site_name\" content=\"Compuviper\" \/>\n<meta property=\"article:publisher\" content=\"https:\/\/www.facebook.com\/compuviper\" \/>\n<meta property=\"og:image\" content=\"https:\/\/compuviper.mx\/tienda\/wp-content\/uploads\/2024\/05\/Dvr-dahua-xvr5108hs-4kl-i3-dvr-8-canales-4k-8-ip-wizsense-h.265-hasta-16-canales-ip-2-canales-de-reconocimiento-facial-smd-plus-codificacion-con-ia1-hdd-16-tb-soportcviahdtvicvbs-e-ip.jpg\" \/>\n\t<meta property=\"og:image:width\" content=\"200\" \/>\n\t<meta property=\"og:image:height\" content=\"200\" \/>\n\t<meta property=\"og:image:type\" content=\"image\/jpeg\" \/>\n<meta name=\"twitter:card\" content=\"summary_large_image\" \/>\n<meta name=\"twitter:label1\" content=\"Precio\" \/>\n\t<meta name=\"twitter:data1\" content=\"&#36;2,773 con IVA\" \/>\n\t<meta name=\"twitter:label2\" content=\"Availability\" \/>\n\t<meta name=\"twitter:data2\" content=\"Out of stock\" \/>\n<script type=\"application\/ld+json\" class=\"yoast-schema-graph\">{\"@context\":\"https:\/\/schema.org\",\"@graph\":[{\"@type\":\"WebPage\",\"@id\":\"https:\/\/compuviper.mx\/tienda\/producto\/dahua-dh-xvr5108hs-4kl-i3-dvr-xvr5108hs-4kl-i3-dvr-8-canales-4k-8-ip-wizsense-h-265-hasta-16-canales-ip-2-canales-de-reconocimiento-facial-smd-plus-codificacin-con-ia-1-hdd-16-tb-soportcvi-a\/\",\"url\":\"https:\/\/compuviper.mx\/tienda\/producto\/dahua-dh-xvr5108hs-4kl-i3-dvr-xvr5108hs-4kl-i3-dvr-8-canales-4k-8-ip-wizsense-h-265-hasta-16-canales-ip-2-canales-de-reconocimiento-facial-smd-plus-codificacin-con-ia-1-hdd-16-tb-soportcvi-a\/\",\"name\":\"[ Dahua ] &#129351; Dh-xvr5108hs-4kl-i3 Dvr\/ \/ Xvr5108hs-4kl-i3 Dvr 8 Canales 4k 8 Ip\/ Wizsense\/ H.265\/ Hasta 16 Canales Ip\/ 2 Canales De Reconocimiento Facial\/ Smd Plus\/ Codificacin Con Ia\/1 Hdd 16 Tb\/ Soportcvi\/ahd\/tvi\/cvbs E Ip\",\"isPartOf\":{\"@id\":\"https:\/\/compuviper.mx\/tienda\/#website\"},\"datePublished\":\"2026-04-02T06:22:26+00:00\",\"dateModified\":\"2026-04-02T06:22:26+00:00\",\"description\":\"Compra Dh-xvr5108hs-4kl-i3 Dvr\/ \/ Xvr5108hs-4kl-i3 Dvr 8 Canales 4k 8 Ip\/ Wizsense\/ H.265\/ Hasta 16 Canales Ip\/ 2 Canales De Reconocimiento Facial\/ Smd Plus\/ Codificacin Con Ia\/1 Hdd 16 Tb\/ Soportcvi\/ahd\/tvi\/cvbs E Ip + Env\u00edo a domicilio + Pago seguro + Garant\u00eda\",\"breadcrumb\":{\"@id\":\"https:\/\/compuviper.mx\/tienda\/producto\/dahua-dh-xvr5108hs-4kl-i3-dvr-xvr5108hs-4kl-i3-dvr-8-canales-4k-8-ip-wizsense-h-265-hasta-16-canales-ip-2-canales-de-reconocimiento-facial-smd-plus-codificacin-con-ia-1-hdd-16-tb-soportcvi-a\/#breadcrumb\"},\"inLanguage\":\"es-MX\",\"potentialAction\":[{\"@type\":\"ReadAction\",\"target\":[\"https:\/\/compuviper.mx\/tienda\/producto\/dahua-dh-xvr5108hs-4kl-i3-dvr-xvr5108hs-4kl-i3-dvr-8-canales-4k-8-ip-wizsense-h-265-hasta-16-canales-ip-2-canales-de-reconocimiento-facial-smd-plus-codificacin-con-ia-1-hdd-16-tb-soportcvi-a\/\"]}]},{\"@type\":\"BreadcrumbList\",\"@id\":\"https:\/\/compuviper.mx\/tienda\/producto\/dahua-dh-xvr5108hs-4kl-i3-dvr-xvr5108hs-4kl-i3-dvr-8-canales-4k-8-ip-wizsense-h-265-hasta-16-canales-ip-2-canales-de-reconocimiento-facial-smd-plus-codificacin-con-ia-1-hdd-16-tb-soportcvi-a\/#breadcrumb\",\"itemListElement\":[{\"@type\":\"ListItem\",\"position\":1,\"name\":\"Inicio\",\"item\":\"https:\/\/compuviper.mx\/tienda\/\"},{\"@type\":\"ListItem\",\"position\":2,\"name\":\"Productos\",\"item\":\"https:\/\/compuviper.mx\/tienda\/productos\/\"},{\"@type\":\"ListItem\",\"position\":3,\"name\":\"Videograbadores\",\"item\":\"https:\/\/compuviper.mx\/tienda\/categoria-producto\/videograbadores\/\"},{\"@type\":\"ListItem\",\"position\":4,\"name\":\"Dvr\",\"item\":\"https:\/\/compuviper.mx\/tienda\/categoria-producto\/videograbadores\/dvr\/\"},{\"@type\":\"ListItem\",\"position\":5,\"name\":\"Dahua Dh-xvr5108hs-4kl-i3 Dvr\/ \/ Xvr5108hs-4kl-i3 Dvr 8 Canales 4k 8 Ip\/ Wizsense\/ H.265\/ Hasta 16 Canales Ip\/ 2 Canales De Reconocimiento Facial\/ Smd Plus\/ Codificacin Con Ia\/1 Hdd 16 Tb\/ Soportcvi\/ahd\/tvi\/cvbs E Ip\"}]},{\"@type\":\"WebSite\",\"@id\":\"https:\/\/compuviper.mx\/tienda\/#website\",\"url\":\"https:\/\/compuviper.mx\/tienda\/\",\"name\":\"Compuviper\",\"description\":\"Proveedor de Computadoras, Laptops, Servidores, Monitores, Puntos de Venta, Teclados,   Impresoras, T\u00f3ner, C\u00e1maras de Seguridad y m\u00e1s en tu tienda en l\u00ednea\",\"publisher\":{\"@id\":\"https:\/\/compuviper.mx\/tienda\/#organization\"},\"potentialAction\":[{\"@type\":\"SearchAction\",\"target\":{\"@type\":\"EntryPoint\",\"urlTemplate\":\"https:\/\/compuviper.mx\/tienda\/?s={search_term_string}\"},\"query-input\":\"required name=search_term_string\"}],\"inLanguage\":\"es-MX\"},{\"@type\":\"Organization\",\"@id\":\"https:\/\/compuviper.mx\/tienda\/#organization\",\"name\":\"Compuviper\",\"url\":\"https:\/\/compuviper.mx\/tienda\/\",\"logo\":{\"@type\":\"ImageObject\",\"inLanguage\":\"es-MX\",\"@id\":\"https:\/\/compuviper.mx\/tienda\/#\/schema\/logo\/image\/\",\"url\":\"https:\/\/compuviper.mx\/tienda\/wp-content\/uploads\/2021\/08\/Logo-Compuviper-10.png\",\"contentUrl\":\"https:\/\/compuviper.mx\/tienda\/wp-content\/uploads\/2021\/08\/Logo-Compuviper-10.png\",\"width\":1000,\"height\":500,\"caption\":\"Compuviper\"},\"image\":{\"@id\":\"https:\/\/compuviper.mx\/tienda\/#\/schema\/logo\/image\/\"},\"sameAs\":[\"https:\/\/www.facebook.com\/compuviper\",\"https:\/\/www.youtube.com\/channel\/UCf73dERp9Y3cfOq7q8BhLjA?view_as=subscriber\"]}]}<\/script>\n<meta property=\"product:brand\" content=\"DAHUA\" \/>\n<meta property=\"product:price:amount\" content=\"2773\" \/>\n<meta property=\"product:price:currency\" content=\"MXN\" \/>\n<meta property=\"og:availability\" content=\"out of stock\" \/>\n<meta property=\"product:availability\" content=\"out of stock\" \/>\n<meta property=\"product:retailer_item_id\" content=\"DH-XVR5108HS-4KL-I3\" \/>\n<meta property=\"product:condition\" content=\"new\" \/>\n<!-- \/ Yoast SEO plugin. -->","yoast_head_json":{"title":"[ Dahua ] &#129351; Dh-xvr5108hs-4kl-i3 Dvr\/ \/ Xvr5108hs-4kl-i3 Dvr 8 Canales 4k 8 Ip\/ Wizsense\/ H.265\/ Hasta 16 Canales Ip\/ 2 Canales De Reconocimiento Facial\/ Smd Plus\/ Codificacin Con Ia\/1 Hdd 16 Tb\/ Soportcvi\/ahd\/tvi\/cvbs E Ip","description":"Compra Dh-xvr5108hs-4kl-i3 Dvr\/ \/ Xvr5108hs-4kl-i3 Dvr 8 Canales 4k 8 Ip\/ Wizsense\/ H.265\/ Hasta 16 Canales Ip\/ 2 Canales De Reconocimiento Facial\/ Smd Plus\/ Codificacin Con Ia\/1 Hdd 16 Tb\/ Soportcvi\/ahd\/tvi\/cvbs E Ip + Env\u00edo a domicilio + Pago seguro + Garant\u00eda","robots":{"index":"index","follow":"follow","max-snippet":"max-snippet:-1","max-image-preview":"max-image-preview:large","max-video-preview":"max-video-preview:-1"},"canonical":"https:\/\/compuviper.mx\/tienda\/producto\/dahua-dh-xvr5108hs-4kl-i3-dvr-xvr5108hs-4kl-i3-dvr-8-canales-4k-8-ip-wizsense-h-265-hasta-16-canales-ip-2-canales-de-reconocimiento-facial-smd-plus-codificacin-con-ia-1-hdd-16-tb-soportcvi-a\/","og_locale":"es_MX","og_type":"article","og_title":"[ Dahua ] &#129351; Dh-xvr5108hs-4kl-i3 Dvr\/ \/ Xvr5108hs-4kl-i3 Dvr 8 Canales 4k 8 Ip\/ Wizsense\/ H.265\/ Hasta 16 Canales Ip\/ 2 Canales De Reconocimiento Facial\/ Smd Plus\/ Codificacin Con Ia\/1 Hdd 16 Tb\/ Soportcvi\/ahd\/tvi\/cvbs E Ip","og_description":"Compra Dh-xvr5108hs-4kl-i3 Dvr\/ \/ Xvr5108hs-4kl-i3 Dvr 8 Canales 4k 8 Ip\/ Wizsense\/ H.265\/ Hasta 16 Canales Ip\/ 2 Canales De Reconocimiento Facial\/ Smd Plus\/ Codificacin Con Ia\/1 Hdd 16 Tb\/ Soportcvi\/ahd\/tvi\/cvbs E Ip + Env\u00edo a domicilio + Pago seguro + Garant\u00eda","og_url":"https:\/\/compuviper.mx\/tienda\/producto\/dahua-dh-xvr5108hs-4kl-i3-dvr-xvr5108hs-4kl-i3-dvr-8-canales-4k-8-ip-wizsense-h-265-hasta-16-canales-ip-2-canales-de-reconocimiento-facial-smd-plus-codificacin-con-ia-1-hdd-16-tb-soportcvi-a\/","og_site_name":"Compuviper","article_publisher":"https:\/\/www.facebook.com\/compuviper","og_image":[{"width":200,"height":200,"url":"https:\/\/compuviper.mx\/tienda\/wp-content\/uploads\/2024\/05\/Dvr-dahua-xvr5108hs-4kl-i3-dvr-8-canales-4k-8-ip-wizsense-h.265-hasta-16-canales-ip-2-canales-de-reconocimiento-facial-smd-plus-codificacion-con-ia1-hdd-16-tb-soportcviahdtvicvbs-e-ip.jpg","type":"image\/jpeg"}],"twitter_card":"summary_large_image","twitter_misc":{"Precio":"&#36;2,773 con IVA","Availability":"Out of stock"},"schema":{"@context":"https:\/\/schema.org","@graph":[{"@type":"WebPage","@id":"https:\/\/compuviper.mx\/tienda\/producto\/dahua-dh-xvr5108hs-4kl-i3-dvr-xvr5108hs-4kl-i3-dvr-8-canales-4k-8-ip-wizsense-h-265-hasta-16-canales-ip-2-canales-de-reconocimiento-facial-smd-plus-codificacin-con-ia-1-hdd-16-tb-soportcvi-a\/","url":"https:\/\/compuviper.mx\/tienda\/producto\/dahua-dh-xvr5108hs-4kl-i3-dvr-xvr5108hs-4kl-i3-dvr-8-canales-4k-8-ip-wizsense-h-265-hasta-16-canales-ip-2-canales-de-reconocimiento-facial-smd-plus-codificacin-con-ia-1-hdd-16-tb-soportcvi-a\/","name":"[ Dahua ] &#129351; Dh-xvr5108hs-4kl-i3 Dvr\/ \/ Xvr5108hs-4kl-i3 Dvr 8 Canales 4k 8 Ip\/ Wizsense\/ H.265\/ Hasta 16 Canales Ip\/ 2 Canales De Reconocimiento Facial\/ Smd Plus\/ Codificacin Con Ia\/1 Hdd 16 Tb\/ Soportcvi\/ahd\/tvi\/cvbs E Ip","isPartOf":{"@id":"https:\/\/compuviper.mx\/tienda\/#website"},"datePublished":"2026-04-02T06:22:26+00:00","dateModified":"2026-04-02T06:22:26+00:00","description":"Compra Dh-xvr5108hs-4kl-i3 Dvr\/ \/ Xvr5108hs-4kl-i3 Dvr 8 Canales 4k 8 Ip\/ Wizsense\/ H.265\/ Hasta 16 Canales Ip\/ 2 Canales De Reconocimiento Facial\/ Smd Plus\/ Codificacin Con Ia\/1 Hdd 16 Tb\/ Soportcvi\/ahd\/tvi\/cvbs E Ip + Env\u00edo a domicilio + Pago seguro + Garant\u00eda","breadcrumb":{"@id":"https:\/\/compuviper.mx\/tienda\/producto\/dahua-dh-xvr5108hs-4kl-i3-dvr-xvr5108hs-4kl-i3-dvr-8-canales-4k-8-ip-wizsense-h-265-hasta-16-canales-ip-2-canales-de-reconocimiento-facial-smd-plus-codificacin-con-ia-1-hdd-16-tb-soportcvi-a\/#breadcrumb"},"inLanguage":"es-MX","potentialAction":[{"@type":"ReadAction","target":["https:\/\/compuviper.mx\/tienda\/producto\/dahua-dh-xvr5108hs-4kl-i3-dvr-xvr5108hs-4kl-i3-dvr-8-canales-4k-8-ip-wizsense-h-265-hasta-16-canales-ip-2-canales-de-reconocimiento-facial-smd-plus-codificacin-con-ia-1-hdd-16-tb-soportcvi-a\/"]}]},{"@type":"BreadcrumbList","@id":"https:\/\/compuviper.mx\/tienda\/producto\/dahua-dh-xvr5108hs-4kl-i3-dvr-xvr5108hs-4kl-i3-dvr-8-canales-4k-8-ip-wizsense-h-265-hasta-16-canales-ip-2-canales-de-reconocimiento-facial-smd-plus-codificacin-con-ia-1-hdd-16-tb-soportcvi-a\/#breadcrumb","itemListElement":[{"@type":"ListItem","position":1,"name":"Inicio","item":"https:\/\/compuviper.mx\/tienda\/"},{"@type":"ListItem","position":2,"name":"Productos","item":"https:\/\/compuviper.mx\/tienda\/productos\/"},{"@type":"ListItem","position":3,"name":"Videograbadores","item":"https:\/\/compuviper.mx\/tienda\/categoria-producto\/videograbadores\/"},{"@type":"ListItem","position":4,"name":"Dvr","item":"https:\/\/compuviper.mx\/tienda\/categoria-producto\/videograbadores\/dvr\/"},{"@type":"ListItem","position":5,"name":"Dahua Dh-xvr5108hs-4kl-i3 Dvr\/ \/ Xvr5108hs-4kl-i3 Dvr 8 Canales 4k 8 Ip\/ Wizsense\/ H.265\/ Hasta 16 Canales Ip\/ 2 Canales De Reconocimiento Facial\/ Smd Plus\/ Codificacin Con Ia\/1 Hdd 16 Tb\/ Soportcvi\/ahd\/tvi\/cvbs E Ip"}]},{"@type":"WebSite","@id":"https:\/\/compuviper.mx\/tienda\/#website","url":"https:\/\/compuviper.mx\/tienda\/","name":"Compuviper","description":"Proveedor de Computadoras, Laptops, Servidores, Monitores, Puntos de Venta, Teclados,   Impresoras, T\u00f3ner, C\u00e1maras de Seguridad y m\u00e1s en tu tienda en l\u00ednea","publisher":{"@id":"https:\/\/compuviper.mx\/tienda\/#organization"},"potentialAction":[{"@type":"SearchAction","target":{"@type":"EntryPoint","urlTemplate":"https:\/\/compuviper.mx\/tienda\/?s={search_term_string}"},"query-input":"required name=search_term_string"}],"inLanguage":"es-MX"},{"@type":"Organization","@id":"https:\/\/compuviper.mx\/tienda\/#organization","name":"Compuviper","url":"https:\/\/compuviper.mx\/tienda\/","logo":{"@type":"ImageObject","inLanguage":"es-MX","@id":"https:\/\/compuviper.mx\/tienda\/#\/schema\/logo\/image\/","url":"https:\/\/compuviper.mx\/tienda\/wp-content\/uploads\/2021\/08\/Logo-Compuviper-10.png","contentUrl":"https:\/\/compuviper.mx\/tienda\/wp-content\/uploads\/2021\/08\/Logo-Compuviper-10.png","width":1000,"height":500,"caption":"Compuviper"},"image":{"@id":"https:\/\/compuviper.mx\/tienda\/#\/schema\/logo\/image\/"},"sameAs":["https:\/\/www.facebook.com\/compuviper","https:\/\/www.youtube.com\/channel\/UCf73dERp9Y3cfOq7q8BhLjA?view_as=subscriber"]}]},"product_brand":"DAHUA","product_price_amount":"2773","product_price_currency":"MXN","og_availability":"out of stock","product_availability":"out of stock","product_retailer_item_id":"DH-XVR5108HS-4KL-I3","product_condition":"new"},"_links":{"self":[{"href":"https:\/\/compuviper.mx\/tienda\/wp-json\/wp\/v2\/product\/228534"}],"collection":[{"href":"https:\/\/compuviper.mx\/tienda\/wp-json\/wp\/v2\/product"}],"about":[{"href":"https:\/\/compuviper.mx\/tienda\/wp-json\/wp\/v2\/types\/product"}],"replies":[{"embeddable":true,"href":"https:\/\/compuviper.mx\/tienda\/wp-json\/wp\/v2\/comments?post=228534"}],"wp:featuredmedia":[{"embeddable":true,"href":"https:\/\/compuviper.mx\/tienda\/wp-json\/wp\/v2\/media\/233968"}],"wp:attachment":[{"href":"https:\/\/compuviper.mx\/tienda\/wp-json\/wp\/v2\/media?parent=228534"}],"wp:term":[{"taxonomy":"product_cat","embeddable":true,"href":"https:\/\/compuviper.mx\/tienda\/wp-json\/wp\/v2\/product_cat?post=228534"},{"taxonomy":"product_tag","embeddable":true,"href":"https:\/\/compuviper.mx\/tienda\/wp-json\/wp\/v2\/product_tag?post=228534"}],"curies":[{"name":"wp","href":"https:\/\/api.w.org\/{rel}","templated":true}]}}