{"id":228533,"date":"2026-04-10T23:44:46","date_gmt":"2026-04-11T05:44:46","guid":{"rendered":"https:\/\/compuviper.mx\/tienda\/producto\/dahua-dh-pfm920i-5eun-c-v2-white-bobina-pfm920i-5eun-cable-utp-blanco-100-cobre-categoria-5e-305-metros-cpr-eca-video-y-redes-compatible-con-alimentacin-poe\/"},"modified":"2026-04-10T23:44:46","modified_gmt":"2026-04-11T05:44:46","slug":"dahua-dh-pfm920i-5eun-c-v2-white-bobina-pfm920i-5eun-cable-utp-blanco-100-cobre-categoria-5e-305-metros-cpr-eca-video-y-redes-compatible-con-alimentacin-poe","status":"publish","type":"product","link":"https:\/\/compuviper.mx\/tienda\/producto\/dahua-dh-pfm920i-5eun-c-v2-white-bobina-pfm920i-5eun-cable-utp-blanco-100-cobre-categoria-5e-305-metros-cpr-eca-video-y-redes-compatible-con-alimentacin-poe\/","title":{"rendered":"Dahua Dh-pfm920i-5eun-c-v2 (white) Bobina\/ \/ Pfm920i-5eun\/ Cable Utp Blanco 100 Cobre\/ Categoria 5e\/ 305 Metros\/ Cpr Eca\/ Video Y Redes\/ Compatible Con Alimentacin Poe"},"content":{"rendered":"<table class=\"descripcion\">\n<tr>\n<td>Principales caracter\u00edsticas<\/td>\n<\/tr>\n<tr>\n<td>\u0095 cobre libre de ox\u00edgeno (99,97% de pureza)<\/td>\n<\/tr>\n<tr>\n<td>\u0095 soporta poe largas distancias<\/td>\n<\/tr>\n<tr>\n<td>\u0095 pvc ecol\u00f3gico<\/td>\n<\/tr>\n<tr>\n<td>\u0095 color blanco<\/td>\n<\/tr>\n<tr>\n<td>\u0095 305 m<\/td>\n<\/tr>\n<tr>\n<td>\u0095 resistencia 12 and #937;\/100m<\/td>\n<\/tr>\n<tr>\n<td>\u0095 peso neto 7.4kg (con empaque 8.4kg)<\/td>\n<\/tr>\n<\/table>\n","protected":false},"excerpt":{"rendered":"<p>Informaci\u00f3n general. Dise\u00f1ado para la construcci\u00f3n de redes a gran escala, la bobina de cable utp cat 5e de dahua ofrece velocidades de red de hasta 1 gbps, junto con conductores de cobre sin ox\u00edgeno al 99.7%, aislamiento de hdpe y funda de pvc para un mejor rendimiento de la red. Adem\u00e1s, este cable admite la transmisi\u00f3n de poe. Soporta transmisi\u00f3n larga distancia. Este cable cuenta con un est\u00e1ndar de red compatible con los est\u00e1ndares de categor\u00eda 5 y categor\u00eda 5e. Posee caracter\u00edsticas y especificaciones para la diafon\u00eda y ruido.El est\u00e1ndar de cable es utilizable para 10base-t, 100base-tx . Cubierta pvc resistente. El cable tiene una cubierta de pvc compuesta por un revestimiento de hdpe , este es un pol\u00edmero termopl\u00e1stico conformado por unidades repetitivas de etileno. Se designa como hdpe (por sus siglas en ingl\u00e9s, high density polyethylene) o pead (polietileno de alta densidad). Este material permite tener mas resistencia. Implementaci\u00f3n redes poe. Este cable admite la transmisi\u00f3n de poe a distancias largas, lo que facilita la implementaci\u00f3n de redes poe que admiten una amplia variedad de dispositivos de red compatibles con poe.<\/p>\n","protected":false},"featured_media":233791,"comment_status":"open","ping_status":"open","template":"","meta":[],"product_cat":[1549,1550],"product_tag":[1555],"acf":[],"yoast_head":"<!-- This site is optimized with the Yoast SEO plugin v21.7 - https:\/\/yoast.com\/wordpress\/plugins\/seo\/ -->\n<title>[ Dahua ] &#129351; Dh-pfm920i-5eun-c-v2 (white) Bobina\/ \/ Pfm920i-5eun\/ Cable Utp Blanco 100 Cobre\/ Categoria 5e\/ 305 Metros\/ Cpr Eca\/ Video Y Redes\/ Compatible Con Alimentacin Poe<\/title>\n<meta name=\"description\" content=\"Compra Dh-pfm920i-5eun-c-v2 (white) Bobina\/ \/ Pfm920i-5eun\/ Cable Utp Blanco 100 Cobre\/ Categoria 5e\/ 305 Metros\/ Cpr Eca\/ Video Y Redes\/ Compatible Con Alimentacin Poe + Env\u00edo a domicilio + Pago seguro + Garant\u00eda\" \/>\n<meta name=\"robots\" content=\"index, follow, max-snippet:-1, max-image-preview:large, max-video-preview:-1\" \/>\n<link rel=\"canonical\" href=\"https:\/\/compuviper.mx\/tienda\/producto\/dahua-dh-pfm920i-5eun-c-v2-white-bobina-pfm920i-5eun-cable-utp-blanco-100-cobre-categoria-5e-305-metros-cpr-eca-video-y-redes-compatible-con-alimentacin-poe\/\" \/>\n<meta property=\"og:locale\" content=\"es_MX\" \/>\n<meta property=\"og:type\" content=\"article\" \/>\n<meta property=\"og:title\" content=\"[ Dahua ] &#129351; Dh-pfm920i-5eun-c-v2 (white) Bobina\/ \/ Pfm920i-5eun\/ Cable Utp Blanco 100 Cobre\/ Categoria 5e\/ 305 Metros\/ Cpr Eca\/ Video Y Redes\/ Compatible Con Alimentacin Poe\" \/>\n<meta property=\"og:description\" content=\"Compra Dh-pfm920i-5eun-c-v2 (white) Bobina\/ \/ Pfm920i-5eun\/ Cable Utp Blanco 100 Cobre\/ Categoria 5e\/ 305 Metros\/ Cpr Eca\/ Video Y Redes\/ Compatible Con Alimentacin Poe + Env\u00edo a domicilio + Pago seguro + Garant\u00eda\" \/>\n<meta property=\"og:url\" content=\"https:\/\/compuviper.mx\/tienda\/producto\/dahua-dh-pfm920i-5eun-c-v2-white-bobina-pfm920i-5eun-cable-utp-blanco-100-cobre-categoria-5e-305-metros-cpr-eca-video-y-redes-compatible-con-alimentacin-poe\/\" \/>\n<meta property=\"og:site_name\" content=\"Compuviper\" \/>\n<meta property=\"article:publisher\" content=\"https:\/\/www.facebook.com\/compuviper\" \/>\n<meta property=\"og:image\" content=\"https:\/\/compuviper.mx\/tienda\/wp-content\/uploads\/2024\/05\/Bobina-dahua-pfm920i-5eun-cable-utp-blanco-100-cobre-categoria-5e-305-metros-cpr-eca-video-y-redes-compatible-con-alimentacion-poe.jpg\" \/>\n\t<meta property=\"og:image:width\" content=\"200\" \/>\n\t<meta property=\"og:image:height\" content=\"200\" \/>\n\t<meta property=\"og:image:type\" content=\"image\/jpeg\" \/>\n<meta name=\"twitter:card\" content=\"summary_large_image\" \/>\n<meta name=\"twitter:label1\" content=\"Precio\" \/>\n\t<meta name=\"twitter:data1\" content=\"&#36;1,601 &#36;1,587 con IVA\" \/>\n\t<meta name=\"twitter:label2\" content=\"Availability\" \/>\n\t<meta name=\"twitter:data2\" content=\"Out of stock\" \/>\n<script type=\"application\/ld+json\" class=\"yoast-schema-graph\">{\"@context\":\"https:\/\/schema.org\",\"@graph\":[{\"@type\":\"WebPage\",\"@id\":\"https:\/\/compuviper.mx\/tienda\/producto\/dahua-dh-pfm920i-5eun-c-v2-white-bobina-pfm920i-5eun-cable-utp-blanco-100-cobre-categoria-5e-305-metros-cpr-eca-video-y-redes-compatible-con-alimentacin-poe\/\",\"url\":\"https:\/\/compuviper.mx\/tienda\/producto\/dahua-dh-pfm920i-5eun-c-v2-white-bobina-pfm920i-5eun-cable-utp-blanco-100-cobre-categoria-5e-305-metros-cpr-eca-video-y-redes-compatible-con-alimentacin-poe\/\",\"name\":\"[ Dahua ] &#129351; Dh-pfm920i-5eun-c-v2 (white) Bobina\/ \/ Pfm920i-5eun\/ Cable Utp Blanco 100 Cobre\/ Categoria 5e\/ 305 Metros\/ Cpr Eca\/ Video Y Redes\/ Compatible Con Alimentacin Poe\",\"isPartOf\":{\"@id\":\"https:\/\/compuviper.mx\/tienda\/#website\"},\"datePublished\":\"2026-04-11T05:44:46+00:00\",\"dateModified\":\"2026-04-11T05:44:46+00:00\",\"description\":\"Compra Dh-pfm920i-5eun-c-v2 (white) Bobina\/ \/ Pfm920i-5eun\/ Cable Utp Blanco 100 Cobre\/ Categoria 5e\/ 305 Metros\/ Cpr Eca\/ Video Y Redes\/ Compatible Con Alimentacin Poe + Env\u00edo a domicilio + Pago seguro + Garant\u00eda\",\"breadcrumb\":{\"@id\":\"https:\/\/compuviper.mx\/tienda\/producto\/dahua-dh-pfm920i-5eun-c-v2-white-bobina-pfm920i-5eun-cable-utp-blanco-100-cobre-categoria-5e-305-metros-cpr-eca-video-y-redes-compatible-con-alimentacin-poe\/#breadcrumb\"},\"inLanguage\":\"es-MX\",\"potentialAction\":[{\"@type\":\"ReadAction\",\"target\":[\"https:\/\/compuviper.mx\/tienda\/producto\/dahua-dh-pfm920i-5eun-c-v2-white-bobina-pfm920i-5eun-cable-utp-blanco-100-cobre-categoria-5e-305-metros-cpr-eca-video-y-redes-compatible-con-alimentacin-poe\/\"]}]},{\"@type\":\"BreadcrumbList\",\"@id\":\"https:\/\/compuviper.mx\/tienda\/producto\/dahua-dh-pfm920i-5eun-c-v2-white-bobina-pfm920i-5eun-cable-utp-blanco-100-cobre-categoria-5e-305-metros-cpr-eca-video-y-redes-compatible-con-alimentacin-poe\/#breadcrumb\",\"itemListElement\":[{\"@type\":\"ListItem\",\"position\":1,\"name\":\"Inicio\",\"item\":\"https:\/\/compuviper.mx\/tienda\/\"},{\"@type\":\"ListItem\",\"position\":2,\"name\":\"Productos\",\"item\":\"https:\/\/compuviper.mx\/tienda\/productos\/\"},{\"@type\":\"ListItem\",\"position\":3,\"name\":\"Cables\",\"item\":\"https:\/\/compuviper.mx\/tienda\/categoria-producto\/cables\/\"},{\"@type\":\"ListItem\",\"position\":4,\"name\":\"Cable De Video\",\"item\":\"https:\/\/compuviper.mx\/tienda\/categoria-producto\/cables\/cable-de-video\/\"},{\"@type\":\"ListItem\",\"position\":5,\"name\":\"Dahua Dh-pfm920i-5eun-c-v2 (white) Bobina\/ \/ Pfm920i-5eun\/ Cable Utp Blanco 100 Cobre\/ Categoria 5e\/ 305 Metros\/ Cpr Eca\/ Video Y Redes\/ Compatible Con Alimentacin Poe\"}]},{\"@type\":\"WebSite\",\"@id\":\"https:\/\/compuviper.mx\/tienda\/#website\",\"url\":\"https:\/\/compuviper.mx\/tienda\/\",\"name\":\"Compuviper\",\"description\":\"Proveedor de Computadoras, Laptops, Servidores, Monitores, Puntos de Venta, Teclados,   Impresoras, T\u00f3ner, C\u00e1maras de Seguridad y m\u00e1s en tu tienda en l\u00ednea\",\"publisher\":{\"@id\":\"https:\/\/compuviper.mx\/tienda\/#organization\"},\"potentialAction\":[{\"@type\":\"SearchAction\",\"target\":{\"@type\":\"EntryPoint\",\"urlTemplate\":\"https:\/\/compuviper.mx\/tienda\/?s={search_term_string}\"},\"query-input\":\"required name=search_term_string\"}],\"inLanguage\":\"es-MX\"},{\"@type\":\"Organization\",\"@id\":\"https:\/\/compuviper.mx\/tienda\/#organization\",\"name\":\"Compuviper\",\"url\":\"https:\/\/compuviper.mx\/tienda\/\",\"logo\":{\"@type\":\"ImageObject\",\"inLanguage\":\"es-MX\",\"@id\":\"https:\/\/compuviper.mx\/tienda\/#\/schema\/logo\/image\/\",\"url\":\"https:\/\/compuviper.mx\/tienda\/wp-content\/uploads\/2021\/08\/Logo-Compuviper-10.png\",\"contentUrl\":\"https:\/\/compuviper.mx\/tienda\/wp-content\/uploads\/2021\/08\/Logo-Compuviper-10.png\",\"width\":1000,\"height\":500,\"caption\":\"Compuviper\"},\"image\":{\"@id\":\"https:\/\/compuviper.mx\/tienda\/#\/schema\/logo\/image\/\"},\"sameAs\":[\"https:\/\/www.facebook.com\/compuviper\",\"https:\/\/www.youtube.com\/channel\/UCf73dERp9Y3cfOq7q8BhLjA?view_as=subscriber\"]}]}<\/script>\n<meta property=\"product:brand\" content=\"DAHUA\" \/>\n<meta property=\"product:price:amount\" content=\"1587\" \/>\n<meta property=\"product:price:currency\" content=\"MXN\" \/>\n<meta property=\"og:availability\" content=\"out of stock\" \/>\n<meta property=\"product:availability\" content=\"out of stock\" \/>\n<meta property=\"product:retailer_item_id\" content=\"DH-PFM920I-5EUN-C-V2 (WHITE)\" \/>\n<meta property=\"product:condition\" content=\"new\" \/>\n<!-- \/ Yoast SEO plugin. -->","yoast_head_json":{"title":"[ Dahua ] &#129351; Dh-pfm920i-5eun-c-v2 (white) Bobina\/ \/ Pfm920i-5eun\/ Cable Utp Blanco 100 Cobre\/ Categoria 5e\/ 305 Metros\/ Cpr Eca\/ Video Y Redes\/ Compatible Con Alimentacin Poe","description":"Compra Dh-pfm920i-5eun-c-v2 (white) Bobina\/ \/ Pfm920i-5eun\/ Cable Utp Blanco 100 Cobre\/ Categoria 5e\/ 305 Metros\/ Cpr Eca\/ Video Y Redes\/ Compatible Con Alimentacin Poe + Env\u00edo a domicilio + Pago seguro + Garant\u00eda","robots":{"index":"index","follow":"follow","max-snippet":"max-snippet:-1","max-image-preview":"max-image-preview:large","max-video-preview":"max-video-preview:-1"},"canonical":"https:\/\/compuviper.mx\/tienda\/producto\/dahua-dh-pfm920i-5eun-c-v2-white-bobina-pfm920i-5eun-cable-utp-blanco-100-cobre-categoria-5e-305-metros-cpr-eca-video-y-redes-compatible-con-alimentacin-poe\/","og_locale":"es_MX","og_type":"article","og_title":"[ Dahua ] &#129351; Dh-pfm920i-5eun-c-v2 (white) Bobina\/ \/ Pfm920i-5eun\/ Cable Utp Blanco 100 Cobre\/ Categoria 5e\/ 305 Metros\/ Cpr Eca\/ Video Y Redes\/ Compatible Con Alimentacin Poe","og_description":"Compra Dh-pfm920i-5eun-c-v2 (white) Bobina\/ \/ Pfm920i-5eun\/ Cable Utp Blanco 100 Cobre\/ Categoria 5e\/ 305 Metros\/ Cpr Eca\/ Video Y Redes\/ Compatible Con Alimentacin Poe + Env\u00edo a domicilio + Pago seguro + Garant\u00eda","og_url":"https:\/\/compuviper.mx\/tienda\/producto\/dahua-dh-pfm920i-5eun-c-v2-white-bobina-pfm920i-5eun-cable-utp-blanco-100-cobre-categoria-5e-305-metros-cpr-eca-video-y-redes-compatible-con-alimentacin-poe\/","og_site_name":"Compuviper","article_publisher":"https:\/\/www.facebook.com\/compuviper","og_image":[{"width":200,"height":200,"url":"https:\/\/compuviper.mx\/tienda\/wp-content\/uploads\/2024\/05\/Bobina-dahua-pfm920i-5eun-cable-utp-blanco-100-cobre-categoria-5e-305-metros-cpr-eca-video-y-redes-compatible-con-alimentacion-poe.jpg","type":"image\/jpeg"}],"twitter_card":"summary_large_image","twitter_misc":{"Precio":"&#36;1,601 &#36;1,587 con IVA","Availability":"Out of stock"},"schema":{"@context":"https:\/\/schema.org","@graph":[{"@type":"WebPage","@id":"https:\/\/compuviper.mx\/tienda\/producto\/dahua-dh-pfm920i-5eun-c-v2-white-bobina-pfm920i-5eun-cable-utp-blanco-100-cobre-categoria-5e-305-metros-cpr-eca-video-y-redes-compatible-con-alimentacin-poe\/","url":"https:\/\/compuviper.mx\/tienda\/producto\/dahua-dh-pfm920i-5eun-c-v2-white-bobina-pfm920i-5eun-cable-utp-blanco-100-cobre-categoria-5e-305-metros-cpr-eca-video-y-redes-compatible-con-alimentacin-poe\/","name":"[ Dahua ] &#129351; Dh-pfm920i-5eun-c-v2 (white) Bobina\/ \/ Pfm920i-5eun\/ Cable Utp Blanco 100 Cobre\/ Categoria 5e\/ 305 Metros\/ Cpr Eca\/ Video Y Redes\/ Compatible Con Alimentacin Poe","isPartOf":{"@id":"https:\/\/compuviper.mx\/tienda\/#website"},"datePublished":"2026-04-11T05:44:46+00:00","dateModified":"2026-04-11T05:44:46+00:00","description":"Compra Dh-pfm920i-5eun-c-v2 (white) Bobina\/ \/ Pfm920i-5eun\/ Cable Utp Blanco 100 Cobre\/ Categoria 5e\/ 305 Metros\/ Cpr Eca\/ Video Y Redes\/ Compatible Con Alimentacin Poe + Env\u00edo a domicilio + Pago seguro + Garant\u00eda","breadcrumb":{"@id":"https:\/\/compuviper.mx\/tienda\/producto\/dahua-dh-pfm920i-5eun-c-v2-white-bobina-pfm920i-5eun-cable-utp-blanco-100-cobre-categoria-5e-305-metros-cpr-eca-video-y-redes-compatible-con-alimentacin-poe\/#breadcrumb"},"inLanguage":"es-MX","potentialAction":[{"@type":"ReadAction","target":["https:\/\/compuviper.mx\/tienda\/producto\/dahua-dh-pfm920i-5eun-c-v2-white-bobina-pfm920i-5eun-cable-utp-blanco-100-cobre-categoria-5e-305-metros-cpr-eca-video-y-redes-compatible-con-alimentacin-poe\/"]}]},{"@type":"BreadcrumbList","@id":"https:\/\/compuviper.mx\/tienda\/producto\/dahua-dh-pfm920i-5eun-c-v2-white-bobina-pfm920i-5eun-cable-utp-blanco-100-cobre-categoria-5e-305-metros-cpr-eca-video-y-redes-compatible-con-alimentacin-poe\/#breadcrumb","itemListElement":[{"@type":"ListItem","position":1,"name":"Inicio","item":"https:\/\/compuviper.mx\/tienda\/"},{"@type":"ListItem","position":2,"name":"Productos","item":"https:\/\/compuviper.mx\/tienda\/productos\/"},{"@type":"ListItem","position":3,"name":"Cables","item":"https:\/\/compuviper.mx\/tienda\/categoria-producto\/cables\/"},{"@type":"ListItem","position":4,"name":"Cable De Video","item":"https:\/\/compuviper.mx\/tienda\/categoria-producto\/cables\/cable-de-video\/"},{"@type":"ListItem","position":5,"name":"Dahua Dh-pfm920i-5eun-c-v2 (white) Bobina\/ \/ Pfm920i-5eun\/ Cable Utp Blanco 100 Cobre\/ Categoria 5e\/ 305 Metros\/ Cpr Eca\/ Video Y Redes\/ Compatible Con Alimentacin Poe"}]},{"@type":"WebSite","@id":"https:\/\/compuviper.mx\/tienda\/#website","url":"https:\/\/compuviper.mx\/tienda\/","name":"Compuviper","description":"Proveedor de Computadoras, Laptops, Servidores, Monitores, Puntos de Venta, Teclados,   Impresoras, T\u00f3ner, C\u00e1maras de Seguridad y m\u00e1s en tu tienda en l\u00ednea","publisher":{"@id":"https:\/\/compuviper.mx\/tienda\/#organization"},"potentialAction":[{"@type":"SearchAction","target":{"@type":"EntryPoint","urlTemplate":"https:\/\/compuviper.mx\/tienda\/?s={search_term_string}"},"query-input":"required name=search_term_string"}],"inLanguage":"es-MX"},{"@type":"Organization","@id":"https:\/\/compuviper.mx\/tienda\/#organization","name":"Compuviper","url":"https:\/\/compuviper.mx\/tienda\/","logo":{"@type":"ImageObject","inLanguage":"es-MX","@id":"https:\/\/compuviper.mx\/tienda\/#\/schema\/logo\/image\/","url":"https:\/\/compuviper.mx\/tienda\/wp-content\/uploads\/2021\/08\/Logo-Compuviper-10.png","contentUrl":"https:\/\/compuviper.mx\/tienda\/wp-content\/uploads\/2021\/08\/Logo-Compuviper-10.png","width":1000,"height":500,"caption":"Compuviper"},"image":{"@id":"https:\/\/compuviper.mx\/tienda\/#\/schema\/logo\/image\/"},"sameAs":["https:\/\/www.facebook.com\/compuviper","https:\/\/www.youtube.com\/channel\/UCf73dERp9Y3cfOq7q8BhLjA?view_as=subscriber"]}]},"product_brand":"DAHUA","product_price_amount":"1587","product_price_currency":"MXN","og_availability":"out of stock","product_availability":"out of stock","product_retailer_item_id":"DH-PFM920I-5EUN-C-V2 (WHITE)","product_condition":"new"},"_links":{"self":[{"href":"https:\/\/compuviper.mx\/tienda\/wp-json\/wp\/v2\/product\/228533"}],"collection":[{"href":"https:\/\/compuviper.mx\/tienda\/wp-json\/wp\/v2\/product"}],"about":[{"href":"https:\/\/compuviper.mx\/tienda\/wp-json\/wp\/v2\/types\/product"}],"replies":[{"embeddable":true,"href":"https:\/\/compuviper.mx\/tienda\/wp-json\/wp\/v2\/comments?post=228533"}],"wp:featuredmedia":[{"embeddable":true,"href":"https:\/\/compuviper.mx\/tienda\/wp-json\/wp\/v2\/media\/233791"}],"wp:attachment":[{"href":"https:\/\/compuviper.mx\/tienda\/wp-json\/wp\/v2\/media?parent=228533"}],"wp:term":[{"taxonomy":"product_cat","embeddable":true,"href":"https:\/\/compuviper.mx\/tienda\/wp-json\/wp\/v2\/product_cat?post=228533"},{"taxonomy":"product_tag","embeddable":true,"href":"https:\/\/compuviper.mx\/tienda\/wp-json\/wp\/v2\/product_tag?post=228533"}],"curies":[{"name":"wp","href":"https:\/\/api.w.org\/{rel}","templated":true}]}}