{"id":228529,"date":"2026-04-20T23:38:25","date_gmt":"2026-04-21T05:38:25","guid":{"rendered":"https:\/\/compuviper.mx\/tienda\/producto\/dahua-dhi-hy-sa21a-w2-detector-de-humo-inalmbrico-sensor-fotoelctrico-de-doble-cmara-sirena-interna-de-85db-funcin-de-prueba-y-silenciar-alarma-visual-y-sonora-indicador-led\/"},"modified":"2026-04-21T00:00:05","modified_gmt":"2026-04-21T06:00:05","slug":"dahua-dhi-hy-sa21a-w2-detector-de-humo-inalmbrico-sensor-fotoelctrico-de-doble-cmara-sirena-interna-de-85db-funcin-de-prueba-y-silenciar-alarma-visual-y-sonora-indicador-led","status":"publish","type":"product","link":"https:\/\/compuviper.mx\/tienda\/producto\/dahua-dhi-hy-sa21a-w2-detector-de-humo-inalmbrico-sensor-fotoelctrico-de-doble-cmara-sirena-interna-de-85db-funcin-de-prueba-y-silenciar-alarma-visual-y-sonora-indicador-led\/","title":{"rendered":"Dahua Dhi-hy-sa21a-w2 Detector De Humo Inalmbrico\/ \/  &#8211; \/ Sensor Fotoelctrico De Doble Cmara \/ Sirena Interna De 85db \/ Funcin De Prueba Y Silenciar \/ Alarma Visual Y Sonora \/ Indicador Led"},"content":{"rendered":"<table class=\"descripcion\">\n<tr>\n<td>Especificaciones<\/td>\n<\/tr>\n<tr>\n<td>\u0095 fuente de alimentaci\u00f3n bater\u00eda cr123a (incluida)<\/td>\n<\/tr>\n<tr>\n<td>\u0095 duraci\u00f3n de bater\u00eda de hasta 3 a\u00f1os<\/td>\n<\/tr>\n<tr>\n<td>\u0095 corriente de monitoreo:  and #8804; 15ua<\/td>\n<\/tr>\n<tr>\n<td>\u0095 corriente de alarma:  and #8804; 35ma<\/td>\n<\/tr>\n<tr>\n<td>\u0095 dimensiones producto 98 mm \u00d743,1 mm (di\u00e1metro \u00d7 alto)<\/td>\n<\/tr>\n<tr>\n<td>\u0095 peso bruto 140 g<\/td>\n<\/tr>\n<tr>\n<td>\u0095 distancia de comunicaci\u00f3n hasta 1000 m<\/td>\n<\/tr>\n<tr>\n<td>\u0095 funci\u00f3n de salto de frecuencia (433,1 mhz\u0096434,6 mhz) y tecnolog\u00eda de comunicaci\u00f3n bidireccional encriptada en aes128 garantizando la estabilidad de la comunicaci\u00f3n<\/td>\n<\/tr>\n<tr>\n<td>\u0095 temperatura de funcionamiento en interior de \u0096 10 \u00b0c a +55 \u00b0c<\/td>\n<\/tr>\n<tr>\n<td>\u0095 montaje a techo (incluye tornillos y taquetes)<\/td>\n<\/tr>\n<\/table>\n","protected":false},"excerpt":{"rendered":"<p>Informaci\u00f3n general. El detector de humo inal\u00e1mbrico proporciona funciones de alarma y detecci\u00f3n de humo alimentadas por bater\u00eda en el mismo equipo. La electr\u00f3nica avanzada junto con una c\u00e1mara fotoel\u00e9ctrica de detecci\u00f3n de humo brindan una detecci\u00f3n temprana de humo y alta inmunidad contra falsas alarmas. Este tipo de detector de humo es adecuado para aplicaciones residenciales y peque\u00f1os comercios. La notificaci\u00f3n oportuna de la alarma de humo se puede mostrar en la aplicaci\u00f3n dmss en tiempo real. Principales caracter\u00edsticas. \u0095 tecnolog\u00eda de doble c\u00e1mara fotoel\u00e9ctrica de detecci\u00f3n de humo. \u0095 periodo de muestreo 60 segundos. \u0095 funciones de prueba y silenciamiento en un solo bot\u00f3n. \u0095 alarma de humo, alarma de falla, alarma de bater\u00eda baja. \u0095 modo de alarma visual y sonora. \u0095 salida de sonido fuerte de m\u00e1s de 85 db(a) a 3 metros. \u0095 bajo consumo de corriente en reposo. \u0095 indicador led verde y rojo de estatus del sensor. \u0095 tamper antisabotaje. \u0095 medici\u00f3n y alarma de bater\u00eda baja del dispositivo. \u0095 medici\u00f3n de temperatura ambiente. \u0095 detecci\u00f3n de intensidad de se\u00f1al. \u0095 vinculaci\u00f3n alarma &#8211; sirena, cuando se activa una alarma, el sensor informar\u00e1 los eventos de alarma al hub y alertar\u00e1n con una sirena. \u0095 vinculaci\u00f3n alarma &#8211; video, cuando se activa una alarma, el sensor informar\u00e1 los eventos de alarma al hub y luego se vincular\u00e1n con videos. \u0095 la funci\u00f3n de salto de frecuencia y la tecnolog\u00eda de comunicaci\u00f3n bidireccional garantizan la estabilidad de la comunicaci\u00f3n. \u0095 actualizaci\u00f3n en la nube y recuperaci\u00f3n autom\u00e1tica de errores de actualizaci\u00f3n<\/p>\n","protected":false},"featured_media":233778,"comment_status":"open","ping_status":"open","template":"","meta":[],"product_cat":[1592,1593],"product_tag":[1555],"acf":[],"yoast_head":"<!-- This site is optimized with the Yoast SEO plugin v21.7 - https:\/\/yoast.com\/wordpress\/plugins\/seo\/ -->\n<title>[ Dahua ] &#129351; Dhi-hy-sa21a-w2 Detector De Humo Inalmbrico\/ \/ - \/ Sensor Fotoelctrico De Doble Cmara \/ Sirena Interna De 85db \/ Funcin De Prueba Y Silenciar \/ Alarma Visual Y Sonora \/ Indicador Led<\/title>\n<meta name=\"description\" content=\"Compra Dhi-hy-sa21a-w2 Detector De Humo Inalmbrico\/ \/ - \/ Sensor Fotoelctrico De Doble Cmara \/ Sirena Interna De 85db \/ Funcin De Prueba Y Silenciar \/ Alarma Visual Y Sonora \/ Indicador Led + Env\u00edo a domicilio + Pago seguro + Garant\u00eda\" \/>\n<meta name=\"robots\" content=\"index, follow, max-snippet:-1, max-image-preview:large, max-video-preview:-1\" \/>\n<link rel=\"canonical\" href=\"https:\/\/compuviper.mx\/tienda\/producto\/dahua-dhi-hy-sa21a-w2-detector-de-humo-inalmbrico-sensor-fotoelctrico-de-doble-cmara-sirena-interna-de-85db-funcin-de-prueba-y-silenciar-alarma-visual-y-sonora-indicador-led\/\" \/>\n<meta property=\"og:locale\" content=\"es_MX\" \/>\n<meta property=\"og:type\" content=\"article\" \/>\n<meta property=\"og:title\" content=\"[ Dahua ] &#129351; Dhi-hy-sa21a-w2 Detector De Humo Inalmbrico\/ \/ - \/ Sensor Fotoelctrico De Doble Cmara \/ Sirena Interna De 85db \/ Funcin De Prueba Y Silenciar \/ Alarma Visual Y Sonora \/ Indicador Led\" \/>\n<meta property=\"og:description\" content=\"Compra Dhi-hy-sa21a-w2 Detector De Humo Inalmbrico\/ \/ - \/ Sensor Fotoelctrico De Doble Cmara \/ Sirena Interna De 85db \/ Funcin De Prueba Y Silenciar \/ Alarma Visual Y Sonora \/ Indicador Led + Env\u00edo a domicilio + Pago seguro + Garant\u00eda\" \/>\n<meta property=\"og:url\" content=\"https:\/\/compuviper.mx\/tienda\/producto\/dahua-dhi-hy-sa21a-w2-detector-de-humo-inalmbrico-sensor-fotoelctrico-de-doble-cmara-sirena-interna-de-85db-funcin-de-prueba-y-silenciar-alarma-visual-y-sonora-indicador-led\/\" \/>\n<meta property=\"og:site_name\" content=\"Compuviper\" \/>\n<meta property=\"article:publisher\" content=\"https:\/\/www.facebook.com\/compuviper\" \/>\n<meta property=\"article:modified_time\" content=\"2026-04-21T06:00:05+00:00\" \/>\n<meta property=\"og:image\" content=\"https:\/\/compuviper.mx\/tienda\/wp-content\/uploads\/2024\/05\/Detector-de-humo-inalambrico-dahua-dhi-hy-sa21a-w2-sensor-fotoelectrico-de-doble-camara-sirena-interna-de-85db-funcion-de-prueba-y-silenciar-alarma-visual-y-sonora-indicador-led.jpg\" \/>\n\t<meta property=\"og:image:width\" content=\"200\" \/>\n\t<meta property=\"og:image:height\" content=\"200\" \/>\n\t<meta property=\"og:image:type\" content=\"image\/jpeg\" \/>\n<meta name=\"twitter:card\" content=\"summary_large_image\" \/>\n<meta name=\"twitter:label1\" content=\"Precio\" \/>\n\t<meta name=\"twitter:data1\" content=\"&#36;954 con IVA\" \/>\n\t<meta name=\"twitter:label2\" content=\"Availability\" \/>\n\t<meta name=\"twitter:data2\" content=\"Out of stock\" \/>\n<script type=\"application\/ld+json\" class=\"yoast-schema-graph\">{\"@context\":\"https:\/\/schema.org\",\"@graph\":[{\"@type\":\"WebPage\",\"@id\":\"https:\/\/compuviper.mx\/tienda\/producto\/dahua-dhi-hy-sa21a-w2-detector-de-humo-inalmbrico-sensor-fotoelctrico-de-doble-cmara-sirena-interna-de-85db-funcin-de-prueba-y-silenciar-alarma-visual-y-sonora-indicador-led\/\",\"url\":\"https:\/\/compuviper.mx\/tienda\/producto\/dahua-dhi-hy-sa21a-w2-detector-de-humo-inalmbrico-sensor-fotoelctrico-de-doble-cmara-sirena-interna-de-85db-funcin-de-prueba-y-silenciar-alarma-visual-y-sonora-indicador-led\/\",\"name\":\"[ Dahua ] &#129351; Dhi-hy-sa21a-w2 Detector De Humo Inalmbrico\/ \/ - \/ Sensor Fotoelctrico De Doble Cmara \/ Sirena Interna De 85db \/ Funcin De Prueba Y Silenciar \/ Alarma Visual Y Sonora \/ Indicador Led\",\"isPartOf\":{\"@id\":\"https:\/\/compuviper.mx\/tienda\/#website\"},\"datePublished\":\"2026-04-21T05:38:25+00:00\",\"dateModified\":\"2026-04-21T06:00:05+00:00\",\"description\":\"Compra Dhi-hy-sa21a-w2 Detector De Humo Inalmbrico\/ \/ - \/ Sensor Fotoelctrico De Doble Cmara \/ Sirena Interna De 85db \/ Funcin De Prueba Y Silenciar \/ Alarma Visual Y Sonora \/ Indicador Led + Env\u00edo a domicilio + Pago seguro + Garant\u00eda\",\"breadcrumb\":{\"@id\":\"https:\/\/compuviper.mx\/tienda\/producto\/dahua-dhi-hy-sa21a-w2-detector-de-humo-inalmbrico-sensor-fotoelctrico-de-doble-cmara-sirena-interna-de-85db-funcin-de-prueba-y-silenciar-alarma-visual-y-sonora-indicador-led\/#breadcrumb\"},\"inLanguage\":\"es-MX\",\"potentialAction\":[{\"@type\":\"ReadAction\",\"target\":[\"https:\/\/compuviper.mx\/tienda\/producto\/dahua-dhi-hy-sa21a-w2-detector-de-humo-inalmbrico-sensor-fotoelctrico-de-doble-cmara-sirena-interna-de-85db-funcin-de-prueba-y-silenciar-alarma-visual-y-sonora-indicador-led\/\"]}]},{\"@type\":\"BreadcrumbList\",\"@id\":\"https:\/\/compuviper.mx\/tienda\/producto\/dahua-dhi-hy-sa21a-w2-detector-de-humo-inalmbrico-sensor-fotoelctrico-de-doble-cmara-sirena-interna-de-85db-funcin-de-prueba-y-silenciar-alarma-visual-y-sonora-indicador-led\/#breadcrumb\",\"itemListElement\":[{\"@type\":\"ListItem\",\"position\":1,\"name\":\"Inicio\",\"item\":\"https:\/\/compuviper.mx\/tienda\/\"},{\"@type\":\"ListItem\",\"position\":2,\"name\":\"Productos\",\"item\":\"https:\/\/compuviper.mx\/tienda\/productos\/\"},{\"@type\":\"ListItem\",\"position\":3,\"name\":\"Alarmas\",\"item\":\"https:\/\/compuviper.mx\/tienda\/categoria-producto\/alarmas\/\"},{\"@type\":\"ListItem\",\"position\":4,\"name\":\"Sensores Para Alarmas\",\"item\":\"https:\/\/compuviper.mx\/tienda\/categoria-producto\/alarmas\/sensores-para-alarmas\/\"},{\"@type\":\"ListItem\",\"position\":5,\"name\":\"Dahua Dhi-hy-sa21a-w2 Detector De Humo Inalmbrico\/ \/ &#8211; \/ Sensor Fotoelctrico De Doble Cmara \/ Sirena Interna De 85db \/ Funcin De Prueba Y Silenciar \/ Alarma Visual Y Sonora \/ Indicador Led\"}]},{\"@type\":\"WebSite\",\"@id\":\"https:\/\/compuviper.mx\/tienda\/#website\",\"url\":\"https:\/\/compuviper.mx\/tienda\/\",\"name\":\"Compuviper\",\"description\":\"Proveedor de Computadoras, Laptops, Servidores, Monitores, Puntos de Venta, Teclados,   Impresoras, T\u00f3ner, C\u00e1maras de Seguridad y m\u00e1s en tu tienda en l\u00ednea\",\"publisher\":{\"@id\":\"https:\/\/compuviper.mx\/tienda\/#organization\"},\"potentialAction\":[{\"@type\":\"SearchAction\",\"target\":{\"@type\":\"EntryPoint\",\"urlTemplate\":\"https:\/\/compuviper.mx\/tienda\/?s={search_term_string}\"},\"query-input\":\"required name=search_term_string\"}],\"inLanguage\":\"es-MX\"},{\"@type\":\"Organization\",\"@id\":\"https:\/\/compuviper.mx\/tienda\/#organization\",\"name\":\"Compuviper\",\"url\":\"https:\/\/compuviper.mx\/tienda\/\",\"logo\":{\"@type\":\"ImageObject\",\"inLanguage\":\"es-MX\",\"@id\":\"https:\/\/compuviper.mx\/tienda\/#\/schema\/logo\/image\/\",\"url\":\"https:\/\/compuviper.mx\/tienda\/wp-content\/uploads\/2021\/08\/Logo-Compuviper-10.png\",\"contentUrl\":\"https:\/\/compuviper.mx\/tienda\/wp-content\/uploads\/2021\/08\/Logo-Compuviper-10.png\",\"width\":1000,\"height\":500,\"caption\":\"Compuviper\"},\"image\":{\"@id\":\"https:\/\/compuviper.mx\/tienda\/#\/schema\/logo\/image\/\"},\"sameAs\":[\"https:\/\/www.facebook.com\/compuviper\",\"https:\/\/www.youtube.com\/channel\/UCf73dERp9Y3cfOq7q8BhLjA?view_as=subscriber\"]}]}<\/script>\n<meta property=\"product:brand\" content=\"DAHUA\" \/>\n<meta property=\"product:price:amount\" content=\"954\" \/>\n<meta property=\"product:price:currency\" content=\"MXN\" \/>\n<meta property=\"og:availability\" content=\"out of stock\" \/>\n<meta property=\"product:availability\" content=\"out of stock\" \/>\n<meta property=\"product:retailer_item_id\" content=\"DHI-HY-SA21A-W2\" \/>\n<meta property=\"product:condition\" content=\"new\" \/>\n<!-- \/ Yoast SEO plugin. -->","yoast_head_json":{"title":"[ Dahua ] &#129351; Dhi-hy-sa21a-w2 Detector De Humo Inalmbrico\/ \/ - \/ Sensor Fotoelctrico De Doble Cmara \/ Sirena Interna De 85db \/ Funcin De Prueba Y Silenciar \/ Alarma Visual Y Sonora \/ Indicador Led","description":"Compra Dhi-hy-sa21a-w2 Detector De Humo Inalmbrico\/ \/ - \/ Sensor Fotoelctrico De Doble Cmara \/ Sirena Interna De 85db \/ Funcin De Prueba Y Silenciar \/ Alarma Visual Y Sonora \/ Indicador Led + Env\u00edo a domicilio + Pago seguro + Garant\u00eda","robots":{"index":"index","follow":"follow","max-snippet":"max-snippet:-1","max-image-preview":"max-image-preview:large","max-video-preview":"max-video-preview:-1"},"canonical":"https:\/\/compuviper.mx\/tienda\/producto\/dahua-dhi-hy-sa21a-w2-detector-de-humo-inalmbrico-sensor-fotoelctrico-de-doble-cmara-sirena-interna-de-85db-funcin-de-prueba-y-silenciar-alarma-visual-y-sonora-indicador-led\/","og_locale":"es_MX","og_type":"article","og_title":"[ Dahua ] &#129351; Dhi-hy-sa21a-w2 Detector De Humo Inalmbrico\/ \/ - \/ Sensor Fotoelctrico De Doble Cmara \/ Sirena Interna De 85db \/ Funcin De Prueba Y Silenciar \/ Alarma Visual Y Sonora \/ Indicador Led","og_description":"Compra Dhi-hy-sa21a-w2 Detector De Humo Inalmbrico\/ \/ - \/ Sensor Fotoelctrico De Doble Cmara \/ Sirena Interna De 85db \/ Funcin De Prueba Y Silenciar \/ Alarma Visual Y Sonora \/ Indicador Led + Env\u00edo a domicilio + Pago seguro + Garant\u00eda","og_url":"https:\/\/compuviper.mx\/tienda\/producto\/dahua-dhi-hy-sa21a-w2-detector-de-humo-inalmbrico-sensor-fotoelctrico-de-doble-cmara-sirena-interna-de-85db-funcin-de-prueba-y-silenciar-alarma-visual-y-sonora-indicador-led\/","og_site_name":"Compuviper","article_publisher":"https:\/\/www.facebook.com\/compuviper","article_modified_time":"2026-04-21T06:00:05+00:00","og_image":[{"width":200,"height":200,"url":"https:\/\/compuviper.mx\/tienda\/wp-content\/uploads\/2024\/05\/Detector-de-humo-inalambrico-dahua-dhi-hy-sa21a-w2-sensor-fotoelectrico-de-doble-camara-sirena-interna-de-85db-funcion-de-prueba-y-silenciar-alarma-visual-y-sonora-indicador-led.jpg","type":"image\/jpeg"}],"twitter_card":"summary_large_image","twitter_misc":{"Precio":"&#36;954 con IVA","Availability":"Out of stock"},"schema":{"@context":"https:\/\/schema.org","@graph":[{"@type":"WebPage","@id":"https:\/\/compuviper.mx\/tienda\/producto\/dahua-dhi-hy-sa21a-w2-detector-de-humo-inalmbrico-sensor-fotoelctrico-de-doble-cmara-sirena-interna-de-85db-funcin-de-prueba-y-silenciar-alarma-visual-y-sonora-indicador-led\/","url":"https:\/\/compuviper.mx\/tienda\/producto\/dahua-dhi-hy-sa21a-w2-detector-de-humo-inalmbrico-sensor-fotoelctrico-de-doble-cmara-sirena-interna-de-85db-funcin-de-prueba-y-silenciar-alarma-visual-y-sonora-indicador-led\/","name":"[ Dahua ] &#129351; Dhi-hy-sa21a-w2 Detector De Humo Inalmbrico\/ \/ - \/ Sensor Fotoelctrico De Doble Cmara \/ Sirena Interna De 85db \/ Funcin De Prueba Y Silenciar \/ Alarma Visual Y Sonora \/ Indicador Led","isPartOf":{"@id":"https:\/\/compuviper.mx\/tienda\/#website"},"datePublished":"2026-04-21T05:38:25+00:00","dateModified":"2026-04-21T06:00:05+00:00","description":"Compra Dhi-hy-sa21a-w2 Detector De Humo Inalmbrico\/ \/ - \/ Sensor Fotoelctrico De Doble Cmara \/ Sirena Interna De 85db \/ Funcin De Prueba Y Silenciar \/ Alarma Visual Y Sonora \/ Indicador Led + Env\u00edo a domicilio + Pago seguro + Garant\u00eda","breadcrumb":{"@id":"https:\/\/compuviper.mx\/tienda\/producto\/dahua-dhi-hy-sa21a-w2-detector-de-humo-inalmbrico-sensor-fotoelctrico-de-doble-cmara-sirena-interna-de-85db-funcin-de-prueba-y-silenciar-alarma-visual-y-sonora-indicador-led\/#breadcrumb"},"inLanguage":"es-MX","potentialAction":[{"@type":"ReadAction","target":["https:\/\/compuviper.mx\/tienda\/producto\/dahua-dhi-hy-sa21a-w2-detector-de-humo-inalmbrico-sensor-fotoelctrico-de-doble-cmara-sirena-interna-de-85db-funcin-de-prueba-y-silenciar-alarma-visual-y-sonora-indicador-led\/"]}]},{"@type":"BreadcrumbList","@id":"https:\/\/compuviper.mx\/tienda\/producto\/dahua-dhi-hy-sa21a-w2-detector-de-humo-inalmbrico-sensor-fotoelctrico-de-doble-cmara-sirena-interna-de-85db-funcin-de-prueba-y-silenciar-alarma-visual-y-sonora-indicador-led\/#breadcrumb","itemListElement":[{"@type":"ListItem","position":1,"name":"Inicio","item":"https:\/\/compuviper.mx\/tienda\/"},{"@type":"ListItem","position":2,"name":"Productos","item":"https:\/\/compuviper.mx\/tienda\/productos\/"},{"@type":"ListItem","position":3,"name":"Alarmas","item":"https:\/\/compuviper.mx\/tienda\/categoria-producto\/alarmas\/"},{"@type":"ListItem","position":4,"name":"Sensores Para Alarmas","item":"https:\/\/compuviper.mx\/tienda\/categoria-producto\/alarmas\/sensores-para-alarmas\/"},{"@type":"ListItem","position":5,"name":"Dahua Dhi-hy-sa21a-w2 Detector De Humo Inalmbrico\/ \/ &#8211; \/ Sensor Fotoelctrico De Doble Cmara \/ Sirena Interna De 85db \/ Funcin De Prueba Y Silenciar \/ Alarma Visual Y Sonora \/ Indicador Led"}]},{"@type":"WebSite","@id":"https:\/\/compuviper.mx\/tienda\/#website","url":"https:\/\/compuviper.mx\/tienda\/","name":"Compuviper","description":"Proveedor de Computadoras, Laptops, Servidores, Monitores, Puntos de Venta, Teclados,   Impresoras, T\u00f3ner, C\u00e1maras de Seguridad y m\u00e1s en tu tienda en l\u00ednea","publisher":{"@id":"https:\/\/compuviper.mx\/tienda\/#organization"},"potentialAction":[{"@type":"SearchAction","target":{"@type":"EntryPoint","urlTemplate":"https:\/\/compuviper.mx\/tienda\/?s={search_term_string}"},"query-input":"required name=search_term_string"}],"inLanguage":"es-MX"},{"@type":"Organization","@id":"https:\/\/compuviper.mx\/tienda\/#organization","name":"Compuviper","url":"https:\/\/compuviper.mx\/tienda\/","logo":{"@type":"ImageObject","inLanguage":"es-MX","@id":"https:\/\/compuviper.mx\/tienda\/#\/schema\/logo\/image\/","url":"https:\/\/compuviper.mx\/tienda\/wp-content\/uploads\/2021\/08\/Logo-Compuviper-10.png","contentUrl":"https:\/\/compuviper.mx\/tienda\/wp-content\/uploads\/2021\/08\/Logo-Compuviper-10.png","width":1000,"height":500,"caption":"Compuviper"},"image":{"@id":"https:\/\/compuviper.mx\/tienda\/#\/schema\/logo\/image\/"},"sameAs":["https:\/\/www.facebook.com\/compuviper","https:\/\/www.youtube.com\/channel\/UCf73dERp9Y3cfOq7q8BhLjA?view_as=subscriber"]}]},"product_brand":"DAHUA","product_price_amount":"954","product_price_currency":"MXN","og_availability":"out of stock","product_availability":"out of stock","product_retailer_item_id":"DHI-HY-SA21A-W2","product_condition":"new"},"_links":{"self":[{"href":"https:\/\/compuviper.mx\/tienda\/wp-json\/wp\/v2\/product\/228529"}],"collection":[{"href":"https:\/\/compuviper.mx\/tienda\/wp-json\/wp\/v2\/product"}],"about":[{"href":"https:\/\/compuviper.mx\/tienda\/wp-json\/wp\/v2\/types\/product"}],"replies":[{"embeddable":true,"href":"https:\/\/compuviper.mx\/tienda\/wp-json\/wp\/v2\/comments?post=228529"}],"wp:featuredmedia":[{"embeddable":true,"href":"https:\/\/compuviper.mx\/tienda\/wp-json\/wp\/v2\/media\/233778"}],"wp:attachment":[{"href":"https:\/\/compuviper.mx\/tienda\/wp-json\/wp\/v2\/media?parent=228529"}],"wp:term":[{"taxonomy":"product_cat","embeddable":true,"href":"https:\/\/compuviper.mx\/tienda\/wp-json\/wp\/v2\/product_cat?post=228529"},{"taxonomy":"product_tag","embeddable":true,"href":"https:\/\/compuviper.mx\/tienda\/wp-json\/wp\/v2\/product_tag?post=228529"}],"curies":[{"name":"wp","href":"https:\/\/api.w.org\/{rel}","templated":true}]}}