{"id":228527,"date":"2026-04-20T23:38:24","date_gmt":"2026-04-21T05:38:24","guid":{"rendered":"https:\/\/compuviper.mx\/tienda\/producto\/dahua-dhi-ara13-w2-sirena-inalmbrica-para-exterior-con-estrobo-rojo-110db-mltiples-sonidos-de-alarma-ip65-alarma-de-batera-baja\/"},"modified":"2026-04-21T00:00:05","modified_gmt":"2026-04-21T06:00:05","slug":"dahua-dhi-ara13-w26923172535627-sirena-inalmbrica-para-exterior-dhi-ara13-w2-con-estrobo-rojo-110db-mltiples-sonidos-de-alarma-ip65-alarma-de-batera-baja","status":"publish","type":"product","link":"https:\/\/compuviper.mx\/tienda\/producto\/dahua-dhi-ara13-w26923172535627-sirena-inalmbrica-para-exterior-dhi-ara13-w2-con-estrobo-rojo-110db-mltiples-sonidos-de-alarma-ip65-alarma-de-batera-baja\/","title":{"rendered":"Dahua Dhi-ara13-w2,6923172535627 Sirena Inalmbrica Para Exterior\/ \/ Dhi-ara13-w2\/ Con Estrobo Rojo\/ 110db \/ Mltiples Sonidos De Alarma\/ Ip65\/ Alarma De Batera Baja"},"content":{"rendered":"<table class=\"descripcion\">\n<tr>\n<td>Especificaciones<\/td>\n<\/tr>\n<tr>\n<td>\u0095 fuente de alimentaci\u00f3n de 4 bater\u00edas cr123a (incluidas)<\/td>\n<\/tr>\n<tr>\n<td>\u0095 duraci\u00f3n de bater\u00edas de hasta 3 a\u00f1os<\/td>\n<\/tr>\n<tr>\n<td>\u0095 terminal de alimentaci\u00f3n de 12 vcc (cable no incluido)<\/td>\n<\/tr>\n<tr>\n<td>\u0095 consumo: corriente de reposo: 92 ua; max. corriente: 420 ma<\/td>\n<\/tr>\n<tr>\n<td>\u0095 dimensiones producto 200 mm \u00d7 200 mm \u00d7 52,5 mm (largo \u00d7 ancho \u00d7 alto)<\/td>\n<\/tr>\n<tr>\n<td>\u0095 dimensiones empaque 255 mm \u00d7 239 mm \u00d7 64 mm (largo \u00d7 ancho \u00d7 alto)<\/td>\n<\/tr>\n<tr>\n<td>\u0095 peso bruto 920 g<\/td>\n<\/tr>\n<tr>\n<td>\u0095 distancia de comunicaci\u00f3n hasta 1200 m<\/td>\n<\/tr>\n<tr>\n<td>\u0095 funci\u00f3n de salto de frecuencia (433,1 mhz\u0096434,6 mhz) y tecnolog\u00eda de comunicaci\u00f3n bidireccional encriptada en aes128 garantizando la estabilidad de la comunicaci\u00f3n<\/td>\n<\/tr>\n<tr>\n<td>\u0095 temperatura de funcionamiento en exterior de \u0096 25 \u00b0c a + 60 \u00b0c<\/td>\n<\/tr>\n<tr>\n<td>\u0095 montaje a pared (incluye tornillos y taquetes)<\/td>\n<\/tr>\n<\/table>\n","protected":false},"excerpt":{"rendered":"<p>Informaci\u00f3n general. La sirena exterior inal\u00e1mbrica es una sirena con estrobo rojo para exterior que emite una alarma fuerte cuando ocurre un evento en el hub, atrayendo la atenci\u00f3n de todos los que se encuentran cerca. Cuenta con advertencia de alarma de luz roja y varios sonidos incluidos los de incendio, m\u00e9dico, intrusi\u00f3n, p\u00e1nico y se utiliza en escenas al aire libre, como villas, casas y calles. Caracter\u00edsticas. \u0095 producto para exterior ip65. \u0095 m\u00faltiples sonidos de alarma: incendio, m\u00e9dico, intrusi\u00f3n, p\u00e1nico y m\u00e1s. \u0095 nivel de presi\u00f3n sonora: 110 db. \u0095 configuraci\u00f3n de 3 vol\u00famenes de sonido. \u0095 programaci\u00f3n de duraci\u00f3n de sonido de la sirena. \u0095 indicador led de estatus. \u0095 tamper antisabotaje. \u0095 medici\u00f3n y alarma de bater\u00eda baja del dispositivo. \u0095 medici\u00f3n de temperatura ambiente. \u0095 detecci\u00f3n de intensidad de se\u00f1al. \u0095 vinculaci\u00f3n alarma &#8211; sirena, cuando se activa una alarma, el sensor informar\u00e1 los eventos de alarma al hub y alertar\u00e1n con una sirena. \u0095 la funci\u00f3n de salto de frecuencia y la tecnolog\u00eda de comunicaci\u00f3n bidireccional garantizan la estabilidad de la comunicaci\u00f3n. \u0095 actualizaci\u00f3n en la nube y recuperaci\u00f3n autom\u00e1tica de errores de actualizaci\u00f3n<\/p>\n","protected":false},"featured_media":233776,"comment_status":"open","ping_status":"open","template":"","meta":[],"product_cat":[1592,1593],"product_tag":[1555],"acf":[],"yoast_head":"<!-- This site is optimized with the Yoast SEO plugin v21.7 - https:\/\/yoast.com\/wordpress\/plugins\/seo\/ -->\n<title>[ Dahua ] &#129351; Dhi-ara13-w2,6923172535627 Sirena Inalmbrica Para Exterior\/ \/ Dhi-ara13-w2\/ Con Estrobo Rojo\/ 110db \/ Mltiples Sonidos De Alarma\/ Ip65\/ Alarma De Batera Baja<\/title>\n<meta name=\"description\" content=\"Compra Dhi-ara13-w2,6923172535627 Sirena Inalmbrica Para Exterior\/ \/ Dhi-ara13-w2\/ Con Estrobo Rojo\/ 110db \/ Mltiples Sonidos De Alarma\/ Ip65\/ Alarma De Batera Baja + Env\u00edo a domicilio + Pago seguro + Garant\u00eda\" \/>\n<meta name=\"robots\" content=\"index, follow, max-snippet:-1, max-image-preview:large, max-video-preview:-1\" \/>\n<link rel=\"canonical\" href=\"https:\/\/compuviper.mx\/tienda\/producto\/dahua-dhi-ara13-w26923172535627-sirena-inalmbrica-para-exterior-dhi-ara13-w2-con-estrobo-rojo-110db-mltiples-sonidos-de-alarma-ip65-alarma-de-batera-baja\/\" \/>\n<meta property=\"og:locale\" content=\"es_MX\" \/>\n<meta property=\"og:type\" content=\"article\" \/>\n<meta property=\"og:title\" content=\"[ Dahua ] &#129351; Dhi-ara13-w2,6923172535627 Sirena Inalmbrica Para Exterior\/ \/ Dhi-ara13-w2\/ Con Estrobo Rojo\/ 110db \/ Mltiples Sonidos De Alarma\/ Ip65\/ Alarma De Batera Baja\" \/>\n<meta property=\"og:description\" content=\"Compra Dhi-ara13-w2,6923172535627 Sirena Inalmbrica Para Exterior\/ \/ Dhi-ara13-w2\/ Con Estrobo Rojo\/ 110db \/ Mltiples Sonidos De Alarma\/ Ip65\/ Alarma De Batera Baja + Env\u00edo a domicilio + Pago seguro + Garant\u00eda\" \/>\n<meta property=\"og:url\" content=\"https:\/\/compuviper.mx\/tienda\/producto\/dahua-dhi-ara13-w26923172535627-sirena-inalmbrica-para-exterior-dhi-ara13-w2-con-estrobo-rojo-110db-mltiples-sonidos-de-alarma-ip65-alarma-de-batera-baja\/\" \/>\n<meta property=\"og:site_name\" content=\"Compuviper\" \/>\n<meta property=\"article:publisher\" content=\"https:\/\/www.facebook.com\/compuviper\" \/>\n<meta property=\"article:modified_time\" content=\"2026-04-21T06:00:05+00:00\" \/>\n<meta property=\"og:image\" content=\"https:\/\/compuviper.mx\/tienda\/wp-content\/uploads\/2024\/05\/Sirena-inalambrica-para-exteriordahua-dhi-ara13-w2-con-estrobo-rojo-110db-multiples-sonidos-de-alarma-ip65-alarma-de-bateria-baja.jpg\" \/>\n\t<meta property=\"og:image:width\" content=\"200\" \/>\n\t<meta property=\"og:image:height\" content=\"200\" \/>\n\t<meta property=\"og:image:type\" content=\"image\/jpeg\" \/>\n<meta name=\"twitter:card\" content=\"summary_large_image\" \/>\n<meta name=\"twitter:label1\" content=\"Precio\" \/>\n\t<meta name=\"twitter:data1\" content=\"&#36;1,252 con IVA\" \/>\n\t<meta name=\"twitter:label2\" content=\"Availability\" \/>\n\t<meta name=\"twitter:data2\" content=\"Out of stock\" \/>\n<script type=\"application\/ld+json\" class=\"yoast-schema-graph\">{\"@context\":\"https:\/\/schema.org\",\"@graph\":[{\"@type\":\"WebPage\",\"@id\":\"https:\/\/compuviper.mx\/tienda\/producto\/dahua-dhi-ara13-w26923172535627-sirena-inalmbrica-para-exterior-dhi-ara13-w2-con-estrobo-rojo-110db-mltiples-sonidos-de-alarma-ip65-alarma-de-batera-baja\/\",\"url\":\"https:\/\/compuviper.mx\/tienda\/producto\/dahua-dhi-ara13-w26923172535627-sirena-inalmbrica-para-exterior-dhi-ara13-w2-con-estrobo-rojo-110db-mltiples-sonidos-de-alarma-ip65-alarma-de-batera-baja\/\",\"name\":\"[ Dahua ] &#129351; Dhi-ara13-w2,6923172535627 Sirena Inalmbrica Para Exterior\/ \/ Dhi-ara13-w2\/ Con Estrobo Rojo\/ 110db \/ Mltiples Sonidos De Alarma\/ Ip65\/ Alarma De Batera Baja\",\"isPartOf\":{\"@id\":\"https:\/\/compuviper.mx\/tienda\/#website\"},\"datePublished\":\"2026-04-21T05:38:24+00:00\",\"dateModified\":\"2026-04-21T06:00:05+00:00\",\"description\":\"Compra Dhi-ara13-w2,6923172535627 Sirena Inalmbrica Para Exterior\/ \/ Dhi-ara13-w2\/ Con Estrobo Rojo\/ 110db \/ Mltiples Sonidos De Alarma\/ Ip65\/ Alarma De Batera Baja + Env\u00edo a domicilio + Pago seguro + Garant\u00eda\",\"breadcrumb\":{\"@id\":\"https:\/\/compuviper.mx\/tienda\/producto\/dahua-dhi-ara13-w26923172535627-sirena-inalmbrica-para-exterior-dhi-ara13-w2-con-estrobo-rojo-110db-mltiples-sonidos-de-alarma-ip65-alarma-de-batera-baja\/#breadcrumb\"},\"inLanguage\":\"es-MX\",\"potentialAction\":[{\"@type\":\"ReadAction\",\"target\":[\"https:\/\/compuviper.mx\/tienda\/producto\/dahua-dhi-ara13-w26923172535627-sirena-inalmbrica-para-exterior-dhi-ara13-w2-con-estrobo-rojo-110db-mltiples-sonidos-de-alarma-ip65-alarma-de-batera-baja\/\"]}]},{\"@type\":\"BreadcrumbList\",\"@id\":\"https:\/\/compuviper.mx\/tienda\/producto\/dahua-dhi-ara13-w26923172535627-sirena-inalmbrica-para-exterior-dhi-ara13-w2-con-estrobo-rojo-110db-mltiples-sonidos-de-alarma-ip65-alarma-de-batera-baja\/#breadcrumb\",\"itemListElement\":[{\"@type\":\"ListItem\",\"position\":1,\"name\":\"Inicio\",\"item\":\"https:\/\/compuviper.mx\/tienda\/\"},{\"@type\":\"ListItem\",\"position\":2,\"name\":\"Productos\",\"item\":\"https:\/\/compuviper.mx\/tienda\/productos\/\"},{\"@type\":\"ListItem\",\"position\":3,\"name\":\"Alarmas\",\"item\":\"https:\/\/compuviper.mx\/tienda\/categoria-producto\/alarmas\/\"},{\"@type\":\"ListItem\",\"position\":4,\"name\":\"Sensores Para Alarmas\",\"item\":\"https:\/\/compuviper.mx\/tienda\/categoria-producto\/alarmas\/sensores-para-alarmas\/\"},{\"@type\":\"ListItem\",\"position\":5,\"name\":\"Dahua Dhi-ara13-w2,6923172535627 Sirena Inalmbrica Para Exterior\/ \/ Dhi-ara13-w2\/ Con Estrobo Rojo\/ 110db \/ Mltiples Sonidos De Alarma\/ Ip65\/ Alarma De Batera Baja\"}]},{\"@type\":\"WebSite\",\"@id\":\"https:\/\/compuviper.mx\/tienda\/#website\",\"url\":\"https:\/\/compuviper.mx\/tienda\/\",\"name\":\"Compuviper\",\"description\":\"Proveedor de Computadoras, Laptops, Servidores, Monitores, Puntos de Venta, Teclados,   Impresoras, T\u00f3ner, C\u00e1maras de Seguridad y m\u00e1s en tu tienda en l\u00ednea\",\"publisher\":{\"@id\":\"https:\/\/compuviper.mx\/tienda\/#organization\"},\"potentialAction\":[{\"@type\":\"SearchAction\",\"target\":{\"@type\":\"EntryPoint\",\"urlTemplate\":\"https:\/\/compuviper.mx\/tienda\/?s={search_term_string}\"},\"query-input\":\"required name=search_term_string\"}],\"inLanguage\":\"es-MX\"},{\"@type\":\"Organization\",\"@id\":\"https:\/\/compuviper.mx\/tienda\/#organization\",\"name\":\"Compuviper\",\"url\":\"https:\/\/compuviper.mx\/tienda\/\",\"logo\":{\"@type\":\"ImageObject\",\"inLanguage\":\"es-MX\",\"@id\":\"https:\/\/compuviper.mx\/tienda\/#\/schema\/logo\/image\/\",\"url\":\"https:\/\/compuviper.mx\/tienda\/wp-content\/uploads\/2021\/08\/Logo-Compuviper-10.png\",\"contentUrl\":\"https:\/\/compuviper.mx\/tienda\/wp-content\/uploads\/2021\/08\/Logo-Compuviper-10.png\",\"width\":1000,\"height\":500,\"caption\":\"Compuviper\"},\"image\":{\"@id\":\"https:\/\/compuviper.mx\/tienda\/#\/schema\/logo\/image\/\"},\"sameAs\":[\"https:\/\/www.facebook.com\/compuviper\",\"https:\/\/www.youtube.com\/channel\/UCf73dERp9Y3cfOq7q8BhLjA?view_as=subscriber\"]}]}<\/script>\n<meta property=\"product:brand\" content=\"DAHUA\" \/>\n<meta property=\"product:price:amount\" content=\"1252\" \/>\n<meta property=\"product:price:currency\" content=\"MXN\" \/>\n<meta property=\"og:availability\" content=\"out of stock\" \/>\n<meta property=\"product:availability\" content=\"out of stock\" \/>\n<meta property=\"product:retailer_item_id\" content=\"DHI-ARA13-W2,6923172535627\" \/>\n<meta property=\"product:condition\" content=\"new\" \/>\n<!-- \/ Yoast SEO plugin. -->","yoast_head_json":{"title":"[ Dahua ] &#129351; Dhi-ara13-w2,6923172535627 Sirena Inalmbrica Para Exterior\/ \/ Dhi-ara13-w2\/ Con Estrobo Rojo\/ 110db \/ Mltiples Sonidos De Alarma\/ Ip65\/ Alarma De Batera Baja","description":"Compra Dhi-ara13-w2,6923172535627 Sirena Inalmbrica Para Exterior\/ \/ Dhi-ara13-w2\/ Con Estrobo Rojo\/ 110db \/ Mltiples Sonidos De Alarma\/ Ip65\/ Alarma De Batera Baja + Env\u00edo a domicilio + Pago seguro + Garant\u00eda","robots":{"index":"index","follow":"follow","max-snippet":"max-snippet:-1","max-image-preview":"max-image-preview:large","max-video-preview":"max-video-preview:-1"},"canonical":"https:\/\/compuviper.mx\/tienda\/producto\/dahua-dhi-ara13-w26923172535627-sirena-inalmbrica-para-exterior-dhi-ara13-w2-con-estrobo-rojo-110db-mltiples-sonidos-de-alarma-ip65-alarma-de-batera-baja\/","og_locale":"es_MX","og_type":"article","og_title":"[ Dahua ] &#129351; Dhi-ara13-w2,6923172535627 Sirena Inalmbrica Para Exterior\/ \/ Dhi-ara13-w2\/ Con Estrobo Rojo\/ 110db \/ Mltiples Sonidos De Alarma\/ Ip65\/ Alarma De Batera Baja","og_description":"Compra Dhi-ara13-w2,6923172535627 Sirena Inalmbrica Para Exterior\/ \/ Dhi-ara13-w2\/ Con Estrobo Rojo\/ 110db \/ Mltiples Sonidos De Alarma\/ Ip65\/ Alarma De Batera Baja + Env\u00edo a domicilio + Pago seguro + Garant\u00eda","og_url":"https:\/\/compuviper.mx\/tienda\/producto\/dahua-dhi-ara13-w26923172535627-sirena-inalmbrica-para-exterior-dhi-ara13-w2-con-estrobo-rojo-110db-mltiples-sonidos-de-alarma-ip65-alarma-de-batera-baja\/","og_site_name":"Compuviper","article_publisher":"https:\/\/www.facebook.com\/compuviper","article_modified_time":"2026-04-21T06:00:05+00:00","og_image":[{"width":200,"height":200,"url":"https:\/\/compuviper.mx\/tienda\/wp-content\/uploads\/2024\/05\/Sirena-inalambrica-para-exteriordahua-dhi-ara13-w2-con-estrobo-rojo-110db-multiples-sonidos-de-alarma-ip65-alarma-de-bateria-baja.jpg","type":"image\/jpeg"}],"twitter_card":"summary_large_image","twitter_misc":{"Precio":"&#36;1,252 con IVA","Availability":"Out of stock"},"schema":{"@context":"https:\/\/schema.org","@graph":[{"@type":"WebPage","@id":"https:\/\/compuviper.mx\/tienda\/producto\/dahua-dhi-ara13-w26923172535627-sirena-inalmbrica-para-exterior-dhi-ara13-w2-con-estrobo-rojo-110db-mltiples-sonidos-de-alarma-ip65-alarma-de-batera-baja\/","url":"https:\/\/compuviper.mx\/tienda\/producto\/dahua-dhi-ara13-w26923172535627-sirena-inalmbrica-para-exterior-dhi-ara13-w2-con-estrobo-rojo-110db-mltiples-sonidos-de-alarma-ip65-alarma-de-batera-baja\/","name":"[ Dahua ] &#129351; Dhi-ara13-w2,6923172535627 Sirena Inalmbrica Para Exterior\/ \/ Dhi-ara13-w2\/ Con Estrobo Rojo\/ 110db \/ Mltiples Sonidos De Alarma\/ Ip65\/ Alarma De Batera Baja","isPartOf":{"@id":"https:\/\/compuviper.mx\/tienda\/#website"},"datePublished":"2026-04-21T05:38:24+00:00","dateModified":"2026-04-21T06:00:05+00:00","description":"Compra Dhi-ara13-w2,6923172535627 Sirena Inalmbrica Para Exterior\/ \/ Dhi-ara13-w2\/ Con Estrobo Rojo\/ 110db \/ Mltiples Sonidos De Alarma\/ Ip65\/ Alarma De Batera Baja + Env\u00edo a domicilio + Pago seguro + Garant\u00eda","breadcrumb":{"@id":"https:\/\/compuviper.mx\/tienda\/producto\/dahua-dhi-ara13-w26923172535627-sirena-inalmbrica-para-exterior-dhi-ara13-w2-con-estrobo-rojo-110db-mltiples-sonidos-de-alarma-ip65-alarma-de-batera-baja\/#breadcrumb"},"inLanguage":"es-MX","potentialAction":[{"@type":"ReadAction","target":["https:\/\/compuviper.mx\/tienda\/producto\/dahua-dhi-ara13-w26923172535627-sirena-inalmbrica-para-exterior-dhi-ara13-w2-con-estrobo-rojo-110db-mltiples-sonidos-de-alarma-ip65-alarma-de-batera-baja\/"]}]},{"@type":"BreadcrumbList","@id":"https:\/\/compuviper.mx\/tienda\/producto\/dahua-dhi-ara13-w26923172535627-sirena-inalmbrica-para-exterior-dhi-ara13-w2-con-estrobo-rojo-110db-mltiples-sonidos-de-alarma-ip65-alarma-de-batera-baja\/#breadcrumb","itemListElement":[{"@type":"ListItem","position":1,"name":"Inicio","item":"https:\/\/compuviper.mx\/tienda\/"},{"@type":"ListItem","position":2,"name":"Productos","item":"https:\/\/compuviper.mx\/tienda\/productos\/"},{"@type":"ListItem","position":3,"name":"Alarmas","item":"https:\/\/compuviper.mx\/tienda\/categoria-producto\/alarmas\/"},{"@type":"ListItem","position":4,"name":"Sensores Para Alarmas","item":"https:\/\/compuviper.mx\/tienda\/categoria-producto\/alarmas\/sensores-para-alarmas\/"},{"@type":"ListItem","position":5,"name":"Dahua Dhi-ara13-w2,6923172535627 Sirena Inalmbrica Para Exterior\/ \/ Dhi-ara13-w2\/ Con Estrobo Rojo\/ 110db \/ Mltiples Sonidos De Alarma\/ Ip65\/ Alarma De Batera Baja"}]},{"@type":"WebSite","@id":"https:\/\/compuviper.mx\/tienda\/#website","url":"https:\/\/compuviper.mx\/tienda\/","name":"Compuviper","description":"Proveedor de Computadoras, Laptops, Servidores, Monitores, Puntos de Venta, Teclados,   Impresoras, T\u00f3ner, C\u00e1maras de Seguridad y m\u00e1s en tu tienda en l\u00ednea","publisher":{"@id":"https:\/\/compuviper.mx\/tienda\/#organization"},"potentialAction":[{"@type":"SearchAction","target":{"@type":"EntryPoint","urlTemplate":"https:\/\/compuviper.mx\/tienda\/?s={search_term_string}"},"query-input":"required name=search_term_string"}],"inLanguage":"es-MX"},{"@type":"Organization","@id":"https:\/\/compuviper.mx\/tienda\/#organization","name":"Compuviper","url":"https:\/\/compuviper.mx\/tienda\/","logo":{"@type":"ImageObject","inLanguage":"es-MX","@id":"https:\/\/compuviper.mx\/tienda\/#\/schema\/logo\/image\/","url":"https:\/\/compuviper.mx\/tienda\/wp-content\/uploads\/2021\/08\/Logo-Compuviper-10.png","contentUrl":"https:\/\/compuviper.mx\/tienda\/wp-content\/uploads\/2021\/08\/Logo-Compuviper-10.png","width":1000,"height":500,"caption":"Compuviper"},"image":{"@id":"https:\/\/compuviper.mx\/tienda\/#\/schema\/logo\/image\/"},"sameAs":["https:\/\/www.facebook.com\/compuviper","https:\/\/www.youtube.com\/channel\/UCf73dERp9Y3cfOq7q8BhLjA?view_as=subscriber"]}]},"product_brand":"DAHUA","product_price_amount":"1252","product_price_currency":"MXN","og_availability":"out of stock","product_availability":"out of stock","product_retailer_item_id":"DHI-ARA13-W2,6923172535627","product_condition":"new"},"_links":{"self":[{"href":"https:\/\/compuviper.mx\/tienda\/wp-json\/wp\/v2\/product\/228527"}],"collection":[{"href":"https:\/\/compuviper.mx\/tienda\/wp-json\/wp\/v2\/product"}],"about":[{"href":"https:\/\/compuviper.mx\/tienda\/wp-json\/wp\/v2\/types\/product"}],"replies":[{"embeddable":true,"href":"https:\/\/compuviper.mx\/tienda\/wp-json\/wp\/v2\/comments?post=228527"}],"wp:featuredmedia":[{"embeddable":true,"href":"https:\/\/compuviper.mx\/tienda\/wp-json\/wp\/v2\/media\/233776"}],"wp:attachment":[{"href":"https:\/\/compuviper.mx\/tienda\/wp-json\/wp\/v2\/media?parent=228527"}],"wp:term":[{"taxonomy":"product_cat","embeddable":true,"href":"https:\/\/compuviper.mx\/tienda\/wp-json\/wp\/v2\/product_cat?post=228527"},{"taxonomy":"product_tag","embeddable":true,"href":"https:\/\/compuviper.mx\/tienda\/wp-json\/wp\/v2\/product_tag?post=228527"}],"curies":[{"name":"wp","href":"https:\/\/api.w.org\/{rel}","templated":true}]}}