{"id":228526,"date":"2026-04-17T23:39:29","date_gmt":"2026-04-18T05:39:29","guid":{"rendered":"https:\/\/compuviper.mx\/tienda\/producto\/dahua-dhi-ara12-w2-sirena-inalmbrica-interior-105-db-3-3-niveles-de-volumen-led-indicador-alarma-de-batera-baja-medicin-de-temperatura-funcin-de-salto-de-frecuencia\/"},"modified":"2026-04-17T23:39:29","modified_gmt":"2026-04-18T05:39:29","slug":"dahua-dhi-ara12-w2-sirena-inalmbrica-interior-105-db-3-3-niveles-de-volumen-led-indicador-alarma-de-batera-baja-medicin-de-temperatura-funcin-de-salto-de-frecuencia","status":"publish","type":"product","link":"https:\/\/compuviper.mx\/tienda\/producto\/dahua-dhi-ara12-w2-sirena-inalmbrica-interior-105-db-3-3-niveles-de-volumen-led-indicador-alarma-de-batera-baja-medicin-de-temperatura-funcin-de-salto-de-frecuencia\/","title":{"rendered":"Dahua Dhi-ara12-w2 Sirena Inalmbrica Interior\/ \/  \/ 105 Db &#8211; 3 \/ 3 Niveles De Volumen \/ Led Indicador \/ Alarma De Batera Baja \/ Medicin De Temperatura \/ Funcin De Salto De Frecuencia"},"content":{"rendered":"<table class=\"descripcion\">\n<tr>\n<td>Especificaciones<\/td>\n<\/tr>\n<tr>\n<td>\u0095 fuente de alimentaci\u00f3n 2 bater\u00edas cr123a (incluida)<\/td>\n<\/tr>\n<tr>\n<td>\u0095 duraci\u00f3n de bater\u00eda de hasta 2 a\u00f1os<\/td>\n<\/tr>\n<tr>\n<td>\u0095 intensidad de sonido 105 \u00b1 3 db1m<\/td>\n<\/tr>\n<tr>\n<td>\u0095 dimensiones producto 81,0 mm \u00d7 81,0 mm \u00d7 26,0 mm (largo \u00d7 ancho \u00d7 alto)<\/td>\n<\/tr>\n<tr>\n<td>\u0095 dimensiones empaque 135,0 mm \u00d7 98,5 mm \u00d7 56,8 mm (largo \u00d7 ancho \u00d7 alto)<\/td>\n<\/tr>\n<tr>\n<td>\u0095 peso bruto de 175 g<\/td>\n<\/tr>\n<tr>\n<td>\u0095 carcasa de policarbonato y pl\u00e1stico abs<\/td>\n<\/tr>\n<tr>\n<td>\u0095 distancia de comunicaci\u00f3n hasta 800 m<\/td>\n<\/tr>\n<tr>\n<td>\u0095 funci\u00f3n de salto de frecuencia (433,1 mhz\u0096434,6 mhz) y tecnolog\u00eda de comunicaci\u00f3n bidireccional encriptada en aes128 garantizando la estabilidad de la comunicaci\u00f3n<\/td>\n<\/tr>\n<tr>\n<td>\u0095 temperatura de funcionamiento en interior de \u0096 10 \u00b0c a +55 \u00b0c<\/td>\n<\/tr>\n<tr>\n<td>\u0095 panel de fijaci\u00f3n (incluye tornillos y taquetes)<\/td>\n<\/tr>\n<\/table>\n","protected":false},"excerpt":{"rendered":"<p>Informaci\u00f3n general. Sirena inal\u00e1mbrica. La sirena inal\u00e1mbrica es una sirena para interior que emite una alerta sonora fuerte (hasta  and #8805; 105 \u00b1 3db1m) cuando ocurre un evento de alarma que detecte el hub. Cuenta con advertencia de peligro y disuasi\u00f3n de intrusi\u00f3n. Principales caracter\u00edsticas. \u0095 ajuste de sonido (seleccione entre bajo, medio y alto. \u0095 configuraci\u00f3n de duraci\u00f3n de sonido (de 3 s a 180 s. \u0095 el tono de llamada al entrar o salir del modo de armado. \u0095 indicador led verde de alarma. \u0095 tamper antisabotaje. \u0095 medici\u00f3n y alarma de bater\u00eda baja del dispositivo. \u0095 medici\u00f3n de temperatura ambiente. \u0095 detecci\u00f3n de intensidad de se\u00f1al. \u0095 vinculaci\u00f3n alarma &#8211; sirena, cuando se activa una alarma, el sensor informar\u00e1 los eventos de alarma al hub y alertar\u00e1n con una sirena. \u0095 la funci\u00f3n de salto de frecuencia y la tecnolog\u00eda de comunicaci\u00f3n bidireccional garantizan la estabilidad de la comunicaci\u00f3n. \u0095 actualizaci\u00f3n en la nube y recuperaci\u00f3n autom\u00e1tica de errores de actualizaci\u00f3n<\/p>\n","protected":false},"featured_media":233775,"comment_status":"open","ping_status":"open","template":"","meta":[],"product_cat":[1592,1593],"product_tag":[1555],"acf":[],"yoast_head":"<!-- This site is optimized with the Yoast SEO plugin v21.7 - https:\/\/yoast.com\/wordpress\/plugins\/seo\/ -->\n<title>[ Dahua ] &#129351; Dhi-ara12-w2 Sirena Inalmbrica Interior\/ \/ \/ 105 Db - 3 \/ 3 Niveles De Volumen \/ Led Indicador \/ Alarma De Batera Baja \/ Medicin De Temperatura \/ Funcin De Salto De Frecuencia<\/title>\n<meta name=\"description\" content=\"Compra Dhi-ara12-w2 Sirena Inalmbrica Interior\/ \/ \/ 105 Db - 3 \/ 3 Niveles De Volumen \/ Led Indicador \/ Alarma De Batera Baja \/ Medicin De Temperatura \/ Funcin De Salto De Frecuencia + Env\u00edo a domicilio + Pago seguro + Garant\u00eda\" \/>\n<meta name=\"robots\" content=\"index, follow, max-snippet:-1, max-image-preview:large, max-video-preview:-1\" \/>\n<link rel=\"canonical\" href=\"https:\/\/compuviper.mx\/tienda\/producto\/dahua-dhi-ara12-w2-sirena-inalmbrica-interior-105-db-3-3-niveles-de-volumen-led-indicador-alarma-de-batera-baja-medicin-de-temperatura-funcin-de-salto-de-frecuencia\/\" \/>\n<meta property=\"og:locale\" content=\"es_MX\" \/>\n<meta property=\"og:type\" content=\"article\" \/>\n<meta property=\"og:title\" content=\"[ Dahua ] &#129351; Dhi-ara12-w2 Sirena Inalmbrica Interior\/ \/ \/ 105 Db - 3 \/ 3 Niveles De Volumen \/ Led Indicador \/ Alarma De Batera Baja \/ Medicin De Temperatura \/ Funcin De Salto De Frecuencia\" \/>\n<meta property=\"og:description\" content=\"Compra Dhi-ara12-w2 Sirena Inalmbrica Interior\/ \/ \/ 105 Db - 3 \/ 3 Niveles De Volumen \/ Led Indicador \/ Alarma De Batera Baja \/ Medicin De Temperatura \/ Funcin De Salto De Frecuencia + Env\u00edo a domicilio + Pago seguro + Garant\u00eda\" \/>\n<meta property=\"og:url\" content=\"https:\/\/compuviper.mx\/tienda\/producto\/dahua-dhi-ara12-w2-sirena-inalmbrica-interior-105-db-3-3-niveles-de-volumen-led-indicador-alarma-de-batera-baja-medicin-de-temperatura-funcin-de-salto-de-frecuencia\/\" \/>\n<meta property=\"og:site_name\" content=\"Compuviper\" \/>\n<meta property=\"article:publisher\" content=\"https:\/\/www.facebook.com\/compuviper\" \/>\n<meta property=\"og:image\" content=\"https:\/\/compuviper.mx\/tienda\/wp-content\/uploads\/2024\/05\/Sirena-inalambrica-interior-dahua-dhi-ara12-w2-105-db-3-3-niveles-de-volumen-led-indicador-alarma-de-bateria-baja-medicion-de-temperatura-funcion-de-salto-de-frecuencia.jpg\" \/>\n\t<meta property=\"og:image:width\" content=\"200\" \/>\n\t<meta property=\"og:image:height\" content=\"200\" \/>\n\t<meta property=\"og:image:type\" content=\"image\/jpeg\" \/>\n<meta name=\"twitter:card\" content=\"summary_large_image\" \/>\n<meta name=\"twitter:label1\" content=\"Precio\" \/>\n\t<meta name=\"twitter:data1\" content=\"&#36;631 &#36;626 con IVA\" \/>\n\t<meta name=\"twitter:label2\" content=\"Availability\" \/>\n\t<meta name=\"twitter:data2\" content=\"Out of stock\" \/>\n<script type=\"application\/ld+json\" class=\"yoast-schema-graph\">{\"@context\":\"https:\/\/schema.org\",\"@graph\":[{\"@type\":\"WebPage\",\"@id\":\"https:\/\/compuviper.mx\/tienda\/producto\/dahua-dhi-ara12-w2-sirena-inalmbrica-interior-105-db-3-3-niveles-de-volumen-led-indicador-alarma-de-batera-baja-medicin-de-temperatura-funcin-de-salto-de-frecuencia\/\",\"url\":\"https:\/\/compuviper.mx\/tienda\/producto\/dahua-dhi-ara12-w2-sirena-inalmbrica-interior-105-db-3-3-niveles-de-volumen-led-indicador-alarma-de-batera-baja-medicin-de-temperatura-funcin-de-salto-de-frecuencia\/\",\"name\":\"[ Dahua ] &#129351; Dhi-ara12-w2 Sirena Inalmbrica Interior\/ \/ \/ 105 Db - 3 \/ 3 Niveles De Volumen \/ Led Indicador \/ Alarma De Batera Baja \/ Medicin De Temperatura \/ Funcin De Salto De Frecuencia\",\"isPartOf\":{\"@id\":\"https:\/\/compuviper.mx\/tienda\/#website\"},\"datePublished\":\"2026-04-18T05:39:29+00:00\",\"dateModified\":\"2026-04-18T05:39:29+00:00\",\"description\":\"Compra Dhi-ara12-w2 Sirena Inalmbrica Interior\/ \/ \/ 105 Db - 3 \/ 3 Niveles De Volumen \/ Led Indicador \/ Alarma De Batera Baja \/ Medicin De Temperatura \/ Funcin De Salto De Frecuencia + Env\u00edo a domicilio + Pago seguro + Garant\u00eda\",\"breadcrumb\":{\"@id\":\"https:\/\/compuviper.mx\/tienda\/producto\/dahua-dhi-ara12-w2-sirena-inalmbrica-interior-105-db-3-3-niveles-de-volumen-led-indicador-alarma-de-batera-baja-medicin-de-temperatura-funcin-de-salto-de-frecuencia\/#breadcrumb\"},\"inLanguage\":\"es-MX\",\"potentialAction\":[{\"@type\":\"ReadAction\",\"target\":[\"https:\/\/compuviper.mx\/tienda\/producto\/dahua-dhi-ara12-w2-sirena-inalmbrica-interior-105-db-3-3-niveles-de-volumen-led-indicador-alarma-de-batera-baja-medicin-de-temperatura-funcin-de-salto-de-frecuencia\/\"]}]},{\"@type\":\"BreadcrumbList\",\"@id\":\"https:\/\/compuviper.mx\/tienda\/producto\/dahua-dhi-ara12-w2-sirena-inalmbrica-interior-105-db-3-3-niveles-de-volumen-led-indicador-alarma-de-batera-baja-medicin-de-temperatura-funcin-de-salto-de-frecuencia\/#breadcrumb\",\"itemListElement\":[{\"@type\":\"ListItem\",\"position\":1,\"name\":\"Inicio\",\"item\":\"https:\/\/compuviper.mx\/tienda\/\"},{\"@type\":\"ListItem\",\"position\":2,\"name\":\"Productos\",\"item\":\"https:\/\/compuviper.mx\/tienda\/productos\/\"},{\"@type\":\"ListItem\",\"position\":3,\"name\":\"Alarmas\",\"item\":\"https:\/\/compuviper.mx\/tienda\/categoria-producto\/alarmas\/\"},{\"@type\":\"ListItem\",\"position\":4,\"name\":\"Sensores Para Alarmas\",\"item\":\"https:\/\/compuviper.mx\/tienda\/categoria-producto\/alarmas\/sensores-para-alarmas\/\"},{\"@type\":\"ListItem\",\"position\":5,\"name\":\"Dahua Dhi-ara12-w2 Sirena Inalmbrica Interior\/ \/ \/ 105 Db &#8211; 3 \/ 3 Niveles De Volumen \/ Led Indicador \/ Alarma De Batera Baja \/ Medicin De Temperatura \/ Funcin De Salto De Frecuencia\"}]},{\"@type\":\"WebSite\",\"@id\":\"https:\/\/compuviper.mx\/tienda\/#website\",\"url\":\"https:\/\/compuviper.mx\/tienda\/\",\"name\":\"Compuviper\",\"description\":\"Proveedor de Computadoras, Laptops, Servidores, Monitores, Puntos de Venta, Teclados,   Impresoras, T\u00f3ner, C\u00e1maras de Seguridad y m\u00e1s en tu tienda en l\u00ednea\",\"publisher\":{\"@id\":\"https:\/\/compuviper.mx\/tienda\/#organization\"},\"potentialAction\":[{\"@type\":\"SearchAction\",\"target\":{\"@type\":\"EntryPoint\",\"urlTemplate\":\"https:\/\/compuviper.mx\/tienda\/?s={search_term_string}\"},\"query-input\":\"required name=search_term_string\"}],\"inLanguage\":\"es-MX\"},{\"@type\":\"Organization\",\"@id\":\"https:\/\/compuviper.mx\/tienda\/#organization\",\"name\":\"Compuviper\",\"url\":\"https:\/\/compuviper.mx\/tienda\/\",\"logo\":{\"@type\":\"ImageObject\",\"inLanguage\":\"es-MX\",\"@id\":\"https:\/\/compuviper.mx\/tienda\/#\/schema\/logo\/image\/\",\"url\":\"https:\/\/compuviper.mx\/tienda\/wp-content\/uploads\/2021\/08\/Logo-Compuviper-10.png\",\"contentUrl\":\"https:\/\/compuviper.mx\/tienda\/wp-content\/uploads\/2021\/08\/Logo-Compuviper-10.png\",\"width\":1000,\"height\":500,\"caption\":\"Compuviper\"},\"image\":{\"@id\":\"https:\/\/compuviper.mx\/tienda\/#\/schema\/logo\/image\/\"},\"sameAs\":[\"https:\/\/www.facebook.com\/compuviper\",\"https:\/\/www.youtube.com\/channel\/UCf73dERp9Y3cfOq7q8BhLjA?view_as=subscriber\"]}]}<\/script>\n<meta property=\"product:brand\" content=\"DAHUA\" \/>\n<meta property=\"product:price:amount\" content=\"626\" \/>\n<meta property=\"product:price:currency\" content=\"MXN\" \/>\n<meta property=\"og:availability\" content=\"out of stock\" \/>\n<meta property=\"product:availability\" content=\"out of stock\" \/>\n<meta property=\"product:retailer_item_id\" content=\"DHI-ARA12-W2\" \/>\n<meta property=\"product:condition\" content=\"new\" \/>\n<!-- \/ Yoast SEO plugin. -->","yoast_head_json":{"title":"[ Dahua ] &#129351; Dhi-ara12-w2 Sirena Inalmbrica Interior\/ \/ \/ 105 Db - 3 \/ 3 Niveles De Volumen \/ Led Indicador \/ Alarma De Batera Baja \/ Medicin De Temperatura \/ Funcin De Salto De Frecuencia","description":"Compra Dhi-ara12-w2 Sirena Inalmbrica Interior\/ \/ \/ 105 Db - 3 \/ 3 Niveles De Volumen \/ Led Indicador \/ Alarma De Batera Baja \/ Medicin De Temperatura \/ Funcin De Salto De Frecuencia + Env\u00edo a domicilio + Pago seguro + Garant\u00eda","robots":{"index":"index","follow":"follow","max-snippet":"max-snippet:-1","max-image-preview":"max-image-preview:large","max-video-preview":"max-video-preview:-1"},"canonical":"https:\/\/compuviper.mx\/tienda\/producto\/dahua-dhi-ara12-w2-sirena-inalmbrica-interior-105-db-3-3-niveles-de-volumen-led-indicador-alarma-de-batera-baja-medicin-de-temperatura-funcin-de-salto-de-frecuencia\/","og_locale":"es_MX","og_type":"article","og_title":"[ Dahua ] &#129351; Dhi-ara12-w2 Sirena Inalmbrica Interior\/ \/ \/ 105 Db - 3 \/ 3 Niveles De Volumen \/ Led Indicador \/ Alarma De Batera Baja \/ Medicin De Temperatura \/ Funcin De Salto De Frecuencia","og_description":"Compra Dhi-ara12-w2 Sirena Inalmbrica Interior\/ \/ \/ 105 Db - 3 \/ 3 Niveles De Volumen \/ Led Indicador \/ Alarma De Batera Baja \/ Medicin De Temperatura \/ Funcin De Salto De Frecuencia + Env\u00edo a domicilio + Pago seguro + Garant\u00eda","og_url":"https:\/\/compuviper.mx\/tienda\/producto\/dahua-dhi-ara12-w2-sirena-inalmbrica-interior-105-db-3-3-niveles-de-volumen-led-indicador-alarma-de-batera-baja-medicin-de-temperatura-funcin-de-salto-de-frecuencia\/","og_site_name":"Compuviper","article_publisher":"https:\/\/www.facebook.com\/compuviper","og_image":[{"width":200,"height":200,"url":"https:\/\/compuviper.mx\/tienda\/wp-content\/uploads\/2024\/05\/Sirena-inalambrica-interior-dahua-dhi-ara12-w2-105-db-3-3-niveles-de-volumen-led-indicador-alarma-de-bateria-baja-medicion-de-temperatura-funcion-de-salto-de-frecuencia.jpg","type":"image\/jpeg"}],"twitter_card":"summary_large_image","twitter_misc":{"Precio":"&#36;631 &#36;626 con IVA","Availability":"Out of stock"},"schema":{"@context":"https:\/\/schema.org","@graph":[{"@type":"WebPage","@id":"https:\/\/compuviper.mx\/tienda\/producto\/dahua-dhi-ara12-w2-sirena-inalmbrica-interior-105-db-3-3-niveles-de-volumen-led-indicador-alarma-de-batera-baja-medicin-de-temperatura-funcin-de-salto-de-frecuencia\/","url":"https:\/\/compuviper.mx\/tienda\/producto\/dahua-dhi-ara12-w2-sirena-inalmbrica-interior-105-db-3-3-niveles-de-volumen-led-indicador-alarma-de-batera-baja-medicin-de-temperatura-funcin-de-salto-de-frecuencia\/","name":"[ Dahua ] &#129351; Dhi-ara12-w2 Sirena Inalmbrica Interior\/ \/ \/ 105 Db - 3 \/ 3 Niveles De Volumen \/ Led Indicador \/ Alarma De Batera Baja \/ Medicin De Temperatura \/ Funcin De Salto De Frecuencia","isPartOf":{"@id":"https:\/\/compuviper.mx\/tienda\/#website"},"datePublished":"2026-04-18T05:39:29+00:00","dateModified":"2026-04-18T05:39:29+00:00","description":"Compra Dhi-ara12-w2 Sirena Inalmbrica Interior\/ \/ \/ 105 Db - 3 \/ 3 Niveles De Volumen \/ Led Indicador \/ Alarma De Batera Baja \/ Medicin De Temperatura \/ Funcin De Salto De Frecuencia + Env\u00edo a domicilio + Pago seguro + Garant\u00eda","breadcrumb":{"@id":"https:\/\/compuviper.mx\/tienda\/producto\/dahua-dhi-ara12-w2-sirena-inalmbrica-interior-105-db-3-3-niveles-de-volumen-led-indicador-alarma-de-batera-baja-medicin-de-temperatura-funcin-de-salto-de-frecuencia\/#breadcrumb"},"inLanguage":"es-MX","potentialAction":[{"@type":"ReadAction","target":["https:\/\/compuviper.mx\/tienda\/producto\/dahua-dhi-ara12-w2-sirena-inalmbrica-interior-105-db-3-3-niveles-de-volumen-led-indicador-alarma-de-batera-baja-medicin-de-temperatura-funcin-de-salto-de-frecuencia\/"]}]},{"@type":"BreadcrumbList","@id":"https:\/\/compuviper.mx\/tienda\/producto\/dahua-dhi-ara12-w2-sirena-inalmbrica-interior-105-db-3-3-niveles-de-volumen-led-indicador-alarma-de-batera-baja-medicin-de-temperatura-funcin-de-salto-de-frecuencia\/#breadcrumb","itemListElement":[{"@type":"ListItem","position":1,"name":"Inicio","item":"https:\/\/compuviper.mx\/tienda\/"},{"@type":"ListItem","position":2,"name":"Productos","item":"https:\/\/compuviper.mx\/tienda\/productos\/"},{"@type":"ListItem","position":3,"name":"Alarmas","item":"https:\/\/compuviper.mx\/tienda\/categoria-producto\/alarmas\/"},{"@type":"ListItem","position":4,"name":"Sensores Para Alarmas","item":"https:\/\/compuviper.mx\/tienda\/categoria-producto\/alarmas\/sensores-para-alarmas\/"},{"@type":"ListItem","position":5,"name":"Dahua Dhi-ara12-w2 Sirena Inalmbrica Interior\/ \/ \/ 105 Db &#8211; 3 \/ 3 Niveles De Volumen \/ Led Indicador \/ Alarma De Batera Baja \/ Medicin De Temperatura \/ Funcin De Salto De Frecuencia"}]},{"@type":"WebSite","@id":"https:\/\/compuviper.mx\/tienda\/#website","url":"https:\/\/compuviper.mx\/tienda\/","name":"Compuviper","description":"Proveedor de Computadoras, Laptops, Servidores, Monitores, Puntos de Venta, Teclados,   Impresoras, T\u00f3ner, C\u00e1maras de Seguridad y m\u00e1s en tu tienda en l\u00ednea","publisher":{"@id":"https:\/\/compuviper.mx\/tienda\/#organization"},"potentialAction":[{"@type":"SearchAction","target":{"@type":"EntryPoint","urlTemplate":"https:\/\/compuviper.mx\/tienda\/?s={search_term_string}"},"query-input":"required name=search_term_string"}],"inLanguage":"es-MX"},{"@type":"Organization","@id":"https:\/\/compuviper.mx\/tienda\/#organization","name":"Compuviper","url":"https:\/\/compuviper.mx\/tienda\/","logo":{"@type":"ImageObject","inLanguage":"es-MX","@id":"https:\/\/compuviper.mx\/tienda\/#\/schema\/logo\/image\/","url":"https:\/\/compuviper.mx\/tienda\/wp-content\/uploads\/2021\/08\/Logo-Compuviper-10.png","contentUrl":"https:\/\/compuviper.mx\/tienda\/wp-content\/uploads\/2021\/08\/Logo-Compuviper-10.png","width":1000,"height":500,"caption":"Compuviper"},"image":{"@id":"https:\/\/compuviper.mx\/tienda\/#\/schema\/logo\/image\/"},"sameAs":["https:\/\/www.facebook.com\/compuviper","https:\/\/www.youtube.com\/channel\/UCf73dERp9Y3cfOq7q8BhLjA?view_as=subscriber"]}]},"product_brand":"DAHUA","product_price_amount":"626","product_price_currency":"MXN","og_availability":"out of stock","product_availability":"out of stock","product_retailer_item_id":"DHI-ARA12-W2","product_condition":"new"},"_links":{"self":[{"href":"https:\/\/compuviper.mx\/tienda\/wp-json\/wp\/v2\/product\/228526"}],"collection":[{"href":"https:\/\/compuviper.mx\/tienda\/wp-json\/wp\/v2\/product"}],"about":[{"href":"https:\/\/compuviper.mx\/tienda\/wp-json\/wp\/v2\/types\/product"}],"replies":[{"embeddable":true,"href":"https:\/\/compuviper.mx\/tienda\/wp-json\/wp\/v2\/comments?post=228526"}],"wp:featuredmedia":[{"embeddable":true,"href":"https:\/\/compuviper.mx\/tienda\/wp-json\/wp\/v2\/media\/233775"}],"wp:attachment":[{"href":"https:\/\/compuviper.mx\/tienda\/wp-json\/wp\/v2\/media?parent=228526"}],"wp:term":[{"taxonomy":"product_cat","embeddable":true,"href":"https:\/\/compuviper.mx\/tienda\/wp-json\/wp\/v2\/product_cat?post=228526"},{"taxonomy":"product_tag","embeddable":true,"href":"https:\/\/compuviper.mx\/tienda\/wp-json\/wp\/v2\/product_tag?post=228526"}],"curies":[{"name":"wp","href":"https:\/\/api.w.org\/{rel}","templated":true}]}}