{"id":228523,"date":"2026-04-06T23:35:35","date_gmt":"2026-04-07T05:35:35","guid":{"rendered":"https:\/\/compuviper.mx\/tienda\/producto\/startech-com-st4300usbm-hub-usb-3-0-de-4-puertos-concentrador-usb-a-industrial-de-metal-de-montaje-en-riel-din-pared-o-escritorio-hub-de-expansion-taa-mod\/"},"modified":"2026-04-06T23:35:35","modified_gmt":"2026-04-07T05:35:35","slug":"startech-com-st4300usbm-hub-usb-3-0-de-4-puertos-concentrador-usb-a-industrial-de-metal-de-montaje-en-riel-din-pared-o-escritorio-hub-de-expansion-taa-mod","status":"publish","type":"product","link":"https:\/\/compuviper.mx\/tienda\/producto\/startech-com-st4300usbm-hub-usb-3-0-de-4-puertos-concentrador-usb-a-industrial-de-metal-de-montaje-en-riel-din-pared-o-escritorio-hub-de-expansion-taa-mod\/","title":{"rendered":"Startech.com St4300usbm Hub Usb 3.0 De 4 Puertos &#8211; Concentrador Usb-a Industrial De Metal &#8211; De Montaje En Riel Din, Pared O Escritorio &#8211; Hub De Expansion Taa &#8211;  Mod."},"content":{"rendered":"<table class=\"descripcion\">\n<tr>\n<td>Hardware<\/td>\n<\/tr>\n<tr>\n<td>Conexion anfitrion usb-c: no<\/td>\n<\/tr>\n<tr>\n<td>Caracteristicas fisicas factor de forma: industrial<\/td>\n<\/tr>\n<tr>\n<td>Puertos de dispositivos usb-c: no<\/td>\n<\/tr>\n<tr>\n<td>Puertos de carga rapida: no<\/td>\n<\/tr>\n<tr>\n<td>Caracteristicas fisicas peso del producto: 301 g<\/td>\n<\/tr>\n<tr>\n<td>Cantidad de puertos: 4<\/td>\n<\/tr>\n<tr>\n<td>Interfaz: usb 3.0<\/td>\n<\/tr>\n<tr>\n<td>Tipo de bus: usb 3.0<\/td>\n<\/tr>\n<tr>\n<td>Id del conjunto de chips: via\/vli &#8211; vl811<\/td>\n<\/tr>\n<tr>\n<td>Conectores puertos externos: bloque de terminales 2 cables<\/td>\n<\/tr>\n<tr>\n<td>Conectores puertos externos: usb type-a 9 pines usb 3.0 5 gbps<\/td>\n<\/tr>\n<tr>\n<td>Conectores puertos externos: usb type-b 9 pines usb 3.0<\/td>\n<\/tr>\n<tr>\n<td>Rendimiento<\/td>\n<\/tr>\n<tr>\n<td>Tasa de transferencia de datos maxima: 5 gbps<\/td>\n<\/tr>\n<tr>\n<td>Mtbf: 245.881 horas<\/td>\n<\/tr>\n<tr>\n<td>Caracteristicas fisicas<\/td>\n<\/tr>\n<tr>\n<td>Color: negro<\/td>\n<\/tr>\n<tr>\n<td>Tipo de gabinete: acero<\/td>\n<\/tr>\n<tr>\n<td>Longitud del producto: 15.2 cm<\/td>\n<\/tr>\n<tr>\n<td>Ancho del producto: 59.6 mm<\/td>\n<\/tr>\n<tr>\n<td>Altura del producto: 2.4 cm<\/td>\n<\/tr>\n<tr>\n<td>Indicadores indicadores led: conexion del dispositivo usb verde &#8211; encendido rojo<\/td>\n<\/tr>\n<tr>\n<td>Requerimientos del sistema y cables : puerto usb 3.0 disponible<\/td>\n<\/tr>\n<tr>\n<td>Este concentrador industrial con\u00a04 puertos usb 3.0 y compatible con taa le ofrece\u00a0la escalabilidad necesaria en entornos\u00a0industriales bajo condiciones extremas, asi como laboratorios de productos y talleres de reparaciones, salas de conferencias o estaciones de trabajo de oficinas.\u00a0gracias a su\u00a0resistente\u00a0caja de metal de\u00a0categoria industrial, esta disenado para cumplir con los requisitos avanzados de conexion de un gran numero de dispositivos en entornos de fabricas y oficinas.\u00a0este\u00a0concentrador industrial usb\u00a0ofrece un rendimiento confiable, gracias a su caja de metal, de calidad muy resistente.\u00a0compatible\u00a0con el amplio rango de entrada de un bloque de terminales de 7 a 24v de corriente continua, lo cual le\u00a0ofrece la\u00a0flexibilidad de obtener alimentacion segun se requiera, basada en la capacidad de entrada de alimentacion del entorno del usuario.<\/td>\n<\/tr>\n<\/table>\n","protected":false},"excerpt":{"rendered":"<p>Hardware. Conexion anfitrion usb-c: no. Caracteristicas fisicas factor de forma: industrial. Puertos de dispositivos usb-c: no. Puertos de carga rapida: no. Caracteristicas fisicas peso del producto: 301 g. Cantidad de puertos: 4. Interfaz: usb 3.0. Tipo de bus: usb 3.0. Id del conjunto de chips: via\/vli &#8211; vl811. Conectores puertos externos: bloque de terminales 2 cables. Conectores puertos externos: usb type-a 9 pines usb 3.0 5 gbps. Conectores puertos externos: usb type-b 9 pines usb 3.0. Rendimiento. Tasa de transferencia de datos maxima: 5 gbps. Mtbf: 245.881 horas. Caracteristicas fisicas. Color: negro. Tipo de gabinete: acero. Longitud del producto: 15.2 cm. Ancho del producto: 59.6 mm. Altura del producto: 2.4 cm. Indicadores indicadores led: conexion del dispositivo usb verde &#8211; encendido rojo. Requerimientos del sistema y cables : puerto usb 3.0 disponible. Este concentrador industrial con\u00a04 puertos usb 3.0 y compatible con taa le ofrece\u00a0la escalabilidad necesaria en entornos\u00a0industriales bajo condiciones extremas, asi como laboratorios de productos y talleres de reparaciones, salas de conferencias o estaciones de trabajo de oficinas.\u00a0gracias a su\u00a0resistente\u00a0caja de metal de\u00a0categoria industrial, esta disenado para cumplir con los requisitos avanzados de conexion de un gran numero de dispositivos en entornos de fabricas y oficinas.\u00a0este\u00a0concentrador industrial usb\u00a0ofrece un rendimiento confiable, gracias a su caja de metal, de calidad muy resistente.\u00a0compatible\u00a0con el amplio rango de entrada de un bloque de terminales de 7 a 24v de corriente continua, lo cual le\u00a0ofrece la\u00a0flexibilidad de obtener alimentacion segun se requiera, basada en la capacidad de entrada de alimentacion del entorno del usuario.<\/p>\n","protected":false},"featured_media":228524,"comment_status":"open","ping_status":"open","template":"","meta":[],"product_cat":[1485,1497],"product_tag":[1590],"acf":[],"yoast_head":"<!-- This site is optimized with the Yoast SEO plugin v21.7 - https:\/\/yoast.com\/wordpress\/plugins\/seo\/ -->\n<title>[ Startech.com ] &#129351; St4300usbm Hub Usb 3.0 De 4 Puertos - Concentrador Usb-a Industrial De Metal - De Montaje En Riel Din, Pared O Escritorio - Hub De Expansion Taa - Mod.<\/title>\n<meta name=\"description\" content=\"Compra St4300usbm Hub Usb 3.0 De 4 Puertos - Concentrador Usb-a Industrial De Metal - De Montaje En Riel Din, Pared O Escritorio - Hub De Expansion Taa - Mod. + Env\u00edo a domicilio + Pago seguro + Garant\u00eda\" \/>\n<meta name=\"robots\" content=\"index, follow, max-snippet:-1, max-image-preview:large, max-video-preview:-1\" \/>\n<link rel=\"canonical\" href=\"https:\/\/compuviper.mx\/tienda\/producto\/startech-com-st4300usbm-hub-usb-3-0-de-4-puertos-concentrador-usb-a-industrial-de-metal-de-montaje-en-riel-din-pared-o-escritorio-hub-de-expansion-taa-mod\/\" \/>\n<meta property=\"og:locale\" content=\"es_MX\" \/>\n<meta property=\"og:type\" content=\"article\" \/>\n<meta property=\"og:title\" content=\"[ Startech.com ] &#129351; St4300usbm Hub Usb 3.0 De 4 Puertos - Concentrador Usb-a Industrial De Metal - De Montaje En Riel Din, Pared O Escritorio - Hub De Expansion Taa - Mod.\" \/>\n<meta property=\"og:description\" content=\"Compra St4300usbm Hub Usb 3.0 De 4 Puertos - Concentrador Usb-a Industrial De Metal - De Montaje En Riel Din, Pared O Escritorio - Hub De Expansion Taa - Mod. + Env\u00edo a domicilio + Pago seguro + Garant\u00eda\" \/>\n<meta property=\"og:url\" content=\"https:\/\/compuviper.mx\/tienda\/producto\/startech-com-st4300usbm-hub-usb-3-0-de-4-puertos-concentrador-usb-a-industrial-de-metal-de-montaje-en-riel-din-pared-o-escritorio-hub-de-expansion-taa-mod\/\" \/>\n<meta property=\"og:site_name\" content=\"Compuviper\" \/>\n<meta property=\"article:publisher\" content=\"https:\/\/www.facebook.com\/compuviper\" \/>\n<meta property=\"og:image\" content=\"https:\/\/compuviper.mx\/tienda\/wp-content\/uploads\/2023\/12\/Hub-usb-3.0-de-4-puertos-concentrador-usb-a-industrial-de-metal-de-montaje-en-riel-din-pared-o-escritorio-hub-de-expansion-taa-startech.com-mod.-st4300usbm.jpg\" \/>\n\t<meta property=\"og:image:width\" content=\"200\" \/>\n\t<meta property=\"og:image:height\" content=\"200\" \/>\n\t<meta property=\"og:image:type\" content=\"image\/jpeg\" \/>\n<meta name=\"twitter:card\" content=\"summary_large_image\" \/>\n<meta name=\"twitter:label1\" content=\"Precio\" \/>\n\t<meta name=\"twitter:data1\" content=\"&#36;2,553 con IVA\" \/>\n\t<meta name=\"twitter:label2\" content=\"Availability\" \/>\n\t<meta name=\"twitter:data2\" content=\"On backorder\" \/>\n<script type=\"application\/ld+json\" class=\"yoast-schema-graph\">{\"@context\":\"https:\/\/schema.org\",\"@graph\":[{\"@type\":\"WebPage\",\"@id\":\"https:\/\/compuviper.mx\/tienda\/producto\/startech-com-st4300usbm-hub-usb-3-0-de-4-puertos-concentrador-usb-a-industrial-de-metal-de-montaje-en-riel-din-pared-o-escritorio-hub-de-expansion-taa-mod\/\",\"url\":\"https:\/\/compuviper.mx\/tienda\/producto\/startech-com-st4300usbm-hub-usb-3-0-de-4-puertos-concentrador-usb-a-industrial-de-metal-de-montaje-en-riel-din-pared-o-escritorio-hub-de-expansion-taa-mod\/\",\"name\":\"[ Startech.com ] &#129351; St4300usbm Hub Usb 3.0 De 4 Puertos - Concentrador Usb-a Industrial De Metal - De Montaje En Riel Din, Pared O Escritorio - Hub De Expansion Taa - Mod.\",\"isPartOf\":{\"@id\":\"https:\/\/compuviper.mx\/tienda\/#website\"},\"datePublished\":\"2026-04-07T05:35:35+00:00\",\"dateModified\":\"2026-04-07T05:35:35+00:00\",\"description\":\"Compra St4300usbm Hub Usb 3.0 De 4 Puertos - Concentrador Usb-a Industrial De Metal - De Montaje En Riel Din, Pared O Escritorio - Hub De Expansion Taa - Mod. + Env\u00edo a domicilio + Pago seguro + Garant\u00eda\",\"breadcrumb\":{\"@id\":\"https:\/\/compuviper.mx\/tienda\/producto\/startech-com-st4300usbm-hub-usb-3-0-de-4-puertos-concentrador-usb-a-industrial-de-metal-de-montaje-en-riel-din-pared-o-escritorio-hub-de-expansion-taa-mod\/#breadcrumb\"},\"inLanguage\":\"es-MX\",\"potentialAction\":[{\"@type\":\"ReadAction\",\"target\":[\"https:\/\/compuviper.mx\/tienda\/producto\/startech-com-st4300usbm-hub-usb-3-0-de-4-puertos-concentrador-usb-a-industrial-de-metal-de-montaje-en-riel-din-pared-o-escritorio-hub-de-expansion-taa-mod\/\"]}]},{\"@type\":\"BreadcrumbList\",\"@id\":\"https:\/\/compuviper.mx\/tienda\/producto\/startech-com-st4300usbm-hub-usb-3-0-de-4-puertos-concentrador-usb-a-industrial-de-metal-de-montaje-en-riel-din-pared-o-escritorio-hub-de-expansion-taa-mod\/#breadcrumb\",\"itemListElement\":[{\"@type\":\"ListItem\",\"position\":1,\"name\":\"Inicio\",\"item\":\"https:\/\/compuviper.mx\/tienda\/\"},{\"@type\":\"ListItem\",\"position\":2,\"name\":\"Productos\",\"item\":\"https:\/\/compuviper.mx\/tienda\/productos\/\"},{\"@type\":\"ListItem\",\"position\":3,\"name\":\"Accesorios\",\"item\":\"https:\/\/compuviper.mx\/tienda\/categoria-producto\/accesorios\/\"},{\"@type\":\"ListItem\",\"position\":4,\"name\":\"Hub Usb\",\"item\":\"https:\/\/compuviper.mx\/tienda\/categoria-producto\/accesorios\/hub-usb\/\"},{\"@type\":\"ListItem\",\"position\":5,\"name\":\"Startech.com St4300usbm Hub Usb 3.0 De 4 Puertos &#8211; Concentrador Usb-a Industrial De Metal &#8211; De Montaje En Riel Din, Pared O Escritorio &#8211; Hub De Expansion Taa &#8211; Mod.\"}]},{\"@type\":\"WebSite\",\"@id\":\"https:\/\/compuviper.mx\/tienda\/#website\",\"url\":\"https:\/\/compuviper.mx\/tienda\/\",\"name\":\"Compuviper\",\"description\":\"Proveedor de Computadoras, Laptops, Servidores, Monitores, Puntos de Venta, Teclados,   Impresoras, T\u00f3ner, C\u00e1maras de Seguridad y m\u00e1s en tu tienda en l\u00ednea\",\"publisher\":{\"@id\":\"https:\/\/compuviper.mx\/tienda\/#organization\"},\"potentialAction\":[{\"@type\":\"SearchAction\",\"target\":{\"@type\":\"EntryPoint\",\"urlTemplate\":\"https:\/\/compuviper.mx\/tienda\/?s={search_term_string}\"},\"query-input\":\"required name=search_term_string\"}],\"inLanguage\":\"es-MX\"},{\"@type\":\"Organization\",\"@id\":\"https:\/\/compuviper.mx\/tienda\/#organization\",\"name\":\"Compuviper\",\"url\":\"https:\/\/compuviper.mx\/tienda\/\",\"logo\":{\"@type\":\"ImageObject\",\"inLanguage\":\"es-MX\",\"@id\":\"https:\/\/compuviper.mx\/tienda\/#\/schema\/logo\/image\/\",\"url\":\"https:\/\/compuviper.mx\/tienda\/wp-content\/uploads\/2021\/08\/Logo-Compuviper-10.png\",\"contentUrl\":\"https:\/\/compuviper.mx\/tienda\/wp-content\/uploads\/2021\/08\/Logo-Compuviper-10.png\",\"width\":1000,\"height\":500,\"caption\":\"Compuviper\"},\"image\":{\"@id\":\"https:\/\/compuviper.mx\/tienda\/#\/schema\/logo\/image\/\"},\"sameAs\":[\"https:\/\/www.facebook.com\/compuviper\",\"https:\/\/www.youtube.com\/channel\/UCf73dERp9Y3cfOq7q8BhLjA?view_as=subscriber\"]}]}<\/script>\n<meta property=\"product:brand\" content=\"STARTECH.COM\" \/>\n<meta property=\"product:price:amount\" content=\"2553\" \/>\n<meta property=\"product:price:currency\" content=\"MXN\" \/>\n<meta property=\"og:availability\" content=\"backorder\" \/>\n<meta property=\"product:availability\" content=\"available for order\" \/>\n<meta property=\"product:retailer_item_id\" content=\"ST4300USBM\" \/>\n<meta property=\"product:condition\" content=\"new\" \/>\n<!-- \/ Yoast SEO plugin. -->","yoast_head_json":{"title":"[ Startech.com ] &#129351; St4300usbm Hub Usb 3.0 De 4 Puertos - Concentrador Usb-a Industrial De Metal - De Montaje En Riel Din, Pared O Escritorio - Hub De Expansion Taa - Mod.","description":"Compra St4300usbm Hub Usb 3.0 De 4 Puertos - Concentrador Usb-a Industrial De Metal - De Montaje En Riel Din, Pared O Escritorio - Hub De Expansion Taa - Mod. + Env\u00edo a domicilio + Pago seguro + Garant\u00eda","robots":{"index":"index","follow":"follow","max-snippet":"max-snippet:-1","max-image-preview":"max-image-preview:large","max-video-preview":"max-video-preview:-1"},"canonical":"https:\/\/compuviper.mx\/tienda\/producto\/startech-com-st4300usbm-hub-usb-3-0-de-4-puertos-concentrador-usb-a-industrial-de-metal-de-montaje-en-riel-din-pared-o-escritorio-hub-de-expansion-taa-mod\/","og_locale":"es_MX","og_type":"article","og_title":"[ Startech.com ] &#129351; St4300usbm Hub Usb 3.0 De 4 Puertos - Concentrador Usb-a Industrial De Metal - De Montaje En Riel Din, Pared O Escritorio - Hub De Expansion Taa - Mod.","og_description":"Compra St4300usbm Hub Usb 3.0 De 4 Puertos - Concentrador Usb-a Industrial De Metal - De Montaje En Riel Din, Pared O Escritorio - Hub De Expansion Taa - Mod. + Env\u00edo a domicilio + Pago seguro + Garant\u00eda","og_url":"https:\/\/compuviper.mx\/tienda\/producto\/startech-com-st4300usbm-hub-usb-3-0-de-4-puertos-concentrador-usb-a-industrial-de-metal-de-montaje-en-riel-din-pared-o-escritorio-hub-de-expansion-taa-mod\/","og_site_name":"Compuviper","article_publisher":"https:\/\/www.facebook.com\/compuviper","og_image":[{"width":200,"height":200,"url":"https:\/\/compuviper.mx\/tienda\/wp-content\/uploads\/2023\/12\/Hub-usb-3.0-de-4-puertos-concentrador-usb-a-industrial-de-metal-de-montaje-en-riel-din-pared-o-escritorio-hub-de-expansion-taa-startech.com-mod.-st4300usbm.jpg","type":"image\/jpeg"}],"twitter_card":"summary_large_image","twitter_misc":{"Precio":"&#36;2,553 con IVA","Availability":"On backorder"},"schema":{"@context":"https:\/\/schema.org","@graph":[{"@type":"WebPage","@id":"https:\/\/compuviper.mx\/tienda\/producto\/startech-com-st4300usbm-hub-usb-3-0-de-4-puertos-concentrador-usb-a-industrial-de-metal-de-montaje-en-riel-din-pared-o-escritorio-hub-de-expansion-taa-mod\/","url":"https:\/\/compuviper.mx\/tienda\/producto\/startech-com-st4300usbm-hub-usb-3-0-de-4-puertos-concentrador-usb-a-industrial-de-metal-de-montaje-en-riel-din-pared-o-escritorio-hub-de-expansion-taa-mod\/","name":"[ Startech.com ] &#129351; St4300usbm Hub Usb 3.0 De 4 Puertos - Concentrador Usb-a Industrial De Metal - De Montaje En Riel Din, Pared O Escritorio - Hub De Expansion Taa - Mod.","isPartOf":{"@id":"https:\/\/compuviper.mx\/tienda\/#website"},"datePublished":"2026-04-07T05:35:35+00:00","dateModified":"2026-04-07T05:35:35+00:00","description":"Compra St4300usbm Hub Usb 3.0 De 4 Puertos - Concentrador Usb-a Industrial De Metal - De Montaje En Riel Din, Pared O Escritorio - Hub De Expansion Taa - Mod. + Env\u00edo a domicilio + Pago seguro + Garant\u00eda","breadcrumb":{"@id":"https:\/\/compuviper.mx\/tienda\/producto\/startech-com-st4300usbm-hub-usb-3-0-de-4-puertos-concentrador-usb-a-industrial-de-metal-de-montaje-en-riel-din-pared-o-escritorio-hub-de-expansion-taa-mod\/#breadcrumb"},"inLanguage":"es-MX","potentialAction":[{"@type":"ReadAction","target":["https:\/\/compuviper.mx\/tienda\/producto\/startech-com-st4300usbm-hub-usb-3-0-de-4-puertos-concentrador-usb-a-industrial-de-metal-de-montaje-en-riel-din-pared-o-escritorio-hub-de-expansion-taa-mod\/"]}]},{"@type":"BreadcrumbList","@id":"https:\/\/compuviper.mx\/tienda\/producto\/startech-com-st4300usbm-hub-usb-3-0-de-4-puertos-concentrador-usb-a-industrial-de-metal-de-montaje-en-riel-din-pared-o-escritorio-hub-de-expansion-taa-mod\/#breadcrumb","itemListElement":[{"@type":"ListItem","position":1,"name":"Inicio","item":"https:\/\/compuviper.mx\/tienda\/"},{"@type":"ListItem","position":2,"name":"Productos","item":"https:\/\/compuviper.mx\/tienda\/productos\/"},{"@type":"ListItem","position":3,"name":"Accesorios","item":"https:\/\/compuviper.mx\/tienda\/categoria-producto\/accesorios\/"},{"@type":"ListItem","position":4,"name":"Hub Usb","item":"https:\/\/compuviper.mx\/tienda\/categoria-producto\/accesorios\/hub-usb\/"},{"@type":"ListItem","position":5,"name":"Startech.com St4300usbm Hub Usb 3.0 De 4 Puertos &#8211; Concentrador Usb-a Industrial De Metal &#8211; De Montaje En Riel Din, Pared O Escritorio &#8211; Hub De Expansion Taa &#8211; Mod."}]},{"@type":"WebSite","@id":"https:\/\/compuviper.mx\/tienda\/#website","url":"https:\/\/compuviper.mx\/tienda\/","name":"Compuviper","description":"Proveedor de Computadoras, Laptops, Servidores, Monitores, Puntos de Venta, Teclados,   Impresoras, T\u00f3ner, C\u00e1maras de Seguridad y m\u00e1s en tu tienda en l\u00ednea","publisher":{"@id":"https:\/\/compuviper.mx\/tienda\/#organization"},"potentialAction":[{"@type":"SearchAction","target":{"@type":"EntryPoint","urlTemplate":"https:\/\/compuviper.mx\/tienda\/?s={search_term_string}"},"query-input":"required name=search_term_string"}],"inLanguage":"es-MX"},{"@type":"Organization","@id":"https:\/\/compuviper.mx\/tienda\/#organization","name":"Compuviper","url":"https:\/\/compuviper.mx\/tienda\/","logo":{"@type":"ImageObject","inLanguage":"es-MX","@id":"https:\/\/compuviper.mx\/tienda\/#\/schema\/logo\/image\/","url":"https:\/\/compuviper.mx\/tienda\/wp-content\/uploads\/2021\/08\/Logo-Compuviper-10.png","contentUrl":"https:\/\/compuviper.mx\/tienda\/wp-content\/uploads\/2021\/08\/Logo-Compuviper-10.png","width":1000,"height":500,"caption":"Compuviper"},"image":{"@id":"https:\/\/compuviper.mx\/tienda\/#\/schema\/logo\/image\/"},"sameAs":["https:\/\/www.facebook.com\/compuviper","https:\/\/www.youtube.com\/channel\/UCf73dERp9Y3cfOq7q8BhLjA?view_as=subscriber"]}]},"product_brand":"STARTECH.COM","product_price_amount":"2553","product_price_currency":"MXN","og_availability":"backorder","product_availability":"available for order","product_retailer_item_id":"ST4300USBM","product_condition":"new"},"_links":{"self":[{"href":"https:\/\/compuviper.mx\/tienda\/wp-json\/wp\/v2\/product\/228523"}],"collection":[{"href":"https:\/\/compuviper.mx\/tienda\/wp-json\/wp\/v2\/product"}],"about":[{"href":"https:\/\/compuviper.mx\/tienda\/wp-json\/wp\/v2\/types\/product"}],"replies":[{"embeddable":true,"href":"https:\/\/compuviper.mx\/tienda\/wp-json\/wp\/v2\/comments?post=228523"}],"wp:featuredmedia":[{"embeddable":true,"href":"https:\/\/compuviper.mx\/tienda\/wp-json\/wp\/v2\/media\/228524"}],"wp:attachment":[{"href":"https:\/\/compuviper.mx\/tienda\/wp-json\/wp\/v2\/media?parent=228523"}],"wp:term":[{"taxonomy":"product_cat","embeddable":true,"href":"https:\/\/compuviper.mx\/tienda\/wp-json\/wp\/v2\/product_cat?post=228523"},{"taxonomy":"product_tag","embeddable":true,"href":"https:\/\/compuviper.mx\/tienda\/wp-json\/wp\/v2\/product_tag?post=228523"}],"curies":[{"name":"wp","href":"https:\/\/api.w.org\/{rel}","templated":true}]}}