{"id":228504,"date":"2026-04-21T01:00:08","date_gmt":"2026-04-21T07:00:08","guid":{"rendered":"https:\/\/compuviper.mx\/tienda\/producto\/samsung-lh85qmcebgcxgo-monitor-sealizacion-digital-85-uhd-3840-x-2160-4k-qm85c-500nits-8ms-bocinas-3-hdmi-2-usb-rj45-rs232c-wifi-h-v-24-7\/"},"modified":"2026-04-21T01:00:08","modified_gmt":"2026-04-21T07:00:08","slug":"samsung-lh85qmcebgcxgo-monitor-sealizacion-digital-85-uhd-3840-x-2160-4k-qm85c-500nits-8ms-bocinas-3-hdmi-2-usb-rj45-rs232c-wifi-h-v-24-7","status":"publish","type":"product","link":"https:\/\/compuviper.mx\/tienda\/producto\/samsung-lh85qmcebgcxgo-monitor-sealizacion-digital-85-uhd-3840-x-2160-4k-qm85c-500nits-8ms-bocinas-3-hdmi-2-usb-rj45-rs232c-wifi-h-v-24-7\/","title":{"rendered":"Samsung Lh85qmcebgcxgo Monitor Se?alizacion Digital  85 Uhd 3,840 X 2,160 4k Qm85c, 500nits, 8ms, Bocinas, 3 Hdmi, 2 Usb, Rj45, Rs232c, Wifi, H\/v, 24\/7"},"content":{"rendered":"<table class=\"descripcion\">\n<tr>\n<td>Mostrar<\/td>\n<\/tr>\n<tr>\n<td>Resoluci\u00f3n<\/td>\n<\/tr>\n<tr>\n<td>3.840 x 2.160 (16:9)<\/td>\n<\/tr>\n<tr>\n<td>Relaci\u00f3n de contraste (din\u00e1mico)<\/td>\n<\/tr>\n<tr>\n<td>Mega<\/td>\n<\/tr>\n<tr>\n<td>\u00e1ngulo de visi\u00f3n (h\/v)<\/td>\n<\/tr>\n<tr>\n<td>178\/178<\/td>\n<\/tr>\n<tr>\n<td>Gama de colores<\/td>\n<\/tr>\n<tr>\n<td>72% (ntsc)<\/td>\n<\/tr>\n<tr>\n<td>Neblina de vidrio<\/td>\n<\/tr>\n<tr>\n<td>25%<\/td>\n<\/tr>\n<tr>\n<td>Frecuencia de escaneo h<\/td>\n<\/tr>\n<tr>\n<td>30~81khz<\/td>\n<\/tr>\n<tr>\n<td>Frecuencia m\u00e1xima de p\u00edxeles<\/td>\n<\/tr>\n<tr>\n<td>594mhz<\/td>\n<\/tr>\n<tr>\n<td>Frecuencia de escaneo v<\/td>\n<\/tr>\n<tr>\n<td>48~75hz<\/td>\n<\/tr>\n<tr>\n<td>Brillo (t\u00edpico)<\/td>\n<\/tr>\n<tr>\n<td>500 liendres<\/td>\n<\/tr>\n<tr>\n<td>Tama\u00f1o diagonal<\/td>\n<\/tr>\n<tr>\n<td>85<\/td>\n<\/tr>\n<tr>\n<td>Orientaci\u00f3n<\/td>\n<\/tr>\n<tr>\n<td>Retrato de paisaje<\/td>\n<\/tr>\n<tr>\n<td>Tipo de panel<\/td>\n<\/tr>\n<tr>\n<td>Va\/ips<\/td>\n<\/tr>\n<tr>\n<td>\u00e1rea de visualizaci\u00f3n activa<\/td>\n<\/tr>\n<tr>\n<td>1872,0(alto) x 1053,01(v)<\/td>\n<\/tr>\n<tr>\n<td>Tiempo de respuesta (ms)<\/td>\n<\/tr>\n<tr>\n<td>8ms<\/td>\n<\/tr>\n<tr>\n<td>Soporte de tiempo de operaci\u00f3n<\/td>\n<\/tr>\n<tr>\n<td>24\/7<\/td>\n<\/tr>\n<tr>\n<td>Relaci\u00f3n de contraste<\/td>\n<\/tr>\n<tr>\n<td>4.000:1<\/td>\n<\/tr>\n<tr>\n<td>Conectividad<\/td>\n<\/tr>\n<tr>\n<td>Entrada hdmi<\/td>\n<\/tr>\n<tr>\n<td>3<\/td>\n<\/tr>\n<tr>\n<td>Dp en<\/td>\n<\/tr>\n<tr>\n<td>1<\/td>\n<\/tr>\n<tr>\n<td>Versi\u00f3n de dp<\/td>\n<\/tr>\n<tr>\n<td>1.2<\/td>\n<\/tr>\n<tr>\n<td>Usb<\/td>\n<\/tr>\n<tr>\n<td>2<\/td>\n<\/tr>\n<tr>\n<td>Versi\u00f3n de hdcp<\/td>\n<\/tr>\n<tr>\n<td>2.2<\/td>\n<\/tr>\n<tr>\n<td>Entrada de infrarrojos<\/td>\n<\/tr>\n<tr>\n<td>S\u00ed<\/td>\n<\/tr>\n<tr>\n<td>Salida de audio<\/td>\n<\/tr>\n<tr>\n<td>Miniconector est\u00e9reo<\/td>\n<\/tr>\n<tr>\n<td>Entrada rs232<\/td>\n<\/tr>\n<tr>\n<td>S\u00ed<\/td>\n<\/tr>\n<tr>\n<td>Salida rs232<\/td>\n<\/tr>\n<tr>\n<td>S\u00ed<\/td>\n<\/tr>\n<tr>\n<td>Entrada rj45<\/td>\n<\/tr>\n<tr>\n<td>S\u00ed<\/td>\n<\/tr>\n<tr>\n<td>Wifi<\/td>\n<\/tr>\n<tr>\n<td>S\u00ed<\/td>\n<\/tr>\n<tr>\n<td>Versi\u00f3n de hdmi<\/td>\n<\/tr>\n<tr>\n<td>2<\/td>\n<\/tr>\n<tr>\n<td>Bluetooth<\/td>\n<\/tr>\n<tr>\n<td>S\u00ed<\/td>\n<\/tr>\n<tr>\n<td>Fuerza<\/td>\n<\/tr>\n<tr>\n<td>Fuente de alimentaci\u00f3n<\/td>\n<\/tr>\n<tr>\n<td>Ca 100-240 v 50\/60 hz.<\/td>\n<\/tr>\n<tr>\n<td>Consumo de energ\u00eda (modo encendido)<\/td>\n<\/tr>\n<tr>\n<td>330w<\/td>\n<\/tr>\n<tr>\n<td>Consumo de energ\u00eda (modo de suspensi\u00f3n)<\/td>\n<\/tr>\n<tr>\n<td>Menos de 0,5w<\/td>\n<\/tr>\n<tr>\n<td>Caracter\u00edsticas<\/td>\n<\/tr>\n<tr>\n<td>Llave<\/td>\n<\/tr>\n<tr>\n<td>Se\u00f1alizaci\u00f3n uhd con magicinfo s10 integrado, sssp 10.0<\/td>\n<\/tr>\n<tr>\n<td>H\/w especial<\/td>\n<\/tr>\n<tr>\n<td>Dise\u00f1o b2b de 2.\u00aa generaci\u00f3n<\/td>\n<\/tr>\n<tr>\n<td>Centro de infrarrojos<\/td>\n<\/tr>\n<tr>\n<td>Sensor de temperatura<\/td>\n<\/tr>\n<tr>\n<td>Sensor ambiental<\/td>\n<\/tr>\n<tr>\n<td>Nivel autom\u00e1tico<\/td>\n<\/tr>\n<tr>\n<td>Wi-fi (2,4\/5,0 ghz dual) y bt<\/td>\n<\/tr>\n<tr>\n<td>Software especial<\/td>\n<\/tr>\n<tr>\n<td>Se\u00f1alizaci\u00f3n nuevo hogar<\/td>\n<\/tr>\n<tr>\n<td>Espacio de trabajo (microsoft371\/vmware\/rdp)<\/td>\n<\/tr>\n<tr>\n<td>Inicio personalizado<\/td>\n<\/tr>\n<tr>\n<td>Cambio autom\u00e1tico de fuente y recuperaci\u00f3n<\/td>\n<\/tr>\n<tr>\n<td>Modo de simulaci\u00f3n dicom<\/td>\n<\/tr>\n<tr>\n<td>Modo director<\/td>\n<\/tr>\n<tr>\n<td>Vista inteligente+<\/td>\n<\/tr>\n<tr>\n<td>Motor web actualizable<\/td>\n<\/tr>\n<tr>\n<td>Plataforma empresarial tizen<\/td>\n<\/tr>\n<tr>\n<td>Soluci\u00f3n de videoconferencia<\/td>\n<\/tr>\n<tr>\n<td>Calibraci\u00f3n inteligente<\/td>\n<\/tr>\n<tr>\n<td>Reproductor interno<\/td>\n<\/tr>\n<tr>\n<td>Procesador<\/td>\n<\/tr>\n<tr>\n<td>Ca73 de cuatro n\u00facleos a 1,6 ghz<\/td>\n<\/tr>\n<tr>\n<td>Sistema operativo<\/td>\n<\/tr>\n<tr>\n<td>Tizen 7.0<\/td>\n<\/tr>\n<tr>\n<td>Almacenamiento (fdm)<\/td>\n<\/tr>\n<tr>\n<td>16 gb (10 gb disponibles)<\/td>\n<\/tr>\n<tr>\n<td>Dimensiones<\/td>\n<\/tr>\n<tr>\n<td>Ancho del bisel<\/td>\n<\/tr>\n<tr>\n<td>13,9 mm (par)<\/td>\n<\/tr>\n<tr>\n<td>Establecer dimensiones (anxalxpr)<\/td>\n<\/tr>\n<tr>\n<td>1904,3 x 1085,3 x 28,5 mm<\/td>\n<\/tr>\n<tr>\n<td>Dimensiones del paquete (anchoxaltoxlargo)<\/td>\n<\/tr>\n<tr>\n<td>2077x1222x210mm<\/td>\n<\/tr>\n<tr>\n<td>Peso<\/td>\n<\/tr>\n<tr>\n<td>Peso establecido (kg)<\/td>\n<\/tr>\n<tr>\n<td>41.4<\/td>\n<\/tr>\n<tr>\n<td>Peso del paquete (kg)<\/td>\n<\/tr>\n<tr>\n<td>53.4<\/td>\n<\/tr>\n<tr>\n<td>Peso establecido (libras)<\/td>\n<\/tr>\n<tr>\n<td>91.3<\/td>\n<\/tr>\n<tr>\n<td>Peso del producto (libras)<\/td>\n<\/tr>\n<tr>\n<td>117,7<\/td>\n<\/tr>\n<tr>\n<td>Accesorios<\/td>\n<\/tr>\n<tr>\n<td>Incluido en la caja<\/td>\n<\/tr>\n<tr>\n<td>Gu\u00eda de configuraci\u00f3n r\u00e1pida, tarjeta de garant\u00eda, cable de alimentaci\u00f3n rs232c(in) g\u00e9nero control remoto y bater\u00edas<\/td>\n<\/tr>\n<tr>\n<td>Soporte opcional<\/td>\n<\/tr>\n<tr>\n<td>Stn-l6585c<\/td>\n<\/tr>\n<tr>\n<td>Especificaciones mec\u00e1nicas<\/td>\n<\/tr>\n<tr>\n<td>Montaje vesa<\/td>\n<\/tr>\n<tr>\n<td>600 x 400<\/td>\n<\/tr>\n<tr>\n<td>Material del marco<\/td>\n<\/tr>\n<tr>\n<td>No brillante<\/td>\n<\/tr>\n<tr>\n<td>Tornillo de montaje vesa (m\u00edn. ~ m\u00e1x.)<\/td>\n<\/tr>\n<tr>\n<td>M8, 12~14 mm<\/td>\n<\/tr>\n<tr>\n<td>Ancho del bisel (mm)<\/td>\n<\/tr>\n<tr>\n<td>13.9 (par)<\/td>\n<\/tr>\n<tr>\n<td>Establecer dimensi\u00f3n (pulgadas)<\/td>\n<\/tr>\n<tr>\n<td>75 x 42,7 x 1,1<\/td>\n<\/tr>\n<tr>\n<td>Dimensi\u00f3n del paquete (pulgadas)<\/td>\n<\/tr>\n<tr>\n<td>81,8 x 4,8 x 8,3<\/td>\n<\/tr>\n<tr>\n<td>Soc<\/td>\n<\/tr>\n<tr>\n<td>Versi\u00f3n del sistema operativo<\/td>\n<\/tr>\n<tr>\n<td>Tizen 7.0<\/td>\n<\/tr>\n<tr>\n<td>Tama\u00f1o de la memoria flash<\/td>\n<\/tr>\n<tr>\n<td>16 gb<\/td>\n<\/tr>\n<tr>\n<td>Caracter\u00edstica opcional<\/td>\n<\/tr>\n<tr>\n<td>Montar<\/td>\n<\/tr>\n<tr>\n<td>Wmn-b50sc<\/td>\n<\/tr>\n<tr>\n<td>Pararse<\/td>\n<\/tr>\n<tr>\n<td>Stn-l6585c<\/td>\n<\/tr>\n<tr>\n<td>Certificaci\u00f3n<\/td>\n<\/tr>\n<tr>\n<td>Seguridad<\/td>\n<\/tr>\n<tr>\n<td>60950-1 \/ 62368-1<\/td>\n<\/tr>\n<tr>\n<td>Cem<\/td>\n<\/tr>\n<tr>\n<td>Clase a<\/td>\n<\/tr>\n<tr>\n<td>Ambiente<\/td>\n<\/tr>\n<tr>\n<td>Energy star 8.0, epeat<\/td>\n<\/tr>\n<tr>\n<td>Clasificaci\u00f3n del ip<\/td>\n<\/tr>\n<tr>\n<td>Ip5x<\/td>\n<\/tr>\n<tr>\n<td>Seguridad<\/td>\n<\/tr>\n<tr>\n<td>802.1x (wpa2 empresarial): eap-tls, eap-ttls, eap-peap<\/td>\n<\/tr>\n<tr>\n<td>Panel de visualizaci\u00f3n<\/td>\n<\/tr>\n<tr>\n<td>Tama\u00f1o de pantalla<\/td>\n<\/tr>\n<tr>\n<td>85<\/td>\n<\/tr>\n<tr>\n<td>Medido<\/td>\n<\/tr>\n<tr>\n<td>84,5<\/td>\n<\/tr>\n<tr>\n<td>Relaci\u00f3n de contraste (t\u00edp.)<\/td>\n<\/tr>\n<tr>\n<td>4000:1<\/td>\n<\/tr>\n<tr>\n<td>\u00edcono de validado por la comunidad<\/td>\n<\/tr>\n<tr>\n<td>Tama\u00f1o de pantalla<\/td>\n<\/tr>\n<tr>\n<td>85<\/td>\n<\/tr>\n<tr>\n<td>Medido<\/td>\n<\/tr>\n<tr>\n<td>84,5<\/td>\n<\/tr>\n<tr>\n<td>Relaci\u00f3n de contraste (t\u00edp.)<\/td>\n<\/tr>\n<tr>\n<td>4000:1<\/td>\n<\/tr>\n<tr>\n<td>Paso de p\u00edxeles (mm)<\/td>\n<\/tr>\n<tr>\n<td>0,487 x 0,487<\/td>\n<\/tr>\n<tr>\n<td>Conectividad\/sonido<\/td>\n<\/tr>\n<tr>\n<td>Entrada de video<\/td>\n<\/tr>\n<tr>\n<td>Dp 1.2 (1), hdmi 2.0 (3)<\/td>\n<\/tr>\n<tr>\n<td>Entrada hdcp<\/td>\n<\/tr>\n<tr>\n<td>Hdcp2.2<\/td>\n<\/tr>\n<tr>\n<td>Entrada usb<\/td>\n<\/tr>\n<tr>\n<td>Usb 2.0&#215;2<\/td>\n<\/tr>\n<tr>\n<td>Salida de audio<\/td>\n<\/tr>\n<tr>\n<td>Miniconector est\u00e9reo<\/td>\n<\/tr>\n<tr>\n<td>Wi-fi\/bt<\/td>\n<\/tr>\n<tr>\n<td>O\/o<\/td>\n<\/tr>\n<tr>\n<td>Control externo<\/td>\n<\/tr>\n<tr>\n<td>Rs232c (entrada\/salida), rj45<\/td>\n<\/tr>\n<tr>\n<td>Vocero<\/td>\n<\/tr>\n<tr>\n<td>10w 2 canales<\/td>\n<\/tr>\n<tr>\n<td>Condici\u00f3n de uso<\/td>\n<\/tr>\n<tr>\n<td>Temperatura (celsius)<\/td>\n<\/tr>\n<tr>\n<td>0  and #8451; ~ 40  and #8451;<\/td>\n<\/tr>\n<tr>\n<td>Temperatura (fahrenheit)<\/td>\n<\/tr>\n<tr>\n<td>32 ~ 104<\/td>\n<\/tr>\n<tr>\n<td>Humedad relativa<\/td>\n<\/tr>\n<tr>\n<td>10~80%<\/td>\n<\/tr>\n<\/table>\n","protected":false},"excerpt":{"rendered":"<p>Mostrar Resoluci\u00f3n 3.840 x 2.160 (16:9) Relaci\u00f3n de contraste (din\u00e1mico) Mega \u00e1ngulo de visi\u00f3n (h\/v) 178\/178 Gama de colores 72% (ntsc) Neblina de vidrio 25% Frecuencia de escaneo h 30~81khz Frecuencia m\u00e1xima de p\u00edxeles 594mhz Frecuencia de escaneo v 48~75hz Brillo (t\u00edpico) 500 liendres Tama\u00f1o diagonal 85 Orientaci\u00f3n Retrato de paisaje Tipo de panel Va\/ips [&hellip;]<\/p>\n","protected":false},"featured_media":234119,"comment_status":"open","ping_status":"open","template":"","meta":[],"product_cat":[1740,1741],"product_tag":[1743],"acf":[],"yoast_head":"<!-- This site is optimized with the Yoast SEO plugin v21.7 - https:\/\/yoast.com\/wordpress\/plugins\/seo\/ -->\n<title>[ Samsung ] &#129351; Lh85qmcebgcxgo Monitor Se\u00f1alizacion Digital 85 Uhd 3,840 X 2,160 4k Qm85c, 500nits, 8ms, Bocinas, 3 Hdmi, 2 Usb, Rj45, Rs232c, Wifi, H\/v, 24\/7<\/title>\n<meta name=\"description\" content=\"Compra Lh85qmcebgcxgo Monitor Se\u00f1alizacion Digital 85 Uhd 3,840 X 2,160 4k Qm85c, 500nits, 8ms, Bocinas, 3 Hdmi, 2 Usb, Rj45, Rs232c, Wifi, H\/v, 24\/7 + Env\u00edo a domicilio + Pago seguro + Garant\u00eda\" \/>\n<meta name=\"robots\" content=\"index, follow, max-snippet:-1, max-image-preview:large, max-video-preview:-1\" \/>\n<link rel=\"canonical\" href=\"https:\/\/compuviper.mx\/tienda\/producto\/samsung-lh85qmcebgcxgo-monitor-sealizacion-digital-85-uhd-3840-x-2160-4k-qm85c-500nits-8ms-bocinas-3-hdmi-2-usb-rj45-rs232c-wifi-h-v-24-7\/\" \/>\n<meta property=\"og:locale\" content=\"es_MX\" \/>\n<meta property=\"og:type\" content=\"article\" \/>\n<meta property=\"og:title\" content=\"[ Samsung ] &#129351; Lh85qmcebgcxgo Monitor Se\u00f1alizacion Digital 85 Uhd 3,840 X 2,160 4k Qm85c, 500nits, 8ms, Bocinas, 3 Hdmi, 2 Usb, Rj45, Rs232c, Wifi, H\/v, 24\/7\" \/>\n<meta property=\"og:description\" content=\"Compra Lh85qmcebgcxgo Monitor Se\u00f1alizacion Digital 85 Uhd 3,840 X 2,160 4k Qm85c, 500nits, 8ms, Bocinas, 3 Hdmi, 2 Usb, Rj45, Rs232c, Wifi, H\/v, 24\/7 + Env\u00edo a domicilio + Pago seguro + Garant\u00eda\" \/>\n<meta property=\"og:url\" content=\"https:\/\/compuviper.mx\/tienda\/producto\/samsung-lh85qmcebgcxgo-monitor-sealizacion-digital-85-uhd-3840-x-2160-4k-qm85c-500nits-8ms-bocinas-3-hdmi-2-usb-rj45-rs232c-wifi-h-v-24-7\/\" \/>\n<meta property=\"og:site_name\" content=\"Compuviper\" \/>\n<meta property=\"article:publisher\" content=\"https:\/\/www.facebook.com\/compuviper\" \/>\n<meta property=\"og:image\" content=\"https:\/\/compuviper.mx\/tienda\/wp-content\/uploads\/2024\/05\/Monitor-senalizacion-digital-samsung-85-uhd-3840-x-2160-4k-qm85c-500nits-8ms-bocinas-3-hdmi-2-usb-rj45-rs232c-wifi-hv-247.jpg\" \/>\n\t<meta property=\"og:image:width\" content=\"200\" \/>\n\t<meta property=\"og:image:height\" content=\"200\" \/>\n\t<meta property=\"og:image:type\" content=\"image\/jpeg\" \/>\n<meta name=\"twitter:card\" content=\"summary_large_image\" \/>\n<meta name=\"twitter:label1\" content=\"Precio\" \/>\n\t<meta name=\"twitter:data1\" content=\"&#36;31,110 con IVA\" \/>\n\t<meta name=\"twitter:label2\" content=\"Availability\" \/>\n\t<meta name=\"twitter:data2\" content=\"In stock\" \/>\n<script type=\"application\/ld+json\" class=\"yoast-schema-graph\">{\"@context\":\"https:\/\/schema.org\",\"@graph\":[{\"@type\":\"WebPage\",\"@id\":\"https:\/\/compuviper.mx\/tienda\/producto\/samsung-lh85qmcebgcxgo-monitor-sealizacion-digital-85-uhd-3840-x-2160-4k-qm85c-500nits-8ms-bocinas-3-hdmi-2-usb-rj45-rs232c-wifi-h-v-24-7\/\",\"url\":\"https:\/\/compuviper.mx\/tienda\/producto\/samsung-lh85qmcebgcxgo-monitor-sealizacion-digital-85-uhd-3840-x-2160-4k-qm85c-500nits-8ms-bocinas-3-hdmi-2-usb-rj45-rs232c-wifi-h-v-24-7\/\",\"name\":\"[ Samsung ] &#129351; Lh85qmcebgcxgo Monitor Se\u00f1alizacion Digital 85 Uhd 3,840 X 2,160 4k Qm85c, 500nits, 8ms, Bocinas, 3 Hdmi, 2 Usb, Rj45, Rs232c, Wifi, H\/v, 24\/7\",\"isPartOf\":{\"@id\":\"https:\/\/compuviper.mx\/tienda\/#website\"},\"datePublished\":\"2026-04-21T07:00:08+00:00\",\"dateModified\":\"2026-04-21T07:00:08+00:00\",\"description\":\"Compra Lh85qmcebgcxgo Monitor Se\u00f1alizacion Digital 85 Uhd 3,840 X 2,160 4k Qm85c, 500nits, 8ms, Bocinas, 3 Hdmi, 2 Usb, Rj45, Rs232c, Wifi, H\/v, 24\/7 + Env\u00edo a domicilio + Pago seguro + Garant\u00eda\",\"breadcrumb\":{\"@id\":\"https:\/\/compuviper.mx\/tienda\/producto\/samsung-lh85qmcebgcxgo-monitor-sealizacion-digital-85-uhd-3840-x-2160-4k-qm85c-500nits-8ms-bocinas-3-hdmi-2-usb-rj45-rs232c-wifi-h-v-24-7\/#breadcrumb\"},\"inLanguage\":\"es-MX\",\"potentialAction\":[{\"@type\":\"ReadAction\",\"target\":[\"https:\/\/compuviper.mx\/tienda\/producto\/samsung-lh85qmcebgcxgo-monitor-sealizacion-digital-85-uhd-3840-x-2160-4k-qm85c-500nits-8ms-bocinas-3-hdmi-2-usb-rj45-rs232c-wifi-h-v-24-7\/\"]}]},{\"@type\":\"BreadcrumbList\",\"@id\":\"https:\/\/compuviper.mx\/tienda\/producto\/samsung-lh85qmcebgcxgo-monitor-sealizacion-digital-85-uhd-3840-x-2160-4k-qm85c-500nits-8ms-bocinas-3-hdmi-2-usb-rj45-rs232c-wifi-h-v-24-7\/#breadcrumb\",\"itemListElement\":[{\"@type\":\"ListItem\",\"position\":1,\"name\":\"Inicio\",\"item\":\"https:\/\/compuviper.mx\/tienda\/\"},{\"@type\":\"ListItem\",\"position\":2,\"name\":\"Productos\",\"item\":\"https:\/\/compuviper.mx\/tienda\/productos\/\"},{\"@type\":\"ListItem\",\"position\":3,\"name\":\"Monitores\",\"item\":\"https:\/\/compuviper.mx\/tienda\/categoria-producto\/monitores\/\"},{\"@type\":\"ListItem\",\"position\":4,\"name\":\"Led\",\"item\":\"https:\/\/compuviper.mx\/tienda\/categoria-producto\/monitores\/led\/\"},{\"@type\":\"ListItem\",\"position\":5,\"name\":\"Samsung Lh85qmcebgcxgo Monitor Se?alizacion Digital 85 Uhd 3,840 X 2,160 4k Qm85c, 500nits, 8ms, Bocinas, 3 Hdmi, 2 Usb, Rj45, Rs232c, Wifi, H\/v, 24\/7\"}]},{\"@type\":\"WebSite\",\"@id\":\"https:\/\/compuviper.mx\/tienda\/#website\",\"url\":\"https:\/\/compuviper.mx\/tienda\/\",\"name\":\"Compuviper\",\"description\":\"Proveedor de Computadoras, Laptops, Servidores, Monitores, Puntos de Venta, Teclados,   Impresoras, T\u00f3ner, C\u00e1maras de Seguridad y m\u00e1s en tu tienda en l\u00ednea\",\"publisher\":{\"@id\":\"https:\/\/compuviper.mx\/tienda\/#organization\"},\"potentialAction\":[{\"@type\":\"SearchAction\",\"target\":{\"@type\":\"EntryPoint\",\"urlTemplate\":\"https:\/\/compuviper.mx\/tienda\/?s={search_term_string}\"},\"query-input\":\"required name=search_term_string\"}],\"inLanguage\":\"es-MX\"},{\"@type\":\"Organization\",\"@id\":\"https:\/\/compuviper.mx\/tienda\/#organization\",\"name\":\"Compuviper\",\"url\":\"https:\/\/compuviper.mx\/tienda\/\",\"logo\":{\"@type\":\"ImageObject\",\"inLanguage\":\"es-MX\",\"@id\":\"https:\/\/compuviper.mx\/tienda\/#\/schema\/logo\/image\/\",\"url\":\"https:\/\/compuviper.mx\/tienda\/wp-content\/uploads\/2021\/08\/Logo-Compuviper-10.png\",\"contentUrl\":\"https:\/\/compuviper.mx\/tienda\/wp-content\/uploads\/2021\/08\/Logo-Compuviper-10.png\",\"width\":1000,\"height\":500,\"caption\":\"Compuviper\"},\"image\":{\"@id\":\"https:\/\/compuviper.mx\/tienda\/#\/schema\/logo\/image\/\"},\"sameAs\":[\"https:\/\/www.facebook.com\/compuviper\",\"https:\/\/www.youtube.com\/channel\/UCf73dERp9Y3cfOq7q8BhLjA?view_as=subscriber\"]}]}<\/script>\n<meta property=\"product:brand\" content=\"SAMSUNG\" \/>\n<meta property=\"product:price:amount\" content=\"31110\" \/>\n<meta property=\"product:price:currency\" content=\"MXN\" \/>\n<meta property=\"og:availability\" content=\"instock\" \/>\n<meta property=\"product:availability\" content=\"instock\" \/>\n<meta property=\"product:retailer_item_id\" content=\"LH85QMCEBGCXGO\" \/>\n<meta property=\"product:condition\" content=\"new\" \/>\n<!-- \/ Yoast SEO plugin. -->","yoast_head_json":{"title":"[ Samsung ] &#129351; Lh85qmcebgcxgo Monitor Se\u00f1alizacion Digital 85 Uhd 3,840 X 2,160 4k Qm85c, 500nits, 8ms, Bocinas, 3 Hdmi, 2 Usb, Rj45, Rs232c, Wifi, H\/v, 24\/7","description":"Compra Lh85qmcebgcxgo Monitor Se\u00f1alizacion Digital 85 Uhd 3,840 X 2,160 4k Qm85c, 500nits, 8ms, Bocinas, 3 Hdmi, 2 Usb, Rj45, Rs232c, Wifi, H\/v, 24\/7 + Env\u00edo a domicilio + Pago seguro + Garant\u00eda","robots":{"index":"index","follow":"follow","max-snippet":"max-snippet:-1","max-image-preview":"max-image-preview:large","max-video-preview":"max-video-preview:-1"},"canonical":"https:\/\/compuviper.mx\/tienda\/producto\/samsung-lh85qmcebgcxgo-monitor-sealizacion-digital-85-uhd-3840-x-2160-4k-qm85c-500nits-8ms-bocinas-3-hdmi-2-usb-rj45-rs232c-wifi-h-v-24-7\/","og_locale":"es_MX","og_type":"article","og_title":"[ Samsung ] &#129351; Lh85qmcebgcxgo Monitor Se\u00f1alizacion Digital 85 Uhd 3,840 X 2,160 4k Qm85c, 500nits, 8ms, Bocinas, 3 Hdmi, 2 Usb, Rj45, Rs232c, Wifi, H\/v, 24\/7","og_description":"Compra Lh85qmcebgcxgo Monitor Se\u00f1alizacion Digital 85 Uhd 3,840 X 2,160 4k Qm85c, 500nits, 8ms, Bocinas, 3 Hdmi, 2 Usb, Rj45, Rs232c, Wifi, H\/v, 24\/7 + Env\u00edo a domicilio + Pago seguro + Garant\u00eda","og_url":"https:\/\/compuviper.mx\/tienda\/producto\/samsung-lh85qmcebgcxgo-monitor-sealizacion-digital-85-uhd-3840-x-2160-4k-qm85c-500nits-8ms-bocinas-3-hdmi-2-usb-rj45-rs232c-wifi-h-v-24-7\/","og_site_name":"Compuviper","article_publisher":"https:\/\/www.facebook.com\/compuviper","og_image":[{"width":200,"height":200,"url":"https:\/\/compuviper.mx\/tienda\/wp-content\/uploads\/2024\/05\/Monitor-senalizacion-digital-samsung-85-uhd-3840-x-2160-4k-qm85c-500nits-8ms-bocinas-3-hdmi-2-usb-rj45-rs232c-wifi-hv-247.jpg","type":"image\/jpeg"}],"twitter_card":"summary_large_image","twitter_misc":{"Precio":"&#36;31,110 con IVA","Availability":"In stock"},"schema":{"@context":"https:\/\/schema.org","@graph":[{"@type":"WebPage","@id":"https:\/\/compuviper.mx\/tienda\/producto\/samsung-lh85qmcebgcxgo-monitor-sealizacion-digital-85-uhd-3840-x-2160-4k-qm85c-500nits-8ms-bocinas-3-hdmi-2-usb-rj45-rs232c-wifi-h-v-24-7\/","url":"https:\/\/compuviper.mx\/tienda\/producto\/samsung-lh85qmcebgcxgo-monitor-sealizacion-digital-85-uhd-3840-x-2160-4k-qm85c-500nits-8ms-bocinas-3-hdmi-2-usb-rj45-rs232c-wifi-h-v-24-7\/","name":"[ Samsung ] &#129351; Lh85qmcebgcxgo Monitor Se\u00f1alizacion Digital 85 Uhd 3,840 X 2,160 4k Qm85c, 500nits, 8ms, Bocinas, 3 Hdmi, 2 Usb, Rj45, Rs232c, Wifi, H\/v, 24\/7","isPartOf":{"@id":"https:\/\/compuviper.mx\/tienda\/#website"},"datePublished":"2026-04-21T07:00:08+00:00","dateModified":"2026-04-21T07:00:08+00:00","description":"Compra Lh85qmcebgcxgo Monitor Se\u00f1alizacion Digital 85 Uhd 3,840 X 2,160 4k Qm85c, 500nits, 8ms, Bocinas, 3 Hdmi, 2 Usb, Rj45, Rs232c, Wifi, H\/v, 24\/7 + Env\u00edo a domicilio + Pago seguro + Garant\u00eda","breadcrumb":{"@id":"https:\/\/compuviper.mx\/tienda\/producto\/samsung-lh85qmcebgcxgo-monitor-sealizacion-digital-85-uhd-3840-x-2160-4k-qm85c-500nits-8ms-bocinas-3-hdmi-2-usb-rj45-rs232c-wifi-h-v-24-7\/#breadcrumb"},"inLanguage":"es-MX","potentialAction":[{"@type":"ReadAction","target":["https:\/\/compuviper.mx\/tienda\/producto\/samsung-lh85qmcebgcxgo-monitor-sealizacion-digital-85-uhd-3840-x-2160-4k-qm85c-500nits-8ms-bocinas-3-hdmi-2-usb-rj45-rs232c-wifi-h-v-24-7\/"]}]},{"@type":"BreadcrumbList","@id":"https:\/\/compuviper.mx\/tienda\/producto\/samsung-lh85qmcebgcxgo-monitor-sealizacion-digital-85-uhd-3840-x-2160-4k-qm85c-500nits-8ms-bocinas-3-hdmi-2-usb-rj45-rs232c-wifi-h-v-24-7\/#breadcrumb","itemListElement":[{"@type":"ListItem","position":1,"name":"Inicio","item":"https:\/\/compuviper.mx\/tienda\/"},{"@type":"ListItem","position":2,"name":"Productos","item":"https:\/\/compuviper.mx\/tienda\/productos\/"},{"@type":"ListItem","position":3,"name":"Monitores","item":"https:\/\/compuviper.mx\/tienda\/categoria-producto\/monitores\/"},{"@type":"ListItem","position":4,"name":"Led","item":"https:\/\/compuviper.mx\/tienda\/categoria-producto\/monitores\/led\/"},{"@type":"ListItem","position":5,"name":"Samsung Lh85qmcebgcxgo Monitor Se?alizacion Digital 85 Uhd 3,840 X 2,160 4k Qm85c, 500nits, 8ms, Bocinas, 3 Hdmi, 2 Usb, Rj45, Rs232c, Wifi, H\/v, 24\/7"}]},{"@type":"WebSite","@id":"https:\/\/compuviper.mx\/tienda\/#website","url":"https:\/\/compuviper.mx\/tienda\/","name":"Compuviper","description":"Proveedor de Computadoras, Laptops, Servidores, Monitores, Puntos de Venta, Teclados,   Impresoras, T\u00f3ner, C\u00e1maras de Seguridad y m\u00e1s en tu tienda en l\u00ednea","publisher":{"@id":"https:\/\/compuviper.mx\/tienda\/#organization"},"potentialAction":[{"@type":"SearchAction","target":{"@type":"EntryPoint","urlTemplate":"https:\/\/compuviper.mx\/tienda\/?s={search_term_string}"},"query-input":"required name=search_term_string"}],"inLanguage":"es-MX"},{"@type":"Organization","@id":"https:\/\/compuviper.mx\/tienda\/#organization","name":"Compuviper","url":"https:\/\/compuviper.mx\/tienda\/","logo":{"@type":"ImageObject","inLanguage":"es-MX","@id":"https:\/\/compuviper.mx\/tienda\/#\/schema\/logo\/image\/","url":"https:\/\/compuviper.mx\/tienda\/wp-content\/uploads\/2021\/08\/Logo-Compuviper-10.png","contentUrl":"https:\/\/compuviper.mx\/tienda\/wp-content\/uploads\/2021\/08\/Logo-Compuviper-10.png","width":1000,"height":500,"caption":"Compuviper"},"image":{"@id":"https:\/\/compuviper.mx\/tienda\/#\/schema\/logo\/image\/"},"sameAs":["https:\/\/www.facebook.com\/compuviper","https:\/\/www.youtube.com\/channel\/UCf73dERp9Y3cfOq7q8BhLjA?view_as=subscriber"]}]},"product_brand":"SAMSUNG","product_price_amount":"31110","product_price_currency":"MXN","og_availability":"instock","product_availability":"instock","product_retailer_item_id":"LH85QMCEBGCXGO","product_condition":"new"},"_links":{"self":[{"href":"https:\/\/compuviper.mx\/tienda\/wp-json\/wp\/v2\/product\/228504"}],"collection":[{"href":"https:\/\/compuviper.mx\/tienda\/wp-json\/wp\/v2\/product"}],"about":[{"href":"https:\/\/compuviper.mx\/tienda\/wp-json\/wp\/v2\/types\/product"}],"replies":[{"embeddable":true,"href":"https:\/\/compuviper.mx\/tienda\/wp-json\/wp\/v2\/comments?post=228504"}],"wp:featuredmedia":[{"embeddable":true,"href":"https:\/\/compuviper.mx\/tienda\/wp-json\/wp\/v2\/media\/234119"}],"wp:attachment":[{"href":"https:\/\/compuviper.mx\/tienda\/wp-json\/wp\/v2\/media?parent=228504"}],"wp:term":[{"taxonomy":"product_cat","embeddable":true,"href":"https:\/\/compuviper.mx\/tienda\/wp-json\/wp\/v2\/product_cat?post=228504"},{"taxonomy":"product_tag","embeddable":true,"href":"https:\/\/compuviper.mx\/tienda\/wp-json\/wp\/v2\/product_tag?post=228504"}],"curies":[{"name":"wp","href":"https:\/\/api.w.org\/{rel}","templated":true}]}}