{"id":228498,"date":"2026-04-02T00:43:49","date_gmt":"2026-04-02T06:43:49","guid":{"rendered":"https:\/\/compuviper.mx\/tienda\/producto\/balam-rush-br-936798-teclado-gamer-legend-series-dominate-expert-gk979-mecnico-alambrico-usb-3-0-tipo-c-control-multimedia-rgb-105-teclas-espaol-blanco\/"},"modified":"2026-04-02T00:43:49","modified_gmt":"2026-04-02T06:43:49","slug":"balam-rush-br-9367987506215936798-teclado-gamer-dominate-expert-gk979-alambrico-multimedia-iluminacion-rgb-105-teclas-espaol-ergonomico-mecanico-win-ios-linux-android-blanco","status":"publish","type":"product","link":"https:\/\/compuviper.mx\/tienda\/producto\/balam-rush-br-9367987506215936798-teclado-gamer-dominate-expert-gk979-alambrico-multimedia-iluminacion-rgb-105-teclas-espaol-ergonomico-mecanico-win-ios-linux-android-blanco\/","title":{"rendered":"Balam Rush Br-936798,7506215936798 Teclado Gamer  Dominate Expert Gk979 \/ Alambrico \/ Multimedia \/ Iluminacion Rgb \/105 Teclas \/ Espa?ol \/ Ergonomico \/ Mecanico \/ Win- Ios &#8211; Linux &#8211; Android \/ Blanco \/ Br-936798"},"content":{"rendered":"<table class=\"descripcion\">\n<tr>\n<td>Especificaciones<\/td>\n<\/tr>\n<tr>\n<td>*producto: teclado mec\u00e1nico<\/td>\n<\/tr>\n<tr>\n<td>*modelo: br-936781<\/td>\n<\/tr>\n<tr>\n<td>*material: abs + aluminio<\/td>\n<\/tr>\n<tr>\n<td>*color: blanco<\/td>\n<\/tr>\n<tr>\n<td>*dimensiones: 443 x 240 x 40 mm<\/td>\n<\/tr>\n<tr>\n<td>*peso: 827 g<\/td>\n<\/tr>\n<tr>\n<td>*compatibilidad:<\/td>\n<\/tr>\n<tr>\n<td>     *windows98<\/td>\n<\/tr>\n<tr>\n<td>     *me 2000<\/td>\n<\/tr>\n<tr>\n<td>     *xp<\/td>\n<\/tr>\n<tr>\n<td>     *vista win7<\/td>\n<\/tr>\n<tr>\n<td>     *win8<\/td>\n<\/tr>\n<tr>\n<td>     *win10<\/td>\n<\/tr>\n<tr>\n<td>     *win11<\/td>\n<\/tr>\n<tr>\n<td>     *mac<\/td>\n<\/tr>\n<tr>\n<td>     *linux<\/td>\n<\/tr>\n<tr>\n<td>     *android<\/td>\n<\/tr>\n<tr>\n<td>*idioma: espa\u00f1ol<\/td>\n<\/tr>\n<tr>\n<td>*switch: rojo outemu<\/td>\n<\/tr>\n<tr>\n<td>*anti-ghosting: 100 %<\/td>\n<\/tr>\n<tr>\n<td>*conectividad: al\u00e1mbrica usb 3.0 &#8211; tipo c<\/td>\n<\/tr>\n<tr>\n<td>*tipo de cable: trenzado<\/td>\n<\/tr>\n<tr>\n<td>*longitud de cable: 1.8 m<\/td>\n<\/tr>\n<tr>\n<td>*tipo de teclas: tapas de inyecci\u00f3n de doble capa<\/td>\n<\/tr>\n<tr>\n<td>*n\u00famero de teclas totales: 105<\/td>\n<\/tr>\n<tr>\n<td>*iluminaci\u00f3n:  rgb \/ 18 modos<\/td>\n<\/tr>\n<tr>\n<td>*caracter\u00edstica electrica: 5 vcc<\/td>\n<\/tr>\n<\/table>\n","protected":false},"excerpt":{"rendered":"<p>Teclado gamer balam rush legend series  dominate expert gk979 \/ mec\u00e1nico\/ alambrico usb 3.0 &#8211; tipo c \/ control multimedia \/ rgb \/ 105 teclas \/ espa\u00f1ol \/ blanco \/ br-936798<\/p>\n","protected":false},"featured_media":234070,"comment_status":"open","ping_status":"open","template":"","meta":[],"product_cat":[1718,1713],"product_tag":[2097],"acf":[],"yoast_head":"<!-- This site is optimized with the Yoast SEO plugin v21.7 - https:\/\/yoast.com\/wordpress\/plugins\/seo\/ -->\n<title>[ Balam Rush ] &#129351; Br-936798,7506215936798 Teclado Gamer Dominate Expert Gk979 \/ Alambrico \/ Multimedia \/ Iluminacion Rgb \/105 Teclas \/ Espa\u00f1ol \/ Ergonomico \/ Mecanico \/ Win- Ios - Linux - Android \/ Blanco \/ Br-936798<\/title>\n<meta name=\"description\" content=\"Compra Br-936798,7506215936798 Teclado Gamer Dominate Expert Gk979 \/ Alambrico \/ Multimedia \/ Iluminacion Rgb \/105 Teclas \/ Espa\u00f1ol \/ Ergonomico \/ Mecanico \/ Win- Ios - Linux - Android \/ Blanco \/ Br-936798 + Env\u00edo a domicilio + Pago seguro + Garant\u00eda\" \/>\n<meta name=\"robots\" content=\"index, follow, max-snippet:-1, max-image-preview:large, max-video-preview:-1\" \/>\n<link rel=\"canonical\" href=\"https:\/\/compuviper.mx\/tienda\/producto\/balam-rush-br-9367987506215936798-teclado-gamer-dominate-expert-gk979-alambrico-multimedia-iluminacion-rgb-105-teclas-espaol-ergonomico-mecanico-win-ios-linux-android-blanco\/\" \/>\n<meta property=\"og:locale\" content=\"es_MX\" \/>\n<meta property=\"og:type\" content=\"article\" \/>\n<meta property=\"og:title\" content=\"[ Balam Rush ] &#129351; Br-936798,7506215936798 Teclado Gamer Dominate Expert Gk979 \/ Alambrico \/ Multimedia \/ Iluminacion Rgb \/105 Teclas \/ Espa\u00f1ol \/ Ergonomico \/ Mecanico \/ Win- Ios - Linux - Android \/ Blanco \/ Br-936798\" \/>\n<meta property=\"og:description\" content=\"Compra Br-936798,7506215936798 Teclado Gamer Dominate Expert Gk979 \/ Alambrico \/ Multimedia \/ Iluminacion Rgb \/105 Teclas \/ Espa\u00f1ol \/ Ergonomico \/ Mecanico \/ Win- Ios - Linux - Android \/ Blanco \/ Br-936798 + Env\u00edo a domicilio + Pago seguro + Garant\u00eda\" \/>\n<meta property=\"og:url\" content=\"https:\/\/compuviper.mx\/tienda\/producto\/balam-rush-br-9367987506215936798-teclado-gamer-dominate-expert-gk979-alambrico-multimedia-iluminacion-rgb-105-teclas-espaol-ergonomico-mecanico-win-ios-linux-android-blanco\/\" \/>\n<meta property=\"og:site_name\" content=\"Compuviper\" \/>\n<meta property=\"article:publisher\" content=\"https:\/\/www.facebook.com\/compuviper\" \/>\n<meta property=\"og:image\" content=\"https:\/\/compuviper.mx\/tienda\/wp-content\/uploads\/2024\/05\/Teclado-gamer-balam-rush-legend-series-dominate-expert-gk979-alambrico-usb-3.0-tipo-c-multimedia-rgb-105-teclas-espanol-ergonomico-blanco-br-9367981.jpg\" \/>\n\t<meta property=\"og:image:width\" content=\"200\" \/>\n\t<meta property=\"og:image:height\" content=\"200\" \/>\n\t<meta property=\"og:image:type\" content=\"image\/jpeg\" \/>\n<meta name=\"twitter:card\" content=\"summary_large_image\" \/>\n<meta name=\"twitter:label1\" content=\"Precio\" \/>\n\t<meta name=\"twitter:data1\" content=\"&#36;881 con IVA\" \/>\n\t<meta name=\"twitter:label2\" content=\"Availability\" \/>\n\t<meta name=\"twitter:data2\" content=\"Out of stock\" \/>\n<script type=\"application\/ld+json\" class=\"yoast-schema-graph\">{\"@context\":\"https:\/\/schema.org\",\"@graph\":[{\"@type\":\"WebPage\",\"@id\":\"https:\/\/compuviper.mx\/tienda\/producto\/balam-rush-br-9367987506215936798-teclado-gamer-dominate-expert-gk979-alambrico-multimedia-iluminacion-rgb-105-teclas-espaol-ergonomico-mecanico-win-ios-linux-android-blanco\/\",\"url\":\"https:\/\/compuviper.mx\/tienda\/producto\/balam-rush-br-9367987506215936798-teclado-gamer-dominate-expert-gk979-alambrico-multimedia-iluminacion-rgb-105-teclas-espaol-ergonomico-mecanico-win-ios-linux-android-blanco\/\",\"name\":\"[ Balam Rush ] &#129351; Br-936798,7506215936798 Teclado Gamer Dominate Expert Gk979 \/ Alambrico \/ Multimedia \/ Iluminacion Rgb \/105 Teclas \/ Espa\u00f1ol \/ Ergonomico \/ Mecanico \/ Win- Ios - Linux - Android \/ Blanco \/ Br-936798\",\"isPartOf\":{\"@id\":\"https:\/\/compuviper.mx\/tienda\/#website\"},\"datePublished\":\"2026-04-02T06:43:49+00:00\",\"dateModified\":\"2026-04-02T06:43:49+00:00\",\"description\":\"Compra Br-936798,7506215936798 Teclado Gamer Dominate Expert Gk979 \/ Alambrico \/ Multimedia \/ Iluminacion Rgb \/105 Teclas \/ Espa\u00f1ol \/ Ergonomico \/ Mecanico \/ Win- Ios - Linux - Android \/ Blanco \/ Br-936798 + Env\u00edo a domicilio + Pago seguro + Garant\u00eda\",\"breadcrumb\":{\"@id\":\"https:\/\/compuviper.mx\/tienda\/producto\/balam-rush-br-9367987506215936798-teclado-gamer-dominate-expert-gk979-alambrico-multimedia-iluminacion-rgb-105-teclas-espaol-ergonomico-mecanico-win-ios-linux-android-blanco\/#breadcrumb\"},\"inLanguage\":\"es-MX\",\"potentialAction\":[{\"@type\":\"ReadAction\",\"target\":[\"https:\/\/compuviper.mx\/tienda\/producto\/balam-rush-br-9367987506215936798-teclado-gamer-dominate-expert-gk979-alambrico-multimedia-iluminacion-rgb-105-teclas-espaol-ergonomico-mecanico-win-ios-linux-android-blanco\/\"]}]},{\"@type\":\"BreadcrumbList\",\"@id\":\"https:\/\/compuviper.mx\/tienda\/producto\/balam-rush-br-9367987506215936798-teclado-gamer-dominate-expert-gk979-alambrico-multimedia-iluminacion-rgb-105-teclas-espaol-ergonomico-mecanico-win-ios-linux-android-blanco\/#breadcrumb\",\"itemListElement\":[{\"@type\":\"ListItem\",\"position\":1,\"name\":\"Inicio\",\"item\":\"https:\/\/compuviper.mx\/tienda\/\"},{\"@type\":\"ListItem\",\"position\":2,\"name\":\"Productos\",\"item\":\"https:\/\/compuviper.mx\/tienda\/productos\/\"},{\"@type\":\"ListItem\",\"position\":3,\"name\":\"Teclados\",\"item\":\"https:\/\/compuviper.mx\/tienda\/categoria-producto\/teclados\/\"},{\"@type\":\"ListItem\",\"position\":4,\"name\":\"Gamers\",\"item\":\"https:\/\/compuviper.mx\/tienda\/categoria-producto\/teclados\/gamers\/\"},{\"@type\":\"ListItem\",\"position\":5,\"name\":\"Balam Rush Br-936798,7506215936798 Teclado Gamer Dominate Expert Gk979 \/ Alambrico \/ Multimedia \/ Iluminacion Rgb \/105 Teclas \/ Espa?ol \/ Ergonomico \/ Mecanico \/ Win- Ios &#8211; Linux &#8211; Android \/ Blanco \/ Br-936798\"}]},{\"@type\":\"WebSite\",\"@id\":\"https:\/\/compuviper.mx\/tienda\/#website\",\"url\":\"https:\/\/compuviper.mx\/tienda\/\",\"name\":\"Compuviper\",\"description\":\"Proveedor de Computadoras, Laptops, Servidores, Monitores, Puntos de Venta, Teclados,   Impresoras, T\u00f3ner, C\u00e1maras de Seguridad y m\u00e1s en tu tienda en l\u00ednea\",\"publisher\":{\"@id\":\"https:\/\/compuviper.mx\/tienda\/#organization\"},\"potentialAction\":[{\"@type\":\"SearchAction\",\"target\":{\"@type\":\"EntryPoint\",\"urlTemplate\":\"https:\/\/compuviper.mx\/tienda\/?s={search_term_string}\"},\"query-input\":\"required name=search_term_string\"}],\"inLanguage\":\"es-MX\"},{\"@type\":\"Organization\",\"@id\":\"https:\/\/compuviper.mx\/tienda\/#organization\",\"name\":\"Compuviper\",\"url\":\"https:\/\/compuviper.mx\/tienda\/\",\"logo\":{\"@type\":\"ImageObject\",\"inLanguage\":\"es-MX\",\"@id\":\"https:\/\/compuviper.mx\/tienda\/#\/schema\/logo\/image\/\",\"url\":\"https:\/\/compuviper.mx\/tienda\/wp-content\/uploads\/2021\/08\/Logo-Compuviper-10.png\",\"contentUrl\":\"https:\/\/compuviper.mx\/tienda\/wp-content\/uploads\/2021\/08\/Logo-Compuviper-10.png\",\"width\":1000,\"height\":500,\"caption\":\"Compuviper\"},\"image\":{\"@id\":\"https:\/\/compuviper.mx\/tienda\/#\/schema\/logo\/image\/\"},\"sameAs\":[\"https:\/\/www.facebook.com\/compuviper\",\"https:\/\/www.youtube.com\/channel\/UCf73dERp9Y3cfOq7q8BhLjA?view_as=subscriber\"]}]}<\/script>\n<meta property=\"product:brand\" content=\"Balam Rush\" \/>\n<meta property=\"product:price:amount\" content=\"881\" \/>\n<meta property=\"product:price:currency\" content=\"MXN\" \/>\n<meta property=\"og:availability\" content=\"out of stock\" \/>\n<meta property=\"product:availability\" content=\"out of stock\" \/>\n<meta property=\"product:retailer_item_id\" content=\"BR-936798,7506215936798\" \/>\n<meta property=\"product:condition\" content=\"new\" \/>\n<!-- \/ Yoast SEO plugin. -->","yoast_head_json":{"title":"[ Balam Rush ] &#129351; Br-936798,7506215936798 Teclado Gamer Dominate Expert Gk979 \/ Alambrico \/ Multimedia \/ Iluminacion Rgb \/105 Teclas \/ Espa\u00f1ol \/ Ergonomico \/ Mecanico \/ Win- Ios - Linux - Android \/ Blanco \/ Br-936798","description":"Compra Br-936798,7506215936798 Teclado Gamer Dominate Expert Gk979 \/ Alambrico \/ Multimedia \/ Iluminacion Rgb \/105 Teclas \/ Espa\u00f1ol \/ Ergonomico \/ Mecanico \/ Win- Ios - Linux - Android \/ Blanco \/ Br-936798 + Env\u00edo a domicilio + Pago seguro + Garant\u00eda","robots":{"index":"index","follow":"follow","max-snippet":"max-snippet:-1","max-image-preview":"max-image-preview:large","max-video-preview":"max-video-preview:-1"},"canonical":"https:\/\/compuviper.mx\/tienda\/producto\/balam-rush-br-9367987506215936798-teclado-gamer-dominate-expert-gk979-alambrico-multimedia-iluminacion-rgb-105-teclas-espaol-ergonomico-mecanico-win-ios-linux-android-blanco\/","og_locale":"es_MX","og_type":"article","og_title":"[ Balam Rush ] &#129351; Br-936798,7506215936798 Teclado Gamer Dominate Expert Gk979 \/ Alambrico \/ Multimedia \/ Iluminacion Rgb \/105 Teclas \/ Espa\u00f1ol \/ Ergonomico \/ Mecanico \/ Win- Ios - Linux - Android \/ Blanco \/ Br-936798","og_description":"Compra Br-936798,7506215936798 Teclado Gamer Dominate Expert Gk979 \/ Alambrico \/ Multimedia \/ Iluminacion Rgb \/105 Teclas \/ Espa\u00f1ol \/ Ergonomico \/ Mecanico \/ Win- Ios - Linux - Android \/ Blanco \/ Br-936798 + Env\u00edo a domicilio + Pago seguro + Garant\u00eda","og_url":"https:\/\/compuviper.mx\/tienda\/producto\/balam-rush-br-9367987506215936798-teclado-gamer-dominate-expert-gk979-alambrico-multimedia-iluminacion-rgb-105-teclas-espaol-ergonomico-mecanico-win-ios-linux-android-blanco\/","og_site_name":"Compuviper","article_publisher":"https:\/\/www.facebook.com\/compuviper","og_image":[{"width":200,"height":200,"url":"https:\/\/compuviper.mx\/tienda\/wp-content\/uploads\/2024\/05\/Teclado-gamer-balam-rush-legend-series-dominate-expert-gk979-alambrico-usb-3.0-tipo-c-multimedia-rgb-105-teclas-espanol-ergonomico-blanco-br-9367981.jpg","type":"image\/jpeg"}],"twitter_card":"summary_large_image","twitter_misc":{"Precio":"&#36;881 con IVA","Availability":"Out of stock"},"schema":{"@context":"https:\/\/schema.org","@graph":[{"@type":"WebPage","@id":"https:\/\/compuviper.mx\/tienda\/producto\/balam-rush-br-9367987506215936798-teclado-gamer-dominate-expert-gk979-alambrico-multimedia-iluminacion-rgb-105-teclas-espaol-ergonomico-mecanico-win-ios-linux-android-blanco\/","url":"https:\/\/compuviper.mx\/tienda\/producto\/balam-rush-br-9367987506215936798-teclado-gamer-dominate-expert-gk979-alambrico-multimedia-iluminacion-rgb-105-teclas-espaol-ergonomico-mecanico-win-ios-linux-android-blanco\/","name":"[ Balam Rush ] &#129351; Br-936798,7506215936798 Teclado Gamer Dominate Expert Gk979 \/ Alambrico \/ Multimedia \/ Iluminacion Rgb \/105 Teclas \/ Espa\u00f1ol \/ Ergonomico \/ Mecanico \/ Win- Ios - Linux - Android \/ Blanco \/ Br-936798","isPartOf":{"@id":"https:\/\/compuviper.mx\/tienda\/#website"},"datePublished":"2026-04-02T06:43:49+00:00","dateModified":"2026-04-02T06:43:49+00:00","description":"Compra Br-936798,7506215936798 Teclado Gamer Dominate Expert Gk979 \/ Alambrico \/ Multimedia \/ Iluminacion Rgb \/105 Teclas \/ Espa\u00f1ol \/ Ergonomico \/ Mecanico \/ Win- Ios - Linux - Android \/ Blanco \/ Br-936798 + Env\u00edo a domicilio + Pago seguro + Garant\u00eda","breadcrumb":{"@id":"https:\/\/compuviper.mx\/tienda\/producto\/balam-rush-br-9367987506215936798-teclado-gamer-dominate-expert-gk979-alambrico-multimedia-iluminacion-rgb-105-teclas-espaol-ergonomico-mecanico-win-ios-linux-android-blanco\/#breadcrumb"},"inLanguage":"es-MX","potentialAction":[{"@type":"ReadAction","target":["https:\/\/compuviper.mx\/tienda\/producto\/balam-rush-br-9367987506215936798-teclado-gamer-dominate-expert-gk979-alambrico-multimedia-iluminacion-rgb-105-teclas-espaol-ergonomico-mecanico-win-ios-linux-android-blanco\/"]}]},{"@type":"BreadcrumbList","@id":"https:\/\/compuviper.mx\/tienda\/producto\/balam-rush-br-9367987506215936798-teclado-gamer-dominate-expert-gk979-alambrico-multimedia-iluminacion-rgb-105-teclas-espaol-ergonomico-mecanico-win-ios-linux-android-blanco\/#breadcrumb","itemListElement":[{"@type":"ListItem","position":1,"name":"Inicio","item":"https:\/\/compuviper.mx\/tienda\/"},{"@type":"ListItem","position":2,"name":"Productos","item":"https:\/\/compuviper.mx\/tienda\/productos\/"},{"@type":"ListItem","position":3,"name":"Teclados","item":"https:\/\/compuviper.mx\/tienda\/categoria-producto\/teclados\/"},{"@type":"ListItem","position":4,"name":"Gamers","item":"https:\/\/compuviper.mx\/tienda\/categoria-producto\/teclados\/gamers\/"},{"@type":"ListItem","position":5,"name":"Balam Rush Br-936798,7506215936798 Teclado Gamer Dominate Expert Gk979 \/ Alambrico \/ Multimedia \/ Iluminacion Rgb \/105 Teclas \/ Espa?ol \/ Ergonomico \/ Mecanico \/ Win- Ios &#8211; Linux &#8211; Android \/ Blanco \/ Br-936798"}]},{"@type":"WebSite","@id":"https:\/\/compuviper.mx\/tienda\/#website","url":"https:\/\/compuviper.mx\/tienda\/","name":"Compuviper","description":"Proveedor de Computadoras, Laptops, Servidores, Monitores, Puntos de Venta, Teclados,   Impresoras, T\u00f3ner, C\u00e1maras de Seguridad y m\u00e1s en tu tienda en l\u00ednea","publisher":{"@id":"https:\/\/compuviper.mx\/tienda\/#organization"},"potentialAction":[{"@type":"SearchAction","target":{"@type":"EntryPoint","urlTemplate":"https:\/\/compuviper.mx\/tienda\/?s={search_term_string}"},"query-input":"required name=search_term_string"}],"inLanguage":"es-MX"},{"@type":"Organization","@id":"https:\/\/compuviper.mx\/tienda\/#organization","name":"Compuviper","url":"https:\/\/compuviper.mx\/tienda\/","logo":{"@type":"ImageObject","inLanguage":"es-MX","@id":"https:\/\/compuviper.mx\/tienda\/#\/schema\/logo\/image\/","url":"https:\/\/compuviper.mx\/tienda\/wp-content\/uploads\/2021\/08\/Logo-Compuviper-10.png","contentUrl":"https:\/\/compuviper.mx\/tienda\/wp-content\/uploads\/2021\/08\/Logo-Compuviper-10.png","width":1000,"height":500,"caption":"Compuviper"},"image":{"@id":"https:\/\/compuviper.mx\/tienda\/#\/schema\/logo\/image\/"},"sameAs":["https:\/\/www.facebook.com\/compuviper","https:\/\/www.youtube.com\/channel\/UCf73dERp9Y3cfOq7q8BhLjA?view_as=subscriber"]}]},"product_brand":"Balam Rush","product_price_amount":"881","product_price_currency":"MXN","og_availability":"out of stock","product_availability":"out of stock","product_retailer_item_id":"BR-936798,7506215936798","product_condition":"new"},"_links":{"self":[{"href":"https:\/\/compuviper.mx\/tienda\/wp-json\/wp\/v2\/product\/228498"}],"collection":[{"href":"https:\/\/compuviper.mx\/tienda\/wp-json\/wp\/v2\/product"}],"about":[{"href":"https:\/\/compuviper.mx\/tienda\/wp-json\/wp\/v2\/types\/product"}],"replies":[{"embeddable":true,"href":"https:\/\/compuviper.mx\/tienda\/wp-json\/wp\/v2\/comments?post=228498"}],"wp:featuredmedia":[{"embeddable":true,"href":"https:\/\/compuviper.mx\/tienda\/wp-json\/wp\/v2\/media\/234070"}],"wp:attachment":[{"href":"https:\/\/compuviper.mx\/tienda\/wp-json\/wp\/v2\/media?parent=228498"}],"wp:term":[{"taxonomy":"product_cat","embeddable":true,"href":"https:\/\/compuviper.mx\/tienda\/wp-json\/wp\/v2\/product_cat?post=228498"},{"taxonomy":"product_tag","embeddable":true,"href":"https:\/\/compuviper.mx\/tienda\/wp-json\/wp\/v2\/product_tag?post=228498"}],"curies":[{"name":"wp","href":"https:\/\/api.w.org\/{rel}","templated":true}]}}