{"id":228464,"date":"2026-04-01T23:11:29","date_gmt":"2026-04-02T05:11:29","guid":{"rendered":"https:\/\/compuviper.mx\/tienda\/producto\/peerless-av-ds-vw755s-soportes-video-wall-peerless-delgado-liberacin-rpida-acceso-completo-para-mantenimiento-para-pantallas-de-40-a-65-capacidad-hasta-36-4-kg\/"},"modified":"2026-04-01T23:11:29","modified_gmt":"2026-04-02T05:11:29","slug":"peerless-av-ds-vw755s-soportes-video-wall-peerless-delgado-liberacin-rpida-acceso-completo-para-mantenimiento-para-pantallas-de-40-a-65-capacidad-hasta-36-4-kg","status":"publish","type":"product","link":"https:\/\/compuviper.mx\/tienda\/producto\/peerless-av-ds-vw755s-soportes-video-wall-peerless-delgado-liberacin-rpida-acceso-completo-para-mantenimiento-para-pantallas-de-40-a-65-capacidad-hasta-36-4-kg\/","title":{"rendered":"Peerless-av Ds-vw755s Soportes Video Wall Peerless  Delgado, Liberaci?n R?pida Acceso Completo Para Mantenimiento Para Pantallas De 40 A 65 Capacidad Hasta 36.4 Kg"},"content":{"rendered":"<table class=\"descripcion\">\n<tr>\n<td>Especificaciones del producto<\/td>\n<\/tr>\n<tr>\n<td>Tama\u00f1o de pantalla m\u00ednimo a m\u00e1ximo46 a 65<\/td>\n<\/tr>\n<tr>\n<td>Patr\u00f3n vesa200 x 200 hasta 400 x 400 mm<\/td>\n<\/tr>\n<tr>\n<td>Capacidad de peso 80 libras (36,4 kg)<\/td>\n<\/tr>\n<tr>\n<td>Color negro<\/td>\n<\/tr>\n<tr>\n<td>Finalizar texturizado<\/td>\n<\/tr>\n<tr>\n<td>Caracter\u00edsticas de seguridad<\/td>\n<\/tr>\n<tr>\n<td>Hardware de seguridad<\/td>\n<\/tr>\n<tr>\n<td>Distancia desde la pared1,88 &#8211; 2,63 (48 &#8211; 67 mm)<\/td>\n<\/tr>\n<tr>\n<td>Dimensiones del producto21,44 x 20,50 x 1,88-2,63 (545 x 521 x 48 &#8211; 67 mm)<\/td>\n<\/tr>\n<tr>\n<td>Peso del producto20,9 libras (9,5 kg)<\/td>\n<\/tr>\n<tr>\n<td>Especificaciones del paquete<\/td>\n<\/tr>\n<tr>\n<td>Peso de env\u00edo 24 libras (11,5 kg)<\/td>\n<\/tr>\n<tr>\n<td>Dimensiones empaque 546,1 x 63,5 x 762,0 mm<\/td>\n<\/tr>\n<tr>\n<td>C\u00f3digo upc 735029302438<\/td>\n<\/tr>\n<\/table>\n","protected":false},"excerpt":{"rendered":"<p>El soporte delgado para mural de video ds-vw755s con liberaci\u00f3n r\u00e1pida y acceso completo para mantenimiento es una soluci\u00f3n f\u00e1cil de instalar para aplicaciones horizontales o verticales. Cuando la profundidad general del mural de video es una preocupaci\u00f3n, el modelo ds-vw755s cumple con la ley ada al instalar pantallas de 5.1 cm de profundidad o menos. El modelo ds-vw755s se cre\u00f3 para aplicaciones de mural de video empotradas con acceso r\u00e1pido para mantenimiento, y ofrece la versatilidad que exigen los integradores actuales. Los microajustes sin herramientas en ocho puntos facilitan la creaci\u00f3n de un mural de video uniforme incluso en paredes con desniveles. Este soporte, con su f\u00e1cil acceso a la pantalla y r\u00e1pido acceso para mantenimiento, es la soluci\u00f3n m\u00e1s moderna en soportes de mural de video.<\/p>\n","protected":false},"featured_media":233647,"comment_status":"open","ping_status":"open","template":"","meta":[],"product_cat":[2321,2265],"product_tag":[1904],"acf":[],"yoast_head":"<!-- This site is optimized with the Yoast SEO plugin v21.7 - https:\/\/yoast.com\/wordpress\/plugins\/seo\/ -->\n<title>[ Peerless-av ] &#129351; Ds-vw755s Soportes Video Wall Peerless Delgado, Liberaci\u00f3n R\u00e1pida Acceso Completo Para Mantenimiento Para Pantallas De 40 A 65 Capacidad Hasta 36.4 Kg<\/title>\n<meta name=\"description\" content=\"Compra Ds-vw755s Soportes Video Wall Peerless Delgado, Liberaci\u00f3n R\u00e1pida Acceso Completo Para Mantenimiento Para Pantallas De 40 A 65 Capacidad Hasta 36.4 Kg + Env\u00edo a domicilio + Pago seguro + Garant\u00eda\" \/>\n<meta name=\"robots\" content=\"index, follow, max-snippet:-1, max-image-preview:large, max-video-preview:-1\" \/>\n<link rel=\"canonical\" href=\"https:\/\/compuviper.mx\/tienda\/producto\/peerless-av-ds-vw755s-soportes-video-wall-peerless-delgado-liberacin-rpida-acceso-completo-para-mantenimiento-para-pantallas-de-40-a-65-capacidad-hasta-36-4-kg\/\" \/>\n<meta property=\"og:locale\" content=\"es_MX\" \/>\n<meta property=\"og:type\" content=\"article\" \/>\n<meta property=\"og:title\" content=\"[ Peerless-av ] &#129351; Ds-vw755s Soportes Video Wall Peerless Delgado, Liberaci\u00f3n R\u00e1pida Acceso Completo Para Mantenimiento Para Pantallas De 40 A 65 Capacidad Hasta 36.4 Kg\" \/>\n<meta property=\"og:description\" content=\"Compra Ds-vw755s Soportes Video Wall Peerless Delgado, Liberaci\u00f3n R\u00e1pida Acceso Completo Para Mantenimiento Para Pantallas De 40 A 65 Capacidad Hasta 36.4 Kg + Env\u00edo a domicilio + Pago seguro + Garant\u00eda\" \/>\n<meta property=\"og:url\" content=\"https:\/\/compuviper.mx\/tienda\/producto\/peerless-av-ds-vw755s-soportes-video-wall-peerless-delgado-liberacin-rpida-acceso-completo-para-mantenimiento-para-pantallas-de-40-a-65-capacidad-hasta-36-4-kg\/\" \/>\n<meta property=\"og:site_name\" content=\"Compuviper\" \/>\n<meta property=\"article:publisher\" content=\"https:\/\/www.facebook.com\/compuviper\" \/>\n<meta property=\"og:image\" content=\"https:\/\/compuviper.mx\/tienda\/wp-content\/uploads\/2024\/05\/Soportes-video-wall-peerless-ds-vw755s-delgado-liberacion-rapida-acceso-completo-para-mantenimiento-para-pantallas-de-40-a-65-capacidad-hasta-36.4-kg.jpg\" \/>\n\t<meta property=\"og:image:width\" content=\"200\" \/>\n\t<meta property=\"og:image:height\" content=\"200\" \/>\n\t<meta property=\"og:image:type\" content=\"image\/jpeg\" \/>\n<meta name=\"twitter:card\" content=\"summary_large_image\" \/>\n<meta name=\"twitter:label1\" content=\"Precio\" \/>\n\t<meta name=\"twitter:data1\" content=\"&#36;8,847 con IVA\" \/>\n\t<meta name=\"twitter:label2\" content=\"Availability\" \/>\n\t<meta name=\"twitter:data2\" content=\"On backorder\" \/>\n<script type=\"application\/ld+json\" class=\"yoast-schema-graph\">{\"@context\":\"https:\/\/schema.org\",\"@graph\":[{\"@type\":\"WebPage\",\"@id\":\"https:\/\/compuviper.mx\/tienda\/producto\/peerless-av-ds-vw755s-soportes-video-wall-peerless-delgado-liberacin-rpida-acceso-completo-para-mantenimiento-para-pantallas-de-40-a-65-capacidad-hasta-36-4-kg\/\",\"url\":\"https:\/\/compuviper.mx\/tienda\/producto\/peerless-av-ds-vw755s-soportes-video-wall-peerless-delgado-liberacin-rpida-acceso-completo-para-mantenimiento-para-pantallas-de-40-a-65-capacidad-hasta-36-4-kg\/\",\"name\":\"[ Peerless-av ] &#129351; Ds-vw755s Soportes Video Wall Peerless Delgado, Liberaci\u00f3n R\u00e1pida Acceso Completo Para Mantenimiento Para Pantallas De 40 A 65 Capacidad Hasta 36.4 Kg\",\"isPartOf\":{\"@id\":\"https:\/\/compuviper.mx\/tienda\/#website\"},\"datePublished\":\"2026-04-02T05:11:29+00:00\",\"dateModified\":\"2026-04-02T05:11:29+00:00\",\"description\":\"Compra Ds-vw755s Soportes Video Wall Peerless Delgado, Liberaci\u00f3n R\u00e1pida Acceso Completo Para Mantenimiento Para Pantallas De 40 A 65 Capacidad Hasta 36.4 Kg + Env\u00edo a domicilio + Pago seguro + Garant\u00eda\",\"breadcrumb\":{\"@id\":\"https:\/\/compuviper.mx\/tienda\/producto\/peerless-av-ds-vw755s-soportes-video-wall-peerless-delgado-liberacin-rpida-acceso-completo-para-mantenimiento-para-pantallas-de-40-a-65-capacidad-hasta-36-4-kg\/#breadcrumb\"},\"inLanguage\":\"es-MX\",\"potentialAction\":[{\"@type\":\"ReadAction\",\"target\":[\"https:\/\/compuviper.mx\/tienda\/producto\/peerless-av-ds-vw755s-soportes-video-wall-peerless-delgado-liberacin-rpida-acceso-completo-para-mantenimiento-para-pantallas-de-40-a-65-capacidad-hasta-36-4-kg\/\"]}]},{\"@type\":\"BreadcrumbList\",\"@id\":\"https:\/\/compuviper.mx\/tienda\/producto\/peerless-av-ds-vw755s-soportes-video-wall-peerless-delgado-liberacin-rpida-acceso-completo-para-mantenimiento-para-pantallas-de-40-a-65-capacidad-hasta-36-4-kg\/#breadcrumb\",\"itemListElement\":[{\"@type\":\"ListItem\",\"position\":1,\"name\":\"Inicio\",\"item\":\"https:\/\/compuviper.mx\/tienda\/\"},{\"@type\":\"ListItem\",\"position\":2,\"name\":\"Productos\",\"item\":\"https:\/\/compuviper.mx\/tienda\/productos\/\"},{\"@type\":\"ListItem\",\"position\":3,\"name\":\"Soportes Y Bases P\/tv\/ Proyectores\/dvd\/consolas\/bocinas\/pantallas\/monotores\",\"item\":\"https:\/\/compuviper.mx\/tienda\/categoria-producto\/soportes-y-bases-p-tv-proyectores-dvd-consolas-bocinas-pantallas-monotores\/\"},{\"@type\":\"ListItem\",\"position\":4,\"name\":\"Soporte Y Base Para Tv\/pantallas\/monitores\/kiosko\",\"item\":\"https:\/\/compuviper.mx\/tienda\/categoria-producto\/soportes-y-bases-p-tv-proyectores-dvd-consolas-bocinas-pantallas-monotores\/soporte-y-base-para-tv-pantallas-monitores-kiosko\/\"},{\"@type\":\"ListItem\",\"position\":5,\"name\":\"Peerless-av Ds-vw755s Soportes Video Wall Peerless Delgado, Liberaci?n R?pida Acceso Completo Para Mantenimiento Para Pantallas De 40 A 65 Capacidad Hasta 36.4 Kg\"}]},{\"@type\":\"WebSite\",\"@id\":\"https:\/\/compuviper.mx\/tienda\/#website\",\"url\":\"https:\/\/compuviper.mx\/tienda\/\",\"name\":\"Compuviper\",\"description\":\"Proveedor de Computadoras, Laptops, Servidores, Monitores, Puntos de Venta, Teclados,   Impresoras, T\u00f3ner, C\u00e1maras de Seguridad y m\u00e1s en tu tienda en l\u00ednea\",\"publisher\":{\"@id\":\"https:\/\/compuviper.mx\/tienda\/#organization\"},\"potentialAction\":[{\"@type\":\"SearchAction\",\"target\":{\"@type\":\"EntryPoint\",\"urlTemplate\":\"https:\/\/compuviper.mx\/tienda\/?s={search_term_string}\"},\"query-input\":\"required name=search_term_string\"}],\"inLanguage\":\"es-MX\"},{\"@type\":\"Organization\",\"@id\":\"https:\/\/compuviper.mx\/tienda\/#organization\",\"name\":\"Compuviper\",\"url\":\"https:\/\/compuviper.mx\/tienda\/\",\"logo\":{\"@type\":\"ImageObject\",\"inLanguage\":\"es-MX\",\"@id\":\"https:\/\/compuviper.mx\/tienda\/#\/schema\/logo\/image\/\",\"url\":\"https:\/\/compuviper.mx\/tienda\/wp-content\/uploads\/2021\/08\/Logo-Compuviper-10.png\",\"contentUrl\":\"https:\/\/compuviper.mx\/tienda\/wp-content\/uploads\/2021\/08\/Logo-Compuviper-10.png\",\"width\":1000,\"height\":500,\"caption\":\"Compuviper\"},\"image\":{\"@id\":\"https:\/\/compuviper.mx\/tienda\/#\/schema\/logo\/image\/\"},\"sameAs\":[\"https:\/\/www.facebook.com\/compuviper\",\"https:\/\/www.youtube.com\/channel\/UCf73dERp9Y3cfOq7q8BhLjA?view_as=subscriber\"]}]}<\/script>\n<meta property=\"product:brand\" content=\"PEERLESS-AV\" \/>\n<meta property=\"product:price:amount\" content=\"8847\" \/>\n<meta property=\"product:price:currency\" content=\"MXN\" \/>\n<meta property=\"og:availability\" content=\"backorder\" \/>\n<meta property=\"product:availability\" content=\"available for order\" \/>\n<meta property=\"product:retailer_item_id\" content=\"DS-VW755S\" \/>\n<meta property=\"product:condition\" content=\"new\" \/>\n<!-- \/ Yoast SEO plugin. -->","yoast_head_json":{"title":"[ Peerless-av ] &#129351; Ds-vw755s Soportes Video Wall Peerless Delgado, Liberaci\u00f3n R\u00e1pida Acceso Completo Para Mantenimiento Para Pantallas De 40 A 65 Capacidad Hasta 36.4 Kg","description":"Compra Ds-vw755s Soportes Video Wall Peerless Delgado, Liberaci\u00f3n R\u00e1pida Acceso Completo Para Mantenimiento Para Pantallas De 40 A 65 Capacidad Hasta 36.4 Kg + Env\u00edo a domicilio + Pago seguro + Garant\u00eda","robots":{"index":"index","follow":"follow","max-snippet":"max-snippet:-1","max-image-preview":"max-image-preview:large","max-video-preview":"max-video-preview:-1"},"canonical":"https:\/\/compuviper.mx\/tienda\/producto\/peerless-av-ds-vw755s-soportes-video-wall-peerless-delgado-liberacin-rpida-acceso-completo-para-mantenimiento-para-pantallas-de-40-a-65-capacidad-hasta-36-4-kg\/","og_locale":"es_MX","og_type":"article","og_title":"[ Peerless-av ] &#129351; Ds-vw755s Soportes Video Wall Peerless Delgado, Liberaci\u00f3n R\u00e1pida Acceso Completo Para Mantenimiento Para Pantallas De 40 A 65 Capacidad Hasta 36.4 Kg","og_description":"Compra Ds-vw755s Soportes Video Wall Peerless Delgado, Liberaci\u00f3n R\u00e1pida Acceso Completo Para Mantenimiento Para Pantallas De 40 A 65 Capacidad Hasta 36.4 Kg + Env\u00edo a domicilio + Pago seguro + Garant\u00eda","og_url":"https:\/\/compuviper.mx\/tienda\/producto\/peerless-av-ds-vw755s-soportes-video-wall-peerless-delgado-liberacin-rpida-acceso-completo-para-mantenimiento-para-pantallas-de-40-a-65-capacidad-hasta-36-4-kg\/","og_site_name":"Compuviper","article_publisher":"https:\/\/www.facebook.com\/compuviper","og_image":[{"width":200,"height":200,"url":"https:\/\/compuviper.mx\/tienda\/wp-content\/uploads\/2024\/05\/Soportes-video-wall-peerless-ds-vw755s-delgado-liberacion-rapida-acceso-completo-para-mantenimiento-para-pantallas-de-40-a-65-capacidad-hasta-36.4-kg.jpg","type":"image\/jpeg"}],"twitter_card":"summary_large_image","twitter_misc":{"Precio":"&#36;8,847 con IVA","Availability":"On backorder"},"schema":{"@context":"https:\/\/schema.org","@graph":[{"@type":"WebPage","@id":"https:\/\/compuviper.mx\/tienda\/producto\/peerless-av-ds-vw755s-soportes-video-wall-peerless-delgado-liberacin-rpida-acceso-completo-para-mantenimiento-para-pantallas-de-40-a-65-capacidad-hasta-36-4-kg\/","url":"https:\/\/compuviper.mx\/tienda\/producto\/peerless-av-ds-vw755s-soportes-video-wall-peerless-delgado-liberacin-rpida-acceso-completo-para-mantenimiento-para-pantallas-de-40-a-65-capacidad-hasta-36-4-kg\/","name":"[ Peerless-av ] &#129351; Ds-vw755s Soportes Video Wall Peerless Delgado, Liberaci\u00f3n R\u00e1pida Acceso Completo Para Mantenimiento Para Pantallas De 40 A 65 Capacidad Hasta 36.4 Kg","isPartOf":{"@id":"https:\/\/compuviper.mx\/tienda\/#website"},"datePublished":"2026-04-02T05:11:29+00:00","dateModified":"2026-04-02T05:11:29+00:00","description":"Compra Ds-vw755s Soportes Video Wall Peerless Delgado, Liberaci\u00f3n R\u00e1pida Acceso Completo Para Mantenimiento Para Pantallas De 40 A 65 Capacidad Hasta 36.4 Kg + Env\u00edo a domicilio + Pago seguro + Garant\u00eda","breadcrumb":{"@id":"https:\/\/compuviper.mx\/tienda\/producto\/peerless-av-ds-vw755s-soportes-video-wall-peerless-delgado-liberacin-rpida-acceso-completo-para-mantenimiento-para-pantallas-de-40-a-65-capacidad-hasta-36-4-kg\/#breadcrumb"},"inLanguage":"es-MX","potentialAction":[{"@type":"ReadAction","target":["https:\/\/compuviper.mx\/tienda\/producto\/peerless-av-ds-vw755s-soportes-video-wall-peerless-delgado-liberacin-rpida-acceso-completo-para-mantenimiento-para-pantallas-de-40-a-65-capacidad-hasta-36-4-kg\/"]}]},{"@type":"BreadcrumbList","@id":"https:\/\/compuviper.mx\/tienda\/producto\/peerless-av-ds-vw755s-soportes-video-wall-peerless-delgado-liberacin-rpida-acceso-completo-para-mantenimiento-para-pantallas-de-40-a-65-capacidad-hasta-36-4-kg\/#breadcrumb","itemListElement":[{"@type":"ListItem","position":1,"name":"Inicio","item":"https:\/\/compuviper.mx\/tienda\/"},{"@type":"ListItem","position":2,"name":"Productos","item":"https:\/\/compuviper.mx\/tienda\/productos\/"},{"@type":"ListItem","position":3,"name":"Soportes Y Bases P\/tv\/ Proyectores\/dvd\/consolas\/bocinas\/pantallas\/monotores","item":"https:\/\/compuviper.mx\/tienda\/categoria-producto\/soportes-y-bases-p-tv-proyectores-dvd-consolas-bocinas-pantallas-monotores\/"},{"@type":"ListItem","position":4,"name":"Soporte Y Base Para Tv\/pantallas\/monitores\/kiosko","item":"https:\/\/compuviper.mx\/tienda\/categoria-producto\/soportes-y-bases-p-tv-proyectores-dvd-consolas-bocinas-pantallas-monotores\/soporte-y-base-para-tv-pantallas-monitores-kiosko\/"},{"@type":"ListItem","position":5,"name":"Peerless-av Ds-vw755s Soportes Video Wall Peerless Delgado, Liberaci?n R?pida Acceso Completo Para Mantenimiento Para Pantallas De 40 A 65 Capacidad Hasta 36.4 Kg"}]},{"@type":"WebSite","@id":"https:\/\/compuviper.mx\/tienda\/#website","url":"https:\/\/compuviper.mx\/tienda\/","name":"Compuviper","description":"Proveedor de Computadoras, Laptops, Servidores, Monitores, Puntos de Venta, Teclados,   Impresoras, T\u00f3ner, C\u00e1maras de Seguridad y m\u00e1s en tu tienda en l\u00ednea","publisher":{"@id":"https:\/\/compuviper.mx\/tienda\/#organization"},"potentialAction":[{"@type":"SearchAction","target":{"@type":"EntryPoint","urlTemplate":"https:\/\/compuviper.mx\/tienda\/?s={search_term_string}"},"query-input":"required name=search_term_string"}],"inLanguage":"es-MX"},{"@type":"Organization","@id":"https:\/\/compuviper.mx\/tienda\/#organization","name":"Compuviper","url":"https:\/\/compuviper.mx\/tienda\/","logo":{"@type":"ImageObject","inLanguage":"es-MX","@id":"https:\/\/compuviper.mx\/tienda\/#\/schema\/logo\/image\/","url":"https:\/\/compuviper.mx\/tienda\/wp-content\/uploads\/2021\/08\/Logo-Compuviper-10.png","contentUrl":"https:\/\/compuviper.mx\/tienda\/wp-content\/uploads\/2021\/08\/Logo-Compuviper-10.png","width":1000,"height":500,"caption":"Compuviper"},"image":{"@id":"https:\/\/compuviper.mx\/tienda\/#\/schema\/logo\/image\/"},"sameAs":["https:\/\/www.facebook.com\/compuviper","https:\/\/www.youtube.com\/channel\/UCf73dERp9Y3cfOq7q8BhLjA?view_as=subscriber"]}]},"product_brand":"PEERLESS-AV","product_price_amount":"8847","product_price_currency":"MXN","og_availability":"backorder","product_availability":"available for order","product_retailer_item_id":"DS-VW755S","product_condition":"new"},"_links":{"self":[{"href":"https:\/\/compuviper.mx\/tienda\/wp-json\/wp\/v2\/product\/228464"}],"collection":[{"href":"https:\/\/compuviper.mx\/tienda\/wp-json\/wp\/v2\/product"}],"about":[{"href":"https:\/\/compuviper.mx\/tienda\/wp-json\/wp\/v2\/types\/product"}],"replies":[{"embeddable":true,"href":"https:\/\/compuviper.mx\/tienda\/wp-json\/wp\/v2\/comments?post=228464"}],"wp:featuredmedia":[{"embeddable":true,"href":"https:\/\/compuviper.mx\/tienda\/wp-json\/wp\/v2\/media\/233647"}],"wp:attachment":[{"href":"https:\/\/compuviper.mx\/tienda\/wp-json\/wp\/v2\/media?parent=228464"}],"wp:term":[{"taxonomy":"product_cat","embeddable":true,"href":"https:\/\/compuviper.mx\/tienda\/wp-json\/wp\/v2\/product_cat?post=228464"},{"taxonomy":"product_tag","embeddable":true,"href":"https:\/\/compuviper.mx\/tienda\/wp-json\/wp\/v2\/product_tag?post=228464"}],"curies":[{"name":"wp","href":"https:\/\/api.w.org\/{rel}","templated":true}]}}