{"id":228463,"date":"2026-04-01T23:11:28","date_gmt":"2026-04-02T05:11:28","guid":{"rendered":"https:\/\/compuviper.mx\/tienda\/producto\/startech-com-5g4ab-usb-c-hub-hub-usb-de-4-puertos-usba-usb-3-0-de-5gbps-alimentado-por-el-bus-concentrador-usb-c-de-4-puertos-usb-a-con-alimentacion-opcional-hub-usb-portatil-cable-30cm\/"},"modified":"2026-04-01T23:11:28","modified_gmt":"2026-04-02T05:11:28","slug":"startech-com-5g4ab-usb-c-hub-hub-usb-de-4-puertos-usba-usb-3-0-de-5gbps-alimentado-por-el-bus-concentrador-usb-c-de-4-puertos-usb-a-con-alimentacion-opcional-hub-usb-portatil-cable-30cm","status":"publish","type":"product","link":"https:\/\/compuviper.mx\/tienda\/producto\/startech-com-5g4ab-usb-c-hub-hub-usb-de-4-puertos-usba-usb-3-0-de-5gbps-alimentado-por-el-bus-concentrador-usb-c-de-4-puertos-usb-a-con-alimentacion-opcional-hub-usb-portatil-cable-30cm\/","title":{"rendered":"Startech.com 5g4ab-usb-c-hub Hub Usb De 4 Puertos Usba &#8211; Usb 3.0 De 5gbps &#8211; Alimentado Por El Bus &#8211; Concentrador Usb-c De 4 Puertos Usb-a Con Alimentacion Opcional &#8211; Hub Usb Portatil &#8211; Cable 30cm"},"content":{"rendered":"<table class=\"descripcion\">\n<tr>\n<td>Usb tipo c a 4x usb tipo a &#8211; usb 3.2 gen 1 (5gbps) &#8211; entrada auxiliar de alimentacion micro usb (hasta 4.5w)<\/td>\n<\/tr>\n<tr>\n<td>Id del producto: 5g4ab-usb-c-hub<\/td>\n<\/tr>\n<tr>\n<td>Hub usb-c de 4 puertos: cuenta con un conector de host usb c y 4x puertos usb-a (soporta ocp y wake on usb) &#8211; 15w de potencia de bus compartida dinamicamente entre 4 puertos de bajada, con un maximo de 4.5w por puerto<\/td>\n<\/tr>\n<tr>\n<td>Entrada de alimentacion auxiliar: entrada de alimentacion micro usb (el cable se vende por separado) para anadir 4.5w (5v\/0.9a), para aplicaciones en las que sea necesaria una potencia adicional, como dispositivos usb de alta potencia<\/td>\n<\/tr>\n<tr>\n<td>Compatibilidad: independiente del sistema operativo &#8211; soporta todos los sistemas operativos, incluyendo windows, macos, linux, ipados, chromeos, android &#8211; compatible con dispositivos host thunderbolt 3\/4 y usb4 como macbook &#8211; funciona con usb 2.0<\/td>\n<\/tr>\n<tr>\n<td>Cable extra largo: carcasa compacta y alimentada por bus, ideal para viajes &#8211; cable host extra largo de 30cm para facilitar la configuracion y reducir la tension del conector en dispositivos 2 en 1 como surface pro 7, ipad pro y laptops en risers<\/td>\n<\/tr>\n<tr>\n<td>Aplicaciones: anada varios puertos usb-a desde un puerto usbc para conectar perifericos &#8211; ideal para computadoras de escritorio o laptops con puertos usb limitados &#8211; utilidad de supervision de eventos usb disponible para descarga<\/td>\n<\/tr>\n<\/table>\n","protected":false},"excerpt":{"rendered":"<p>Usb tipo c a 4x usb tipo a &#8211; usb 3.2 gen 1 (5gbps) &#8211; entrada auxiliar de alimentacion micro usb (hasta 4.5w. Id del producto: 5g4ab-usb-c-hub. Hub usb-c de 4 puertos: cuenta con un conector de host usb c y 4x puertos usb-a (soporta ocp y wake on usb) &#8211; 15w de potencia de bus compartida dinamicamente entre 4 puertos de bajada, con un maximo de 4.5w por puerto. Entrada de alimentacion auxiliar: entrada de alimentacion micro usb (el cable se vende por separado) para anadir 4.5w (5v\/0.9a), para aplicaciones en las que sea necesaria una potencia adicional, como dispositivos usb de alta potencia. Compatibilidad: independiente del sistema operativo &#8211; soporta todos los sistemas operativos, incluyendo windows, macos, linux, ipados, chromeos, android &#8211; compatible con dispositivos host thunderbolt 3\/4 y usb4 como macbook &#8211; funciona con usb 2.0. Cable extra largo: carcasa compacta y alimentada por bus, ideal para viajes &#8211; cable host extra largo de 30cm para facilitar la configuracion y reducir la tension del conector en dispositivos 2 en 1 como surface pro 7, ipad pro y laptops en risers. Aplicaciones: anada varios puertos usb-a desde un puerto usbc para conectar perifericos &#8211; ideal para computadoras de escritorio o laptops con puertos usb limitados &#8211; utilidad de supervision de eventos usb disponible para descarga<\/p>\n","protected":false},"featured_media":233646,"comment_status":"open","ping_status":"open","template":"","meta":[],"product_cat":[1485,1497],"product_tag":[1590],"acf":[],"yoast_head":"<!-- This site is optimized with the Yoast SEO plugin v21.7 - https:\/\/yoast.com\/wordpress\/plugins\/seo\/ -->\n<title>[ Startech.com ] &#129351; 5g4ab-usb-c-hub Hub Usb De 4 Puertos Usba - Usb 3.0 De 5gbps - Alimentado Por El Bus - Concentrador Usb-c De 4 Puertos Usb-a Con Alimentacion Opcional - Hub Usb Portatil - Cable 30cm<\/title>\n<meta name=\"description\" content=\"Compra 5g4ab-usb-c-hub Hub Usb De 4 Puertos Usba - Usb 3.0 De 5gbps - Alimentado Por El Bus - Concentrador Usb-c De 4 Puertos Usb-a Con Alimentacion Opcional - Hub Usb Portatil - Cable 30cm + Env\u00edo a domicilio + Pago seguro + Garant\u00eda\" \/>\n<meta name=\"robots\" content=\"index, follow, max-snippet:-1, max-image-preview:large, max-video-preview:-1\" \/>\n<link rel=\"canonical\" href=\"https:\/\/compuviper.mx\/tienda\/producto\/startech-com-5g4ab-usb-c-hub-hub-usb-de-4-puertos-usba-usb-3-0-de-5gbps-alimentado-por-el-bus-concentrador-usb-c-de-4-puertos-usb-a-con-alimentacion-opcional-hub-usb-portatil-cable-30cm\/\" \/>\n<meta property=\"og:locale\" content=\"es_MX\" \/>\n<meta property=\"og:type\" content=\"article\" \/>\n<meta property=\"og:title\" content=\"[ Startech.com ] &#129351; 5g4ab-usb-c-hub Hub Usb De 4 Puertos Usba - Usb 3.0 De 5gbps - Alimentado Por El Bus - Concentrador Usb-c De 4 Puertos Usb-a Con Alimentacion Opcional - Hub Usb Portatil - Cable 30cm\" \/>\n<meta property=\"og:description\" content=\"Compra 5g4ab-usb-c-hub Hub Usb De 4 Puertos Usba - Usb 3.0 De 5gbps - Alimentado Por El Bus - Concentrador Usb-c De 4 Puertos Usb-a Con Alimentacion Opcional - Hub Usb Portatil - Cable 30cm + Env\u00edo a domicilio + Pago seguro + Garant\u00eda\" \/>\n<meta property=\"og:url\" content=\"https:\/\/compuviper.mx\/tienda\/producto\/startech-com-5g4ab-usb-c-hub-hub-usb-de-4-puertos-usba-usb-3-0-de-5gbps-alimentado-por-el-bus-concentrador-usb-c-de-4-puertos-usb-a-con-alimentacion-opcional-hub-usb-portatil-cable-30cm\/\" \/>\n<meta property=\"og:site_name\" content=\"Compuviper\" \/>\n<meta property=\"article:publisher\" content=\"https:\/\/www.facebook.com\/compuviper\" \/>\n<meta property=\"og:image\" content=\"https:\/\/compuviper.mx\/tienda\/wp-content\/uploads\/2024\/05\/Hub-usb-de-4-puertos-usba-usb-3.0-de-5gbps-alimentado-por-el-bus-concentrador-usb-c-de-4-puertos-usb-a-con-alimentacion-opcional-hub-usb-portatil-cable-30cm.jpg\" \/>\n\t<meta property=\"og:image:width\" content=\"200\" \/>\n\t<meta property=\"og:image:height\" content=\"200\" \/>\n\t<meta property=\"og:image:type\" content=\"image\/jpeg\" \/>\n<meta name=\"twitter:card\" content=\"summary_large_image\" \/>\n<meta name=\"twitter:label1\" content=\"Precio\" \/>\n\t<meta name=\"twitter:data1\" content=\"&#36;761 con IVA\" \/>\n\t<meta name=\"twitter:label2\" content=\"Availability\" \/>\n\t<meta name=\"twitter:data2\" content=\"On backorder\" \/>\n<script type=\"application\/ld+json\" class=\"yoast-schema-graph\">{\"@context\":\"https:\/\/schema.org\",\"@graph\":[{\"@type\":\"WebPage\",\"@id\":\"https:\/\/compuviper.mx\/tienda\/producto\/startech-com-5g4ab-usb-c-hub-hub-usb-de-4-puertos-usba-usb-3-0-de-5gbps-alimentado-por-el-bus-concentrador-usb-c-de-4-puertos-usb-a-con-alimentacion-opcional-hub-usb-portatil-cable-30cm\/\",\"url\":\"https:\/\/compuviper.mx\/tienda\/producto\/startech-com-5g4ab-usb-c-hub-hub-usb-de-4-puertos-usba-usb-3-0-de-5gbps-alimentado-por-el-bus-concentrador-usb-c-de-4-puertos-usb-a-con-alimentacion-opcional-hub-usb-portatil-cable-30cm\/\",\"name\":\"[ Startech.com ] &#129351; 5g4ab-usb-c-hub Hub Usb De 4 Puertos Usba - Usb 3.0 De 5gbps - Alimentado Por El Bus - Concentrador Usb-c De 4 Puertos Usb-a Con Alimentacion Opcional - Hub Usb Portatil - Cable 30cm\",\"isPartOf\":{\"@id\":\"https:\/\/compuviper.mx\/tienda\/#website\"},\"datePublished\":\"2026-04-02T05:11:28+00:00\",\"dateModified\":\"2026-04-02T05:11:28+00:00\",\"description\":\"Compra 5g4ab-usb-c-hub Hub Usb De 4 Puertos Usba - Usb 3.0 De 5gbps - Alimentado Por El Bus - Concentrador Usb-c De 4 Puertos Usb-a Con Alimentacion Opcional - Hub Usb Portatil - Cable 30cm + Env\u00edo a domicilio + Pago seguro + Garant\u00eda\",\"breadcrumb\":{\"@id\":\"https:\/\/compuviper.mx\/tienda\/producto\/startech-com-5g4ab-usb-c-hub-hub-usb-de-4-puertos-usba-usb-3-0-de-5gbps-alimentado-por-el-bus-concentrador-usb-c-de-4-puertos-usb-a-con-alimentacion-opcional-hub-usb-portatil-cable-30cm\/#breadcrumb\"},\"inLanguage\":\"es-MX\",\"potentialAction\":[{\"@type\":\"ReadAction\",\"target\":[\"https:\/\/compuviper.mx\/tienda\/producto\/startech-com-5g4ab-usb-c-hub-hub-usb-de-4-puertos-usba-usb-3-0-de-5gbps-alimentado-por-el-bus-concentrador-usb-c-de-4-puertos-usb-a-con-alimentacion-opcional-hub-usb-portatil-cable-30cm\/\"]}]},{\"@type\":\"BreadcrumbList\",\"@id\":\"https:\/\/compuviper.mx\/tienda\/producto\/startech-com-5g4ab-usb-c-hub-hub-usb-de-4-puertos-usba-usb-3-0-de-5gbps-alimentado-por-el-bus-concentrador-usb-c-de-4-puertos-usb-a-con-alimentacion-opcional-hub-usb-portatil-cable-30cm\/#breadcrumb\",\"itemListElement\":[{\"@type\":\"ListItem\",\"position\":1,\"name\":\"Inicio\",\"item\":\"https:\/\/compuviper.mx\/tienda\/\"},{\"@type\":\"ListItem\",\"position\":2,\"name\":\"Productos\",\"item\":\"https:\/\/compuviper.mx\/tienda\/productos\/\"},{\"@type\":\"ListItem\",\"position\":3,\"name\":\"Accesorios\",\"item\":\"https:\/\/compuviper.mx\/tienda\/categoria-producto\/accesorios\/\"},{\"@type\":\"ListItem\",\"position\":4,\"name\":\"Hub Usb\",\"item\":\"https:\/\/compuviper.mx\/tienda\/categoria-producto\/accesorios\/hub-usb\/\"},{\"@type\":\"ListItem\",\"position\":5,\"name\":\"Startech.com 5g4ab-usb-c-hub Hub Usb De 4 Puertos Usba &#8211; Usb 3.0 De 5gbps &#8211; Alimentado Por El Bus &#8211; Concentrador Usb-c De 4 Puertos Usb-a Con Alimentacion Opcional &#8211; Hub Usb Portatil &#8211; Cable 30cm\"}]},{\"@type\":\"WebSite\",\"@id\":\"https:\/\/compuviper.mx\/tienda\/#website\",\"url\":\"https:\/\/compuviper.mx\/tienda\/\",\"name\":\"Compuviper\",\"description\":\"Proveedor de Computadoras, Laptops, Servidores, Monitores, Puntos de Venta, Teclados,   Impresoras, T\u00f3ner, C\u00e1maras de Seguridad y m\u00e1s en tu tienda en l\u00ednea\",\"publisher\":{\"@id\":\"https:\/\/compuviper.mx\/tienda\/#organization\"},\"potentialAction\":[{\"@type\":\"SearchAction\",\"target\":{\"@type\":\"EntryPoint\",\"urlTemplate\":\"https:\/\/compuviper.mx\/tienda\/?s={search_term_string}\"},\"query-input\":\"required name=search_term_string\"}],\"inLanguage\":\"es-MX\"},{\"@type\":\"Organization\",\"@id\":\"https:\/\/compuviper.mx\/tienda\/#organization\",\"name\":\"Compuviper\",\"url\":\"https:\/\/compuviper.mx\/tienda\/\",\"logo\":{\"@type\":\"ImageObject\",\"inLanguage\":\"es-MX\",\"@id\":\"https:\/\/compuviper.mx\/tienda\/#\/schema\/logo\/image\/\",\"url\":\"https:\/\/compuviper.mx\/tienda\/wp-content\/uploads\/2021\/08\/Logo-Compuviper-10.png\",\"contentUrl\":\"https:\/\/compuviper.mx\/tienda\/wp-content\/uploads\/2021\/08\/Logo-Compuviper-10.png\",\"width\":1000,\"height\":500,\"caption\":\"Compuviper\"},\"image\":{\"@id\":\"https:\/\/compuviper.mx\/tienda\/#\/schema\/logo\/image\/\"},\"sameAs\":[\"https:\/\/www.facebook.com\/compuviper\",\"https:\/\/www.youtube.com\/channel\/UCf73dERp9Y3cfOq7q8BhLjA?view_as=subscriber\"]}]}<\/script>\n<meta property=\"product:brand\" content=\"STARTECH.COM\" \/>\n<meta property=\"product:price:amount\" content=\"761\" \/>\n<meta property=\"product:price:currency\" content=\"MXN\" \/>\n<meta property=\"og:availability\" content=\"backorder\" \/>\n<meta property=\"product:availability\" content=\"available for order\" \/>\n<meta property=\"product:retailer_item_id\" content=\"5G4AB-USB-C-HUB\" \/>\n<meta property=\"product:condition\" content=\"new\" \/>\n<!-- \/ Yoast SEO plugin. -->","yoast_head_json":{"title":"[ Startech.com ] &#129351; 5g4ab-usb-c-hub Hub Usb De 4 Puertos Usba - Usb 3.0 De 5gbps - Alimentado Por El Bus - Concentrador Usb-c De 4 Puertos Usb-a Con Alimentacion Opcional - Hub Usb Portatil - Cable 30cm","description":"Compra 5g4ab-usb-c-hub Hub Usb De 4 Puertos Usba - Usb 3.0 De 5gbps - Alimentado Por El Bus - Concentrador Usb-c De 4 Puertos Usb-a Con Alimentacion Opcional - Hub Usb Portatil - Cable 30cm + Env\u00edo a domicilio + Pago seguro + Garant\u00eda","robots":{"index":"index","follow":"follow","max-snippet":"max-snippet:-1","max-image-preview":"max-image-preview:large","max-video-preview":"max-video-preview:-1"},"canonical":"https:\/\/compuviper.mx\/tienda\/producto\/startech-com-5g4ab-usb-c-hub-hub-usb-de-4-puertos-usba-usb-3-0-de-5gbps-alimentado-por-el-bus-concentrador-usb-c-de-4-puertos-usb-a-con-alimentacion-opcional-hub-usb-portatil-cable-30cm\/","og_locale":"es_MX","og_type":"article","og_title":"[ Startech.com ] &#129351; 5g4ab-usb-c-hub Hub Usb De 4 Puertos Usba - Usb 3.0 De 5gbps - Alimentado Por El Bus - Concentrador Usb-c De 4 Puertos Usb-a Con Alimentacion Opcional - Hub Usb Portatil - Cable 30cm","og_description":"Compra 5g4ab-usb-c-hub Hub Usb De 4 Puertos Usba - Usb 3.0 De 5gbps - Alimentado Por El Bus - Concentrador Usb-c De 4 Puertos Usb-a Con Alimentacion Opcional - Hub Usb Portatil - Cable 30cm + Env\u00edo a domicilio + Pago seguro + Garant\u00eda","og_url":"https:\/\/compuviper.mx\/tienda\/producto\/startech-com-5g4ab-usb-c-hub-hub-usb-de-4-puertos-usba-usb-3-0-de-5gbps-alimentado-por-el-bus-concentrador-usb-c-de-4-puertos-usb-a-con-alimentacion-opcional-hub-usb-portatil-cable-30cm\/","og_site_name":"Compuviper","article_publisher":"https:\/\/www.facebook.com\/compuviper","og_image":[{"width":200,"height":200,"url":"https:\/\/compuviper.mx\/tienda\/wp-content\/uploads\/2024\/05\/Hub-usb-de-4-puertos-usba-usb-3.0-de-5gbps-alimentado-por-el-bus-concentrador-usb-c-de-4-puertos-usb-a-con-alimentacion-opcional-hub-usb-portatil-cable-30cm.jpg","type":"image\/jpeg"}],"twitter_card":"summary_large_image","twitter_misc":{"Precio":"&#36;761 con IVA","Availability":"On backorder"},"schema":{"@context":"https:\/\/schema.org","@graph":[{"@type":"WebPage","@id":"https:\/\/compuviper.mx\/tienda\/producto\/startech-com-5g4ab-usb-c-hub-hub-usb-de-4-puertos-usba-usb-3-0-de-5gbps-alimentado-por-el-bus-concentrador-usb-c-de-4-puertos-usb-a-con-alimentacion-opcional-hub-usb-portatil-cable-30cm\/","url":"https:\/\/compuviper.mx\/tienda\/producto\/startech-com-5g4ab-usb-c-hub-hub-usb-de-4-puertos-usba-usb-3-0-de-5gbps-alimentado-por-el-bus-concentrador-usb-c-de-4-puertos-usb-a-con-alimentacion-opcional-hub-usb-portatil-cable-30cm\/","name":"[ Startech.com ] &#129351; 5g4ab-usb-c-hub Hub Usb De 4 Puertos Usba - Usb 3.0 De 5gbps - Alimentado Por El Bus - Concentrador Usb-c De 4 Puertos Usb-a Con Alimentacion Opcional - Hub Usb Portatil - Cable 30cm","isPartOf":{"@id":"https:\/\/compuviper.mx\/tienda\/#website"},"datePublished":"2026-04-02T05:11:28+00:00","dateModified":"2026-04-02T05:11:28+00:00","description":"Compra 5g4ab-usb-c-hub Hub Usb De 4 Puertos Usba - Usb 3.0 De 5gbps - Alimentado Por El Bus - Concentrador Usb-c De 4 Puertos Usb-a Con Alimentacion Opcional - Hub Usb Portatil - Cable 30cm + Env\u00edo a domicilio + Pago seguro + Garant\u00eda","breadcrumb":{"@id":"https:\/\/compuviper.mx\/tienda\/producto\/startech-com-5g4ab-usb-c-hub-hub-usb-de-4-puertos-usba-usb-3-0-de-5gbps-alimentado-por-el-bus-concentrador-usb-c-de-4-puertos-usb-a-con-alimentacion-opcional-hub-usb-portatil-cable-30cm\/#breadcrumb"},"inLanguage":"es-MX","potentialAction":[{"@type":"ReadAction","target":["https:\/\/compuviper.mx\/tienda\/producto\/startech-com-5g4ab-usb-c-hub-hub-usb-de-4-puertos-usba-usb-3-0-de-5gbps-alimentado-por-el-bus-concentrador-usb-c-de-4-puertos-usb-a-con-alimentacion-opcional-hub-usb-portatil-cable-30cm\/"]}]},{"@type":"BreadcrumbList","@id":"https:\/\/compuviper.mx\/tienda\/producto\/startech-com-5g4ab-usb-c-hub-hub-usb-de-4-puertos-usba-usb-3-0-de-5gbps-alimentado-por-el-bus-concentrador-usb-c-de-4-puertos-usb-a-con-alimentacion-opcional-hub-usb-portatil-cable-30cm\/#breadcrumb","itemListElement":[{"@type":"ListItem","position":1,"name":"Inicio","item":"https:\/\/compuviper.mx\/tienda\/"},{"@type":"ListItem","position":2,"name":"Productos","item":"https:\/\/compuviper.mx\/tienda\/productos\/"},{"@type":"ListItem","position":3,"name":"Accesorios","item":"https:\/\/compuviper.mx\/tienda\/categoria-producto\/accesorios\/"},{"@type":"ListItem","position":4,"name":"Hub Usb","item":"https:\/\/compuviper.mx\/tienda\/categoria-producto\/accesorios\/hub-usb\/"},{"@type":"ListItem","position":5,"name":"Startech.com 5g4ab-usb-c-hub Hub Usb De 4 Puertos Usba &#8211; Usb 3.0 De 5gbps &#8211; Alimentado Por El Bus &#8211; Concentrador Usb-c De 4 Puertos Usb-a Con Alimentacion Opcional &#8211; Hub Usb Portatil &#8211; Cable 30cm"}]},{"@type":"WebSite","@id":"https:\/\/compuviper.mx\/tienda\/#website","url":"https:\/\/compuviper.mx\/tienda\/","name":"Compuviper","description":"Proveedor de Computadoras, Laptops, Servidores, Monitores, Puntos de Venta, Teclados,   Impresoras, T\u00f3ner, C\u00e1maras de Seguridad y m\u00e1s en tu tienda en l\u00ednea","publisher":{"@id":"https:\/\/compuviper.mx\/tienda\/#organization"},"potentialAction":[{"@type":"SearchAction","target":{"@type":"EntryPoint","urlTemplate":"https:\/\/compuviper.mx\/tienda\/?s={search_term_string}"},"query-input":"required name=search_term_string"}],"inLanguage":"es-MX"},{"@type":"Organization","@id":"https:\/\/compuviper.mx\/tienda\/#organization","name":"Compuviper","url":"https:\/\/compuviper.mx\/tienda\/","logo":{"@type":"ImageObject","inLanguage":"es-MX","@id":"https:\/\/compuviper.mx\/tienda\/#\/schema\/logo\/image\/","url":"https:\/\/compuviper.mx\/tienda\/wp-content\/uploads\/2021\/08\/Logo-Compuviper-10.png","contentUrl":"https:\/\/compuviper.mx\/tienda\/wp-content\/uploads\/2021\/08\/Logo-Compuviper-10.png","width":1000,"height":500,"caption":"Compuviper"},"image":{"@id":"https:\/\/compuviper.mx\/tienda\/#\/schema\/logo\/image\/"},"sameAs":["https:\/\/www.facebook.com\/compuviper","https:\/\/www.youtube.com\/channel\/UCf73dERp9Y3cfOq7q8BhLjA?view_as=subscriber"]}]},"product_brand":"STARTECH.COM","product_price_amount":"761","product_price_currency":"MXN","og_availability":"backorder","product_availability":"available for order","product_retailer_item_id":"5G4AB-USB-C-HUB","product_condition":"new"},"_links":{"self":[{"href":"https:\/\/compuviper.mx\/tienda\/wp-json\/wp\/v2\/product\/228463"}],"collection":[{"href":"https:\/\/compuviper.mx\/tienda\/wp-json\/wp\/v2\/product"}],"about":[{"href":"https:\/\/compuviper.mx\/tienda\/wp-json\/wp\/v2\/types\/product"}],"replies":[{"embeddable":true,"href":"https:\/\/compuviper.mx\/tienda\/wp-json\/wp\/v2\/comments?post=228463"}],"wp:featuredmedia":[{"embeddable":true,"href":"https:\/\/compuviper.mx\/tienda\/wp-json\/wp\/v2\/media\/233646"}],"wp:attachment":[{"href":"https:\/\/compuviper.mx\/tienda\/wp-json\/wp\/v2\/media?parent=228463"}],"wp:term":[{"taxonomy":"product_cat","embeddable":true,"href":"https:\/\/compuviper.mx\/tienda\/wp-json\/wp\/v2\/product_cat?post=228463"},{"taxonomy":"product_tag","embeddable":true,"href":"https:\/\/compuviper.mx\/tienda\/wp-json\/wp\/v2\/product_tag?post=228463"}],"curies":[{"name":"wp","href":"https:\/\/api.w.org\/{rel}","templated":true}]}}