{"id":228424,"date":"2026-04-17T02:01:38","date_gmt":"2026-04-17T08:01:38","guid":{"rendered":"https:\/\/compuviper.mx\/tienda\/producto\/qnap-ts-h3087xu-rp-e2378-64g-us-nas-30-bahias24sata-de-3-56sata-de-2-5-rack4u-intelxeon-8nucleos-hasta-4-8ghz-64gbram-hasta-128gb-2-5gbe2-10gbe2-usb3-24-fuentered-hotswap-no-incluye-discos\/"},"modified":"2026-04-17T02:01:38","modified_gmt":"2026-04-17T08:01:38","slug":"qnap-ts-h3087xu-rp-e2378-64g-us-nas-30-bahias24sata-de-3-56sata-de-2-5-rack4u-intelxeon-8nucleos-hasta-4-8ghz-64gbram-hasta-128gb-2-5gbe2-10gbe2-usb3-24-fuentered-hotswap-no-incluye-discos","status":"publish","type":"product","link":"https:\/\/compuviper.mx\/tienda\/producto\/qnap-ts-h3087xu-rp-e2378-64g-us-nas-30-bahias24sata-de-3-56sata-de-2-5-rack4u-intelxeon-8nucleos-hasta-4-8ghz-64gbram-hasta-128gb-2-5gbe2-10gbe2-usb3-24-fuentered-hotswap-no-incluye-discos\/","title":{"rendered":"Qnap Ts-h3087xu-rp-e2378-64g-us Nas  \/30 Bahias24sata De 3.56sata De 2.5\/rack4u\/intelxeon 8nucleos Hasta 4.8ghz\/64gbram Hasta 128gb\/2.5gbe2\/10gbe2\/usb3.24\/fuentered\/hotswap\/no Incluye Discos"},"content":{"rendered":"<table class=\"descripcion\">\n<tr>\n<td>El ts-h3087xu-rp de alta capacidad est\u00e1 equipado con un procesador intel\u00ae xeon\u00ae serie e-2300 de \u00faltima generaci\u00f3n, admite hasta 128 gb de memoria ddr4 ecc y proporciona una arquitectura de almacenamiento h\u00edbrido de unidad de disco duro\/ssd que mantiene el equilibrio entre rendimiento y coste para ofrecer un rendimiento fiable de categor\u00eda de servidor. con el sistema operativo quts hero basado en zfs, el ts-h3087xu-rp destaca la integridad de los datos con la deduplicaci\u00f3n de datos en l\u00ednea, instant\u00e1neas pr\u00e1cticamente ilimitadas, snapsync en tiempo real y qsal (qnap ssd antiwear leveling), ofreciendo una soluci\u00f3n de almacenamiento ideal que responde a las necesidades empresariales actuales para servidores de archivos, servidores de virtualizaci\u00f3n, vdi y copia de seguridad\/restauraci\u00f3n.<\/td>\n<\/tr>\n<\/table>\n","protected":false},"excerpt":{"rendered":"<p>Ts-h3087xu-rp-e2378-64g. Cpu: intel xeon e-2378 de 8 n\u00facleos y 16 hilos (con potencia de hasta 4,8 ghz. Arquitectura de cpu: x86 de 64 bits. Procesadores gr\u00e1ficos: opcional a trav\u00e9s de un adaptador pcie. Unidad de coma flotante: si. Motor de cifrado: si (aes-ni. Memoria del sistema: 64 gb ecc ddr4 (2 x 32 gb. Memoria m\u00e1xima: 128 gb (4 m\u00f3dulos de 32 gb. Ranura para memoria: 4 m\u00f3dulos de memoria ddr4 udimm ecc. Para configuraciones dimm dobles, debe usar un par de m\u00f3dulos ddr4 id\u00e9nticos. Memoria flash: 5 gb (protecci\u00f3n del sistema operativo de doble arranque. Bah\u00eda de unidades: 30 (24 unidades sata de 3,5 + 6 unidades sata de 2,5. Compatibilidad de unidades. 3.5-inch bays. 3.5-inch sata hard disk drives. 2.5-inch sata solid state drives. 2.5-inch bays. 2.5-inch sata solid state drives. Intercambiable en caliente: si. Ranura m.2: opcional a trav\u00e9s de un adaptador pcie qm2. Compatibilidad con aceleraci\u00f3n de cach\u00e9 ssd: si. Salida directa de gpu: si. Puerto 2,5 gbe (2,5g\/1g\/100m): 2 (2,5g\/1g\/100m. Puerto 10 gbe: 2 puertos 10gbase-t (10g\/5g\/2,5g\/1g\/100m. Puerto 25 gbe: opcional a trav\u00e9s de un adaptador pcie. Wake-on-lan (wol): si. Ranura pcie: 3 (2 ranuras gen4 x4 +1 ranura gen 4 x8. Dimensiones de la tarjeta para la ranura pcie 1: 260 x 131,15 x 54,16 mm \/ 10,24 x 5,16 x 2,13 pulgadas. Dimensiones de la tarjeta para la ranura pcie 2: 300 x 131,15 x 54,16 mm \/ 11,81 x 5,16 x 2,13 pulgadas. Dimensiones de la tarjeta para la ranura pcie 3: 300 x 131,15 x 18,76 mm \/ 11,81 x 5,16 x 0,74 pulgadas. Se pueden instalar tarjetas m\u00e1s anchas si la siguiente ranura pcie no se va a utilizar. Puerto usb 3.2 gen 2 (10 gbps): 4 puerto usb 3.2 gen 2 tipo-a de 5 v\/1a 10gbps. Salida hdmi: opcional a trav\u00e9s de un adaptador pcie. Factor de forma: montaje en rack de 4u. Indicadores led. Estado (verde\/rojo. Lan (verde. Usb (azul. Estado de hdd (verde\/rojo. Botones: encendido, reinicio. Dimensiones: (altura x anchura x profundidad) 176.2 \u00d7 441.6 \u00d7 630.2 mm. Peso (neto): 23.79 kg. Peso (bruto): 29.13 kg. Temperatura operativa: 0 &#8211; 40 \u00b0c (32 \u00b0f &#8211; 104 \u00b0f. Temperatura de almacenamiento: -20 &#8211; 70\u00b0c (-4\u00b0f &#8211; 158\u00b0f. Humedad relativa: 5 ~ 95 % de humedad relativa sin condensaci\u00f3n, bulbo h\u00famedo: 27  and #730;c (80,6  and #730;f. Unidad de alimentaci\u00f3n el\u00e9ctrica: 2 psu de 800 w. Consumo de energ\u00eda: modo suspensi\u00f3n de disco duro: 149,92 w. Consumo de energ\u00eda: modo de funcionamiento, t\u00edpico 219,03 w. Ventilador: 4 de 80 mm, 12 v de cc. Garant\u00eda est\u00e1ndar: 5 a\u00f1os en centro de servicio. N.\u00ba m\u00e1x. De conexiones simult\u00e1neas (cifs): con memoria m\u00e1x: 11000<\/p>\n","protected":false},"featured_media":234537,"comment_status":"open","ping_status":"open","template":"","meta":[],"product_cat":[1803,1804],"product_tag":[2110],"acf":[],"yoast_head":"<!-- This site is optimized with the Yoast SEO plugin v21.7 - https:\/\/yoast.com\/wordpress\/plugins\/seo\/ -->\n<title>[ Qnap ] &#129351; Ts-h3087xu-rp-e2378-64g-us Nas \/30 Bahias24sata De 3.56sata De 2.5\/rack4u\/intelxeon 8nucleos Hasta 4.8ghz\/64gbram Hasta 128gb\/2.5gbe2\/10gbe2\/usb3.24\/fuentered\/hotswap\/no Incluye Discos<\/title>\n<meta name=\"description\" content=\"Compra Ts-h3087xu-rp-e2378-64g-us Nas \/30 Bahias24sata De 3.56sata De 2.5\/rack4u\/intelxeon 8nucleos Hasta 4.8ghz\/64gbram Hasta 128gb\/2.5gbe2\/10gbe2\/usb3.24\/fuentered\/hotswap\/no Incluye Discos + Env\u00edo a domicilio + Pago seguro + Garant\u00eda\" \/>\n<meta name=\"robots\" content=\"index, follow, max-snippet:-1, max-image-preview:large, max-video-preview:-1\" \/>\n<link rel=\"canonical\" href=\"https:\/\/compuviper.mx\/tienda\/producto\/qnap-ts-h3087xu-rp-e2378-64g-us-nas-30-bahias24sata-de-3-56sata-de-2-5-rack4u-intelxeon-8nucleos-hasta-4-8ghz-64gbram-hasta-128gb-2-5gbe2-10gbe2-usb3-24-fuentered-hotswap-no-incluye-discos\/\" \/>\n<meta property=\"og:locale\" content=\"es_MX\" \/>\n<meta property=\"og:type\" content=\"article\" \/>\n<meta property=\"og:title\" content=\"[ Qnap ] &#129351; Ts-h3087xu-rp-e2378-64g-us Nas \/30 Bahias24sata De 3.56sata De 2.5\/rack4u\/intelxeon 8nucleos Hasta 4.8ghz\/64gbram Hasta 128gb\/2.5gbe2\/10gbe2\/usb3.24\/fuentered\/hotswap\/no Incluye Discos\" \/>\n<meta property=\"og:description\" content=\"Compra Ts-h3087xu-rp-e2378-64g-us Nas \/30 Bahias24sata De 3.56sata De 2.5\/rack4u\/intelxeon 8nucleos Hasta 4.8ghz\/64gbram Hasta 128gb\/2.5gbe2\/10gbe2\/usb3.24\/fuentered\/hotswap\/no Incluye Discos + Env\u00edo a domicilio + Pago seguro + Garant\u00eda\" \/>\n<meta property=\"og:url\" content=\"https:\/\/compuviper.mx\/tienda\/producto\/qnap-ts-h3087xu-rp-e2378-64g-us-nas-30-bahias24sata-de-3-56sata-de-2-5-rack4u-intelxeon-8nucleos-hasta-4-8ghz-64gbram-hasta-128gb-2-5gbe2-10gbe2-usb3-24-fuentered-hotswap-no-incluye-discos\/\" \/>\n<meta property=\"og:site_name\" content=\"Compuviper\" \/>\n<meta property=\"article:publisher\" content=\"https:\/\/www.facebook.com\/compuviper\" \/>\n<meta property=\"og:image\" content=\"https:\/\/compuviper.mx\/tienda\/wp-content\/uploads\/2024\/05\/Nas-qnap-ts-h3087xu-rp-e2378-64g-us30-bahias24sata-de-3.56sata-de-2.5rack4uintelxeon-8nucleos-hasta-4.8ghz64gbram-hasta-128gb2.5gbe210gbe2usb3.24fuenteredhotswapno-incluye-discos.jpg\" \/>\n\t<meta property=\"og:image:width\" content=\"200\" \/>\n\t<meta property=\"og:image:height\" content=\"200\" \/>\n\t<meta property=\"og:image:type\" content=\"image\/jpeg\" \/>\n<meta name=\"twitter:card\" content=\"summary_large_image\" \/>\n<meta name=\"twitter:label1\" content=\"Precio\" \/>\n\t<meta name=\"twitter:data1\" content=\"&#36;217,682 con IVA\" \/>\n\t<meta name=\"twitter:label2\" content=\"Availability\" \/>\n\t<meta name=\"twitter:data2\" content=\"On backorder\" \/>\n<script type=\"application\/ld+json\" class=\"yoast-schema-graph\">{\"@context\":\"https:\/\/schema.org\",\"@graph\":[{\"@type\":\"WebPage\",\"@id\":\"https:\/\/compuviper.mx\/tienda\/producto\/qnap-ts-h3087xu-rp-e2378-64g-us-nas-30-bahias24sata-de-3-56sata-de-2-5-rack4u-intelxeon-8nucleos-hasta-4-8ghz-64gbram-hasta-128gb-2-5gbe2-10gbe2-usb3-24-fuentered-hotswap-no-incluye-discos\/\",\"url\":\"https:\/\/compuviper.mx\/tienda\/producto\/qnap-ts-h3087xu-rp-e2378-64g-us-nas-30-bahias24sata-de-3-56sata-de-2-5-rack4u-intelxeon-8nucleos-hasta-4-8ghz-64gbram-hasta-128gb-2-5gbe2-10gbe2-usb3-24-fuentered-hotswap-no-incluye-discos\/\",\"name\":\"[ Qnap ] &#129351; Ts-h3087xu-rp-e2378-64g-us Nas \/30 Bahias24sata De 3.56sata De 2.5\/rack4u\/intelxeon 8nucleos Hasta 4.8ghz\/64gbram Hasta 128gb\/2.5gbe2\/10gbe2\/usb3.24\/fuentered\/hotswap\/no Incluye Discos\",\"isPartOf\":{\"@id\":\"https:\/\/compuviper.mx\/tienda\/#website\"},\"datePublished\":\"2026-04-17T08:01:38+00:00\",\"dateModified\":\"2026-04-17T08:01:38+00:00\",\"description\":\"Compra Ts-h3087xu-rp-e2378-64g-us Nas \/30 Bahias24sata De 3.56sata De 2.5\/rack4u\/intelxeon 8nucleos Hasta 4.8ghz\/64gbram Hasta 128gb\/2.5gbe2\/10gbe2\/usb3.24\/fuentered\/hotswap\/no Incluye Discos + Env\u00edo a domicilio + Pago seguro + Garant\u00eda\",\"breadcrumb\":{\"@id\":\"https:\/\/compuviper.mx\/tienda\/producto\/qnap-ts-h3087xu-rp-e2378-64g-us-nas-30-bahias24sata-de-3-56sata-de-2-5-rack4u-intelxeon-8nucleos-hasta-4-8ghz-64gbram-hasta-128gb-2-5gbe2-10gbe2-usb3-24-fuentered-hotswap-no-incluye-discos\/#breadcrumb\"},\"inLanguage\":\"es-MX\",\"potentialAction\":[{\"@type\":\"ReadAction\",\"target\":[\"https:\/\/compuviper.mx\/tienda\/producto\/qnap-ts-h3087xu-rp-e2378-64g-us-nas-30-bahias24sata-de-3-56sata-de-2-5-rack4u-intelxeon-8nucleos-hasta-4-8ghz-64gbram-hasta-128gb-2-5gbe2-10gbe2-usb3-24-fuentered-hotswap-no-incluye-discos\/\"]}]},{\"@type\":\"BreadcrumbList\",\"@id\":\"https:\/\/compuviper.mx\/tienda\/producto\/qnap-ts-h3087xu-rp-e2378-64g-us-nas-30-bahias24sata-de-3-56sata-de-2-5-rack4u-intelxeon-8nucleos-hasta-4-8ghz-64gbram-hasta-128gb-2-5gbe2-10gbe2-usb3-24-fuentered-hotswap-no-incluye-discos\/#breadcrumb\",\"itemListElement\":[{\"@type\":\"ListItem\",\"position\":1,\"name\":\"Inicio\",\"item\":\"https:\/\/compuviper.mx\/tienda\/\"},{\"@type\":\"ListItem\",\"position\":2,\"name\":\"Productos\",\"item\":\"https:\/\/compuviper.mx\/tienda\/productos\/\"},{\"@type\":\"ListItem\",\"position\":3,\"name\":\"Almacenamiento\",\"item\":\"https:\/\/compuviper.mx\/tienda\/categoria-producto\/almacenamiento\/\"},{\"@type\":\"ListItem\",\"position\":4,\"name\":\"Sistema De Almacenamiento\",\"item\":\"https:\/\/compuviper.mx\/tienda\/categoria-producto\/almacenamiento\/sistema-de-almacenamiento\/\"},{\"@type\":\"ListItem\",\"position\":5,\"name\":\"Qnap Ts-h3087xu-rp-e2378-64g-us Nas \/30 Bahias24sata De 3.56sata De 2.5\/rack4u\/intelxeon 8nucleos Hasta 4.8ghz\/64gbram Hasta 128gb\/2.5gbe2\/10gbe2\/usb3.24\/fuentered\/hotswap\/no Incluye Discos\"}]},{\"@type\":\"WebSite\",\"@id\":\"https:\/\/compuviper.mx\/tienda\/#website\",\"url\":\"https:\/\/compuviper.mx\/tienda\/\",\"name\":\"Compuviper\",\"description\":\"Proveedor de Computadoras, Laptops, Servidores, Monitores, Puntos de Venta, Teclados,   Impresoras, T\u00f3ner, C\u00e1maras de Seguridad y m\u00e1s en tu tienda en l\u00ednea\",\"publisher\":{\"@id\":\"https:\/\/compuviper.mx\/tienda\/#organization\"},\"potentialAction\":[{\"@type\":\"SearchAction\",\"target\":{\"@type\":\"EntryPoint\",\"urlTemplate\":\"https:\/\/compuviper.mx\/tienda\/?s={search_term_string}\"},\"query-input\":\"required name=search_term_string\"}],\"inLanguage\":\"es-MX\"},{\"@type\":\"Organization\",\"@id\":\"https:\/\/compuviper.mx\/tienda\/#organization\",\"name\":\"Compuviper\",\"url\":\"https:\/\/compuviper.mx\/tienda\/\",\"logo\":{\"@type\":\"ImageObject\",\"inLanguage\":\"es-MX\",\"@id\":\"https:\/\/compuviper.mx\/tienda\/#\/schema\/logo\/image\/\",\"url\":\"https:\/\/compuviper.mx\/tienda\/wp-content\/uploads\/2021\/08\/Logo-Compuviper-10.png\",\"contentUrl\":\"https:\/\/compuviper.mx\/tienda\/wp-content\/uploads\/2021\/08\/Logo-Compuviper-10.png\",\"width\":1000,\"height\":500,\"caption\":\"Compuviper\"},\"image\":{\"@id\":\"https:\/\/compuviper.mx\/tienda\/#\/schema\/logo\/image\/\"},\"sameAs\":[\"https:\/\/www.facebook.com\/compuviper\",\"https:\/\/www.youtube.com\/channel\/UCf73dERp9Y3cfOq7q8BhLjA?view_as=subscriber\"]}]}<\/script>\n<meta property=\"product:brand\" content=\"Qnap\" \/>\n<meta property=\"product:price:amount\" content=\"217682\" \/>\n<meta property=\"product:price:currency\" content=\"MXN\" \/>\n<meta property=\"og:availability\" content=\"backorder\" \/>\n<meta property=\"product:availability\" content=\"available for order\" \/>\n<meta property=\"product:retailer_item_id\" content=\"TS-H3087XU-RP-E2378-64G-US\" \/>\n<meta property=\"product:condition\" content=\"new\" \/>\n<!-- \/ Yoast SEO plugin. -->","yoast_head_json":{"title":"[ Qnap ] &#129351; Ts-h3087xu-rp-e2378-64g-us Nas \/30 Bahias24sata De 3.56sata De 2.5\/rack4u\/intelxeon 8nucleos Hasta 4.8ghz\/64gbram Hasta 128gb\/2.5gbe2\/10gbe2\/usb3.24\/fuentered\/hotswap\/no Incluye Discos","description":"Compra Ts-h3087xu-rp-e2378-64g-us Nas \/30 Bahias24sata De 3.56sata De 2.5\/rack4u\/intelxeon 8nucleos Hasta 4.8ghz\/64gbram Hasta 128gb\/2.5gbe2\/10gbe2\/usb3.24\/fuentered\/hotswap\/no Incluye Discos + Env\u00edo a domicilio + Pago seguro + Garant\u00eda","robots":{"index":"index","follow":"follow","max-snippet":"max-snippet:-1","max-image-preview":"max-image-preview:large","max-video-preview":"max-video-preview:-1"},"canonical":"https:\/\/compuviper.mx\/tienda\/producto\/qnap-ts-h3087xu-rp-e2378-64g-us-nas-30-bahias24sata-de-3-56sata-de-2-5-rack4u-intelxeon-8nucleos-hasta-4-8ghz-64gbram-hasta-128gb-2-5gbe2-10gbe2-usb3-24-fuentered-hotswap-no-incluye-discos\/","og_locale":"es_MX","og_type":"article","og_title":"[ Qnap ] &#129351; Ts-h3087xu-rp-e2378-64g-us Nas \/30 Bahias24sata De 3.56sata De 2.5\/rack4u\/intelxeon 8nucleos Hasta 4.8ghz\/64gbram Hasta 128gb\/2.5gbe2\/10gbe2\/usb3.24\/fuentered\/hotswap\/no Incluye Discos","og_description":"Compra Ts-h3087xu-rp-e2378-64g-us Nas \/30 Bahias24sata De 3.56sata De 2.5\/rack4u\/intelxeon 8nucleos Hasta 4.8ghz\/64gbram Hasta 128gb\/2.5gbe2\/10gbe2\/usb3.24\/fuentered\/hotswap\/no Incluye Discos + Env\u00edo a domicilio + Pago seguro + Garant\u00eda","og_url":"https:\/\/compuviper.mx\/tienda\/producto\/qnap-ts-h3087xu-rp-e2378-64g-us-nas-30-bahias24sata-de-3-56sata-de-2-5-rack4u-intelxeon-8nucleos-hasta-4-8ghz-64gbram-hasta-128gb-2-5gbe2-10gbe2-usb3-24-fuentered-hotswap-no-incluye-discos\/","og_site_name":"Compuviper","article_publisher":"https:\/\/www.facebook.com\/compuviper","og_image":[{"width":200,"height":200,"url":"https:\/\/compuviper.mx\/tienda\/wp-content\/uploads\/2024\/05\/Nas-qnap-ts-h3087xu-rp-e2378-64g-us30-bahias24sata-de-3.56sata-de-2.5rack4uintelxeon-8nucleos-hasta-4.8ghz64gbram-hasta-128gb2.5gbe210gbe2usb3.24fuenteredhotswapno-incluye-discos.jpg","type":"image\/jpeg"}],"twitter_card":"summary_large_image","twitter_misc":{"Precio":"&#36;217,682 con IVA","Availability":"On backorder"},"schema":{"@context":"https:\/\/schema.org","@graph":[{"@type":"WebPage","@id":"https:\/\/compuviper.mx\/tienda\/producto\/qnap-ts-h3087xu-rp-e2378-64g-us-nas-30-bahias24sata-de-3-56sata-de-2-5-rack4u-intelxeon-8nucleos-hasta-4-8ghz-64gbram-hasta-128gb-2-5gbe2-10gbe2-usb3-24-fuentered-hotswap-no-incluye-discos\/","url":"https:\/\/compuviper.mx\/tienda\/producto\/qnap-ts-h3087xu-rp-e2378-64g-us-nas-30-bahias24sata-de-3-56sata-de-2-5-rack4u-intelxeon-8nucleos-hasta-4-8ghz-64gbram-hasta-128gb-2-5gbe2-10gbe2-usb3-24-fuentered-hotswap-no-incluye-discos\/","name":"[ Qnap ] &#129351; Ts-h3087xu-rp-e2378-64g-us Nas \/30 Bahias24sata De 3.56sata De 2.5\/rack4u\/intelxeon 8nucleos Hasta 4.8ghz\/64gbram Hasta 128gb\/2.5gbe2\/10gbe2\/usb3.24\/fuentered\/hotswap\/no Incluye Discos","isPartOf":{"@id":"https:\/\/compuviper.mx\/tienda\/#website"},"datePublished":"2026-04-17T08:01:38+00:00","dateModified":"2026-04-17T08:01:38+00:00","description":"Compra Ts-h3087xu-rp-e2378-64g-us Nas \/30 Bahias24sata De 3.56sata De 2.5\/rack4u\/intelxeon 8nucleos Hasta 4.8ghz\/64gbram Hasta 128gb\/2.5gbe2\/10gbe2\/usb3.24\/fuentered\/hotswap\/no Incluye Discos + Env\u00edo a domicilio + Pago seguro + Garant\u00eda","breadcrumb":{"@id":"https:\/\/compuviper.mx\/tienda\/producto\/qnap-ts-h3087xu-rp-e2378-64g-us-nas-30-bahias24sata-de-3-56sata-de-2-5-rack4u-intelxeon-8nucleos-hasta-4-8ghz-64gbram-hasta-128gb-2-5gbe2-10gbe2-usb3-24-fuentered-hotswap-no-incluye-discos\/#breadcrumb"},"inLanguage":"es-MX","potentialAction":[{"@type":"ReadAction","target":["https:\/\/compuviper.mx\/tienda\/producto\/qnap-ts-h3087xu-rp-e2378-64g-us-nas-30-bahias24sata-de-3-56sata-de-2-5-rack4u-intelxeon-8nucleos-hasta-4-8ghz-64gbram-hasta-128gb-2-5gbe2-10gbe2-usb3-24-fuentered-hotswap-no-incluye-discos\/"]}]},{"@type":"BreadcrumbList","@id":"https:\/\/compuviper.mx\/tienda\/producto\/qnap-ts-h3087xu-rp-e2378-64g-us-nas-30-bahias24sata-de-3-56sata-de-2-5-rack4u-intelxeon-8nucleos-hasta-4-8ghz-64gbram-hasta-128gb-2-5gbe2-10gbe2-usb3-24-fuentered-hotswap-no-incluye-discos\/#breadcrumb","itemListElement":[{"@type":"ListItem","position":1,"name":"Inicio","item":"https:\/\/compuviper.mx\/tienda\/"},{"@type":"ListItem","position":2,"name":"Productos","item":"https:\/\/compuviper.mx\/tienda\/productos\/"},{"@type":"ListItem","position":3,"name":"Almacenamiento","item":"https:\/\/compuviper.mx\/tienda\/categoria-producto\/almacenamiento\/"},{"@type":"ListItem","position":4,"name":"Sistema De Almacenamiento","item":"https:\/\/compuviper.mx\/tienda\/categoria-producto\/almacenamiento\/sistema-de-almacenamiento\/"},{"@type":"ListItem","position":5,"name":"Qnap Ts-h3087xu-rp-e2378-64g-us Nas \/30 Bahias24sata De 3.56sata De 2.5\/rack4u\/intelxeon 8nucleos Hasta 4.8ghz\/64gbram Hasta 128gb\/2.5gbe2\/10gbe2\/usb3.24\/fuentered\/hotswap\/no Incluye Discos"}]},{"@type":"WebSite","@id":"https:\/\/compuviper.mx\/tienda\/#website","url":"https:\/\/compuviper.mx\/tienda\/","name":"Compuviper","description":"Proveedor de Computadoras, Laptops, Servidores, Monitores, Puntos de Venta, Teclados,   Impresoras, T\u00f3ner, C\u00e1maras de Seguridad y m\u00e1s en tu tienda en l\u00ednea","publisher":{"@id":"https:\/\/compuviper.mx\/tienda\/#organization"},"potentialAction":[{"@type":"SearchAction","target":{"@type":"EntryPoint","urlTemplate":"https:\/\/compuviper.mx\/tienda\/?s={search_term_string}"},"query-input":"required name=search_term_string"}],"inLanguage":"es-MX"},{"@type":"Organization","@id":"https:\/\/compuviper.mx\/tienda\/#organization","name":"Compuviper","url":"https:\/\/compuviper.mx\/tienda\/","logo":{"@type":"ImageObject","inLanguage":"es-MX","@id":"https:\/\/compuviper.mx\/tienda\/#\/schema\/logo\/image\/","url":"https:\/\/compuviper.mx\/tienda\/wp-content\/uploads\/2021\/08\/Logo-Compuviper-10.png","contentUrl":"https:\/\/compuviper.mx\/tienda\/wp-content\/uploads\/2021\/08\/Logo-Compuviper-10.png","width":1000,"height":500,"caption":"Compuviper"},"image":{"@id":"https:\/\/compuviper.mx\/tienda\/#\/schema\/logo\/image\/"},"sameAs":["https:\/\/www.facebook.com\/compuviper","https:\/\/www.youtube.com\/channel\/UCf73dERp9Y3cfOq7q8BhLjA?view_as=subscriber"]}]},"product_brand":"Qnap","product_price_amount":"217682","product_price_currency":"MXN","og_availability":"backorder","product_availability":"available for order","product_retailer_item_id":"TS-H3087XU-RP-E2378-64G-US","product_condition":"new"},"_links":{"self":[{"href":"https:\/\/compuviper.mx\/tienda\/wp-json\/wp\/v2\/product\/228424"}],"collection":[{"href":"https:\/\/compuviper.mx\/tienda\/wp-json\/wp\/v2\/product"}],"about":[{"href":"https:\/\/compuviper.mx\/tienda\/wp-json\/wp\/v2\/types\/product"}],"replies":[{"embeddable":true,"href":"https:\/\/compuviper.mx\/tienda\/wp-json\/wp\/v2\/comments?post=228424"}],"wp:featuredmedia":[{"embeddable":true,"href":"https:\/\/compuviper.mx\/tienda\/wp-json\/wp\/v2\/media\/234537"}],"wp:attachment":[{"href":"https:\/\/compuviper.mx\/tienda\/wp-json\/wp\/v2\/media?parent=228424"}],"wp:term":[{"taxonomy":"product_cat","embeddable":true,"href":"https:\/\/compuviper.mx\/tienda\/wp-json\/wp\/v2\/product_cat?post=228424"},{"taxonomy":"product_tag","embeddable":true,"href":"https:\/\/compuviper.mx\/tienda\/wp-json\/wp\/v2\/product_tag?post=228424"}],"curies":[{"name":"wp","href":"https:\/\/api.w.org\/{rel}","templated":true}]}}