{"id":228228,"date":"2026-04-02T01:03:16","date_gmt":"2026-04-02T07:03:16","guid":{"rendered":"https:\/\/compuviper.mx\/tienda\/producto\/lenovo-7zt7a00496-tarjeta-de-red-pci-2-puertos-10gb-base-t-broadcom-57416-para-servidores-thinksystem\/"},"modified":"2026-04-02T01:03:16","modified_gmt":"2026-04-02T07:03:16","slug":"lenovo-7zt7a004961s7zt7a004967zt7a00496jz006r24889488433612-tarjeta-de-red-pci-2-puertos-10gb-base-t-broadcom-57416-para-st650-v3-sr630-v3-sr650-v3-st50-v2-sr250-v2-st650-v2-sr630-v2-sr650","status":"publish","type":"product","link":"https:\/\/compuviper.mx\/tienda\/producto\/lenovo-7zt7a004961s7zt7a004967zt7a00496jz006r24889488433612-tarjeta-de-red-pci-2-puertos-10gb-base-t-broadcom-57416-para-st650-v3-sr630-v3-sr650-v3-st50-v2-sr250-v2-st650-v2-sr630-v2-sr650\/","title":{"rendered":"Lenovo 7zt7a00496,1s7zt7a00496,7zt7a00496jz006r24,889488433612 Tarjeta De Red Pci  2 Puertos 10gb Base T Broadcom 57416 Para St650 V3, Sr630 V3, Sr650 V3, St50 V2, Sr250 V2, St650 V2, Sr630 V2, Sr650 V2, St550"},"content":{"rendered":"<table class=\"descripcion\">\n<tr>\n<td>Tarjeta de red pci lenovo 2 puertos 10gb base t broadcom 57416 para servidores thinksystem<\/td>\n<\/tr>\n<tr>\n<td>Sr635 v3, sr665 v3, st250, sr250, sr645, sr630 v2, sr590, sr630 v3, sr530, st650 v3, st550, sr655 v3, st650 v2, sr650 v2, sr655, sr665, sr650 v3, sr570, sr645 v3, sr650, st250 v2, se350, st50 v2, sr250 v2, sr630, st50, sr635, sr550, se450<\/td>\n<\/tr>\n<\/table>\n","protected":false},"excerpt":{"rendered":"<p>Tarjeta de red pci lenovo 2 puertos 10gb base t broadcom 57416 para servidores thinksystem Sr635 v3, sr665 v3, st250, sr250, sr645, sr630 v2, sr590, sr630 v3, sr530, st650 v3, st550, sr655 v3, st650 v2, sr650 v2, sr655, sr665, sr650 v3, sr570, sr645 v3, sr650, st250 v2, se350, st50 v2, sr250 v2, sr630, st50, sr635, [&hellip;]<\/p>\n","protected":false},"featured_media":242842,"comment_status":"open","ping_status":"open","template":"","meta":[],"product_cat":[1563,1572],"product_tag":[1578],"acf":[],"yoast_head":"<!-- This site is optimized with the Yoast SEO plugin v21.7 - https:\/\/yoast.com\/wordpress\/plugins\/seo\/ -->\n<title>[ Lenovo ] &#129351; 7zt7a00496,1s7zt7a00496,7zt7a00496jz006r24,889488433612 Tarjeta De Red Pci 2 Puertos 10gb Base T Broadcom 57416 Para St650 V3, Sr630 V3, Sr650 V3, St50 V2, Sr250 V2, St650 V2, Sr630 V2, Sr650 V2, St550<\/title>\n<meta name=\"description\" content=\"Compra 7zt7a00496,1s7zt7a00496,7zt7a00496jz006r24,889488433612 Tarjeta De Red Pci 2 Puertos 10gb Base T Broadcom 57416 Para St650 V3, Sr630 V3, Sr650 V3, St50 V2, Sr250 V2, St650 V2, Sr630 V2, Sr650 V2, St550 + Env\u00edo a domicilio + Pago seguro + Garant\u00eda\" \/>\n<meta name=\"robots\" content=\"index, follow, max-snippet:-1, max-image-preview:large, max-video-preview:-1\" \/>\n<link rel=\"canonical\" href=\"https:\/\/compuviper.mx\/tienda\/producto\/lenovo-7zt7a004961s7zt7a004967zt7a00496jz006r24889488433612-tarjeta-de-red-pci-2-puertos-10gb-base-t-broadcom-57416-para-st650-v3-sr630-v3-sr650-v3-st50-v2-sr250-v2-st650-v2-sr630-v2-sr650\/\" \/>\n<meta property=\"og:locale\" content=\"es_MX\" \/>\n<meta property=\"og:type\" content=\"article\" \/>\n<meta property=\"og:title\" content=\"[ Lenovo ] &#129351; 7zt7a00496,1s7zt7a00496,7zt7a00496jz006r24,889488433612 Tarjeta De Red Pci 2 Puertos 10gb Base T Broadcom 57416 Para St650 V3, Sr630 V3, Sr650 V3, St50 V2, Sr250 V2, St650 V2, Sr630 V2, Sr650 V2, St550\" \/>\n<meta property=\"og:description\" content=\"Compra 7zt7a00496,1s7zt7a00496,7zt7a00496jz006r24,889488433612 Tarjeta De Red Pci 2 Puertos 10gb Base T Broadcom 57416 Para St650 V3, Sr630 V3, Sr650 V3, St50 V2, Sr250 V2, St650 V2, Sr630 V2, Sr650 V2, St550 + Env\u00edo a domicilio + Pago seguro + Garant\u00eda\" \/>\n<meta property=\"og:url\" content=\"https:\/\/compuviper.mx\/tienda\/producto\/lenovo-7zt7a004961s7zt7a004967zt7a00496jz006r24889488433612-tarjeta-de-red-pci-2-puertos-10gb-base-t-broadcom-57416-para-st650-v3-sr630-v3-sr650-v3-st50-v2-sr250-v2-st650-v2-sr630-v2-sr650\/\" \/>\n<meta property=\"og:site_name\" content=\"Compuviper\" \/>\n<meta property=\"article:publisher\" content=\"https:\/\/www.facebook.com\/compuviper\" \/>\n<meta property=\"og:image\" content=\"https:\/\/compuviper.mx\/tienda\/wp-content\/uploads\/2024\/09\/Tarjeta-de-red-pci-lenovo-2-puertos-10gb-base-t-broadcom-57416-para-st650-v3-sr630-v3-sr650-v3-st50-v2-sr250-v2-st650-v2-sr630-v2-sr650-v2-st550.jpg\" \/>\n\t<meta property=\"og:image:width\" content=\"200\" \/>\n\t<meta property=\"og:image:height\" content=\"200\" \/>\n\t<meta property=\"og:image:type\" content=\"image\/jpeg\" \/>\n<meta name=\"twitter:card\" content=\"summary_large_image\" \/>\n<meta name=\"twitter:label1\" content=\"Precio\" \/>\n\t<meta name=\"twitter:data1\" content=\"&#36;6,237 &#36;5,862 con IVA\" \/>\n\t<meta name=\"twitter:label2\" content=\"Availability\" \/>\n\t<meta name=\"twitter:data2\" content=\"In stock\" \/>\n<script type=\"application\/ld+json\" class=\"yoast-schema-graph\">{\"@context\":\"https:\/\/schema.org\",\"@graph\":[{\"@type\":\"WebPage\",\"@id\":\"https:\/\/compuviper.mx\/tienda\/producto\/lenovo-7zt7a004961s7zt7a004967zt7a00496jz006r24889488433612-tarjeta-de-red-pci-2-puertos-10gb-base-t-broadcom-57416-para-st650-v3-sr630-v3-sr650-v3-st50-v2-sr250-v2-st650-v2-sr630-v2-sr650\/\",\"url\":\"https:\/\/compuviper.mx\/tienda\/producto\/lenovo-7zt7a004961s7zt7a004967zt7a00496jz006r24889488433612-tarjeta-de-red-pci-2-puertos-10gb-base-t-broadcom-57416-para-st650-v3-sr630-v3-sr650-v3-st50-v2-sr250-v2-st650-v2-sr630-v2-sr650\/\",\"name\":\"[ Lenovo ] &#129351; 7zt7a00496,1s7zt7a00496,7zt7a00496jz006r24,889488433612 Tarjeta De Red Pci 2 Puertos 10gb Base T Broadcom 57416 Para St650 V3, Sr630 V3, Sr650 V3, St50 V2, Sr250 V2, St650 V2, Sr630 V2, Sr650 V2, St550\",\"isPartOf\":{\"@id\":\"https:\/\/compuviper.mx\/tienda\/#website\"},\"datePublished\":\"2026-04-02T07:03:16+00:00\",\"dateModified\":\"2026-04-02T07:03:16+00:00\",\"description\":\"Compra 7zt7a00496,1s7zt7a00496,7zt7a00496jz006r24,889488433612 Tarjeta De Red Pci 2 Puertos 10gb Base T Broadcom 57416 Para St650 V3, Sr630 V3, Sr650 V3, St50 V2, Sr250 V2, St650 V2, Sr630 V2, Sr650 V2, St550 + Env\u00edo a domicilio + Pago seguro + Garant\u00eda\",\"breadcrumb\":{\"@id\":\"https:\/\/compuviper.mx\/tienda\/producto\/lenovo-7zt7a004961s7zt7a004967zt7a00496jz006r24889488433612-tarjeta-de-red-pci-2-puertos-10gb-base-t-broadcom-57416-para-st650-v3-sr630-v3-sr650-v3-st50-v2-sr250-v2-st650-v2-sr630-v2-sr650\/#breadcrumb\"},\"inLanguage\":\"es-MX\",\"potentialAction\":[{\"@type\":\"ReadAction\",\"target\":[\"https:\/\/compuviper.mx\/tienda\/producto\/lenovo-7zt7a004961s7zt7a004967zt7a00496jz006r24889488433612-tarjeta-de-red-pci-2-puertos-10gb-base-t-broadcom-57416-para-st650-v3-sr630-v3-sr650-v3-st50-v2-sr250-v2-st650-v2-sr630-v2-sr650\/\"]}]},{\"@type\":\"BreadcrumbList\",\"@id\":\"https:\/\/compuviper.mx\/tienda\/producto\/lenovo-7zt7a004961s7zt7a004967zt7a00496jz006r24889488433612-tarjeta-de-red-pci-2-puertos-10gb-base-t-broadcom-57416-para-st650-v3-sr630-v3-sr650-v3-st50-v2-sr250-v2-st650-v2-sr630-v2-sr650\/#breadcrumb\",\"itemListElement\":[{\"@type\":\"ListItem\",\"position\":1,\"name\":\"Inicio\",\"item\":\"https:\/\/compuviper.mx\/tienda\/\"},{\"@type\":\"ListItem\",\"position\":2,\"name\":\"Productos\",\"item\":\"https:\/\/compuviper.mx\/tienda\/productos\/\"},{\"@type\":\"ListItem\",\"position\":3,\"name\":\"Redes\",\"item\":\"https:\/\/compuviper.mx\/tienda\/categoria-producto\/redes\/\"},{\"@type\":\"ListItem\",\"position\":4,\"name\":\"Tarjetas De Red\",\"item\":\"https:\/\/compuviper.mx\/tienda\/categoria-producto\/redes\/tarjetas-de-red\/\"},{\"@type\":\"ListItem\",\"position\":5,\"name\":\"Lenovo 7zt7a00496,1s7zt7a00496,7zt7a00496jz006r24,889488433612 Tarjeta De Red Pci 2 Puertos 10gb Base T Broadcom 57416 Para St650 V3, Sr630 V3, Sr650 V3, St50 V2, Sr250 V2, St650 V2, Sr630 V2, Sr650 V2, St550\"}]},{\"@type\":\"WebSite\",\"@id\":\"https:\/\/compuviper.mx\/tienda\/#website\",\"url\":\"https:\/\/compuviper.mx\/tienda\/\",\"name\":\"Compuviper\",\"description\":\"Proveedor de Computadoras, Laptops, Servidores, Monitores, Puntos de Venta, Teclados,   Impresoras, T\u00f3ner, C\u00e1maras de Seguridad y m\u00e1s en tu tienda en l\u00ednea\",\"publisher\":{\"@id\":\"https:\/\/compuviper.mx\/tienda\/#organization\"},\"potentialAction\":[{\"@type\":\"SearchAction\",\"target\":{\"@type\":\"EntryPoint\",\"urlTemplate\":\"https:\/\/compuviper.mx\/tienda\/?s={search_term_string}\"},\"query-input\":\"required name=search_term_string\"}],\"inLanguage\":\"es-MX\"},{\"@type\":\"Organization\",\"@id\":\"https:\/\/compuviper.mx\/tienda\/#organization\",\"name\":\"Compuviper\",\"url\":\"https:\/\/compuviper.mx\/tienda\/\",\"logo\":{\"@type\":\"ImageObject\",\"inLanguage\":\"es-MX\",\"@id\":\"https:\/\/compuviper.mx\/tienda\/#\/schema\/logo\/image\/\",\"url\":\"https:\/\/compuviper.mx\/tienda\/wp-content\/uploads\/2021\/08\/Logo-Compuviper-10.png\",\"contentUrl\":\"https:\/\/compuviper.mx\/tienda\/wp-content\/uploads\/2021\/08\/Logo-Compuviper-10.png\",\"width\":1000,\"height\":500,\"caption\":\"Compuviper\"},\"image\":{\"@id\":\"https:\/\/compuviper.mx\/tienda\/#\/schema\/logo\/image\/\"},\"sameAs\":[\"https:\/\/www.facebook.com\/compuviper\",\"https:\/\/www.youtube.com\/channel\/UCf73dERp9Y3cfOq7q8BhLjA?view_as=subscriber\"]}]}<\/script>\n<meta property=\"product:brand\" content=\"LENOVO\" \/>\n<meta property=\"product:price:amount\" content=\"5862\" \/>\n<meta property=\"product:price:currency\" content=\"MXN\" \/>\n<meta property=\"og:availability\" content=\"instock\" \/>\n<meta property=\"product:availability\" content=\"instock\" \/>\n<meta property=\"product:retailer_item_id\" content=\"7ZT7A00496,1S7ZT7A00496,7ZT7A00496JZ006R24,889488433612\" \/>\n<meta property=\"product:condition\" content=\"new\" \/>\n<!-- \/ Yoast SEO plugin. -->","yoast_head_json":{"title":"[ Lenovo ] &#129351; 7zt7a00496,1s7zt7a00496,7zt7a00496jz006r24,889488433612 Tarjeta De Red Pci 2 Puertos 10gb Base T Broadcom 57416 Para St650 V3, Sr630 V3, Sr650 V3, St50 V2, Sr250 V2, St650 V2, Sr630 V2, Sr650 V2, St550","description":"Compra 7zt7a00496,1s7zt7a00496,7zt7a00496jz006r24,889488433612 Tarjeta De Red Pci 2 Puertos 10gb Base T Broadcom 57416 Para St650 V3, Sr630 V3, Sr650 V3, St50 V2, Sr250 V2, St650 V2, Sr630 V2, Sr650 V2, St550 + Env\u00edo a domicilio + Pago seguro + Garant\u00eda","robots":{"index":"index","follow":"follow","max-snippet":"max-snippet:-1","max-image-preview":"max-image-preview:large","max-video-preview":"max-video-preview:-1"},"canonical":"https:\/\/compuviper.mx\/tienda\/producto\/lenovo-7zt7a004961s7zt7a004967zt7a00496jz006r24889488433612-tarjeta-de-red-pci-2-puertos-10gb-base-t-broadcom-57416-para-st650-v3-sr630-v3-sr650-v3-st50-v2-sr250-v2-st650-v2-sr630-v2-sr650\/","og_locale":"es_MX","og_type":"article","og_title":"[ Lenovo ] &#129351; 7zt7a00496,1s7zt7a00496,7zt7a00496jz006r24,889488433612 Tarjeta De Red Pci 2 Puertos 10gb Base T Broadcom 57416 Para St650 V3, Sr630 V3, Sr650 V3, St50 V2, Sr250 V2, St650 V2, Sr630 V2, Sr650 V2, St550","og_description":"Compra 7zt7a00496,1s7zt7a00496,7zt7a00496jz006r24,889488433612 Tarjeta De Red Pci 2 Puertos 10gb Base T Broadcom 57416 Para St650 V3, Sr630 V3, Sr650 V3, St50 V2, Sr250 V2, St650 V2, Sr630 V2, Sr650 V2, St550 + Env\u00edo a domicilio + Pago seguro + Garant\u00eda","og_url":"https:\/\/compuviper.mx\/tienda\/producto\/lenovo-7zt7a004961s7zt7a004967zt7a00496jz006r24889488433612-tarjeta-de-red-pci-2-puertos-10gb-base-t-broadcom-57416-para-st650-v3-sr630-v3-sr650-v3-st50-v2-sr250-v2-st650-v2-sr630-v2-sr650\/","og_site_name":"Compuviper","article_publisher":"https:\/\/www.facebook.com\/compuviper","og_image":[{"width":200,"height":200,"url":"https:\/\/compuviper.mx\/tienda\/wp-content\/uploads\/2024\/09\/Tarjeta-de-red-pci-lenovo-2-puertos-10gb-base-t-broadcom-57416-para-st650-v3-sr630-v3-sr650-v3-st50-v2-sr250-v2-st650-v2-sr630-v2-sr650-v2-st550.jpg","type":"image\/jpeg"}],"twitter_card":"summary_large_image","twitter_misc":{"Precio":"&#36;6,237 &#36;5,862 con IVA","Availability":"In stock"},"schema":{"@context":"https:\/\/schema.org","@graph":[{"@type":"WebPage","@id":"https:\/\/compuviper.mx\/tienda\/producto\/lenovo-7zt7a004961s7zt7a004967zt7a00496jz006r24889488433612-tarjeta-de-red-pci-2-puertos-10gb-base-t-broadcom-57416-para-st650-v3-sr630-v3-sr650-v3-st50-v2-sr250-v2-st650-v2-sr630-v2-sr650\/","url":"https:\/\/compuviper.mx\/tienda\/producto\/lenovo-7zt7a004961s7zt7a004967zt7a00496jz006r24889488433612-tarjeta-de-red-pci-2-puertos-10gb-base-t-broadcom-57416-para-st650-v3-sr630-v3-sr650-v3-st50-v2-sr250-v2-st650-v2-sr630-v2-sr650\/","name":"[ Lenovo ] &#129351; 7zt7a00496,1s7zt7a00496,7zt7a00496jz006r24,889488433612 Tarjeta De Red Pci 2 Puertos 10gb Base T Broadcom 57416 Para St650 V3, Sr630 V3, Sr650 V3, St50 V2, Sr250 V2, St650 V2, Sr630 V2, Sr650 V2, St550","isPartOf":{"@id":"https:\/\/compuviper.mx\/tienda\/#website"},"datePublished":"2026-04-02T07:03:16+00:00","dateModified":"2026-04-02T07:03:16+00:00","description":"Compra 7zt7a00496,1s7zt7a00496,7zt7a00496jz006r24,889488433612 Tarjeta De Red Pci 2 Puertos 10gb Base T Broadcom 57416 Para St650 V3, Sr630 V3, Sr650 V3, St50 V2, Sr250 V2, St650 V2, Sr630 V2, Sr650 V2, St550 + Env\u00edo a domicilio + Pago seguro + Garant\u00eda","breadcrumb":{"@id":"https:\/\/compuviper.mx\/tienda\/producto\/lenovo-7zt7a004961s7zt7a004967zt7a00496jz006r24889488433612-tarjeta-de-red-pci-2-puertos-10gb-base-t-broadcom-57416-para-st650-v3-sr630-v3-sr650-v3-st50-v2-sr250-v2-st650-v2-sr630-v2-sr650\/#breadcrumb"},"inLanguage":"es-MX","potentialAction":[{"@type":"ReadAction","target":["https:\/\/compuviper.mx\/tienda\/producto\/lenovo-7zt7a004961s7zt7a004967zt7a00496jz006r24889488433612-tarjeta-de-red-pci-2-puertos-10gb-base-t-broadcom-57416-para-st650-v3-sr630-v3-sr650-v3-st50-v2-sr250-v2-st650-v2-sr630-v2-sr650\/"]}]},{"@type":"BreadcrumbList","@id":"https:\/\/compuviper.mx\/tienda\/producto\/lenovo-7zt7a004961s7zt7a004967zt7a00496jz006r24889488433612-tarjeta-de-red-pci-2-puertos-10gb-base-t-broadcom-57416-para-st650-v3-sr630-v3-sr650-v3-st50-v2-sr250-v2-st650-v2-sr630-v2-sr650\/#breadcrumb","itemListElement":[{"@type":"ListItem","position":1,"name":"Inicio","item":"https:\/\/compuviper.mx\/tienda\/"},{"@type":"ListItem","position":2,"name":"Productos","item":"https:\/\/compuviper.mx\/tienda\/productos\/"},{"@type":"ListItem","position":3,"name":"Redes","item":"https:\/\/compuviper.mx\/tienda\/categoria-producto\/redes\/"},{"@type":"ListItem","position":4,"name":"Tarjetas De Red","item":"https:\/\/compuviper.mx\/tienda\/categoria-producto\/redes\/tarjetas-de-red\/"},{"@type":"ListItem","position":5,"name":"Lenovo 7zt7a00496,1s7zt7a00496,7zt7a00496jz006r24,889488433612 Tarjeta De Red Pci 2 Puertos 10gb Base T Broadcom 57416 Para St650 V3, Sr630 V3, Sr650 V3, St50 V2, Sr250 V2, St650 V2, Sr630 V2, Sr650 V2, St550"}]},{"@type":"WebSite","@id":"https:\/\/compuviper.mx\/tienda\/#website","url":"https:\/\/compuviper.mx\/tienda\/","name":"Compuviper","description":"Proveedor de Computadoras, Laptops, Servidores, Monitores, Puntos de Venta, Teclados,   Impresoras, T\u00f3ner, C\u00e1maras de Seguridad y m\u00e1s en tu tienda en l\u00ednea","publisher":{"@id":"https:\/\/compuviper.mx\/tienda\/#organization"},"potentialAction":[{"@type":"SearchAction","target":{"@type":"EntryPoint","urlTemplate":"https:\/\/compuviper.mx\/tienda\/?s={search_term_string}"},"query-input":"required name=search_term_string"}],"inLanguage":"es-MX"},{"@type":"Organization","@id":"https:\/\/compuviper.mx\/tienda\/#organization","name":"Compuviper","url":"https:\/\/compuviper.mx\/tienda\/","logo":{"@type":"ImageObject","inLanguage":"es-MX","@id":"https:\/\/compuviper.mx\/tienda\/#\/schema\/logo\/image\/","url":"https:\/\/compuviper.mx\/tienda\/wp-content\/uploads\/2021\/08\/Logo-Compuviper-10.png","contentUrl":"https:\/\/compuviper.mx\/tienda\/wp-content\/uploads\/2021\/08\/Logo-Compuviper-10.png","width":1000,"height":500,"caption":"Compuviper"},"image":{"@id":"https:\/\/compuviper.mx\/tienda\/#\/schema\/logo\/image\/"},"sameAs":["https:\/\/www.facebook.com\/compuviper","https:\/\/www.youtube.com\/channel\/UCf73dERp9Y3cfOq7q8BhLjA?view_as=subscriber"]}]},"product_brand":"LENOVO","product_price_amount":"5862","product_price_currency":"MXN","og_availability":"instock","product_availability":"instock","product_retailer_item_id":"7ZT7A00496,1S7ZT7A00496,7ZT7A00496JZ006R24,889488433612","product_condition":"new"},"_links":{"self":[{"href":"https:\/\/compuviper.mx\/tienda\/wp-json\/wp\/v2\/product\/228228"}],"collection":[{"href":"https:\/\/compuviper.mx\/tienda\/wp-json\/wp\/v2\/product"}],"about":[{"href":"https:\/\/compuviper.mx\/tienda\/wp-json\/wp\/v2\/types\/product"}],"replies":[{"embeddable":true,"href":"https:\/\/compuviper.mx\/tienda\/wp-json\/wp\/v2\/comments?post=228228"}],"wp:featuredmedia":[{"embeddable":true,"href":"https:\/\/compuviper.mx\/tienda\/wp-json\/wp\/v2\/media\/242842"}],"wp:attachment":[{"href":"https:\/\/compuviper.mx\/tienda\/wp-json\/wp\/v2\/media?parent=228228"}],"wp:term":[{"taxonomy":"product_cat","embeddable":true,"href":"https:\/\/compuviper.mx\/tienda\/wp-json\/wp\/v2\/product_cat?post=228228"},{"taxonomy":"product_tag","embeddable":true,"href":"https:\/\/compuviper.mx\/tienda\/wp-json\/wp\/v2\/product_tag?post=228228"}],"curies":[{"name":"wp","href":"https:\/\/api.w.org\/{rel}","templated":true}]}}