{"id":228224,"date":"2026-04-02T00:34:59","date_gmt":"2026-04-02T06:34:59","guid":{"rendered":"https:\/\/compuviper.mx\/tienda\/producto\/lenovo-7xb7a00027-disco-duro-thinksystem-de-1-2-tb-10k-12gbps-hs-512n-hhd-2-5-sas-para-sr635-v3-sr665-v3-st250-sr250-sr645-sr630-v2-sr590-sr630-v3-sr530-st650-v3-st550-sr655-v3-st650-v2\/"},"modified":"2026-04-02T00:34:59","modified_gmt":"2026-04-02T06:34:59","slug":"lenovo-7xb7a000271p7xb7a00027-disco-duro-thinksystem-de-1-2-tb-10k-12gbps-hs-512n-hhd-2-5-sas-para-sr635-v3-sr665-v3-st250-sr250-sr645-sr630-v2-sr590-sr630-v3-sr530-st650-v3-st550-sr655-v","status":"publish","type":"product","link":"https:\/\/compuviper.mx\/tienda\/producto\/lenovo-7xb7a000271p7xb7a00027-disco-duro-thinksystem-de-1-2-tb-10k-12gbps-hs-512n-hhd-2-5-sas-para-sr635-v3-sr665-v3-st250-sr250-sr645-sr630-v2-sr590-sr630-v3-sr530-st650-v3-st550-sr655-v\/","title":{"rendered":"Lenovo 7xb7a00027,1p7xb7a00027 Disco Duro  Thinksystem De 1.2 Tb 10k 12gbps Hs 512n Hhd 2.5 Sas Para Sr635 V3, Sr665 V3, St250, Sr250, Sr645, Sr630 V2, Sr590, Sr630 V3, Sr530, St650 V3, St550, Sr655 V3, St650 V2, Sr650"},"content":{"rendered":"<table class=\"descripcion\">\n<tr>\n<td>Nombre del producto 1.2tb thinksystem 2.5 10k sas 12gb hot swap 512n unidad de disco duro<\/td>\n<\/tr>\n<tr>\n<td>N\u00famero de pieza del fabricante 7xb7a00027<\/td>\n<\/tr>\n<tr>\n<td>Cantidad empaquetada 1<\/td>\n<\/tr>\n<tr>\n<td>Tipo de producto disco duro<\/td>\n<\/tr>\n<tr>\n<td>Informaci\u00f3n t\u00e9cnica<\/td>\n<\/tr>\n<tr>\n<td>Capacidad de almacenamiento 1.17 tb<\/td>\n<\/tr>\n<tr>\n<td>Interfaces \/ puertos<\/td>\n<\/tr>\n<tr>\n<td>Interfaz de drive sas<\/td>\n<\/tr>\n<tr>\n<td>Drive interface standard 12gb \/ s sas<\/td>\n<\/tr>\n<tr>\n<td>Rendimiento de la unidad<\/td>\n<\/tr>\n<tr>\n<td>Velocidad del husillo (rpm) 10000<\/td>\n<\/tr>\n<tr>\n<td>Red de comunicacion<\/td>\n<\/tr>\n<tr>\n<td>Lan inal\u00e1mbrico no<\/td>\n<\/tr>\n<tr>\n<td>Caracter\u00edsticas f\u00edsicas<\/td>\n<\/tr>\n<tr>\n<td>Tipo de unidad interno<\/td>\n<\/tr>\n<tr>\n<td>Ancho de la unidad 2.5<\/td>\n<\/tr>\n<tr>\n<td>Intercambiables en caliente s\u00ed<\/td>\n<\/tr>\n<\/table>\n","protected":false},"excerpt":{"rendered":"<p>Nombre del producto 1.2tb thinksystem 2.5 10k sas 12gb hot swap 512n unidad de disco duro N\u00famero de pieza del fabricante 7xb7a00027 Cantidad empaquetada 1 Tipo de producto disco duro Informaci\u00f3n t\u00e9cnica Capacidad de almacenamiento 1.17 tb Interfaces \/ puertos Interfaz de drive sas Drive interface standard 12gb \/ s sas Rendimiento de la unidad [&hellip;]<\/p>\n","protected":false},"featured_media":228362,"comment_status":"open","ping_status":"open","template":"","meta":[],"product_cat":[1703,1704],"product_tag":[1578],"acf":[],"yoast_head":"<!-- This site is optimized with the Yoast SEO plugin v21.7 - https:\/\/yoast.com\/wordpress\/plugins\/seo\/ -->\n<title>[ Lenovo ] &#129351; 7xb7a00027,1p7xb7a00027 Disco Duro Thinksystem De 1.2 Tb 10k 12gbps Hs 512n Hhd 2.5 Sas Para Sr635 V3, Sr665 V3, St250, Sr250, Sr645, Sr630 V2, Sr590, Sr630 V3, Sr530, St650 V3, St550, Sr655 V3, St650 V2, Sr650<\/title>\n<meta name=\"description\" content=\"Compra 7xb7a00027,1p7xb7a00027 Disco Duro Thinksystem De 1.2 Tb 10k 12gbps Hs 512n Hhd 2.5 Sas Para Sr635 V3, Sr665 V3, St250, Sr250, Sr645, Sr630 V2, Sr590, Sr630 V3, Sr530, St650 V3, St550, Sr655 V3, St650 V2, Sr650 + Env\u00edo a domicilio + Pago seguro + Garant\u00eda\" \/>\n<meta name=\"robots\" content=\"index, follow, max-snippet:-1, max-image-preview:large, max-video-preview:-1\" \/>\n<link rel=\"canonical\" href=\"https:\/\/compuviper.mx\/tienda\/producto\/lenovo-7xb7a000271p7xb7a00027-disco-duro-thinksystem-de-1-2-tb-10k-12gbps-hs-512n-hhd-2-5-sas-para-sr635-v3-sr665-v3-st250-sr250-sr645-sr630-v2-sr590-sr630-v3-sr530-st650-v3-st550-sr655-v\/\" \/>\n<meta property=\"og:locale\" content=\"es_MX\" \/>\n<meta property=\"og:type\" content=\"article\" \/>\n<meta property=\"og:title\" content=\"[ Lenovo ] &#129351; 7xb7a00027,1p7xb7a00027 Disco Duro Thinksystem De 1.2 Tb 10k 12gbps Hs 512n Hhd 2.5 Sas Para Sr635 V3, Sr665 V3, St250, Sr250, Sr645, Sr630 V2, Sr590, Sr630 V3, Sr530, St650 V3, St550, Sr655 V3, St650 V2, Sr650\" \/>\n<meta property=\"og:description\" content=\"Compra 7xb7a00027,1p7xb7a00027 Disco Duro Thinksystem De 1.2 Tb 10k 12gbps Hs 512n Hhd 2.5 Sas Para Sr635 V3, Sr665 V3, St250, Sr250, Sr645, Sr630 V2, Sr590, Sr630 V3, Sr530, St650 V3, St550, Sr655 V3, St650 V2, Sr650 + Env\u00edo a domicilio + Pago seguro + Garant\u00eda\" \/>\n<meta property=\"og:url\" content=\"https:\/\/compuviper.mx\/tienda\/producto\/lenovo-7xb7a000271p7xb7a00027-disco-duro-thinksystem-de-1-2-tb-10k-12gbps-hs-512n-hhd-2-5-sas-para-sr635-v3-sr665-v3-st250-sr250-sr645-sr630-v2-sr590-sr630-v3-sr530-st650-v3-st550-sr655-v\/\" \/>\n<meta property=\"og:site_name\" content=\"Compuviper\" \/>\n<meta property=\"article:publisher\" content=\"https:\/\/www.facebook.com\/compuviper\" \/>\n<meta property=\"og:image\" content=\"https:\/\/compuviper.mx\/tienda\/wp-content\/uploads\/2023\/12\/Disco-duro-lenovo-thinksystem-de-1.2-tb-10k-12gbps-hs-512n-hhd-2.5-sas-para-sr635-v3-sr665-v3-st250-sr250-sr645-sr630-v2-sr590-sr630-v3-sr530-st650-v3-st550-sr655-v3-st650-v2-sr650.jpg\" \/>\n\t<meta property=\"og:image:width\" content=\"200\" \/>\n\t<meta property=\"og:image:height\" content=\"200\" \/>\n\t<meta property=\"og:image:type\" content=\"image\/jpeg\" \/>\n<meta name=\"twitter:card\" content=\"summary_large_image\" \/>\n<meta name=\"twitter:label1\" content=\"Precio\" \/>\n\t<meta name=\"twitter:data1\" content=\"&#36;6,125 con IVA\" \/>\n\t<meta name=\"twitter:label2\" content=\"Availability\" \/>\n\t<meta name=\"twitter:data2\" content=\"Out of stock\" \/>\n<script type=\"application\/ld+json\" class=\"yoast-schema-graph\">{\"@context\":\"https:\/\/schema.org\",\"@graph\":[{\"@type\":\"WebPage\",\"@id\":\"https:\/\/compuviper.mx\/tienda\/producto\/lenovo-7xb7a000271p7xb7a00027-disco-duro-thinksystem-de-1-2-tb-10k-12gbps-hs-512n-hhd-2-5-sas-para-sr635-v3-sr665-v3-st250-sr250-sr645-sr630-v2-sr590-sr630-v3-sr530-st650-v3-st550-sr655-v\/\",\"url\":\"https:\/\/compuviper.mx\/tienda\/producto\/lenovo-7xb7a000271p7xb7a00027-disco-duro-thinksystem-de-1-2-tb-10k-12gbps-hs-512n-hhd-2-5-sas-para-sr635-v3-sr665-v3-st250-sr250-sr645-sr630-v2-sr590-sr630-v3-sr530-st650-v3-st550-sr655-v\/\",\"name\":\"[ Lenovo ] &#129351; 7xb7a00027,1p7xb7a00027 Disco Duro Thinksystem De 1.2 Tb 10k 12gbps Hs 512n Hhd 2.5 Sas Para Sr635 V3, Sr665 V3, St250, Sr250, Sr645, Sr630 V2, Sr590, Sr630 V3, Sr530, St650 V3, St550, Sr655 V3, St650 V2, Sr650\",\"isPartOf\":{\"@id\":\"https:\/\/compuviper.mx\/tienda\/#website\"},\"datePublished\":\"2026-04-02T06:34:59+00:00\",\"dateModified\":\"2026-04-02T06:34:59+00:00\",\"description\":\"Compra 7xb7a00027,1p7xb7a00027 Disco Duro Thinksystem De 1.2 Tb 10k 12gbps Hs 512n Hhd 2.5 Sas Para Sr635 V3, Sr665 V3, St250, Sr250, Sr645, Sr630 V2, Sr590, Sr630 V3, Sr530, St650 V3, St550, Sr655 V3, St650 V2, Sr650 + Env\u00edo a domicilio + Pago seguro + Garant\u00eda\",\"breadcrumb\":{\"@id\":\"https:\/\/compuviper.mx\/tienda\/producto\/lenovo-7xb7a000271p7xb7a00027-disco-duro-thinksystem-de-1-2-tb-10k-12gbps-hs-512n-hhd-2-5-sas-para-sr635-v3-sr665-v3-st250-sr250-sr645-sr630-v2-sr590-sr630-v3-sr530-st650-v3-st550-sr655-v\/#breadcrumb\"},\"inLanguage\":\"es-MX\",\"potentialAction\":[{\"@type\":\"ReadAction\",\"target\":[\"https:\/\/compuviper.mx\/tienda\/producto\/lenovo-7xb7a000271p7xb7a00027-disco-duro-thinksystem-de-1-2-tb-10k-12gbps-hs-512n-hhd-2-5-sas-para-sr635-v3-sr665-v3-st250-sr250-sr645-sr630-v2-sr590-sr630-v3-sr530-st650-v3-st550-sr655-v\/\"]}]},{\"@type\":\"BreadcrumbList\",\"@id\":\"https:\/\/compuviper.mx\/tienda\/producto\/lenovo-7xb7a000271p7xb7a00027-disco-duro-thinksystem-de-1-2-tb-10k-12gbps-hs-512n-hhd-2-5-sas-para-sr635-v3-sr665-v3-st250-sr250-sr645-sr630-v2-sr590-sr630-v3-sr530-st650-v3-st550-sr655-v\/#breadcrumb\",\"itemListElement\":[{\"@type\":\"ListItem\",\"position\":1,\"name\":\"Inicio\",\"item\":\"https:\/\/compuviper.mx\/tienda\/\"},{\"@type\":\"ListItem\",\"position\":2,\"name\":\"Productos\",\"item\":\"https:\/\/compuviper.mx\/tienda\/productos\/\"},{\"@type\":\"ListItem\",\"position\":3,\"name\":\"Discos Duros\",\"item\":\"https:\/\/compuviper.mx\/tienda\/categoria-producto\/discos-duros\/\"},{\"@type\":\"ListItem\",\"position\":4,\"name\":\"Sin Categor\u00eda\",\"item\":\"https:\/\/compuviper.mx\/tienda\/categoria-producto\/discos-duros\/sin-categoria-discos-duros\/\"},{\"@type\":\"ListItem\",\"position\":5,\"name\":\"Lenovo 7xb7a00027,1p7xb7a00027 Disco Duro Thinksystem De 1.2 Tb 10k 12gbps Hs 512n Hhd 2.5 Sas Para Sr635 V3, Sr665 V3, St250, Sr250, Sr645, Sr630 V2, Sr590, Sr630 V3, Sr530, St650 V3, St550, Sr655 V3, St650 V2, Sr650\"}]},{\"@type\":\"WebSite\",\"@id\":\"https:\/\/compuviper.mx\/tienda\/#website\",\"url\":\"https:\/\/compuviper.mx\/tienda\/\",\"name\":\"Compuviper\",\"description\":\"Proveedor de Computadoras, Laptops, Servidores, Monitores, Puntos de Venta, Teclados,   Impresoras, T\u00f3ner, C\u00e1maras de Seguridad y m\u00e1s en tu tienda en l\u00ednea\",\"publisher\":{\"@id\":\"https:\/\/compuviper.mx\/tienda\/#organization\"},\"potentialAction\":[{\"@type\":\"SearchAction\",\"target\":{\"@type\":\"EntryPoint\",\"urlTemplate\":\"https:\/\/compuviper.mx\/tienda\/?s={search_term_string}\"},\"query-input\":\"required name=search_term_string\"}],\"inLanguage\":\"es-MX\"},{\"@type\":\"Organization\",\"@id\":\"https:\/\/compuviper.mx\/tienda\/#organization\",\"name\":\"Compuviper\",\"url\":\"https:\/\/compuviper.mx\/tienda\/\",\"logo\":{\"@type\":\"ImageObject\",\"inLanguage\":\"es-MX\",\"@id\":\"https:\/\/compuviper.mx\/tienda\/#\/schema\/logo\/image\/\",\"url\":\"https:\/\/compuviper.mx\/tienda\/wp-content\/uploads\/2021\/08\/Logo-Compuviper-10.png\",\"contentUrl\":\"https:\/\/compuviper.mx\/tienda\/wp-content\/uploads\/2021\/08\/Logo-Compuviper-10.png\",\"width\":1000,\"height\":500,\"caption\":\"Compuviper\"},\"image\":{\"@id\":\"https:\/\/compuviper.mx\/tienda\/#\/schema\/logo\/image\/\"},\"sameAs\":[\"https:\/\/www.facebook.com\/compuviper\",\"https:\/\/www.youtube.com\/channel\/UCf73dERp9Y3cfOq7q8BhLjA?view_as=subscriber\"]}]}<\/script>\n<meta property=\"product:brand\" content=\"LENOVO\" \/>\n<meta property=\"product:price:amount\" content=\"6125\" \/>\n<meta property=\"product:price:currency\" content=\"MXN\" \/>\n<meta property=\"og:availability\" content=\"out of stock\" \/>\n<meta property=\"product:availability\" content=\"out of stock\" \/>\n<meta property=\"product:retailer_item_id\" content=\"7XB7A00027,1P7XB7A00027\" \/>\n<meta property=\"product:condition\" content=\"new\" \/>\n<!-- \/ Yoast SEO plugin. -->","yoast_head_json":{"title":"[ Lenovo ] &#129351; 7xb7a00027,1p7xb7a00027 Disco Duro Thinksystem De 1.2 Tb 10k 12gbps Hs 512n Hhd 2.5 Sas Para Sr635 V3, Sr665 V3, St250, Sr250, Sr645, Sr630 V2, Sr590, Sr630 V3, Sr530, St650 V3, St550, Sr655 V3, St650 V2, Sr650","description":"Compra 7xb7a00027,1p7xb7a00027 Disco Duro Thinksystem De 1.2 Tb 10k 12gbps Hs 512n Hhd 2.5 Sas Para Sr635 V3, Sr665 V3, St250, Sr250, Sr645, Sr630 V2, Sr590, Sr630 V3, Sr530, St650 V3, St550, Sr655 V3, St650 V2, Sr650 + Env\u00edo a domicilio + Pago seguro + Garant\u00eda","robots":{"index":"index","follow":"follow","max-snippet":"max-snippet:-1","max-image-preview":"max-image-preview:large","max-video-preview":"max-video-preview:-1"},"canonical":"https:\/\/compuviper.mx\/tienda\/producto\/lenovo-7xb7a000271p7xb7a00027-disco-duro-thinksystem-de-1-2-tb-10k-12gbps-hs-512n-hhd-2-5-sas-para-sr635-v3-sr665-v3-st250-sr250-sr645-sr630-v2-sr590-sr630-v3-sr530-st650-v3-st550-sr655-v\/","og_locale":"es_MX","og_type":"article","og_title":"[ Lenovo ] &#129351; 7xb7a00027,1p7xb7a00027 Disco Duro Thinksystem De 1.2 Tb 10k 12gbps Hs 512n Hhd 2.5 Sas Para Sr635 V3, Sr665 V3, St250, Sr250, Sr645, Sr630 V2, Sr590, Sr630 V3, Sr530, St650 V3, St550, Sr655 V3, St650 V2, Sr650","og_description":"Compra 7xb7a00027,1p7xb7a00027 Disco Duro Thinksystem De 1.2 Tb 10k 12gbps Hs 512n Hhd 2.5 Sas Para Sr635 V3, Sr665 V3, St250, Sr250, Sr645, Sr630 V2, Sr590, Sr630 V3, Sr530, St650 V3, St550, Sr655 V3, St650 V2, Sr650 + Env\u00edo a domicilio + Pago seguro + Garant\u00eda","og_url":"https:\/\/compuviper.mx\/tienda\/producto\/lenovo-7xb7a000271p7xb7a00027-disco-duro-thinksystem-de-1-2-tb-10k-12gbps-hs-512n-hhd-2-5-sas-para-sr635-v3-sr665-v3-st250-sr250-sr645-sr630-v2-sr590-sr630-v3-sr530-st650-v3-st550-sr655-v\/","og_site_name":"Compuviper","article_publisher":"https:\/\/www.facebook.com\/compuviper","og_image":[{"width":200,"height":200,"url":"https:\/\/compuviper.mx\/tienda\/wp-content\/uploads\/2023\/12\/Disco-duro-lenovo-thinksystem-de-1.2-tb-10k-12gbps-hs-512n-hhd-2.5-sas-para-sr635-v3-sr665-v3-st250-sr250-sr645-sr630-v2-sr590-sr630-v3-sr530-st650-v3-st550-sr655-v3-st650-v2-sr650.jpg","type":"image\/jpeg"}],"twitter_card":"summary_large_image","twitter_misc":{"Precio":"&#36;6,125 con IVA","Availability":"Out of stock"},"schema":{"@context":"https:\/\/schema.org","@graph":[{"@type":"WebPage","@id":"https:\/\/compuviper.mx\/tienda\/producto\/lenovo-7xb7a000271p7xb7a00027-disco-duro-thinksystem-de-1-2-tb-10k-12gbps-hs-512n-hhd-2-5-sas-para-sr635-v3-sr665-v3-st250-sr250-sr645-sr630-v2-sr590-sr630-v3-sr530-st650-v3-st550-sr655-v\/","url":"https:\/\/compuviper.mx\/tienda\/producto\/lenovo-7xb7a000271p7xb7a00027-disco-duro-thinksystem-de-1-2-tb-10k-12gbps-hs-512n-hhd-2-5-sas-para-sr635-v3-sr665-v3-st250-sr250-sr645-sr630-v2-sr590-sr630-v3-sr530-st650-v3-st550-sr655-v\/","name":"[ Lenovo ] &#129351; 7xb7a00027,1p7xb7a00027 Disco Duro Thinksystem De 1.2 Tb 10k 12gbps Hs 512n Hhd 2.5 Sas Para Sr635 V3, Sr665 V3, St250, Sr250, Sr645, Sr630 V2, Sr590, Sr630 V3, Sr530, St650 V3, St550, Sr655 V3, St650 V2, Sr650","isPartOf":{"@id":"https:\/\/compuviper.mx\/tienda\/#website"},"datePublished":"2026-04-02T06:34:59+00:00","dateModified":"2026-04-02T06:34:59+00:00","description":"Compra 7xb7a00027,1p7xb7a00027 Disco Duro Thinksystem De 1.2 Tb 10k 12gbps Hs 512n Hhd 2.5 Sas Para Sr635 V3, Sr665 V3, St250, Sr250, Sr645, Sr630 V2, Sr590, Sr630 V3, Sr530, St650 V3, St550, Sr655 V3, St650 V2, Sr650 + Env\u00edo a domicilio + Pago seguro + Garant\u00eda","breadcrumb":{"@id":"https:\/\/compuviper.mx\/tienda\/producto\/lenovo-7xb7a000271p7xb7a00027-disco-duro-thinksystem-de-1-2-tb-10k-12gbps-hs-512n-hhd-2-5-sas-para-sr635-v3-sr665-v3-st250-sr250-sr645-sr630-v2-sr590-sr630-v3-sr530-st650-v3-st550-sr655-v\/#breadcrumb"},"inLanguage":"es-MX","potentialAction":[{"@type":"ReadAction","target":["https:\/\/compuviper.mx\/tienda\/producto\/lenovo-7xb7a000271p7xb7a00027-disco-duro-thinksystem-de-1-2-tb-10k-12gbps-hs-512n-hhd-2-5-sas-para-sr635-v3-sr665-v3-st250-sr250-sr645-sr630-v2-sr590-sr630-v3-sr530-st650-v3-st550-sr655-v\/"]}]},{"@type":"BreadcrumbList","@id":"https:\/\/compuviper.mx\/tienda\/producto\/lenovo-7xb7a000271p7xb7a00027-disco-duro-thinksystem-de-1-2-tb-10k-12gbps-hs-512n-hhd-2-5-sas-para-sr635-v3-sr665-v3-st250-sr250-sr645-sr630-v2-sr590-sr630-v3-sr530-st650-v3-st550-sr655-v\/#breadcrumb","itemListElement":[{"@type":"ListItem","position":1,"name":"Inicio","item":"https:\/\/compuviper.mx\/tienda\/"},{"@type":"ListItem","position":2,"name":"Productos","item":"https:\/\/compuviper.mx\/tienda\/productos\/"},{"@type":"ListItem","position":3,"name":"Discos Duros","item":"https:\/\/compuviper.mx\/tienda\/categoria-producto\/discos-duros\/"},{"@type":"ListItem","position":4,"name":"Sin Categor\u00eda","item":"https:\/\/compuviper.mx\/tienda\/categoria-producto\/discos-duros\/sin-categoria-discos-duros\/"},{"@type":"ListItem","position":5,"name":"Lenovo 7xb7a00027,1p7xb7a00027 Disco Duro Thinksystem De 1.2 Tb 10k 12gbps Hs 512n Hhd 2.5 Sas Para Sr635 V3, Sr665 V3, St250, Sr250, Sr645, Sr630 V2, Sr590, Sr630 V3, Sr530, St650 V3, St550, Sr655 V3, St650 V2, Sr650"}]},{"@type":"WebSite","@id":"https:\/\/compuviper.mx\/tienda\/#website","url":"https:\/\/compuviper.mx\/tienda\/","name":"Compuviper","description":"Proveedor de Computadoras, Laptops, Servidores, Monitores, Puntos de Venta, Teclados,   Impresoras, T\u00f3ner, C\u00e1maras de Seguridad y m\u00e1s en tu tienda en l\u00ednea","publisher":{"@id":"https:\/\/compuviper.mx\/tienda\/#organization"},"potentialAction":[{"@type":"SearchAction","target":{"@type":"EntryPoint","urlTemplate":"https:\/\/compuviper.mx\/tienda\/?s={search_term_string}"},"query-input":"required name=search_term_string"}],"inLanguage":"es-MX"},{"@type":"Organization","@id":"https:\/\/compuviper.mx\/tienda\/#organization","name":"Compuviper","url":"https:\/\/compuviper.mx\/tienda\/","logo":{"@type":"ImageObject","inLanguage":"es-MX","@id":"https:\/\/compuviper.mx\/tienda\/#\/schema\/logo\/image\/","url":"https:\/\/compuviper.mx\/tienda\/wp-content\/uploads\/2021\/08\/Logo-Compuviper-10.png","contentUrl":"https:\/\/compuviper.mx\/tienda\/wp-content\/uploads\/2021\/08\/Logo-Compuviper-10.png","width":1000,"height":500,"caption":"Compuviper"},"image":{"@id":"https:\/\/compuviper.mx\/tienda\/#\/schema\/logo\/image\/"},"sameAs":["https:\/\/www.facebook.com\/compuviper","https:\/\/www.youtube.com\/channel\/UCf73dERp9Y3cfOq7q8BhLjA?view_as=subscriber"]}]},"product_brand":"LENOVO","product_price_amount":"6125","product_price_currency":"MXN","og_availability":"out of stock","product_availability":"out of stock","product_retailer_item_id":"7XB7A00027,1P7XB7A00027","product_condition":"new"},"_links":{"self":[{"href":"https:\/\/compuviper.mx\/tienda\/wp-json\/wp\/v2\/product\/228224"}],"collection":[{"href":"https:\/\/compuviper.mx\/tienda\/wp-json\/wp\/v2\/product"}],"about":[{"href":"https:\/\/compuviper.mx\/tienda\/wp-json\/wp\/v2\/types\/product"}],"replies":[{"embeddable":true,"href":"https:\/\/compuviper.mx\/tienda\/wp-json\/wp\/v2\/comments?post=228224"}],"wp:featuredmedia":[{"embeddable":true,"href":"https:\/\/compuviper.mx\/tienda\/wp-json\/wp\/v2\/media\/228362"}],"wp:attachment":[{"href":"https:\/\/compuviper.mx\/tienda\/wp-json\/wp\/v2\/media?parent=228224"}],"wp:term":[{"taxonomy":"product_cat","embeddable":true,"href":"https:\/\/compuviper.mx\/tienda\/wp-json\/wp\/v2\/product_cat?post=228224"},{"taxonomy":"product_tag","embeddable":true,"href":"https:\/\/compuviper.mx\/tienda\/wp-json\/wp\/v2\/product_tag?post=228224"}],"curies":[{"name":"wp","href":"https:\/\/api.w.org\/{rel}","templated":true}]}}