{"id":228211,"date":"2026-04-01T23:29:46","date_gmt":"2026-04-02T05:29:46","guid":{"rendered":"https:\/\/compuviper.mx\/tienda\/producto\/peerless-av-st680-soporte-con-inclinacion-peerless-para-monitores-profesionales-60-a-98-pulgadas-con-capacidad-hasta-158-kg\/"},"modified":"2026-04-01T23:29:46","modified_gmt":"2026-04-02T05:29:46","slug":"peerless-av-st680-soporte-con-inclinacion-peerless-para-monitores-profesionales-60-a-98-pulgadas-con-capacidad-hasta-158-kg","status":"publish","type":"product","link":"https:\/\/compuviper.mx\/tienda\/producto\/peerless-av-st680-soporte-con-inclinacion-peerless-para-monitores-profesionales-60-a-98-pulgadas-con-capacidad-hasta-158-kg\/","title":{"rendered":"Peerless-av St680 Soporte Con Inclinacion Peerless  Para Monitores Profesionales 60 A 98 Pulgadas Con Capacidad Hasta 158 Kg"},"content":{"rendered":"<table class=\"descripcion\">\n<tr>\n<td>Nombre                                                          valor<\/td>\n<\/tr>\n<tr>\n<td>Tama\u00f1o de pantalla m\u00ednimo a m\u00e1ximo 60 a 98<\/td>\n<\/tr>\n<tr>\n<td>Patr\u00f3n vesa                                                 1000 x 600<\/td>\n<\/tr>\n<tr>\n<td>Capacidad de peso                                         350 lb (158 kg)<\/td>\n<\/tr>\n<tr>\n<td>Color                                                                 negro<\/td>\n<\/tr>\n<tr>\n<td>Distancia desde la pared                         3,38 &#8211; 10,58 (86 &#8211; 269 mm)<\/td>\n<\/tr>\n<tr>\n<td>Incrementos incrementales                -5, 0, 5, 10, 15<\/td>\n<\/tr>\n<tr>\n<td>Patr\u00f3n de montaje                                        1061 x 650 mm (41.76 x 25.59 )<\/td>\n<\/tr>\n<tr>\n<td>Inclinaci\u00f3n                                                        +15 \/ -5<\/td>\n<\/tr>\n<tr>\n<td>Dimensiones del producto                        45.75 x 26.50 x 3.38-10.58 (1162 x 673 x 86-269 mm)<\/td>\n<\/tr>\n<tr>\n<td>Peso de env\u00edo                                                24.1 lb (8.2 kg)<\/td>\n<\/tr>\n<tr>\n<td>Dimensiones del empaque                           16 x 4 x 48 (406.4 x 101.6 x 1.219.2 mm)<\/td>\n<\/tr>\n<tr>\n<td>Upc                                                                735029242314<\/td>\n<\/tr>\n<\/table>\n","protected":false},"excerpt":{"rendered":"<p>Logra la instalaci\u00f3n m\u00e1s f\u00e1cil y sencilla con los soportes de peerless, ahorra tiempo en la implementaci\u00f3n de soluciones como los profesionales. Www.Peerless-av.Com<\/p>\n","protected":false},"featured_media":228212,"comment_status":"open","ping_status":"open","template":"","meta":[],"product_cat":[2269,2265],"product_tag":[1904],"acf":[],"yoast_head":"<!-- This site is optimized with the Yoast SEO plugin v21.7 - https:\/\/yoast.com\/wordpress\/plugins\/seo\/ -->\n<title>[ Peerless-av ] &#129351; St680 Soporte Con Inclinacion Peerless Para Monitores Profesionales 60 A 98 Pulgadas Con Capacidad Hasta 158 Kg<\/title>\n<meta name=\"description\" content=\"Compra St680 Soporte Con Inclinacion Peerless Para Monitores Profesionales 60 A 98 Pulgadas Con Capacidad Hasta 158 Kg + Env\u00edo a domicilio + Pago seguro + Garant\u00eda\" \/>\n<meta name=\"robots\" content=\"index, follow, max-snippet:-1, max-image-preview:large, max-video-preview:-1\" \/>\n<link rel=\"canonical\" href=\"https:\/\/compuviper.mx\/tienda\/producto\/peerless-av-st680-soporte-con-inclinacion-peerless-para-monitores-profesionales-60-a-98-pulgadas-con-capacidad-hasta-158-kg\/\" \/>\n<meta property=\"og:locale\" content=\"es_MX\" \/>\n<meta property=\"og:type\" content=\"article\" \/>\n<meta property=\"og:title\" content=\"[ Peerless-av ] &#129351; St680 Soporte Con Inclinacion Peerless Para Monitores Profesionales 60 A 98 Pulgadas Con Capacidad Hasta 158 Kg\" \/>\n<meta property=\"og:description\" content=\"Compra St680 Soporte Con Inclinacion Peerless Para Monitores Profesionales 60 A 98 Pulgadas Con Capacidad Hasta 158 Kg + Env\u00edo a domicilio + Pago seguro + Garant\u00eda\" \/>\n<meta property=\"og:url\" content=\"https:\/\/compuviper.mx\/tienda\/producto\/peerless-av-st680-soporte-con-inclinacion-peerless-para-monitores-profesionales-60-a-98-pulgadas-con-capacidad-hasta-158-kg\/\" \/>\n<meta property=\"og:site_name\" content=\"Compuviper\" \/>\n<meta property=\"article:publisher\" content=\"https:\/\/www.facebook.com\/compuviper\" \/>\n<meta property=\"og:image\" content=\"https:\/\/compuviper.mx\/tienda\/wp-content\/uploads\/2023\/12\/Soporte-con-inclinacion-peerless-st680-para-monitores-profesionales-60-a-98-pulgadas-con-capacidad-hasta-158-kg.jpg\" \/>\n\t<meta property=\"og:image:width\" content=\"200\" \/>\n\t<meta property=\"og:image:height\" content=\"200\" \/>\n\t<meta property=\"og:image:type\" content=\"image\/jpeg\" \/>\n<meta name=\"twitter:card\" content=\"summary_large_image\" \/>\n<meta name=\"twitter:label1\" content=\"Precio\" \/>\n\t<meta name=\"twitter:data1\" content=\"&#36;5,931 con IVA\" \/>\n\t<meta name=\"twitter:label2\" content=\"Availability\" \/>\n\t<meta name=\"twitter:data2\" content=\"Out of stock\" \/>\n<script type=\"application\/ld+json\" class=\"yoast-schema-graph\">{\"@context\":\"https:\/\/schema.org\",\"@graph\":[{\"@type\":\"WebPage\",\"@id\":\"https:\/\/compuviper.mx\/tienda\/producto\/peerless-av-st680-soporte-con-inclinacion-peerless-para-monitores-profesionales-60-a-98-pulgadas-con-capacidad-hasta-158-kg\/\",\"url\":\"https:\/\/compuviper.mx\/tienda\/producto\/peerless-av-st680-soporte-con-inclinacion-peerless-para-monitores-profesionales-60-a-98-pulgadas-con-capacidad-hasta-158-kg\/\",\"name\":\"[ Peerless-av ] &#129351; St680 Soporte Con Inclinacion Peerless Para Monitores Profesionales 60 A 98 Pulgadas Con Capacidad Hasta 158 Kg\",\"isPartOf\":{\"@id\":\"https:\/\/compuviper.mx\/tienda\/#website\"},\"datePublished\":\"2026-04-02T05:29:46+00:00\",\"dateModified\":\"2026-04-02T05:29:46+00:00\",\"description\":\"Compra St680 Soporte Con Inclinacion Peerless Para Monitores Profesionales 60 A 98 Pulgadas Con Capacidad Hasta 158 Kg + Env\u00edo a domicilio + Pago seguro + Garant\u00eda\",\"breadcrumb\":{\"@id\":\"https:\/\/compuviper.mx\/tienda\/producto\/peerless-av-st680-soporte-con-inclinacion-peerless-para-monitores-profesionales-60-a-98-pulgadas-con-capacidad-hasta-158-kg\/#breadcrumb\"},\"inLanguage\":\"es-MX\",\"potentialAction\":[{\"@type\":\"ReadAction\",\"target\":[\"https:\/\/compuviper.mx\/tienda\/producto\/peerless-av-st680-soporte-con-inclinacion-peerless-para-monitores-profesionales-60-a-98-pulgadas-con-capacidad-hasta-158-kg\/\"]}]},{\"@type\":\"BreadcrumbList\",\"@id\":\"https:\/\/compuviper.mx\/tienda\/producto\/peerless-av-st680-soporte-con-inclinacion-peerless-para-monitores-profesionales-60-a-98-pulgadas-con-capacidad-hasta-158-kg\/#breadcrumb\",\"itemListElement\":[{\"@type\":\"ListItem\",\"position\":1,\"name\":\"Inicio\",\"item\":\"https:\/\/compuviper.mx\/tienda\/\"},{\"@type\":\"ListItem\",\"position\":2,\"name\":\"Productos\",\"item\":\"https:\/\/compuviper.mx\/tienda\/productos\/\"},{\"@type\":\"ListItem\",\"position\":3,\"name\":\"Soportes Y Bases P\/tv\/ Proyectores\/dvd\/consolas\/bocinas\/pantallas\/monotores\",\"item\":\"https:\/\/compuviper.mx\/tienda\/categoria-producto\/soportes-y-bases-p-tv-proyectores-dvd-consolas-bocinas-pantallas-monotores\/\"},{\"@type\":\"ListItem\",\"position\":4,\"name\":\"Sin Categor\u00eda\",\"item\":\"https:\/\/compuviper.mx\/tienda\/categoria-producto\/soportes-y-bases-p-tv-proyectores-dvd-consolas-bocinas-pantallas-monotores\/sin-categoria-soportes-y-bases-p-tv-proyectores-dvd-consolas-bocinas-pantallas-monotores\/\"},{\"@type\":\"ListItem\",\"position\":5,\"name\":\"Peerless-av St680 Soporte Con Inclinacion Peerless Para Monitores Profesionales 60 A 98 Pulgadas Con Capacidad Hasta 158 Kg\"}]},{\"@type\":\"WebSite\",\"@id\":\"https:\/\/compuviper.mx\/tienda\/#website\",\"url\":\"https:\/\/compuviper.mx\/tienda\/\",\"name\":\"Compuviper\",\"description\":\"Proveedor de Computadoras, Laptops, Servidores, Monitores, Puntos de Venta, Teclados,   Impresoras, T\u00f3ner, C\u00e1maras de Seguridad y m\u00e1s en tu tienda en l\u00ednea\",\"publisher\":{\"@id\":\"https:\/\/compuviper.mx\/tienda\/#organization\"},\"potentialAction\":[{\"@type\":\"SearchAction\",\"target\":{\"@type\":\"EntryPoint\",\"urlTemplate\":\"https:\/\/compuviper.mx\/tienda\/?s={search_term_string}\"},\"query-input\":\"required name=search_term_string\"}],\"inLanguage\":\"es-MX\"},{\"@type\":\"Organization\",\"@id\":\"https:\/\/compuviper.mx\/tienda\/#organization\",\"name\":\"Compuviper\",\"url\":\"https:\/\/compuviper.mx\/tienda\/\",\"logo\":{\"@type\":\"ImageObject\",\"inLanguage\":\"es-MX\",\"@id\":\"https:\/\/compuviper.mx\/tienda\/#\/schema\/logo\/image\/\",\"url\":\"https:\/\/compuviper.mx\/tienda\/wp-content\/uploads\/2021\/08\/Logo-Compuviper-10.png\",\"contentUrl\":\"https:\/\/compuviper.mx\/tienda\/wp-content\/uploads\/2021\/08\/Logo-Compuviper-10.png\",\"width\":1000,\"height\":500,\"caption\":\"Compuviper\"},\"image\":{\"@id\":\"https:\/\/compuviper.mx\/tienda\/#\/schema\/logo\/image\/\"},\"sameAs\":[\"https:\/\/www.facebook.com\/compuviper\",\"https:\/\/www.youtube.com\/channel\/UCf73dERp9Y3cfOq7q8BhLjA?view_as=subscriber\"]}]}<\/script>\n<meta property=\"product:brand\" content=\"PEERLESS-AV\" \/>\n<meta property=\"product:price:amount\" content=\"5931\" \/>\n<meta property=\"product:price:currency\" content=\"MXN\" \/>\n<meta property=\"og:availability\" content=\"out of stock\" \/>\n<meta property=\"product:availability\" content=\"out of stock\" \/>\n<meta property=\"product:retailer_item_id\" content=\"ST680\" \/>\n<meta property=\"product:condition\" content=\"new\" \/>\n<!-- \/ Yoast SEO plugin. -->","yoast_head_json":{"title":"[ Peerless-av ] &#129351; St680 Soporte Con Inclinacion Peerless Para Monitores Profesionales 60 A 98 Pulgadas Con Capacidad Hasta 158 Kg","description":"Compra St680 Soporte Con Inclinacion Peerless Para Monitores Profesionales 60 A 98 Pulgadas Con Capacidad Hasta 158 Kg + Env\u00edo a domicilio + Pago seguro + Garant\u00eda","robots":{"index":"index","follow":"follow","max-snippet":"max-snippet:-1","max-image-preview":"max-image-preview:large","max-video-preview":"max-video-preview:-1"},"canonical":"https:\/\/compuviper.mx\/tienda\/producto\/peerless-av-st680-soporte-con-inclinacion-peerless-para-monitores-profesionales-60-a-98-pulgadas-con-capacidad-hasta-158-kg\/","og_locale":"es_MX","og_type":"article","og_title":"[ Peerless-av ] &#129351; St680 Soporte Con Inclinacion Peerless Para Monitores Profesionales 60 A 98 Pulgadas Con Capacidad Hasta 158 Kg","og_description":"Compra St680 Soporte Con Inclinacion Peerless Para Monitores Profesionales 60 A 98 Pulgadas Con Capacidad Hasta 158 Kg + Env\u00edo a domicilio + Pago seguro + Garant\u00eda","og_url":"https:\/\/compuviper.mx\/tienda\/producto\/peerless-av-st680-soporte-con-inclinacion-peerless-para-monitores-profesionales-60-a-98-pulgadas-con-capacidad-hasta-158-kg\/","og_site_name":"Compuviper","article_publisher":"https:\/\/www.facebook.com\/compuviper","og_image":[{"width":200,"height":200,"url":"https:\/\/compuviper.mx\/tienda\/wp-content\/uploads\/2023\/12\/Soporte-con-inclinacion-peerless-st680-para-monitores-profesionales-60-a-98-pulgadas-con-capacidad-hasta-158-kg.jpg","type":"image\/jpeg"}],"twitter_card":"summary_large_image","twitter_misc":{"Precio":"&#36;5,931 con IVA","Availability":"Out of stock"},"schema":{"@context":"https:\/\/schema.org","@graph":[{"@type":"WebPage","@id":"https:\/\/compuviper.mx\/tienda\/producto\/peerless-av-st680-soporte-con-inclinacion-peerless-para-monitores-profesionales-60-a-98-pulgadas-con-capacidad-hasta-158-kg\/","url":"https:\/\/compuviper.mx\/tienda\/producto\/peerless-av-st680-soporte-con-inclinacion-peerless-para-monitores-profesionales-60-a-98-pulgadas-con-capacidad-hasta-158-kg\/","name":"[ Peerless-av ] &#129351; St680 Soporte Con Inclinacion Peerless Para Monitores Profesionales 60 A 98 Pulgadas Con Capacidad Hasta 158 Kg","isPartOf":{"@id":"https:\/\/compuviper.mx\/tienda\/#website"},"datePublished":"2026-04-02T05:29:46+00:00","dateModified":"2026-04-02T05:29:46+00:00","description":"Compra St680 Soporte Con Inclinacion Peerless Para Monitores Profesionales 60 A 98 Pulgadas Con Capacidad Hasta 158 Kg + Env\u00edo a domicilio + Pago seguro + Garant\u00eda","breadcrumb":{"@id":"https:\/\/compuviper.mx\/tienda\/producto\/peerless-av-st680-soporte-con-inclinacion-peerless-para-monitores-profesionales-60-a-98-pulgadas-con-capacidad-hasta-158-kg\/#breadcrumb"},"inLanguage":"es-MX","potentialAction":[{"@type":"ReadAction","target":["https:\/\/compuviper.mx\/tienda\/producto\/peerless-av-st680-soporte-con-inclinacion-peerless-para-monitores-profesionales-60-a-98-pulgadas-con-capacidad-hasta-158-kg\/"]}]},{"@type":"BreadcrumbList","@id":"https:\/\/compuviper.mx\/tienda\/producto\/peerless-av-st680-soporte-con-inclinacion-peerless-para-monitores-profesionales-60-a-98-pulgadas-con-capacidad-hasta-158-kg\/#breadcrumb","itemListElement":[{"@type":"ListItem","position":1,"name":"Inicio","item":"https:\/\/compuviper.mx\/tienda\/"},{"@type":"ListItem","position":2,"name":"Productos","item":"https:\/\/compuviper.mx\/tienda\/productos\/"},{"@type":"ListItem","position":3,"name":"Soportes Y Bases P\/tv\/ Proyectores\/dvd\/consolas\/bocinas\/pantallas\/monotores","item":"https:\/\/compuviper.mx\/tienda\/categoria-producto\/soportes-y-bases-p-tv-proyectores-dvd-consolas-bocinas-pantallas-monotores\/"},{"@type":"ListItem","position":4,"name":"Sin Categor\u00eda","item":"https:\/\/compuviper.mx\/tienda\/categoria-producto\/soportes-y-bases-p-tv-proyectores-dvd-consolas-bocinas-pantallas-monotores\/sin-categoria-soportes-y-bases-p-tv-proyectores-dvd-consolas-bocinas-pantallas-monotores\/"},{"@type":"ListItem","position":5,"name":"Peerless-av St680 Soporte Con Inclinacion Peerless Para Monitores Profesionales 60 A 98 Pulgadas Con Capacidad Hasta 158 Kg"}]},{"@type":"WebSite","@id":"https:\/\/compuviper.mx\/tienda\/#website","url":"https:\/\/compuviper.mx\/tienda\/","name":"Compuviper","description":"Proveedor de Computadoras, Laptops, Servidores, Monitores, Puntos de Venta, Teclados,   Impresoras, T\u00f3ner, C\u00e1maras de Seguridad y m\u00e1s en tu tienda en l\u00ednea","publisher":{"@id":"https:\/\/compuviper.mx\/tienda\/#organization"},"potentialAction":[{"@type":"SearchAction","target":{"@type":"EntryPoint","urlTemplate":"https:\/\/compuviper.mx\/tienda\/?s={search_term_string}"},"query-input":"required name=search_term_string"}],"inLanguage":"es-MX"},{"@type":"Organization","@id":"https:\/\/compuviper.mx\/tienda\/#organization","name":"Compuviper","url":"https:\/\/compuviper.mx\/tienda\/","logo":{"@type":"ImageObject","inLanguage":"es-MX","@id":"https:\/\/compuviper.mx\/tienda\/#\/schema\/logo\/image\/","url":"https:\/\/compuviper.mx\/tienda\/wp-content\/uploads\/2021\/08\/Logo-Compuviper-10.png","contentUrl":"https:\/\/compuviper.mx\/tienda\/wp-content\/uploads\/2021\/08\/Logo-Compuviper-10.png","width":1000,"height":500,"caption":"Compuviper"},"image":{"@id":"https:\/\/compuviper.mx\/tienda\/#\/schema\/logo\/image\/"},"sameAs":["https:\/\/www.facebook.com\/compuviper","https:\/\/www.youtube.com\/channel\/UCf73dERp9Y3cfOq7q8BhLjA?view_as=subscriber"]}]},"product_brand":"PEERLESS-AV","product_price_amount":"5931","product_price_currency":"MXN","og_availability":"out of stock","product_availability":"out of stock","product_retailer_item_id":"ST680","product_condition":"new"},"_links":{"self":[{"href":"https:\/\/compuviper.mx\/tienda\/wp-json\/wp\/v2\/product\/228211"}],"collection":[{"href":"https:\/\/compuviper.mx\/tienda\/wp-json\/wp\/v2\/product"}],"about":[{"href":"https:\/\/compuviper.mx\/tienda\/wp-json\/wp\/v2\/types\/product"}],"replies":[{"embeddable":true,"href":"https:\/\/compuviper.mx\/tienda\/wp-json\/wp\/v2\/comments?post=228211"}],"wp:featuredmedia":[{"embeddable":true,"href":"https:\/\/compuviper.mx\/tienda\/wp-json\/wp\/v2\/media\/228212"}],"wp:attachment":[{"href":"https:\/\/compuviper.mx\/tienda\/wp-json\/wp\/v2\/media?parent=228211"}],"wp:term":[{"taxonomy":"product_cat","embeddable":true,"href":"https:\/\/compuviper.mx\/tienda\/wp-json\/wp\/v2\/product_cat?post=228211"},{"taxonomy":"product_tag","embeddable":true,"href":"https:\/\/compuviper.mx\/tienda\/wp-json\/wp\/v2\/product_tag?post=228211"}],"curies":[{"name":"wp","href":"https:\/\/api.w.org\/{rel}","templated":true}]}}