{"id":228206,"date":"2026-04-01T23:11:27","date_gmt":"2026-04-02T05:11:27","guid":{"rendered":"https:\/\/compuviper.mx\/tienda\/producto\/dahua-dhi-isc-d109l-arco-detector-de-metales-isc-d109l-9-zonas-display-de-5-dgitos-de-alto-brillo-luces-indicadoras-de-rea-contador-de-paso-y-alarmas-deteccin-multi-zona-99-tonos-de-alarmas\/"},"modified":"2026-04-01T23:11:27","modified_gmt":"2026-04-02T05:11:27","slug":"dahua-dhi-isc-d109l-arco-detector-de-metales-isc-d109l-9-zonas-display-de-5-dgitos-de-alto-brillo-luces-indicadoras-de-rea-contador-de-paso-y-alarmas-deteccin-multi-zona-99-tonos-de-alarmas-y-v","status":"publish","type":"product","link":"https:\/\/compuviper.mx\/tienda\/producto\/dahua-dhi-isc-d109l-arco-detector-de-metales-isc-d109l-9-zonas-display-de-5-dgitos-de-alto-brillo-luces-indicadoras-de-rea-contador-de-paso-y-alarmas-deteccin-multi-zona-99-tonos-de-alarmas-y-v\/","title":{"rendered":"Dahua Dhi-isc-d109l Arco Detector De Metales\/\/isc-d109l\/ 9 Zonas\/ Display De 5 Dgitos De Alto Brillo\/ Luces Indicadoras De Rea\/ Contador De Paso Y Alarmas\/ Deteccin Multi Zona\/ 99 Tonos De Alarmas Y Volumen Ajus"},"content":{"rendered":"<table class=\"descripcion\">\n<tr>\n<td>Especificaciones<\/td>\n<\/tr>\n<tr>\n<td>\u0095 6 zonas de detecci\u00f3n superpuestas, transmisi\u00f3n bilateral y recepci\u00f3n de se\u00f1ales de detecci\u00f3n; luces indicadoras de 2 paneles<\/td>\n<\/tr>\n<tr>\n<td>\u0095 el sensor infrarrojo puede reducir las falsas alarmas; estad\u00edsticas autom\u00e1ticas de alarma y estad\u00edsticas de paso\/retorno<\/td>\n<\/tr>\n<tr>\n<td>\u0095 255 niveles de sensibilidad ajustables en cada zona de detecci\u00f3n (la sensibilidad aumenta por niveles)<\/td>\n<\/tr>\n<tr>\n<td>\u0095 viene con un mando a distancia por infrarrojos con un alcance m\u00e1ximo de mando a distancia de 2 m<\/td>\n<\/tr>\n<tr>\n<td>\u0095 tensi\u00f3n de funcionamiento 12 v cc, adaptador de corriente (incluido): 100 v\u0096240 v ca, 50\/60 hz<\/td>\n<\/tr>\n<tr>\n<td>\u0095 interruptor de encendido en ambos paneles de puerta e interruptor de encendido de detecci\u00f3n de metales en el panel frontal<\/td>\n<\/tr>\n<tr>\n<td>\u0095 luz indicadora un indicador verde<\/td>\n<\/tr>\n<\/table>\n","protected":false},"excerpt":{"rendered":"<p>Informaci\u00f3n general. El dispositivo tiene una alta sensibilidad de detecci\u00f3n de metales, peso ligero, gran capacidad de interferencia y un rendimiento estable. Utiliza materiales especiales de alta resistencia, ligeros y f\u00e1ciles de transportar e instalar. El dispositivo tiene un dise\u00f1o modular y se fabrica en l\u00edneas de montaje unificadas para una buena estabilidad. Gracias a su interfaz intuitiva y su uso simple, no se requiere capacitaci\u00f3n operativa. Sensor ir optimizado. La sensibilidad de cada zona de detecci\u00f3n se puede ajustar seg\u00fan sea necesario para cumplir con los diferentes requisitos de sensibilidad de las diferentes zonas. Busca y aplica autom\u00e1ticamente la frecuencia de operaci\u00f3n adecuada; admite 20 niveles ajustables. Sensor optimizado. Sensor infrarrojo (ir) con menos alarmas falsas o perdidas; estad\u00edsticas autom\u00e1ticas de alarmas y estad\u00edsticas de paso; detecci\u00f3n ir y m\u00faltiples modos de detecci\u00f3n. Modo de conteo. Conteo unidireccional; conteo de entrada\/salida; buscando de d\u00eda. El acceso a la programaci\u00f3n y la configuraci\u00f3n de par\u00e1metros est\u00e1n protegidos por una contrase\u00f1a de cinco d\u00edgitos. Cumple con los est\u00e1ndares internacionales de seguridad vigentes mediante el uso de campos electromagn\u00e9ticos de muy baja frecuencia. No se causaron da\u00f1os a marcapasos, mujeres embarazadas y dispositivos de almacenamiento magn\u00e9tico. Principales caracter\u00edsticas. \u0095 supervise y muestre la intensidad de la se\u00f1al en tiempo real de la interferencia ambiental. \u0095 busca autom\u00e1ticamente la frecuencia de funcionamiento (20 niveles disponibles. \u0095 n\u00famero de paso de conteo, n\u00fameros de paso\/devoluci\u00f3n y n\u00famero de alarma. \u0095 estad\u00edsticas de paso\/retorno, estad\u00edsticas de alarma y b\u00fasqueda por d\u00eda. \u0095 dise\u00f1o modular f\u00e1cil de instalar. \u0095 dise\u00f1o seguro de bajo voltaje. \u0095 conector de aviaci\u00f3n confiable y estable. \u0095 9 tonos de alarma con 10 niveles de volumen ajustables, modo de silencio y duraci\u00f3n de la alarma: 0\u009610 s. \u0095 255 niveles de sensibilidad ajustables. \u0095 configuraci\u00f3n de par\u00e1metros separada para 12 escenarios admitidos. \u0095 control remoto por infrarrojos. \u0095 m\u00faltiples modos de detecci\u00f3n ir. \u0095 admite bater\u00edas de plomo-\u00e1cido (opcional)<\/p>\n","protected":false},"featured_media":233643,"comment_status":"open","ping_status":"open","template":"","meta":[],"product_cat":[1540,1910],"product_tag":[1555],"acf":[],"yoast_head":"<!-- This site is optimized with the Yoast SEO plugin v21.7 - https:\/\/yoast.com\/wordpress\/plugins\/seo\/ -->\n<title>[ Dahua ] &#129351; Dhi-isc-d109l Arco Detector De Metales\/\/isc-d109l\/ 9 Zonas\/ Display De 5 Dgitos De Alto Brillo\/ Luces Indicadoras De Rea\/ Contador De Paso Y Alarmas\/ Deteccin Multi Zona\/ 99 Tonos De Alarmas Y Volumen Ajus<\/title>\n<meta name=\"description\" content=\"Compra Dhi-isc-d109l Arco Detector De Metales\/\/isc-d109l\/ 9 Zonas\/ Display De 5 Dgitos De Alto Brillo\/ Luces Indicadoras De Rea\/ Contador De Paso Y Alarmas\/ Deteccin Multi Zona\/ 99 Tonos De Alarmas Y Volumen Ajus + Env\u00edo a domicilio + Pago seguro + Garant\u00eda\" \/>\n<meta name=\"robots\" content=\"index, follow, max-snippet:-1, max-image-preview:large, max-video-preview:-1\" \/>\n<link rel=\"canonical\" href=\"https:\/\/compuviper.mx\/tienda\/producto\/dahua-dhi-isc-d109l-arco-detector-de-metales-isc-d109l-9-zonas-display-de-5-dgitos-de-alto-brillo-luces-indicadoras-de-rea-contador-de-paso-y-alarmas-deteccin-multi-zona-99-tonos-de-alarmas-y-v\/\" \/>\n<meta property=\"og:locale\" content=\"es_MX\" \/>\n<meta property=\"og:type\" content=\"article\" \/>\n<meta property=\"og:title\" content=\"[ Dahua ] &#129351; Dhi-isc-d109l Arco Detector De Metales\/\/isc-d109l\/ 9 Zonas\/ Display De 5 Dgitos De Alto Brillo\/ Luces Indicadoras De Rea\/ Contador De Paso Y Alarmas\/ Deteccin Multi Zona\/ 99 Tonos De Alarmas Y Volumen Ajus\" \/>\n<meta property=\"og:description\" content=\"Compra Dhi-isc-d109l Arco Detector De Metales\/\/isc-d109l\/ 9 Zonas\/ Display De 5 Dgitos De Alto Brillo\/ Luces Indicadoras De Rea\/ Contador De Paso Y Alarmas\/ Deteccin Multi Zona\/ 99 Tonos De Alarmas Y Volumen Ajus + Env\u00edo a domicilio + Pago seguro + Garant\u00eda\" \/>\n<meta property=\"og:url\" content=\"https:\/\/compuviper.mx\/tienda\/producto\/dahua-dhi-isc-d109l-arco-detector-de-metales-isc-d109l-9-zonas-display-de-5-dgitos-de-alto-brillo-luces-indicadoras-de-rea-contador-de-paso-y-alarmas-deteccin-multi-zona-99-tonos-de-alarmas-y-v\/\" \/>\n<meta property=\"og:site_name\" content=\"Compuviper\" \/>\n<meta property=\"article:publisher\" content=\"https:\/\/www.facebook.com\/compuviper\" \/>\n<meta property=\"og:image\" content=\"https:\/\/compuviper.mx\/tienda\/wp-content\/uploads\/2024\/05\/Arco-detector-de-metalesdahuaisc-d109l-9-zonas-display-de-5-digitos-de-alto-brillo-luces-indicadoras-de-area-contador-de-paso-y-alarmas-deteccion-multi-zona-99-tonos-de-alarmas-y-volumen-ajus.jpg\" \/>\n\t<meta property=\"og:image:width\" content=\"200\" \/>\n\t<meta property=\"og:image:height\" content=\"200\" \/>\n\t<meta property=\"og:image:type\" content=\"image\/jpeg\" \/>\n<meta name=\"twitter:card\" content=\"summary_large_image\" \/>\n<meta name=\"twitter:label1\" content=\"Precio\" \/>\n\t<meta name=\"twitter:data1\" content=\"&#36;9,928 con IVA\" \/>\n\t<meta name=\"twitter:label2\" content=\"Availability\" \/>\n\t<meta name=\"twitter:data2\" content=\"On backorder\" \/>\n<script type=\"application\/ld+json\" class=\"yoast-schema-graph\">{\"@context\":\"https:\/\/schema.org\",\"@graph\":[{\"@type\":\"WebPage\",\"@id\":\"https:\/\/compuviper.mx\/tienda\/producto\/dahua-dhi-isc-d109l-arco-detector-de-metales-isc-d109l-9-zonas-display-de-5-dgitos-de-alto-brillo-luces-indicadoras-de-rea-contador-de-paso-y-alarmas-deteccin-multi-zona-99-tonos-de-alarmas-y-v\/\",\"url\":\"https:\/\/compuviper.mx\/tienda\/producto\/dahua-dhi-isc-d109l-arco-detector-de-metales-isc-d109l-9-zonas-display-de-5-dgitos-de-alto-brillo-luces-indicadoras-de-rea-contador-de-paso-y-alarmas-deteccin-multi-zona-99-tonos-de-alarmas-y-v\/\",\"name\":\"[ Dahua ] &#129351; Dhi-isc-d109l Arco Detector De Metales\/\/isc-d109l\/ 9 Zonas\/ Display De 5 Dgitos De Alto Brillo\/ Luces Indicadoras De Rea\/ Contador De Paso Y Alarmas\/ Deteccin Multi Zona\/ 99 Tonos De Alarmas Y Volumen Ajus\",\"isPartOf\":{\"@id\":\"https:\/\/compuviper.mx\/tienda\/#website\"},\"datePublished\":\"2026-04-02T05:11:27+00:00\",\"dateModified\":\"2026-04-02T05:11:27+00:00\",\"description\":\"Compra Dhi-isc-d109l Arco Detector De Metales\/\/isc-d109l\/ 9 Zonas\/ Display De 5 Dgitos De Alto Brillo\/ Luces Indicadoras De Rea\/ Contador De Paso Y Alarmas\/ Deteccin Multi Zona\/ 99 Tonos De Alarmas Y Volumen Ajus + Env\u00edo a domicilio + Pago seguro + Garant\u00eda\",\"breadcrumb\":{\"@id\":\"https:\/\/compuviper.mx\/tienda\/producto\/dahua-dhi-isc-d109l-arco-detector-de-metales-isc-d109l-9-zonas-display-de-5-dgitos-de-alto-brillo-luces-indicadoras-de-rea-contador-de-paso-y-alarmas-deteccin-multi-zona-99-tonos-de-alarmas-y-v\/#breadcrumb\"},\"inLanguage\":\"es-MX\",\"potentialAction\":[{\"@type\":\"ReadAction\",\"target\":[\"https:\/\/compuviper.mx\/tienda\/producto\/dahua-dhi-isc-d109l-arco-detector-de-metales-isc-d109l-9-zonas-display-de-5-dgitos-de-alto-brillo-luces-indicadoras-de-rea-contador-de-paso-y-alarmas-deteccin-multi-zona-99-tonos-de-alarmas-y-v\/\"]}]},{\"@type\":\"BreadcrumbList\",\"@id\":\"https:\/\/compuviper.mx\/tienda\/producto\/dahua-dhi-isc-d109l-arco-detector-de-metales-isc-d109l-9-zonas-display-de-5-dgitos-de-alto-brillo-luces-indicadoras-de-rea-contador-de-paso-y-alarmas-deteccin-multi-zona-99-tonos-de-alarmas-y-v\/#breadcrumb\",\"itemListElement\":[{\"@type\":\"ListItem\",\"position\":1,\"name\":\"Inicio\",\"item\":\"https:\/\/compuviper.mx\/tienda\/\"},{\"@type\":\"ListItem\",\"position\":2,\"name\":\"Productos\",\"item\":\"https:\/\/compuviper.mx\/tienda\/productos\/\"},{\"@type\":\"ListItem\",\"position\":3,\"name\":\"Control De Acceso Y Asistencia\",\"item\":\"https:\/\/compuviper.mx\/tienda\/categoria-producto\/control-de-acceso-y-asistencia\/\"},{\"@type\":\"ListItem\",\"position\":4,\"name\":\"Panel De Control De Acceso\",\"item\":\"https:\/\/compuviper.mx\/tienda\/categoria-producto\/control-de-acceso-y-asistencia\/panel-de-control-de-acceso\/\"},{\"@type\":\"ListItem\",\"position\":5,\"name\":\"Dahua Dhi-isc-d109l Arco Detector De Metales\/\/isc-d109l\/ 9 Zonas\/ Display De 5 Dgitos De Alto Brillo\/ Luces Indicadoras De Rea\/ Contador De Paso Y Alarmas\/ Deteccin Multi Zona\/ 99 Tonos De Alarmas Y Volumen Ajus\"}]},{\"@type\":\"WebSite\",\"@id\":\"https:\/\/compuviper.mx\/tienda\/#website\",\"url\":\"https:\/\/compuviper.mx\/tienda\/\",\"name\":\"Compuviper\",\"description\":\"Proveedor de Computadoras, Laptops, Servidores, Monitores, Puntos de Venta, Teclados,   Impresoras, T\u00f3ner, C\u00e1maras de Seguridad y m\u00e1s en tu tienda en l\u00ednea\",\"publisher\":{\"@id\":\"https:\/\/compuviper.mx\/tienda\/#organization\"},\"potentialAction\":[{\"@type\":\"SearchAction\",\"target\":{\"@type\":\"EntryPoint\",\"urlTemplate\":\"https:\/\/compuviper.mx\/tienda\/?s={search_term_string}\"},\"query-input\":\"required name=search_term_string\"}],\"inLanguage\":\"es-MX\"},{\"@type\":\"Organization\",\"@id\":\"https:\/\/compuviper.mx\/tienda\/#organization\",\"name\":\"Compuviper\",\"url\":\"https:\/\/compuviper.mx\/tienda\/\",\"logo\":{\"@type\":\"ImageObject\",\"inLanguage\":\"es-MX\",\"@id\":\"https:\/\/compuviper.mx\/tienda\/#\/schema\/logo\/image\/\",\"url\":\"https:\/\/compuviper.mx\/tienda\/wp-content\/uploads\/2021\/08\/Logo-Compuviper-10.png\",\"contentUrl\":\"https:\/\/compuviper.mx\/tienda\/wp-content\/uploads\/2021\/08\/Logo-Compuviper-10.png\",\"width\":1000,\"height\":500,\"caption\":\"Compuviper\"},\"image\":{\"@id\":\"https:\/\/compuviper.mx\/tienda\/#\/schema\/logo\/image\/\"},\"sameAs\":[\"https:\/\/www.facebook.com\/compuviper\",\"https:\/\/www.youtube.com\/channel\/UCf73dERp9Y3cfOq7q8BhLjA?view_as=subscriber\"]}]}<\/script>\n<meta property=\"product:brand\" content=\"DAHUA\" \/>\n<meta property=\"product:price:amount\" content=\"9928\" \/>\n<meta property=\"product:price:currency\" content=\"MXN\" \/>\n<meta property=\"og:availability\" content=\"backorder\" \/>\n<meta property=\"product:availability\" content=\"available for order\" \/>\n<meta property=\"product:retailer_item_id\" content=\"DHI-ISC-D109L\" \/>\n<meta property=\"product:condition\" content=\"new\" \/>\n<!-- \/ Yoast SEO plugin. -->","yoast_head_json":{"title":"[ Dahua ] &#129351; Dhi-isc-d109l Arco Detector De Metales\/\/isc-d109l\/ 9 Zonas\/ Display De 5 Dgitos De Alto Brillo\/ Luces Indicadoras De Rea\/ Contador De Paso Y Alarmas\/ Deteccin Multi Zona\/ 99 Tonos De Alarmas Y Volumen Ajus","description":"Compra Dhi-isc-d109l Arco Detector De Metales\/\/isc-d109l\/ 9 Zonas\/ Display De 5 Dgitos De Alto Brillo\/ Luces Indicadoras De Rea\/ Contador De Paso Y Alarmas\/ Deteccin Multi Zona\/ 99 Tonos De Alarmas Y Volumen Ajus + Env\u00edo a domicilio + Pago seguro + Garant\u00eda","robots":{"index":"index","follow":"follow","max-snippet":"max-snippet:-1","max-image-preview":"max-image-preview:large","max-video-preview":"max-video-preview:-1"},"canonical":"https:\/\/compuviper.mx\/tienda\/producto\/dahua-dhi-isc-d109l-arco-detector-de-metales-isc-d109l-9-zonas-display-de-5-dgitos-de-alto-brillo-luces-indicadoras-de-rea-contador-de-paso-y-alarmas-deteccin-multi-zona-99-tonos-de-alarmas-y-v\/","og_locale":"es_MX","og_type":"article","og_title":"[ Dahua ] &#129351; Dhi-isc-d109l Arco Detector De Metales\/\/isc-d109l\/ 9 Zonas\/ Display De 5 Dgitos De Alto Brillo\/ Luces Indicadoras De Rea\/ Contador De Paso Y Alarmas\/ Deteccin Multi Zona\/ 99 Tonos De Alarmas Y Volumen Ajus","og_description":"Compra Dhi-isc-d109l Arco Detector De Metales\/\/isc-d109l\/ 9 Zonas\/ Display De 5 Dgitos De Alto Brillo\/ Luces Indicadoras De Rea\/ Contador De Paso Y Alarmas\/ Deteccin Multi Zona\/ 99 Tonos De Alarmas Y Volumen Ajus + Env\u00edo a domicilio + Pago seguro + Garant\u00eda","og_url":"https:\/\/compuviper.mx\/tienda\/producto\/dahua-dhi-isc-d109l-arco-detector-de-metales-isc-d109l-9-zonas-display-de-5-dgitos-de-alto-brillo-luces-indicadoras-de-rea-contador-de-paso-y-alarmas-deteccin-multi-zona-99-tonos-de-alarmas-y-v\/","og_site_name":"Compuviper","article_publisher":"https:\/\/www.facebook.com\/compuviper","og_image":[{"width":200,"height":200,"url":"https:\/\/compuviper.mx\/tienda\/wp-content\/uploads\/2024\/05\/Arco-detector-de-metalesdahuaisc-d109l-9-zonas-display-de-5-digitos-de-alto-brillo-luces-indicadoras-de-area-contador-de-paso-y-alarmas-deteccion-multi-zona-99-tonos-de-alarmas-y-volumen-ajus.jpg","type":"image\/jpeg"}],"twitter_card":"summary_large_image","twitter_misc":{"Precio":"&#36;9,928 con IVA","Availability":"On backorder"},"schema":{"@context":"https:\/\/schema.org","@graph":[{"@type":"WebPage","@id":"https:\/\/compuviper.mx\/tienda\/producto\/dahua-dhi-isc-d109l-arco-detector-de-metales-isc-d109l-9-zonas-display-de-5-dgitos-de-alto-brillo-luces-indicadoras-de-rea-contador-de-paso-y-alarmas-deteccin-multi-zona-99-tonos-de-alarmas-y-v\/","url":"https:\/\/compuviper.mx\/tienda\/producto\/dahua-dhi-isc-d109l-arco-detector-de-metales-isc-d109l-9-zonas-display-de-5-dgitos-de-alto-brillo-luces-indicadoras-de-rea-contador-de-paso-y-alarmas-deteccin-multi-zona-99-tonos-de-alarmas-y-v\/","name":"[ Dahua ] &#129351; Dhi-isc-d109l Arco Detector De Metales\/\/isc-d109l\/ 9 Zonas\/ Display De 5 Dgitos De Alto Brillo\/ Luces Indicadoras De Rea\/ Contador De Paso Y Alarmas\/ Deteccin Multi Zona\/ 99 Tonos De Alarmas Y Volumen Ajus","isPartOf":{"@id":"https:\/\/compuviper.mx\/tienda\/#website"},"datePublished":"2026-04-02T05:11:27+00:00","dateModified":"2026-04-02T05:11:27+00:00","description":"Compra Dhi-isc-d109l Arco Detector De Metales\/\/isc-d109l\/ 9 Zonas\/ Display De 5 Dgitos De Alto Brillo\/ Luces Indicadoras De Rea\/ Contador De Paso Y Alarmas\/ Deteccin Multi Zona\/ 99 Tonos De Alarmas Y Volumen Ajus + Env\u00edo a domicilio + Pago seguro + Garant\u00eda","breadcrumb":{"@id":"https:\/\/compuviper.mx\/tienda\/producto\/dahua-dhi-isc-d109l-arco-detector-de-metales-isc-d109l-9-zonas-display-de-5-dgitos-de-alto-brillo-luces-indicadoras-de-rea-contador-de-paso-y-alarmas-deteccin-multi-zona-99-tonos-de-alarmas-y-v\/#breadcrumb"},"inLanguage":"es-MX","potentialAction":[{"@type":"ReadAction","target":["https:\/\/compuviper.mx\/tienda\/producto\/dahua-dhi-isc-d109l-arco-detector-de-metales-isc-d109l-9-zonas-display-de-5-dgitos-de-alto-brillo-luces-indicadoras-de-rea-contador-de-paso-y-alarmas-deteccin-multi-zona-99-tonos-de-alarmas-y-v\/"]}]},{"@type":"BreadcrumbList","@id":"https:\/\/compuviper.mx\/tienda\/producto\/dahua-dhi-isc-d109l-arco-detector-de-metales-isc-d109l-9-zonas-display-de-5-dgitos-de-alto-brillo-luces-indicadoras-de-rea-contador-de-paso-y-alarmas-deteccin-multi-zona-99-tonos-de-alarmas-y-v\/#breadcrumb","itemListElement":[{"@type":"ListItem","position":1,"name":"Inicio","item":"https:\/\/compuviper.mx\/tienda\/"},{"@type":"ListItem","position":2,"name":"Productos","item":"https:\/\/compuviper.mx\/tienda\/productos\/"},{"@type":"ListItem","position":3,"name":"Control De Acceso Y Asistencia","item":"https:\/\/compuviper.mx\/tienda\/categoria-producto\/control-de-acceso-y-asistencia\/"},{"@type":"ListItem","position":4,"name":"Panel De Control De Acceso","item":"https:\/\/compuviper.mx\/tienda\/categoria-producto\/control-de-acceso-y-asistencia\/panel-de-control-de-acceso\/"},{"@type":"ListItem","position":5,"name":"Dahua Dhi-isc-d109l Arco Detector De Metales\/\/isc-d109l\/ 9 Zonas\/ Display De 5 Dgitos De Alto Brillo\/ Luces Indicadoras De Rea\/ Contador De Paso Y Alarmas\/ Deteccin Multi Zona\/ 99 Tonos De Alarmas Y Volumen Ajus"}]},{"@type":"WebSite","@id":"https:\/\/compuviper.mx\/tienda\/#website","url":"https:\/\/compuviper.mx\/tienda\/","name":"Compuviper","description":"Proveedor de Computadoras, Laptops, Servidores, Monitores, Puntos de Venta, Teclados,   Impresoras, T\u00f3ner, C\u00e1maras de Seguridad y m\u00e1s en tu tienda en l\u00ednea","publisher":{"@id":"https:\/\/compuviper.mx\/tienda\/#organization"},"potentialAction":[{"@type":"SearchAction","target":{"@type":"EntryPoint","urlTemplate":"https:\/\/compuviper.mx\/tienda\/?s={search_term_string}"},"query-input":"required name=search_term_string"}],"inLanguage":"es-MX"},{"@type":"Organization","@id":"https:\/\/compuviper.mx\/tienda\/#organization","name":"Compuviper","url":"https:\/\/compuviper.mx\/tienda\/","logo":{"@type":"ImageObject","inLanguage":"es-MX","@id":"https:\/\/compuviper.mx\/tienda\/#\/schema\/logo\/image\/","url":"https:\/\/compuviper.mx\/tienda\/wp-content\/uploads\/2021\/08\/Logo-Compuviper-10.png","contentUrl":"https:\/\/compuviper.mx\/tienda\/wp-content\/uploads\/2021\/08\/Logo-Compuviper-10.png","width":1000,"height":500,"caption":"Compuviper"},"image":{"@id":"https:\/\/compuviper.mx\/tienda\/#\/schema\/logo\/image\/"},"sameAs":["https:\/\/www.facebook.com\/compuviper","https:\/\/www.youtube.com\/channel\/UCf73dERp9Y3cfOq7q8BhLjA?view_as=subscriber"]}]},"product_brand":"DAHUA","product_price_amount":"9928","product_price_currency":"MXN","og_availability":"backorder","product_availability":"available for order","product_retailer_item_id":"DHI-ISC-D109L","product_condition":"new"},"_links":{"self":[{"href":"https:\/\/compuviper.mx\/tienda\/wp-json\/wp\/v2\/product\/228206"}],"collection":[{"href":"https:\/\/compuviper.mx\/tienda\/wp-json\/wp\/v2\/product"}],"about":[{"href":"https:\/\/compuviper.mx\/tienda\/wp-json\/wp\/v2\/types\/product"}],"replies":[{"embeddable":true,"href":"https:\/\/compuviper.mx\/tienda\/wp-json\/wp\/v2\/comments?post=228206"}],"wp:featuredmedia":[{"embeddable":true,"href":"https:\/\/compuviper.mx\/tienda\/wp-json\/wp\/v2\/media\/233643"}],"wp:attachment":[{"href":"https:\/\/compuviper.mx\/tienda\/wp-json\/wp\/v2\/media?parent=228206"}],"wp:term":[{"taxonomy":"product_cat","embeddable":true,"href":"https:\/\/compuviper.mx\/tienda\/wp-json\/wp\/v2\/product_cat?post=228206"},{"taxonomy":"product_tag","embeddable":true,"href":"https:\/\/compuviper.mx\/tienda\/wp-json\/wp\/v2\/product_tag?post=228206"}],"curies":[{"name":"wp","href":"https:\/\/api.w.org\/{rel}","templated":true}]}}