{"id":228103,"date":"2026-04-01T23:11:25","date_gmt":"2026-04-02T05:11:25","guid":{"rendered":"https:\/\/compuviper.mx\/tienda\/producto\/dahua-dhi-isc-m6550-maquina-de-rayos-x-isc-m-series-intelligent-security-dispositivo-de-rayos-x-para-inspeccionar-rpidamente-equipaje-y-mercancas-sin-abrir-paquetes\/"},"modified":"2026-04-01T23:11:26","modified_gmt":"2026-04-02T05:11:26","slug":"dahua-dhi-isc-m6550-maquina-de-rayos-x-isc-m-series-intelligent-security-dispositivo-de-rayos-x-para-inspeccionar-rpidamente-equipaje-y-mercancas-sin-abrir-paquetes","status":"publish","type":"product","link":"https:\/\/compuviper.mx\/tienda\/producto\/dahua-dhi-isc-m6550-maquina-de-rayos-x-isc-m-series-intelligent-security-dispositivo-de-rayos-x-para-inspeccionar-rpidamente-equipaje-y-mercancas-sin-abrir-paquetes\/","title":{"rendered":"Dahua Dhi-isc-m6550 Maquina De Rayos X\/ \/  Isc-m Series Intelligent Security Dispositivo De Rayos X Para Inspeccionar Rpidamente Equipaje Y Mercancas Sin Abrir Paquetes."},"content":{"rendered":"<table class=\"descripcion\">\n<tr>\n<td>Sistema<\/td>\n<\/tr>\n<tr>\n<td>Procesador intel de doble n\u00facleo<\/td>\n<\/tr>\n<tr>\n<td>Ram 8gb<\/td>\n<\/tr>\n<tr>\n<td>Sistema operativo sistema operativo linux integrado<\/td>\n<\/tr>\n<tr>\n<td>Interfaz de usuario gui local (funciones completas); interfaz web<\/td>\n<\/tr>\n<tr>\n<td>B\u00e1sico<\/td>\n<\/tr>\n<tr>\n<td>Tama\u00f1o de los t\u00faneles 650 mm \u00d7 500 mm (25,59 \u00d7 19,69)<\/td>\n<\/tr>\n<tr>\n<td>Voltaje del \u00e1nodo del tubo de rayos x   160 kv<\/td>\n<\/tr>\n<tr>\n<td>Refrigeraci\u00f3n del tubo de rayos x ba\u00f1o de aceite sellado con aire forzado<\/td>\n<\/tr>\n<tr>\n<td>Resoluci\u00f3n t\u00edpica del cable: 38 awg (0,1 mm); est\u00e1ndar: 36 awg (0,13 mm) *<\/td>\n<\/tr>\n<tr>\n<td>Penetraci\u00f3n (acero) t\u00edpica: 36 mm; est\u00e1ndar: 34 mm *<\/td>\n<\/tr>\n<tr>\n<td>Tasa de dosis de fuga  and #8804;0,9  and #924;sv\/h ( and #924;gy\/h)<\/td>\n<\/tr>\n<tr>\n<td>Nivel de ruido  and #8804;65 db<\/td>\n<\/tr>\n<tr>\n<td>Velocidad del transportador 0,2 m\/s<\/td>\n<\/tr>\n<tr>\n<td>Altura del transportador aprox. 665 mil\u00edmetros<\/td>\n<\/tr>\n<tr>\n<td>Carga m\u00e1xima de la correa 170 kg (374,78 lb)<\/td>\n<\/tr>\n<tr>\n<td>Fuga de corriente  and #8804;0,25 ma<\/td>\n<\/tr>\n<tr>\n<td>Seguridad de la pel\u00edcula iso 1600 (33 din)<\/td>\n<\/tr>\n<tr>\n<td>**solicitar ficha tecnica antes de cotizar**<\/td>\n<\/tr>\n<tr>\n<td>**consultar con pm **<\/td>\n<\/tr>\n<\/table>\n","protected":false},"excerpt":{"rendered":"<p>La m\u00e1quina de control de seguridad inteligente es una nueva inspecci\u00f3n de seguridad. Adopta un avanzado sistema de detecci\u00f3n de im\u00e1genes de rayos x, que. Integra detectores de semiconductores, tecnolog\u00eda de procesamiento de im\u00e1genes digitales. Y tecnolog\u00eda de visualizaci\u00f3n de im\u00e1genes por ordenador, para proporcionar a los usuarios una. Sistema de procesamiento de im\u00e1genes eficiente, confiable y de alta calidad que tiene. Funciones de servicio. El dispositivo tiene una gran capacidad de disco duro que puede almacenar. Im\u00e1genes masivas de alta definici\u00f3n. Admite muchas funciones. Reconoce. Objetos prohibidos, alarmas cuando se detectan objetos prohibidos. Y presenta v\u00ednculo persona-paquete, mejora de imagen, red. Ampliaci\u00f3n e interconexi\u00f3n, detecci\u00f3n autom\u00e1tica y mantenimiento. Y m\u00e1s. Adem\u00e1s, el dise\u00f1o operativo es sencillo y f\u00e1cil de usar.<\/p>\n","protected":false},"featured_media":233641,"comment_status":"open","ping_status":"open","template":"","meta":[],"product_cat":[1540,1910],"product_tag":[1555],"acf":[],"yoast_head":"<!-- This site is optimized with the Yoast SEO plugin v21.7 - https:\/\/yoast.com\/wordpress\/plugins\/seo\/ -->\n<title>[ Dahua ] &#129351; Dhi-isc-m6550 Maquina De Rayos X\/ \/ Isc-m Series Intelligent Security Dispositivo De Rayos X Para Inspeccionar Rpidamente Equipaje Y Mercancas Sin Abrir Paquetes.<\/title>\n<meta name=\"description\" content=\"Compra Dhi-isc-m6550 Maquina De Rayos X\/ \/ Isc-m Series Intelligent Security Dispositivo De Rayos X Para Inspeccionar Rpidamente Equipaje Y Mercancas Sin Abrir Paquetes. + Env\u00edo a domicilio + Pago seguro + Garant\u00eda\" \/>\n<meta name=\"robots\" content=\"index, follow, max-snippet:-1, max-image-preview:large, max-video-preview:-1\" \/>\n<link rel=\"canonical\" href=\"https:\/\/compuviper.mx\/tienda\/producto\/dahua-dhi-isc-m6550-maquina-de-rayos-x-isc-m-series-intelligent-security-dispositivo-de-rayos-x-para-inspeccionar-rpidamente-equipaje-y-mercancas-sin-abrir-paquetes\/\" \/>\n<meta property=\"og:locale\" content=\"es_MX\" \/>\n<meta property=\"og:type\" content=\"article\" \/>\n<meta property=\"og:title\" content=\"[ Dahua ] &#129351; Dhi-isc-m6550 Maquina De Rayos X\/ \/ Isc-m Series Intelligent Security Dispositivo De Rayos X Para Inspeccionar Rpidamente Equipaje Y Mercancas Sin Abrir Paquetes.\" \/>\n<meta property=\"og:description\" content=\"Compra Dhi-isc-m6550 Maquina De Rayos X\/ \/ Isc-m Series Intelligent Security Dispositivo De Rayos X Para Inspeccionar Rpidamente Equipaje Y Mercancas Sin Abrir Paquetes. + Env\u00edo a domicilio + Pago seguro + Garant\u00eda\" \/>\n<meta property=\"og:url\" content=\"https:\/\/compuviper.mx\/tienda\/producto\/dahua-dhi-isc-m6550-maquina-de-rayos-x-isc-m-series-intelligent-security-dispositivo-de-rayos-x-para-inspeccionar-rpidamente-equipaje-y-mercancas-sin-abrir-paquetes\/\" \/>\n<meta property=\"og:site_name\" content=\"Compuviper\" \/>\n<meta property=\"article:publisher\" content=\"https:\/\/www.facebook.com\/compuviper\" \/>\n<meta property=\"article:modified_time\" content=\"2026-04-02T05:11:26+00:00\" \/>\n<meta property=\"og:image\" content=\"https:\/\/compuviper.mx\/tienda\/wp-content\/uploads\/2024\/05\/Maquina-de-rayos-x-dahua-dhi-isc-m6550-isc-m-series-intelligent-security-dispositivo-de-rayos-x-para-inspeccionar-rapidamente-equipaje-y-mercancias-sin-abrir-paquetes.jpg\" \/>\n\t<meta property=\"og:image:width\" content=\"200\" \/>\n\t<meta property=\"og:image:height\" content=\"200\" \/>\n\t<meta property=\"og:image:type\" content=\"image\/jpeg\" \/>\n<meta name=\"twitter:card\" content=\"summary_large_image\" \/>\n<meta name=\"twitter:label1\" content=\"Precio\" \/>\n\t<meta name=\"twitter:data1\" content=\"&#36;371,142 con IVA\" \/>\n\t<meta name=\"twitter:label2\" content=\"Availability\" \/>\n\t<meta name=\"twitter:data2\" content=\"On backorder\" \/>\n<script type=\"application\/ld+json\" class=\"yoast-schema-graph\">{\"@context\":\"https:\/\/schema.org\",\"@graph\":[{\"@type\":\"WebPage\",\"@id\":\"https:\/\/compuviper.mx\/tienda\/producto\/dahua-dhi-isc-m6550-maquina-de-rayos-x-isc-m-series-intelligent-security-dispositivo-de-rayos-x-para-inspeccionar-rpidamente-equipaje-y-mercancas-sin-abrir-paquetes\/\",\"url\":\"https:\/\/compuviper.mx\/tienda\/producto\/dahua-dhi-isc-m6550-maquina-de-rayos-x-isc-m-series-intelligent-security-dispositivo-de-rayos-x-para-inspeccionar-rpidamente-equipaje-y-mercancas-sin-abrir-paquetes\/\",\"name\":\"[ Dahua ] &#129351; Dhi-isc-m6550 Maquina De Rayos X\/ \/ Isc-m Series Intelligent Security Dispositivo De Rayos X Para Inspeccionar Rpidamente Equipaje Y Mercancas Sin Abrir Paquetes.\",\"isPartOf\":{\"@id\":\"https:\/\/compuviper.mx\/tienda\/#website\"},\"datePublished\":\"2026-04-02T05:11:25+00:00\",\"dateModified\":\"2026-04-02T05:11:26+00:00\",\"description\":\"Compra Dhi-isc-m6550 Maquina De Rayos X\/ \/ Isc-m Series Intelligent Security Dispositivo De Rayos X Para Inspeccionar Rpidamente Equipaje Y Mercancas Sin Abrir Paquetes. + Env\u00edo a domicilio + Pago seguro + Garant\u00eda\",\"breadcrumb\":{\"@id\":\"https:\/\/compuviper.mx\/tienda\/producto\/dahua-dhi-isc-m6550-maquina-de-rayos-x-isc-m-series-intelligent-security-dispositivo-de-rayos-x-para-inspeccionar-rpidamente-equipaje-y-mercancas-sin-abrir-paquetes\/#breadcrumb\"},\"inLanguage\":\"es-MX\",\"potentialAction\":[{\"@type\":\"ReadAction\",\"target\":[\"https:\/\/compuviper.mx\/tienda\/producto\/dahua-dhi-isc-m6550-maquina-de-rayos-x-isc-m-series-intelligent-security-dispositivo-de-rayos-x-para-inspeccionar-rpidamente-equipaje-y-mercancas-sin-abrir-paquetes\/\"]}]},{\"@type\":\"BreadcrumbList\",\"@id\":\"https:\/\/compuviper.mx\/tienda\/producto\/dahua-dhi-isc-m6550-maquina-de-rayos-x-isc-m-series-intelligent-security-dispositivo-de-rayos-x-para-inspeccionar-rpidamente-equipaje-y-mercancas-sin-abrir-paquetes\/#breadcrumb\",\"itemListElement\":[{\"@type\":\"ListItem\",\"position\":1,\"name\":\"Inicio\",\"item\":\"https:\/\/compuviper.mx\/tienda\/\"},{\"@type\":\"ListItem\",\"position\":2,\"name\":\"Productos\",\"item\":\"https:\/\/compuviper.mx\/tienda\/productos\/\"},{\"@type\":\"ListItem\",\"position\":3,\"name\":\"Control De Acceso Y Asistencia\",\"item\":\"https:\/\/compuviper.mx\/tienda\/categoria-producto\/control-de-acceso-y-asistencia\/\"},{\"@type\":\"ListItem\",\"position\":4,\"name\":\"Panel De Control De Acceso\",\"item\":\"https:\/\/compuviper.mx\/tienda\/categoria-producto\/control-de-acceso-y-asistencia\/panel-de-control-de-acceso\/\"},{\"@type\":\"ListItem\",\"position\":5,\"name\":\"Dahua Dhi-isc-m6550 Maquina De Rayos X\/ \/ Isc-m Series Intelligent Security Dispositivo De Rayos X Para Inspeccionar Rpidamente Equipaje Y Mercancas Sin Abrir Paquetes.\"}]},{\"@type\":\"WebSite\",\"@id\":\"https:\/\/compuviper.mx\/tienda\/#website\",\"url\":\"https:\/\/compuviper.mx\/tienda\/\",\"name\":\"Compuviper\",\"description\":\"Proveedor de Computadoras, Laptops, Servidores, Monitores, Puntos de Venta, Teclados,   Impresoras, T\u00f3ner, C\u00e1maras de Seguridad y m\u00e1s en tu tienda en l\u00ednea\",\"publisher\":{\"@id\":\"https:\/\/compuviper.mx\/tienda\/#organization\"},\"potentialAction\":[{\"@type\":\"SearchAction\",\"target\":{\"@type\":\"EntryPoint\",\"urlTemplate\":\"https:\/\/compuviper.mx\/tienda\/?s={search_term_string}\"},\"query-input\":\"required name=search_term_string\"}],\"inLanguage\":\"es-MX\"},{\"@type\":\"Organization\",\"@id\":\"https:\/\/compuviper.mx\/tienda\/#organization\",\"name\":\"Compuviper\",\"url\":\"https:\/\/compuviper.mx\/tienda\/\",\"logo\":{\"@type\":\"ImageObject\",\"inLanguage\":\"es-MX\",\"@id\":\"https:\/\/compuviper.mx\/tienda\/#\/schema\/logo\/image\/\",\"url\":\"https:\/\/compuviper.mx\/tienda\/wp-content\/uploads\/2021\/08\/Logo-Compuviper-10.png\",\"contentUrl\":\"https:\/\/compuviper.mx\/tienda\/wp-content\/uploads\/2021\/08\/Logo-Compuviper-10.png\",\"width\":1000,\"height\":500,\"caption\":\"Compuviper\"},\"image\":{\"@id\":\"https:\/\/compuviper.mx\/tienda\/#\/schema\/logo\/image\/\"},\"sameAs\":[\"https:\/\/www.facebook.com\/compuviper\",\"https:\/\/www.youtube.com\/channel\/UCf73dERp9Y3cfOq7q8BhLjA?view_as=subscriber\"]}]}<\/script>\n<meta property=\"product:brand\" content=\"DAHUA\" \/>\n<meta property=\"product:price:amount\" content=\"371142\" \/>\n<meta property=\"product:price:currency\" content=\"MXN\" \/>\n<meta property=\"og:availability\" content=\"backorder\" \/>\n<meta property=\"product:availability\" content=\"available for order\" \/>\n<meta property=\"product:retailer_item_id\" content=\"DHI-ISC-M6550\" \/>\n<meta property=\"product:condition\" content=\"new\" \/>\n<!-- \/ Yoast SEO plugin. -->","yoast_head_json":{"title":"[ Dahua ] &#129351; Dhi-isc-m6550 Maquina De Rayos X\/ \/ Isc-m Series Intelligent Security Dispositivo De Rayos X Para Inspeccionar Rpidamente Equipaje Y Mercancas Sin Abrir Paquetes.","description":"Compra Dhi-isc-m6550 Maquina De Rayos X\/ \/ Isc-m Series Intelligent Security Dispositivo De Rayos X Para Inspeccionar Rpidamente Equipaje Y Mercancas Sin Abrir Paquetes. + Env\u00edo a domicilio + Pago seguro + Garant\u00eda","robots":{"index":"index","follow":"follow","max-snippet":"max-snippet:-1","max-image-preview":"max-image-preview:large","max-video-preview":"max-video-preview:-1"},"canonical":"https:\/\/compuviper.mx\/tienda\/producto\/dahua-dhi-isc-m6550-maquina-de-rayos-x-isc-m-series-intelligent-security-dispositivo-de-rayos-x-para-inspeccionar-rpidamente-equipaje-y-mercancas-sin-abrir-paquetes\/","og_locale":"es_MX","og_type":"article","og_title":"[ Dahua ] &#129351; Dhi-isc-m6550 Maquina De Rayos X\/ \/ Isc-m Series Intelligent Security Dispositivo De Rayos X Para Inspeccionar Rpidamente Equipaje Y Mercancas Sin Abrir Paquetes.","og_description":"Compra Dhi-isc-m6550 Maquina De Rayos X\/ \/ Isc-m Series Intelligent Security Dispositivo De Rayos X Para Inspeccionar Rpidamente Equipaje Y Mercancas Sin Abrir Paquetes. + Env\u00edo a domicilio + Pago seguro + Garant\u00eda","og_url":"https:\/\/compuviper.mx\/tienda\/producto\/dahua-dhi-isc-m6550-maquina-de-rayos-x-isc-m-series-intelligent-security-dispositivo-de-rayos-x-para-inspeccionar-rpidamente-equipaje-y-mercancas-sin-abrir-paquetes\/","og_site_name":"Compuviper","article_publisher":"https:\/\/www.facebook.com\/compuviper","article_modified_time":"2026-04-02T05:11:26+00:00","og_image":[{"width":200,"height":200,"url":"https:\/\/compuviper.mx\/tienda\/wp-content\/uploads\/2024\/05\/Maquina-de-rayos-x-dahua-dhi-isc-m6550-isc-m-series-intelligent-security-dispositivo-de-rayos-x-para-inspeccionar-rapidamente-equipaje-y-mercancias-sin-abrir-paquetes.jpg","type":"image\/jpeg"}],"twitter_card":"summary_large_image","twitter_misc":{"Precio":"&#36;371,142 con IVA","Availability":"On backorder"},"schema":{"@context":"https:\/\/schema.org","@graph":[{"@type":"WebPage","@id":"https:\/\/compuviper.mx\/tienda\/producto\/dahua-dhi-isc-m6550-maquina-de-rayos-x-isc-m-series-intelligent-security-dispositivo-de-rayos-x-para-inspeccionar-rpidamente-equipaje-y-mercancas-sin-abrir-paquetes\/","url":"https:\/\/compuviper.mx\/tienda\/producto\/dahua-dhi-isc-m6550-maquina-de-rayos-x-isc-m-series-intelligent-security-dispositivo-de-rayos-x-para-inspeccionar-rpidamente-equipaje-y-mercancas-sin-abrir-paquetes\/","name":"[ Dahua ] &#129351; Dhi-isc-m6550 Maquina De Rayos X\/ \/ Isc-m Series Intelligent Security Dispositivo De Rayos X Para Inspeccionar Rpidamente Equipaje Y Mercancas Sin Abrir Paquetes.","isPartOf":{"@id":"https:\/\/compuviper.mx\/tienda\/#website"},"datePublished":"2026-04-02T05:11:25+00:00","dateModified":"2026-04-02T05:11:26+00:00","description":"Compra Dhi-isc-m6550 Maquina De Rayos X\/ \/ Isc-m Series Intelligent Security Dispositivo De Rayos X Para Inspeccionar Rpidamente Equipaje Y Mercancas Sin Abrir Paquetes. + Env\u00edo a domicilio + Pago seguro + Garant\u00eda","breadcrumb":{"@id":"https:\/\/compuviper.mx\/tienda\/producto\/dahua-dhi-isc-m6550-maquina-de-rayos-x-isc-m-series-intelligent-security-dispositivo-de-rayos-x-para-inspeccionar-rpidamente-equipaje-y-mercancas-sin-abrir-paquetes\/#breadcrumb"},"inLanguage":"es-MX","potentialAction":[{"@type":"ReadAction","target":["https:\/\/compuviper.mx\/tienda\/producto\/dahua-dhi-isc-m6550-maquina-de-rayos-x-isc-m-series-intelligent-security-dispositivo-de-rayos-x-para-inspeccionar-rpidamente-equipaje-y-mercancas-sin-abrir-paquetes\/"]}]},{"@type":"BreadcrumbList","@id":"https:\/\/compuviper.mx\/tienda\/producto\/dahua-dhi-isc-m6550-maquina-de-rayos-x-isc-m-series-intelligent-security-dispositivo-de-rayos-x-para-inspeccionar-rpidamente-equipaje-y-mercancas-sin-abrir-paquetes\/#breadcrumb","itemListElement":[{"@type":"ListItem","position":1,"name":"Inicio","item":"https:\/\/compuviper.mx\/tienda\/"},{"@type":"ListItem","position":2,"name":"Productos","item":"https:\/\/compuviper.mx\/tienda\/productos\/"},{"@type":"ListItem","position":3,"name":"Control De Acceso Y Asistencia","item":"https:\/\/compuviper.mx\/tienda\/categoria-producto\/control-de-acceso-y-asistencia\/"},{"@type":"ListItem","position":4,"name":"Panel De Control De Acceso","item":"https:\/\/compuviper.mx\/tienda\/categoria-producto\/control-de-acceso-y-asistencia\/panel-de-control-de-acceso\/"},{"@type":"ListItem","position":5,"name":"Dahua Dhi-isc-m6550 Maquina De Rayos X\/ \/ Isc-m Series Intelligent Security Dispositivo De Rayos X Para Inspeccionar Rpidamente Equipaje Y Mercancas Sin Abrir Paquetes."}]},{"@type":"WebSite","@id":"https:\/\/compuviper.mx\/tienda\/#website","url":"https:\/\/compuviper.mx\/tienda\/","name":"Compuviper","description":"Proveedor de Computadoras, Laptops, Servidores, Monitores, Puntos de Venta, Teclados,   Impresoras, T\u00f3ner, C\u00e1maras de Seguridad y m\u00e1s en tu tienda en l\u00ednea","publisher":{"@id":"https:\/\/compuviper.mx\/tienda\/#organization"},"potentialAction":[{"@type":"SearchAction","target":{"@type":"EntryPoint","urlTemplate":"https:\/\/compuviper.mx\/tienda\/?s={search_term_string}"},"query-input":"required name=search_term_string"}],"inLanguage":"es-MX"},{"@type":"Organization","@id":"https:\/\/compuviper.mx\/tienda\/#organization","name":"Compuviper","url":"https:\/\/compuviper.mx\/tienda\/","logo":{"@type":"ImageObject","inLanguage":"es-MX","@id":"https:\/\/compuviper.mx\/tienda\/#\/schema\/logo\/image\/","url":"https:\/\/compuviper.mx\/tienda\/wp-content\/uploads\/2021\/08\/Logo-Compuviper-10.png","contentUrl":"https:\/\/compuviper.mx\/tienda\/wp-content\/uploads\/2021\/08\/Logo-Compuviper-10.png","width":1000,"height":500,"caption":"Compuviper"},"image":{"@id":"https:\/\/compuviper.mx\/tienda\/#\/schema\/logo\/image\/"},"sameAs":["https:\/\/www.facebook.com\/compuviper","https:\/\/www.youtube.com\/channel\/UCf73dERp9Y3cfOq7q8BhLjA?view_as=subscriber"]}]},"product_brand":"DAHUA","product_price_amount":"371142","product_price_currency":"MXN","og_availability":"backorder","product_availability":"available for order","product_retailer_item_id":"DHI-ISC-M6550","product_condition":"new"},"_links":{"self":[{"href":"https:\/\/compuviper.mx\/tienda\/wp-json\/wp\/v2\/product\/228103"}],"collection":[{"href":"https:\/\/compuviper.mx\/tienda\/wp-json\/wp\/v2\/product"}],"about":[{"href":"https:\/\/compuviper.mx\/tienda\/wp-json\/wp\/v2\/types\/product"}],"replies":[{"embeddable":true,"href":"https:\/\/compuviper.mx\/tienda\/wp-json\/wp\/v2\/comments?post=228103"}],"wp:featuredmedia":[{"embeddable":true,"href":"https:\/\/compuviper.mx\/tienda\/wp-json\/wp\/v2\/media\/233641"}],"wp:attachment":[{"href":"https:\/\/compuviper.mx\/tienda\/wp-json\/wp\/v2\/media?parent=228103"}],"wp:term":[{"taxonomy":"product_cat","embeddable":true,"href":"https:\/\/compuviper.mx\/tienda\/wp-json\/wp\/v2\/product_cat?post=228103"},{"taxonomy":"product_tag","embeddable":true,"href":"https:\/\/compuviper.mx\/tienda\/wp-json\/wp\/v2\/product_tag?post=228103"}],"curies":[{"name":"wp","href":"https:\/\/api.w.org\/{rel}","templated":true}]}}