{"id":227966,"date":"2026-04-18T01:11:31","date_gmt":"2026-04-18T07:11:31","guid":{"rendered":"https:\/\/compuviper.mx\/tienda\/producto\/intellinet-561815-switch-gb-16-ptos-metal-gigabit-ethernet\/"},"modified":"2026-04-18T01:11:31","modified_gmt":"2026-04-18T07:11:31","slug":"intellinet-561815-switch-gb-16-ptos-metal-gigabit-ethernet","status":"publish","type":"product","link":"https:\/\/compuviper.mx\/tienda\/producto\/intellinet-561815-switch-gb-16-ptos-metal-gigabit-ethernet\/","title":{"rendered":"Intellinet 561815 Switch,,, Gb 16 Ptos Metal, Gigabit Ethernet"},"content":{"rendered":"<table class=\"descripcion\">\n<tr>\n<td>Est\u00e1ndares<\/td>\n<\/tr>\n<tr>\n<td>Ieee 802.3 (10base-t ethernet)<\/td>\n<\/tr>\n<tr>\n<td>Ieee 802.3ab (gigabit ethernet en par trenzado)<\/td>\n<\/tr>\n<tr>\n<td>Ieee 802.3az (energy efficient ethernet eee)<\/td>\n<\/tr>\n<tr>\n<td>Ieee 802.3u (100base-tx fast ethernet)<\/td>\n<\/tr>\n<tr>\n<td>Ieee 802.3x (control de flujo, para modo full d\u00faplex)<\/td>\n<\/tr>\n<tr>\n<td>Generalidades<\/td>\n<\/tr>\n<tr>\n<td>Medios soportados:<\/td>\n<\/tr>\n<tr>\n<td>&#8211; 10base-t cat3\/4\/5 utp\/stp rj45, 8 pin<\/td>\n<\/tr>\n<tr>\n<td>&#8211; 100base-tx cat5\/5e utp\/stp rj45, 8 pin<\/td>\n<\/tr>\n<tr>\n<td>&#8211; 1000base-t cat5e\/6\/6a utp\/stp rj45, 8 pin<\/td>\n<\/tr>\n<tr>\n<td>Filtrado de paquetes\/ tasa de env\u00edo:<\/td>\n<\/tr>\n<tr>\n<td>&#8211; 1,488,000 pps (1000 mbps)<\/td>\n<\/tr>\n<tr>\n<td>&#8211; 148,000 pps (100 mbps)<\/td>\n<\/tr>\n<tr>\n<td>&#8211; 14,880 pps (10 mbps)<\/td>\n<\/tr>\n<tr>\n<td>Tabla de direcciones mac: 8192 entradas<\/td>\n<\/tr>\n<tr>\n<td>Velocidad del backplane \/ capacidad de conmutaci\u00f3n: 32 gbps<\/td>\n<\/tr>\n<tr>\n<td>Arquitectura del switch: almacenaje y env\u00edo<\/td>\n<\/tr>\n<tr>\n<td>16 puertos rj45 gigabit ethernet<\/td>\n<\/tr>\n<tr>\n<td>Certificaciones: fcc class a, ce, ukca<\/td>\n<\/tr>\n<tr>\n<td>Modos (seleccionables mediante un interruptor deslizante en el panel frontal)<\/td>\n<\/tr>\n<tr>\n<td>Normal<\/td>\n<\/tr>\n<tr>\n<td>Control de flujo desactivado<\/td>\n<\/tr>\n<tr>\n<td>Vlan (aislamiento de puertos)<\/td>\n<\/tr>\n<tr>\n<td>Extensi\u00f3n de la red<\/td>\n<\/tr>\n<tr>\n<td>Leds<\/td>\n<\/tr>\n<tr>\n<td>Alimentaci\u00f3n<\/td>\n<\/tr>\n<tr>\n<td>Enlace\/actividad<\/td>\n<\/tr>\n<tr>\n<td>Alimentaci\u00f3n<\/td>\n<\/tr>\n<tr>\n<td>Fuente de alimentaci\u00f3n interna: 100,0 &#8211; 240,0 vac, 50\/60 hz<\/td>\n<\/tr>\n<tr>\n<td>Consumo de energ\u00eda: 10,1 watts (m\u00e1x.)<\/td>\n<\/tr>\n<tr>\n<td>F\u00edsico<\/td>\n<\/tr>\n<tr>\n<td>Gabinete met\u00e1lico<\/td>\n<\/tr>\n<tr>\n<td>Dimensiones (l x w x h): 126 x 280 x 44 mm (4.96 x 11.02 x 1.73 in.)<\/td>\n<\/tr>\n<tr>\n<td>Peso neto: 1.1 kg (2.43 lbs.)<\/td>\n<\/tr>\n<tr>\n<td>Peso bruto: 1.6 kg (3.53 lbs.)<\/td>\n<\/tr>\n<tr>\n<td>Temperatura de operaci\u00f3n: 0 &#8211; 40\u00b0c (32 &#8211; 104\u00b0f)<\/td>\n<\/tr>\n<tr>\n<td>Temperatura de almacenamiento: -40 &#8211; 70\u00bac (-40 &#8211; 158\u00baf)<\/td>\n<\/tr>\n<tr>\n<td>Humedad de funcionamiento: 5 &#8211; 90% hr, sin condensaci\u00f3n<\/td>\n<\/tr>\n<tr>\n<td>Contenido del paquete<\/td>\n<\/tr>\n<tr>\n<td>Switch gigabit ethernet de 16 puertos<\/td>\n<\/tr>\n<tr>\n<td>Cable de alimentaci\u00f3n<\/td>\n<\/tr>\n<tr>\n<td>Soportes para montaje en rack\/gabinete de 19<\/td>\n<\/tr>\n<tr>\n<td>Cuatro soportes de goma<\/td>\n<\/tr>\n<tr>\n<td>&#8211; instrucciones<\/td>\n<\/tr>\n<\/table>\n","protected":false},"excerpt":{"rendered":"<p>Un switch de red para el hogar, el negocio o la oficina. El switch gb de intellinet alcanza velocidades de hasta 1000mbps, y gracias a sus 16 puertos podr\u00e1s conectar tel\u00e9fonos, computadoras, ap y m\u00e1s. Puertos 10\/100\/1000 autosentitivos que autom\u00e1ticamente detectan las velocidades \u00f3ptimas de la red. Modo vlan manual para aislar los puertos 1 a 14 entre s\u00ed y permitir que se comuniquen con los puertos 15 y 16. Modo manual extend para alcanzar distancias de transmisi\u00f3n de hasta 250 m a una velocidad reducida de 10 mbps. Conmutaci\u00f3n de 32 gbps. La tecnolog\u00eda de ahorro de energ\u00eda green ethernet desactiva el consumo de corriente en los puertos no utilizados, y ajusta el nivel de energ\u00eda de acuerdo a la longitud del cable. Soporta tramas jumbo de hasta 9 k bytes. Modo de control de flujo manual desactivado para desactivar la funci\u00f3n de control de flujo del switch gigabit ethernet. Todos los puertos rj45 soportan mdi-mdix (uplink- autom\u00e1tico. Arquitectura de almacenamiento y conmutaci\u00f3n. Soporta 802.3x control de flujo para modo full d\u00faplex y back pressure basado en colisiones para modo half d\u00faplex. Soporta 8k entradas de direcciones mac. Memoria b\u00fafer de 512 kbytes. Formato compacto de sobremesa con carcasa met\u00e1lica resistente. Punto de conexi\u00f3n a tierra para proteger el equipo de las sobrecargas el\u00e9ctricas externas. Pies de goma antideslizante para uso en escritorio. Dise\u00f1o sin ventiladores, ideal para una operaci\u00f3n silenciosa. Incluye soportes para montaje en rack\/gabinete de 19. Totalmente compatible con la ndaa<\/p>\n","protected":false},"featured_media":234200,"comment_status":"open","ping_status":"open","template":"","meta":[],"product_cat":[1563,1564],"product_tag":[1489],"acf":[],"yoast_head":"<!-- This site is optimized with the Yoast SEO plugin v21.7 - https:\/\/yoast.com\/wordpress\/plugins\/seo\/ -->\n<title>[ Intellinet ] &#129351; 561815 Switch,,, Gb 16 Ptos Metal, Gigabit Ethernet<\/title>\n<meta name=\"description\" content=\"Compra 561815 Switch,,, Gb 16 Ptos Metal, Gigabit Ethernet + Env\u00edo a domicilio + Pago seguro + Garant\u00eda\" \/>\n<meta name=\"robots\" content=\"index, follow, max-snippet:-1, max-image-preview:large, max-video-preview:-1\" \/>\n<link rel=\"canonical\" href=\"https:\/\/compuviper.mx\/tienda\/producto\/intellinet-561815-switch-gb-16-ptos-metal-gigabit-ethernet\/\" \/>\n<meta property=\"og:locale\" content=\"es_MX\" \/>\n<meta property=\"og:type\" content=\"article\" \/>\n<meta property=\"og:title\" content=\"[ Intellinet ] &#129351; 561815 Switch,,, Gb 16 Ptos Metal, Gigabit Ethernet\" \/>\n<meta property=\"og:description\" content=\"Compra 561815 Switch,,, Gb 16 Ptos Metal, Gigabit Ethernet + Env\u00edo a domicilio + Pago seguro + Garant\u00eda\" \/>\n<meta property=\"og:url\" content=\"https:\/\/compuviper.mx\/tienda\/producto\/intellinet-561815-switch-gb-16-ptos-metal-gigabit-ethernet\/\" \/>\n<meta property=\"og:site_name\" content=\"Compuviper\" \/>\n<meta property=\"article:publisher\" content=\"https:\/\/www.facebook.com\/compuviper\" \/>\n<meta property=\"og:image\" content=\"https:\/\/compuviper.mx\/tienda\/wp-content\/uploads\/2024\/05\/Switchintellinet561815-gb-16-ptos-metal-gigabit-ethernet.jpg\" \/>\n\t<meta property=\"og:image:width\" content=\"200\" \/>\n\t<meta property=\"og:image:height\" content=\"200\" \/>\n\t<meta property=\"og:image:type\" content=\"image\/jpeg\" \/>\n<meta name=\"twitter:card\" content=\"summary_large_image\" \/>\n<meta name=\"twitter:label1\" content=\"Precio\" \/>\n\t<meta name=\"twitter:data1\" content=\"&#36;1,191 con IVA\" \/>\n\t<meta name=\"twitter:label2\" content=\"Availability\" \/>\n\t<meta name=\"twitter:data2\" content=\"Out of stock\" \/>\n<script type=\"application\/ld+json\" class=\"yoast-schema-graph\">{\"@context\":\"https:\/\/schema.org\",\"@graph\":[{\"@type\":\"WebPage\",\"@id\":\"https:\/\/compuviper.mx\/tienda\/producto\/intellinet-561815-switch-gb-16-ptos-metal-gigabit-ethernet\/\",\"url\":\"https:\/\/compuviper.mx\/tienda\/producto\/intellinet-561815-switch-gb-16-ptos-metal-gigabit-ethernet\/\",\"name\":\"[ Intellinet ] &#129351; 561815 Switch,,, Gb 16 Ptos Metal, Gigabit Ethernet\",\"isPartOf\":{\"@id\":\"https:\/\/compuviper.mx\/tienda\/#website\"},\"datePublished\":\"2026-04-18T07:11:31+00:00\",\"dateModified\":\"2026-04-18T07:11:31+00:00\",\"description\":\"Compra 561815 Switch,,, Gb 16 Ptos Metal, Gigabit Ethernet + Env\u00edo a domicilio + Pago seguro + Garant\u00eda\",\"breadcrumb\":{\"@id\":\"https:\/\/compuviper.mx\/tienda\/producto\/intellinet-561815-switch-gb-16-ptos-metal-gigabit-ethernet\/#breadcrumb\"},\"inLanguage\":\"es-MX\",\"potentialAction\":[{\"@type\":\"ReadAction\",\"target\":[\"https:\/\/compuviper.mx\/tienda\/producto\/intellinet-561815-switch-gb-16-ptos-metal-gigabit-ethernet\/\"]}]},{\"@type\":\"BreadcrumbList\",\"@id\":\"https:\/\/compuviper.mx\/tienda\/producto\/intellinet-561815-switch-gb-16-ptos-metal-gigabit-ethernet\/#breadcrumb\",\"itemListElement\":[{\"@type\":\"ListItem\",\"position\":1,\"name\":\"Inicio\",\"item\":\"https:\/\/compuviper.mx\/tienda\/\"},{\"@type\":\"ListItem\",\"position\":2,\"name\":\"Productos\",\"item\":\"https:\/\/compuviper.mx\/tienda\/productos\/\"},{\"@type\":\"ListItem\",\"position\":3,\"name\":\"Redes\",\"item\":\"https:\/\/compuviper.mx\/tienda\/categoria-producto\/redes\/\"},{\"@type\":\"ListItem\",\"position\":4,\"name\":\"Switch\",\"item\":\"https:\/\/compuviper.mx\/tienda\/categoria-producto\/redes\/switch\/\"},{\"@type\":\"ListItem\",\"position\":5,\"name\":\"Intellinet 561815 Switch,,, Gb 16 Ptos Metal, Gigabit Ethernet\"}]},{\"@type\":\"WebSite\",\"@id\":\"https:\/\/compuviper.mx\/tienda\/#website\",\"url\":\"https:\/\/compuviper.mx\/tienda\/\",\"name\":\"Compuviper\",\"description\":\"Proveedor de Computadoras, Laptops, Servidores, Monitores, Puntos de Venta, Teclados,   Impresoras, T\u00f3ner, C\u00e1maras de Seguridad y m\u00e1s en tu tienda en l\u00ednea\",\"publisher\":{\"@id\":\"https:\/\/compuviper.mx\/tienda\/#organization\"},\"potentialAction\":[{\"@type\":\"SearchAction\",\"target\":{\"@type\":\"EntryPoint\",\"urlTemplate\":\"https:\/\/compuviper.mx\/tienda\/?s={search_term_string}\"},\"query-input\":\"required name=search_term_string\"}],\"inLanguage\":\"es-MX\"},{\"@type\":\"Organization\",\"@id\":\"https:\/\/compuviper.mx\/tienda\/#organization\",\"name\":\"Compuviper\",\"url\":\"https:\/\/compuviper.mx\/tienda\/\",\"logo\":{\"@type\":\"ImageObject\",\"inLanguage\":\"es-MX\",\"@id\":\"https:\/\/compuviper.mx\/tienda\/#\/schema\/logo\/image\/\",\"url\":\"https:\/\/compuviper.mx\/tienda\/wp-content\/uploads\/2021\/08\/Logo-Compuviper-10.png\",\"contentUrl\":\"https:\/\/compuviper.mx\/tienda\/wp-content\/uploads\/2021\/08\/Logo-Compuviper-10.png\",\"width\":1000,\"height\":500,\"caption\":\"Compuviper\"},\"image\":{\"@id\":\"https:\/\/compuviper.mx\/tienda\/#\/schema\/logo\/image\/\"},\"sameAs\":[\"https:\/\/www.facebook.com\/compuviper\",\"https:\/\/www.youtube.com\/channel\/UCf73dERp9Y3cfOq7q8BhLjA?view_as=subscriber\"]}]}<\/script>\n<meta property=\"product:brand\" content=\"INTELLINET\" \/>\n<meta property=\"product:price:amount\" content=\"1191\" \/>\n<meta property=\"product:price:currency\" content=\"MXN\" \/>\n<meta property=\"og:availability\" content=\"out of stock\" \/>\n<meta property=\"product:availability\" content=\"out of stock\" \/>\n<meta property=\"product:retailer_item_id\" content=\"561815\" \/>\n<meta property=\"product:condition\" content=\"new\" \/>\n<!-- \/ Yoast SEO plugin. -->","yoast_head_json":{"title":"[ Intellinet ] &#129351; 561815 Switch,,, Gb 16 Ptos Metal, Gigabit Ethernet","description":"Compra 561815 Switch,,, Gb 16 Ptos Metal, Gigabit Ethernet + Env\u00edo a domicilio + Pago seguro + Garant\u00eda","robots":{"index":"index","follow":"follow","max-snippet":"max-snippet:-1","max-image-preview":"max-image-preview:large","max-video-preview":"max-video-preview:-1"},"canonical":"https:\/\/compuviper.mx\/tienda\/producto\/intellinet-561815-switch-gb-16-ptos-metal-gigabit-ethernet\/","og_locale":"es_MX","og_type":"article","og_title":"[ Intellinet ] &#129351; 561815 Switch,,, Gb 16 Ptos Metal, Gigabit Ethernet","og_description":"Compra 561815 Switch,,, Gb 16 Ptos Metal, Gigabit Ethernet + Env\u00edo a domicilio + Pago seguro + Garant\u00eda","og_url":"https:\/\/compuviper.mx\/tienda\/producto\/intellinet-561815-switch-gb-16-ptos-metal-gigabit-ethernet\/","og_site_name":"Compuviper","article_publisher":"https:\/\/www.facebook.com\/compuviper","og_image":[{"width":200,"height":200,"url":"https:\/\/compuviper.mx\/tienda\/wp-content\/uploads\/2024\/05\/Switchintellinet561815-gb-16-ptos-metal-gigabit-ethernet.jpg","type":"image\/jpeg"}],"twitter_card":"summary_large_image","twitter_misc":{"Precio":"&#36;1,191 con IVA","Availability":"Out of stock"},"schema":{"@context":"https:\/\/schema.org","@graph":[{"@type":"WebPage","@id":"https:\/\/compuviper.mx\/tienda\/producto\/intellinet-561815-switch-gb-16-ptos-metal-gigabit-ethernet\/","url":"https:\/\/compuviper.mx\/tienda\/producto\/intellinet-561815-switch-gb-16-ptos-metal-gigabit-ethernet\/","name":"[ Intellinet ] &#129351; 561815 Switch,,, Gb 16 Ptos Metal, Gigabit Ethernet","isPartOf":{"@id":"https:\/\/compuviper.mx\/tienda\/#website"},"datePublished":"2026-04-18T07:11:31+00:00","dateModified":"2026-04-18T07:11:31+00:00","description":"Compra 561815 Switch,,, Gb 16 Ptos Metal, Gigabit Ethernet + Env\u00edo a domicilio + Pago seguro + Garant\u00eda","breadcrumb":{"@id":"https:\/\/compuviper.mx\/tienda\/producto\/intellinet-561815-switch-gb-16-ptos-metal-gigabit-ethernet\/#breadcrumb"},"inLanguage":"es-MX","potentialAction":[{"@type":"ReadAction","target":["https:\/\/compuviper.mx\/tienda\/producto\/intellinet-561815-switch-gb-16-ptos-metal-gigabit-ethernet\/"]}]},{"@type":"BreadcrumbList","@id":"https:\/\/compuviper.mx\/tienda\/producto\/intellinet-561815-switch-gb-16-ptos-metal-gigabit-ethernet\/#breadcrumb","itemListElement":[{"@type":"ListItem","position":1,"name":"Inicio","item":"https:\/\/compuviper.mx\/tienda\/"},{"@type":"ListItem","position":2,"name":"Productos","item":"https:\/\/compuviper.mx\/tienda\/productos\/"},{"@type":"ListItem","position":3,"name":"Redes","item":"https:\/\/compuviper.mx\/tienda\/categoria-producto\/redes\/"},{"@type":"ListItem","position":4,"name":"Switch","item":"https:\/\/compuviper.mx\/tienda\/categoria-producto\/redes\/switch\/"},{"@type":"ListItem","position":5,"name":"Intellinet 561815 Switch,,, Gb 16 Ptos Metal, Gigabit Ethernet"}]},{"@type":"WebSite","@id":"https:\/\/compuviper.mx\/tienda\/#website","url":"https:\/\/compuviper.mx\/tienda\/","name":"Compuviper","description":"Proveedor de Computadoras, Laptops, Servidores, Monitores, Puntos de Venta, Teclados,   Impresoras, T\u00f3ner, C\u00e1maras de Seguridad y m\u00e1s en tu tienda en l\u00ednea","publisher":{"@id":"https:\/\/compuviper.mx\/tienda\/#organization"},"potentialAction":[{"@type":"SearchAction","target":{"@type":"EntryPoint","urlTemplate":"https:\/\/compuviper.mx\/tienda\/?s={search_term_string}"},"query-input":"required name=search_term_string"}],"inLanguage":"es-MX"},{"@type":"Organization","@id":"https:\/\/compuviper.mx\/tienda\/#organization","name":"Compuviper","url":"https:\/\/compuviper.mx\/tienda\/","logo":{"@type":"ImageObject","inLanguage":"es-MX","@id":"https:\/\/compuviper.mx\/tienda\/#\/schema\/logo\/image\/","url":"https:\/\/compuviper.mx\/tienda\/wp-content\/uploads\/2021\/08\/Logo-Compuviper-10.png","contentUrl":"https:\/\/compuviper.mx\/tienda\/wp-content\/uploads\/2021\/08\/Logo-Compuviper-10.png","width":1000,"height":500,"caption":"Compuviper"},"image":{"@id":"https:\/\/compuviper.mx\/tienda\/#\/schema\/logo\/image\/"},"sameAs":["https:\/\/www.facebook.com\/compuviper","https:\/\/www.youtube.com\/channel\/UCf73dERp9Y3cfOq7q8BhLjA?view_as=subscriber"]}]},"product_brand":"INTELLINET","product_price_amount":"1191","product_price_currency":"MXN","og_availability":"out of stock","product_availability":"out of stock","product_retailer_item_id":"561815","product_condition":"new"},"_links":{"self":[{"href":"https:\/\/compuviper.mx\/tienda\/wp-json\/wp\/v2\/product\/227966"}],"collection":[{"href":"https:\/\/compuviper.mx\/tienda\/wp-json\/wp\/v2\/product"}],"about":[{"href":"https:\/\/compuviper.mx\/tienda\/wp-json\/wp\/v2\/types\/product"}],"replies":[{"embeddable":true,"href":"https:\/\/compuviper.mx\/tienda\/wp-json\/wp\/v2\/comments?post=227966"}],"wp:featuredmedia":[{"embeddable":true,"href":"https:\/\/compuviper.mx\/tienda\/wp-json\/wp\/v2\/media\/234200"}],"wp:attachment":[{"href":"https:\/\/compuviper.mx\/tienda\/wp-json\/wp\/v2\/media?parent=227966"}],"wp:term":[{"taxonomy":"product_cat","embeddable":true,"href":"https:\/\/compuviper.mx\/tienda\/wp-json\/wp\/v2\/product_cat?post=227966"},{"taxonomy":"product_tag","embeddable":true,"href":"https:\/\/compuviper.mx\/tienda\/wp-json\/wp\/v2\/product_tag?post=227966"}],"curies":[{"name":"wp","href":"https:\/\/api.w.org\/{rel}","templated":true}]}}