{"id":227835,"date":"2026-04-10T00:54:39","date_gmt":"2026-04-10T06:54:39","guid":{"rendered":"https:\/\/compuviper.mx\/tienda\/producto\/targus-amb586gl-mouse-ergoflip-ecosmart\/"},"modified":"2026-04-10T00:54:39","modified_gmt":"2026-04-10T06:54:39","slug":"targus-amb586gl-mouse-ergoflip-ecosmart","status":"publish","type":"product","link":"https:\/\/compuviper.mx\/tienda\/producto\/targus-amb586gl-mouse-ergoflip-ecosmart\/","title":{"rendered":"Targus Amb586gl Mouse Ergoflip   Ecosmart"},"content":{"rendered":"<table class=\"descripcion\">\n<tr>\n<td>Diseno ambidiestro de tamano completo que se adapta comodamente a la mano derecha o izquierda<\/td>\n<\/tr>\n<tr>\n<td>Se convierte facilmente de uso izquierdo a derecho con un simple giro de la parte superior<\/td>\n<\/tr>\n<tr>\n<td>Fabricado con hasta un 85% de materiales reciclados post-consumo<\/td>\n<\/tr>\n<tr>\n<td>Conectividad inalambrica bluetooth\u00ae le 5.0<\/td>\n<\/tr>\n<tr>\n<td>Soporta hasta 4000 dpi para un rendimiento a nivel de juego<\/td>\n<\/tr>\n<tr>\n<td>Cifrado aes-ccm de 128 bits para una seguridad robusta<\/td>\n<\/tr>\n<tr>\n<td>Tecnologia bluetrace para uso en casi cualquier superficie*<\/td>\n<\/tr>\n<tr>\n<td>Incluye 1 bateria aa<\/td>\n<\/tr>\n<tr>\n<td>Compatible con chromeos\u00ae, windows\u00ae y macos\u00ae<\/td>\n<\/tr>\n<tr>\n<td>La proteccion antimicrobiana defenseguard\u0099 crea una superficie mas limpia y funciona continuamente para proteger el mouse previendiendo el crecimiento de microorganismos<\/td>\n<\/tr>\n<\/table>\n","protected":false},"excerpt":{"rendered":"<p>El mouse targus\u00ae ergoflip ecosmart combina de forma unica ergonomia con un diseno sostenible y ambidiestro que se puede convertir facilmente de uso izquierdo a derecho con un simple giro de la parte superior. Este mouse ambidiestro y ecologico est\u00e1 fabricado con plastico reciclado post-consumo, viene en embalaje de materiales reciclados y utiliza tecnologia bluetooth de baja energia para reducir el consumo de la misma, lo que lo convierte en una opcion ideal para los profesionales ecologicos de hoy. Compatible con multiples dispositivos, soporta hasta 4000 dpi para ofrecer un rendimiento a nivel de juego y tiene tecnologaa de seguimiento optico infrarrojo integrada que proporciona un control preciso en una maria de superficies. Como beneficio adicional, este rat\u00f3n cuenta con protecci\u00f3n antimicrobiana targus defenseguard\u0099, que ayuda a crear una superficie m\u00e1s limpia al prevenir el crecimiento de microorganismos, y funciona continuamente durante la vida \u00fatil del producto.<\/p>\n","protected":false},"featured_media":234186,"comment_status":"open","ping_status":"open","template":"","meta":[],"product_cat":[1751,1748],"product_tag":[2159],"acf":[],"yoast_head":"<!-- This site is optimized with the Yoast SEO plugin v21.7 - https:\/\/yoast.com\/wordpress\/plugins\/seo\/ -->\n<title>[ Targus ] &#129351; Amb586gl Mouse Ergoflip Ecosmart<\/title>\n<meta name=\"description\" content=\"Compra Amb586gl Mouse Ergoflip Ecosmart + Env\u00edo a domicilio + Pago seguro + Garant\u00eda\" \/>\n<meta name=\"robots\" content=\"index, follow, max-snippet:-1, max-image-preview:large, max-video-preview:-1\" \/>\n<link rel=\"canonical\" href=\"https:\/\/compuviper.mx\/tienda\/producto\/targus-amb586gl-mouse-ergoflip-ecosmart\/\" \/>\n<meta property=\"og:locale\" content=\"es_MX\" \/>\n<meta property=\"og:type\" content=\"article\" \/>\n<meta property=\"og:title\" content=\"[ Targus ] &#129351; Amb586gl Mouse Ergoflip Ecosmart\" \/>\n<meta property=\"og:description\" content=\"Compra Amb586gl Mouse Ergoflip Ecosmart + Env\u00edo a domicilio + Pago seguro + Garant\u00eda\" \/>\n<meta property=\"og:url\" content=\"https:\/\/compuviper.mx\/tienda\/producto\/targus-amb586gl-mouse-ergoflip-ecosmart\/\" \/>\n<meta property=\"og:site_name\" content=\"Compuviper\" \/>\n<meta property=\"article:publisher\" content=\"https:\/\/www.facebook.com\/compuviper\" \/>\n<meta property=\"og:image\" content=\"https:\/\/compuviper.mx\/tienda\/wp-content\/uploads\/2024\/05\/Mouse-ergoflip-targus-amb586gl-ecosmart.jpg\" \/>\n\t<meta property=\"og:image:width\" content=\"200\" \/>\n\t<meta property=\"og:image:height\" content=\"200\" \/>\n\t<meta property=\"og:image:type\" content=\"image\/jpeg\" \/>\n<meta name=\"twitter:card\" content=\"summary_large_image\" \/>\n<meta name=\"twitter:label1\" content=\"Precio\" \/>\n\t<meta name=\"twitter:data1\" content=\"&#36;833 con IVA\" \/>\n\t<meta name=\"twitter:label2\" content=\"Availability\" \/>\n\t<meta name=\"twitter:data2\" content=\"In stock\" \/>\n<script type=\"application\/ld+json\" class=\"yoast-schema-graph\">{\"@context\":\"https:\/\/schema.org\",\"@graph\":[{\"@type\":\"WebPage\",\"@id\":\"https:\/\/compuviper.mx\/tienda\/producto\/targus-amb586gl-mouse-ergoflip-ecosmart\/\",\"url\":\"https:\/\/compuviper.mx\/tienda\/producto\/targus-amb586gl-mouse-ergoflip-ecosmart\/\",\"name\":\"[ Targus ] &#129351; Amb586gl Mouse Ergoflip Ecosmart\",\"isPartOf\":{\"@id\":\"https:\/\/compuviper.mx\/tienda\/#website\"},\"datePublished\":\"2026-04-10T06:54:39+00:00\",\"dateModified\":\"2026-04-10T06:54:39+00:00\",\"description\":\"Compra Amb586gl Mouse Ergoflip Ecosmart + Env\u00edo a domicilio + Pago seguro + Garant\u00eda\",\"breadcrumb\":{\"@id\":\"https:\/\/compuviper.mx\/tienda\/producto\/targus-amb586gl-mouse-ergoflip-ecosmart\/#breadcrumb\"},\"inLanguage\":\"es-MX\",\"potentialAction\":[{\"@type\":\"ReadAction\",\"target\":[\"https:\/\/compuviper.mx\/tienda\/producto\/targus-amb586gl-mouse-ergoflip-ecosmart\/\"]}]},{\"@type\":\"BreadcrumbList\",\"@id\":\"https:\/\/compuviper.mx\/tienda\/producto\/targus-amb586gl-mouse-ergoflip-ecosmart\/#breadcrumb\",\"itemListElement\":[{\"@type\":\"ListItem\",\"position\":1,\"name\":\"Inicio\",\"item\":\"https:\/\/compuviper.mx\/tienda\/\"},{\"@type\":\"ListItem\",\"position\":2,\"name\":\"Productos\",\"item\":\"https:\/\/compuviper.mx\/tienda\/productos\/\"},{\"@type\":\"ListItem\",\"position\":3,\"name\":\"Mouse\",\"item\":\"https:\/\/compuviper.mx\/tienda\/categoria-producto\/mouse\/\"},{\"@type\":\"ListItem\",\"position\":4,\"name\":\"Blue\",\"item\":\"https:\/\/compuviper.mx\/tienda\/categoria-producto\/mouse\/blue\/\"},{\"@type\":\"ListItem\",\"position\":5,\"name\":\"Targus Amb586gl Mouse Ergoflip Ecosmart\"}]},{\"@type\":\"WebSite\",\"@id\":\"https:\/\/compuviper.mx\/tienda\/#website\",\"url\":\"https:\/\/compuviper.mx\/tienda\/\",\"name\":\"Compuviper\",\"description\":\"Proveedor de Computadoras, Laptops, Servidores, Monitores, Puntos de Venta, Teclados,   Impresoras, T\u00f3ner, C\u00e1maras de Seguridad y m\u00e1s en tu tienda en l\u00ednea\",\"publisher\":{\"@id\":\"https:\/\/compuviper.mx\/tienda\/#organization\"},\"potentialAction\":[{\"@type\":\"SearchAction\",\"target\":{\"@type\":\"EntryPoint\",\"urlTemplate\":\"https:\/\/compuviper.mx\/tienda\/?s={search_term_string}\"},\"query-input\":\"required name=search_term_string\"}],\"inLanguage\":\"es-MX\"},{\"@type\":\"Organization\",\"@id\":\"https:\/\/compuviper.mx\/tienda\/#organization\",\"name\":\"Compuviper\",\"url\":\"https:\/\/compuviper.mx\/tienda\/\",\"logo\":{\"@type\":\"ImageObject\",\"inLanguage\":\"es-MX\",\"@id\":\"https:\/\/compuviper.mx\/tienda\/#\/schema\/logo\/image\/\",\"url\":\"https:\/\/compuviper.mx\/tienda\/wp-content\/uploads\/2021\/08\/Logo-Compuviper-10.png\",\"contentUrl\":\"https:\/\/compuviper.mx\/tienda\/wp-content\/uploads\/2021\/08\/Logo-Compuviper-10.png\",\"width\":1000,\"height\":500,\"caption\":\"Compuviper\"},\"image\":{\"@id\":\"https:\/\/compuviper.mx\/tienda\/#\/schema\/logo\/image\/\"},\"sameAs\":[\"https:\/\/www.facebook.com\/compuviper\",\"https:\/\/www.youtube.com\/channel\/UCf73dERp9Y3cfOq7q8BhLjA?view_as=subscriber\"]}]}<\/script>\n<meta property=\"product:brand\" content=\"Targus\" \/>\n<meta property=\"product:price:amount\" content=\"833\" \/>\n<meta property=\"product:price:currency\" content=\"MXN\" \/>\n<meta property=\"og:availability\" content=\"instock\" \/>\n<meta property=\"product:availability\" content=\"instock\" \/>\n<meta property=\"product:retailer_item_id\" content=\"AMB586GL\" \/>\n<meta property=\"product:condition\" content=\"new\" \/>\n<!-- \/ Yoast SEO plugin. -->","yoast_head_json":{"title":"[ Targus ] &#129351; Amb586gl Mouse Ergoflip Ecosmart","description":"Compra Amb586gl Mouse Ergoflip Ecosmart + Env\u00edo a domicilio + Pago seguro + Garant\u00eda","robots":{"index":"index","follow":"follow","max-snippet":"max-snippet:-1","max-image-preview":"max-image-preview:large","max-video-preview":"max-video-preview:-1"},"canonical":"https:\/\/compuviper.mx\/tienda\/producto\/targus-amb586gl-mouse-ergoflip-ecosmart\/","og_locale":"es_MX","og_type":"article","og_title":"[ Targus ] &#129351; Amb586gl Mouse Ergoflip Ecosmart","og_description":"Compra Amb586gl Mouse Ergoflip Ecosmart + Env\u00edo a domicilio + Pago seguro + Garant\u00eda","og_url":"https:\/\/compuviper.mx\/tienda\/producto\/targus-amb586gl-mouse-ergoflip-ecosmart\/","og_site_name":"Compuviper","article_publisher":"https:\/\/www.facebook.com\/compuviper","og_image":[{"width":200,"height":200,"url":"https:\/\/compuviper.mx\/tienda\/wp-content\/uploads\/2024\/05\/Mouse-ergoflip-targus-amb586gl-ecosmart.jpg","type":"image\/jpeg"}],"twitter_card":"summary_large_image","twitter_misc":{"Precio":"&#36;833 con IVA","Availability":"In stock"},"schema":{"@context":"https:\/\/schema.org","@graph":[{"@type":"WebPage","@id":"https:\/\/compuviper.mx\/tienda\/producto\/targus-amb586gl-mouse-ergoflip-ecosmart\/","url":"https:\/\/compuviper.mx\/tienda\/producto\/targus-amb586gl-mouse-ergoflip-ecosmart\/","name":"[ Targus ] &#129351; Amb586gl Mouse Ergoflip Ecosmart","isPartOf":{"@id":"https:\/\/compuviper.mx\/tienda\/#website"},"datePublished":"2026-04-10T06:54:39+00:00","dateModified":"2026-04-10T06:54:39+00:00","description":"Compra Amb586gl Mouse Ergoflip Ecosmart + Env\u00edo a domicilio + Pago seguro + Garant\u00eda","breadcrumb":{"@id":"https:\/\/compuviper.mx\/tienda\/producto\/targus-amb586gl-mouse-ergoflip-ecosmart\/#breadcrumb"},"inLanguage":"es-MX","potentialAction":[{"@type":"ReadAction","target":["https:\/\/compuviper.mx\/tienda\/producto\/targus-amb586gl-mouse-ergoflip-ecosmart\/"]}]},{"@type":"BreadcrumbList","@id":"https:\/\/compuviper.mx\/tienda\/producto\/targus-amb586gl-mouse-ergoflip-ecosmart\/#breadcrumb","itemListElement":[{"@type":"ListItem","position":1,"name":"Inicio","item":"https:\/\/compuviper.mx\/tienda\/"},{"@type":"ListItem","position":2,"name":"Productos","item":"https:\/\/compuviper.mx\/tienda\/productos\/"},{"@type":"ListItem","position":3,"name":"Mouse","item":"https:\/\/compuviper.mx\/tienda\/categoria-producto\/mouse\/"},{"@type":"ListItem","position":4,"name":"Blue","item":"https:\/\/compuviper.mx\/tienda\/categoria-producto\/mouse\/blue\/"},{"@type":"ListItem","position":5,"name":"Targus Amb586gl Mouse Ergoflip Ecosmart"}]},{"@type":"WebSite","@id":"https:\/\/compuviper.mx\/tienda\/#website","url":"https:\/\/compuviper.mx\/tienda\/","name":"Compuviper","description":"Proveedor de Computadoras, Laptops, Servidores, Monitores, Puntos de Venta, Teclados,   Impresoras, T\u00f3ner, C\u00e1maras de Seguridad y m\u00e1s en tu tienda en l\u00ednea","publisher":{"@id":"https:\/\/compuviper.mx\/tienda\/#organization"},"potentialAction":[{"@type":"SearchAction","target":{"@type":"EntryPoint","urlTemplate":"https:\/\/compuviper.mx\/tienda\/?s={search_term_string}"},"query-input":"required name=search_term_string"}],"inLanguage":"es-MX"},{"@type":"Organization","@id":"https:\/\/compuviper.mx\/tienda\/#organization","name":"Compuviper","url":"https:\/\/compuviper.mx\/tienda\/","logo":{"@type":"ImageObject","inLanguage":"es-MX","@id":"https:\/\/compuviper.mx\/tienda\/#\/schema\/logo\/image\/","url":"https:\/\/compuviper.mx\/tienda\/wp-content\/uploads\/2021\/08\/Logo-Compuviper-10.png","contentUrl":"https:\/\/compuviper.mx\/tienda\/wp-content\/uploads\/2021\/08\/Logo-Compuviper-10.png","width":1000,"height":500,"caption":"Compuviper"},"image":{"@id":"https:\/\/compuviper.mx\/tienda\/#\/schema\/logo\/image\/"},"sameAs":["https:\/\/www.facebook.com\/compuviper","https:\/\/www.youtube.com\/channel\/UCf73dERp9Y3cfOq7q8BhLjA?view_as=subscriber"]}]},"product_brand":"Targus","product_price_amount":"833","product_price_currency":"MXN","og_availability":"instock","product_availability":"instock","product_retailer_item_id":"AMB586GL","product_condition":"new"},"_links":{"self":[{"href":"https:\/\/compuviper.mx\/tienda\/wp-json\/wp\/v2\/product\/227835"}],"collection":[{"href":"https:\/\/compuviper.mx\/tienda\/wp-json\/wp\/v2\/product"}],"about":[{"href":"https:\/\/compuviper.mx\/tienda\/wp-json\/wp\/v2\/types\/product"}],"replies":[{"embeddable":true,"href":"https:\/\/compuviper.mx\/tienda\/wp-json\/wp\/v2\/comments?post=227835"}],"wp:featuredmedia":[{"embeddable":true,"href":"https:\/\/compuviper.mx\/tienda\/wp-json\/wp\/v2\/media\/234186"}],"wp:attachment":[{"href":"https:\/\/compuviper.mx\/tienda\/wp-json\/wp\/v2\/media?parent=227835"}],"wp:term":[{"taxonomy":"product_cat","embeddable":true,"href":"https:\/\/compuviper.mx\/tienda\/wp-json\/wp\/v2\/product_cat?post=227835"},{"taxonomy":"product_tag","embeddable":true,"href":"https:\/\/compuviper.mx\/tienda\/wp-json\/wp\/v2\/product_tag?post=227835"}],"curies":[{"name":"wp","href":"https:\/\/api.w.org\/{rel}","templated":true}]}}