{"id":227504,"date":"2026-04-25T02:20:04","date_gmt":"2026-04-25T08:20:04","guid":{"rendered":"https:\/\/compuviper.mx\/tienda\/producto\/viewsonic-px701-4k-videoproyector-dlp-3840-x-2160-3200-lumens-hdr-240hz-vga-hdmi-x-2-usb-a-20000-horas-tiro-normal\/"},"modified":"2026-04-25T02:20:04","modified_gmt":"2026-04-25T08:20:04","slug":"viewsonic-px701-4k-videoproyector-dlp-3840-x-2160-3200-lumens-hdr-240hz-vga-hdmi-x-2-usb-a-20000-horas-tiro-normal","status":"publish","type":"product","link":"https:\/\/compuviper.mx\/tienda\/producto\/viewsonic-px701-4k-videoproyector-dlp-3840-x-2160-3200-lumens-hdr-240hz-vga-hdmi-x-2-usb-a-20000-horas-tiro-normal\/","title":{"rendered":"Viewsonic Px701-4k Videoproyector  Dlp   3840 X 2160\/3200 Lumens\/hdr\/240hz\/vga\/hdmi X 2\/ Usb-a\/20000 Horas\/tiro Normal"},"content":{"rendered":"<table class=\"descripcion\">\n<tr>\n<td>Pantalla<\/td>\n<\/tr>\n<tr>\n<td>Tipo<\/td>\n<\/tr>\n<tr>\n<td>L\u00e1mpara dlp<\/td>\n<\/tr>\n<tr>\n<td>Tipo de resoluci\u00f3n<\/td>\n<\/tr>\n<tr>\n<td>4k (3840&#215;2160)<\/td>\n<\/tr>\n<tr>\n<td>Resoluci\u00f3n<\/td>\n<\/tr>\n<tr>\n<td>3840 x 2160<\/td>\n<\/tr>\n<tr>\n<td>Brillantez (l\u00famenes)<\/td>\n<\/tr>\n<tr>\n<td>3200 ansi<\/td>\n<\/tr>\n<tr>\n<td>Tama\u00f1o de pantalla (pulg.)<\/td>\n<\/tr>\n<tr>\n<td>30 &#8211; 300 in. \/ 0,76 &#8211; 7,62 m<\/td>\n<\/tr>\n<tr>\n<td>Distancia de alcance<\/td>\n<\/tr>\n<tr>\n<td>1 m~10,96 m (100@3,32 m)<\/td>\n<\/tr>\n<tr>\n<td>Relaci\u00f3n de alcance<\/td>\n<\/tr>\n<tr>\n<td>1,5-1,65<\/td>\n<\/tr>\n<tr>\n<td>Trapezoidal<\/td>\n<\/tr>\n<tr>\n<td>Vertical (+\/- 40\u00ba) \/ horizontal (+\/- 40\u00ba)<\/td>\n<\/tr>\n<tr>\n<td>Lentes<\/td>\n<\/tr>\n<tr>\n<td>Zoom \u00f3ptico 1.1x<\/td>\n<\/tr>\n<tr>\n<td>Fuente de luz (watt)<\/td>\n<\/tr>\n<tr>\n<td>203<\/td>\n<\/tr>\n<tr>\n<td>Vida \u00fatil de la fuente de luz, normal (horas)<\/td>\n<\/tr>\n<tr>\n<td>6000<\/td>\n<\/tr>\n<tr>\n<td>Vida \u00fatil de la fuente de luz, eco-mode din\u00e1mico (horas)<\/td>\n<\/tr>\n<tr>\n<td>20000<\/td>\n<\/tr>\n<tr>\n<td>Profundidad de color<\/td>\n<\/tr>\n<tr>\n<td>1.07b color (r\/g\/b 10bit)<\/td>\n<\/tr>\n<tr>\n<td>Relaci\u00f3n de contraste din\u00e1mico<\/td>\n<\/tr>\n<tr>\n<td>12.000:1<\/td>\n<\/tr>\n<tr>\n<td>Proporci\u00f3n dimensional<\/td>\n<\/tr>\n<tr>\n<td>16:9<\/td>\n<\/tr>\n<tr>\n<td>Se\u00f1al de video<\/td>\n<\/tr>\n<tr>\n<td>Frecuencia horizontal<\/td>\n<\/tr>\n<tr>\n<td>15k-129khz<\/td>\n<\/tr>\n<tr>\n<td>Frecuencia vertical<\/td>\n<\/tr>\n<tr>\n<td>23-240hz<\/td>\n<\/tr>\n<tr>\n<td>Compatibilidad<\/td>\n<\/tr>\n<tr>\n<td>Resoluci\u00f3n de pc (m\u00e1x.)<\/td>\n<\/tr>\n<tr>\n<td>3840 x 2160<\/td>\n<\/tr>\n<tr>\n<td>Resoluci\u00f3n de pc (m\u00edn.)<\/td>\n<\/tr>\n<tr>\n<td>640 x 480<\/td>\n<\/tr>\n<tr>\n<td>Resoluci\u00f3n de mac (m\u00e1x.)<\/td>\n<\/tr>\n<tr>\n<td>3840 x 2160<\/td>\n<\/tr>\n<tr>\n<td>Resoluci\u00f3n de mac\u00ae (m\u00e1x.):<\/td>\n<\/tr>\n<tr>\n<td>640 x 480<\/td>\n<\/tr>\n<tr>\n<td>Conector<\/td>\n<\/tr>\n<tr>\n<td>Usb 2.0 tipo a<\/td>\n<\/tr>\n<tr>\n<td>1<\/td>\n<\/tr>\n<tr>\n<td>Salida de audio de 3,5 mm<\/td>\n<\/tr>\n<tr>\n<td>1<\/td>\n<\/tr>\n<tr>\n<td>Salida de rs232<\/td>\n<\/tr>\n<tr>\n<td>1<\/td>\n<\/tr>\n<tr>\n<td>Hdmi 2.0 in<\/td>\n<\/tr>\n<tr>\n<td>2<\/td>\n<\/tr>\n<tr>\n<td>Audio<\/td>\n<\/tr>\n<tr>\n<td>Altavoces internos<\/td>\n<\/tr>\n<tr>\n<td>10w (x1)<\/td>\n<\/tr>\n<tr>\n<td>Alimentaci\u00f3n<\/td>\n<\/tr>\n<tr>\n<td>Voltaje<\/td>\n<\/tr>\n<tr>\n<td>100-240 v+\/- 10 %, 50\/60 hz ca<\/td>\n<\/tr>\n<tr>\n<td>Consumo (t\u00edpico)<\/td>\n<\/tr>\n<tr>\n<td>290w<\/td>\n<\/tr>\n<tr>\n<td>En espera<\/td>\n<\/tr>\n<tr>\n<td> 0.5w<\/td>\n<\/tr>\n<tr>\n<td>Controles<\/td>\n<\/tr>\n<tr>\n<td>Controles f\u00edsicos<\/td>\n<\/tr>\n<tr>\n<td>Encendido, botones trapezoidal\/de flecha, izquierda\/en blanco, men\u00fa\/salir, derecha\/bloqueo de botones del panel, modo\/ingresar, autom\u00e1tico, fuente<\/td>\n<\/tr>\n<tr>\n<td>Visualizaci\u00f3n en pantalla<\/td>\n<\/tr>\n<tr>\n<td>Pantalla, imagen, gesti\u00f3n de energ\u00eda, b\u00e1sico, avanzado, sistema, informaci\u00f3n (consulte la gu\u00eda del usuario para la funcionalidad de osd completa)<\/td>\n<\/tr>\n<tr>\n<td>Condiciones de funcionamiento<\/td>\n<\/tr>\n<tr>\n<td>Temperatura<\/td>\n<\/tr>\n<tr>\n<td>32-104 \u00baf (0-40 \u00bac)<\/td>\n<\/tr>\n<tr>\n<td>Humedad (sin condensaci\u00f3n)<\/td>\n<\/tr>\n<tr>\n<td>0-90%<\/td>\n<\/tr>\n<tr>\n<td>Hardware adicional<\/td>\n<\/tr>\n<tr>\n<td>Ranura de bloqueo kensington<\/td>\n<\/tr>\n<tr>\n<td>1<\/td>\n<\/tr>\n<tr>\n<td>Peso (imperial)<\/td>\n<\/tr>\n<tr>\n<td>Neto (lb)<\/td>\n<\/tr>\n<tr>\n<td>6,2<\/td>\n<\/tr>\n<tr>\n<td>Bruto (lb)<\/td>\n<\/tr>\n<tr>\n<td>8,8<\/td>\n<\/tr>\n<tr>\n<td>Peso (m\u00e9trica)<\/td>\n<\/tr>\n<tr>\n<td>Neto (kg)<\/td>\n<\/tr>\n<tr>\n<td>2,8<\/td>\n<\/tr>\n<tr>\n<td>Bruto (kg)<\/td>\n<\/tr>\n<tr>\n<td>4<\/td>\n<\/tr>\n<tr>\n<td>Dimensiones (imperiales) (ancho x alto x profundidad)<\/td>\n<\/tr>\n<tr>\n<td>Empaque (in)<\/td>\n<\/tr>\n<tr>\n<td>16,3&#215;6,6&#215;11,7<\/td>\n<\/tr>\n<tr>\n<td>F\u00edsicas (in)<\/td>\n<\/tr>\n<tr>\n<td>12,3&#215;4,3&#215;8,7<\/td>\n<\/tr>\n<tr>\n<td>Dimensiones (m\u00e9tricas) (ancho x alto x profundidad)<\/td>\n<\/tr>\n<tr>\n<td>Empaque (mm)<\/td>\n<\/tr>\n<tr>\n<td>415,0&#215;168,0x297,0<\/td>\n<\/tr>\n<tr>\n<td>F\u00edsicas (mm)<\/td>\n<\/tr>\n<tr>\n<td>312,0&#215;108,0x222,0<\/td>\n<\/tr>\n<tr>\n<td>Aspectos generales<\/td>\n<\/tr>\n<tr>\n<td>Regulaciones<\/td>\n<\/tr>\n<tr>\n<td>Fcc, ctuvus, rohs<\/td>\n<\/tr>\n<tr>\n<td>Contenido del paquete<\/td>\n<\/tr>\n<tr>\n<td>Px701-4k, cable de alimentaci\u00f3n, control remoto, gu\u00eda de inicio r\u00e1pido<\/td>\n<\/tr>\n<tr>\n<td>Garant\u00eda<\/td>\n<\/tr>\n<tr>\n<td>Garant\u00eda limitada de tres a\u00f1os para repuestos, mano de obra y retroiluminaci\u00f3n<\/td>\n<\/tr>\n<tr>\n<td>Reciclaje\/eliminaci\u00f3n<\/td>\n<\/tr>\n<tr>\n<td>Deseche de acuerdo con las leyes locales, estatales o federales.<\/td>\n<\/tr>\n<\/table>\n","protected":false},"excerpt":{"rendered":"<p>Para disfrutar de una incre\u00edble experiencia de entretenimiento desde la comodidad de su hogar, el proyector viewsonic\u00ae px701-4k ofrece una incre\u00edble resoluci\u00f3n ultra hd a un precio accesible. Mientras que una verdadera resoluci\u00f3n 4k y la compatibilidad con hdr hace de este proyector la opci\u00f3n ideal para ver pel\u00edculas, los usuarios disfrutar\u00e1n de su bajo retraso de entrada de 4.2ms y su frecuencia de actualizaci\u00f3n de 240hz para el juego. Con 3200 l\u00famenes y sonido envolvente, este proyector ofrece im\u00e1genes brillantes y audio envolvente en, pr\u00e1cticamente, cualquier sala o entorno. Una funci\u00f3n trapezoidal autom\u00e1tica horizontal y vertical, adem\u00e1s del ajuste de cuatro esquinas, ofrece una configuraci\u00f3n flexible de los tama\u00f1os de im\u00e1genes de hasta 300 pulgadas.<\/p>\n","protected":false},"featured_media":227505,"comment_status":"open","ping_status":"open","template":"","meta":[],"product_cat":[1843,1845],"product_tag":[1862],"acf":[],"yoast_head":"<!-- This site is optimized with the Yoast SEO plugin v21.7 - https:\/\/yoast.com\/wordpress\/plugins\/seo\/ -->\n<title>[ Viewsonic ] &#129351; Px701-4k Videoproyector Dlp 3840 X 2160\/3200 Lumens\/hdr\/240hz\/vga\/hdmi X 2\/ Usb-a\/20000 Horas\/tiro Normal<\/title>\n<meta name=\"description\" content=\"Compra Px701-4k Videoproyector Dlp 3840 X 2160\/3200 Lumens\/hdr\/240hz\/vga\/hdmi X 2\/ Usb-a\/20000 Horas\/tiro Normal + Env\u00edo a domicilio + Pago seguro + Garant\u00eda\" \/>\n<meta name=\"robots\" content=\"index, follow, max-snippet:-1, max-image-preview:large, max-video-preview:-1\" \/>\n<link rel=\"canonical\" href=\"https:\/\/compuviper.mx\/tienda\/producto\/viewsonic-px701-4k-videoproyector-dlp-3840-x-2160-3200-lumens-hdr-240hz-vga-hdmi-x-2-usb-a-20000-horas-tiro-normal\/\" \/>\n<meta property=\"og:locale\" content=\"es_MX\" \/>\n<meta property=\"og:type\" content=\"article\" \/>\n<meta property=\"og:title\" content=\"[ Viewsonic ] &#129351; Px701-4k Videoproyector Dlp 3840 X 2160\/3200 Lumens\/hdr\/240hz\/vga\/hdmi X 2\/ Usb-a\/20000 Horas\/tiro Normal\" \/>\n<meta property=\"og:description\" content=\"Compra Px701-4k Videoproyector Dlp 3840 X 2160\/3200 Lumens\/hdr\/240hz\/vga\/hdmi X 2\/ Usb-a\/20000 Horas\/tiro Normal + Env\u00edo a domicilio + Pago seguro + Garant\u00eda\" \/>\n<meta property=\"og:url\" content=\"https:\/\/compuviper.mx\/tienda\/producto\/viewsonic-px701-4k-videoproyector-dlp-3840-x-2160-3200-lumens-hdr-240hz-vga-hdmi-x-2-usb-a-20000-horas-tiro-normal\/\" \/>\n<meta property=\"og:site_name\" content=\"Compuviper\" \/>\n<meta property=\"article:publisher\" content=\"https:\/\/www.facebook.com\/compuviper\" \/>\n<meta property=\"og:image\" content=\"https:\/\/compuviper.mx\/tienda\/wp-content\/uploads\/2023\/12\/Videoproyector-viewsonic-dlp-px701-4k-3840-x-21603200-lumenshdr240hzvgahdmi-x-2-usb-a20000-horastiro-normal.jpg\" \/>\n\t<meta property=\"og:image:width\" content=\"200\" \/>\n\t<meta property=\"og:image:height\" content=\"200\" \/>\n\t<meta property=\"og:image:type\" content=\"image\/jpeg\" \/>\n<meta name=\"twitter:card\" content=\"summary_large_image\" \/>\n<meta name=\"twitter:label1\" content=\"Precio\" \/>\n\t<meta name=\"twitter:data1\" content=\"&#36;19,156 &#36;18,038 con IVA\" \/>\n\t<meta name=\"twitter:label2\" content=\"Availability\" \/>\n\t<meta name=\"twitter:data2\" content=\"In stock\" \/>\n<script type=\"application\/ld+json\" class=\"yoast-schema-graph\">{\"@context\":\"https:\/\/schema.org\",\"@graph\":[{\"@type\":\"WebPage\",\"@id\":\"https:\/\/compuviper.mx\/tienda\/producto\/viewsonic-px701-4k-videoproyector-dlp-3840-x-2160-3200-lumens-hdr-240hz-vga-hdmi-x-2-usb-a-20000-horas-tiro-normal\/\",\"url\":\"https:\/\/compuviper.mx\/tienda\/producto\/viewsonic-px701-4k-videoproyector-dlp-3840-x-2160-3200-lumens-hdr-240hz-vga-hdmi-x-2-usb-a-20000-horas-tiro-normal\/\",\"name\":\"[ Viewsonic ] &#129351; Px701-4k Videoproyector Dlp 3840 X 2160\/3200 Lumens\/hdr\/240hz\/vga\/hdmi X 2\/ Usb-a\/20000 Horas\/tiro Normal\",\"isPartOf\":{\"@id\":\"https:\/\/compuviper.mx\/tienda\/#website\"},\"datePublished\":\"2026-04-25T08:20:04+00:00\",\"dateModified\":\"2026-04-25T08:20:04+00:00\",\"description\":\"Compra Px701-4k Videoproyector Dlp 3840 X 2160\/3200 Lumens\/hdr\/240hz\/vga\/hdmi X 2\/ Usb-a\/20000 Horas\/tiro Normal + Env\u00edo a domicilio + Pago seguro + Garant\u00eda\",\"breadcrumb\":{\"@id\":\"https:\/\/compuviper.mx\/tienda\/producto\/viewsonic-px701-4k-videoproyector-dlp-3840-x-2160-3200-lumens-hdr-240hz-vga-hdmi-x-2-usb-a-20000-horas-tiro-normal\/#breadcrumb\"},\"inLanguage\":\"es-MX\",\"potentialAction\":[{\"@type\":\"ReadAction\",\"target\":[\"https:\/\/compuviper.mx\/tienda\/producto\/viewsonic-px701-4k-videoproyector-dlp-3840-x-2160-3200-lumens-hdr-240hz-vga-hdmi-x-2-usb-a-20000-horas-tiro-normal\/\"]}]},{\"@type\":\"BreadcrumbList\",\"@id\":\"https:\/\/compuviper.mx\/tienda\/producto\/viewsonic-px701-4k-videoproyector-dlp-3840-x-2160-3200-lumens-hdr-240hz-vga-hdmi-x-2-usb-a-20000-horas-tiro-normal\/#breadcrumb\",\"itemListElement\":[{\"@type\":\"ListItem\",\"position\":1,\"name\":\"Inicio\",\"item\":\"https:\/\/compuviper.mx\/tienda\/\"},{\"@type\":\"ListItem\",\"position\":2,\"name\":\"Productos\",\"item\":\"https:\/\/compuviper.mx\/tienda\/productos\/\"},{\"@type\":\"ListItem\",\"position\":3,\"name\":\"Videoproyector\",\"item\":\"https:\/\/compuviper.mx\/tienda\/categoria-producto\/videoproyector\/\"},{\"@type\":\"ListItem\",\"position\":4,\"name\":\"Teatro En Casa\",\"item\":\"https:\/\/compuviper.mx\/tienda\/categoria-producto\/videoproyector\/teatro-en-casa\/\"},{\"@type\":\"ListItem\",\"position\":5,\"name\":\"Viewsonic Px701-4k Videoproyector Dlp 3840 X 2160\/3200 Lumens\/hdr\/240hz\/vga\/hdmi X 2\/ Usb-a\/20000 Horas\/tiro Normal\"}]},{\"@type\":\"WebSite\",\"@id\":\"https:\/\/compuviper.mx\/tienda\/#website\",\"url\":\"https:\/\/compuviper.mx\/tienda\/\",\"name\":\"Compuviper\",\"description\":\"Proveedor de Computadoras, Laptops, Servidores, Monitores, Puntos de Venta, Teclados,   Impresoras, T\u00f3ner, C\u00e1maras de Seguridad y m\u00e1s en tu tienda en l\u00ednea\",\"publisher\":{\"@id\":\"https:\/\/compuviper.mx\/tienda\/#organization\"},\"potentialAction\":[{\"@type\":\"SearchAction\",\"target\":{\"@type\":\"EntryPoint\",\"urlTemplate\":\"https:\/\/compuviper.mx\/tienda\/?s={search_term_string}\"},\"query-input\":\"required name=search_term_string\"}],\"inLanguage\":\"es-MX\"},{\"@type\":\"Organization\",\"@id\":\"https:\/\/compuviper.mx\/tienda\/#organization\",\"name\":\"Compuviper\",\"url\":\"https:\/\/compuviper.mx\/tienda\/\",\"logo\":{\"@type\":\"ImageObject\",\"inLanguage\":\"es-MX\",\"@id\":\"https:\/\/compuviper.mx\/tienda\/#\/schema\/logo\/image\/\",\"url\":\"https:\/\/compuviper.mx\/tienda\/wp-content\/uploads\/2021\/08\/Logo-Compuviper-10.png\",\"contentUrl\":\"https:\/\/compuviper.mx\/tienda\/wp-content\/uploads\/2021\/08\/Logo-Compuviper-10.png\",\"width\":1000,\"height\":500,\"caption\":\"Compuviper\"},\"image\":{\"@id\":\"https:\/\/compuviper.mx\/tienda\/#\/schema\/logo\/image\/\"},\"sameAs\":[\"https:\/\/www.facebook.com\/compuviper\",\"https:\/\/www.youtube.com\/channel\/UCf73dERp9Y3cfOq7q8BhLjA?view_as=subscriber\"]}]}<\/script>\n<meta property=\"product:brand\" content=\"VIEWSONIC\" \/>\n<meta property=\"product:price:amount\" content=\"18038\" \/>\n<meta property=\"product:price:currency\" content=\"MXN\" \/>\n<meta property=\"og:availability\" content=\"instock\" \/>\n<meta property=\"product:availability\" content=\"instock\" \/>\n<meta property=\"product:retailer_item_id\" content=\"PX701-4K\" \/>\n<meta property=\"product:condition\" content=\"new\" \/>\n<!-- \/ Yoast SEO plugin. -->","yoast_head_json":{"title":"[ Viewsonic ] &#129351; Px701-4k Videoproyector Dlp 3840 X 2160\/3200 Lumens\/hdr\/240hz\/vga\/hdmi X 2\/ Usb-a\/20000 Horas\/tiro Normal","description":"Compra Px701-4k Videoproyector Dlp 3840 X 2160\/3200 Lumens\/hdr\/240hz\/vga\/hdmi X 2\/ Usb-a\/20000 Horas\/tiro Normal + Env\u00edo a domicilio + Pago seguro + Garant\u00eda","robots":{"index":"index","follow":"follow","max-snippet":"max-snippet:-1","max-image-preview":"max-image-preview:large","max-video-preview":"max-video-preview:-1"},"canonical":"https:\/\/compuviper.mx\/tienda\/producto\/viewsonic-px701-4k-videoproyector-dlp-3840-x-2160-3200-lumens-hdr-240hz-vga-hdmi-x-2-usb-a-20000-horas-tiro-normal\/","og_locale":"es_MX","og_type":"article","og_title":"[ Viewsonic ] &#129351; Px701-4k Videoproyector Dlp 3840 X 2160\/3200 Lumens\/hdr\/240hz\/vga\/hdmi X 2\/ Usb-a\/20000 Horas\/tiro Normal","og_description":"Compra Px701-4k Videoproyector Dlp 3840 X 2160\/3200 Lumens\/hdr\/240hz\/vga\/hdmi X 2\/ Usb-a\/20000 Horas\/tiro Normal + Env\u00edo a domicilio + Pago seguro + Garant\u00eda","og_url":"https:\/\/compuviper.mx\/tienda\/producto\/viewsonic-px701-4k-videoproyector-dlp-3840-x-2160-3200-lumens-hdr-240hz-vga-hdmi-x-2-usb-a-20000-horas-tiro-normal\/","og_site_name":"Compuviper","article_publisher":"https:\/\/www.facebook.com\/compuviper","og_image":[{"width":200,"height":200,"url":"https:\/\/compuviper.mx\/tienda\/wp-content\/uploads\/2023\/12\/Videoproyector-viewsonic-dlp-px701-4k-3840-x-21603200-lumenshdr240hzvgahdmi-x-2-usb-a20000-horastiro-normal.jpg","type":"image\/jpeg"}],"twitter_card":"summary_large_image","twitter_misc":{"Precio":"&#36;19,156 &#36;18,038 con IVA","Availability":"In stock"},"schema":{"@context":"https:\/\/schema.org","@graph":[{"@type":"WebPage","@id":"https:\/\/compuviper.mx\/tienda\/producto\/viewsonic-px701-4k-videoproyector-dlp-3840-x-2160-3200-lumens-hdr-240hz-vga-hdmi-x-2-usb-a-20000-horas-tiro-normal\/","url":"https:\/\/compuviper.mx\/tienda\/producto\/viewsonic-px701-4k-videoproyector-dlp-3840-x-2160-3200-lumens-hdr-240hz-vga-hdmi-x-2-usb-a-20000-horas-tiro-normal\/","name":"[ Viewsonic ] &#129351; Px701-4k Videoproyector Dlp 3840 X 2160\/3200 Lumens\/hdr\/240hz\/vga\/hdmi X 2\/ Usb-a\/20000 Horas\/tiro Normal","isPartOf":{"@id":"https:\/\/compuviper.mx\/tienda\/#website"},"datePublished":"2026-04-25T08:20:04+00:00","dateModified":"2026-04-25T08:20:04+00:00","description":"Compra Px701-4k Videoproyector Dlp 3840 X 2160\/3200 Lumens\/hdr\/240hz\/vga\/hdmi X 2\/ Usb-a\/20000 Horas\/tiro Normal + Env\u00edo a domicilio + Pago seguro + Garant\u00eda","breadcrumb":{"@id":"https:\/\/compuviper.mx\/tienda\/producto\/viewsonic-px701-4k-videoproyector-dlp-3840-x-2160-3200-lumens-hdr-240hz-vga-hdmi-x-2-usb-a-20000-horas-tiro-normal\/#breadcrumb"},"inLanguage":"es-MX","potentialAction":[{"@type":"ReadAction","target":["https:\/\/compuviper.mx\/tienda\/producto\/viewsonic-px701-4k-videoproyector-dlp-3840-x-2160-3200-lumens-hdr-240hz-vga-hdmi-x-2-usb-a-20000-horas-tiro-normal\/"]}]},{"@type":"BreadcrumbList","@id":"https:\/\/compuviper.mx\/tienda\/producto\/viewsonic-px701-4k-videoproyector-dlp-3840-x-2160-3200-lumens-hdr-240hz-vga-hdmi-x-2-usb-a-20000-horas-tiro-normal\/#breadcrumb","itemListElement":[{"@type":"ListItem","position":1,"name":"Inicio","item":"https:\/\/compuviper.mx\/tienda\/"},{"@type":"ListItem","position":2,"name":"Productos","item":"https:\/\/compuviper.mx\/tienda\/productos\/"},{"@type":"ListItem","position":3,"name":"Videoproyector","item":"https:\/\/compuviper.mx\/tienda\/categoria-producto\/videoproyector\/"},{"@type":"ListItem","position":4,"name":"Teatro En Casa","item":"https:\/\/compuviper.mx\/tienda\/categoria-producto\/videoproyector\/teatro-en-casa\/"},{"@type":"ListItem","position":5,"name":"Viewsonic Px701-4k Videoproyector Dlp 3840 X 2160\/3200 Lumens\/hdr\/240hz\/vga\/hdmi X 2\/ Usb-a\/20000 Horas\/tiro Normal"}]},{"@type":"WebSite","@id":"https:\/\/compuviper.mx\/tienda\/#website","url":"https:\/\/compuviper.mx\/tienda\/","name":"Compuviper","description":"Proveedor de Computadoras, Laptops, Servidores, Monitores, Puntos de Venta, Teclados,   Impresoras, T\u00f3ner, C\u00e1maras de Seguridad y m\u00e1s en tu tienda en l\u00ednea","publisher":{"@id":"https:\/\/compuviper.mx\/tienda\/#organization"},"potentialAction":[{"@type":"SearchAction","target":{"@type":"EntryPoint","urlTemplate":"https:\/\/compuviper.mx\/tienda\/?s={search_term_string}"},"query-input":"required name=search_term_string"}],"inLanguage":"es-MX"},{"@type":"Organization","@id":"https:\/\/compuviper.mx\/tienda\/#organization","name":"Compuviper","url":"https:\/\/compuviper.mx\/tienda\/","logo":{"@type":"ImageObject","inLanguage":"es-MX","@id":"https:\/\/compuviper.mx\/tienda\/#\/schema\/logo\/image\/","url":"https:\/\/compuviper.mx\/tienda\/wp-content\/uploads\/2021\/08\/Logo-Compuviper-10.png","contentUrl":"https:\/\/compuviper.mx\/tienda\/wp-content\/uploads\/2021\/08\/Logo-Compuviper-10.png","width":1000,"height":500,"caption":"Compuviper"},"image":{"@id":"https:\/\/compuviper.mx\/tienda\/#\/schema\/logo\/image\/"},"sameAs":["https:\/\/www.facebook.com\/compuviper","https:\/\/www.youtube.com\/channel\/UCf73dERp9Y3cfOq7q8BhLjA?view_as=subscriber"]}]},"product_brand":"VIEWSONIC","product_price_amount":"18038","product_price_currency":"MXN","og_availability":"instock","product_availability":"instock","product_retailer_item_id":"PX701-4K","product_condition":"new"},"_links":{"self":[{"href":"https:\/\/compuviper.mx\/tienda\/wp-json\/wp\/v2\/product\/227504"}],"collection":[{"href":"https:\/\/compuviper.mx\/tienda\/wp-json\/wp\/v2\/product"}],"about":[{"href":"https:\/\/compuviper.mx\/tienda\/wp-json\/wp\/v2\/types\/product"}],"replies":[{"embeddable":true,"href":"https:\/\/compuviper.mx\/tienda\/wp-json\/wp\/v2\/comments?post=227504"}],"wp:featuredmedia":[{"embeddable":true,"href":"https:\/\/compuviper.mx\/tienda\/wp-json\/wp\/v2\/media\/227505"}],"wp:attachment":[{"href":"https:\/\/compuviper.mx\/tienda\/wp-json\/wp\/v2\/media?parent=227504"}],"wp:term":[{"taxonomy":"product_cat","embeddable":true,"href":"https:\/\/compuviper.mx\/tienda\/wp-json\/wp\/v2\/product_cat?post=227504"},{"taxonomy":"product_tag","embeddable":true,"href":"https:\/\/compuviper.mx\/tienda\/wp-json\/wp\/v2\/product_tag?post=227504"}],"curies":[{"name":"wp","href":"https:\/\/api.w.org\/{rel}","templated":true}]}}