{"id":227482,"date":"2026-04-25T02:18:02","date_gmt":"2026-04-25T08:18:02","guid":{"rendered":"https:\/\/compuviper.mx\/tienda\/producto\/epson-v11h919021-videoproyector-powerlite-brightlink-1485fi-3lcd-uhd-5000-lumenes-red-hdmi-interactivo-finger-touch-tiro-ultra-corto\/"},"modified":"2026-04-25T02:18:02","modified_gmt":"2026-04-25T08:18:02","slug":"epson-v11h919021-videoproyector-powerlite-brightlink-1485fi-3lcd-uhd-5000-lumenes-red-hdmi-interactivo-finger-touch-tiro-ultra-corto","status":"publish","type":"product","link":"https:\/\/compuviper.mx\/tienda\/producto\/epson-v11h919021-videoproyector-powerlite-brightlink-1485fi-3lcd-uhd-5000-lumenes-red-hdmi-interactivo-finger-touch-tiro-ultra-corto\/","title":{"rendered":"Epson V11h919021 Videoproyector  Powerlite Brightlink 1485fi, 3lcd, Uhd, 5000 Lumenes, Red, Hdmi, Interactivo Finger Touch, Tiro Ultra Corto"},"content":{"rendered":"<table class=\"descripcion\">\n<tr>\n<td>Especificaciones tecnicas<\/td>\n<\/tr>\n<tr>\n<td>* sistema de proyeccion: tecnologia epson 3lcd 3 chips<\/td>\n<\/tr>\n<tr>\n<td>* modo de  proyeccion: montaje a pared fronta, trasera, mesa frontal<\/td>\n<\/tr>\n<tr>\n<td>* pantalla lcd: 0.67 pulumerogadas (c2 fine)<\/td>\n<\/tr>\n<tr>\n<td>* metodo de proyeccion: poly-silicon tft active matrix<\/td>\n<\/tr>\n<tr>\n<td>* numero de pixeles: 1, 049,088 (1,366 x 720) x 3<\/td>\n<\/tr>\n<tr>\n<td>* luminusidad del color: 5000 lumenes<\/td>\n<\/tr>\n<tr>\n<td>* luminosidad del blanco: 5000 lumenes<\/td>\n<\/tr>\n<tr>\n<td>* relacion de aspecto: 16:9<\/td>\n<\/tr>\n<tr>\n<td>* resolucion nativa: 1080p (1366 x 720 x 2)<\/td>\n<\/tr>\n<tr>\n<td>* relacion de contraste: superior a 2, 500,000:1<\/td>\n<\/tr>\n<tr>\n<td>* reproduccion del color: hasta 1 billon de colores<\/td>\n<\/tr>\n<tr>\n<td>* parlante: 8w x 2<\/td>\n<\/tr>\n<tr>\n<td>* ruido del ventilador: 27 db \/ 36 db<\/td>\n<\/tr>\n<tr>\n<td>Lente de proyeccion<\/td>\n<\/tr>\n<tr>\n<td>* tipo: focus (manual)<\/td>\n<\/tr>\n<tr>\n<td>* numero-f: 1,5<\/td>\n<\/tr>\n<tr>\n<td>* relacion de zoom: 1.01-1.35<\/td>\n<\/tr>\n<tr>\n<td>* distancia focal: 3,9 mm<\/td>\n<\/tr>\n<tr>\n<td>* correccion de keystone: vertical -3 + 3, horizontal -3 + 3<\/td>\n<\/tr>\n<tr>\n<td>* quick corner: si<\/td>\n<\/tr>\n<tr>\n<td>* tama\u00f1o de la pantalla: 65\u0094 a 100\u0094 \/ 16:9 \u0096 61\u0094 a 120\u0094 \/ 16:6<\/td>\n<\/tr>\n<tr>\n<td>General<\/td>\n<\/tr>\n<tr>\n<td>* temperatura de operacion: 0 \u0093c a 40 \u0093c   41 \u0093f a 104 \u0093f<\/td>\n<\/tr>\n<tr>\n<td>* dimensiones: 458 mm x 223.5 mm x 450 mm<\/td>\n<\/tr>\n<tr>\n<td>* peso: 9.3 kg<\/td>\n<\/tr>\n<tr>\n<td>* seguridad: kensington lock<\/td>\n<\/tr>\n<tr>\n<td>Energia<\/td>\n<\/tr>\n<tr>\n<td>* voltaje de fuente de poder: 100 v \u0096 240 v ac +\/- 10%, 50 hz -60hz<\/td>\n<\/tr>\n<tr>\n<td>* tipo de laser: laser diode<\/td>\n<\/tr>\n<tr>\n<td>* vida util de fuente de iluminacion: 20,000 horas (normal); 30,000 horas (extendido)<\/td>\n<\/tr>\n<tr>\n<td>* consumo de energia: 100 v \u0096 120 v: 381 w (normal) \u0096 270 w (extendido) \/ 220 v \u0096 240 v: 366 w (normal) \u0096 262 w (extendido)<\/td>\n<\/tr>\n<tr>\n<td>Conectividad del proyector<\/td>\n<\/tr>\n<tr>\n<td>* hdmi x 3<\/td>\n<\/tr>\n<tr>\n<td>* hdbaset, hdmi out ds x 1<\/td>\n<\/tr>\n<tr>\n<td>* computadora\/video componente 2 x d-sub 15 pin<\/td>\n<\/tr>\n<tr>\n<td>* video compuesto: rca (amarillo) x 1<\/td>\n<\/tr>\n<tr>\n<td>* entrada audio: mini estereo x 3<\/td>\n<\/tr>\n<tr>\n<td>* salida audio: mini estereo x 1<\/td>\n<\/tr>\n<tr>\n<td>* entrada microfono: x 1<\/td>\n<\/tr>\n<tr>\n<td>* conector usb tipo b: display, audio, mouse, k\/b, interactividad x 2<\/td>\n<\/tr>\n<tr>\n<td>* conector usb tipo a: memoria usb\/camara de documento x 2<\/td>\n<\/tr>\n<tr>\n<td>* rj-45 lan x 1<\/td>\n<\/tr>\n<tr>\n<td>* serial: rs232 x 1<\/td>\n<\/tr>\n<tr>\n<td>* salida monitor\/computadora: d-sub 15 pin x 1<\/td>\n<\/tr>\n<tr>\n<td>* sincronizacion de interactividad mini estereo in \/ mini estereo out x 1<\/td>\n<\/tr>\n<\/table>\n","protected":false},"excerpt":{"rendered":"<p>Especificaciones tecnicas. * sistema de proyeccion: tecnologia epson 3lcd 3 chips. * modo de  proyeccion: montaje a pared fronta, trasera, mesa frontal. * pantalla lcd: 0.67 pulumerogadas (c2 fine. * metodo de proyeccion: poly-silicon tft active matrix. * numero de pixeles: 1, 049,088 (1,366 x 720) x 3. * luminusidad del color: 5000 lumenes. * luminosidad del blanco: 5000 lumenes. * relacion de aspecto: 16:9. * resolucion nativa: 1080p (1366 x 720 x 2. * relacion de contraste: superior a 2, 500,000:1. * reproduccion del color: hasta 1 billon de colores. * parlante: 8w x 2. * ruido del ventilador: 27 db \/ 36 db. Lente de proyeccion. * tipo: focus (manual. * numero-f: 1,5. * relacion de zoom: 1.01-1.35. * distancia focal: 3,9 mm. * correccion de keystone: vertical -3 + 3, horizontal -3 + 3. * quick corner: si. * tama\u00f1o de la pantalla: 65\u0094 a 100\u0094 \/ 16:9 \u0096 61\u0094 a 120\u0094 \/ 16:6. Conectividad del proyector. * hdmi x 3. * hdbaset, hdmi out ds x 1. * computadora\/video componente 2 x d-sub 15 pin. * video compuesto: rca (amarillo) x 1. * entrada audio: mini estereo x 3. * salida audio: mini estereo x 1. * entrada microfono: x 1. * conector usb tipo b: display, audio, mouse, k\/b, interactividad x 2. * conector usb tipo a: memoria usb\/camara de documento x 2. * rj-45 lan x 1. * serial: rs232 x 1. * salida monitor\/computadora: d-sub 15 pin x 1. * sincronizacion de interactividad mini estereo in \/ mini estereo out x 1<\/p>\n","protected":false},"featured_media":227483,"comment_status":"open","ping_status":"open","template":"","meta":[],"product_cat":[1843,1846],"product_tag":[1624],"acf":[],"yoast_head":"<!-- This site is optimized with the Yoast SEO plugin v21.7 - https:\/\/yoast.com\/wordpress\/plugins\/seo\/ -->\n<title>[ Epson ] &#129351; V11h919021 Videoproyector Powerlite Brightlink 1485fi, 3lcd, Uhd, 5000 Lumenes, Red, Hdmi, Interactivo Finger Touch, Tiro Ultra Corto<\/title>\n<meta name=\"description\" content=\"Compra V11h919021 Videoproyector Powerlite Brightlink 1485fi, 3lcd, Uhd, 5000 Lumenes, Red, Hdmi, Interactivo Finger Touch, Tiro Ultra Corto + Env\u00edo a domicilio + Pago seguro + Garant\u00eda\" \/>\n<meta name=\"robots\" content=\"index, follow, max-snippet:-1, max-image-preview:large, max-video-preview:-1\" \/>\n<link rel=\"canonical\" href=\"https:\/\/compuviper.mx\/tienda\/producto\/epson-v11h919021-videoproyector-powerlite-brightlink-1485fi-3lcd-uhd-5000-lumenes-red-hdmi-interactivo-finger-touch-tiro-ultra-corto\/\" \/>\n<meta property=\"og:locale\" content=\"es_MX\" \/>\n<meta property=\"og:type\" content=\"article\" \/>\n<meta property=\"og:title\" content=\"[ Epson ] &#129351; V11h919021 Videoproyector Powerlite Brightlink 1485fi, 3lcd, Uhd, 5000 Lumenes, Red, Hdmi, Interactivo Finger Touch, Tiro Ultra Corto\" \/>\n<meta property=\"og:description\" content=\"Compra V11h919021 Videoproyector Powerlite Brightlink 1485fi, 3lcd, Uhd, 5000 Lumenes, Red, Hdmi, Interactivo Finger Touch, Tiro Ultra Corto + Env\u00edo a domicilio + Pago seguro + Garant\u00eda\" \/>\n<meta property=\"og:url\" content=\"https:\/\/compuviper.mx\/tienda\/producto\/epson-v11h919021-videoproyector-powerlite-brightlink-1485fi-3lcd-uhd-5000-lumenes-red-hdmi-interactivo-finger-touch-tiro-ultra-corto\/\" \/>\n<meta property=\"og:site_name\" content=\"Compuviper\" \/>\n<meta property=\"article:publisher\" content=\"https:\/\/www.facebook.com\/compuviper\" \/>\n<meta property=\"og:image\" content=\"https:\/\/compuviper.mx\/tienda\/wp-content\/uploads\/2023\/12\/Videoproyector-epson-powerlite-brightlink-1485fi-3lcd-uhd-5000-lumenes-red-hdmi-interactivo-finger-touch-tiro-ultra-corto.jpg\" \/>\n\t<meta property=\"og:image:width\" content=\"200\" \/>\n\t<meta property=\"og:image:height\" content=\"200\" \/>\n\t<meta property=\"og:image:type\" content=\"image\/jpeg\" \/>\n<meta name=\"twitter:card\" content=\"summary_large_image\" \/>\n<meta name=\"twitter:label1\" content=\"Precio\" \/>\n\t<meta name=\"twitter:data1\" content=\"&#36;58,702 con IVA\" \/>\n\t<meta name=\"twitter:label2\" content=\"Availability\" \/>\n\t<meta name=\"twitter:data2\" content=\"In stock\" \/>\n<script type=\"application\/ld+json\" class=\"yoast-schema-graph\">{\"@context\":\"https:\/\/schema.org\",\"@graph\":[{\"@type\":\"WebPage\",\"@id\":\"https:\/\/compuviper.mx\/tienda\/producto\/epson-v11h919021-videoproyector-powerlite-brightlink-1485fi-3lcd-uhd-5000-lumenes-red-hdmi-interactivo-finger-touch-tiro-ultra-corto\/\",\"url\":\"https:\/\/compuviper.mx\/tienda\/producto\/epson-v11h919021-videoproyector-powerlite-brightlink-1485fi-3lcd-uhd-5000-lumenes-red-hdmi-interactivo-finger-touch-tiro-ultra-corto\/\",\"name\":\"[ Epson ] &#129351; V11h919021 Videoproyector Powerlite Brightlink 1485fi, 3lcd, Uhd, 5000 Lumenes, Red, Hdmi, Interactivo Finger Touch, Tiro Ultra Corto\",\"isPartOf\":{\"@id\":\"https:\/\/compuviper.mx\/tienda\/#website\"},\"datePublished\":\"2026-04-25T08:18:02+00:00\",\"dateModified\":\"2026-04-25T08:18:02+00:00\",\"description\":\"Compra V11h919021 Videoproyector Powerlite Brightlink 1485fi, 3lcd, Uhd, 5000 Lumenes, Red, Hdmi, Interactivo Finger Touch, Tiro Ultra Corto + Env\u00edo a domicilio + Pago seguro + Garant\u00eda\",\"breadcrumb\":{\"@id\":\"https:\/\/compuviper.mx\/tienda\/producto\/epson-v11h919021-videoproyector-powerlite-brightlink-1485fi-3lcd-uhd-5000-lumenes-red-hdmi-interactivo-finger-touch-tiro-ultra-corto\/#breadcrumb\"},\"inLanguage\":\"es-MX\",\"potentialAction\":[{\"@type\":\"ReadAction\",\"target\":[\"https:\/\/compuviper.mx\/tienda\/producto\/epson-v11h919021-videoproyector-powerlite-brightlink-1485fi-3lcd-uhd-5000-lumenes-red-hdmi-interactivo-finger-touch-tiro-ultra-corto\/\"]}]},{\"@type\":\"BreadcrumbList\",\"@id\":\"https:\/\/compuviper.mx\/tienda\/producto\/epson-v11h919021-videoproyector-powerlite-brightlink-1485fi-3lcd-uhd-5000-lumenes-red-hdmi-interactivo-finger-touch-tiro-ultra-corto\/#breadcrumb\",\"itemListElement\":[{\"@type\":\"ListItem\",\"position\":1,\"name\":\"Inicio\",\"item\":\"https:\/\/compuviper.mx\/tienda\/\"},{\"@type\":\"ListItem\",\"position\":2,\"name\":\"Productos\",\"item\":\"https:\/\/compuviper.mx\/tienda\/productos\/\"},{\"@type\":\"ListItem\",\"position\":3,\"name\":\"Videoproyector\",\"item\":\"https:\/\/compuviper.mx\/tienda\/categoria-producto\/videoproyector\/\"},{\"@type\":\"ListItem\",\"position\":4,\"name\":\"Profesional\",\"item\":\"https:\/\/compuviper.mx\/tienda\/categoria-producto\/videoproyector\/profesional\/\"},{\"@type\":\"ListItem\",\"position\":5,\"name\":\"Epson V11h919021 Videoproyector Powerlite Brightlink 1485fi, 3lcd, Uhd, 5000 Lumenes, Red, Hdmi, Interactivo Finger Touch, Tiro Ultra Corto\"}]},{\"@type\":\"WebSite\",\"@id\":\"https:\/\/compuviper.mx\/tienda\/#website\",\"url\":\"https:\/\/compuviper.mx\/tienda\/\",\"name\":\"Compuviper\",\"description\":\"Proveedor de Computadoras, Laptops, Servidores, Monitores, Puntos de Venta, Teclados,   Impresoras, T\u00f3ner, C\u00e1maras de Seguridad y m\u00e1s en tu tienda en l\u00ednea\",\"publisher\":{\"@id\":\"https:\/\/compuviper.mx\/tienda\/#organization\"},\"potentialAction\":[{\"@type\":\"SearchAction\",\"target\":{\"@type\":\"EntryPoint\",\"urlTemplate\":\"https:\/\/compuviper.mx\/tienda\/?s={search_term_string}\"},\"query-input\":\"required name=search_term_string\"}],\"inLanguage\":\"es-MX\"},{\"@type\":\"Organization\",\"@id\":\"https:\/\/compuviper.mx\/tienda\/#organization\",\"name\":\"Compuviper\",\"url\":\"https:\/\/compuviper.mx\/tienda\/\",\"logo\":{\"@type\":\"ImageObject\",\"inLanguage\":\"es-MX\",\"@id\":\"https:\/\/compuviper.mx\/tienda\/#\/schema\/logo\/image\/\",\"url\":\"https:\/\/compuviper.mx\/tienda\/wp-content\/uploads\/2021\/08\/Logo-Compuviper-10.png\",\"contentUrl\":\"https:\/\/compuviper.mx\/tienda\/wp-content\/uploads\/2021\/08\/Logo-Compuviper-10.png\",\"width\":1000,\"height\":500,\"caption\":\"Compuviper\"},\"image\":{\"@id\":\"https:\/\/compuviper.mx\/tienda\/#\/schema\/logo\/image\/\"},\"sameAs\":[\"https:\/\/www.facebook.com\/compuviper\",\"https:\/\/www.youtube.com\/channel\/UCf73dERp9Y3cfOq7q8BhLjA?view_as=subscriber\"]}]}<\/script>\n<meta property=\"product:brand\" content=\"EPSON\" \/>\n<meta property=\"product:price:amount\" content=\"58702\" \/>\n<meta property=\"product:price:currency\" content=\"MXN\" \/>\n<meta property=\"og:availability\" content=\"instock\" \/>\n<meta property=\"product:availability\" content=\"instock\" \/>\n<meta property=\"product:retailer_item_id\" content=\"V11H919021\" \/>\n<meta property=\"product:condition\" content=\"new\" \/>\n<!-- \/ Yoast SEO plugin. -->","yoast_head_json":{"title":"[ Epson ] &#129351; V11h919021 Videoproyector Powerlite Brightlink 1485fi, 3lcd, Uhd, 5000 Lumenes, Red, Hdmi, Interactivo Finger Touch, Tiro Ultra Corto","description":"Compra V11h919021 Videoproyector Powerlite Brightlink 1485fi, 3lcd, Uhd, 5000 Lumenes, Red, Hdmi, Interactivo Finger Touch, Tiro Ultra Corto + Env\u00edo a domicilio + Pago seguro + Garant\u00eda","robots":{"index":"index","follow":"follow","max-snippet":"max-snippet:-1","max-image-preview":"max-image-preview:large","max-video-preview":"max-video-preview:-1"},"canonical":"https:\/\/compuviper.mx\/tienda\/producto\/epson-v11h919021-videoproyector-powerlite-brightlink-1485fi-3lcd-uhd-5000-lumenes-red-hdmi-interactivo-finger-touch-tiro-ultra-corto\/","og_locale":"es_MX","og_type":"article","og_title":"[ Epson ] &#129351; V11h919021 Videoproyector Powerlite Brightlink 1485fi, 3lcd, Uhd, 5000 Lumenes, Red, Hdmi, Interactivo Finger Touch, Tiro Ultra Corto","og_description":"Compra V11h919021 Videoproyector Powerlite Brightlink 1485fi, 3lcd, Uhd, 5000 Lumenes, Red, Hdmi, Interactivo Finger Touch, Tiro Ultra Corto + Env\u00edo a domicilio + Pago seguro + Garant\u00eda","og_url":"https:\/\/compuviper.mx\/tienda\/producto\/epson-v11h919021-videoproyector-powerlite-brightlink-1485fi-3lcd-uhd-5000-lumenes-red-hdmi-interactivo-finger-touch-tiro-ultra-corto\/","og_site_name":"Compuviper","article_publisher":"https:\/\/www.facebook.com\/compuviper","og_image":[{"width":200,"height":200,"url":"https:\/\/compuviper.mx\/tienda\/wp-content\/uploads\/2023\/12\/Videoproyector-epson-powerlite-brightlink-1485fi-3lcd-uhd-5000-lumenes-red-hdmi-interactivo-finger-touch-tiro-ultra-corto.jpg","type":"image\/jpeg"}],"twitter_card":"summary_large_image","twitter_misc":{"Precio":"&#36;58,702 con IVA","Availability":"In stock"},"schema":{"@context":"https:\/\/schema.org","@graph":[{"@type":"WebPage","@id":"https:\/\/compuviper.mx\/tienda\/producto\/epson-v11h919021-videoproyector-powerlite-brightlink-1485fi-3lcd-uhd-5000-lumenes-red-hdmi-interactivo-finger-touch-tiro-ultra-corto\/","url":"https:\/\/compuviper.mx\/tienda\/producto\/epson-v11h919021-videoproyector-powerlite-brightlink-1485fi-3lcd-uhd-5000-lumenes-red-hdmi-interactivo-finger-touch-tiro-ultra-corto\/","name":"[ Epson ] &#129351; V11h919021 Videoproyector Powerlite Brightlink 1485fi, 3lcd, Uhd, 5000 Lumenes, Red, Hdmi, Interactivo Finger Touch, Tiro Ultra Corto","isPartOf":{"@id":"https:\/\/compuviper.mx\/tienda\/#website"},"datePublished":"2026-04-25T08:18:02+00:00","dateModified":"2026-04-25T08:18:02+00:00","description":"Compra V11h919021 Videoproyector Powerlite Brightlink 1485fi, 3lcd, Uhd, 5000 Lumenes, Red, Hdmi, Interactivo Finger Touch, Tiro Ultra Corto + Env\u00edo a domicilio + Pago seguro + Garant\u00eda","breadcrumb":{"@id":"https:\/\/compuviper.mx\/tienda\/producto\/epson-v11h919021-videoproyector-powerlite-brightlink-1485fi-3lcd-uhd-5000-lumenes-red-hdmi-interactivo-finger-touch-tiro-ultra-corto\/#breadcrumb"},"inLanguage":"es-MX","potentialAction":[{"@type":"ReadAction","target":["https:\/\/compuviper.mx\/tienda\/producto\/epson-v11h919021-videoproyector-powerlite-brightlink-1485fi-3lcd-uhd-5000-lumenes-red-hdmi-interactivo-finger-touch-tiro-ultra-corto\/"]}]},{"@type":"BreadcrumbList","@id":"https:\/\/compuviper.mx\/tienda\/producto\/epson-v11h919021-videoproyector-powerlite-brightlink-1485fi-3lcd-uhd-5000-lumenes-red-hdmi-interactivo-finger-touch-tiro-ultra-corto\/#breadcrumb","itemListElement":[{"@type":"ListItem","position":1,"name":"Inicio","item":"https:\/\/compuviper.mx\/tienda\/"},{"@type":"ListItem","position":2,"name":"Productos","item":"https:\/\/compuviper.mx\/tienda\/productos\/"},{"@type":"ListItem","position":3,"name":"Videoproyector","item":"https:\/\/compuviper.mx\/tienda\/categoria-producto\/videoproyector\/"},{"@type":"ListItem","position":4,"name":"Profesional","item":"https:\/\/compuviper.mx\/tienda\/categoria-producto\/videoproyector\/profesional\/"},{"@type":"ListItem","position":5,"name":"Epson V11h919021 Videoproyector Powerlite Brightlink 1485fi, 3lcd, Uhd, 5000 Lumenes, Red, Hdmi, Interactivo Finger Touch, Tiro Ultra Corto"}]},{"@type":"WebSite","@id":"https:\/\/compuviper.mx\/tienda\/#website","url":"https:\/\/compuviper.mx\/tienda\/","name":"Compuviper","description":"Proveedor de Computadoras, Laptops, Servidores, Monitores, Puntos de Venta, Teclados,   Impresoras, T\u00f3ner, C\u00e1maras de Seguridad y m\u00e1s en tu tienda en l\u00ednea","publisher":{"@id":"https:\/\/compuviper.mx\/tienda\/#organization"},"potentialAction":[{"@type":"SearchAction","target":{"@type":"EntryPoint","urlTemplate":"https:\/\/compuviper.mx\/tienda\/?s={search_term_string}"},"query-input":"required name=search_term_string"}],"inLanguage":"es-MX"},{"@type":"Organization","@id":"https:\/\/compuviper.mx\/tienda\/#organization","name":"Compuviper","url":"https:\/\/compuviper.mx\/tienda\/","logo":{"@type":"ImageObject","inLanguage":"es-MX","@id":"https:\/\/compuviper.mx\/tienda\/#\/schema\/logo\/image\/","url":"https:\/\/compuviper.mx\/tienda\/wp-content\/uploads\/2021\/08\/Logo-Compuviper-10.png","contentUrl":"https:\/\/compuviper.mx\/tienda\/wp-content\/uploads\/2021\/08\/Logo-Compuviper-10.png","width":1000,"height":500,"caption":"Compuviper"},"image":{"@id":"https:\/\/compuviper.mx\/tienda\/#\/schema\/logo\/image\/"},"sameAs":["https:\/\/www.facebook.com\/compuviper","https:\/\/www.youtube.com\/channel\/UCf73dERp9Y3cfOq7q8BhLjA?view_as=subscriber"]}]},"product_brand":"EPSON","product_price_amount":"58702","product_price_currency":"MXN","og_availability":"instock","product_availability":"instock","product_retailer_item_id":"V11H919021","product_condition":"new"},"_links":{"self":[{"href":"https:\/\/compuviper.mx\/tienda\/wp-json\/wp\/v2\/product\/227482"}],"collection":[{"href":"https:\/\/compuviper.mx\/tienda\/wp-json\/wp\/v2\/product"}],"about":[{"href":"https:\/\/compuviper.mx\/tienda\/wp-json\/wp\/v2\/types\/product"}],"replies":[{"embeddable":true,"href":"https:\/\/compuviper.mx\/tienda\/wp-json\/wp\/v2\/comments?post=227482"}],"wp:featuredmedia":[{"embeddable":true,"href":"https:\/\/compuviper.mx\/tienda\/wp-json\/wp\/v2\/media\/227483"}],"wp:attachment":[{"href":"https:\/\/compuviper.mx\/tienda\/wp-json\/wp\/v2\/media?parent=227482"}],"wp:term":[{"taxonomy":"product_cat","embeddable":true,"href":"https:\/\/compuviper.mx\/tienda\/wp-json\/wp\/v2\/product_cat?post=227482"},{"taxonomy":"product_tag","embeddable":true,"href":"https:\/\/compuviper.mx\/tienda\/wp-json\/wp\/v2\/product_tag?post=227482"}],"curies":[{"name":"wp","href":"https:\/\/api.w.org\/{rel}","templated":true}]}}